{"id":2243590,"date":"2025-07-28T20:43:23","date_gmt":"2025-07-28T20:43:23","guid":{"rendered":"https:\/\/teguar.com\/eu\/vorgezogenes-ersetzungsprogramm\/"},"modified":"2025-10-16T12:45:22","modified_gmt":"2025-10-16T12:45:22","slug":"vorgezogenes-ersetzungsprogramm","status":"publish","type":"page","link":"https:\/\/teguar.com\/eu\/de\/vorgezogenes-ersetzungsprogramm\/","title":{"rendered":"Vorgezogenes Ersetzungsprogramm"},"content":{"rendered":"\n<div style=\"height:58px\" aria-hidden=\"true\" class=\"wp-block-spacer\"><\/div>\n\n<div class=\"wp-block-columns is-layout-flex wp-container-core-columns-is-layout-9d6595d7 wp-block-columns-is-layout-flex\">\n<div class=\"wp-block-column is-layout-flow wp-block-column-is-layout-flow\">\n<h3 class=\"wp-block-heading has-text-align-center\" id=\"h-introducing-teguar-s-advance-replacement-program-a-solution-that-combines-the-benefits-of-our-nbsp-deluxe-warranty-nbsp-with-expedited-replacement-services-minimizing-disruptions-and-maximizing-efficiency\">Wir stellen Ihnen das Advance Replacement Program von Teguar vor &#8211; eine L\u00f6sung, die die Vorteile unserer <a href=\"https:\/\/teguar.com\/eu\/de\/deluxe-garantie-programm\/\">Deluxe-Garantie<\/a> mit einem schnellen Austauschservice kombiniert und so St\u00f6rungen minimiert und die Effizienz maximiert.<\/h3>\n<\/div>\n\n\n\n<div class=\"wp-block-column is-layout-flow wp-block-column-is-layout-flow\">\n<p class=\"has-text-align-center btn\" style=\"font-size: 30px; padding: 30px 40px;\"><a href=\"https:\/\/teguar.com\/eu\/wp-content\/uploads\/sites\/2\/2025\/07\/Teguar-Advanced-Replacement-One-Sheeter.pdf\" target=\"_blank\" rel=\"noopener\">Als PDF anzeigen<\/a><\/p>\n<\/div>\n<\/div>\n\n<div class=\"wp-block-columns is-layout-flex wp-container-core-columns-is-layout-9d6595d7 wp-block-columns-is-layout-flex\">\n<div class=\"wp-block-column is-layout-flow wp-block-column-is-layout-flow\">\n<ul class=\"wp-block-list\">\n<li><strong>SCHNELLER AUSTAUSCHPROZESS<\/strong>: Wenn Ihr defektes Ger\u00e4t bei Teguar eintrifft, wird sofort ein Ersatzger\u00e4t an Ihren Standort gesandt. So wird sichergestellt, dass Sie nur minimale Ausfallzeiten haben und Ihr Betrieb reibungslos weiterl\u00e4uft. <\/li>\n\n\n\n<li><strong>GEN\u00dcGENDES R\u00dcCKGABEFENSTER<\/strong>: Sie haben ein Zeitfenster von 10 Werktagen ab Lieferung des Ersatzger\u00e4tes, um das defekte Ger\u00e4t zur\u00fcckzusenden. Dank dieses flexiblen Zeitrahmens m\u00fcssen keine Ersatzteile vor Ort gelagert werden, was sowohl Platz als auch Kosten spart. <\/li>\n\n\n\n<li><strong>REDUZIERTE HASSLE<\/strong>: Verabschieden Sie sich von der l\u00e4stigen Verwaltung mehrerer Ersatzteile. Unser Programm bietet Ihnen eine nahtlose Alternative, die effizient, kosteng\u00fcnstig und m\u00fchelos ist. <\/li>\n\n\n\n<li><strong>VOLLKONFIGURIERTE GER\u00c4TE<\/strong>: Das Ersatzger\u00e4t, das Sie erhalten, ist vollst\u00e4ndig konfiguriert und einsatzbereit. Dadurch entf\u00e4llt jegliche zus\u00e4tzliche Einrichtungszeit, was einen nahtlosen \u00dcbergang gew\u00e4hrleistet. <\/li>\n<\/ul>\n<\/div>\n\n\n\n<div class=\"wp-block-column is-layout-flow wp-block-column-is-layout-flow\">\n<figure class=\"wp-block-image size-large\"><img loading=\"lazy\" decoding=\"async\" width=\"1024\" height=\"576\" src=\"https:\/\/teguar.com\/eu\/wp-content\/uploads\/sites\/2\/2025\/07\/Advance-Replacement-1024x576.jpg\" alt=\"Computertechniker Service mit Laptop auf Hardware Hintergrund.\" class=\"wp-image-2241817\" srcset=\"https:\/\/teguar.com\/eu\/wp-content\/uploads\/sites\/2\/2025\/07\/Advance-Replacement-1024x576.jpg 1024w, https:\/\/teguar.com\/eu\/wp-content\/uploads\/sites\/2\/2025\/07\/Advance-Replacement-300x169.jpg 300w, https:\/\/teguar.com\/eu\/wp-content\/uploads\/sites\/2\/2025\/07\/Advance-Replacement-768x432.jpg 768w, https:\/\/teguar.com\/eu\/wp-content\/uploads\/sites\/2\/2025\/07\/Advance-Replacement-1536x864.jpg 1536w, https:\/\/teguar.com\/eu\/wp-content\/uploads\/sites\/2\/2025\/07\/Advance-Replacement-2048x1152.jpg 2048w, https:\/\/teguar.com\/eu\/wp-content\/uploads\/sites\/2\/2025\/07\/Advance-Replacement-267x150.jpg 267w, https:\/\/teguar.com\/eu\/wp-content\/uploads\/sites\/2\/2025\/07\/Advance-Replacement-164x92.jpg 164w, https:\/\/teguar.com\/eu\/wp-content\/uploads\/sites\/2\/2025\/07\/Advance-Replacement-600x337.jpg 600w\" sizes=\"auto, (max-width: 1024px) 100vw, 1024px\" \/><\/figure>\n<\/div>\n<\/div>\n\n<ul class=\"wp-block-list\">\n<li><strong>SCHNELLE BEARBEITUNG DES SUPPORT-TICKETS<\/strong>: Er\u00f6ffnen Sie ein Support-Ticket, um einen Vorabaustausch anzufordern, und innerhalb von nur 1 Arbeitstag ist Ihr vollst\u00e4ndig konfiguriertes Ersatzger\u00e4t auf dem Weg.<\/li>\n\n\n\n<li><strong><a href=\"https:\/\/teguar.com\/eu\/de\/deluxe-garantie-programm\/\">DELUXE GARANTIE LEISTUNGEN<\/a><\/strong>: Das Advance Replacement Program umfasst alle Vorteile unserer Deluxe-Garantie und bietet Ihnen einen umfassenden Schutz f\u00fcr Ihre Ger\u00e4te.<\/li>\n<\/ul>\n\n<script charset=\"utf-8\" type=\"text\/javascript\" src=\"\/\/js.hsforms.net\/forms\/embed\/v2.js\"><\/script><script>hbspt.forms.create({\n    portalId: \"21497995\",\n    formId: \"b75b2a57-f9b0-4ed6-9f9b-bce081603673\",\n    region: \"na1\"\n  });\n<\/script>\n\n<div style=\"height:100px\" aria-hidden=\"true\" class=\"wp-block-spacer\"><\/div>\n\n<p><\/p>\n","protected":false},"excerpt":{"rendered":"<p>Wir stellen Ihnen das Advance Replacement Program von Teguar vor &#8211; eine L\u00f6sung, die die Vorteile unserer Deluxe-Garantie mit einem schnellen Austauschservice kombiniert und so St\u00f6rungen minimiert und die Effizienz maximiert. Als PDF anzeigen<\/p>\n","protected":false},"author":13,"featured_media":0,"parent":0,"menu_order":0,"comment_status":"closed","ping_status":"closed","template":"templates\/template-content-page.php","meta":{"_acf_changed":false,"footnotes":""},"class_list":["post-2243590","page","type-page","status-publish","hentry"],"acf":[],"yoast_head":"<!-- This site is optimized with the Yoast SEO Premium plugin v26.8 (Yoast SEO v27.2) - https:\/\/yoast.com\/product\/yoast-seo-premium-wordpress\/ -->\n<title>Vorgezogenes Ersetzungsprogramm - Teguar<\/title>\n<meta name=\"description\" content=\"Teguar&#039;s Advance Replacement Program - eine L\u00f6sung, die die Vorteile unserer Deluxe-Garantie mit einem beschleunigten Austauschservice kombiniert.\" \/>\n<meta name=\"robots\" content=\"index, follow, max-snippet:-1, max-image-preview:large, max-video-preview:-1\" \/>\n<link rel=\"canonical\" href=\"https:\/\/teguar.com\/eu\/de\/vorgezogenes-ersetzungsprogramm\/\" \/>\n<meta property=\"og:locale\" content=\"de_DE\" \/>\n<meta property=\"og:type\" content=\"article\" \/>\n<meta property=\"og:title\" content=\"Vorgezogenes Ersetzungsprogramm\" \/>\n<meta property=\"og:description\" content=\"Teguar&#039;s Advance Replacement Program - eine L\u00f6sung, die die Vorteile unserer Deluxe-Garantie mit einem beschleunigten Austauschservice kombiniert.\" \/>\n<meta property=\"og:url\" content=\"https:\/\/teguar.com\/eu\/de\/vorgezogenes-ersetzungsprogramm\/\" \/>\n<meta property=\"og:site_name\" content=\"Teguar\" \/>\n<meta property=\"article:modified_time\" content=\"2025-10-16T12:45:22+00:00\" \/>\n<meta property=\"og:image\" content=\"https:\/\/teguar.com\/eu\/wp-content\/uploads\/sites\/2\/2025\/07\/Advance-Replacement-1024x576.jpg\" \/>\n<meta name=\"twitter:card\" content=\"summary_large_image\" \/>\n<meta name=\"twitter:label1\" content=\"Gesch\u00e4tzte Lesezeit\" \/>\n\t<meta name=\"twitter:data1\" content=\"1\u00a0Minute\" \/>\n<script type=\"application\/ld+json\" class=\"yoast-schema-graph\">{\"@context\":\"https:\/\/schema.org\",\"@graph\":[{\"@type\":\"WebPage\",\"@id\":\"https:\/\/teguar.com\/eu\/de\/vorgezogenes-ersetzungsprogramm\/\",\"url\":\"https:\/\/teguar.com\/eu\/de\/vorgezogenes-ersetzungsprogramm\/\",\"name\":\"Vorgezogenes Ersetzungsprogramm - Teguar\",\"isPartOf\":{\"@id\":\"https:\/\/teguar.com\/eu\/en\/#website\"},\"primaryImageOfPage\":{\"@id\":\"https:\/\/teguar.com\/eu\/de\/vorgezogenes-ersetzungsprogramm\/#primaryimage\"},\"image\":{\"@id\":\"https:\/\/teguar.com\/eu\/de\/vorgezogenes-ersetzungsprogramm\/#primaryimage\"},\"thumbnailUrl\":\"https:\/\/teguar.com\/eu\/wp-content\/uploads\/sites\/2\/2025\/07\/Advance-Replacement-1024x576.jpg\",\"datePublished\":\"2025-07-28T20:43:23+00:00\",\"dateModified\":\"2025-10-16T12:45:22+00:00\",\"description\":\"Teguar's Advance Replacement Program - eine L\u00f6sung, die die Vorteile unserer Deluxe-Garantie mit einem beschleunigten Austauschservice kombiniert.\",\"breadcrumb\":{\"@id\":\"https:\/\/teguar.com\/eu\/de\/vorgezogenes-ersetzungsprogramm\/#breadcrumb\"},\"inLanguage\":\"de\",\"potentialAction\":[{\"@type\":\"ReadAction\",\"target\":[\"https:\/\/teguar.com\/eu\/de\/vorgezogenes-ersetzungsprogramm\/\"]}]},{\"@type\":\"ImageObject\",\"inLanguage\":\"de\",\"@id\":\"https:\/\/teguar.com\/eu\/de\/vorgezogenes-ersetzungsprogramm\/#primaryimage\",\"url\":\"https:\/\/teguar.com\/eu\/wp-content\/uploads\/sites\/2\/2025\/07\/Advance-Replacement-1024x576.jpg\",\"contentUrl\":\"https:\/\/teguar.com\/eu\/wp-content\/uploads\/sites\/2\/2025\/07\/Advance-Replacement-1024x576.jpg\"},{\"@type\":\"BreadcrumbList\",\"@id\":\"https:\/\/teguar.com\/eu\/de\/vorgezogenes-ersetzungsprogramm\/#breadcrumb\",\"itemListElement\":[{\"@type\":\"ListItem\",\"position\":1,\"name\":\"Home\",\"item\":\"https:\/\/teguar.com\/eu\/de\/\"},{\"@type\":\"ListItem\",\"position\":2,\"name\":\"Vorgezogenes Ersetzungsprogramm\"}]},{\"@type\":\"WebSite\",\"@id\":\"https:\/\/teguar.com\/eu\/en\/#website\",\"url\":\"https:\/\/teguar.com\/eu\/en\/\",\"name\":\"Teguar\",\"description\":\"Industrial PCs, Medical Computers, and Rugged Tablets\",\"potentialAction\":[{\"@type\":\"SearchAction\",\"target\":{\"@type\":\"EntryPoint\",\"urlTemplate\":\"https:\/\/teguar.com\/eu\/en\/?s={search_term_string}\"},\"query-input\":{\"@type\":\"PropertyValueSpecification\",\"valueRequired\":true,\"valueName\":\"search_term_string\"}}],\"inLanguage\":\"de\"}]}<\/script>\n<!-- \/ Yoast SEO Premium plugin. -->","yoast_head_json":{"title":"Vorgezogenes Ersetzungsprogramm - Teguar","description":"Teguar's Advance Replacement Program - eine L\u00f6sung, die die Vorteile unserer Deluxe-Garantie mit einem beschleunigten Austauschservice kombiniert.","robots":{"index":"index","follow":"follow","max-snippet":"max-snippet:-1","max-image-preview":"max-image-preview:large","max-video-preview":"max-video-preview:-1"},"canonical":"https:\/\/teguar.com\/eu\/de\/vorgezogenes-ersetzungsprogramm\/","og_locale":"de_DE","og_type":"article","og_title":"Vorgezogenes Ersetzungsprogramm","og_description":"Teguar's Advance Replacement Program - eine L\u00f6sung, die die Vorteile unserer Deluxe-Garantie mit einem beschleunigten Austauschservice kombiniert.","og_url":"https:\/\/teguar.com\/eu\/de\/vorgezogenes-ersetzungsprogramm\/","og_site_name":"Teguar","article_modified_time":"2025-10-16T12:45:22+00:00","og_image":[{"url":"https:\/\/teguar.com\/eu\/wp-content\/uploads\/sites\/2\/2025\/07\/Advance-Replacement-1024x576.jpg","type":"","width":"","height":""}],"twitter_card":"summary_large_image","twitter_misc":{"Gesch\u00e4tzte Lesezeit":"1\u00a0Minute"},"schema":{"@context":"https:\/\/schema.org","@graph":[{"@type":"WebPage","@id":"https:\/\/teguar.com\/eu\/de\/vorgezogenes-ersetzungsprogramm\/","url":"https:\/\/teguar.com\/eu\/de\/vorgezogenes-ersetzungsprogramm\/","name":"Vorgezogenes Ersetzungsprogramm - Teguar","isPartOf":{"@id":"https:\/\/teguar.com\/eu\/en\/#website"},"primaryImageOfPage":{"@id":"https:\/\/teguar.com\/eu\/de\/vorgezogenes-ersetzungsprogramm\/#primaryimage"},"image":{"@id":"https:\/\/teguar.com\/eu\/de\/vorgezogenes-ersetzungsprogramm\/#primaryimage"},"thumbnailUrl":"https:\/\/teguar.com\/eu\/wp-content\/uploads\/sites\/2\/2025\/07\/Advance-Replacement-1024x576.jpg","datePublished":"2025-07-28T20:43:23+00:00","dateModified":"2025-10-16T12:45:22+00:00","description":"Teguar's Advance Replacement Program - eine L\u00f6sung, die die Vorteile unserer Deluxe-Garantie mit einem beschleunigten Austauschservice kombiniert.","breadcrumb":{"@id":"https:\/\/teguar.com\/eu\/de\/vorgezogenes-ersetzungsprogramm\/#breadcrumb"},"inLanguage":"de","potentialAction":[{"@type":"ReadAction","target":["https:\/\/teguar.com\/eu\/de\/vorgezogenes-ersetzungsprogramm\/"]}]},{"@type":"ImageObject","inLanguage":"de","@id":"https:\/\/teguar.com\/eu\/de\/vorgezogenes-ersetzungsprogramm\/#primaryimage","url":"https:\/\/teguar.com\/eu\/wp-content\/uploads\/sites\/2\/2025\/07\/Advance-Replacement-1024x576.jpg","contentUrl":"https:\/\/teguar.com\/eu\/wp-content\/uploads\/sites\/2\/2025\/07\/Advance-Replacement-1024x576.jpg"},{"@type":"BreadcrumbList","@id":"https:\/\/teguar.com\/eu\/de\/vorgezogenes-ersetzungsprogramm\/#breadcrumb","itemListElement":[{"@type":"ListItem","position":1,"name":"Home","item":"https:\/\/teguar.com\/eu\/de\/"},{"@type":"ListItem","position":2,"name":"Vorgezogenes Ersetzungsprogramm"}]},{"@type":"WebSite","@id":"https:\/\/teguar.com\/eu\/en\/#website","url":"https:\/\/teguar.com\/eu\/en\/","name":"Teguar","description":"Industrial PCs, Medical Computers, and Rugged Tablets","potentialAction":[{"@type":"SearchAction","target":{"@type":"EntryPoint","urlTemplate":"https:\/\/teguar.com\/eu\/en\/?s={search_term_string}"},"query-input":{"@type":"PropertyValueSpecification","valueRequired":true,"valueName":"search_term_string"}}],"inLanguage":"de"}]}},"_links":{"self":[{"href":"https:\/\/teguar.com\/eu\/de\/wp-json\/wp\/v2\/pages\/2243590","targetHints":{"allow":["GET"]}}],"collection":[{"href":"https:\/\/teguar.com\/eu\/de\/wp-json\/wp\/v2\/pages"}],"about":[{"href":"https:\/\/teguar.com\/eu\/de\/wp-json\/wp\/v2\/types\/page"}],"author":[{"embeddable":true,"href":"https:\/\/teguar.com\/eu\/de\/wp-json\/wp\/v2\/users\/13"}],"replies":[{"embeddable":true,"href":"https:\/\/teguar.com\/eu\/de\/wp-json\/wp\/v2\/comments?post=2243590"}],"version-history":[{"count":1,"href":"https:\/\/teguar.com\/eu\/de\/wp-json\/wp\/v2\/pages\/2243590\/revisions"}],"predecessor-version":[{"id":2243592,"href":"https:\/\/teguar.com\/eu\/de\/wp-json\/wp\/v2\/pages\/2243590\/revisions\/2243592"}],"wp:attachment":[{"href":"https:\/\/teguar.com\/eu\/de\/wp-json\/wp\/v2\/media?parent=2243590"}],"curies":[{"name":"wp","href":"https:\/\/api.w.org\/{rel}","templated":true}]}}