{"id":2243581,"date":"2025-07-29T20:36:07","date_gmt":"2025-07-29T20:36:07","guid":{"rendered":"https:\/\/teguar.com\/eu\/verbesserte-dienstleistungen\/"},"modified":"2025-10-16T12:45:22","modified_gmt":"2025-10-16T12:45:22","slug":"verbesserte-dienstleistungen","status":"publish","type":"page","link":"https:\/\/teguar.com\/eu\/de\/verbesserte-dienstleistungen\/","title":{"rendered":"Verbesserte Dienstleistungen"},"content":{"rendered":"\n<p><strong>F\u00fcr ein besseres Kundenerlebnis sollten Sie die Enhanced Services von Teguar in Betracht ziehen. Diese Erweiterungen k\u00f6nnen in jede Bestellung aufgenommen werden und gew\u00e4hrleisten eine optimale Pflege Ihrer Einheiten. Mit einer Reihe von Optionen zu verschiedenen Preispunkten haben Sie die Flexibilit\u00e4t, das Niveau der Verbesserung zu w\u00e4hlen, das Ihren W\u00fcnschen entspricht. Hier sind die verf\u00fcgbaren Optionen:   <\/strong><\/p>\n\n<div class=\"wp-block-columns is-layout-flex wp-container-core-columns-is-layout-9d6595d7 wp-block-columns-is-layout-flex\">\n<div class=\"wp-block-column is-layout-flow wp-block-column-is-layout-flow\"><div class=\"wp-block-image\">\n<figure class=\"aligncenter size-large\"><img loading=\"lazy\" decoding=\"async\" width=\"1024\" height=\"767\" src=\"https:\/\/teguar.com\/eu\/wp-content\/uploads\/sites\/2\/2025\/07\/Deluxe-Warranty-Icon-1024x767.jpg\" alt=\"\" class=\"wp-image-2241918\"\/><\/figure>\n<\/div>\n\n\n<p class=\"has-text-align-center\"><a href=\"https:\/\/teguar.com\/eu\/de\/deluxe-garantie-programm\/\"><strong>Deluxe-Garantie-Programm<\/strong><\/a><\/p>\n\n\n\n<p>Wenn Sie ein h\u00f6heres Ma\u00df an Service und Schutz w\u00fcnschen, gibt es das Deluxe-Garantieprogramm von Teguar, das beschleunigte Bearbeitungszeiten f\u00fcr RMAs, lebenslangen Support und mehr beinhaltet.<\/p>\n<\/div>\n\n\n\n<div class=\"wp-block-column is-layout-flow wp-block-column-is-layout-flow\"><div class=\"wp-block-image\">\n<figure class=\"aligncenter size-large\"><img loading=\"lazy\" decoding=\"async\" width=\"1024\" height=\"767\" src=\"https:\/\/teguar.com\/eu\/wp-content\/uploads\/sites\/2\/2025\/07\/advance-replacement-thumbnail-1024x767.jpg\" alt=\"\" class=\"wp-image-2241923\"\/><\/figure>\n<\/div>\n\n\n<p class=\"has-text-align-center\"><a href=\"https:\/\/teguar.com\/eu\/de\/vorgezogenes-ersetzungsprogramm\/\"><strong>Vorgezogenes Ersetzungsprogramm<\/strong><\/a><\/p>\n\n\n\n<p>Dieses Programm ist eine L\u00f6sung, die die Vorteile unserer Deluxe-Garantie mit einem schnellen Austauschservice kombiniert und so Unterbrechungen minimiert und die Effizienz maximiert.<\/p>\n<\/div>\n\n\n\n<div class=\"wp-block-column is-layout-flow wp-block-column-is-layout-flow\"><div class=\"wp-block-image\">\n<figure class=\"aligncenter size-large\"><img loading=\"lazy\" decoding=\"async\" width=\"1024\" height=\"767\" src=\"https:\/\/teguar.com\/eu\/wp-content\/uploads\/sites\/2\/2025\/07\/Expedited-Repair-Icon-1024x767.jpg\" alt=\"\" class=\"wp-image-2241916\"\/><\/figure>\n<\/div>\n\n\n<p class=\"has-text-align-center\"><a href=\"https:\/\/teguar.com\/eu\/de\/programm-fuer-beschleunigte-reparaturen\/\"><strong>Programm f\u00fcr beschleunigte Reparaturen<\/strong><\/a><\/p>\n\n\n\n<p>Unser Expedited Repair Program bietet Unterst\u00fctzung f\u00fcr zeitkritische Projekte, die eine schnelle Reparatur erfordern. Anstelle mehrerer Reparaturkosten bietet diese Garantie eine einzige Zahlung f\u00fcr die Dauer Ihrer Garantie. <\/p>\n<\/div>\n<\/div>\n\n<div class=\"wp-block-columns is-layout-flex wp-container-core-columns-is-layout-9d6595d7 wp-block-columns-is-layout-flex\">\n<div class=\"wp-block-column is-layout-flow wp-block-column-is-layout-flow\"><div class=\"wp-block-image\">\n<figure class=\"aligncenter size-large\"><img loading=\"lazy\" decoding=\"async\" width=\"1024\" height=\"767\" src=\"https:\/\/teguar.com\/eu\/wp-content\/uploads\/sites\/2\/2025\/07\/Custom-Bios-Icon-1024x767.jpg\" alt=\"\" class=\"wp-image-2241922\"\/><\/figure>\n<\/div>\n\n\n<p class=\"has-text-align-center\"><a href=\"https:\/\/teguar.com\/eu\/de\/benutzerdefiniertes-bios-programm\/\"><strong>Benutzerdefiniertes BIOS-Programm<\/strong><\/a><\/p>\n\n\n\n<p>Mit dem Custom BIOS Program von Teguar arbeitet unser Team eng mit Ihnen zusammen, um individuelle \u00c4nderungen an den werkseitigen BIOS-Standardeinstellungen vorzunehmen und so sicherzustellen, dass Ihr Produkt Ihren spezifischen Anforderungen entspricht.<\/p>\n<\/div>\n\n\n\n<div class=\"wp-block-column is-layout-flow wp-block-column-is-layout-flow\"><div class=\"wp-block-image\">\n<figure class=\"aligncenter size-full\"><img loading=\"lazy\" decoding=\"async\" width=\"1000\" height=\"749\" src=\"https:\/\/teguar.com\/eu\/wp-content\/uploads\/sites\/2\/2025\/07\/Refresh-Program-Icon-e1729609327842.jpg\" alt=\"\" class=\"wp-image-2241921\" srcset=\"https:\/\/teguar.com\/eu\/wp-content\/uploads\/sites\/2\/2025\/07\/Refresh-Program-Icon-e1729609327842.jpg 1000w, https:\/\/teguar.com\/eu\/wp-content\/uploads\/sites\/2\/2025\/07\/Refresh-Program-Icon-e1729609327842-300x225.jpg 300w, https:\/\/teguar.com\/eu\/wp-content\/uploads\/sites\/2\/2025\/07\/Refresh-Program-Icon-e1729609327842-768x575.jpg 768w, https:\/\/teguar.com\/eu\/wp-content\/uploads\/sites\/2\/2025\/07\/Refresh-Program-Icon-e1729609327842-200x150.jpg 200w, https:\/\/teguar.com\/eu\/wp-content\/uploads\/sites\/2\/2025\/07\/Refresh-Program-Icon-e1729609327842-164x123.jpg 164w, https:\/\/teguar.com\/eu\/wp-content\/uploads\/sites\/2\/2025\/07\/Refresh-Program-Icon-e1729609327842-600x449.jpg 600w\" sizes=\"auto, (max-width: 1000px) 100vw, 1000px\" \/><\/figure>\n<\/div>\n\n\n<p class=\"has-text-align-center\"><a href=\"https:\/\/teguar.com\/eu\/de\/programm-auffrischen\/\"><strong>Programm auffrischen<\/strong><\/a><\/p>\n\n\n\n<p>Das Refresh-Programm bietet Ihnen die M\u00f6glichkeit, Ihre aktuellen Ger\u00e4te durch neue Komponenten aufzur\u00fcsten und zu optimieren, ohne dass Sie in brandneue Ger\u00e4te investieren m\u00fcssen.<\/p>\n<\/div>\n\n\n\n<div class=\"wp-block-column is-layout-flow wp-block-column-is-layout-flow\"><div class=\"wp-block-image\">\n<figure class=\"aligncenter size-large\"><img loading=\"lazy\" decoding=\"async\" width=\"1024\" height=\"767\" src=\"https:\/\/teguar.com\/eu\/wp-content\/uploads\/sites\/2\/2025\/07\/Custom-Imaging-Icon-1024x767.jpg\" alt=\"\" class=\"wp-image-2241919\"\/><\/figure>\n<\/div>\n\n\n<p class=\"has-text-align-center\"><a href=\"https:\/\/teguar.com\/eu\/de\/benutzerdefiniertes-bildgebungsprogramm\/\"><strong>Benutzerdefiniertes Bildgebungsprogramm<\/strong><\/a><\/p>\n\n\n\n<p>Dieses Programm bietet einen nahtlosen Prozess, um Ihr gew\u00fcnschtes Systemabbild zu erfassen, Anpassungen zu automatisieren und es auf allen Ihren Computern zu verteilen.<\/p>\n<\/div>\n<\/div>\n\n<div class=\"wp-block-columns is-layout-flex wp-container-core-columns-is-layout-9d6595d7 wp-block-columns-is-layout-flex\">\n<div class=\"wp-block-column is-layout-flow wp-block-column-is-layout-flow\"><div class=\"wp-block-image\">\n<figure class=\"aligncenter size-large\"><img loading=\"lazy\" decoding=\"async\" width=\"1024\" height=\"767\" src=\"https:\/\/teguar.com\/eu\/wp-content\/uploads\/sites\/2\/2025\/07\/Post-Sale-Extended-Warranty-Icon-1024x767.jpg\" alt=\"\" class=\"wp-image-2241917\"\/><\/figure>\n<\/div>\n\n\n<p class=\"has-text-align-center\"><a href=\"https:\/\/teguar.com\/eu\/de\/erweiterte-nachverkaufsgarantie\/\"><strong>Erweiterte Nachverkaufsgarantie<\/strong><\/a><\/p>\n\n\n\n<p>Sichern Sie die Langlebigkeit Ihrer Investition mit der erweiterten Nachkaufgarantie von Teguar. Erh\u00f6hen Sie Ihren Seelenfrieden, indem Sie Ihre Garantien \u00fcber den urspr\u00fcnglichen Kauf hinaus verl\u00e4ngern. <\/p>\n<\/div>\n\n\n\n<div class=\"wp-block-column is-layout-flow wp-block-column-is-layout-flow\"><div class=\"wp-block-image\">\n<figure class=\"aligncenter size-large\"><img loading=\"lazy\" decoding=\"async\" width=\"1024\" height=\"767\" src=\"https:\/\/teguar.com\/eu\/wp-content\/uploads\/sites\/2\/2025\/07\/Icon-1024x767.jpg\" alt=\"\" class=\"wp-image-2241924\"\/><\/figure>\n<\/div>\n\n\n<p class=\"has-text-align-center\"><a href=\"https:\/\/teguar.com\/eu\/de\/erweiterte-standard-garantie\/\"><strong>Erweiterte Standard-Garantie<\/strong><\/a><\/p>\n\n\n\n<p>Mit unserer Standard-Garantieverl\u00e4ngerung genie\u00dfen Sie die Vorteile eines erweiterten Schutzes, finanzieller Sicherheit und Seelenfrieden, w\u00e4hrend Sie gleichzeitig mehr Zeit und weniger \u00c4rger sparen.  <\/p>\n<\/div>\n\n\n\n<div class=\"wp-block-column is-layout-flow wp-block-column-is-layout-flow\">\n<p>Wenn Sie mehr \u00fcber diese Services erfahren m\u00f6chten, wenden Sie sich an Ihren zust\u00e4ndigen Vertriebsmitarbeiter, um umfassende Informationen zu erhalten. Sie k\u00f6nnen sich auch direkt an uns wenden, indem Sie <g id=\"gid_0\">uns anrufen oder uns online kontaktieren<\/g>. Wir freuen uns darauf, Ihnen bei allen Anfragen oder zus\u00e4tzlichen Details behilflich zu sein!  <\/p>\n<\/div>\n<\/div>\n\n<script charset=\"utf-8\" type=\"text\/javascript\" src=\"\/\/js.hsforms.net\/forms\/embed\/v2.js\"><\/script><script>hbspt.forms.create({\n    portalId: \"21497995\",\n    formId: \"b75b2a57-f9b0-4ed6-9f9b-bce081603673\",\n    region: \"na1\"\n  });\n<\/script>\n","protected":false},"excerpt":{"rendered":"<p>F\u00fcr ein besseres Kundenerlebnis sollten Sie die Enhanced Services von Teguar in Betracht ziehen. Diese Erweiterungen k\u00f6nnen in jede Bestellung aufgenommen werden und gew\u00e4hrleisten eine optimale Pflege Ihrer Einheiten. Mit einer Reihe von Optionen zu verschiedenen Preispunkten haben Sie die Flexibilit\u00e4t, das Niveau der Verbesserung zu w\u00e4hlen, das Ihren W\u00fcnschen entspricht. Hier sind die verf\u00fcgbaren [&hellip;]<\/p>\n","protected":false},"author":4,"featured_media":0,"parent":0,"menu_order":0,"comment_status":"closed","ping_status":"closed","template":"templates\/template-content-page.php","meta":{"_acf_changed":false,"footnotes":""},"class_list":["post-2243581","page","type-page","status-publish","hentry"],"acf":[],"yoast_head":"<!-- This site is optimized with the Yoast SEO Premium plugin v26.8 (Yoast SEO v27.2) - https:\/\/yoast.com\/product\/yoast-seo-premium-wordpress\/ -->\n<title>Verbesserte Dienstleistungen - Teguar<\/title>\n<meta name=\"description\" content=\"F\u00fcr ein verbessertes Kundenerlebnis sollten Sie die Enhanced Services von Teguar in Betracht ziehen. Diese Erweiterungen k\u00f6nnen in jede Bestellung aufgenommen werden.\" \/>\n<meta name=\"robots\" content=\"index, follow, max-snippet:-1, max-image-preview:large, max-video-preview:-1\" \/>\n<link rel=\"canonical\" href=\"https:\/\/teguar.com\/eu\/de\/verbesserte-dienstleistungen\/\" \/>\n<meta property=\"og:locale\" content=\"de_DE\" \/>\n<meta property=\"og:type\" content=\"article\" \/>\n<meta property=\"og:title\" content=\"Verbesserte Dienstleistungen\" \/>\n<meta property=\"og:description\" content=\"F\u00fcr ein verbessertes Kundenerlebnis sollten Sie die Enhanced Services von Teguar in Betracht ziehen. Diese Erweiterungen k\u00f6nnen in jede Bestellung aufgenommen werden.\" \/>\n<meta property=\"og:url\" content=\"https:\/\/teguar.com\/eu\/de\/verbesserte-dienstleistungen\/\" \/>\n<meta property=\"og:site_name\" content=\"Teguar\" \/>\n<meta property=\"article:modified_time\" content=\"2025-10-16T12:45:22+00:00\" \/>\n<meta property=\"og:image\" content=\"https:\/\/teguar.com\/eu\/wp-content\/uploads\/sites\/2\/2025\/07\/Deluxe-Warranty-Icon-1024x767.jpg\" \/>\n<meta name=\"twitter:card\" content=\"summary_large_image\" \/>\n<meta name=\"twitter:label1\" content=\"Gesch\u00e4tzte Lesezeit\" \/>\n\t<meta name=\"twitter:data1\" content=\"2\u00a0Minuten\" \/>\n<script type=\"application\/ld+json\" class=\"yoast-schema-graph\">{\"@context\":\"https:\/\/schema.org\",\"@graph\":[{\"@type\":\"WebPage\",\"@id\":\"https:\/\/teguar.com\/eu\/de\/verbesserte-dienstleistungen\/\",\"url\":\"https:\/\/teguar.com\/eu\/de\/verbesserte-dienstleistungen\/\",\"name\":\"Verbesserte Dienstleistungen - Teguar\",\"isPartOf\":{\"@id\":\"https:\/\/teguar.com\/eu\/en\/#website\"},\"primaryImageOfPage\":{\"@id\":\"https:\/\/teguar.com\/eu\/de\/verbesserte-dienstleistungen\/#primaryimage\"},\"image\":{\"@id\":\"https:\/\/teguar.com\/eu\/de\/verbesserte-dienstleistungen\/#primaryimage\"},\"thumbnailUrl\":\"https:\/\/teguar.com\/eu\/wp-content\/uploads\/sites\/2\/2025\/07\/Deluxe-Warranty-Icon-1024x767.jpg\",\"datePublished\":\"2025-07-29T20:36:07+00:00\",\"dateModified\":\"2025-10-16T12:45:22+00:00\",\"description\":\"F\u00fcr ein verbessertes Kundenerlebnis sollten Sie die Enhanced Services von Teguar in Betracht ziehen. Diese Erweiterungen k\u00f6nnen in jede Bestellung aufgenommen werden.\",\"breadcrumb\":{\"@id\":\"https:\/\/teguar.com\/eu\/de\/verbesserte-dienstleistungen\/#breadcrumb\"},\"inLanguage\":\"de\",\"potentialAction\":[{\"@type\":\"ReadAction\",\"target\":[\"https:\/\/teguar.com\/eu\/de\/verbesserte-dienstleistungen\/\"]}]},{\"@type\":\"ImageObject\",\"inLanguage\":\"de\",\"@id\":\"https:\/\/teguar.com\/eu\/de\/verbesserte-dienstleistungen\/#primaryimage\",\"url\":\"https:\/\/teguar.com\/eu\/wp-content\/uploads\/sites\/2\/2025\/07\/Deluxe-Warranty-Icon-1024x767.jpg\",\"contentUrl\":\"https:\/\/teguar.com\/eu\/wp-content\/uploads\/sites\/2\/2025\/07\/Deluxe-Warranty-Icon-1024x767.jpg\"},{\"@type\":\"BreadcrumbList\",\"@id\":\"https:\/\/teguar.com\/eu\/de\/verbesserte-dienstleistungen\/#breadcrumb\",\"itemListElement\":[{\"@type\":\"ListItem\",\"position\":1,\"name\":\"Home\",\"item\":\"https:\/\/teguar.com\/eu\/de\/\"},{\"@type\":\"ListItem\",\"position\":2,\"name\":\"Verbesserte Dienstleistungen\"}]},{\"@type\":\"WebSite\",\"@id\":\"https:\/\/teguar.com\/eu\/en\/#website\",\"url\":\"https:\/\/teguar.com\/eu\/en\/\",\"name\":\"Teguar\",\"description\":\"Industrial PCs, Medical Computers, and Rugged Tablets\",\"potentialAction\":[{\"@type\":\"SearchAction\",\"target\":{\"@type\":\"EntryPoint\",\"urlTemplate\":\"https:\/\/teguar.com\/eu\/en\/?s={search_term_string}\"},\"query-input\":{\"@type\":\"PropertyValueSpecification\",\"valueRequired\":true,\"valueName\":\"search_term_string\"}}],\"inLanguage\":\"de\"}]}<\/script>\n<!-- \/ Yoast SEO Premium plugin. -->","yoast_head_json":{"title":"Verbesserte Dienstleistungen - Teguar","description":"F\u00fcr ein verbessertes Kundenerlebnis sollten Sie die Enhanced Services von Teguar in Betracht ziehen. Diese Erweiterungen k\u00f6nnen in jede Bestellung aufgenommen werden.","robots":{"index":"index","follow":"follow","max-snippet":"max-snippet:-1","max-image-preview":"max-image-preview:large","max-video-preview":"max-video-preview:-1"},"canonical":"https:\/\/teguar.com\/eu\/de\/verbesserte-dienstleistungen\/","og_locale":"de_DE","og_type":"article","og_title":"Verbesserte Dienstleistungen","og_description":"F\u00fcr ein verbessertes Kundenerlebnis sollten Sie die Enhanced Services von Teguar in Betracht ziehen. Diese Erweiterungen k\u00f6nnen in jede Bestellung aufgenommen werden.","og_url":"https:\/\/teguar.com\/eu\/de\/verbesserte-dienstleistungen\/","og_site_name":"Teguar","article_modified_time":"2025-10-16T12:45:22+00:00","og_image":[{"url":"https:\/\/teguar.com\/eu\/wp-content\/uploads\/sites\/2\/2025\/07\/Deluxe-Warranty-Icon-1024x767.jpg","type":"","width":"","height":""}],"twitter_card":"summary_large_image","twitter_misc":{"Gesch\u00e4tzte Lesezeit":"2\u00a0Minuten"},"schema":{"@context":"https:\/\/schema.org","@graph":[{"@type":"WebPage","@id":"https:\/\/teguar.com\/eu\/de\/verbesserte-dienstleistungen\/","url":"https:\/\/teguar.com\/eu\/de\/verbesserte-dienstleistungen\/","name":"Verbesserte Dienstleistungen - Teguar","isPartOf":{"@id":"https:\/\/teguar.com\/eu\/en\/#website"},"primaryImageOfPage":{"@id":"https:\/\/teguar.com\/eu\/de\/verbesserte-dienstleistungen\/#primaryimage"},"image":{"@id":"https:\/\/teguar.com\/eu\/de\/verbesserte-dienstleistungen\/#primaryimage"},"thumbnailUrl":"https:\/\/teguar.com\/eu\/wp-content\/uploads\/sites\/2\/2025\/07\/Deluxe-Warranty-Icon-1024x767.jpg","datePublished":"2025-07-29T20:36:07+00:00","dateModified":"2025-10-16T12:45:22+00:00","description":"F\u00fcr ein verbessertes Kundenerlebnis sollten Sie die Enhanced Services von Teguar in Betracht ziehen. Diese Erweiterungen k\u00f6nnen in jede Bestellung aufgenommen werden.","breadcrumb":{"@id":"https:\/\/teguar.com\/eu\/de\/verbesserte-dienstleistungen\/#breadcrumb"},"inLanguage":"de","potentialAction":[{"@type":"ReadAction","target":["https:\/\/teguar.com\/eu\/de\/verbesserte-dienstleistungen\/"]}]},{"@type":"ImageObject","inLanguage":"de","@id":"https:\/\/teguar.com\/eu\/de\/verbesserte-dienstleistungen\/#primaryimage","url":"https:\/\/teguar.com\/eu\/wp-content\/uploads\/sites\/2\/2025\/07\/Deluxe-Warranty-Icon-1024x767.jpg","contentUrl":"https:\/\/teguar.com\/eu\/wp-content\/uploads\/sites\/2\/2025\/07\/Deluxe-Warranty-Icon-1024x767.jpg"},{"@type":"BreadcrumbList","@id":"https:\/\/teguar.com\/eu\/de\/verbesserte-dienstleistungen\/#breadcrumb","itemListElement":[{"@type":"ListItem","position":1,"name":"Home","item":"https:\/\/teguar.com\/eu\/de\/"},{"@type":"ListItem","position":2,"name":"Verbesserte Dienstleistungen"}]},{"@type":"WebSite","@id":"https:\/\/teguar.com\/eu\/en\/#website","url":"https:\/\/teguar.com\/eu\/en\/","name":"Teguar","description":"Industrial PCs, Medical Computers, and Rugged Tablets","potentialAction":[{"@type":"SearchAction","target":{"@type":"EntryPoint","urlTemplate":"https:\/\/teguar.com\/eu\/en\/?s={search_term_string}"},"query-input":{"@type":"PropertyValueSpecification","valueRequired":true,"valueName":"search_term_string"}}],"inLanguage":"de"}]}},"_links":{"self":[{"href":"https:\/\/teguar.com\/eu\/de\/wp-json\/wp\/v2\/pages\/2243581","targetHints":{"allow":["GET"]}}],"collection":[{"href":"https:\/\/teguar.com\/eu\/de\/wp-json\/wp\/v2\/pages"}],"about":[{"href":"https:\/\/teguar.com\/eu\/de\/wp-json\/wp\/v2\/types\/page"}],"author":[{"embeddable":true,"href":"https:\/\/teguar.com\/eu\/de\/wp-json\/wp\/v2\/users\/4"}],"replies":[{"embeddable":true,"href":"https:\/\/teguar.com\/eu\/de\/wp-json\/wp\/v2\/comments?post=2243581"}],"version-history":[{"count":1,"href":"https:\/\/teguar.com\/eu\/de\/wp-json\/wp\/v2\/pages\/2243581\/revisions"}],"predecessor-version":[{"id":2243593,"href":"https:\/\/teguar.com\/eu\/de\/wp-json\/wp\/v2\/pages\/2243581\/revisions\/2243593"}],"wp:attachment":[{"href":"https:\/\/teguar.com\/eu\/de\/wp-json\/wp\/v2\/media?parent=2243581"}],"curies":[{"name":"wp","href":"https:\/\/api.w.org\/{rel}","templated":true}]}}