{"id":2243578,"date":"2025-07-28T20:16:35","date_gmt":"2025-07-28T20:16:35","guid":{"rendered":"https:\/\/teguar.com\/eu\/oem-odm-zertifizierungen-fuer-industrielle-und-medizinische-computer\/"},"modified":"2025-10-16T12:45:21","modified_gmt":"2025-10-16T12:45:21","slug":"oem-odm-zertifizierungen-fuer-industrielle-und-medizinische-computer","status":"publish","type":"page","link":"https:\/\/teguar.com\/eu\/de\/oem-odm-zertifizierungen-fuer-industrielle-und-medizinische-computer\/","title":{"rendered":"OEM\/ODM-Zertifizierungen f\u00fcr industrielle und medizinische Computer"},"content":{"rendered":"\n<div style=\"height:51px\" aria-hidden=\"true\" class=\"wp-block-spacer\"><\/div>\n\n<div class=\"wp-block-columns is-layout-flex wp-container-core-columns-is-layout-9d6595d7 wp-block-columns-is-layout-flex\">\n<div class=\"wp-block-column is-layout-flow wp-block-column-is-layout-flow\">\n<p>In der dynamischen Welt der Industrie- und Medizintechnik ist es entscheidend, bei Protokollen und Verfahren auf dem richtigen Weg zu bleiben. Hier kommt <a href=\"https:\/\/teguar.com\/eu\/\">Teguar<\/a> als zuverl\u00e4ssiger Partner ins Spiel. Teguar ist ein anerkannter Marktf\u00fchrer bei der Bereitstellung robuster industrieller und medizinischer Computerl\u00f6sungen, die den h\u00f6chsten Qualit\u00e4ts- und Konformit\u00e4tsstandards gen\u00fcgen. Teguar hat das OEM\/ODMs&#8216; Industrial and Medical Computer Certification Handbook entwickelt, ein Handbuch, das Fachleuten hilft, sich in der komplizierten Welt der Zertifizierungen und der Einhaltung von Vorschriften zurechtzufinden.   <\/p>\n<\/div>\n\n\n\n<div class=\"wp-block-column is-layout-flow wp-block-column-is-layout-flow\">\n<p class=\"has-text-align-center btn\" style=\"font-size: 30px; padding: 30px 40px;\"><a href=\"https:\/\/teguar.com\/eu\/wp-content\/uploads\/sites\/2\/2025\/07\/Teguar-OEM_ODM-Certifications-Downloadable.pdf\" target=\"_blank\" rel=\"noopener\">Holen Sie sich das Handbuch<\/a><\/p>\n<\/div>\n<\/div>\n\n<p>Ganz gleich, ob Sie mit der Entwicklung, der Produktion oder dem Vertrieb von medizinischen Ger\u00e4ten oder Industrieanlagen zu tun haben, das Fachwissen von Teguar ist eine unsch\u00e4tzbare Ressource f\u00fcr Sie. Als Unternehmen, das sich der F\u00f6rderung von Innovationen und der Gew\u00e4hrleistung h\u00f6chster Sicherheit und Qualit\u00e4t bei jedem Produkt verschrieben hat, stellt Ihnen Teguar mit diesem unentbehrlichen Handbuch seinen Wissensschatz zur Verf\u00fcgung. <br\/><br\/>Dieses Handbuch enth\u00e4lt die wichtigsten Richtlinien und Standards, die \u00fcber Ihren Weg zu Spitzenleistungen entscheiden k\u00f6nnen. Lassen Sie uns einen genaueren Blick auf einige dieser wichtigen Zertifizierungen werfen <\/p>\n\n<ul class=\"wp-block-list\">\n<li><strong>ISO 13485<\/strong> &#8211; Qualit\u00e4tsmanagementsystem f\u00fcr Medizinprodukte: ISO 13485 ist eine internationale Norm, die die Anforderungen an ein Qualit\u00e4tsmanagementsystem f\u00fcr Organisationen festlegt, die an der Entwicklung, der Herstellung und dem Vertrieb von Medizinprodukten beteiligt sind.<\/li>\n<\/ul>\n\n<div class=\"wp-block-columns is-layout-flex wp-container-core-columns-is-layout-9d6595d7 wp-block-columns-is-layout-flex\">\n<div class=\"wp-block-column is-layout-flow wp-block-column-is-layout-flow\">\n<ul class=\"wp-block-list\">\n<li><strong>ISO 9001<\/strong> &#8211; Norm f\u00fcr Qualit\u00e4tsmanagementsysteme: ISO 9001 legt die Kriterien f\u00fcr ein Qualit\u00e4tsmanagementsystem fest und basiert auf einer Reihe von Qualit\u00e4tsmanagement-Prinzipien, darunter starke Kundenorientierung und kontinuierliche Verbesserung.<\/li>\n\n\n\n<li><strong>UL 60601-1<\/strong> &#8211; Sicherheit und Leistung von medizinischen elektrischen Ger\u00e4ten: UL 60601-1 ist eine Sicherheitsnorm, die sich mit den elektrischen und sicherheitstechnischen Anforderungen f\u00fcr medizinische elektrische Ger\u00e4te befasst.<\/li>\n\n\n\n<li><strong>IEC 60601-1<\/strong> &#8211; Sicherheitsnorm f\u00fcr medizinische elektrische Ger\u00e4te: IEC 60601-1 ist eine internationale Norm, die sich mit der grundlegenden Sicherheit und den wesentlichen Leistungsmerkmalen von medizinischen elektrischen Ger\u00e4ten befasst.<\/li>\n\n\n\n<li><strong>EN 60601-1<\/strong> &#8211; Europ\u00e4ische Norm f\u00fcr die Sicherheit von Medizinprodukten: EN 60601-1 ist das europ\u00e4ische \u00c4quivalent zu IEC 60601-1 und ist speziell auf die Einhaltung der europ\u00e4ischen Vorschriften zugeschnitten.<\/li>\n\n\n\n<li><strong>CE-Kennzeichnung<\/strong> &#8211; Conformit\u00e9 Europ\u00e9ene f\u00fcr den europ\u00e4ischen Marktzugang: Die CE-Kennzeichnung ist ein Zertifizierungszeichen, das die Konformit\u00e4t mit Gesundheits-, Sicherheits- und Umweltschutznormen f\u00fcr Produkte anzeigt, die im Europ\u00e4ischen Wirtschaftsraum (EWR) verkauft werden.<\/li>\n<\/ul>\n<\/div>\n\n\n\n<div class=\"wp-block-column is-layout-flow wp-block-column-is-layout-flow\">\n<figure class=\"wp-block-image size-large\"><img loading=\"lazy\" decoding=\"async\" width=\"1024\" height=\"675\" src=\"https:\/\/teguar.com\/eu\/wp-content\/uploads\/sites\/2\/2025\/07\/OEMODM-Certifications-1024x675.jpg\" alt=\"Mann schraubt die Hauptplatine eines Laptops ab.\" class=\"wp-image-2241772\" srcset=\"https:\/\/teguar.com\/eu\/wp-content\/uploads\/sites\/2\/2025\/07\/OEMODM-Certifications-1024x675.jpg 1024w, https:\/\/teguar.com\/eu\/wp-content\/uploads\/sites\/2\/2025\/07\/OEMODM-Certifications-300x198.jpg 300w, https:\/\/teguar.com\/eu\/wp-content\/uploads\/sites\/2\/2025\/07\/OEMODM-Certifications-768x506.jpg 768w, https:\/\/teguar.com\/eu\/wp-content\/uploads\/sites\/2\/2025\/07\/OEMODM-Certifications-228x150.jpg 228w, https:\/\/teguar.com\/eu\/wp-content\/uploads\/sites\/2\/2025\/07\/OEMODM-Certifications-164x108.jpg 164w, https:\/\/teguar.com\/eu\/wp-content\/uploads\/sites\/2\/2025\/07\/OEMODM-Certifications-600x395.jpg 600w, https:\/\/teguar.com\/eu\/wp-content\/uploads\/sites\/2\/2025\/07\/OEMODM-Certifications.jpg 1261w\" sizes=\"auto, (max-width: 1024px) 100vw, 1024px\" \/><\/figure>\n<\/div>\n<\/div>\n\n<ul class=\"wp-block-list\">\n<li><strong>FCC Teil 15<\/strong> &#8211; Federal Communications Commission (FCC) EMI\/EMC-Konformit\u00e4t: FCC Teil 15 legt Grenzwerte f\u00fcr elektromagnetische St\u00f6rungen durch digitale Ger\u00e4te fest, um die ordnungsgem\u00e4\u00dfe Funktion von elektronischen Ger\u00e4ten zu gew\u00e4hrleisten.<\/li>\n<\/ul>\n\n<div class=\"wp-block-columns is-layout-flex wp-container-core-columns-is-layout-9d6595d7 wp-block-columns-is-layout-flex\">\n<div class=\"wp-block-column is-layout-flow wp-block-column-is-layout-flow\">\n<figure class=\"wp-block-image size-full\"><img loading=\"lazy\" decoding=\"async\" width=\"640\" height=\"440\" src=\"https:\/\/teguar.com\/eu\/wp-content\/uploads\/sites\/2\/2025\/07\/Certs-1.jpg\" alt=\"Reach-Konformit&#xE4;t, RoHS-konform, NEMA, Ex\" class=\"wp-image-2241773\" srcset=\"https:\/\/teguar.com\/eu\/wp-content\/uploads\/sites\/2\/2025\/07\/Certs-1.jpg 640w, https:\/\/teguar.com\/eu\/wp-content\/uploads\/sites\/2\/2025\/07\/Certs-1-300x206.jpg 300w, https:\/\/teguar.com\/eu\/wp-content\/uploads\/sites\/2\/2025\/07\/Certs-1-218x150.jpg 218w, https:\/\/teguar.com\/eu\/wp-content\/uploads\/sites\/2\/2025\/07\/Certs-1-164x113.jpg 164w, https:\/\/teguar.com\/eu\/wp-content\/uploads\/sites\/2\/2025\/07\/Certs-1-600x413.jpg 600w\" sizes=\"auto, (max-width: 640px) 100vw, 640px\" \/><\/figure>\n<\/div>\n\n\n\n<div class=\"wp-block-column is-layout-flow wp-block-column-is-layout-flow\">\n<ul class=\"wp-block-list\">\n<li><strong>REACH <\/strong>&#8211; Registrierung, Evaluierung, Autorisierung und Beschr\u00e4nkung von Chemikalien (EU): REACH ist eine Verordnung, die sich mit der Herstellung und Verwendung von chemischen Stoffen befasst, um deren sichere Handhabung zu gew\u00e4hrleisten.<\/li>\n\n\n\n<li><strong>RoHS<\/strong> &#8211; Restriction of Hazardous Substances (EU) &#8211; Richtlinie zur Beschr\u00e4nkung gef\u00e4hrlicher Stoffe: RoHS schr\u00e4nkt die Verwendung bestimmter gef\u00e4hrlicher Stoffe in elektrischen und elektronischen Ger\u00e4ten ein, um die menschliche Gesundheit und die Umwelt zu sch\u00fctzen.<\/li>\n\n\n\n<li><strong>ATEX<\/strong> &#8211; Ger\u00e4te und Schutzsysteme f\u00fcr den Einsatz in explosionsgef\u00e4hrdeten Bereichen (EU): Die ATEX-Zertifizierung ist f\u00fcr Ger\u00e4te und Schutzsysteme erforderlich, die f\u00fcr die Verwendung in explosionsgef\u00e4hrdeten Bereichen innerhalb der Europ\u00e4ischen Union bestimmt sind.<\/li>\n\n\n\n<li><strong>NEMA<\/strong> &#8211; National Electrical Manufacturers Association Bewertungen (NEMA): NEMA-Bewertungen bieten standardisierte Klassifizierungen f\u00fcr elektrische Geh\u00e4use, die deren Eignung f\u00fcr bestimmte Umgebungen angeben.<\/li>\n<\/ul>\n<\/div>\n<\/div>\n\n<ul class=\"wp-block-list\">\n<li><strong>IP-Schutzklassen<\/strong> &#8211; Schutzklassen f\u00fcr Staub- und Wasserdichtigkeit: IP-Ratings klassifizieren den Grad des Schutzes von Geh\u00e4usen gegen das Eindringen von Staub und Wasser.<\/li>\n\n\n\n<li><strong>MIL-STD-810<\/strong> &#8211; Milit\u00e4rischer Standard f\u00fcr Umwelttests: MIL-STD-810 umrei\u00dft Umwelttestverfahren und -methoden, um die Haltbarkeit von Ausr\u00fcstung unter verschiedenen Bedingungen zu bewerten.<\/li>\n\n\n\n<li><strong>ATE<\/strong> &#8211; Konformit\u00e4t von automatischen Testger\u00e4ten: Die ATE-Konformit\u00e4t stellt sicher, dass die f\u00fcr Produkttests verwendeten automatischen Testger\u00e4te bestimmte Industriestandards erf\u00fcllen.<\/li>\n\n\n\n<li><strong>UL\/cUL<\/strong> &#8211; Sicherheitszertifizierung der Underwriters Laboratories: UL- und cUL-Zertifizierungen bedeuten, dass die Produkte Sicherheitstests unterzogen wurden und den nordamerikanischen Sicherheitsstandards entsprechen.<\/li>\n\n\n\n<li><strong>CB Scheme<\/strong> &#8211; Internationales Zertifizierungssystem f\u00fcr elektrische Produkte: Das CB Scheme vereinfacht die internationale Produktzertifizierung, indem es den Herstellern erm\u00f6glicht, die Zertifizierung f\u00fcr mehrere L\u00e4nder in einem einzigen Prozess zu erhalten.<\/li>\n\n\n\n<li><strong>FDA 21 CFR Part 820<\/strong> &#8211; Qualit\u00e4tssystem-Vorschriften f\u00fcr Medizinprodukte (US): FDA 21 CFR Part 820 umrei\u00dft die Anforderungen an Qualit\u00e4tssysteme f\u00fcr die Entwicklung, die Herstellung und den Vertrieb von Medizinprodukten in den Vereinigten Staaten.<\/li>\n<\/ul>\n\n<p>Bei der Einhaltung dieser Zertifizierungen und Standards geht es nicht nur um die Erf\u00fcllung gesetzlicher Vorschriften, sondern auch darum, Vertrauen zu schaffen, Sicherheit zu gew\u00e4hrleisten und Spitzenleistungen zu erzielen. Unser OEM\/ODMs&#8216; Industrial and Medical Computer Certification Handbook ist Ihr umfassender Fahrplan, um dieses schwierige Terrain erfolgreich zu durchqueren. Laden Sie Ihr Exemplar noch heute herunter und begeben Sie sich auf eine Reise zu Qualit\u00e4t, Sicherheit und Innovation, die Sie in der Branche auszeichnet.  <\/p>\n\n<script charset=\"utf-8\" type=\"text\/javascript\" src=\"\/\/js.hsforms.net\/forms\/embed\/v2.js\"><\/script><script>hbspt.forms.create({\n    portalId: \"21497995\",\n    formId: \"b75b2a57-f9b0-4ed6-9f9b-bce081603673\",\n    region: \"na1\"\n  });\n<\/script>\n\n<div style=\"height:100px\" aria-hidden=\"true\" class=\"wp-block-spacer\"><\/div>\n","protected":false},"excerpt":{"rendered":"<p>In der dynamischen Welt der Industrie- und Medizintechnik ist es entscheidend, bei Protokollen und Verfahren auf dem richtigen Weg zu bleiben. Hier kommt Teguar als zuverl\u00e4ssiger Partner ins Spiel. Teguar ist ein anerkannter Marktf\u00fchrer bei der Bereitstellung robuster industrieller und medizinischer Computerl\u00f6sungen, die den h\u00f6chsten Qualit\u00e4ts- und Konformit\u00e4tsstandards gen\u00fcgen. Teguar hat das OEM\/ODMs&#8216; Industrial and [&hellip;]<\/p>\n","protected":false},"author":13,"featured_media":0,"parent":0,"menu_order":0,"comment_status":"closed","ping_status":"closed","template":"templates\/template-content-page.php","meta":{"_acf_changed":false,"footnotes":""},"class_list":["post-2243578","page","type-page","status-publish","hentry"],"acf":[],"yoast_head":"<!-- This site is optimized with the Yoast SEO Premium plugin v26.8 (Yoast SEO v27.2) - https:\/\/yoast.com\/product\/yoast-seo-premium-wordpress\/ -->\n<title>OEM\/ODM-Zertifizierungen f\u00fcr industrielle und medizinische Computer - Teguar<\/title>\n<meta name=\"description\" content=\"Als Ingenieur ist es wichtig, bestimmte Zertifizierungen zu kennen. Laden Sie unser OEM\/ODM-Handbuch zur Zertifizierung von Industrie- und Medizincomputern hier herunter!\" \/>\n<meta name=\"robots\" content=\"index, follow, max-snippet:-1, max-image-preview:large, max-video-preview:-1\" \/>\n<link rel=\"canonical\" href=\"https:\/\/teguar.com\/eu\/de\/oem-odm-zertifizierungen-fuer-industrielle-und-medizinische-computer\/\" \/>\n<meta property=\"og:locale\" content=\"de_DE\" \/>\n<meta property=\"og:type\" content=\"article\" \/>\n<meta property=\"og:title\" content=\"OEM\/ODM-Zertifizierungen f\u00fcr industrielle und medizinische Computer\" \/>\n<meta property=\"og:description\" content=\"Als Ingenieur ist es wichtig, bestimmte Zertifizierungen zu kennen. Laden Sie unser OEM\/ODM-Handbuch zur Zertifizierung von Industrie- und Medizincomputern hier herunter!\" \/>\n<meta property=\"og:url\" content=\"https:\/\/teguar.com\/eu\/de\/oem-odm-zertifizierungen-fuer-industrielle-und-medizinische-computer\/\" \/>\n<meta property=\"og:site_name\" content=\"Teguar\" \/>\n<meta property=\"article:modified_time\" content=\"2025-10-16T12:45:21+00:00\" \/>\n<meta property=\"og:image\" content=\"https:\/\/teguar.com\/eu\/wp-content\/uploads\/sites\/2\/2025\/07\/OEMODM-Certifications-1024x675.jpg\" \/>\n<meta name=\"twitter:card\" content=\"summary_large_image\" \/>\n<meta name=\"twitter:label1\" content=\"Gesch\u00e4tzte Lesezeit\" \/>\n\t<meta name=\"twitter:data1\" content=\"4\u00a0Minuten\" \/>\n<script type=\"application\/ld+json\" class=\"yoast-schema-graph\">{\"@context\":\"https:\/\/schema.org\",\"@graph\":[{\"@type\":\"WebPage\",\"@id\":\"https:\/\/teguar.com\/eu\/de\/oem-odm-zertifizierungen-fuer-industrielle-und-medizinische-computer\/\",\"url\":\"https:\/\/teguar.com\/eu\/de\/oem-odm-zertifizierungen-fuer-industrielle-und-medizinische-computer\/\",\"name\":\"OEM\/ODM-Zertifizierungen f\u00fcr industrielle und medizinische Computer - Teguar\",\"isPartOf\":{\"@id\":\"https:\/\/teguar.com\/eu\/en\/#website\"},\"primaryImageOfPage\":{\"@id\":\"https:\/\/teguar.com\/eu\/de\/oem-odm-zertifizierungen-fuer-industrielle-und-medizinische-computer\/#primaryimage\"},\"image\":{\"@id\":\"https:\/\/teguar.com\/eu\/de\/oem-odm-zertifizierungen-fuer-industrielle-und-medizinische-computer\/#primaryimage\"},\"thumbnailUrl\":\"https:\/\/teguar.com\/eu\/wp-content\/uploads\/sites\/2\/2025\/07\/OEMODM-Certifications-1024x675.jpg\",\"datePublished\":\"2025-07-28T20:16:35+00:00\",\"dateModified\":\"2025-10-16T12:45:21+00:00\",\"description\":\"Als Ingenieur ist es wichtig, bestimmte Zertifizierungen zu kennen. Laden Sie unser OEM\/ODM-Handbuch zur Zertifizierung von Industrie- und Medizincomputern hier herunter!\",\"breadcrumb\":{\"@id\":\"https:\/\/teguar.com\/eu\/de\/oem-odm-zertifizierungen-fuer-industrielle-und-medizinische-computer\/#breadcrumb\"},\"inLanguage\":\"de\",\"potentialAction\":[{\"@type\":\"ReadAction\",\"target\":[\"https:\/\/teguar.com\/eu\/de\/oem-odm-zertifizierungen-fuer-industrielle-und-medizinische-computer\/\"]}]},{\"@type\":\"ImageObject\",\"inLanguage\":\"de\",\"@id\":\"https:\/\/teguar.com\/eu\/de\/oem-odm-zertifizierungen-fuer-industrielle-und-medizinische-computer\/#primaryimage\",\"url\":\"https:\/\/teguar.com\/eu\/wp-content\/uploads\/sites\/2\/2025\/07\/OEMODM-Certifications-1024x675.jpg\",\"contentUrl\":\"https:\/\/teguar.com\/eu\/wp-content\/uploads\/sites\/2\/2025\/07\/OEMODM-Certifications-1024x675.jpg\"},{\"@type\":\"BreadcrumbList\",\"@id\":\"https:\/\/teguar.com\/eu\/de\/oem-odm-zertifizierungen-fuer-industrielle-und-medizinische-computer\/#breadcrumb\",\"itemListElement\":[{\"@type\":\"ListItem\",\"position\":1,\"name\":\"Home\",\"item\":\"https:\/\/teguar.com\/eu\/de\/\"},{\"@type\":\"ListItem\",\"position\":2,\"name\":\"OEM\/ODM-Zertifizierungen f\u00fcr industrielle und medizinische Computer\"}]},{\"@type\":\"WebSite\",\"@id\":\"https:\/\/teguar.com\/eu\/en\/#website\",\"url\":\"https:\/\/teguar.com\/eu\/en\/\",\"name\":\"Teguar\",\"description\":\"Industrial PCs, Medical Computers, and Rugged Tablets\",\"potentialAction\":[{\"@type\":\"SearchAction\",\"target\":{\"@type\":\"EntryPoint\",\"urlTemplate\":\"https:\/\/teguar.com\/eu\/en\/?s={search_term_string}\"},\"query-input\":{\"@type\":\"PropertyValueSpecification\",\"valueRequired\":true,\"valueName\":\"search_term_string\"}}],\"inLanguage\":\"de\"}]}<\/script>\n<!-- \/ Yoast SEO Premium plugin. -->","yoast_head_json":{"title":"OEM\/ODM-Zertifizierungen f\u00fcr industrielle und medizinische Computer - Teguar","description":"Als Ingenieur ist es wichtig, bestimmte Zertifizierungen zu kennen. Laden Sie unser OEM\/ODM-Handbuch zur Zertifizierung von Industrie- und Medizincomputern hier herunter!","robots":{"index":"index","follow":"follow","max-snippet":"max-snippet:-1","max-image-preview":"max-image-preview:large","max-video-preview":"max-video-preview:-1"},"canonical":"https:\/\/teguar.com\/eu\/de\/oem-odm-zertifizierungen-fuer-industrielle-und-medizinische-computer\/","og_locale":"de_DE","og_type":"article","og_title":"OEM\/ODM-Zertifizierungen f\u00fcr industrielle und medizinische Computer","og_description":"Als Ingenieur ist es wichtig, bestimmte Zertifizierungen zu kennen. Laden Sie unser OEM\/ODM-Handbuch zur Zertifizierung von Industrie- und Medizincomputern hier herunter!","og_url":"https:\/\/teguar.com\/eu\/de\/oem-odm-zertifizierungen-fuer-industrielle-und-medizinische-computer\/","og_site_name":"Teguar","article_modified_time":"2025-10-16T12:45:21+00:00","og_image":[{"url":"https:\/\/teguar.com\/eu\/wp-content\/uploads\/sites\/2\/2025\/07\/OEMODM-Certifications-1024x675.jpg","type":"","width":"","height":""}],"twitter_card":"summary_large_image","twitter_misc":{"Gesch\u00e4tzte Lesezeit":"4\u00a0Minuten"},"schema":{"@context":"https:\/\/schema.org","@graph":[{"@type":"WebPage","@id":"https:\/\/teguar.com\/eu\/de\/oem-odm-zertifizierungen-fuer-industrielle-und-medizinische-computer\/","url":"https:\/\/teguar.com\/eu\/de\/oem-odm-zertifizierungen-fuer-industrielle-und-medizinische-computer\/","name":"OEM\/ODM-Zertifizierungen f\u00fcr industrielle und medizinische Computer - Teguar","isPartOf":{"@id":"https:\/\/teguar.com\/eu\/en\/#website"},"primaryImageOfPage":{"@id":"https:\/\/teguar.com\/eu\/de\/oem-odm-zertifizierungen-fuer-industrielle-und-medizinische-computer\/#primaryimage"},"image":{"@id":"https:\/\/teguar.com\/eu\/de\/oem-odm-zertifizierungen-fuer-industrielle-und-medizinische-computer\/#primaryimage"},"thumbnailUrl":"https:\/\/teguar.com\/eu\/wp-content\/uploads\/sites\/2\/2025\/07\/OEMODM-Certifications-1024x675.jpg","datePublished":"2025-07-28T20:16:35+00:00","dateModified":"2025-10-16T12:45:21+00:00","description":"Als Ingenieur ist es wichtig, bestimmte Zertifizierungen zu kennen. Laden Sie unser OEM\/ODM-Handbuch zur Zertifizierung von Industrie- und Medizincomputern hier herunter!","breadcrumb":{"@id":"https:\/\/teguar.com\/eu\/de\/oem-odm-zertifizierungen-fuer-industrielle-und-medizinische-computer\/#breadcrumb"},"inLanguage":"de","potentialAction":[{"@type":"ReadAction","target":["https:\/\/teguar.com\/eu\/de\/oem-odm-zertifizierungen-fuer-industrielle-und-medizinische-computer\/"]}]},{"@type":"ImageObject","inLanguage":"de","@id":"https:\/\/teguar.com\/eu\/de\/oem-odm-zertifizierungen-fuer-industrielle-und-medizinische-computer\/#primaryimage","url":"https:\/\/teguar.com\/eu\/wp-content\/uploads\/sites\/2\/2025\/07\/OEMODM-Certifications-1024x675.jpg","contentUrl":"https:\/\/teguar.com\/eu\/wp-content\/uploads\/sites\/2\/2025\/07\/OEMODM-Certifications-1024x675.jpg"},{"@type":"BreadcrumbList","@id":"https:\/\/teguar.com\/eu\/de\/oem-odm-zertifizierungen-fuer-industrielle-und-medizinische-computer\/#breadcrumb","itemListElement":[{"@type":"ListItem","position":1,"name":"Home","item":"https:\/\/teguar.com\/eu\/de\/"},{"@type":"ListItem","position":2,"name":"OEM\/ODM-Zertifizierungen f\u00fcr industrielle und medizinische Computer"}]},{"@type":"WebSite","@id":"https:\/\/teguar.com\/eu\/en\/#website","url":"https:\/\/teguar.com\/eu\/en\/","name":"Teguar","description":"Industrial PCs, Medical Computers, and Rugged Tablets","potentialAction":[{"@type":"SearchAction","target":{"@type":"EntryPoint","urlTemplate":"https:\/\/teguar.com\/eu\/en\/?s={search_term_string}"},"query-input":{"@type":"PropertyValueSpecification","valueRequired":true,"valueName":"search_term_string"}}],"inLanguage":"de"}]}},"_links":{"self":[{"href":"https:\/\/teguar.com\/eu\/de\/wp-json\/wp\/v2\/pages\/2243578","targetHints":{"allow":["GET"]}}],"collection":[{"href":"https:\/\/teguar.com\/eu\/de\/wp-json\/wp\/v2\/pages"}],"about":[{"href":"https:\/\/teguar.com\/eu\/de\/wp-json\/wp\/v2\/types\/page"}],"author":[{"embeddable":true,"href":"https:\/\/teguar.com\/eu\/de\/wp-json\/wp\/v2\/users\/13"}],"replies":[{"embeddable":true,"href":"https:\/\/teguar.com\/eu\/de\/wp-json\/wp\/v2\/comments?post=2243578"}],"version-history":[{"count":1,"href":"https:\/\/teguar.com\/eu\/de\/wp-json\/wp\/v2\/pages\/2243578\/revisions"}],"predecessor-version":[{"id":2243582,"href":"https:\/\/teguar.com\/eu\/de\/wp-json\/wp\/v2\/pages\/2243578\/revisions\/2243582"}],"wp:attachment":[{"href":"https:\/\/teguar.com\/eu\/de\/wp-json\/wp\/v2\/media?parent=2243578"}],"curies":[{"name":"wp","href":"https:\/\/api.w.org\/{rel}","templated":true}]}}