{"id":2243576,"date":"2025-07-29T20:22:57","date_gmt":"2025-07-29T20:22:57","guid":{"rendered":"https:\/\/teguar.com\/eu\/erweiterte-nachverkaufsgarantie\/"},"modified":"2025-10-16T12:45:22","modified_gmt":"2025-10-16T12:45:22","slug":"erweiterte-nachverkaufsgarantie","status":"publish","type":"page","link":"https:\/\/teguar.com\/eu\/de\/erweiterte-nachverkaufsgarantie\/","title":{"rendered":"Erweiterte Nachverkaufsgarantie"},"content":{"rendered":"\n<h2 class=\"wp-block-heading has-text-align-center\" id=\"h-extended-protection-for-your-investment\"><strong><strong>Erweiterter Schutz f\u00fcr Ihre Investition<\/strong><\/strong><\/h2>\n\n<p class=\"has-text-align-center\">Sichern Sie die Langlebigkeit Ihrer Investition mit dem neuesten Garantieangebot von Teguar &#8211;<br\/>the Post Sale Extended Warranty. Erh\u00f6hen Sie Ihren Seelenfrieden, indem Sie die Garantie von<br\/>sogar \u00fcber den urspr\u00fcnglichen Kauf hinaus verl\u00e4ngern. <\/p>\n\n<hr class=\"wp-block-separator has-alpha-channel-opacity\"\/>\n\n<h2 class=\"wp-block-heading\" id=\"h-here-s-how-it-works\">So funktioniert&#8217;s:<\/h2>\n\n<div class=\"wp-block-columns is-layout-flex wp-container-core-columns-is-layout-9d6595d7 wp-block-columns-is-layout-flex\">\n<div class=\"wp-block-column is-layout-flow wp-block-column-is-layout-flow\">\n<ul class=\"wp-block-list\">\n<li><strong>FLEXIBLE OPTIONEN<\/strong>: Teguar bietet Ihnen jetzt die M\u00f6glichkeit, die Garantie zu verl\u00e4ngern, unabh\u00e4ngig von Ihrer urspr\u00fcnglichen Wahl. Unabh\u00e4ngig davon, ob Sie sich urspr\u00fcnglich f\u00fcr eine verl\u00e4ngerte Garantie entschieden haben oder nicht, haben Sie die M\u00f6glichkeit, Ihre Investition f\u00fcr einen zus\u00e4tzlichen Zeitraum zu sch\u00fctzen. <\/li>\n\n\n\n<li><strong>VERL\u00c4NGERTES FENSTER<\/strong>: Kunden k\u00f6nnen die Garantie bis zu 12 Monate nach dem Erstkauf verl\u00e4ngern. So haben sie ausreichend Zeit, ihre Bed\u00fcrfnisse zu pr\u00fcfen und eine fundierte Entscheidung \u00fcber die Verl\u00e4ngerung der Garantie zu treffen.<\/li>\n\n\n\n<li><strong>VERL\u00c4NGERTE LAUFZEIT F\u00dcR COMPUTER<\/strong>: Computer k\u00f6nnen jetzt bis zu 6 Jahre ab dem urspr\u00fcnglichen Kaufdatum verl\u00e4ngert werden. Tablets hingegen k\u00f6nnen bis zu 3 Jahre ab dem urspr\u00fcnglichen Kaufdatum verl\u00e4ngert werden. <\/li>\n<\/ul>\n\n\n\n<p>Die Post Sale Extended Warranty von Teguar bietet einen flexiblen Schutz, der es Ihnen erm\u00f6glicht, den Versicherungsschutz auf bis zu 6 Jahre f\u00fcr Computer und 3 Jahre f\u00fcr Tablets zu verl\u00e4ngern. Sichern Sie die Langlebigkeit Ihrer Investitionen &#8211; handeln Sie jetzt und w\u00e4hlen Sie Teguar f\u00fcr einen dauerhaften Schutz! <\/p>\n\n\n\n<p class=\"has-text-align-center btn\" style=\"font-size: 30px; padding: 30px 40px;\"><a href=\"https:\/\/teguar.com\/eu\/wp-content\/uploads\/sites\/2\/2025\/07\/Teguar-Post-Sale-Extended-Warranty-Sell-Sheet.pdf\" target=\"_blank\" rel=\"noopener\">Als PDF anzeigen<\/a><\/p>\n\n\n\n<hr class=\"wp-block-separator has-alpha-channel-opacity\"\/>\n<\/div>\n\n\n\n<div class=\"wp-block-column is-layout-flow wp-block-column-is-layout-flow\"><div class=\"wp-block-image\">\n<figure class=\"alignleft size-full\"><img loading=\"lazy\" decoding=\"async\" width=\"557\" height=\"1022\" src=\"https:\/\/teguar.com\/eu\/wp-content\/uploads\/sites\/2\/2025\/07\/Post-Sale-Extended-Warranty.jpg\" alt=\"Wenn eine urspr&#xFC;ngliche Garantieverl&#xE4;ngerung f&#xFC;r 3 Jahre erworben wurde, k&#xF6;nnen weitere 3 Jahre hinzugef&#xFC;gt werden, was insgesamt 6 Jahre Deckung ergibt. 3 anf&#xE4;ngliche plus 3 zus&#xE4;tzliche gleich 6 insgesamt. Kunden k&#xF6;nnen auch innerhalb von 12 Monaten nach dem urspr&#xFC;nglichen Kaufdatum eine Garantie von bis zu 5 Jahren erwerben.  \" class=\"wp-image-2241946\" srcset=\"https:\/\/teguar.com\/eu\/wp-content\/uploads\/sites\/2\/2025\/07\/Post-Sale-Extended-Warranty.jpg 557w, https:\/\/teguar.com\/eu\/wp-content\/uploads\/sites\/2\/2025\/07\/Post-Sale-Extended-Warranty-164x300.jpg 164w, https:\/\/teguar.com\/eu\/wp-content\/uploads\/sites\/2\/2025\/07\/Post-Sale-Extended-Warranty-82x150.jpg 82w, https:\/\/teguar.com\/eu\/wp-content\/uploads\/sites\/2\/2025\/07\/Post-Sale-Extended-Warranty-78x144.jpg 78w\" sizes=\"auto, (max-width: 557px) 100vw, 557px\" \/><\/figure>\n<\/div><\/div>\n<\/div>\n\n<script charset=\"utf-8\" type=\"text\/javascript\" src=\"\/\/js.hsforms.net\/forms\/embed\/v2.js\"><\/script><script>hbspt.forms.create({\n    portalId: \"21497995\",\n    formId: \"b75b2a57-f9b0-4ed6-9f9b-bce081603673\",\n    region: \"na1\"\n  });\n<\/script>\n\n<div style=\"height:100px\" aria-hidden=\"true\" class=\"wp-block-spacer\"><\/div>\n","protected":false},"excerpt":{"rendered":"<p>Erweiterter Schutz f\u00fcr Ihre Investition Sichern Sie die Langlebigkeit Ihrer Investition mit dem neuesten Garantieangebot von Teguar &#8211;the Post Sale Extended Warranty. Erh\u00f6hen Sie Ihren Seelenfrieden, indem Sie die Garantie vonsogar \u00fcber den urspr\u00fcnglichen Kauf hinaus verl\u00e4ngern. So funktioniert&#8217;s: Die Post Sale Extended Warranty von Teguar bietet einen flexiblen Schutz, der es Ihnen erm\u00f6glicht, den [&hellip;]<\/p>\n","protected":false},"author":13,"featured_media":0,"parent":0,"menu_order":0,"comment_status":"closed","ping_status":"closed","template":"templates\/template-content-page.php","meta":{"_acf_changed":false,"footnotes":""},"class_list":["post-2243576","page","type-page","status-publish","hentry"],"acf":[],"yoast_head":"<!-- This site is optimized with the Yoast SEO Premium plugin v26.8 (Yoast SEO v27.2) - https:\/\/yoast.com\/product\/yoast-seo-premium-wordpress\/ -->\n<title>Erweiterte Nachverkaufsgarantie - Teguar<\/title>\n<meta name=\"description\" content=\"Sichern Sie die Langlebigkeit Ihrer Investition mit dem neuesten Garantieangebot von Teguar, das Ihre Garantien \u00fcber den urspr\u00fcnglichen Kauf hinaus verl\u00e4ngert.\" \/>\n<meta name=\"robots\" content=\"index, follow, max-snippet:-1, max-image-preview:large, max-video-preview:-1\" \/>\n<link rel=\"canonical\" href=\"https:\/\/teguar.com\/eu\/de\/erweiterte-nachverkaufsgarantie\/\" \/>\n<meta property=\"og:locale\" content=\"de_DE\" \/>\n<meta property=\"og:type\" content=\"article\" \/>\n<meta property=\"og:title\" content=\"Erweiterte Nachverkaufsgarantie\" \/>\n<meta property=\"og:description\" content=\"Sichern Sie die Langlebigkeit Ihrer Investition mit dem neuesten Garantieangebot von Teguar, das Ihre Garantien \u00fcber den urspr\u00fcnglichen Kauf hinaus verl\u00e4ngert.\" \/>\n<meta property=\"og:url\" content=\"https:\/\/teguar.com\/eu\/de\/erweiterte-nachverkaufsgarantie\/\" \/>\n<meta property=\"og:site_name\" content=\"Teguar\" \/>\n<meta property=\"article:modified_time\" content=\"2025-10-16T12:45:22+00:00\" \/>\n<meta property=\"og:image\" content=\"https:\/\/teguar.com\/eu\/wp-content\/uploads\/sites\/2\/2025\/07\/Post-Sale-Extended-Warranty.jpg\" \/>\n<meta name=\"twitter:card\" content=\"summary_large_image\" \/>\n<meta name=\"twitter:label1\" content=\"Gesch\u00e4tzte Lesezeit\" \/>\n\t<meta name=\"twitter:data1\" content=\"1\u00a0Minute\" \/>\n<script type=\"application\/ld+json\" class=\"yoast-schema-graph\">{\"@context\":\"https:\/\/schema.org\",\"@graph\":[{\"@type\":\"WebPage\",\"@id\":\"https:\/\/teguar.com\/eu\/de\/erweiterte-nachverkaufsgarantie\/\",\"url\":\"https:\/\/teguar.com\/eu\/de\/erweiterte-nachverkaufsgarantie\/\",\"name\":\"Erweiterte Nachverkaufsgarantie - Teguar\",\"isPartOf\":{\"@id\":\"https:\/\/teguar.com\/eu\/en\/#website\"},\"primaryImageOfPage\":{\"@id\":\"https:\/\/teguar.com\/eu\/de\/erweiterte-nachverkaufsgarantie\/#primaryimage\"},\"image\":{\"@id\":\"https:\/\/teguar.com\/eu\/de\/erweiterte-nachverkaufsgarantie\/#primaryimage\"},\"thumbnailUrl\":\"https:\/\/teguar.com\/eu\/wp-content\/uploads\/sites\/2\/2025\/07\/Post-Sale-Extended-Warranty.jpg\",\"datePublished\":\"2025-07-29T20:22:57+00:00\",\"dateModified\":\"2025-10-16T12:45:22+00:00\",\"description\":\"Sichern Sie die Langlebigkeit Ihrer Investition mit dem neuesten Garantieangebot von Teguar, das Ihre Garantien \u00fcber den urspr\u00fcnglichen Kauf hinaus verl\u00e4ngert.\",\"breadcrumb\":{\"@id\":\"https:\/\/teguar.com\/eu\/de\/erweiterte-nachverkaufsgarantie\/#breadcrumb\"},\"inLanguage\":\"de\",\"potentialAction\":[{\"@type\":\"ReadAction\",\"target\":[\"https:\/\/teguar.com\/eu\/de\/erweiterte-nachverkaufsgarantie\/\"]}]},{\"@type\":\"ImageObject\",\"inLanguage\":\"de\",\"@id\":\"https:\/\/teguar.com\/eu\/de\/erweiterte-nachverkaufsgarantie\/#primaryimage\",\"url\":\"https:\/\/teguar.com\/eu\/wp-content\/uploads\/sites\/2\/2025\/07\/Post-Sale-Extended-Warranty.jpg\",\"contentUrl\":\"https:\/\/teguar.com\/eu\/wp-content\/uploads\/sites\/2\/2025\/07\/Post-Sale-Extended-Warranty.jpg\"},{\"@type\":\"BreadcrumbList\",\"@id\":\"https:\/\/teguar.com\/eu\/de\/erweiterte-nachverkaufsgarantie\/#breadcrumb\",\"itemListElement\":[{\"@type\":\"ListItem\",\"position\":1,\"name\":\"Home\",\"item\":\"https:\/\/teguar.com\/eu\/de\/\"},{\"@type\":\"ListItem\",\"position\":2,\"name\":\"Erweiterte Nachverkaufsgarantie\"}]},{\"@type\":\"WebSite\",\"@id\":\"https:\/\/teguar.com\/eu\/en\/#website\",\"url\":\"https:\/\/teguar.com\/eu\/en\/\",\"name\":\"Teguar\",\"description\":\"Industrial PCs, Medical Computers, and Rugged Tablets\",\"potentialAction\":[{\"@type\":\"SearchAction\",\"target\":{\"@type\":\"EntryPoint\",\"urlTemplate\":\"https:\/\/teguar.com\/eu\/en\/?s={search_term_string}\"},\"query-input\":{\"@type\":\"PropertyValueSpecification\",\"valueRequired\":true,\"valueName\":\"search_term_string\"}}],\"inLanguage\":\"de\"}]}<\/script>\n<!-- \/ Yoast SEO Premium plugin. -->","yoast_head_json":{"title":"Erweiterte Nachverkaufsgarantie - Teguar","description":"Sichern Sie die Langlebigkeit Ihrer Investition mit dem neuesten Garantieangebot von Teguar, das Ihre Garantien \u00fcber den urspr\u00fcnglichen Kauf hinaus verl\u00e4ngert.","robots":{"index":"index","follow":"follow","max-snippet":"max-snippet:-1","max-image-preview":"max-image-preview:large","max-video-preview":"max-video-preview:-1"},"canonical":"https:\/\/teguar.com\/eu\/de\/erweiterte-nachverkaufsgarantie\/","og_locale":"de_DE","og_type":"article","og_title":"Erweiterte Nachverkaufsgarantie","og_description":"Sichern Sie die Langlebigkeit Ihrer Investition mit dem neuesten Garantieangebot von Teguar, das Ihre Garantien \u00fcber den urspr\u00fcnglichen Kauf hinaus verl\u00e4ngert.","og_url":"https:\/\/teguar.com\/eu\/de\/erweiterte-nachverkaufsgarantie\/","og_site_name":"Teguar","article_modified_time":"2025-10-16T12:45:22+00:00","og_image":[{"url":"https:\/\/teguar.com\/eu\/wp-content\/uploads\/sites\/2\/2025\/07\/Post-Sale-Extended-Warranty.jpg","type":"","width":"","height":""}],"twitter_card":"summary_large_image","twitter_misc":{"Gesch\u00e4tzte Lesezeit":"1\u00a0Minute"},"schema":{"@context":"https:\/\/schema.org","@graph":[{"@type":"WebPage","@id":"https:\/\/teguar.com\/eu\/de\/erweiterte-nachverkaufsgarantie\/","url":"https:\/\/teguar.com\/eu\/de\/erweiterte-nachverkaufsgarantie\/","name":"Erweiterte Nachverkaufsgarantie - Teguar","isPartOf":{"@id":"https:\/\/teguar.com\/eu\/en\/#website"},"primaryImageOfPage":{"@id":"https:\/\/teguar.com\/eu\/de\/erweiterte-nachverkaufsgarantie\/#primaryimage"},"image":{"@id":"https:\/\/teguar.com\/eu\/de\/erweiterte-nachverkaufsgarantie\/#primaryimage"},"thumbnailUrl":"https:\/\/teguar.com\/eu\/wp-content\/uploads\/sites\/2\/2025\/07\/Post-Sale-Extended-Warranty.jpg","datePublished":"2025-07-29T20:22:57+00:00","dateModified":"2025-10-16T12:45:22+00:00","description":"Sichern Sie die Langlebigkeit Ihrer Investition mit dem neuesten Garantieangebot von Teguar, das Ihre Garantien \u00fcber den urspr\u00fcnglichen Kauf hinaus verl\u00e4ngert.","breadcrumb":{"@id":"https:\/\/teguar.com\/eu\/de\/erweiterte-nachverkaufsgarantie\/#breadcrumb"},"inLanguage":"de","potentialAction":[{"@type":"ReadAction","target":["https:\/\/teguar.com\/eu\/de\/erweiterte-nachverkaufsgarantie\/"]}]},{"@type":"ImageObject","inLanguage":"de","@id":"https:\/\/teguar.com\/eu\/de\/erweiterte-nachverkaufsgarantie\/#primaryimage","url":"https:\/\/teguar.com\/eu\/wp-content\/uploads\/sites\/2\/2025\/07\/Post-Sale-Extended-Warranty.jpg","contentUrl":"https:\/\/teguar.com\/eu\/wp-content\/uploads\/sites\/2\/2025\/07\/Post-Sale-Extended-Warranty.jpg"},{"@type":"BreadcrumbList","@id":"https:\/\/teguar.com\/eu\/de\/erweiterte-nachverkaufsgarantie\/#breadcrumb","itemListElement":[{"@type":"ListItem","position":1,"name":"Home","item":"https:\/\/teguar.com\/eu\/de\/"},{"@type":"ListItem","position":2,"name":"Erweiterte Nachverkaufsgarantie"}]},{"@type":"WebSite","@id":"https:\/\/teguar.com\/eu\/en\/#website","url":"https:\/\/teguar.com\/eu\/en\/","name":"Teguar","description":"Industrial PCs, Medical Computers, and Rugged Tablets","potentialAction":[{"@type":"SearchAction","target":{"@type":"EntryPoint","urlTemplate":"https:\/\/teguar.com\/eu\/en\/?s={search_term_string}"},"query-input":{"@type":"PropertyValueSpecification","valueRequired":true,"valueName":"search_term_string"}}],"inLanguage":"de"}]}},"_links":{"self":[{"href":"https:\/\/teguar.com\/eu\/de\/wp-json\/wp\/v2\/pages\/2243576","targetHints":{"allow":["GET"]}}],"collection":[{"href":"https:\/\/teguar.com\/eu\/de\/wp-json\/wp\/v2\/pages"}],"about":[{"href":"https:\/\/teguar.com\/eu\/de\/wp-json\/wp\/v2\/types\/page"}],"author":[{"embeddable":true,"href":"https:\/\/teguar.com\/eu\/de\/wp-json\/wp\/v2\/users\/13"}],"replies":[{"embeddable":true,"href":"https:\/\/teguar.com\/eu\/de\/wp-json\/wp\/v2\/comments?post=2243576"}],"version-history":[{"count":1,"href":"https:\/\/teguar.com\/eu\/de\/wp-json\/wp\/v2\/pages\/2243576\/revisions"}],"predecessor-version":[{"id":2243580,"href":"https:\/\/teguar.com\/eu\/de\/wp-json\/wp\/v2\/pages\/2243576\/revisions\/2243580"}],"wp:attachment":[{"href":"https:\/\/teguar.com\/eu\/de\/wp-json\/wp\/v2\/media?parent=2243576"}],"curies":[{"name":"wp","href":"https:\/\/api.w.org\/{rel}","templated":true}]}}