{"id":2243572,"date":"2025-07-28T16:48:14","date_gmt":"2025-07-28T16:48:14","guid":{"rendered":"https:\/\/teguar.com\/eu\/programm-auffrischen\/"},"modified":"2025-10-16T12:45:21","modified_gmt":"2025-10-16T12:45:21","slug":"programm-auffrischen","status":"publish","type":"page","link":"https:\/\/teguar.com\/eu\/de\/programm-auffrischen\/","title":{"rendered":"Programm auffrischen"},"content":{"rendered":"\n<div class=\"wp-block-columns is-layout-flex wp-container-core-columns-is-layout-9d6595d7 wp-block-columns-is-layout-flex\">\n<div class=\"wp-block-column is-layout-flow wp-block-column-is-layout-flow\">\n<h3 class=\"wp-block-heading\" id=\"h-give-your-devices-a-new-lease-on-life\">Verleihen Sie Ihren Ger\u00e4ten ein neues Leben.<\/h3>\n<\/div>\n\n\n\n<div class=\"wp-block-column is-layout-flow wp-block-column-is-layout-flow\">\n<p class=\"has-text-align-center btn\" style=\"font-size: 30px; padding: 30px 40px;\"><a href=\"https:\/\/teguar.com\/eu\/wp-content\/uploads\/sites\/2\/2025\/07\/Teguar-Refresh-Program-Sell-Sheet-FINAL.pdf\" target=\"_blank\" rel=\"noopener\">Als PDF anzeigen<\/a><\/p>\n<\/div>\n<\/div>\n\n<p>Teguar freut sich, Ihnen unser Refresh-Programm anbieten zu k\u00f6nnen, ein Programm, das Ihnen die M\u00f6glichkeit bietet, Ihre aktuellen Ger\u00e4te durch neue Komponenten aufzur\u00fcsten und zu optimieren, ohne dass Sie in neue Ger\u00e4te investieren m\u00fcssen.<br\/><br\/>Mit dem Teguar Refresh Programm haben Sie mehr als eine Option, um Ihre Bed\u00fcrfnisse zu erf\u00fcllen und Ihr Budget zu schonen. Egal, ob Sie mehr Arbeitsspeicher ben\u00f6tigen, Ihre SSD-Kapazit\u00e4t erh\u00f6hen, WiFi-Funktionen integrieren oder Ihr Betriebssystem aktualisieren m\u00f6chten, unser Programm hat alles f\u00fcr Sie.<\/p>\n\n<hr class=\"wp-block-separator has-alpha-channel-opacity\"\/>\n\n<h2 class=\"wp-block-heading\" id=\"h-benefits-include\">Zu den Vorteilen geh\u00f6ren:<\/h2>\n\n<div class=\"wp-block-columns is-layout-flex wp-container-core-columns-is-layout-9d6595d7 wp-block-columns-is-layout-flex\">\n<div class=\"wp-block-column is-layout-flow wp-block-column-is-layout-flow\">\n<ul class=\"wp-block-list\">\n<li><strong>MEHRERE OPTIONEN:<\/strong> Das Teguar Refresh Programm bietet unseren gesch\u00e4tzten Kunden eine Alternative zum Kauf neuer Ger\u00e4te, indem es Optionen zum Hinzuf\u00fcgen von Komponenten zu ihren bestehenden Ger\u00e4ten bietet.<\/li>\n\n\n\n<li><strong>ERSCHWINGLICHE UPGRADES: <\/strong>Wenn das Budget knapp ist, k\u00f6nnen Sie mit unserem Refresh-Programm Ihre Ger\u00e4te mit Komponenten wie mehr RAM, gr\u00f6\u00dferen SSDs, aktualisiertem WiFi und mehr aufr\u00fcsten, ohne dass Sie neue Ger\u00e4te kaufen m\u00fcssen.<\/li>\n\n\n\n<li><strong>ANPASSBAR: <\/strong>Egal, ob Sie alle Ger\u00e4te auf einmal oder in bequemen Stapeln auffrischen m\u00f6chten, unser flexibles Programm passt sich Ihren Bed\u00fcrfnissen an. Seien Sie versichert, dass es keine Preisunterschiede pro Einheit gibt, solange Sie sich im Voraus auf die vereinbarte Menge und den Preis festlegen.<\/li>\n\n\n\n<li><strong>QUOTIERBARER SERVICE:<\/strong> Wenden Sie sich noch heute an Ihren zust\u00e4ndigen Vertriebsmitarbeiter, um den Angebots- und Genehmigungsprozess in Gang zu setzen. Unser Team wird Sie durch die nahtlose Aufr\u00fcstung von Ger\u00e4ten durch unser Refresh-Programm begleiten.<\/li>\n\n\n\n<li><strong>ERM\u00c4SSIGUNGEN F\u00dcR GR\u00d6SSERE PROJEKTE ERH\u00c4LTLICH: Sie<\/strong> haben ein gr\u00f6\u00dferes Projekt in Angriff genommen? Wir haben das Richtige f\u00fcr Sie! Profitieren Sie von attraktiven Mengenrabatten f\u00fcr umfangreiche Projekte, die das Teguar Refresh Programm zu einer noch kosteng\u00fcnstigeren L\u00f6sung machen.<\/li>\n<\/ul>\n<\/div>\n\n\n\n<div class=\"wp-block-column is-layout-flow wp-block-column-is-layout-flow\">\n<figure class=\"wp-block-image size-large\"><img loading=\"lazy\" decoding=\"async\" width=\"791\" height=\"1024\" src=\"https:\/\/teguar.com\/eu\/wp-content\/uploads\/sites\/2\/2025\/07\/Teguar-Refresh-Program-Photo-scaled-1-791x1024.jpg\" alt=\"Zwei Fotos von Julio bei der Arbeit an einem Computer.\" class=\"wp-image-2241766\" srcset=\"https:\/\/teguar.com\/eu\/wp-content\/uploads\/sites\/2\/2025\/07\/Teguar-Refresh-Program-Photo-scaled-1-791x1024.jpg 791w, https:\/\/teguar.com\/eu\/wp-content\/uploads\/sites\/2\/2025\/07\/Teguar-Refresh-Program-Photo-scaled-1-232x300.jpg 232w, https:\/\/teguar.com\/eu\/wp-content\/uploads\/sites\/2\/2025\/07\/Teguar-Refresh-Program-Photo-scaled-1-768x994.jpg 768w, https:\/\/teguar.com\/eu\/wp-content\/uploads\/sites\/2\/2025\/07\/Teguar-Refresh-Program-Photo-scaled-1-1187x1536.jpg 1187w, https:\/\/teguar.com\/eu\/wp-content\/uploads\/sites\/2\/2025\/07\/Teguar-Refresh-Program-Photo-scaled-1-1582x2048.jpg 1582w, https:\/\/teguar.com\/eu\/wp-content\/uploads\/sites\/2\/2025\/07\/Teguar-Refresh-Program-Photo-scaled-1-116x150.jpg 116w, https:\/\/teguar.com\/eu\/wp-content\/uploads\/sites\/2\/2025\/07\/Teguar-Refresh-Program-Photo-scaled-1-111x144.jpg 111w, https:\/\/teguar.com\/eu\/wp-content\/uploads\/sites\/2\/2025\/07\/Teguar-Refresh-Program-Photo-scaled-1-600x777.jpg 600w, https:\/\/teguar.com\/eu\/wp-content\/uploads\/sites\/2\/2025\/07\/Teguar-Refresh-Program-Photo-scaled-1.jpg 1978w\" sizes=\"auto, (max-width: 791px) 100vw, 791px\" \/><\/figure>\n<\/div>\n<\/div>\n\n<hr class=\"wp-block-separator has-alpha-channel-opacity\"\/>\n\n<script charset=\"utf-8\" type=\"text\/javascript\" src=\"\/\/js.hsforms.net\/forms\/embed\/v2.js\"><\/script><script>hbspt.forms.create({\n    portalId: \"21497995\",\n    formId: \"b75b2a57-f9b0-4ed6-9f9b-bce081603673\",\n    region: \"na1\"\n  });\n<\/script>\n\n<div style=\"height:100px\" aria-hidden=\"true\" class=\"wp-block-spacer\"><\/div>\n\n<p><\/p>\n","protected":false},"excerpt":{"rendered":"<p>Verleihen Sie Ihren Ger\u00e4ten ein neues Leben. Als PDF anzeigen Teguar freut sich, Ihnen unser Refresh-Programm anbieten zu k\u00f6nnen, ein Programm, das Ihnen die M\u00f6glichkeit bietet, Ihre aktuellen Ger\u00e4te durch neue Komponenten aufzur\u00fcsten und zu optimieren, ohne dass Sie in neue Ger\u00e4te investieren m\u00fcssen. Mit dem Teguar Refresh Programm haben Sie mehr als eine Option, [&hellip;]<\/p>\n","protected":false},"author":13,"featured_media":0,"parent":0,"menu_order":0,"comment_status":"closed","ping_status":"closed","template":"templates\/template-content-page.php","meta":{"_acf_changed":false,"footnotes":""},"class_list":["post-2243572","page","type-page","status-publish","hentry"],"acf":[],"yoast_head":"<!-- This site is optimized with the Yoast SEO Premium plugin v26.8 (Yoast SEO v27.2) - https:\/\/yoast.com\/product\/yoast-seo-premium-wordpress\/ -->\n<title>Programm auffrischen - Teguar<\/title>\n<meta name=\"description\" content=\"Wenn Sie sich f\u00fcr das Refresh-Programm von Teguar entscheiden, k\u00f6nnen Sie Ihre aktuellen Teguar-Ger\u00e4te einfach und kosteng\u00fcnstig aktualisieren. Wenden Sie sich noch heute an Ihren Teguar-Vertriebsmitarbeiter, um loszulegen!\" \/>\n<meta name=\"robots\" content=\"index, follow, max-snippet:-1, max-image-preview:large, max-video-preview:-1\" \/>\n<link rel=\"canonical\" href=\"https:\/\/teguar.com\/eu\/de\/programm-auffrischen\/\" \/>\n<meta property=\"og:locale\" content=\"de_DE\" \/>\n<meta property=\"og:type\" content=\"article\" \/>\n<meta property=\"og:title\" content=\"Programm auffrischen\" \/>\n<meta property=\"og:description\" content=\"Wenn Sie sich f\u00fcr das Refresh-Programm von Teguar entscheiden, k\u00f6nnen Sie Ihre aktuellen Teguar-Ger\u00e4te einfach und kosteng\u00fcnstig aktualisieren. Wenden Sie sich noch heute an Ihren Teguar-Vertriebsmitarbeiter, um loszulegen!\" \/>\n<meta property=\"og:url\" content=\"https:\/\/teguar.com\/eu\/de\/programm-auffrischen\/\" \/>\n<meta property=\"og:site_name\" content=\"Teguar\" \/>\n<meta property=\"article:modified_time\" content=\"2025-10-16T12:45:21+00:00\" \/>\n<meta property=\"og:image\" content=\"https:\/\/teguar.com\/eu\/wp-content\/uploads\/sites\/2\/2025\/07\/Teguar-Refresh-Program-Photo-scaled-1-791x1024.jpg\" \/>\n<meta name=\"twitter:card\" content=\"summary_large_image\" \/>\n<meta name=\"twitter:label1\" content=\"Gesch\u00e4tzte Lesezeit\" \/>\n\t<meta name=\"twitter:data1\" content=\"2\u00a0Minuten\" \/>\n<script type=\"application\/ld+json\" class=\"yoast-schema-graph\">{\"@context\":\"https:\/\/schema.org\",\"@graph\":[{\"@type\":\"WebPage\",\"@id\":\"https:\/\/teguar.com\/eu\/de\/programm-auffrischen\/\",\"url\":\"https:\/\/teguar.com\/eu\/de\/programm-auffrischen\/\",\"name\":\"Programm auffrischen - Teguar\",\"isPartOf\":{\"@id\":\"https:\/\/teguar.com\/eu\/en\/#website\"},\"primaryImageOfPage\":{\"@id\":\"https:\/\/teguar.com\/eu\/de\/programm-auffrischen\/#primaryimage\"},\"image\":{\"@id\":\"https:\/\/teguar.com\/eu\/de\/programm-auffrischen\/#primaryimage\"},\"thumbnailUrl\":\"https:\/\/teguar.com\/eu\/wp-content\/uploads\/sites\/2\/2025\/07\/Teguar-Refresh-Program-Photo-scaled-1-791x1024.jpg\",\"datePublished\":\"2025-07-28T16:48:14+00:00\",\"dateModified\":\"2025-10-16T12:45:21+00:00\",\"description\":\"Wenn Sie sich f\u00fcr das Refresh-Programm von Teguar entscheiden, k\u00f6nnen Sie Ihre aktuellen Teguar-Ger\u00e4te einfach und kosteng\u00fcnstig aktualisieren. Wenden Sie sich noch heute an Ihren Teguar-Vertriebsmitarbeiter, um loszulegen!\",\"breadcrumb\":{\"@id\":\"https:\/\/teguar.com\/eu\/de\/programm-auffrischen\/#breadcrumb\"},\"inLanguage\":\"de\",\"potentialAction\":[{\"@type\":\"ReadAction\",\"target\":[\"https:\/\/teguar.com\/eu\/de\/programm-auffrischen\/\"]}]},{\"@type\":\"ImageObject\",\"inLanguage\":\"de\",\"@id\":\"https:\/\/teguar.com\/eu\/de\/programm-auffrischen\/#primaryimage\",\"url\":\"https:\/\/teguar.com\/eu\/wp-content\/uploads\/sites\/2\/2025\/07\/Teguar-Refresh-Program-Photo-scaled-1-791x1024.jpg\",\"contentUrl\":\"https:\/\/teguar.com\/eu\/wp-content\/uploads\/sites\/2\/2025\/07\/Teguar-Refresh-Program-Photo-scaled-1-791x1024.jpg\"},{\"@type\":\"BreadcrumbList\",\"@id\":\"https:\/\/teguar.com\/eu\/de\/programm-auffrischen\/#breadcrumb\",\"itemListElement\":[{\"@type\":\"ListItem\",\"position\":1,\"name\":\"Home\",\"item\":\"https:\/\/teguar.com\/eu\/de\/\"},{\"@type\":\"ListItem\",\"position\":2,\"name\":\"Programm auffrischen\"}]},{\"@type\":\"WebSite\",\"@id\":\"https:\/\/teguar.com\/eu\/en\/#website\",\"url\":\"https:\/\/teguar.com\/eu\/en\/\",\"name\":\"Teguar\",\"description\":\"Industrial PCs, Medical Computers, and Rugged Tablets\",\"potentialAction\":[{\"@type\":\"SearchAction\",\"target\":{\"@type\":\"EntryPoint\",\"urlTemplate\":\"https:\/\/teguar.com\/eu\/en\/?s={search_term_string}\"},\"query-input\":{\"@type\":\"PropertyValueSpecification\",\"valueRequired\":true,\"valueName\":\"search_term_string\"}}],\"inLanguage\":\"de\"}]}<\/script>\n<!-- \/ Yoast SEO Premium plugin. -->","yoast_head_json":{"title":"Programm auffrischen - Teguar","description":"Wenn Sie sich f\u00fcr das Refresh-Programm von Teguar entscheiden, k\u00f6nnen Sie Ihre aktuellen Teguar-Ger\u00e4te einfach und kosteng\u00fcnstig aktualisieren. Wenden Sie sich noch heute an Ihren Teguar-Vertriebsmitarbeiter, um loszulegen!","robots":{"index":"index","follow":"follow","max-snippet":"max-snippet:-1","max-image-preview":"max-image-preview:large","max-video-preview":"max-video-preview:-1"},"canonical":"https:\/\/teguar.com\/eu\/de\/programm-auffrischen\/","og_locale":"de_DE","og_type":"article","og_title":"Programm auffrischen","og_description":"Wenn Sie sich f\u00fcr das Refresh-Programm von Teguar entscheiden, k\u00f6nnen Sie Ihre aktuellen Teguar-Ger\u00e4te einfach und kosteng\u00fcnstig aktualisieren. Wenden Sie sich noch heute an Ihren Teguar-Vertriebsmitarbeiter, um loszulegen!","og_url":"https:\/\/teguar.com\/eu\/de\/programm-auffrischen\/","og_site_name":"Teguar","article_modified_time":"2025-10-16T12:45:21+00:00","og_image":[{"url":"https:\/\/teguar.com\/eu\/wp-content\/uploads\/sites\/2\/2025\/07\/Teguar-Refresh-Program-Photo-scaled-1-791x1024.jpg","type":"","width":"","height":""}],"twitter_card":"summary_large_image","twitter_misc":{"Gesch\u00e4tzte Lesezeit":"2\u00a0Minuten"},"schema":{"@context":"https:\/\/schema.org","@graph":[{"@type":"WebPage","@id":"https:\/\/teguar.com\/eu\/de\/programm-auffrischen\/","url":"https:\/\/teguar.com\/eu\/de\/programm-auffrischen\/","name":"Programm auffrischen - Teguar","isPartOf":{"@id":"https:\/\/teguar.com\/eu\/en\/#website"},"primaryImageOfPage":{"@id":"https:\/\/teguar.com\/eu\/de\/programm-auffrischen\/#primaryimage"},"image":{"@id":"https:\/\/teguar.com\/eu\/de\/programm-auffrischen\/#primaryimage"},"thumbnailUrl":"https:\/\/teguar.com\/eu\/wp-content\/uploads\/sites\/2\/2025\/07\/Teguar-Refresh-Program-Photo-scaled-1-791x1024.jpg","datePublished":"2025-07-28T16:48:14+00:00","dateModified":"2025-10-16T12:45:21+00:00","description":"Wenn Sie sich f\u00fcr das Refresh-Programm von Teguar entscheiden, k\u00f6nnen Sie Ihre aktuellen Teguar-Ger\u00e4te einfach und kosteng\u00fcnstig aktualisieren. Wenden Sie sich noch heute an Ihren Teguar-Vertriebsmitarbeiter, um loszulegen!","breadcrumb":{"@id":"https:\/\/teguar.com\/eu\/de\/programm-auffrischen\/#breadcrumb"},"inLanguage":"de","potentialAction":[{"@type":"ReadAction","target":["https:\/\/teguar.com\/eu\/de\/programm-auffrischen\/"]}]},{"@type":"ImageObject","inLanguage":"de","@id":"https:\/\/teguar.com\/eu\/de\/programm-auffrischen\/#primaryimage","url":"https:\/\/teguar.com\/eu\/wp-content\/uploads\/sites\/2\/2025\/07\/Teguar-Refresh-Program-Photo-scaled-1-791x1024.jpg","contentUrl":"https:\/\/teguar.com\/eu\/wp-content\/uploads\/sites\/2\/2025\/07\/Teguar-Refresh-Program-Photo-scaled-1-791x1024.jpg"},{"@type":"BreadcrumbList","@id":"https:\/\/teguar.com\/eu\/de\/programm-auffrischen\/#breadcrumb","itemListElement":[{"@type":"ListItem","position":1,"name":"Home","item":"https:\/\/teguar.com\/eu\/de\/"},{"@type":"ListItem","position":2,"name":"Programm auffrischen"}]},{"@type":"WebSite","@id":"https:\/\/teguar.com\/eu\/en\/#website","url":"https:\/\/teguar.com\/eu\/en\/","name":"Teguar","description":"Industrial PCs, Medical Computers, and Rugged Tablets","potentialAction":[{"@type":"SearchAction","target":{"@type":"EntryPoint","urlTemplate":"https:\/\/teguar.com\/eu\/en\/?s={search_term_string}"},"query-input":{"@type":"PropertyValueSpecification","valueRequired":true,"valueName":"search_term_string"}}],"inLanguage":"de"}]}},"_links":{"self":[{"href":"https:\/\/teguar.com\/eu\/de\/wp-json\/wp\/v2\/pages\/2243572","targetHints":{"allow":["GET"]}}],"collection":[{"href":"https:\/\/teguar.com\/eu\/de\/wp-json\/wp\/v2\/pages"}],"about":[{"href":"https:\/\/teguar.com\/eu\/de\/wp-json\/wp\/v2\/types\/page"}],"author":[{"embeddable":true,"href":"https:\/\/teguar.com\/eu\/de\/wp-json\/wp\/v2\/users\/13"}],"replies":[{"embeddable":true,"href":"https:\/\/teguar.com\/eu\/de\/wp-json\/wp\/v2\/comments?post=2243572"}],"version-history":[{"count":1,"href":"https:\/\/teguar.com\/eu\/de\/wp-json\/wp\/v2\/pages\/2243572\/revisions"}],"predecessor-version":[{"id":2243575,"href":"https:\/\/teguar.com\/eu\/de\/wp-json\/wp\/v2\/pages\/2243572\/revisions\/2243575"}],"wp:attachment":[{"href":"https:\/\/teguar.com\/eu\/de\/wp-json\/wp\/v2\/media?parent=2243572"}],"curies":[{"name":"wp","href":"https:\/\/api.w.org\/{rel}","templated":true}]}}