{"id":2243571,"date":"2025-07-29T18:51:36","date_gmt":"2025-07-29T18:51:36","guid":{"rendered":"https:\/\/teguar.com\/eu\/erweiterte-standard-garantie\/"},"modified":"2025-10-16T12:45:21","modified_gmt":"2025-10-16T12:45:21","slug":"erweiterte-standard-garantie","status":"publish","type":"page","link":"https:\/\/teguar.com\/eu\/de\/erweiterte-standard-garantie\/","title":{"rendered":"Erweiterte Standard-Garantie"},"content":{"rendered":"\n<h2 class=\"wp-block-heading has-text-align-center\" id=\"h-introducing-our-standard-extended-warranty-your-safeguard-for-peace-of-mind-and-investment-protection\"><strong>Wir stellen Ihnen unsere Standard-Garantieverl\u00e4ngerung vor &#8211; Ihr Garantieschein f\u00fcr Seelenfrieden und Investitionsschutz.<\/strong><\/h2>\n\n<p class=\"has-text-align-center\">Mit unserer Standard-Garantieverl\u00e4ngerung genie\u00dfen Sie die Vorteile eines erweiterten Schutzes, finanzieller Sicherheit und Seelenfrieden, w\u00e4hrend Sie gleichzeitig Zeit und \u00c4rger sparen.<\/p>\n\n<p class=\"has-text-align-center\"><strong><em>W\u00e4hlen Sie Zuverl\u00e4ssigkeit. W\u00e4hlen Sie Vertrauen. W\u00e4hlen Sie Teguar.  <\/em><\/strong><\/p>\n\n<hr class=\"wp-block-separator has-alpha-channel-opacity\"\/>\n\n<h2 class=\"wp-block-heading\" id=\"h-here-s-how-it-works\">So funktioniert&#8217;s:<\/h2>\n\n<div class=\"wp-block-columns is-layout-flex wp-container-core-columns-is-layout-9d6595d7 wp-block-columns-is-layout-flex\">\n<div class=\"wp-block-column is-layout-flow wp-block-column-is-layout-flow\">\n<ul class=\"wp-block-list\">\n<li><strong>SCHUTZ DER INVESTITION<\/strong>: Industrielle und medizinische Computer sind bedeutende Investitionen, und Ausf\u00e4lle k\u00f6nnen hohe Reparatur- oder Ersatzkosten verursachen. Unsere erweiterte Standardgarantie stellt sicher, dass die abgedeckten Reparaturkosten \u00fcbernommen werden, so dass Ihre Investition ohne zus\u00e4tzliche finanzielle Belastung gesch\u00fctzt ist. <\/li>\n\n\n\n<li><strong>VERMEIDEN SIE KOSTSPIELIGE REPARATUREN<\/strong>: Verabschieden Sie sich von unerwarteten Reparaturrechnungen. Mit unserer erweiterten Standardgarantie vermeiden Sie die finanzielle Belastung durch kostspielige Reparaturen, schonen Ihr Budget und sorgen f\u00fcr vorhersehbare Betriebskosten \u00fcber einen l\u00e4ngeren Zeitraum. <\/li>\n\n\n\n<li><strong>FRIEDENSFRIEDEN<\/strong>: Seien Sie beruhigt, wenn Sie wissen, dass Ihr gekaufter Computer vor Ausf\u00e4llen und Fehlfunktionen gesch\u00fctzt ist. Wenn Sie in diese Garantie investieren, haben Sie die Gewissheit, dass alle Probleme umgehend behoben werden, was Stress reduziert und Sie von Sorgen befreit. <\/li>\n\n\n\n<li><strong>KOMFORT UND ZEITERSPARNIS<\/strong>: Lassen Sie nicht zu, dass Reparaturen Ihren Arbeitsablauf st\u00f6ren. Die erweiterte Standardgarantie bietet Komfort und Zeitersparnis, da sie alle in Frage kommenden Reparaturen nahtlos abdeckt. Sie brauchen sich nicht um Auslagen oder umst\u00e4ndliche Reparaturprozesse zu k\u00fcmmern &#8211; Teguar k\u00fcmmert sich um alles und sorgt so f\u00fcr einen reibungslosen Ablauf.  <\/li>\n<\/ul>\n<\/div>\n\n\n\n<div class=\"wp-block-column is-layout-flow wp-block-column-is-layout-flow\"><div class=\"wp-block-image\">\n<figure class=\"alignleft size-full\"><img loading=\"lazy\" decoding=\"async\" width=\"1000\" height=\"749\" src=\"https:\/\/teguar.com\/eu\/wp-content\/uploads\/sites\/2\/2025\/07\/Icon-e1753810013120.jpg\" alt=\"\" class=\"wp-image-2241924\"\/><\/figure>\n<\/div><\/div>\n<\/div>\n\n<p class=\"has-text-align-center btn\" style=\"font-size: 30px; padding: 30px 40px;\"><a href=\"https:\/\/teguar.com\/eu\/wp-content\/uploads\/sites\/2\/2025\/07\/Teguar-Standard-Extended-Warranty-Sell-Sheet.pdf\" target=\"_blank\" rel=\"noopener\">Als PDF anzeigen<\/a><\/p>\n\n<hr class=\"wp-block-separator has-alpha-channel-opacity\"\/>\n\n<script charset=\"utf-8\" type=\"text\/javascript\" src=\"\/\/js.hsforms.net\/forms\/embed\/v2.js\"><\/script><script>hbspt.forms.create({\n    portalId: \"21497995\",\n    formId: \"b75b2a57-f9b0-4ed6-9f9b-bce081603673\",\n    region: \"na1\"\n  });\n<\/script>\n\n<div style=\"height:100px\" aria-hidden=\"true\" class=\"wp-block-spacer\"><\/div>\n","protected":false},"excerpt":{"rendered":"<p>Wir stellen Ihnen unsere Standard-Garantieverl\u00e4ngerung vor &#8211; Ihr Garantieschein f\u00fcr Seelenfrieden und Investitionsschutz. Mit unserer Standard-Garantieverl\u00e4ngerung genie\u00dfen Sie die Vorteile eines erweiterten Schutzes, finanzieller Sicherheit und Seelenfrieden, w\u00e4hrend Sie gleichzeitig Zeit und \u00c4rger sparen. W\u00e4hlen Sie Zuverl\u00e4ssigkeit. W\u00e4hlen Sie Vertrauen. W\u00e4hlen Sie Teguar. So funktioniert&#8217;s: Als PDF anzeigen<\/p>\n","protected":false},"author":13,"featured_media":0,"parent":0,"menu_order":0,"comment_status":"closed","ping_status":"closed","template":"templates\/template-content-page.php","meta":{"_acf_changed":false,"footnotes":""},"class_list":["post-2243571","page","type-page","status-publish","hentry"],"acf":[],"yoast_head":"<!-- This site is optimized with the Yoast SEO Premium plugin v26.8 (Yoast SEO v27.2) - https:\/\/yoast.com\/product\/yoast-seo-premium-wordpress\/ -->\n<title>Erweiterte Standard-Garantie - Teguar<\/title>\n<meta name=\"description\" content=\"Die Standard-Garantieverl\u00e4ngerung bietet Vorteile wie verbesserten Schutz, finanzielle Sicherheit und Seelenfrieden, w\u00e4hrend Sie gleichzeitig Zeit und \u00c4rger sparen.\" \/>\n<meta name=\"robots\" content=\"index, follow, max-snippet:-1, max-image-preview:large, max-video-preview:-1\" \/>\n<link rel=\"canonical\" href=\"https:\/\/teguar.com\/eu\/de\/erweiterte-standard-garantie\/\" \/>\n<meta property=\"og:locale\" content=\"de_DE\" \/>\n<meta property=\"og:type\" content=\"article\" \/>\n<meta property=\"og:title\" content=\"Erweiterte Standard-Garantie\" \/>\n<meta property=\"og:description\" content=\"Die Standard-Garantieverl\u00e4ngerung bietet Vorteile wie verbesserten Schutz, finanzielle Sicherheit und Seelenfrieden, w\u00e4hrend Sie gleichzeitig Zeit und \u00c4rger sparen.\" \/>\n<meta property=\"og:url\" content=\"https:\/\/teguar.com\/eu\/de\/erweiterte-standard-garantie\/\" \/>\n<meta property=\"og:site_name\" content=\"Teguar\" \/>\n<meta property=\"article:modified_time\" content=\"2025-10-16T12:45:21+00:00\" \/>\n<meta property=\"og:image\" content=\"https:\/\/teguar.com\/eu\/wp-content\/uploads\/sites\/2\/2025\/07\/Icon-e1753810013120.jpg\" \/>\n<meta name=\"twitter:card\" content=\"summary_large_image\" \/>\n<meta name=\"twitter:label1\" content=\"Gesch\u00e4tzte Lesezeit\" \/>\n\t<meta name=\"twitter:data1\" content=\"1\u00a0Minute\" \/>\n<script type=\"application\/ld+json\" class=\"yoast-schema-graph\">{\"@context\":\"https:\/\/schema.org\",\"@graph\":[{\"@type\":\"WebPage\",\"@id\":\"https:\/\/teguar.com\/eu\/de\/erweiterte-standard-garantie\/\",\"url\":\"https:\/\/teguar.com\/eu\/de\/erweiterte-standard-garantie\/\",\"name\":\"Erweiterte Standard-Garantie - Teguar\",\"isPartOf\":{\"@id\":\"https:\/\/teguar.com\/eu\/en\/#website\"},\"primaryImageOfPage\":{\"@id\":\"https:\/\/teguar.com\/eu\/de\/erweiterte-standard-garantie\/#primaryimage\"},\"image\":{\"@id\":\"https:\/\/teguar.com\/eu\/de\/erweiterte-standard-garantie\/#primaryimage\"},\"thumbnailUrl\":\"https:\/\/teguar.com\/eu\/wp-content\/uploads\/sites\/2\/2025\/07\/Icon-e1753810013120.jpg\",\"datePublished\":\"2025-07-29T18:51:36+00:00\",\"dateModified\":\"2025-10-16T12:45:21+00:00\",\"description\":\"Die Standard-Garantieverl\u00e4ngerung bietet Vorteile wie verbesserten Schutz, finanzielle Sicherheit und Seelenfrieden, w\u00e4hrend Sie gleichzeitig Zeit und \u00c4rger sparen.\",\"breadcrumb\":{\"@id\":\"https:\/\/teguar.com\/eu\/de\/erweiterte-standard-garantie\/#breadcrumb\"},\"inLanguage\":\"de\",\"potentialAction\":[{\"@type\":\"ReadAction\",\"target\":[\"https:\/\/teguar.com\/eu\/de\/erweiterte-standard-garantie\/\"]}]},{\"@type\":\"ImageObject\",\"inLanguage\":\"de\",\"@id\":\"https:\/\/teguar.com\/eu\/de\/erweiterte-standard-garantie\/#primaryimage\",\"url\":\"https:\/\/teguar.com\/eu\/wp-content\/uploads\/sites\/2\/2025\/07\/Icon-e1753810013120.jpg\",\"contentUrl\":\"https:\/\/teguar.com\/eu\/wp-content\/uploads\/sites\/2\/2025\/07\/Icon-e1753810013120.jpg\"},{\"@type\":\"BreadcrumbList\",\"@id\":\"https:\/\/teguar.com\/eu\/de\/erweiterte-standard-garantie\/#breadcrumb\",\"itemListElement\":[{\"@type\":\"ListItem\",\"position\":1,\"name\":\"Home\",\"item\":\"https:\/\/teguar.com\/eu\/de\/\"},{\"@type\":\"ListItem\",\"position\":2,\"name\":\"Erweiterte Standard-Garantie\"}]},{\"@type\":\"WebSite\",\"@id\":\"https:\/\/teguar.com\/eu\/en\/#website\",\"url\":\"https:\/\/teguar.com\/eu\/en\/\",\"name\":\"Teguar\",\"description\":\"Industrial PCs, Medical Computers, and Rugged Tablets\",\"potentialAction\":[{\"@type\":\"SearchAction\",\"target\":{\"@type\":\"EntryPoint\",\"urlTemplate\":\"https:\/\/teguar.com\/eu\/en\/?s={search_term_string}\"},\"query-input\":{\"@type\":\"PropertyValueSpecification\",\"valueRequired\":true,\"valueName\":\"search_term_string\"}}],\"inLanguage\":\"de\"}]}<\/script>\n<!-- \/ Yoast SEO Premium plugin. -->","yoast_head_json":{"title":"Erweiterte Standard-Garantie - Teguar","description":"Die Standard-Garantieverl\u00e4ngerung bietet Vorteile wie verbesserten Schutz, finanzielle Sicherheit und Seelenfrieden, w\u00e4hrend Sie gleichzeitig Zeit und \u00c4rger sparen.","robots":{"index":"index","follow":"follow","max-snippet":"max-snippet:-1","max-image-preview":"max-image-preview:large","max-video-preview":"max-video-preview:-1"},"canonical":"https:\/\/teguar.com\/eu\/de\/erweiterte-standard-garantie\/","og_locale":"de_DE","og_type":"article","og_title":"Erweiterte Standard-Garantie","og_description":"Die Standard-Garantieverl\u00e4ngerung bietet Vorteile wie verbesserten Schutz, finanzielle Sicherheit und Seelenfrieden, w\u00e4hrend Sie gleichzeitig Zeit und \u00c4rger sparen.","og_url":"https:\/\/teguar.com\/eu\/de\/erweiterte-standard-garantie\/","og_site_name":"Teguar","article_modified_time":"2025-10-16T12:45:21+00:00","og_image":[{"url":"https:\/\/teguar.com\/eu\/wp-content\/uploads\/sites\/2\/2025\/07\/Icon-e1753810013120.jpg","type":"","width":"","height":""}],"twitter_card":"summary_large_image","twitter_misc":{"Gesch\u00e4tzte Lesezeit":"1\u00a0Minute"},"schema":{"@context":"https:\/\/schema.org","@graph":[{"@type":"WebPage","@id":"https:\/\/teguar.com\/eu\/de\/erweiterte-standard-garantie\/","url":"https:\/\/teguar.com\/eu\/de\/erweiterte-standard-garantie\/","name":"Erweiterte Standard-Garantie - Teguar","isPartOf":{"@id":"https:\/\/teguar.com\/eu\/en\/#website"},"primaryImageOfPage":{"@id":"https:\/\/teguar.com\/eu\/de\/erweiterte-standard-garantie\/#primaryimage"},"image":{"@id":"https:\/\/teguar.com\/eu\/de\/erweiterte-standard-garantie\/#primaryimage"},"thumbnailUrl":"https:\/\/teguar.com\/eu\/wp-content\/uploads\/sites\/2\/2025\/07\/Icon-e1753810013120.jpg","datePublished":"2025-07-29T18:51:36+00:00","dateModified":"2025-10-16T12:45:21+00:00","description":"Die Standard-Garantieverl\u00e4ngerung bietet Vorteile wie verbesserten Schutz, finanzielle Sicherheit und Seelenfrieden, w\u00e4hrend Sie gleichzeitig Zeit und \u00c4rger sparen.","breadcrumb":{"@id":"https:\/\/teguar.com\/eu\/de\/erweiterte-standard-garantie\/#breadcrumb"},"inLanguage":"de","potentialAction":[{"@type":"ReadAction","target":["https:\/\/teguar.com\/eu\/de\/erweiterte-standard-garantie\/"]}]},{"@type":"ImageObject","inLanguage":"de","@id":"https:\/\/teguar.com\/eu\/de\/erweiterte-standard-garantie\/#primaryimage","url":"https:\/\/teguar.com\/eu\/wp-content\/uploads\/sites\/2\/2025\/07\/Icon-e1753810013120.jpg","contentUrl":"https:\/\/teguar.com\/eu\/wp-content\/uploads\/sites\/2\/2025\/07\/Icon-e1753810013120.jpg"},{"@type":"BreadcrumbList","@id":"https:\/\/teguar.com\/eu\/de\/erweiterte-standard-garantie\/#breadcrumb","itemListElement":[{"@type":"ListItem","position":1,"name":"Home","item":"https:\/\/teguar.com\/eu\/de\/"},{"@type":"ListItem","position":2,"name":"Erweiterte Standard-Garantie"}]},{"@type":"WebSite","@id":"https:\/\/teguar.com\/eu\/en\/#website","url":"https:\/\/teguar.com\/eu\/en\/","name":"Teguar","description":"Industrial PCs, Medical Computers, and Rugged Tablets","potentialAction":[{"@type":"SearchAction","target":{"@type":"EntryPoint","urlTemplate":"https:\/\/teguar.com\/eu\/en\/?s={search_term_string}"},"query-input":{"@type":"PropertyValueSpecification","valueRequired":true,"valueName":"search_term_string"}}],"inLanguage":"de"}]}},"_links":{"self":[{"href":"https:\/\/teguar.com\/eu\/de\/wp-json\/wp\/v2\/pages\/2243571","targetHints":{"allow":["GET"]}}],"collection":[{"href":"https:\/\/teguar.com\/eu\/de\/wp-json\/wp\/v2\/pages"}],"about":[{"href":"https:\/\/teguar.com\/eu\/de\/wp-json\/wp\/v2\/types\/page"}],"author":[{"embeddable":true,"href":"https:\/\/teguar.com\/eu\/de\/wp-json\/wp\/v2\/users\/13"}],"replies":[{"embeddable":true,"href":"https:\/\/teguar.com\/eu\/de\/wp-json\/wp\/v2\/comments?post=2243571"}],"version-history":[{"count":1,"href":"https:\/\/teguar.com\/eu\/de\/wp-json\/wp\/v2\/pages\/2243571\/revisions"}],"predecessor-version":[{"id":2243574,"href":"https:\/\/teguar.com\/eu\/de\/wp-json\/wp\/v2\/pages\/2243571\/revisions\/2243574"}],"wp:attachment":[{"href":"https:\/\/teguar.com\/eu\/de\/wp-json\/wp\/v2\/media?parent=2243571"}],"curies":[{"name":"wp","href":"https:\/\/api.w.org\/{rel}","templated":true}]}}