{"id":2243564,"date":"2025-07-28T16:35:23","date_gmt":"2025-07-28T16:35:23","guid":{"rendered":"https:\/\/teguar.com\/eu\/programm-fuer-beschleunigte-reparaturen\/"},"modified":"2025-10-16T12:45:21","modified_gmt":"2025-10-16T12:45:21","slug":"programm-fuer-beschleunigte-reparaturen","status":"publish","type":"page","link":"https:\/\/teguar.com\/eu\/de\/programm-fuer-beschleunigte-reparaturen\/","title":{"rendered":"Programm f\u00fcr beschleunigte Reparaturen"},"content":{"rendered":"\n<div class=\"wp-block-columns is-layout-flex wp-container-core-columns-is-layout-9d6595d7 wp-block-columns-is-layout-flex\">\n<div class=\"wp-block-column is-layout-flow wp-block-column-is-layout-flow\">\n<h3 class=\"wp-block-heading has-text-align-center\" id=\"h-skip-to-the-front-of-the-line-and-get-your-teguar-device-returned-in-1-3-business-days\">Stellen Sie sich an die Spitze der Warteschlange und erhalten Sie Ihr Teguar Ger\u00e4t innerhalb von 1-3 Werktagen zur\u00fcck.<\/h3>\n<\/div>\n\n\n\n<div class=\"wp-block-column is-layout-flow wp-block-column-is-layout-flow\">\n<p class=\"has-text-align-center btn\" style=\"font-size: 30px; padding: 30px 40px;\"><a href=\"https:\/\/teguar.com\/eu\/wp-content\/uploads\/sites\/2\/2025\/07\/Teguar_Warranty.5.2Update_v2-1-compressed.pdf\" target=\"_blank\" rel=\"noopener\">Als PDF anzeigen<\/a><\/p>\n<\/div>\n<\/div>\n\n<div class=\"wp-block-columns is-layout-flex wp-container-core-columns-is-layout-9d6595d7 wp-block-columns-is-layout-flex\">\n<div class=\"wp-block-column is-layout-flow wp-block-column-is-layout-flow\">\n<figure class=\"wp-block-image size-full\"><img loading=\"lazy\" decoding=\"async\" width=\"588\" height=\"255\" src=\"https:\/\/teguar.com\/eu\/wp-content\/uploads\/sites\/2\/2025\/07\/RMA-Price-1.png\" alt=\"Einmalige Kosten von $125 pro Einheit\" class=\"wp-image-2241755\" srcset=\"https:\/\/teguar.com\/eu\/wp-content\/uploads\/sites\/2\/2025\/07\/RMA-Price-1.png 588w, https:\/\/teguar.com\/eu\/wp-content\/uploads\/sites\/2\/2025\/07\/RMA-Price-1-300x130.png 300w, https:\/\/teguar.com\/eu\/wp-content\/uploads\/sites\/2\/2025\/07\/RMA-Price-1-164x71.png 164w\" sizes=\"auto, (max-width: 588px) 100vw, 588px\" \/><\/figure>\n<\/div>\n\n\n\n<div class=\"wp-block-column is-layout-flow wp-block-column-is-layout-flow\">\n<p>Unser Expedited Repair Program bietet eine zus\u00e4tzliche Unterst\u00fctzung f\u00fcr zeitkritische Projekte, die eine schnelle Reparatur erfordern. Anstatt mehrere Reparaturkosten f\u00fcr verschiedene Anfragen anfallen zu lassen, bietet diese Garantie eine einzige Zahlung f\u00fcr die gesamte Dauer Ihrer Garantie. <br\/><br\/>Wenn Sie sich f\u00fcr diesen Mehrwertdienst entscheiden, k\u00f6nnen Sie sicher sein, dass unsere Kunden die n\u00f6tige Unterst\u00fctzung erhalten, um ihre dringenden Reparaturanforderungen zu erf\u00fcllen.<\/p>\n<\/div>\n<\/div>\n\n<hr class=\"wp-block-separator has-alpha-channel-opacity\"\/>\n\n<div class=\"wp-block-columns is-layout-flex wp-container-core-columns-is-layout-9d6595d7 wp-block-columns-is-layout-flex\">\n<div class=\"wp-block-column is-layout-flow wp-block-column-is-layout-flow\">\n<ul class=\"wp-block-list\">\n<li><strong>Einmalige Zahlung: <\/strong>Statt mehrerer Reparaturkosten f\u00fcr verschiedene Antr\u00e4ge bietet diese Garantie eine einzige Zahlung f\u00fcr die gesamte Laufzeit.<\/li>\n\n\n\n<li><strong>Service mit Mehrwert:<\/strong> Wenn Sie sich f\u00fcr dieses Programm entscheiden, erhalten Sie wichtige Unterst\u00fctzung bei dringendem Reparaturbedarf.<\/li>\n\n\n\n<li><strong>Kosteneffektiv:<\/strong> Mit einer einzigen Zahlung vermeiden Sie, dass mehrere Reparaturkosten anfallen, und sparen so auf lange Sicht Geld.<\/li>\n\n\n\n<li><strong>Bequemlichkeit: <\/strong>Dieses Programm rationalisiert den Reparaturprozess, indem es die Notwendigkeit mehrerer Zahlungsvorg\u00e4nge eliminiert.<\/li>\n\n\n\n<li><strong>Seelenfrieden:<\/strong> Dieses Programm bietet eine zus\u00e4tzliche Unterst\u00fctzung, die Stress und \u00c4ngste im Zusammenhang mit zeitkritischen Reparaturen reduziert.<\/li>\n\n\n\n<li><strong>Professioneller Service: <\/strong>Das Expedited Repair Program wurde entwickelt, um den Anforderungen professioneller Projekte gerecht zu werden und qualitativ hochwertige Reparaturen und effizienten Service zu gew\u00e4hrleisten.<\/li>\n<\/ul>\n<\/div>\n\n\n\n<div class=\"wp-block-column is-layout-flow wp-block-column-is-layout-flow\">\n<figure class=\"wp-block-image size-large\"><img loading=\"lazy\" decoding=\"async\" width=\"1024\" height=\"576\" src=\"https:\/\/teguar.com\/eu\/wp-content\/uploads\/sites\/2\/2025\/07\/DSC01826-scaled-1-1024x576.jpg\" alt=\"Ein Teguar-Techniker arbeitet an einem Panel-Computer\" class=\"wp-image-2241757\" srcset=\"https:\/\/teguar.com\/eu\/wp-content\/uploads\/sites\/2\/2025\/07\/DSC01826-scaled-1-1024x576.jpg 1024w, https:\/\/teguar.com\/eu\/wp-content\/uploads\/sites\/2\/2025\/07\/DSC01826-scaled-1-300x169.jpg 300w, https:\/\/teguar.com\/eu\/wp-content\/uploads\/sites\/2\/2025\/07\/DSC01826-scaled-1-768x432.jpg 768w, https:\/\/teguar.com\/eu\/wp-content\/uploads\/sites\/2\/2025\/07\/DSC01826-scaled-1-1536x865.jpg 1536w, https:\/\/teguar.com\/eu\/wp-content\/uploads\/sites\/2\/2025\/07\/DSC01826-scaled-1-2048x1153.jpg 2048w, https:\/\/teguar.com\/eu\/wp-content\/uploads\/sites\/2\/2025\/07\/DSC01826-scaled-1-266x150.jpg 266w, https:\/\/teguar.com\/eu\/wp-content\/uploads\/sites\/2\/2025\/07\/DSC01826-scaled-1-164x92.jpg 164w, https:\/\/teguar.com\/eu\/wp-content\/uploads\/sites\/2\/2025\/07\/DSC01826-scaled-1-600x338.jpg 600w\" sizes=\"auto, (max-width: 1024px) 100vw, 1024px\" \/><\/figure>\n<\/div>\n<\/div>\n\n<script charset=\"utf-8\" type=\"text\/javascript\" src=\"\/\/js.hsforms.net\/forms\/embed\/v2.js\"><\/script><script>hbspt.forms.create({\n    portalId: \"21497995\",\n    formId: \"b75b2a57-f9b0-4ed6-9f9b-bce081603673\",\n    region: \"na1\"\n  });\n<\/script>\n\n<div style=\"height:100px\" aria-hidden=\"true\" class=\"wp-block-spacer\"><\/div>\n","protected":false},"excerpt":{"rendered":"<p>Stellen Sie sich an die Spitze der Warteschlange und erhalten Sie Ihr Teguar Ger\u00e4t innerhalb von 1-3 Werktagen zur\u00fcck. Als PDF anzeigen Unser Expedited Repair Program bietet eine zus\u00e4tzliche Unterst\u00fctzung f\u00fcr zeitkritische Projekte, die eine schnelle Reparatur erfordern. Anstatt mehrere Reparaturkosten f\u00fcr verschiedene Anfragen anfallen zu lassen, bietet diese Garantie eine einzige Zahlung f\u00fcr die [&hellip;]<\/p>\n","protected":false},"author":13,"featured_media":0,"parent":0,"menu_order":0,"comment_status":"closed","ping_status":"closed","template":"templates\/template-content-page.php","meta":{"_acf_changed":false,"footnotes":""},"class_list":["post-2243564","page","type-page","status-publish","hentry"],"acf":[],"yoast_head":"<!-- This site is optimized with the Yoast SEO Premium plugin v26.8 (Yoast SEO v27.2) - https:\/\/yoast.com\/product\/yoast-seo-premium-wordpress\/ -->\n<title>Programm f\u00fcr beschleunigte Reparaturen - Teguar<\/title>\n<meta name=\"description\" content=\"Erfahren Sie, wie das Expedited Repair Program von Teguar eine zus\u00e4tzliche Unterst\u00fctzung f\u00fcr zeitkritische Projekte bietet, die eine schnelle Reparatur erfordern.\" \/>\n<meta name=\"robots\" content=\"index, follow, max-snippet:-1, max-image-preview:large, max-video-preview:-1\" \/>\n<link rel=\"canonical\" href=\"https:\/\/teguar.com\/eu\/de\/programm-fuer-beschleunigte-reparaturen\/\" \/>\n<meta property=\"og:locale\" content=\"de_DE\" \/>\n<meta property=\"og:type\" content=\"article\" \/>\n<meta property=\"og:title\" content=\"Programm f\u00fcr beschleunigte Reparaturen\" \/>\n<meta property=\"og:description\" content=\"Erfahren Sie, wie das Expedited Repair Program von Teguar eine zus\u00e4tzliche Unterst\u00fctzung f\u00fcr zeitkritische Projekte bietet, die eine schnelle Reparatur erfordern.\" \/>\n<meta property=\"og:url\" content=\"https:\/\/teguar.com\/eu\/de\/programm-fuer-beschleunigte-reparaturen\/\" \/>\n<meta property=\"og:site_name\" content=\"Teguar\" \/>\n<meta property=\"article:modified_time\" content=\"2025-10-16T12:45:21+00:00\" \/>\n<meta property=\"og:image\" content=\"https:\/\/teguar.com\/eu\/wp-content\/uploads\/sites\/2\/2025\/07\/RMA-Price-1.png\" \/>\n<meta name=\"twitter:card\" content=\"summary_large_image\" \/>\n<meta name=\"twitter:label1\" content=\"Gesch\u00e4tzte Lesezeit\" \/>\n\t<meta name=\"twitter:data1\" content=\"1\u00a0Minute\" \/>\n<script type=\"application\/ld+json\" class=\"yoast-schema-graph\">{\"@context\":\"https:\/\/schema.org\",\"@graph\":[{\"@type\":\"WebPage\",\"@id\":\"https:\/\/teguar.com\/eu\/de\/programm-fuer-beschleunigte-reparaturen\/\",\"url\":\"https:\/\/teguar.com\/eu\/de\/programm-fuer-beschleunigte-reparaturen\/\",\"name\":\"Programm f\u00fcr beschleunigte Reparaturen - Teguar\",\"isPartOf\":{\"@id\":\"https:\/\/teguar.com\/eu\/en\/#website\"},\"primaryImageOfPage\":{\"@id\":\"https:\/\/teguar.com\/eu\/de\/programm-fuer-beschleunigte-reparaturen\/#primaryimage\"},\"image\":{\"@id\":\"https:\/\/teguar.com\/eu\/de\/programm-fuer-beschleunigte-reparaturen\/#primaryimage\"},\"thumbnailUrl\":\"https:\/\/teguar.com\/eu\/wp-content\/uploads\/sites\/2\/2025\/07\/RMA-Price-1.png\",\"datePublished\":\"2025-07-28T16:35:23+00:00\",\"dateModified\":\"2025-10-16T12:45:21+00:00\",\"description\":\"Erfahren Sie, wie das Expedited Repair Program von Teguar eine zus\u00e4tzliche Unterst\u00fctzung f\u00fcr zeitkritische Projekte bietet, die eine schnelle Reparatur erfordern.\",\"breadcrumb\":{\"@id\":\"https:\/\/teguar.com\/eu\/de\/programm-fuer-beschleunigte-reparaturen\/#breadcrumb\"},\"inLanguage\":\"de\",\"potentialAction\":[{\"@type\":\"ReadAction\",\"target\":[\"https:\/\/teguar.com\/eu\/de\/programm-fuer-beschleunigte-reparaturen\/\"]}]},{\"@type\":\"ImageObject\",\"inLanguage\":\"de\",\"@id\":\"https:\/\/teguar.com\/eu\/de\/programm-fuer-beschleunigte-reparaturen\/#primaryimage\",\"url\":\"https:\/\/teguar.com\/eu\/wp-content\/uploads\/sites\/2\/2025\/07\/RMA-Price-1.png\",\"contentUrl\":\"https:\/\/teguar.com\/eu\/wp-content\/uploads\/sites\/2\/2025\/07\/RMA-Price-1.png\"},{\"@type\":\"BreadcrumbList\",\"@id\":\"https:\/\/teguar.com\/eu\/de\/programm-fuer-beschleunigte-reparaturen\/#breadcrumb\",\"itemListElement\":[{\"@type\":\"ListItem\",\"position\":1,\"name\":\"Home\",\"item\":\"https:\/\/teguar.com\/eu\/de\/\"},{\"@type\":\"ListItem\",\"position\":2,\"name\":\"Programm f\u00fcr beschleunigte Reparaturen\"}]},{\"@type\":\"WebSite\",\"@id\":\"https:\/\/teguar.com\/eu\/en\/#website\",\"url\":\"https:\/\/teguar.com\/eu\/en\/\",\"name\":\"Teguar\",\"description\":\"Industrial PCs, Medical Computers, and Rugged Tablets\",\"potentialAction\":[{\"@type\":\"SearchAction\",\"target\":{\"@type\":\"EntryPoint\",\"urlTemplate\":\"https:\/\/teguar.com\/eu\/en\/?s={search_term_string}\"},\"query-input\":{\"@type\":\"PropertyValueSpecification\",\"valueRequired\":true,\"valueName\":\"search_term_string\"}}],\"inLanguage\":\"de\"}]}<\/script>\n<!-- \/ Yoast SEO Premium plugin. -->","yoast_head_json":{"title":"Programm f\u00fcr beschleunigte Reparaturen - Teguar","description":"Erfahren Sie, wie das Expedited Repair Program von Teguar eine zus\u00e4tzliche Unterst\u00fctzung f\u00fcr zeitkritische Projekte bietet, die eine schnelle Reparatur erfordern.","robots":{"index":"index","follow":"follow","max-snippet":"max-snippet:-1","max-image-preview":"max-image-preview:large","max-video-preview":"max-video-preview:-1"},"canonical":"https:\/\/teguar.com\/eu\/de\/programm-fuer-beschleunigte-reparaturen\/","og_locale":"de_DE","og_type":"article","og_title":"Programm f\u00fcr beschleunigte Reparaturen","og_description":"Erfahren Sie, wie das Expedited Repair Program von Teguar eine zus\u00e4tzliche Unterst\u00fctzung f\u00fcr zeitkritische Projekte bietet, die eine schnelle Reparatur erfordern.","og_url":"https:\/\/teguar.com\/eu\/de\/programm-fuer-beschleunigte-reparaturen\/","og_site_name":"Teguar","article_modified_time":"2025-10-16T12:45:21+00:00","og_image":[{"url":"https:\/\/teguar.com\/eu\/wp-content\/uploads\/sites\/2\/2025\/07\/RMA-Price-1.png","type":"","width":"","height":""}],"twitter_card":"summary_large_image","twitter_misc":{"Gesch\u00e4tzte Lesezeit":"1\u00a0Minute"},"schema":{"@context":"https:\/\/schema.org","@graph":[{"@type":"WebPage","@id":"https:\/\/teguar.com\/eu\/de\/programm-fuer-beschleunigte-reparaturen\/","url":"https:\/\/teguar.com\/eu\/de\/programm-fuer-beschleunigte-reparaturen\/","name":"Programm f\u00fcr beschleunigte Reparaturen - Teguar","isPartOf":{"@id":"https:\/\/teguar.com\/eu\/en\/#website"},"primaryImageOfPage":{"@id":"https:\/\/teguar.com\/eu\/de\/programm-fuer-beschleunigte-reparaturen\/#primaryimage"},"image":{"@id":"https:\/\/teguar.com\/eu\/de\/programm-fuer-beschleunigte-reparaturen\/#primaryimage"},"thumbnailUrl":"https:\/\/teguar.com\/eu\/wp-content\/uploads\/sites\/2\/2025\/07\/RMA-Price-1.png","datePublished":"2025-07-28T16:35:23+00:00","dateModified":"2025-10-16T12:45:21+00:00","description":"Erfahren Sie, wie das Expedited Repair Program von Teguar eine zus\u00e4tzliche Unterst\u00fctzung f\u00fcr zeitkritische Projekte bietet, die eine schnelle Reparatur erfordern.","breadcrumb":{"@id":"https:\/\/teguar.com\/eu\/de\/programm-fuer-beschleunigte-reparaturen\/#breadcrumb"},"inLanguage":"de","potentialAction":[{"@type":"ReadAction","target":["https:\/\/teguar.com\/eu\/de\/programm-fuer-beschleunigte-reparaturen\/"]}]},{"@type":"ImageObject","inLanguage":"de","@id":"https:\/\/teguar.com\/eu\/de\/programm-fuer-beschleunigte-reparaturen\/#primaryimage","url":"https:\/\/teguar.com\/eu\/wp-content\/uploads\/sites\/2\/2025\/07\/RMA-Price-1.png","contentUrl":"https:\/\/teguar.com\/eu\/wp-content\/uploads\/sites\/2\/2025\/07\/RMA-Price-1.png"},{"@type":"BreadcrumbList","@id":"https:\/\/teguar.com\/eu\/de\/programm-fuer-beschleunigte-reparaturen\/#breadcrumb","itemListElement":[{"@type":"ListItem","position":1,"name":"Home","item":"https:\/\/teguar.com\/eu\/de\/"},{"@type":"ListItem","position":2,"name":"Programm f\u00fcr beschleunigte Reparaturen"}]},{"@type":"WebSite","@id":"https:\/\/teguar.com\/eu\/en\/#website","url":"https:\/\/teguar.com\/eu\/en\/","name":"Teguar","description":"Industrial PCs, Medical Computers, and Rugged Tablets","potentialAction":[{"@type":"SearchAction","target":{"@type":"EntryPoint","urlTemplate":"https:\/\/teguar.com\/eu\/en\/?s={search_term_string}"},"query-input":{"@type":"PropertyValueSpecification","valueRequired":true,"valueName":"search_term_string"}}],"inLanguage":"de"}]}},"_links":{"self":[{"href":"https:\/\/teguar.com\/eu\/de\/wp-json\/wp\/v2\/pages\/2243564","targetHints":{"allow":["GET"]}}],"collection":[{"href":"https:\/\/teguar.com\/eu\/de\/wp-json\/wp\/v2\/pages"}],"about":[{"href":"https:\/\/teguar.com\/eu\/de\/wp-json\/wp\/v2\/types\/page"}],"author":[{"embeddable":true,"href":"https:\/\/teguar.com\/eu\/de\/wp-json\/wp\/v2\/users\/13"}],"replies":[{"embeddable":true,"href":"https:\/\/teguar.com\/eu\/de\/wp-json\/wp\/v2\/comments?post=2243564"}],"version-history":[{"count":1,"href":"https:\/\/teguar.com\/eu\/de\/wp-json\/wp\/v2\/pages\/2243564\/revisions"}],"predecessor-version":[{"id":2243570,"href":"https:\/\/teguar.com\/eu\/de\/wp-json\/wp\/v2\/pages\/2243564\/revisions\/2243570"}],"wp:attachment":[{"href":"https:\/\/teguar.com\/eu\/de\/wp-json\/wp\/v2\/media?parent=2243564"}],"curies":[{"name":"wp","href":"https:\/\/api.w.org\/{rel}","templated":true}]}}