{"id":2243563,"date":"2025-07-29T18:30:09","date_gmt":"2025-07-29T18:30:09","guid":{"rendered":"https:\/\/teguar.com\/eu\/benutzerdefiniertes-bildgebungsprogramm\/"},"modified":"2025-10-23T15:49:32","modified_gmt":"2025-10-23T15:49:32","slug":"benutzerdefiniertes-bildgebungsprogramm","status":"publish","type":"page","link":"https:\/\/teguar.com\/eu\/de\/benutzerdefiniertes-bildgebungsprogramm\/","title":{"rendered":"Image-Erstellung und Verfielf\u00e4ltigung"},"content":{"rendered":"\n<h2 class=\"wp-block-heading has-text-align-center\" id=\"h-save-time-and-effort-when-configuring-each-computer-in-your-fleet-with-teguar-s-custom-imaging-program\"><strong>Sparen Sie Zeit und Kosten bei der Konfiguration der einzelnen Computer in Ihrer Systemumgebung mit dem <strong>Custom Imaging Program von Teguar.<\/strong><\/strong><\/h2>\n\n<p class=\"has-text-align-center\">Mit dieser L\u00f6sung bieten wir einen nahtlosen Prozess zur Erfassung Ihres gew\u00fcnschten Systemabbilds, zur Automatisierung von Anpassungen und zur Bereitstellung auf allen Ihren Computern. Erleben Sie eine erhebliche Zeitersparnis und ein verbessertes Out-of-the-Box-Erlebnis f\u00fcr jedes Ger\u00e4t. <\/p>\n\n<hr class=\"wp-block-separator has-alpha-channel-opacity\"\/>\n\n<h2 class=\"wp-block-heading\" id=\"h-here-s-how-it-works\">Und so funktioniert es:<\/h2>\n\n<div class=\"wp-block-columns is-layout-flex wp-container-core-columns-is-layout-9d6595d7 wp-block-columns-is-layout-flex\">\n<div class=\"wp-block-column is-layout-flow wp-block-column-is-layout-flow\">\n<ul class=\"wp-block-list\">\n<li><strong>IHR IMAGE EINRICHTEN<\/strong>: Installieren und konfigurieren Sie Ihr gew\u00fcnschtes System-Setup auf einem unserer Computer. Wenn Sie mit der Einrichtung zufrieden sind, schicken Sie den Computer einfach zur Bildaufnahme an uns. <\/li>\n\n\n\n<li><strong>IMAGE-VORBEREITUNG UND -ANPASSUNG<\/strong>: Unser Expertenteam bereitet Ihr System-Image f\u00fcr die Erfassung vor und erstellt benutzerdefinierte Dateien, um alle von Ihnen gew\u00fcnschten spezifischen Image-Anpassungen zu automatisieren.<\/li>\n\n\n\n<li><strong>SERVER EINRICHTEN<\/strong>: Sobald wir Ihren Computer erhalten haben, f\u00fchren wir die Image-Erfassung durch und richten ihn auf unserem Deployment-Server ein, um sicherzustellen, dass Ihr individuelles Image f\u00fcr Ihre gesamte Systemumgebung zur Verf\u00fcgung steht.<\/li>\n\n\n\n<li><strong>AUSROLLPROZESS<\/strong>: Unser Ausrollprozess macht eine manuelle Konfiguration \u00fcberfl\u00fcssig, wodurch die Bereitstellungszeit f\u00fcr jedes Ger\u00e4t drastisch reduziert wird.<\/li>\n<\/ul>\n\n\n\n<p class=\"has-text-align-center btn\" style=\"font-size: 30px; padding: 30px 40px;\"><a href=\"https:\/\/teguar.com\/eu\/wp-content\/uploads\/sites\/2\/2025\/07\/Teguar-Custom-Imaging-Sell-Sheet.pdf\" target=\"_blank\" rel=\"noopener\">Als PDF anzeigen<\/a><\/p>\n\n\n\n<hr class=\"wp-block-separator has-alpha-channel-opacity\"\/>\n<\/div>\n\n\n\n<div class=\"wp-block-column is-layout-flow wp-block-column-is-layout-flow\"><div class=\"wp-block-image\">\n<figure class=\"alignleft size-full\"><img loading=\"lazy\" decoding=\"async\" width=\"485\" height=\"687\" src=\"https:\/\/teguar.com\/eu\/wp-content\/uploads\/sites\/2\/2025\/07\/Custom-Imaging-1.jpg\" alt=\"Imaging-Service $700 pro Image. Image-Update-Geb&#xFC;hr: Wenn Ihr Image in Zukunft aktualisiert werden muss, wird eine zus&#xE4;tzliche Anpassungsgeb&#xFC;hr f&#xE4;llig. Ausrollen des Images $15 pro Ger&#xE4;t.  \" class=\"wp-image-2241934\" srcset=\"https:\/\/teguar.com\/eu\/wp-content\/uploads\/sites\/2\/2025\/07\/Custom-Imaging-1.jpg 485w, https:\/\/teguar.com\/eu\/wp-content\/uploads\/sites\/2\/2025\/07\/Custom-Imaging-1-212x300.jpg 212w, https:\/\/teguar.com\/eu\/wp-content\/uploads\/sites\/2\/2025\/07\/Custom-Imaging-1-106x150.jpg 106w, https:\/\/teguar.com\/eu\/wp-content\/uploads\/sites\/2\/2025\/07\/Custom-Imaging-1-102x144.jpg 102w\" sizes=\"auto, (max-width: 485px) 100vw, 485px\" \/><\/figure>\n<\/div><\/div>\n<\/div>\n\n<script charset=\"utf-8\" type=\"text\/javascript\" src=\"\/\/js.hsforms.net\/forms\/embed\/v2.js\"><\/script><script>hbspt.forms.create({\n    portalId: \"21497995\",\n    formId: \"b75b2a57-f9b0-4ed6-9f9b-bce081603673\",\n    region: \"na1\"\n  });\n<\/script>\n\n<div style=\"height:100px\" aria-hidden=\"true\" class=\"wp-block-spacer\"><\/div>\n","protected":false},"excerpt":{"rendered":"<p>Sparen Sie Zeit und Kosten bei der Konfiguration der einzelnen Computer in Ihrer Systemumgebung mit dem Custom Imaging Program von Teguar. Mit dieser L\u00f6sung bieten wir einen nahtlosen Prozess zur Erfassung Ihres gew\u00fcnschten Systemabbilds, zur Automatisierung von Anpassungen und zur Bereitstellung auf allen Ihren Computern. Erleben Sie eine erhebliche Zeitersparnis und ein verbessertes Out-of-the-Box-Erlebnis f\u00fcr [&hellip;]<\/p>\n","protected":false},"author":13,"featured_media":0,"parent":0,"menu_order":0,"comment_status":"closed","ping_status":"closed","template":"templates\/template-content-page.php","meta":{"_acf_changed":false,"footnotes":""},"class_list":["post-2243563","page","type-page","status-publish","hentry"],"acf":[],"yoast_head":"<!-- This site is optimized with the Yoast SEO Premium plugin v26.8 (Yoast SEO v27.2) - https:\/\/yoast.com\/product\/yoast-seo-premium-wordpress\/ -->\n<title>Image-Erstellung und Verfielf\u00e4ltigung - Teguar<\/title>\n<meta name=\"description\" content=\"Sparen Sie Zeit und M\u00fche bei der Konfiguration der einzelnen Computer in Ihrer Flotte mit dem Custom Imaging Program von Teguar. Nutzen Sie diesen Vorteil mit jedem Ger\u00e4t!\" \/>\n<meta name=\"robots\" content=\"index, follow, max-snippet:-1, max-image-preview:large, max-video-preview:-1\" \/>\n<link rel=\"canonical\" href=\"https:\/\/teguar.com\/eu\/de\/benutzerdefiniertes-bildgebungsprogramm\/\" \/>\n<meta property=\"og:locale\" content=\"de_DE\" \/>\n<meta property=\"og:type\" content=\"article\" \/>\n<meta property=\"og:title\" content=\"Image-Erstellung und Verfielf\u00e4ltigung\" \/>\n<meta property=\"og:description\" content=\"Sparen Sie Zeit und M\u00fche bei der Konfiguration der einzelnen Computer in Ihrer Flotte mit dem Custom Imaging Program von Teguar. Nutzen Sie diesen Vorteil mit jedem Ger\u00e4t!\" \/>\n<meta property=\"og:url\" content=\"https:\/\/teguar.com\/eu\/de\/benutzerdefiniertes-bildgebungsprogramm\/\" \/>\n<meta property=\"og:site_name\" content=\"Teguar\" \/>\n<meta property=\"article:modified_time\" content=\"2025-10-23T15:49:32+00:00\" \/>\n<meta property=\"og:image\" content=\"https:\/\/teguar.com\/eu\/wp-content\/uploads\/sites\/2\/2025\/07\/Custom-Imaging-1.jpg\" \/>\n<meta name=\"twitter:card\" content=\"summary_large_image\" \/>\n<meta name=\"twitter:label1\" content=\"Gesch\u00e4tzte Lesezeit\" \/>\n\t<meta name=\"twitter:data1\" content=\"1\u00a0Minute\" \/>\n<script type=\"application\/ld+json\" class=\"yoast-schema-graph\">{\"@context\":\"https:\/\/schema.org\",\"@graph\":[{\"@type\":\"WebPage\",\"@id\":\"https:\/\/teguar.com\/eu\/de\/benutzerdefiniertes-bildgebungsprogramm\/\",\"url\":\"https:\/\/teguar.com\/eu\/de\/benutzerdefiniertes-bildgebungsprogramm\/\",\"name\":\"Image-Erstellung und Verfielf\u00e4ltigung - Teguar\",\"isPartOf\":{\"@id\":\"https:\/\/teguar.com\/eu\/en\/#website\"},\"primaryImageOfPage\":{\"@id\":\"https:\/\/teguar.com\/eu\/de\/benutzerdefiniertes-bildgebungsprogramm\/#primaryimage\"},\"image\":{\"@id\":\"https:\/\/teguar.com\/eu\/de\/benutzerdefiniertes-bildgebungsprogramm\/#primaryimage\"},\"thumbnailUrl\":\"https:\/\/teguar.com\/eu\/wp-content\/uploads\/sites\/2\/2025\/07\/Custom-Imaging-1.jpg\",\"datePublished\":\"2025-07-29T18:30:09+00:00\",\"dateModified\":\"2025-10-23T15:49:32+00:00\",\"description\":\"Sparen Sie Zeit und M\u00fche bei der Konfiguration der einzelnen Computer in Ihrer Flotte mit dem Custom Imaging Program von Teguar. Nutzen Sie diesen Vorteil mit jedem Ger\u00e4t!\",\"breadcrumb\":{\"@id\":\"https:\/\/teguar.com\/eu\/de\/benutzerdefiniertes-bildgebungsprogramm\/#breadcrumb\"},\"inLanguage\":\"de\",\"potentialAction\":[{\"@type\":\"ReadAction\",\"target\":[\"https:\/\/teguar.com\/eu\/de\/benutzerdefiniertes-bildgebungsprogramm\/\"]}]},{\"@type\":\"ImageObject\",\"inLanguage\":\"de\",\"@id\":\"https:\/\/teguar.com\/eu\/de\/benutzerdefiniertes-bildgebungsprogramm\/#primaryimage\",\"url\":\"https:\/\/teguar.com\/eu\/wp-content\/uploads\/sites\/2\/2025\/07\/Custom-Imaging-1.jpg\",\"contentUrl\":\"https:\/\/teguar.com\/eu\/wp-content\/uploads\/sites\/2\/2025\/07\/Custom-Imaging-1.jpg\"},{\"@type\":\"BreadcrumbList\",\"@id\":\"https:\/\/teguar.com\/eu\/de\/benutzerdefiniertes-bildgebungsprogramm\/#breadcrumb\",\"itemListElement\":[{\"@type\":\"ListItem\",\"position\":1,\"name\":\"Home\",\"item\":\"https:\/\/teguar.com\/eu\/de\/\"},{\"@type\":\"ListItem\",\"position\":2,\"name\":\"Image-Erstellung und Verfielf\u00e4ltigung\"}]},{\"@type\":\"WebSite\",\"@id\":\"https:\/\/teguar.com\/eu\/en\/#website\",\"url\":\"https:\/\/teguar.com\/eu\/en\/\",\"name\":\"Teguar\",\"description\":\"Industrial PCs, Medical Computers, and Rugged Tablets\",\"potentialAction\":[{\"@type\":\"SearchAction\",\"target\":{\"@type\":\"EntryPoint\",\"urlTemplate\":\"https:\/\/teguar.com\/eu\/en\/?s={search_term_string}\"},\"query-input\":{\"@type\":\"PropertyValueSpecification\",\"valueRequired\":true,\"valueName\":\"search_term_string\"}}],\"inLanguage\":\"de\"}]}<\/script>\n<!-- \/ Yoast SEO Premium plugin. -->","yoast_head_json":{"title":"Image-Erstellung und Verfielf\u00e4ltigung - Teguar","description":"Sparen Sie Zeit und M\u00fche bei der Konfiguration der einzelnen Computer in Ihrer Flotte mit dem Custom Imaging Program von Teguar. Nutzen Sie diesen Vorteil mit jedem Ger\u00e4t!","robots":{"index":"index","follow":"follow","max-snippet":"max-snippet:-1","max-image-preview":"max-image-preview:large","max-video-preview":"max-video-preview:-1"},"canonical":"https:\/\/teguar.com\/eu\/de\/benutzerdefiniertes-bildgebungsprogramm\/","og_locale":"de_DE","og_type":"article","og_title":"Image-Erstellung und Verfielf\u00e4ltigung","og_description":"Sparen Sie Zeit und M\u00fche bei der Konfiguration der einzelnen Computer in Ihrer Flotte mit dem Custom Imaging Program von Teguar. Nutzen Sie diesen Vorteil mit jedem Ger\u00e4t!","og_url":"https:\/\/teguar.com\/eu\/de\/benutzerdefiniertes-bildgebungsprogramm\/","og_site_name":"Teguar","article_modified_time":"2025-10-23T15:49:32+00:00","og_image":[{"url":"https:\/\/teguar.com\/eu\/wp-content\/uploads\/sites\/2\/2025\/07\/Custom-Imaging-1.jpg","type":"","width":"","height":""}],"twitter_card":"summary_large_image","twitter_misc":{"Gesch\u00e4tzte Lesezeit":"1\u00a0Minute"},"schema":{"@context":"https:\/\/schema.org","@graph":[{"@type":"WebPage","@id":"https:\/\/teguar.com\/eu\/de\/benutzerdefiniertes-bildgebungsprogramm\/","url":"https:\/\/teguar.com\/eu\/de\/benutzerdefiniertes-bildgebungsprogramm\/","name":"Image-Erstellung und Verfielf\u00e4ltigung - Teguar","isPartOf":{"@id":"https:\/\/teguar.com\/eu\/en\/#website"},"primaryImageOfPage":{"@id":"https:\/\/teguar.com\/eu\/de\/benutzerdefiniertes-bildgebungsprogramm\/#primaryimage"},"image":{"@id":"https:\/\/teguar.com\/eu\/de\/benutzerdefiniertes-bildgebungsprogramm\/#primaryimage"},"thumbnailUrl":"https:\/\/teguar.com\/eu\/wp-content\/uploads\/sites\/2\/2025\/07\/Custom-Imaging-1.jpg","datePublished":"2025-07-29T18:30:09+00:00","dateModified":"2025-10-23T15:49:32+00:00","description":"Sparen Sie Zeit und M\u00fche bei der Konfiguration der einzelnen Computer in Ihrer Flotte mit dem Custom Imaging Program von Teguar. Nutzen Sie diesen Vorteil mit jedem Ger\u00e4t!","breadcrumb":{"@id":"https:\/\/teguar.com\/eu\/de\/benutzerdefiniertes-bildgebungsprogramm\/#breadcrumb"},"inLanguage":"de","potentialAction":[{"@type":"ReadAction","target":["https:\/\/teguar.com\/eu\/de\/benutzerdefiniertes-bildgebungsprogramm\/"]}]},{"@type":"ImageObject","inLanguage":"de","@id":"https:\/\/teguar.com\/eu\/de\/benutzerdefiniertes-bildgebungsprogramm\/#primaryimage","url":"https:\/\/teguar.com\/eu\/wp-content\/uploads\/sites\/2\/2025\/07\/Custom-Imaging-1.jpg","contentUrl":"https:\/\/teguar.com\/eu\/wp-content\/uploads\/sites\/2\/2025\/07\/Custom-Imaging-1.jpg"},{"@type":"BreadcrumbList","@id":"https:\/\/teguar.com\/eu\/de\/benutzerdefiniertes-bildgebungsprogramm\/#breadcrumb","itemListElement":[{"@type":"ListItem","position":1,"name":"Home","item":"https:\/\/teguar.com\/eu\/de\/"},{"@type":"ListItem","position":2,"name":"Image-Erstellung und Verfielf\u00e4ltigung"}]},{"@type":"WebSite","@id":"https:\/\/teguar.com\/eu\/en\/#website","url":"https:\/\/teguar.com\/eu\/en\/","name":"Teguar","description":"Industrial PCs, Medical Computers, and Rugged Tablets","potentialAction":[{"@type":"SearchAction","target":{"@type":"EntryPoint","urlTemplate":"https:\/\/teguar.com\/eu\/en\/?s={search_term_string}"},"query-input":{"@type":"PropertyValueSpecification","valueRequired":true,"valueName":"search_term_string"}}],"inLanguage":"de"}]}},"_links":{"self":[{"href":"https:\/\/teguar.com\/eu\/de\/wp-json\/wp\/v2\/pages\/2243563","targetHints":{"allow":["GET"]}}],"collection":[{"href":"https:\/\/teguar.com\/eu\/de\/wp-json\/wp\/v2\/pages"}],"about":[{"href":"https:\/\/teguar.com\/eu\/de\/wp-json\/wp\/v2\/types\/page"}],"author":[{"embeddable":true,"href":"https:\/\/teguar.com\/eu\/de\/wp-json\/wp\/v2\/users\/13"}],"replies":[{"embeddable":true,"href":"https:\/\/teguar.com\/eu\/de\/wp-json\/wp\/v2\/comments?post=2243563"}],"version-history":[{"count":3,"href":"https:\/\/teguar.com\/eu\/de\/wp-json\/wp\/v2\/pages\/2243563\/revisions"}],"predecessor-version":[{"id":2247475,"href":"https:\/\/teguar.com\/eu\/de\/wp-json\/wp\/v2\/pages\/2243563\/revisions\/2247475"}],"wp:attachment":[{"href":"https:\/\/teguar.com\/eu\/de\/wp-json\/wp\/v2\/media?parent=2243563"}],"curies":[{"name":"wp","href":"https:\/\/api.w.org\/{rel}","templated":true}]}}