{"id":2243561,"date":"2025-07-21T18:20:36","date_gmt":"2025-07-21T18:20:36","guid":{"rendered":"https:\/\/teguar.com\/eu\/rueckgabepolitik\/"},"modified":"2025-10-16T12:45:10","modified_gmt":"2025-10-16T12:45:10","slug":"rueckgabepolitik","status":"publish","type":"page","link":"https:\/\/teguar.com\/eu\/de\/rueckgabepolitik\/","title":{"rendered":"R\u00fcckgabepolitik"},"content":{"rendered":"\n<p><b>R\u00fcckgabefrist: 30 Tage<\/b><\/p>\n\n<p>Der Kunde muss Teguar innerhalb von 8 Kalendertagen nach Erhalt des Produkts alle Reklamationen in Bezug auf Sch\u00e4den, Versp\u00e4tungen oder Verlust \u00fcbermitteln (mit Ausnahme von Reklamationen \u00fcber schlechte Verpackung, die am Tag des Erhalts geltend gemacht werden m\u00fcssen). Der Kunde kann die R\u00fcckgabe bis zu <strong>30 Tage<\/strong> nach Erhalt des Produkts verlangen. <\/p>\n\n<p>Weitere Einzelheiten zu unserem R\u00fcckgaberecht finden Sie auf unserer Seite <a href=\"https:\/\/teguar.com\/eu\/de\/bedingungen-und-konditionen\/\">Allgemeine Gesch\u00e4ftsbedingungen<\/a>.<br\/><br\/><br\/><br\/><\/p>\n","protected":false},"excerpt":{"rendered":"<p>R\u00fcckgabefrist: 30 Tage Der Kunde muss Teguar innerhalb von 8 Kalendertagen nach Erhalt des Produkts alle Reklamationen in Bezug auf Sch\u00e4den, Versp\u00e4tungen oder Verlust \u00fcbermitteln (mit Ausnahme von Reklamationen \u00fcber schlechte Verpackung, die am Tag des Erhalts geltend gemacht werden m\u00fcssen). Der Kunde kann die R\u00fcckgabe bis zu 30 Tage nach Erhalt des Produkts verlangen. [&hellip;]<\/p>\n","protected":false},"author":1,"featured_media":0,"parent":0,"menu_order":0,"comment_status":"closed","ping_status":"closed","template":"templates\/template-content-page.php","meta":{"_acf_changed":false,"footnotes":""},"class_list":["post-2243561","page","type-page","status-publish","hentry"],"acf":[],"yoast_head":"<!-- This site is optimized with the Yoast SEO Premium plugin v27.5 (Yoast SEO v27.5) - https:\/\/yoast.com\/product\/yoast-seo-premium-wordpress\/ -->\n<title>R\u00fcckgabepolitik - Teguar<\/title>\n<meta name=\"robots\" content=\"index, follow, max-snippet:-1, max-image-preview:large, max-video-preview:-1\" \/>\n<link rel=\"canonical\" href=\"https:\/\/teguar.com\/eu\/en\/returns\/\" \/>\n<meta property=\"og:locale\" content=\"de_DE\" \/>\n<meta property=\"og:type\" content=\"article\" \/>\n<meta property=\"og:title\" content=\"R\u00fcckgabepolitik\" \/>\n<meta property=\"og:description\" content=\"R\u00fcckgabefrist: 30 Tage Der Kunde muss Teguar innerhalb von 8 Kalendertagen nach Erhalt des Produkts alle Reklamationen in Bezug auf Sch\u00e4den, Versp\u00e4tungen oder Verlust \u00fcbermitteln (mit Ausnahme von Reklamationen \u00fcber schlechte Verpackung, die am Tag des Erhalts geltend gemacht werden m\u00fcssen). Der Kunde kann die R\u00fcckgabe bis zu 30 Tage nach Erhalt des Produkts verlangen. [&hellip;]\" \/>\n<meta property=\"og:url\" content=\"https:\/\/teguar.com\/eu\/en\/returns\/\" \/>\n<meta property=\"og:site_name\" content=\"Teguar\" \/>\n<meta property=\"article:modified_time\" content=\"2025-10-16T12:45:10+00:00\" \/>\n<meta name=\"twitter:card\" content=\"summary_large_image\" \/>\n<script type=\"application\/ld+json\" class=\"yoast-schema-graph\">{\"@context\":\"https:\\\/\\\/schema.org\",\"@graph\":[{\"@type\":\"WebPage\",\"@id\":\"https:\\\/\\\/teguar.com\\\/eu\\\/en\\\/returns\\\/\",\"url\":\"https:\\\/\\\/teguar.com\\\/eu\\\/en\\\/returns\\\/\",\"name\":\"R\u00fcckgabepolitik - Teguar\",\"isPartOf\":{\"@id\":\"https:\\\/\\\/teguar.com\\\/eu\\\/en\\\/#website\"},\"datePublished\":\"2025-07-21T18:20:36+00:00\",\"dateModified\":\"2025-10-16T12:45:10+00:00\",\"breadcrumb\":{\"@id\":\"https:\\\/\\\/teguar.com\\\/eu\\\/en\\\/returns\\\/#breadcrumb\"},\"inLanguage\":\"de\",\"potentialAction\":[{\"@type\":\"ReadAction\",\"target\":[\"https:\\\/\\\/teguar.com\\\/eu\\\/en\\\/returns\\\/\"]}]},{\"@type\":\"BreadcrumbList\",\"@id\":\"https:\\\/\\\/teguar.com\\\/eu\\\/en\\\/returns\\\/#breadcrumb\",\"itemListElement\":[{\"@type\":\"ListItem\",\"position\":1,\"name\":\"Home\",\"item\":\"https:\\\/\\\/teguar.com\\\/eu\\\/de\\\/\"},{\"@type\":\"ListItem\",\"position\":2,\"name\":\"R\u00fcckgabepolitik\"}]},{\"@type\":\"WebSite\",\"@id\":\"https:\\\/\\\/teguar.com\\\/eu\\\/en\\\/#website\",\"url\":\"https:\\\/\\\/teguar.com\\\/eu\\\/en\\\/\",\"name\":\"Teguar\",\"description\":\"Industrial PCs, Medical Computers, and Rugged Tablets\",\"potentialAction\":[{\"@type\":\"SearchAction\",\"target\":{\"@type\":\"EntryPoint\",\"urlTemplate\":\"https:\\\/\\\/teguar.com\\\/eu\\\/en\\\/?s={search_term_string}\"},\"query-input\":{\"@type\":\"PropertyValueSpecification\",\"valueRequired\":true,\"valueName\":\"search_term_string\"}}],\"inLanguage\":\"de\"}]}<\/script>\n<!-- \/ Yoast SEO Premium plugin. -->","yoast_head_json":{"title":"R\u00fcckgabepolitik - Teguar","robots":{"index":"index","follow":"follow","max-snippet":"max-snippet:-1","max-image-preview":"max-image-preview:large","max-video-preview":"max-video-preview:-1"},"canonical":"https:\/\/teguar.com\/eu\/en\/returns\/","og_locale":"de_DE","og_type":"article","og_title":"R\u00fcckgabepolitik","og_description":"R\u00fcckgabefrist: 30 Tage Der Kunde muss Teguar innerhalb von 8 Kalendertagen nach Erhalt des Produkts alle Reklamationen in Bezug auf Sch\u00e4den, Versp\u00e4tungen oder Verlust \u00fcbermitteln (mit Ausnahme von Reklamationen \u00fcber schlechte Verpackung, die am Tag des Erhalts geltend gemacht werden m\u00fcssen). Der Kunde kann die R\u00fcckgabe bis zu 30 Tage nach Erhalt des Produkts verlangen. [&hellip;]","og_url":"https:\/\/teguar.com\/eu\/en\/returns\/","og_site_name":"Teguar","article_modified_time":"2025-10-16T12:45:10+00:00","twitter_card":"summary_large_image","schema":{"@context":"https:\/\/schema.org","@graph":[{"@type":"WebPage","@id":"https:\/\/teguar.com\/eu\/en\/returns\/","url":"https:\/\/teguar.com\/eu\/en\/returns\/","name":"R\u00fcckgabepolitik - Teguar","isPartOf":{"@id":"https:\/\/teguar.com\/eu\/en\/#website"},"datePublished":"2025-07-21T18:20:36+00:00","dateModified":"2025-10-16T12:45:10+00:00","breadcrumb":{"@id":"https:\/\/teguar.com\/eu\/en\/returns\/#breadcrumb"},"inLanguage":"de","potentialAction":[{"@type":"ReadAction","target":["https:\/\/teguar.com\/eu\/en\/returns\/"]}]},{"@type":"BreadcrumbList","@id":"https:\/\/teguar.com\/eu\/en\/returns\/#breadcrumb","itemListElement":[{"@type":"ListItem","position":1,"name":"Home","item":"https:\/\/teguar.com\/eu\/de\/"},{"@type":"ListItem","position":2,"name":"R\u00fcckgabepolitik"}]},{"@type":"WebSite","@id":"https:\/\/teguar.com\/eu\/en\/#website","url":"https:\/\/teguar.com\/eu\/en\/","name":"Teguar","description":"Industrial PCs, Medical Computers, and Rugged Tablets","potentialAction":[{"@type":"SearchAction","target":{"@type":"EntryPoint","urlTemplate":"https:\/\/teguar.com\/eu\/en\/?s={search_term_string}"},"query-input":{"@type":"PropertyValueSpecification","valueRequired":true,"valueName":"search_term_string"}}],"inLanguage":"de"}]}},"_links":{"self":[{"href":"https:\/\/teguar.com\/eu\/de\/wp-json\/wp\/v2\/pages\/2243561","targetHints":{"allow":["GET"]}}],"collection":[{"href":"https:\/\/teguar.com\/eu\/de\/wp-json\/wp\/v2\/pages"}],"about":[{"href":"https:\/\/teguar.com\/eu\/de\/wp-json\/wp\/v2\/types\/page"}],"author":[{"embeddable":true,"href":"https:\/\/teguar.com\/eu\/de\/wp-json\/wp\/v2\/users\/1"}],"replies":[{"embeddable":true,"href":"https:\/\/teguar.com\/eu\/de\/wp-json\/wp\/v2\/comments?post=2243561"}],"version-history":[{"count":1,"href":"https:\/\/teguar.com\/eu\/de\/wp-json\/wp\/v2\/pages\/2243561\/revisions"}],"predecessor-version":[{"id":2243562,"href":"https:\/\/teguar.com\/eu\/de\/wp-json\/wp\/v2\/pages\/2243561\/revisions\/2243562"}],"wp:attachment":[{"href":"https:\/\/teguar.com\/eu\/de\/wp-json\/wp\/v2\/media?parent=2243561"}],"curies":[{"name":"wp","href":"https:\/\/api.w.org\/{rel}","templated":true}]}}