{"id":2243555,"date":"2025-07-17T15:23:28","date_gmt":"2025-07-17T15:23:28","guid":{"rendered":"https:\/\/teguar.com\/eu\/werden-sie-mitglied-unseres-teams\/"},"modified":"2026-02-12T15:39:15","modified_gmt":"2026-02-12T15:39:15","slug":"werden-sie-mitglied-unseres-teams","status":"publish","type":"page","link":"https:\/\/teguar.com\/eu\/de\/werden-sie-mitglied-unseres-teams\/","title":{"rendered":"Werden Sie Mitglied unseres Teams"},"content":{"rendered":"\n<h2 class=\"wp-block-heading\" id=\"h-das-teguar-team\">Das Teguar-Team<\/h2>\n\n\n\n<p>Die Grundwerte von Teguar sind der Pulsschlag unseres Unternehmens. Wir k\u00fcmmern uns aufrichtig um unsere Kunden und haben eine echte <strong>Leidenschaft f\u00fcr den Erfolg unserer Kunden<\/strong>. Wir haben ein starkes <strong>Engagement f\u00fcr hervorragende Leistungen<\/strong> und gehen oft \u00fcber unsere Grenzen hinaus, um Au\u00dfergew\u00f6hnliches zu erreichen. Wir sind <strong>flexibel<\/strong> und ermutigen unser Team, <strong>sich einzubringen und etwas zu erreichen<\/strong>. Und wir sind stolz auf unsere <strong>Integrit\u00e4t<\/strong>, indem wir uns immer bem\u00fchen, <strong>das Richtige zu tun<\/strong>, auch wenn es schwierig ist.   <br><br>Wir suchen nach Gleichgesinnten, die mit uns gemeinsam an der Umsetzung dieser Werte arbeiten wollen.<\/p>\n\n\n<div class=\"wp-block-image\">\n<figure class=\"aligncenter size-large\"><img loading=\"lazy\" decoding=\"async\" width=\"1024\" height=\"551\" src=\"https:\/\/teguar.com\/eu\/wp-content\/uploads\/sites\/2\/2025\/07\/Join-Our-Team-1-1024x551.jpg\" alt=\"Collage von Teguar-Fotos von Teammitgliedern bei der Arbeit, in Meetings und bei gesellschaftlichen Veranstaltungen.\" class=\"wp-image-2241336\" srcset=\"https:\/\/teguar.com\/eu\/wp-content\/uploads\/sites\/2\/2025\/07\/Join-Our-Team-1-1024x551.jpg 1024w, https:\/\/teguar.com\/eu\/wp-content\/uploads\/sites\/2\/2025\/07\/Join-Our-Team-1-300x161.jpg 300w, https:\/\/teguar.com\/eu\/wp-content\/uploads\/sites\/2\/2025\/07\/Join-Our-Team-1-768x413.jpg 768w, https:\/\/teguar.com\/eu\/wp-content\/uploads\/sites\/2\/2025\/07\/Join-Our-Team-1-279x150.jpg 279w, https:\/\/teguar.com\/eu\/wp-content\/uploads\/sites\/2\/2025\/07\/Join-Our-Team-1-164x88.jpg 164w, https:\/\/teguar.com\/eu\/wp-content\/uploads\/sites\/2\/2025\/07\/Join-Our-Team-1-600x323.jpg 600w, https:\/\/teguar.com\/eu\/wp-content\/uploads\/sites\/2\/2025\/07\/Join-Our-Team-1.jpg 1050w\" sizes=\"auto, (max-width: 1024px) 100vw, 1024px\" \/><\/figure>\n<\/div>\n\n\n<h2 class=\"wp-block-heading\" id=\"h-arbeiten-bei-teguar\">Arbeiten bei Teguar<\/h2>\n\n\n\n<blockquote class=\"wp-block-quote is-layout-flow wp-block-quote-is-layout-flow\">\n<blockquote class=\"wp-block-quote is-layout-flow wp-block-quote-is-layout-flow\">\n<p>&#8222;<em>Die Kultur hier in Teguar ist wie ein Teil einer Familie. Wir machen regelm\u00e4\u00dfig Ausfl\u00fcge, die in der Regel aktiv sind oder bei denen man gut essen und trinken kann. Dies ist ein leistungsorientiertes Unternehmen und ich f\u00fchle mich in dieser Atmosph\u00e4re sehr wohl. Es gibt nie einen langweiligen Tag oder einen Mangel an Herausforderungen und M\u00f6glichkeiten, mich selbst zu fordern. Die allgemeine Atmosph\u00e4re ist positiv und unser Campus ist wundersch\u00f6n, falls Sie mal einen Spaziergang machen m\u00f6chten. Wir haben einen Kickertisch in der Mitte des B\u00fcros, falls Ihnen das etwas \u00fcber unsere Kultur sagt. Teguar hat mir auch M\u00f6glichkeiten und Erfahrungen er\u00f6ffnet, die ich in meiner fr\u00fcheren Karriere nie gehabt h\u00e4tte.     <\/em>&#8220; &#8211; Chris Ealahan, 13 Jahre in der Verkaufsabteilung<\/p>\n<\/blockquote>\n<\/blockquote>\n\n\n\n<blockquote class=\"wp-block-quote is-layout-flow wp-block-quote-is-layout-flow\">\n<p><em>&#8222;Meine Erfahrung bei Teguar ist einfach nur WUNDERBAR! Teguar hat mich vom ersten Tag an mit offenen Armen und nichts als Liebe empfangen. Selbst w\u00e4hrend meines Vorstellungsgespr\u00e4chs werde ich nie vergessen, wie angenehm und sorgf\u00e4ltig Camille, JT und Rich waren. Ganz gleich, ob Sie Hilfe bei einem Projekt ben\u00f6tigen, an dem Sie gerade arbeiten, oder einfach nur eine Frage stellen m\u00fcssen, alle meine Mitarbeiter sind bereit, Ihnen zu helfen. Wir sind der Inbegriff einer hart arbeitenden Familie!&#8220;<\/em> &#8211; Candace Calhoun, 5 Jahre in der technischen Abteilung<\/p>\n<\/blockquote>\n\n\n\n<h2 class=\"wp-block-heading\" id=\"h-eckdaten-zum-unternehmen\">Eckdaten zum Unternehmen<\/h2>\n\n\n\n<ul class=\"wp-block-list\">\n<li>Gegr\u00fcndet 2010<\/li>\n\n\n\n<li>5x <em>Inc. 5000<\/em> Preistr\u00e4ger<\/li>\n\n\n\n<li>Regelm\u00e4\u00dfiges Wachstum von \u00fcber 20% im Jahresvergleich<\/li>\n\n\n\n<li>50 Mitarbeiter und wachsend<\/li>\n\n\n\n<li>Standorte in den USA, der Schweiz und Taiwan<\/li>\n\n\n\n<li>90+ unterhaltsame Mitarbeiterveranstaltungen in den \u00fcber 15 Jahren unseres Bestehens<\/li>\n<\/ul>\n\n\n\n<h2 class=\"wp-block-heading\" id=\"h-mitarbeitererfahrung-und-vorteile\">Mitarbeitererfahrung und Vorteile<\/h2>\n\n\n\n<h3 class=\"wp-block-heading\">Teilnahme an<\/h3>\n\n\n\n<ul class=\"wp-block-list\">\n<li>Viertelj\u00e4hrlichen Meetings der gesamten Belegschaft und w\u00f6chentlichen Abteilungsbesprechungen<\/li>\n\n\n\n<li>Internen und externen Trainingsprogrammen<\/li>\n\n\n\n<li>Freiwilligenarbeit zur Unterst\u00fctzung der lokalen Gemeinschaft<\/li>\n\n\n\n<li>Direktem Austausch zwischen Managern und Mitarbeitern durch Einzelgespr\u00e4che<\/li>\n\n\n\n<li>Mehreren unterhaltsamen Firmenveranstaltungen im Laufe des Jahres<\/li>\n<\/ul>\n\n\n\n<h3 class=\"wp-block-heading\">Arbeitsmethoden<\/h3>\n\n\n\n<ul class=\"wp-block-list\">\n<li>Verwendung moderner Tools f\u00fcr Kommunikation und Aufgabenverwaltung usw.<\/li>\n\n\n\n<li>Dokumentierte Prozesse (ISO-zertifiziert)<\/li>\n\n\n\n<li>Home Office Regelung f\u00fcr einige Positionen verf\u00fcgbar<\/li>\n<\/ul>\n\n\n\n<h3 class=\"wp-block-heading\">Wir bieten<\/h3>\n\n\n\n<ul class=\"wp-block-list\">\n<li>Wettbewerbsf\u00e4hige Geh\u00e4lter<\/li>\n\n\n\n<li>Leistung wird mit viertelj\u00e4hrlichen Boni belohnt<\/li>\n\n\n\n<li>Bezahlter Freiwilligentag Ihrer Wahl<\/li>\n\n\n\n<li>Altersvorsorge-Bezuschussung<\/li>\n\n\n\n<li>Fitness\/Personal Wellness Stipendium<\/li>\n\n\n\n<li>Altersvorsorge-Bezuschussung<\/li>\n\n\n\n<li>Bezahlter Urlaub und Feiertage<\/li>\n<\/ul>\n\n\n\n<h2 class=\"wp-block-heading\" id=\"h-sehen-sie-sich-unsere-offenen-stellen-an\">Sehen Sie sich unsere offenen Stellen an<\/h2>\n\n\n\n<p>Wir sch\u00e4tzen Ihr Interesse an Teguar und freuen uns darauf, Ihre Qualifikationen zu pr\u00fcfen!<br><br>Klicken Sie unten, um zu sehen, welche Positionen wir im Moment anbieten.<\/p>\n\n\n\n<script src=\"https:\/\/www.workable.com\/assets\/embed.js\"><\/script>\n<script>\nwhr(document).ready(function(){\nwhr_embed(59312, {detail: 'titles', base: 'departments', zoom: 'country'});\n});\n<\/script>\n\n<div id=\"whr_embed_hook\"><\/div>\n\n\n\n<hr class=\"wp-block-separator has-alpha-channel-opacity\"\/>\n","protected":false},"excerpt":{"rendered":"<p>Das Teguar-Team Die Grundwerte von Teguar sind der Pulsschlag unseres Unternehmens. Wir k\u00fcmmern uns aufrichtig um unsere Kunden und haben eine echte Leidenschaft f\u00fcr den Erfolg unserer Kunden. Wir haben ein starkes Engagement f\u00fcr hervorragende Leistungen und gehen oft \u00fcber unsere Grenzen hinaus, um Au\u00dfergew\u00f6hnliches zu erreichen. Wir sind flexibel und ermutigen unser Team, sich [&hellip;]<\/p>\n","protected":false},"author":3,"featured_media":0,"parent":0,"menu_order":0,"comment_status":"closed","ping_status":"closed","template":"templates\/template-content-page.php","meta":{"_acf_changed":false,"footnotes":""},"class_list":["post-2243555","page","type-page","status-publish","hentry"],"acf":[],"yoast_head":"<!-- This site is optimized with the Yoast SEO Premium plugin v26.8 (Yoast SEO v27.2) - https:\/\/yoast.com\/product\/yoast-seo-premium-wordpress\/ -->\n<title>Werden Sie Teil des Teguar-Teams | Kultur, Vorteile, offene Stellen<\/title>\n<meta name=\"description\" content=\"Teguar ist immer auf der Suche nach engagierten, leistungsorientierten und hochqualifizierten Mitarbeitern, die unser Team verst\u00e4rken m\u00f6chten.\" \/>\n<meta name=\"robots\" content=\"index, follow, max-snippet:-1, max-image-preview:large, max-video-preview:-1\" \/>\n<link rel=\"canonical\" href=\"https:\/\/teguar.com\/eu\/de\/werden-sie-mitglied-unseres-teams\/\" \/>\n<meta property=\"og:locale\" content=\"de_DE\" \/>\n<meta property=\"og:type\" content=\"article\" \/>\n<meta property=\"og:title\" content=\"Werden Sie Mitglied unseres Teams\" \/>\n<meta property=\"og:description\" content=\"Teguar ist immer auf der Suche nach engagierten, leistungsorientierten und hochqualifizierten Mitarbeitern, die unser Team verst\u00e4rken m\u00f6chten.\" \/>\n<meta property=\"og:url\" content=\"https:\/\/teguar.com\/eu\/de\/werden-sie-mitglied-unseres-teams\/\" \/>\n<meta property=\"og:site_name\" content=\"Teguar\" \/>\n<meta property=\"article:modified_time\" content=\"2026-02-12T15:39:15+00:00\" \/>\n<meta property=\"og:image\" content=\"https:\/\/teguar.com\/eu\/wp-content\/uploads\/sites\/2\/2025\/07\/Join-Our-Team-1-1024x551.jpg\" \/>\n<meta name=\"twitter:card\" content=\"summary_large_image\" \/>\n<meta name=\"twitter:label1\" content=\"Gesch\u00e4tzte Lesezeit\" \/>\n\t<meta name=\"twitter:data1\" content=\"2\u00a0Minuten\" \/>\n<script type=\"application\/ld+json\" class=\"yoast-schema-graph\">{\"@context\":\"https:\/\/schema.org\",\"@graph\":[{\"@type\":\"WebPage\",\"@id\":\"https:\/\/teguar.com\/eu\/de\/werden-sie-mitglied-unseres-teams\/\",\"url\":\"https:\/\/teguar.com\/eu\/de\/werden-sie-mitglied-unseres-teams\/\",\"name\":\"Werden Sie Teil des Teguar-Teams | Kultur, Vorteile, offene Stellen\",\"isPartOf\":{\"@id\":\"https:\/\/teguar.com\/eu\/en\/#website\"},\"primaryImageOfPage\":{\"@id\":\"https:\/\/teguar.com\/eu\/de\/werden-sie-mitglied-unseres-teams\/#primaryimage\"},\"image\":{\"@id\":\"https:\/\/teguar.com\/eu\/de\/werden-sie-mitglied-unseres-teams\/#primaryimage\"},\"thumbnailUrl\":\"https:\/\/teguar.com\/eu\/wp-content\/uploads\/sites\/2\/2025\/07\/Join-Our-Team-1-1024x551.jpg\",\"datePublished\":\"2025-07-17T15:23:28+00:00\",\"dateModified\":\"2026-02-12T15:39:15+00:00\",\"description\":\"Teguar ist immer auf der Suche nach engagierten, leistungsorientierten und hochqualifizierten Mitarbeitern, die unser Team verst\u00e4rken m\u00f6chten.\",\"breadcrumb\":{\"@id\":\"https:\/\/teguar.com\/eu\/de\/werden-sie-mitglied-unseres-teams\/#breadcrumb\"},\"inLanguage\":\"de\",\"potentialAction\":[{\"@type\":\"ReadAction\",\"target\":[\"https:\/\/teguar.com\/eu\/de\/werden-sie-mitglied-unseres-teams\/\"]}]},{\"@type\":\"ImageObject\",\"inLanguage\":\"de\",\"@id\":\"https:\/\/teguar.com\/eu\/de\/werden-sie-mitglied-unseres-teams\/#primaryimage\",\"url\":\"https:\/\/teguar.com\/eu\/wp-content\/uploads\/sites\/2\/2025\/07\/Join-Our-Team-1-1024x551.jpg\",\"contentUrl\":\"https:\/\/teguar.com\/eu\/wp-content\/uploads\/sites\/2\/2025\/07\/Join-Our-Team-1-1024x551.jpg\"},{\"@type\":\"BreadcrumbList\",\"@id\":\"https:\/\/teguar.com\/eu\/de\/werden-sie-mitglied-unseres-teams\/#breadcrumb\",\"itemListElement\":[{\"@type\":\"ListItem\",\"position\":1,\"name\":\"Home\",\"item\":\"https:\/\/teguar.com\/eu\/de\/\"},{\"@type\":\"ListItem\",\"position\":2,\"name\":\"Werden Sie Mitglied unseres Teams\"}]},{\"@type\":\"WebSite\",\"@id\":\"https:\/\/teguar.com\/eu\/en\/#website\",\"url\":\"https:\/\/teguar.com\/eu\/en\/\",\"name\":\"Teguar\",\"description\":\"Industrial PCs, Medical Computers, and Rugged Tablets\",\"potentialAction\":[{\"@type\":\"SearchAction\",\"target\":{\"@type\":\"EntryPoint\",\"urlTemplate\":\"https:\/\/teguar.com\/eu\/en\/?s={search_term_string}\"},\"query-input\":{\"@type\":\"PropertyValueSpecification\",\"valueRequired\":true,\"valueName\":\"search_term_string\"}}],\"inLanguage\":\"de\"}]}<\/script>\n<!-- \/ Yoast SEO Premium plugin. -->","yoast_head_json":{"title":"Werden Sie Teil des Teguar-Teams | Kultur, Vorteile, offene Stellen","description":"Teguar ist immer auf der Suche nach engagierten, leistungsorientierten und hochqualifizierten Mitarbeitern, die unser Team verst\u00e4rken m\u00f6chten.","robots":{"index":"index","follow":"follow","max-snippet":"max-snippet:-1","max-image-preview":"max-image-preview:large","max-video-preview":"max-video-preview:-1"},"canonical":"https:\/\/teguar.com\/eu\/de\/werden-sie-mitglied-unseres-teams\/","og_locale":"de_DE","og_type":"article","og_title":"Werden Sie Mitglied unseres Teams","og_description":"Teguar ist immer auf der Suche nach engagierten, leistungsorientierten und hochqualifizierten Mitarbeitern, die unser Team verst\u00e4rken m\u00f6chten.","og_url":"https:\/\/teguar.com\/eu\/de\/werden-sie-mitglied-unseres-teams\/","og_site_name":"Teguar","article_modified_time":"2026-02-12T15:39:15+00:00","og_image":[{"url":"https:\/\/teguar.com\/eu\/wp-content\/uploads\/sites\/2\/2025\/07\/Join-Our-Team-1-1024x551.jpg","type":"","width":"","height":""}],"twitter_card":"summary_large_image","twitter_misc":{"Gesch\u00e4tzte Lesezeit":"2\u00a0Minuten"},"schema":{"@context":"https:\/\/schema.org","@graph":[{"@type":"WebPage","@id":"https:\/\/teguar.com\/eu\/de\/werden-sie-mitglied-unseres-teams\/","url":"https:\/\/teguar.com\/eu\/de\/werden-sie-mitglied-unseres-teams\/","name":"Werden Sie Teil des Teguar-Teams | Kultur, Vorteile, offene Stellen","isPartOf":{"@id":"https:\/\/teguar.com\/eu\/en\/#website"},"primaryImageOfPage":{"@id":"https:\/\/teguar.com\/eu\/de\/werden-sie-mitglied-unseres-teams\/#primaryimage"},"image":{"@id":"https:\/\/teguar.com\/eu\/de\/werden-sie-mitglied-unseres-teams\/#primaryimage"},"thumbnailUrl":"https:\/\/teguar.com\/eu\/wp-content\/uploads\/sites\/2\/2025\/07\/Join-Our-Team-1-1024x551.jpg","datePublished":"2025-07-17T15:23:28+00:00","dateModified":"2026-02-12T15:39:15+00:00","description":"Teguar ist immer auf der Suche nach engagierten, leistungsorientierten und hochqualifizierten Mitarbeitern, die unser Team verst\u00e4rken m\u00f6chten.","breadcrumb":{"@id":"https:\/\/teguar.com\/eu\/de\/werden-sie-mitglied-unseres-teams\/#breadcrumb"},"inLanguage":"de","potentialAction":[{"@type":"ReadAction","target":["https:\/\/teguar.com\/eu\/de\/werden-sie-mitglied-unseres-teams\/"]}]},{"@type":"ImageObject","inLanguage":"de","@id":"https:\/\/teguar.com\/eu\/de\/werden-sie-mitglied-unseres-teams\/#primaryimage","url":"https:\/\/teguar.com\/eu\/wp-content\/uploads\/sites\/2\/2025\/07\/Join-Our-Team-1-1024x551.jpg","contentUrl":"https:\/\/teguar.com\/eu\/wp-content\/uploads\/sites\/2\/2025\/07\/Join-Our-Team-1-1024x551.jpg"},{"@type":"BreadcrumbList","@id":"https:\/\/teguar.com\/eu\/de\/werden-sie-mitglied-unseres-teams\/#breadcrumb","itemListElement":[{"@type":"ListItem","position":1,"name":"Home","item":"https:\/\/teguar.com\/eu\/de\/"},{"@type":"ListItem","position":2,"name":"Werden Sie Mitglied unseres Teams"}]},{"@type":"WebSite","@id":"https:\/\/teguar.com\/eu\/en\/#website","url":"https:\/\/teguar.com\/eu\/en\/","name":"Teguar","description":"Industrial PCs, Medical Computers, and Rugged Tablets","potentialAction":[{"@type":"SearchAction","target":{"@type":"EntryPoint","urlTemplate":"https:\/\/teguar.com\/eu\/en\/?s={search_term_string}"},"query-input":{"@type":"PropertyValueSpecification","valueRequired":true,"valueName":"search_term_string"}}],"inLanguage":"de"}]}},"_links":{"self":[{"href":"https:\/\/teguar.com\/eu\/de\/wp-json\/wp\/v2\/pages\/2243555","targetHints":{"allow":["GET"]}}],"collection":[{"href":"https:\/\/teguar.com\/eu\/de\/wp-json\/wp\/v2\/pages"}],"about":[{"href":"https:\/\/teguar.com\/eu\/de\/wp-json\/wp\/v2\/types\/page"}],"author":[{"embeddable":true,"href":"https:\/\/teguar.com\/eu\/de\/wp-json\/wp\/v2\/users\/3"}],"replies":[{"embeddable":true,"href":"https:\/\/teguar.com\/eu\/de\/wp-json\/wp\/v2\/comments?post=2243555"}],"version-history":[{"count":9,"href":"https:\/\/teguar.com\/eu\/de\/wp-json\/wp\/v2\/pages\/2243555\/revisions"}],"predecessor-version":[{"id":2248758,"href":"https:\/\/teguar.com\/eu\/de\/wp-json\/wp\/v2\/pages\/2243555\/revisions\/2248758"}],"wp:attachment":[{"href":"https:\/\/teguar.com\/eu\/de\/wp-json\/wp\/v2\/media?parent=2243555"}],"curies":[{"name":"wp","href":"https:\/\/api.w.org\/{rel}","templated":true}]}}