{"id":2243549,"date":"2025-07-22T17:32:39","date_gmt":"2025-07-22T17:32:39","guid":{"rendered":"https:\/\/teguar.com\/eu\/unser-bewaehrter-prozess\/"},"modified":"2025-10-16T12:45:07","modified_gmt":"2025-10-16T12:45:07","slug":"unser-bewaehrter-prozess","status":"publish","type":"page","link":"https:\/\/teguar.com\/eu\/de\/unser-bewaehrter-prozess\/","title":{"rendered":"Unser bew\u00e4hrter Prozess"},"content":{"rendered":"\n<div style=\"height:28px\" aria-hidden=\"true\" class=\"wp-block-spacer\"><\/div>\n<div class=\"wp-block-image\">\n<figure class=\"aligncenter size-large is-resized\"><img loading=\"lazy\" decoding=\"async\" width=\"1024\" height=\"541\" src=\"https:\/\/teguar.com\/eu\/wp-content\/uploads\/sites\/2\/2025\/07\/Sequence-01.00_01_29_04.Still012-1024x541.jpg\" alt=\"Vertreter von Teguar sehen sich mit ihrem Kunden einen an der Wand montierten Panel-Computer an.  \" class=\"wp-image-2241751\" style=\"width:714px;height:auto\" srcset=\"https:\/\/teguar.com\/eu\/wp-content\/uploads\/sites\/2\/2025\/07\/Sequence-01.00_01_29_04.Still012-1024x541.jpg 1024w, https:\/\/teguar.com\/eu\/wp-content\/uploads\/sites\/2\/2025\/07\/Sequence-01.00_01_29_04.Still012-300x158.jpg 300w, https:\/\/teguar.com\/eu\/wp-content\/uploads\/sites\/2\/2025\/07\/Sequence-01.00_01_29_04.Still012-768x406.jpg 768w, https:\/\/teguar.com\/eu\/wp-content\/uploads\/sites\/2\/2025\/07\/Sequence-01.00_01_29_04.Still012-284x150.jpg 284w, https:\/\/teguar.com\/eu\/wp-content\/uploads\/sites\/2\/2025\/07\/Sequence-01.00_01_29_04.Still012-164x87.jpg 164w, https:\/\/teguar.com\/eu\/wp-content\/uploads\/sites\/2\/2025\/07\/Sequence-01.00_01_29_04.Still012-600x317.jpg 600w, https:\/\/teguar.com\/eu\/wp-content\/uploads\/sites\/2\/2025\/07\/Sequence-01.00_01_29_04.Still012.jpg 1280w\" sizes=\"auto, (max-width: 1024px) 100vw, 1024px\" \/><\/figure>\n<\/div>\n<p>Teguar wei\u00df, dass die Liebe zum Detail und zu den Spezifikationen von gr\u00f6\u00dfter Bedeutung sind. Wir haben unseren bew\u00e4hrten Prozess immer wieder eingesetzt, um Ideen zum Leben zu erwecken, die die Zukunft der Technologie pr\u00e4gen. <\/p>\n\n<p>Die Zusammenarbeit mit Teguar beginnt mit:<\/p>\n\n<h2 class=\"wp-block-heading has-text-align-left\" id=\"h-fast-response-0\">Schnelle Reaktion<\/h2>\n\n<div class=\"wp-block-columns is-layout-flex wp-container-core-columns-is-layout-9d6595d7 wp-block-columns-is-layout-flex\">\n<div class=\"wp-block-column is-layout-flow wp-block-column-is-layout-flow\" style=\"flex-basis:33.33%\"><div class=\"wp-block-image\">\n<figure class=\"alignleft size-full\"><img loading=\"lazy\" decoding=\"async\" width=\"100\" height=\"100\" src=\"https:\/\/teguar.com\/eu\/wp-content\/uploads\/sites\/2\/2025\/07\/fast-response.png\" alt=\"\" class=\"wp-image-2241648\" srcset=\"https:\/\/teguar.com\/eu\/wp-content\/uploads\/sites\/2\/2025\/07\/fast-response.png 100w, https:\/\/teguar.com\/eu\/wp-content\/uploads\/sites\/2\/2025\/07\/fast-response-30x30.png 30w\" sizes=\"auto, (max-width: 100px) 100vw, 100px\" \/><\/figure>\n<\/div><\/div>\n\n\n\n<div class=\"wp-block-column is-layout-flow wp-block-column-is-layout-flow\" style=\"flex-basis:66.66%\">\n<p>Nach Ihrer ersten Kontaktaufnahme wird sich ein erfahrener Produktvertreter innerhalb von 12 Stunden bei Ihnen melden, um eine kostenlose Projektberatung zu vereinbaren. Diese Beratung ist kein &#8222;Treffen, um einen Termin zu vereinbaren&#8220; &#8211; unsere Vertreter sind befugt, Entscheidungen auf der Grundlage von Preis, Lieferzeiten und mehr zu treffen. <\/p>\n<\/div>\n<\/div>\n\n<h2 class=\"wp-block-heading has-text-align-left\" id=\"h-collaborative-consultation-0\">Kollaborative Konsultation<\/h2>\n\n<div class=\"wp-block-columns is-layout-flex wp-container-core-columns-is-layout-9d6595d7 wp-block-columns-is-layout-flex\">\n<div class=\"wp-block-column is-layout-flow wp-block-column-is-layout-flow\" style=\"flex-basis:33.33%\"><div class=\"wp-block-image\">\n<figure class=\"alignleft size-full\"><img loading=\"lazy\" decoding=\"async\" width=\"100\" height=\"100\" src=\"https:\/\/teguar.com\/eu\/wp-content\/uploads\/sites\/2\/2025\/07\/collaborative-consultation.png\" alt=\"\" class=\"wp-image-2241647\" srcset=\"https:\/\/teguar.com\/eu\/wp-content\/uploads\/sites\/2\/2025\/07\/collaborative-consultation.png 100w, https:\/\/teguar.com\/eu\/wp-content\/uploads\/sites\/2\/2025\/07\/collaborative-consultation-30x30.png 30w\" sizes=\"auto, (max-width: 100px) 100vw, 100px\" \/><\/figure>\n<\/div><\/div>\n\n\n\n<div class=\"wp-block-column is-layout-flow wp-block-column-is-layout-flow\" style=\"flex-basis:66.66%\">\n<p>W\u00e4hrend Ihrer kostenlosen Beratung k\u00f6nnen unsere Produktvertreter Ihre Fragen beantworten, aber sie werden Ihnen auch Fragen zu den Spezifikationen Ihres Projekts stellen. Unser Ziel ist es, das Produkt, die Serie oder das Design zu finden, das am besten f\u00fcr Ihr Projekt UND sein Budget geeignet ist. <\/p>\n<\/div>\n<\/div>\n\n<h2 class=\"wp-block-heading has-text-align-left\" id=\"h-make-absolutely-sure\">Gehen Sie absolut sicher<\/h2>\n\n<div class=\"wp-block-columns is-layout-flex wp-container-core-columns-is-layout-9d6595d7 wp-block-columns-is-layout-flex\">\n<div class=\"wp-block-column is-layout-flow wp-block-column-is-layout-flow\" style=\"flex-basis:33.33%\"><div class=\"wp-block-image\">\n<figure class=\"alignleft size-full\"><img loading=\"lazy\" decoding=\"async\" width=\"100\" height=\"100\" src=\"https:\/\/teguar.com\/eu\/wp-content\/uploads\/sites\/2\/2025\/07\/make-absolutely-sure.png\" alt=\"\" class=\"wp-image-2241649\" srcset=\"https:\/\/teguar.com\/eu\/wp-content\/uploads\/sites\/2\/2025\/07\/make-absolutely-sure.png 100w, https:\/\/teguar.com\/eu\/wp-content\/uploads\/sites\/2\/2025\/07\/make-absolutely-sure-30x30.png 30w\" sizes=\"auto, (max-width: 100px) 100vw, 100px\" \/><\/figure>\n<\/div><\/div>\n\n\n\n<div class=\"wp-block-column is-layout-flow wp-block-column-is-layout-flow\" style=\"flex-basis:66.66%\">\n<p>Wenn der Produktvertreter der Meinung ist, dass Teguar eine L\u00f6sung anbieten kann, werden die Produkte besprochen und die Erwartungen hinsichtlich Preis und Lieferzeiten festgelegt. Wenn Sie Bedenken haben, bevor Sie eine Gro\u00dfbestellung aufgeben, k\u00f6nnen wir Ihnen oft ein kostenloses Demoger\u00e4t schicken. <\/p>\n<\/div>\n<\/div>\n\n<h2 class=\"wp-block-heading has-text-align-left\" id=\"h-quote-generation\">Zitat Generation<\/h2>\n\n<div class=\"wp-block-columns is-layout-flex wp-container-core-columns-is-layout-9d6595d7 wp-block-columns-is-layout-flex\">\n<div class=\"wp-block-column is-layout-flow wp-block-column-is-layout-flow\" style=\"flex-basis:33.33%\"><div class=\"wp-block-image\">\n<figure class=\"alignleft size-full\"><img loading=\"lazy\" decoding=\"async\" width=\"100\" height=\"100\" src=\"https:\/\/teguar.com\/eu\/wp-content\/uploads\/sites\/2\/2025\/07\/quote-generation.png\" alt=\"\" class=\"wp-image-2241651\" srcset=\"https:\/\/teguar.com\/eu\/wp-content\/uploads\/sites\/2\/2025\/07\/quote-generation.png 100w, https:\/\/teguar.com\/eu\/wp-content\/uploads\/sites\/2\/2025\/07\/quote-generation-30x30.png 30w\" sizes=\"auto, (max-width: 100px) 100vw, 100px\" \/><\/figure>\n<\/div><\/div>\n\n\n\n<div class=\"wp-block-column is-layout-flow wp-block-column-is-layout-flow\" style=\"flex-basis:66.66%\">\n<p>Ihr Kundenbetreuer wird sich nun an die Arbeit machen und alle Aspekte Ihres Projekts abw\u00e4gen &#8211; technische Anforderungen, Lagerbest\u00e4nde, Budget, Liefertermine und mehr &#8211; und Ihnen ein offizielles Angebot unterbreiten.<\/p>\n<\/div>\n<\/div>\n\n<h2 class=\"wp-block-heading has-text-align-left\" id=\"h-order-processing-amp-shipping\">Auftragsabwicklung &amp; Versand<\/h2>\n\n<div class=\"wp-block-columns is-layout-flex wp-container-core-columns-is-layout-9d6595d7 wp-block-columns-is-layout-flex\">\n<div class=\"wp-block-column is-layout-flow wp-block-column-is-layout-flow\" style=\"flex-basis:33.33%\"><div class=\"wp-block-image\">\n<figure class=\"alignleft size-full\"><img loading=\"lazy\" decoding=\"async\" width=\"100\" height=\"100\" src=\"https:\/\/teguar.com\/eu\/wp-content\/uploads\/sites\/2\/2025\/07\/order-processing-shipping.png\" alt=\"\" class=\"wp-image-2241650\" srcset=\"https:\/\/teguar.com\/eu\/wp-content\/uploads\/sites\/2\/2025\/07\/order-processing-shipping.png 100w, https:\/\/teguar.com\/eu\/wp-content\/uploads\/sites\/2\/2025\/07\/order-processing-shipping-30x30.png 30w\" sizes=\"auto, (max-width: 100px) 100vw, 100px\" \/><\/figure>\n<\/div><\/div>\n\n\n\n<div class=\"wp-block-column is-layout-flow wp-block-column-is-layout-flow\" style=\"flex-basis:66.66%\">\n<p>Sobald eine Bestellung vereinbart ist, h\u00f6rt die Unterst\u00fctzung nicht auf. Sie arbeiten direkt mit unserem freundlichen, in den USA ans\u00e4ssigen Auftragsbearbeitungsteam zusammen, um sicherzustellen, dass Sie genau wissen, was Sie mit Ihrer Lieferung erhalten und wann Sie sie erwarten k\u00f6nnen. <\/p>\n<\/div>\n<\/div>\n\n<h2 class=\"wp-block-heading has-text-align-left\" id=\"h-service-amp-support\">Service &amp; Unterst\u00fctzung<\/h2>\n\n<div class=\"wp-block-columns is-layout-flex wp-container-core-columns-is-layout-9d6595d7 wp-block-columns-is-layout-flex\">\n<div class=\"wp-block-column is-layout-flow wp-block-column-is-layout-flow\" style=\"flex-basis:33.33%\"><div class=\"wp-block-image\">\n<figure class=\"alignleft size-full\"><img loading=\"lazy\" decoding=\"async\" width=\"100\" height=\"100\" src=\"https:\/\/teguar.com\/eu\/wp-content\/uploads\/sites\/2\/2025\/07\/service-support.png\" alt=\"\" class=\"wp-image-2241652\" srcset=\"https:\/\/teguar.com\/eu\/wp-content\/uploads\/sites\/2\/2025\/07\/service-support.png 100w, https:\/\/teguar.com\/eu\/wp-content\/uploads\/sites\/2\/2025\/07\/service-support-30x30.png 30w\" sizes=\"auto, (max-width: 100px) 100vw, 100px\" \/><\/figure>\n<\/div><\/div>\n\n\n\n<div class=\"wp-block-column is-layout-flow wp-block-column-is-layout-flow\" style=\"flex-basis:66.66%\">\n<p>Die Computer von Teguar sind f\u00fcr eine lange Lebensdauer konzipiert, aber die Technologie entwickelt sich st\u00e4ndig weiter. Wenn Sie Ihren Computer oder Ihren Fuhrpark aktualisieren, warten oder reparieren lassen m\u00f6chten, k\u00f6nnen Sie sich auf die voll ausgestattete Serviceabteilung von Teguar in den USA verlassen, die RMA, technischen Support und sogar Besuche vor Ort anbietet, um die Aufgabe effizient und freundlich zu erledigen. <\/p>\n<\/div>\n<\/div>\n\n<div style=\"height:79px\" aria-hidden=\"true\" class=\"wp-block-spacer\"><\/div>\n\n<script charset=\"utf-8\" type=\"text\/javascript\" src=\"\/\/js.hsforms.net\/forms\/embed\/v2.js\"><\/script><script>hbspt.forms.create({\n    portalId: \"21497995\",\n    formId: \"b75b2a57-f9b0-4ed6-9f9b-bce081603673\",\n    region: \"na1\"\n  });\n<\/script>\n\n<div style=\"height:100px\" aria-hidden=\"true\" class=\"wp-block-spacer\"><\/div>\n","protected":false},"excerpt":{"rendered":"<p>Teguar wei\u00df, dass die Liebe zum Detail und zu den Spezifikationen von gr\u00f6\u00dfter Bedeutung sind. Wir haben unseren bew\u00e4hrten Prozess immer wieder eingesetzt, um Ideen zum Leben zu erwecken, die die Zukunft der Technologie pr\u00e4gen. Die Zusammenarbeit mit Teguar beginnt mit: Schnelle Reaktion Nach Ihrer ersten Kontaktaufnahme wird sich ein erfahrener Produktvertreter innerhalb von 12 [&hellip;]<\/p>\n","protected":false},"author":4,"featured_media":0,"parent":0,"menu_order":0,"comment_status":"closed","ping_status":"closed","template":"templates\/template-content-page.php","meta":{"_acf_changed":false,"footnotes":""},"class_list":["post-2243549","page","type-page","status-publish","hentry"],"acf":[],"yoast_head":"<!-- This site is optimized with the Yoast SEO Premium plugin v26.8 (Yoast SEO v27.2) - https:\/\/yoast.com\/product\/yoast-seo-premium-wordpress\/ -->\n<title>- TEGUAR<\/title>\n<meta name=\"description\" content=\"Manche Projekte erfordern oder w\u00fcnschen ein bisschen mehr. Die Kundenbetreuer von Teguar arbeiten sehr eng mit den Produktingenieuren zusammen und verf\u00fcgen \u00fcber fundierte Produktkenntnisse.\" \/>\n<meta name=\"robots\" content=\"index, follow, max-snippet:-1, max-image-preview:large, max-video-preview:-1\" \/>\n<link rel=\"canonical\" href=\"https:\/\/teguar.com\/eu\/de\/unser-bewaehrter-prozess\/\" \/>\n<meta property=\"og:locale\" content=\"de_DE\" \/>\n<meta property=\"og:type\" content=\"article\" \/>\n<meta property=\"og:title\" content=\"Unser bew\u00e4hrter Prozess\" \/>\n<meta property=\"og:description\" content=\"Manche Projekte erfordern oder w\u00fcnschen ein bisschen mehr. Die Kundenbetreuer von Teguar arbeiten sehr eng mit den Produktingenieuren zusammen und verf\u00fcgen \u00fcber fundierte Produktkenntnisse.\" \/>\n<meta property=\"og:url\" content=\"https:\/\/teguar.com\/eu\/de\/unser-bewaehrter-prozess\/\" \/>\n<meta property=\"og:site_name\" content=\"Teguar\" \/>\n<meta property=\"article:modified_time\" content=\"2025-10-16T12:45:07+00:00\" \/>\n<meta property=\"og:image\" content=\"https:\/\/teguar.com\/eu\/wp-content\/uploads\/sites\/2\/2025\/07\/Sequence-01.00_01_29_04.Still012-1024x541.jpg\" \/>\n<meta name=\"twitter:card\" content=\"summary_large_image\" \/>\n<meta name=\"twitter:label1\" content=\"Gesch\u00e4tzte Lesezeit\" \/>\n\t<meta name=\"twitter:data1\" content=\"2\u00a0Minuten\" \/>\n<script type=\"application\/ld+json\" class=\"yoast-schema-graph\">{\"@context\":\"https:\/\/schema.org\",\"@graph\":[{\"@type\":\"WebPage\",\"@id\":\"https:\/\/teguar.com\/eu\/de\/unser-bewaehrter-prozess\/\",\"url\":\"https:\/\/teguar.com\/eu\/de\/unser-bewaehrter-prozess\/\",\"name\":\"- TEGUAR\",\"isPartOf\":{\"@id\":\"https:\/\/teguar.com\/eu\/en\/#website\"},\"primaryImageOfPage\":{\"@id\":\"https:\/\/teguar.com\/eu\/de\/unser-bewaehrter-prozess\/#primaryimage\"},\"image\":{\"@id\":\"https:\/\/teguar.com\/eu\/de\/unser-bewaehrter-prozess\/#primaryimage\"},\"thumbnailUrl\":\"https:\/\/teguar.com\/eu\/wp-content\/uploads\/sites\/2\/2025\/07\/Sequence-01.00_01_29_04.Still012-1024x541.jpg\",\"datePublished\":\"2025-07-22T17:32:39+00:00\",\"dateModified\":\"2025-10-16T12:45:07+00:00\",\"description\":\"Manche Projekte erfordern oder w\u00fcnschen ein bisschen mehr. Die Kundenbetreuer von Teguar arbeiten sehr eng mit den Produktingenieuren zusammen und verf\u00fcgen \u00fcber fundierte Produktkenntnisse.\",\"breadcrumb\":{\"@id\":\"https:\/\/teguar.com\/eu\/de\/unser-bewaehrter-prozess\/#breadcrumb\"},\"inLanguage\":\"de\",\"potentialAction\":[{\"@type\":\"ReadAction\",\"target\":[\"https:\/\/teguar.com\/eu\/de\/unser-bewaehrter-prozess\/\"]}]},{\"@type\":\"ImageObject\",\"inLanguage\":\"de\",\"@id\":\"https:\/\/teguar.com\/eu\/de\/unser-bewaehrter-prozess\/#primaryimage\",\"url\":\"https:\/\/teguar.com\/eu\/wp-content\/uploads\/sites\/2\/2025\/07\/Sequence-01.00_01_29_04.Still012-1024x541.jpg\",\"contentUrl\":\"https:\/\/teguar.com\/eu\/wp-content\/uploads\/sites\/2\/2025\/07\/Sequence-01.00_01_29_04.Still012-1024x541.jpg\"},{\"@type\":\"BreadcrumbList\",\"@id\":\"https:\/\/teguar.com\/eu\/de\/unser-bewaehrter-prozess\/#breadcrumb\",\"itemListElement\":[{\"@type\":\"ListItem\",\"position\":1,\"name\":\"Home\",\"item\":\"https:\/\/teguar.com\/eu\/de\/\"},{\"@type\":\"ListItem\",\"position\":2,\"name\":\"Unser bew\u00e4hrter Prozess\"}]},{\"@type\":\"WebSite\",\"@id\":\"https:\/\/teguar.com\/eu\/en\/#website\",\"url\":\"https:\/\/teguar.com\/eu\/en\/\",\"name\":\"Teguar\",\"description\":\"Industrial PCs, Medical Computers, and Rugged Tablets\",\"potentialAction\":[{\"@type\":\"SearchAction\",\"target\":{\"@type\":\"EntryPoint\",\"urlTemplate\":\"https:\/\/teguar.com\/eu\/en\/?s={search_term_string}\"},\"query-input\":{\"@type\":\"PropertyValueSpecification\",\"valueRequired\":true,\"valueName\":\"search_term_string\"}}],\"inLanguage\":\"de\"}]}<\/script>\n<!-- \/ Yoast SEO Premium plugin. -->","yoast_head_json":{"title":"- TEGUAR","description":"Manche Projekte erfordern oder w\u00fcnschen ein bisschen mehr. Die Kundenbetreuer von Teguar arbeiten sehr eng mit den Produktingenieuren zusammen und verf\u00fcgen \u00fcber fundierte Produktkenntnisse.","robots":{"index":"index","follow":"follow","max-snippet":"max-snippet:-1","max-image-preview":"max-image-preview:large","max-video-preview":"max-video-preview:-1"},"canonical":"https:\/\/teguar.com\/eu\/de\/unser-bewaehrter-prozess\/","og_locale":"de_DE","og_type":"article","og_title":"Unser bew\u00e4hrter Prozess","og_description":"Manche Projekte erfordern oder w\u00fcnschen ein bisschen mehr. Die Kundenbetreuer von Teguar arbeiten sehr eng mit den Produktingenieuren zusammen und verf\u00fcgen \u00fcber fundierte Produktkenntnisse.","og_url":"https:\/\/teguar.com\/eu\/de\/unser-bewaehrter-prozess\/","og_site_name":"Teguar","article_modified_time":"2025-10-16T12:45:07+00:00","og_image":[{"url":"https:\/\/teguar.com\/eu\/wp-content\/uploads\/sites\/2\/2025\/07\/Sequence-01.00_01_29_04.Still012-1024x541.jpg","type":"","width":"","height":""}],"twitter_card":"summary_large_image","twitter_misc":{"Gesch\u00e4tzte Lesezeit":"2\u00a0Minuten"},"schema":{"@context":"https:\/\/schema.org","@graph":[{"@type":"WebPage","@id":"https:\/\/teguar.com\/eu\/de\/unser-bewaehrter-prozess\/","url":"https:\/\/teguar.com\/eu\/de\/unser-bewaehrter-prozess\/","name":"- TEGUAR","isPartOf":{"@id":"https:\/\/teguar.com\/eu\/en\/#website"},"primaryImageOfPage":{"@id":"https:\/\/teguar.com\/eu\/de\/unser-bewaehrter-prozess\/#primaryimage"},"image":{"@id":"https:\/\/teguar.com\/eu\/de\/unser-bewaehrter-prozess\/#primaryimage"},"thumbnailUrl":"https:\/\/teguar.com\/eu\/wp-content\/uploads\/sites\/2\/2025\/07\/Sequence-01.00_01_29_04.Still012-1024x541.jpg","datePublished":"2025-07-22T17:32:39+00:00","dateModified":"2025-10-16T12:45:07+00:00","description":"Manche Projekte erfordern oder w\u00fcnschen ein bisschen mehr. Die Kundenbetreuer von Teguar arbeiten sehr eng mit den Produktingenieuren zusammen und verf\u00fcgen \u00fcber fundierte Produktkenntnisse.","breadcrumb":{"@id":"https:\/\/teguar.com\/eu\/de\/unser-bewaehrter-prozess\/#breadcrumb"},"inLanguage":"de","potentialAction":[{"@type":"ReadAction","target":["https:\/\/teguar.com\/eu\/de\/unser-bewaehrter-prozess\/"]}]},{"@type":"ImageObject","inLanguage":"de","@id":"https:\/\/teguar.com\/eu\/de\/unser-bewaehrter-prozess\/#primaryimage","url":"https:\/\/teguar.com\/eu\/wp-content\/uploads\/sites\/2\/2025\/07\/Sequence-01.00_01_29_04.Still012-1024x541.jpg","contentUrl":"https:\/\/teguar.com\/eu\/wp-content\/uploads\/sites\/2\/2025\/07\/Sequence-01.00_01_29_04.Still012-1024x541.jpg"},{"@type":"BreadcrumbList","@id":"https:\/\/teguar.com\/eu\/de\/unser-bewaehrter-prozess\/#breadcrumb","itemListElement":[{"@type":"ListItem","position":1,"name":"Home","item":"https:\/\/teguar.com\/eu\/de\/"},{"@type":"ListItem","position":2,"name":"Unser bew\u00e4hrter Prozess"}]},{"@type":"WebSite","@id":"https:\/\/teguar.com\/eu\/en\/#website","url":"https:\/\/teguar.com\/eu\/en\/","name":"Teguar","description":"Industrial PCs, Medical Computers, and Rugged Tablets","potentialAction":[{"@type":"SearchAction","target":{"@type":"EntryPoint","urlTemplate":"https:\/\/teguar.com\/eu\/en\/?s={search_term_string}"},"query-input":{"@type":"PropertyValueSpecification","valueRequired":true,"valueName":"search_term_string"}}],"inLanguage":"de"}]}},"_links":{"self":[{"href":"https:\/\/teguar.com\/eu\/de\/wp-json\/wp\/v2\/pages\/2243549","targetHints":{"allow":["GET"]}}],"collection":[{"href":"https:\/\/teguar.com\/eu\/de\/wp-json\/wp\/v2\/pages"}],"about":[{"href":"https:\/\/teguar.com\/eu\/de\/wp-json\/wp\/v2\/types\/page"}],"author":[{"embeddable":true,"href":"https:\/\/teguar.com\/eu\/de\/wp-json\/wp\/v2\/users\/4"}],"replies":[{"embeddable":true,"href":"https:\/\/teguar.com\/eu\/de\/wp-json\/wp\/v2\/comments?post=2243549"}],"version-history":[{"count":1,"href":"https:\/\/teguar.com\/eu\/de\/wp-json\/wp\/v2\/pages\/2243549\/revisions"}],"predecessor-version":[{"id":2243559,"href":"https:\/\/teguar.com\/eu\/de\/wp-json\/wp\/v2\/pages\/2243549\/revisions\/2243559"}],"wp:attachment":[{"href":"https:\/\/teguar.com\/eu\/de\/wp-json\/wp\/v2\/media?parent=2243549"}],"curies":[{"name":"wp","href":"https:\/\/api.w.org\/{rel}","templated":true}]}}