{"id":2243540,"date":"2025-07-22T14:02:59","date_gmt":"2025-07-22T14:02:59","guid":{"rendered":"https:\/\/teguar.com\/eu\/deluxe-garantie-programm\/"},"modified":"2025-10-16T12:45:06","modified_gmt":"2025-10-16T12:45:06","slug":"deluxe-garantie-programm","status":"publish","type":"page","link":"https:\/\/teguar.com\/eu\/de\/deluxe-garantie-programm\/","title":{"rendered":"Deluxe-Garantie-Programm"},"content":{"rendered":"\n<div style=\"height:38px\" aria-hidden=\"true\" class=\"wp-block-spacer\"><\/div>\n\n<div class=\"wp-block-columns is-layout-flex wp-container-core-columns-is-layout-9d6595d7 wp-block-columns-is-layout-flex\">\n<div class=\"wp-block-column is-layout-flow wp-block-column-is-layout-flow\" style=\"flex-basis:66.66%\">\n<p class=\"has-text-align-left\"><strong>Teguar bietet f\u00fcr alle seine Produkte einen fachkundigen Kundendienst und Support, aber f\u00fcr diejenigen, die ein h\u00f6heres Ma\u00df an Service und Schutz w\u00fcnschen, gibt es das Deluxe-Garantieprogramm von Teguar.<\/strong><\/p>\n<\/div>\n\n\n\n<div class=\"wp-block-column is-layout-flow wp-block-column-is-layout-flow\" style=\"flex-basis:33.33%\">\n<p class=\"has-text-align-center btn\" style=\"font-size: 30px; padding: 30px 40px;\"><a href=\"https:\/\/teguar.com\/eu\/wp-content\/uploads\/sites\/2\/2025\/07\/Teguar-Deluxe-Warranty-PDF.pdf\" target=\"_blank\" rel=\"noopener\">Als PDF anzeigen<\/a><\/p>\n<\/div>\n<\/div>\n\n<hr class=\"wp-block-separator has-alpha-channel-opacity\"\/>\n\n<h2 class=\"wp-block-heading has-text-align-center\" id=\"h-benefits-include\">Zu den Vorteilen geh\u00f6ren:<\/h2>\n\n<div class=\"wp-block-columns is-layout-flex wp-container-core-columns-is-layout-9d6595d7 wp-block-columns-is-layout-flex\">\n<div class=\"wp-block-column is-layout-flow wp-block-column-is-layout-flow\"><div class=\"wp-block-image\">\n<figure class=\"alignright size-large is-resized\"><img loading=\"lazy\" decoding=\"async\" width=\"1024\" height=\"767\" src=\"https:\/\/teguar.com\/eu\/wp-content\/uploads\/sites\/2\/2025\/07\/Deluxe-Warranty-Pic-1024x767.jpg\" alt=\"Teguar-Techniker l&#xE4;chelt in die Kamera, w&#xE4;hrend er an einem Computer arbeitet\" class=\"wp-image-2241613\" style=\"width:375px;height:auto\" srcset=\"https:\/\/teguar.com\/eu\/wp-content\/uploads\/sites\/2\/2025\/07\/Deluxe-Warranty-Pic-1024x767.jpg 1024w, https:\/\/teguar.com\/eu\/wp-content\/uploads\/sites\/2\/2025\/07\/Deluxe-Warranty-Pic-300x225.jpg 300w, https:\/\/teguar.com\/eu\/wp-content\/uploads\/sites\/2\/2025\/07\/Deluxe-Warranty-Pic-768x575.jpg 768w, https:\/\/teguar.com\/eu\/wp-content\/uploads\/sites\/2\/2025\/07\/Deluxe-Warranty-Pic-1536x1150.jpg 1536w, https:\/\/teguar.com\/eu\/wp-content\/uploads\/sites\/2\/2025\/07\/Deluxe-Warranty-Pic-2048x1534.jpg 2048w, https:\/\/teguar.com\/eu\/wp-content\/uploads\/sites\/2\/2025\/07\/Deluxe-Warranty-Pic-200x150.jpg 200w, https:\/\/teguar.com\/eu\/wp-content\/uploads\/sites\/2\/2025\/07\/Deluxe-Warranty-Pic-164x123.jpg 164w, https:\/\/teguar.com\/eu\/wp-content\/uploads\/sites\/2\/2025\/07\/Deluxe-Warranty-Pic-600x449.jpg 600w\" sizes=\"auto, (max-width: 1024px) 100vw, 1024px\" \/><\/figure>\n<\/div><\/div>\n\n\n\n<div class=\"wp-block-column is-layout-flow wp-block-column-is-layout-flow\">\n<ul class=\"wp-block-list\">\n<li><strong>Beschleunigte<\/strong> Durchlaufzeiten f\u00fcr RMAs<\/li>\n\n\n\n<li><strong>Lifetime-Support<\/strong> \u00fcber Webchat oder Telefon<\/li>\n\n\n\n<li><strong>Kostenlose vorbeugende Wartung<\/strong> und Nachladen der aktuellen Software<\/li>\n\n\n\n<li><strong>24\/7 Zugang<\/strong> zu unserem RMA-Einreichungsportal<\/li>\n\n\n\n<li><strong>Erh\u00f6hter Schutz<\/strong> gegen versehentliche Sch\u00e4den und Produktfehler<\/li>\n\n\n\n<li><strong>Festgelegter Preis<\/strong> f\u00fcr bis zu f\u00fcnf Jahre Service<\/li>\n<\/ul>\n<\/div>\n<\/div>\n\n<hr class=\"wp-block-separator has-alpha-channel-opacity\"\/>\n\n<p class=\"has-text-align-center\"><strong>Verf\u00fcgbar f\u00fcr alle Serien und die meisten Modelle. F\u00fcr detaillierte Spezifikationen und Informationen <a href=\"https:\/\/teguar.com\/eu\/de\/kontaktieren-sie-uns\/\">wenden<\/a> Sie sich bitte an unseren Vertriebsmitarbeiter. <\/strong><\/p>\n\n<script charset=\"utf-8\" type=\"text\/javascript\" src=\"\/\/js.hsforms.net\/forms\/embed\/v2.js\"><\/script><script>hbspt.forms.create({\n    portalId: \"21497995\",\n    formId: \"b75b2a57-f9b0-4ed6-9f9b-bce081603673\",\n    region: \"na1\"\n  });\n<\/script>\n\n<div style=\"height:100px\" aria-hidden=\"true\" class=\"wp-block-spacer\"><\/div>\n","protected":false},"excerpt":{"rendered":"<p>Teguar bietet f\u00fcr alle seine Produkte einen fachkundigen Kundendienst und Support, aber f\u00fcr diejenigen, die ein h\u00f6heres Ma\u00df an Service und Schutz w\u00fcnschen, gibt es das Deluxe-Garantieprogramm von Teguar. Als PDF anzeigen Zu den Vorteilen geh\u00f6ren: Verf\u00fcgbar f\u00fcr alle Serien und die meisten Modelle. F\u00fcr detaillierte Spezifikationen und Informationen wenden Sie sich bitte an unseren [&hellip;]<\/p>\n","protected":false},"author":13,"featured_media":0,"parent":0,"menu_order":0,"comment_status":"closed","ping_status":"closed","template":"templates\/template-content-page.php","meta":{"_acf_changed":false,"footnotes":""},"class_list":["post-2243540","page","type-page","status-publish","hentry"],"acf":[],"yoast_head":"<!-- This site is optimized with the Yoast SEO Premium plugin v26.8 (Yoast SEO v27.2) - https:\/\/yoast.com\/product\/yoast-seo-premium-wordpress\/ -->\n<title>| TEGUAR<\/title>\n<meta name=\"description\" content=\"F\u00fcr diejenigen, die ein h\u00f6heres Ma\u00df an Service und Schutz w\u00fcnschen, gibt es das Deluxe-Garantieprogramm von Teguar.\" \/>\n<meta name=\"robots\" content=\"index, follow, max-snippet:-1, max-image-preview:large, max-video-preview:-1\" \/>\n<link rel=\"canonical\" href=\"https:\/\/teguar.com\/eu\/de\/deluxe-garantie-programm\/\" \/>\n<meta property=\"og:locale\" content=\"de_DE\" \/>\n<meta property=\"og:type\" content=\"article\" \/>\n<meta property=\"og:title\" content=\"Deluxe-Garantie-Programm\" \/>\n<meta property=\"og:description\" content=\"F\u00fcr diejenigen, die ein h\u00f6heres Ma\u00df an Service und Schutz w\u00fcnschen, gibt es das Deluxe-Garantieprogramm von Teguar.\" \/>\n<meta property=\"og:url\" content=\"https:\/\/teguar.com\/eu\/de\/deluxe-garantie-programm\/\" \/>\n<meta property=\"og:site_name\" content=\"Teguar\" \/>\n<meta property=\"article:modified_time\" content=\"2025-10-16T12:45:06+00:00\" \/>\n<meta property=\"og:image\" content=\"https:\/\/teguar.com\/eu\/wp-content\/uploads\/sites\/2\/2025\/07\/Deluxe-Warranty-Pic-1024x767.jpg\" \/>\n<meta name=\"twitter:card\" content=\"summary_large_image\" \/>\n<meta name=\"twitter:label1\" content=\"Gesch\u00e4tzte Lesezeit\" \/>\n\t<meta name=\"twitter:data1\" content=\"1\u00a0Minute\" \/>\n<script type=\"application\/ld+json\" class=\"yoast-schema-graph\">{\"@context\":\"https:\/\/schema.org\",\"@graph\":[{\"@type\":\"WebPage\",\"@id\":\"https:\/\/teguar.com\/eu\/de\/deluxe-garantie-programm\/\",\"url\":\"https:\/\/teguar.com\/eu\/de\/deluxe-garantie-programm\/\",\"name\":\"| TEGUAR\",\"isPartOf\":{\"@id\":\"https:\/\/teguar.com\/eu\/en\/#website\"},\"primaryImageOfPage\":{\"@id\":\"https:\/\/teguar.com\/eu\/de\/deluxe-garantie-programm\/#primaryimage\"},\"image\":{\"@id\":\"https:\/\/teguar.com\/eu\/de\/deluxe-garantie-programm\/#primaryimage\"},\"thumbnailUrl\":\"https:\/\/teguar.com\/eu\/wp-content\/uploads\/sites\/2\/2025\/07\/Deluxe-Warranty-Pic-1024x767.jpg\",\"datePublished\":\"2025-07-22T14:02:59+00:00\",\"dateModified\":\"2025-10-16T12:45:06+00:00\",\"description\":\"F\u00fcr diejenigen, die ein h\u00f6heres Ma\u00df an Service und Schutz w\u00fcnschen, gibt es das Deluxe-Garantieprogramm von Teguar.\",\"breadcrumb\":{\"@id\":\"https:\/\/teguar.com\/eu\/de\/deluxe-garantie-programm\/#breadcrumb\"},\"inLanguage\":\"de\",\"potentialAction\":[{\"@type\":\"ReadAction\",\"target\":[\"https:\/\/teguar.com\/eu\/de\/deluxe-garantie-programm\/\"]}]},{\"@type\":\"ImageObject\",\"inLanguage\":\"de\",\"@id\":\"https:\/\/teguar.com\/eu\/de\/deluxe-garantie-programm\/#primaryimage\",\"url\":\"https:\/\/teguar.com\/eu\/wp-content\/uploads\/sites\/2\/2025\/07\/Deluxe-Warranty-Pic-1024x767.jpg\",\"contentUrl\":\"https:\/\/teguar.com\/eu\/wp-content\/uploads\/sites\/2\/2025\/07\/Deluxe-Warranty-Pic-1024x767.jpg\"},{\"@type\":\"BreadcrumbList\",\"@id\":\"https:\/\/teguar.com\/eu\/de\/deluxe-garantie-programm\/#breadcrumb\",\"itemListElement\":[{\"@type\":\"ListItem\",\"position\":1,\"name\":\"Home\",\"item\":\"https:\/\/teguar.com\/eu\/de\/\"},{\"@type\":\"ListItem\",\"position\":2,\"name\":\"Deluxe-Garantie-Programm\"}]},{\"@type\":\"WebSite\",\"@id\":\"https:\/\/teguar.com\/eu\/en\/#website\",\"url\":\"https:\/\/teguar.com\/eu\/en\/\",\"name\":\"Teguar\",\"description\":\"Industrial PCs, Medical Computers, and Rugged Tablets\",\"potentialAction\":[{\"@type\":\"SearchAction\",\"target\":{\"@type\":\"EntryPoint\",\"urlTemplate\":\"https:\/\/teguar.com\/eu\/en\/?s={search_term_string}\"},\"query-input\":{\"@type\":\"PropertyValueSpecification\",\"valueRequired\":true,\"valueName\":\"search_term_string\"}}],\"inLanguage\":\"de\"}]}<\/script>\n<!-- \/ Yoast SEO Premium plugin. -->","yoast_head_json":{"title":"| TEGUAR","description":"F\u00fcr diejenigen, die ein h\u00f6heres Ma\u00df an Service und Schutz w\u00fcnschen, gibt es das Deluxe-Garantieprogramm von Teguar.","robots":{"index":"index","follow":"follow","max-snippet":"max-snippet:-1","max-image-preview":"max-image-preview:large","max-video-preview":"max-video-preview:-1"},"canonical":"https:\/\/teguar.com\/eu\/de\/deluxe-garantie-programm\/","og_locale":"de_DE","og_type":"article","og_title":"Deluxe-Garantie-Programm","og_description":"F\u00fcr diejenigen, die ein h\u00f6heres Ma\u00df an Service und Schutz w\u00fcnschen, gibt es das Deluxe-Garantieprogramm von Teguar.","og_url":"https:\/\/teguar.com\/eu\/de\/deluxe-garantie-programm\/","og_site_name":"Teguar","article_modified_time":"2025-10-16T12:45:06+00:00","og_image":[{"url":"https:\/\/teguar.com\/eu\/wp-content\/uploads\/sites\/2\/2025\/07\/Deluxe-Warranty-Pic-1024x767.jpg","type":"","width":"","height":""}],"twitter_card":"summary_large_image","twitter_misc":{"Gesch\u00e4tzte Lesezeit":"1\u00a0Minute"},"schema":{"@context":"https:\/\/schema.org","@graph":[{"@type":"WebPage","@id":"https:\/\/teguar.com\/eu\/de\/deluxe-garantie-programm\/","url":"https:\/\/teguar.com\/eu\/de\/deluxe-garantie-programm\/","name":"| TEGUAR","isPartOf":{"@id":"https:\/\/teguar.com\/eu\/en\/#website"},"primaryImageOfPage":{"@id":"https:\/\/teguar.com\/eu\/de\/deluxe-garantie-programm\/#primaryimage"},"image":{"@id":"https:\/\/teguar.com\/eu\/de\/deluxe-garantie-programm\/#primaryimage"},"thumbnailUrl":"https:\/\/teguar.com\/eu\/wp-content\/uploads\/sites\/2\/2025\/07\/Deluxe-Warranty-Pic-1024x767.jpg","datePublished":"2025-07-22T14:02:59+00:00","dateModified":"2025-10-16T12:45:06+00:00","description":"F\u00fcr diejenigen, die ein h\u00f6heres Ma\u00df an Service und Schutz w\u00fcnschen, gibt es das Deluxe-Garantieprogramm von Teguar.","breadcrumb":{"@id":"https:\/\/teguar.com\/eu\/de\/deluxe-garantie-programm\/#breadcrumb"},"inLanguage":"de","potentialAction":[{"@type":"ReadAction","target":["https:\/\/teguar.com\/eu\/de\/deluxe-garantie-programm\/"]}]},{"@type":"ImageObject","inLanguage":"de","@id":"https:\/\/teguar.com\/eu\/de\/deluxe-garantie-programm\/#primaryimage","url":"https:\/\/teguar.com\/eu\/wp-content\/uploads\/sites\/2\/2025\/07\/Deluxe-Warranty-Pic-1024x767.jpg","contentUrl":"https:\/\/teguar.com\/eu\/wp-content\/uploads\/sites\/2\/2025\/07\/Deluxe-Warranty-Pic-1024x767.jpg"},{"@type":"BreadcrumbList","@id":"https:\/\/teguar.com\/eu\/de\/deluxe-garantie-programm\/#breadcrumb","itemListElement":[{"@type":"ListItem","position":1,"name":"Home","item":"https:\/\/teguar.com\/eu\/de\/"},{"@type":"ListItem","position":2,"name":"Deluxe-Garantie-Programm"}]},{"@type":"WebSite","@id":"https:\/\/teguar.com\/eu\/en\/#website","url":"https:\/\/teguar.com\/eu\/en\/","name":"Teguar","description":"Industrial PCs, Medical Computers, and Rugged Tablets","potentialAction":[{"@type":"SearchAction","target":{"@type":"EntryPoint","urlTemplate":"https:\/\/teguar.com\/eu\/en\/?s={search_term_string}"},"query-input":{"@type":"PropertyValueSpecification","valueRequired":true,"valueName":"search_term_string"}}],"inLanguage":"de"}]}},"_links":{"self":[{"href":"https:\/\/teguar.com\/eu\/de\/wp-json\/wp\/v2\/pages\/2243540","targetHints":{"allow":["GET"]}}],"collection":[{"href":"https:\/\/teguar.com\/eu\/de\/wp-json\/wp\/v2\/pages"}],"about":[{"href":"https:\/\/teguar.com\/eu\/de\/wp-json\/wp\/v2\/types\/page"}],"author":[{"embeddable":true,"href":"https:\/\/teguar.com\/eu\/de\/wp-json\/wp\/v2\/users\/13"}],"replies":[{"embeddable":true,"href":"https:\/\/teguar.com\/eu\/de\/wp-json\/wp\/v2\/comments?post=2243540"}],"version-history":[{"count":1,"href":"https:\/\/teguar.com\/eu\/de\/wp-json\/wp\/v2\/pages\/2243540\/revisions"}],"predecessor-version":[{"id":2243547,"href":"https:\/\/teguar.com\/eu\/de\/wp-json\/wp\/v2\/pages\/2243540\/revisions\/2243547"}],"wp:attachment":[{"href":"https:\/\/teguar.com\/eu\/de\/wp-json\/wp\/v2\/media?parent=2243540"}],"curies":[{"name":"wp","href":"https:\/\/api.w.org\/{rel}","templated":true}]}}