{"id":2243539,"date":"2025-07-09T14:43:22","date_gmt":"2025-07-09T14:43:22","guid":{"rendered":"https:\/\/teguar.com\/eu\/beratergremium\/"},"modified":"2025-10-16T12:45:09","modified_gmt":"2025-10-16T12:45:09","slug":"beratergremium","status":"publish","type":"page","link":"https:\/\/teguar.com\/eu\/de\/beratergremium\/","title":{"rendered":"Beratergremium"},"content":{"rendered":"\n<h2 class=\"wp-block-heading\" id=\"h-jonathan-staub\">Jonathan Staub<\/h2>\n\n<div class=\"wp-block-columns is-layout-flex wp-container-core-columns-is-layout-9d6595d7 wp-block-columns-is-layout-flex\">\n<div class=\"wp-block-column is-layout-flow wp-block-column-is-layout-flow\" style=\"flex-basis:66.66%\">\n<p>Jonathan ist ein erfahrener CEO mit einer erfolgreichen Vergangenheit in der Computer-Hardware-Branche. Er ist hochqualifiziert in den Bereichen Verhandlung, Gesch\u00e4ftsentwicklung, Vertriebsmanagement, Produktmanagement und Marketingkommunikation und wurde von der HWS AG in Basel, Schweiz, als starker Gesch\u00e4ftsentwicklungsprofi gelobt. Jonathan gr\u00fcndete <a aria-label=\"undefined (opens in a new tab)\" href=\"https:\/\/teguar.com\/eu\/\" target=\"_blank\" rel=\"noreferrer noopener\">Teguar<\/a> im Jahr 2010 mit Hauptsitz in Charlotte, NC und internationalen Niederlassungen in der Schweiz und Taiwan.  <br\/><br\/>Mit \u00fcber 20 Jahren Erfahrung in der Computer-Hardware-Branche ist Jonathan leidenschaftlich gern auf dem neuesten Stand der Technik. Er ist au\u00dferdem ein professioneller lizenzierter Hubschrauberpilot, der gerne gesch\u00e4ftlich, f\u00fcr wohlt\u00e4tige Zwecke und zur Erkundung der Welt reist. Mit seiner Frau und seinen drei S\u00f6hnen unternimmt er eine Vielzahl von Outdoor-Aktivit\u00e4ten, darunter Wassersportarten wie Kitesurfen, Wakeboarden und Snowboarden. <\/p>\n<\/div>\n\n\n\n<div class=\"wp-block-column is-layout-flow wp-block-column-is-layout-flow\" style=\"flex-basis:33.33%\">\n<figure class=\"wp-block-image size-full\"><img loading=\"lazy\" decoding=\"async\" width=\"330\" height=\"330\" src=\"https:\/\/teguar.com\/eu\/wp-content\/uploads\/sites\/2\/2025\/07\/Jonathan.Staub_.Headshot.3.2020-1.jpg\" alt=\"\" class=\"wp-image-2241480\" srcset=\"https:\/\/teguar.com\/eu\/wp-content\/uploads\/sites\/2\/2025\/07\/Jonathan.Staub_.Headshot.3.2020-1.jpg 330w, https:\/\/teguar.com\/eu\/wp-content\/uploads\/sites\/2\/2025\/07\/Jonathan.Staub_.Headshot.3.2020-1-300x300.jpg 300w, https:\/\/teguar.com\/eu\/wp-content\/uploads\/sites\/2\/2025\/07\/Jonathan.Staub_.Headshot.3.2020-1-150x150.jpg 150w, https:\/\/teguar.com\/eu\/wp-content\/uploads\/sites\/2\/2025\/07\/Jonathan.Staub_.Headshot.3.2020-1-276x276.jpg 276w, https:\/\/teguar.com\/eu\/wp-content\/uploads\/sites\/2\/2025\/07\/Jonathan.Staub_.Headshot.3.2020-1-30x30.jpg 30w, https:\/\/teguar.com\/eu\/wp-content\/uploads\/sites\/2\/2025\/07\/Jonathan.Staub_.Headshot.3.2020-1-144x144.jpg 144w, https:\/\/teguar.com\/eu\/wp-content\/uploads\/sites\/2\/2025\/07\/Jonathan.Staub_.Headshot.3.2020-1-100x100.jpg 100w\" sizes=\"auto, (max-width: 330px) 100vw, 330px\" \/><\/figure>\n<\/div>\n<\/div>\n\n<hr class=\"wp-block-separator has-alpha-channel-opacity\"\/>\n\n<h2 class=\"wp-block-heading\" id=\"h-corinne-staub\">Corinne Staub<\/h2>\n\n<div class=\"wp-block-columns is-layout-flex wp-container-core-columns-is-layout-9d6595d7 wp-block-columns-is-layout-flex\">\n<div class=\"wp-block-column is-layout-flow wp-block-column-is-layout-flow\" style=\"flex-basis:66.66%\">\n<p>Corinne hat die Teguar Corporation im Jahr 2010 mitbegr\u00fcndet. Als Mitbegr\u00fcnderin der Teguar Corporation hat Corinne viele Positionen innerhalb des Unternehmens bekleidet, darunter Buchhaltung, Betrieb, Marketing und jetzt HR, und sie hat dauerhafte Grundlagen geschaffen, auf denen viele dieser Abteilungen gewachsen sind. Ihre Leidenschaft gilt den Menschen und sie setzt sich f\u00fcr jede Initiative, an der sie beteiligt ist, mit gro\u00dfem Engagement ein. Im Jahr 2006 wechselte Corinne von der Schweiz in die USA zu einem deutschen Hersteller von Industriecomputern.   <br\/><br\/>Corinne ist eine leidenschaftliche Mutter von drei Jungen, die gerne die Welt bereisen und neue Kulturen, Essen, Musik und eine gute B\u00fchnenshow kennenlernen m\u00f6chten. Au\u00dferdem genie\u00dft sie Outdoor-Aktivit\u00e4ten wie Wandern und Wake-Surfen. Zu ihren weiteren Erfahrungen als Vorstandsmitglied geh\u00f6ren ein Eishockeyverein und die <a aria-label=\"undefined (opens in a new tab)\" href=\"https:\/\/swisscharlotte.com\/\" target=\"_blank\" rel=\"noreferrer noopener\">Schweizer Gesellschaft von Charlotte<\/a>.  <\/p>\n<\/div>\n\n\n\n<div class=\"wp-block-column is-layout-flow wp-block-column-is-layout-flow\" style=\"flex-basis:33.33%\">\n<figure class=\"wp-block-image size-full\"><img loading=\"lazy\" decoding=\"async\" width=\"330\" height=\"330\" src=\"https:\/\/teguar.com\/eu\/wp-content\/uploads\/sites\/2\/2025\/07\/Corinne.Staub_.Headshot.3.2020.jpg\" alt=\"\" class=\"wp-image-2241485\" srcset=\"https:\/\/teguar.com\/eu\/wp-content\/uploads\/sites\/2\/2025\/07\/Corinne.Staub_.Headshot.3.2020.jpg 330w, https:\/\/teguar.com\/eu\/wp-content\/uploads\/sites\/2\/2025\/07\/Corinne.Staub_.Headshot.3.2020-300x300.jpg 300w, https:\/\/teguar.com\/eu\/wp-content\/uploads\/sites\/2\/2025\/07\/Corinne.Staub_.Headshot.3.2020-150x150.jpg 150w, https:\/\/teguar.com\/eu\/wp-content\/uploads\/sites\/2\/2025\/07\/Corinne.Staub_.Headshot.3.2020-276x276.jpg 276w, https:\/\/teguar.com\/eu\/wp-content\/uploads\/sites\/2\/2025\/07\/Corinne.Staub_.Headshot.3.2020-30x30.jpg 30w, https:\/\/teguar.com\/eu\/wp-content\/uploads\/sites\/2\/2025\/07\/Corinne.Staub_.Headshot.3.2020-144x144.jpg 144w, https:\/\/teguar.com\/eu\/wp-content\/uploads\/sites\/2\/2025\/07\/Corinne.Staub_.Headshot.3.2020-100x100.jpg 100w\" sizes=\"auto, (max-width: 330px) 100vw, 330px\" \/><\/figure>\n<\/div>\n<\/div>\n\n<hr class=\"wp-block-separator has-alpha-channel-opacity\"\/>\n\n<h2 class=\"wp-block-heading\" id=\"h-dan-keenan\">Dan Keenan<\/h2>\n\n<div class=\"wp-block-columns is-layout-flex wp-container-core-columns-is-layout-9d6595d7 wp-block-columns-is-layout-flex\">\n<div class=\"wp-block-column is-layout-flow wp-block-column-is-layout-flow\" style=\"flex-basis:66.66%\">\n<p>Dan verf\u00fcgt \u00fcber mehr als 40 Jahre Berufserfahrung in den Bereichen Management, Marketing, finanzielle Umstrukturierung und Beratungsdienste. Er kann auf Erfahrungen aus vielen Branchen zur\u00fcckgreifen, darunter die Leicht- und Schwerindustrie, der Vertrieb und die Finanzdienstleistungen. Zuletzt war Dan CEO von <a aria-label=\"undefined (opens in a new tab)\" href=\"https:\/\/www.cimtecautomation.com\/\" target=\"_blank\" rel=\"noreferrer noopener\">CIMTEC Automation<\/a>, einem Unternehmen f\u00fcr industrielle Automatisierungsprodukte und -dienstleistungen mit Hauptsitz in Charlotte, NC und Standorten in der mittelatlantischen Region. Vor der \u00dcbernahme von CIMTEC war Dan Partner einer professionellen Unternehmensrestrukturierungsfirma, wo er Unternehmen beriet, die eine finanzielle und operative Restrukturierung ben\u00f6tigten, um Werte f\u00fcr zuk\u00fcnftiges Wachstum zu erhalten und zu schaffen.   <br\/><br\/>Neben seiner T\u00e4tigkeit als CEO von CIMTEC war Dan unter anderem Vizepr\u00e4sident von Bourne &amp; Co (einer privaten Investmentbank), COO von Trim South, Inc (einem Unternehmen der Leichtindustrie), Pr\u00e4sident und COO von Loman Garrett, Inc (einem HVAC-Vertriebsunternehmen) und Partner bei Aurora Capital Partners (spezialisiert auf Unternehmensumstrukturierungen). Dan ist mit seiner Frau Suzanne verheiratet und hat 2 S\u00f6hne, Morgan und Garrett. <\/p>\n<\/div>\n\n\n\n<div class=\"wp-block-column is-layout-flow wp-block-column-is-layout-flow\" style=\"flex-basis:33.33%\">\n<figure class=\"wp-block-image size-full\"><img loading=\"lazy\" decoding=\"async\" width=\"330\" height=\"330\" src=\"https:\/\/teguar.com\/eu\/wp-content\/uploads\/sites\/2\/2025\/07\/Dan-Keenan.jpg\" alt=\"\" class=\"wp-image-2241484\" srcset=\"https:\/\/teguar.com\/eu\/wp-content\/uploads\/sites\/2\/2025\/07\/Dan-Keenan.jpg 330w, https:\/\/teguar.com\/eu\/wp-content\/uploads\/sites\/2\/2025\/07\/Dan-Keenan-300x300.jpg 300w, https:\/\/teguar.com\/eu\/wp-content\/uploads\/sites\/2\/2025\/07\/Dan-Keenan-150x150.jpg 150w, https:\/\/teguar.com\/eu\/wp-content\/uploads\/sites\/2\/2025\/07\/Dan-Keenan-276x276.jpg 276w, https:\/\/teguar.com\/eu\/wp-content\/uploads\/sites\/2\/2025\/07\/Dan-Keenan-30x30.jpg 30w, https:\/\/teguar.com\/eu\/wp-content\/uploads\/sites\/2\/2025\/07\/Dan-Keenan-144x144.jpg 144w, https:\/\/teguar.com\/eu\/wp-content\/uploads\/sites\/2\/2025\/07\/Dan-Keenan-100x100.jpg 100w\" sizes=\"auto, (max-width: 330px) 100vw, 330px\" \/><\/figure>\n<\/div>\n<\/div>\n\n<hr class=\"wp-block-separator has-css-opacity\"\/>\n\n<h2 class=\"wp-block-heading\" id=\"h-greg-balesta\">Greg Balesta<\/h2>\n\n<div class=\"wp-block-columns is-layout-flex wp-container-core-columns-is-layout-9d6595d7 wp-block-columns-is-layout-flex\">\n<div class=\"wp-block-column is-layout-flow wp-block-column-is-layout-flow\" style=\"flex-basis:66.66%\">\n<p>Greg verf\u00fcgt \u00fcber mehr als 25 Jahre Erfahrung in der F\u00fchrung von Hightech-Unternehmen mit einem Umsatz von 20 bis 60 Millionen Dollar. Dabei hat er seine operativen F\u00e4higkeiten bei der Formulierung von Gesch\u00e4ftsstrategien, der Verwaltung von GuV und Bilanz, der schlanken Produktion und dem Aufbau leistungsstarker, kundenorientierter Teams unter Beweis gestellt. Er hat erfolgreich Akquisitionen, Unternehmensver\u00e4u\u00dferungen, Risikokapitalfinanzierungen und Joint Ventures geleitet. Gregs Kernkompetenzen liegen in den Bereichen operative Exzellenz, Produktentwicklung und Personalstrategie. Er ist auch als Lehrbeauftragter t\u00e4tig und unterrichtet einen Graduiertenkurs \u00fcber Organisationsverhalten (Organizational Behavior).   <br\/><br\/>Zu Gregs Karriereh\u00f6hepunkten geh\u00f6ren die T\u00e4tigkeit als CEO der Comark Corporation und Interims-CEO von Civiq Smartscapes von 2015-2016 sowie als Operating Partner von <a aria-label=\"undefined (opens in a new tab)\" href=\"https:\/\/jmccp.com\/\" target=\"_blank\" rel=\"noreferrer noopener\">JMC Capital<\/a> von 2016-2018. Greg war au\u00dferdem Vorstandsmitglied bei Atsana Semiconductor (2001-2003), Voice Signal Technology (2003), Horizon Technology (2000-2003), Comark Corporation (2014-2018) und Civiq Smartscapes (2017). <\/p>\n<\/div>\n\n\n\n<div class=\"wp-block-column is-layout-flow wp-block-column-is-layout-flow\" style=\"flex-basis:33.33%\">\n<figure class=\"wp-block-image size-full\"><img loading=\"lazy\" decoding=\"async\" width=\"330\" height=\"330\" src=\"https:\/\/teguar.com\/eu\/wp-content\/uploads\/sites\/2\/2025\/07\/Greg-Baletsa.jpg\" alt=\"\" class=\"wp-image-2241483\" srcset=\"https:\/\/teguar.com\/eu\/wp-content\/uploads\/sites\/2\/2025\/07\/Greg-Baletsa.jpg 330w, https:\/\/teguar.com\/eu\/wp-content\/uploads\/sites\/2\/2025\/07\/Greg-Baletsa-300x300.jpg 300w, https:\/\/teguar.com\/eu\/wp-content\/uploads\/sites\/2\/2025\/07\/Greg-Baletsa-150x150.jpg 150w, https:\/\/teguar.com\/eu\/wp-content\/uploads\/sites\/2\/2025\/07\/Greg-Baletsa-276x276.jpg 276w, https:\/\/teguar.com\/eu\/wp-content\/uploads\/sites\/2\/2025\/07\/Greg-Baletsa-30x30.jpg 30w, https:\/\/teguar.com\/eu\/wp-content\/uploads\/sites\/2\/2025\/07\/Greg-Baletsa-144x144.jpg 144w, https:\/\/teguar.com\/eu\/wp-content\/uploads\/sites\/2\/2025\/07\/Greg-Baletsa-100x100.jpg 100w\" sizes=\"auto, (max-width: 330px) 100vw, 330px\" \/><\/figure>\n<\/div>\n<\/div>\n\n<hr class=\"wp-block-separator has-css-opacity\"\/>\n\n<h2 class=\"wp-block-heading\" id=\"h-michael-uebersax\">Michael Uebersax<\/h2>\n\n<div class=\"wp-block-columns is-layout-flex wp-container-core-columns-is-layout-9d6595d7 wp-block-columns-is-layout-flex\">\n<div class=\"wp-block-column is-layout-flow wp-block-column-is-layout-flow\" style=\"flex-basis:66.66%\">\n<p>Michael wendet das, was er in \u00fcber 20 Jahren als H\u00e4ndler, Portfolio- und Risikomanager auf den Finanzm\u00e4rkten gelernt hat, in der Unternehmenswelt an. Er ist ein Serienunternehmer und unterh\u00e4lt immer noch enge Beziehungen zur Private-Equity-Szene in London. Michael hat einen Master-Abschluss der Eidgen\u00f6ssischen Technischen Hochschule Z\u00fcrich (ETHZ) in Elektrotechnik und ist ein Chartered Financial Analyst (CFA). Er ist Managing Director bei der UBS Investment Bank (Leiter des US-Aktienhandels in London), Mitbegr\u00fcnder und CIO von Active Alpha (multistrategischer Hedgefonds in Pf\u00e4ffikon SZ) und Gr\u00fcnder und CEO von <a aria-label=\"undefined (opens in a new tab)\" href=\"https:\/\/www.element-designs.com\/\" target=\"_blank\" rel=\"noreferrer noopener\">Element Designs<\/a> in Charlotte, NC.   <br\/><br\/>Michael ist mit seiner Frau verheiratet und hat 1 Tochter und 3 S\u00f6hne. Er ist Sekret\u00e4r eines lokalen Sportvereins. Er lebt mit seiner Familie in Oberbipp, Schweiz und verbringt etwa 1\/3 seiner Zeit in Charlotte, NC. <\/p>\n<\/div>\n\n\n\n<div class=\"wp-block-column is-layout-flow wp-block-column-is-layout-flow\" style=\"flex-basis:33.33%\">\n<figure class=\"wp-block-image size-full\"><img loading=\"lazy\" decoding=\"async\" width=\"330\" height=\"330\" src=\"https:\/\/teguar.com\/eu\/wp-content\/uploads\/sites\/2\/2025\/07\/Michael-Uebersax.jpg\" alt=\"\" class=\"wp-image-2241482\" srcset=\"https:\/\/teguar.com\/eu\/wp-content\/uploads\/sites\/2\/2025\/07\/Michael-Uebersax.jpg 330w, https:\/\/teguar.com\/eu\/wp-content\/uploads\/sites\/2\/2025\/07\/Michael-Uebersax-300x300.jpg 300w, https:\/\/teguar.com\/eu\/wp-content\/uploads\/sites\/2\/2025\/07\/Michael-Uebersax-150x150.jpg 150w, https:\/\/teguar.com\/eu\/wp-content\/uploads\/sites\/2\/2025\/07\/Michael-Uebersax-276x276.jpg 276w, https:\/\/teguar.com\/eu\/wp-content\/uploads\/sites\/2\/2025\/07\/Michael-Uebersax-30x30.jpg 30w, https:\/\/teguar.com\/eu\/wp-content\/uploads\/sites\/2\/2025\/07\/Michael-Uebersax-144x144.jpg 144w, https:\/\/teguar.com\/eu\/wp-content\/uploads\/sites\/2\/2025\/07\/Michael-Uebersax-100x100.jpg 100w\" sizes=\"auto, (max-width: 330px) 100vw, 330px\" \/><\/figure>\n<\/div>\n<\/div>\n\n<hr class=\"wp-block-separator has-css-opacity\"\/>\n\n<h2 class=\"wp-block-heading\" id=\"h-joel-keller\">Joel Keller<\/h2>\n\n<div class=\"wp-block-columns is-layout-flex wp-container-core-columns-is-layout-9d6595d7 wp-block-columns-is-layout-flex\">\n<div class=\"wp-block-column is-layout-flow wp-block-column-is-layout-flow\" style=\"flex-basis:66.66%\">\n<p>Joel ist in der<sup>3.<\/sup> Generation Miteigent\u00fcmer und Gesch\u00e4ftsf\u00fchrer der <a aria-label=\"undefined (opens in a new tab)\" href=\"https:\/\/www.keller-recycling.ch\/\" target=\"_blank\" rel=\"noreferrer noopener\">Keller Recycling AG<\/a> in der Schweiz, die er im Alter von 27 Jahren von seinem Vater \u00fcbernommen hat. Joel engagiert sich f\u00fcr die Unterst\u00fctzung von Menschen mit Behinderungen auf dem Wirtschaftsmarkt, spricht auf verschiedenen Psychologiekonferenzen und ist Berater f\u00fcr das Bundesamt f\u00fcr Gesundheit in der Schweiz. Weitere Verwaltungsratsmitglieder sind die Value Web Investment AG (2012-2018), die Innovis Liveautomation AG (2010-2018), die Mr. Green Holding AG (2015-heute) und die Keller Recycling AG (2009-heute).  <br\/><br\/>Joel ist mit seiner Frau Fanny verheiratet und hat 3 gemeinsame Kinder. Zu seinen Freizeitbesch\u00e4ftigungen geh\u00f6ren Wandern, Skifahren und Radfahren in den Schweizer Bergen und Reisen um die Welt mit seiner Familie. Joel lernte Jonathan 2003 auf Hawaii kennen, wo sie eine tiefe Freundschaft entwickelten, die auf ihrem starken Glauben an Gott basiert.  <\/p>\n<\/div>\n\n\n\n<div class=\"wp-block-column is-layout-flow wp-block-column-is-layout-flow\" style=\"flex-basis:33.33%\">\n<figure class=\"wp-block-image size-full\"><img loading=\"lazy\" decoding=\"async\" width=\"330\" height=\"330\" src=\"https:\/\/teguar.com\/eu\/wp-content\/uploads\/sites\/2\/2025\/07\/Joel-Keller-e1752767766836.jpg\" alt=\"\" class=\"wp-image-2241481\"\/><\/figure>\n<\/div>\n<\/div>\n\n<hr class=\"wp-block-separator has-alpha-channel-opacity\"\/>\n\n<p><a href=\"https:\/\/teguar.com\/eu\/de\/beratergremium\/#h-jonathan-staub\">Zur\u00fcck nach oben <strong>\u2191<\/strong><\/a><\/p>\n\n<div style=\"height:100px\" aria-hidden=\"true\" class=\"wp-block-spacer\"><\/div>\n","protected":false},"excerpt":{"rendered":"<p>Jonathan Staub Jonathan ist ein erfahrener CEO mit einer erfolgreichen Vergangenheit in der Computer-Hardware-Branche. Er ist hochqualifiziert in den Bereichen Verhandlung, Gesch\u00e4ftsentwicklung, Vertriebsmanagement, Produktmanagement und Marketingkommunikation und wurde von der HWS AG in Basel, Schweiz, als starker Gesch\u00e4ftsentwicklungsprofi gelobt. Jonathan gr\u00fcndete Teguar im Jahr 2010 mit Hauptsitz in Charlotte, NC und internationalen Niederlassungen in der [&hellip;]<\/p>\n","protected":false},"author":5,"featured_media":0,"parent":0,"menu_order":0,"comment_status":"closed","ping_status":"closed","template":"templates\/template-content-page.php","meta":{"_acf_changed":false,"footnotes":""},"class_list":["post-2243539","page","type-page","status-publish","hentry"],"acf":[],"yoast_head":"<!-- This site is optimized with the Yoast SEO Premium plugin v26.8 (Yoast SEO v27.2) - https:\/\/yoast.com\/product\/yoast-seo-premium-wordpress\/ -->\n<title>- TEGUAR<\/title>\n<meta name=\"description\" content=\"Erfahren Sie auf dieser Seite mehr \u00fcber den Beirat von Teguar, einschlie\u00dflich Namen, Fotos und biografische Informationen zu den F\u00fchrungsqualit\u00e4ten.\" \/>\n<meta name=\"robots\" content=\"index, follow, max-snippet:-1, max-image-preview:large, max-video-preview:-1\" \/>\n<link rel=\"canonical\" href=\"https:\/\/teguar.com\/eu\/de\/beratergremium\/\" \/>\n<meta property=\"og:locale\" content=\"de_DE\" \/>\n<meta property=\"og:type\" content=\"article\" \/>\n<meta property=\"og:title\" content=\"Beratergremium\" \/>\n<meta property=\"og:description\" content=\"Erfahren Sie auf dieser Seite mehr \u00fcber den Beirat von Teguar, einschlie\u00dflich Namen, Fotos und biografische Informationen zu den F\u00fchrungsqualit\u00e4ten.\" \/>\n<meta property=\"og:url\" content=\"https:\/\/teguar.com\/eu\/de\/beratergremium\/\" \/>\n<meta property=\"og:site_name\" content=\"Teguar\" \/>\n<meta property=\"article:modified_time\" content=\"2025-10-16T12:45:09+00:00\" \/>\n<meta property=\"og:image\" content=\"https:\/\/teguar.com\/eu\/wp-content\/uploads\/sites\/2\/2025\/07\/Jonathan.Staub_.Headshot.3.2020-1.jpg\" \/>\n<meta name=\"twitter:card\" content=\"summary_large_image\" \/>\n<meta name=\"twitter:label1\" content=\"Gesch\u00e4tzte Lesezeit\" \/>\n\t<meta name=\"twitter:data1\" content=\"4\u00a0Minuten\" \/>\n<script type=\"application\/ld+json\" class=\"yoast-schema-graph\">{\"@context\":\"https:\/\/schema.org\",\"@graph\":[{\"@type\":\"WebPage\",\"@id\":\"https:\/\/teguar.com\/eu\/de\/beratergremium\/\",\"url\":\"https:\/\/teguar.com\/eu\/de\/beratergremium\/\",\"name\":\"- TEGUAR\",\"isPartOf\":{\"@id\":\"https:\/\/teguar.com\/eu\/en\/#website\"},\"primaryImageOfPage\":{\"@id\":\"https:\/\/teguar.com\/eu\/de\/beratergremium\/#primaryimage\"},\"image\":{\"@id\":\"https:\/\/teguar.com\/eu\/de\/beratergremium\/#primaryimage\"},\"thumbnailUrl\":\"https:\/\/teguar.com\/eu\/wp-content\/uploads\/sites\/2\/2025\/07\/Jonathan.Staub_.Headshot.3.2020-1.jpg\",\"datePublished\":\"2025-07-09T14:43:22+00:00\",\"dateModified\":\"2025-10-16T12:45:09+00:00\",\"description\":\"Erfahren Sie auf dieser Seite mehr \u00fcber den Beirat von Teguar, einschlie\u00dflich Namen, Fotos und biografische Informationen zu den F\u00fchrungsqualit\u00e4ten.\",\"breadcrumb\":{\"@id\":\"https:\/\/teguar.com\/eu\/de\/beratergremium\/#breadcrumb\"},\"inLanguage\":\"de\",\"potentialAction\":[{\"@type\":\"ReadAction\",\"target\":[\"https:\/\/teguar.com\/eu\/de\/beratergremium\/\"]}]},{\"@type\":\"ImageObject\",\"inLanguage\":\"de\",\"@id\":\"https:\/\/teguar.com\/eu\/de\/beratergremium\/#primaryimage\",\"url\":\"https:\/\/teguar.com\/eu\/wp-content\/uploads\/sites\/2\/2025\/07\/Jonathan.Staub_.Headshot.3.2020-1.jpg\",\"contentUrl\":\"https:\/\/teguar.com\/eu\/wp-content\/uploads\/sites\/2\/2025\/07\/Jonathan.Staub_.Headshot.3.2020-1.jpg\"},{\"@type\":\"BreadcrumbList\",\"@id\":\"https:\/\/teguar.com\/eu\/de\/beratergremium\/#breadcrumb\",\"itemListElement\":[{\"@type\":\"ListItem\",\"position\":1,\"name\":\"Home\",\"item\":\"https:\/\/teguar.com\/eu\/de\/\"},{\"@type\":\"ListItem\",\"position\":2,\"name\":\"Beratergremium\"}]},{\"@type\":\"WebSite\",\"@id\":\"https:\/\/teguar.com\/eu\/en\/#website\",\"url\":\"https:\/\/teguar.com\/eu\/en\/\",\"name\":\"Teguar\",\"description\":\"Industrial PCs, Medical Computers, and Rugged Tablets\",\"potentialAction\":[{\"@type\":\"SearchAction\",\"target\":{\"@type\":\"EntryPoint\",\"urlTemplate\":\"https:\/\/teguar.com\/eu\/en\/?s={search_term_string}\"},\"query-input\":{\"@type\":\"PropertyValueSpecification\",\"valueRequired\":true,\"valueName\":\"search_term_string\"}}],\"inLanguage\":\"de\"}]}<\/script>\n<!-- \/ Yoast SEO Premium plugin. -->","yoast_head_json":{"title":"- TEGUAR","description":"Erfahren Sie auf dieser Seite mehr \u00fcber den Beirat von Teguar, einschlie\u00dflich Namen, Fotos und biografische Informationen zu den F\u00fchrungsqualit\u00e4ten.","robots":{"index":"index","follow":"follow","max-snippet":"max-snippet:-1","max-image-preview":"max-image-preview:large","max-video-preview":"max-video-preview:-1"},"canonical":"https:\/\/teguar.com\/eu\/de\/beratergremium\/","og_locale":"de_DE","og_type":"article","og_title":"Beratergremium","og_description":"Erfahren Sie auf dieser Seite mehr \u00fcber den Beirat von Teguar, einschlie\u00dflich Namen, Fotos und biografische Informationen zu den F\u00fchrungsqualit\u00e4ten.","og_url":"https:\/\/teguar.com\/eu\/de\/beratergremium\/","og_site_name":"Teguar","article_modified_time":"2025-10-16T12:45:09+00:00","og_image":[{"url":"https:\/\/teguar.com\/eu\/wp-content\/uploads\/sites\/2\/2025\/07\/Jonathan.Staub_.Headshot.3.2020-1.jpg","type":"","width":"","height":""}],"twitter_card":"summary_large_image","twitter_misc":{"Gesch\u00e4tzte Lesezeit":"4\u00a0Minuten"},"schema":{"@context":"https:\/\/schema.org","@graph":[{"@type":"WebPage","@id":"https:\/\/teguar.com\/eu\/de\/beratergremium\/","url":"https:\/\/teguar.com\/eu\/de\/beratergremium\/","name":"- TEGUAR","isPartOf":{"@id":"https:\/\/teguar.com\/eu\/en\/#website"},"primaryImageOfPage":{"@id":"https:\/\/teguar.com\/eu\/de\/beratergremium\/#primaryimage"},"image":{"@id":"https:\/\/teguar.com\/eu\/de\/beratergremium\/#primaryimage"},"thumbnailUrl":"https:\/\/teguar.com\/eu\/wp-content\/uploads\/sites\/2\/2025\/07\/Jonathan.Staub_.Headshot.3.2020-1.jpg","datePublished":"2025-07-09T14:43:22+00:00","dateModified":"2025-10-16T12:45:09+00:00","description":"Erfahren Sie auf dieser Seite mehr \u00fcber den Beirat von Teguar, einschlie\u00dflich Namen, Fotos und biografische Informationen zu den F\u00fchrungsqualit\u00e4ten.","breadcrumb":{"@id":"https:\/\/teguar.com\/eu\/de\/beratergremium\/#breadcrumb"},"inLanguage":"de","potentialAction":[{"@type":"ReadAction","target":["https:\/\/teguar.com\/eu\/de\/beratergremium\/"]}]},{"@type":"ImageObject","inLanguage":"de","@id":"https:\/\/teguar.com\/eu\/de\/beratergremium\/#primaryimage","url":"https:\/\/teguar.com\/eu\/wp-content\/uploads\/sites\/2\/2025\/07\/Jonathan.Staub_.Headshot.3.2020-1.jpg","contentUrl":"https:\/\/teguar.com\/eu\/wp-content\/uploads\/sites\/2\/2025\/07\/Jonathan.Staub_.Headshot.3.2020-1.jpg"},{"@type":"BreadcrumbList","@id":"https:\/\/teguar.com\/eu\/de\/beratergremium\/#breadcrumb","itemListElement":[{"@type":"ListItem","position":1,"name":"Home","item":"https:\/\/teguar.com\/eu\/de\/"},{"@type":"ListItem","position":2,"name":"Beratergremium"}]},{"@type":"WebSite","@id":"https:\/\/teguar.com\/eu\/en\/#website","url":"https:\/\/teguar.com\/eu\/en\/","name":"Teguar","description":"Industrial PCs, Medical Computers, and Rugged Tablets","potentialAction":[{"@type":"SearchAction","target":{"@type":"EntryPoint","urlTemplate":"https:\/\/teguar.com\/eu\/en\/?s={search_term_string}"},"query-input":{"@type":"PropertyValueSpecification","valueRequired":true,"valueName":"search_term_string"}}],"inLanguage":"de"}]}},"_links":{"self":[{"href":"https:\/\/teguar.com\/eu\/de\/wp-json\/wp\/v2\/pages\/2243539","targetHints":{"allow":["GET"]}}],"collection":[{"href":"https:\/\/teguar.com\/eu\/de\/wp-json\/wp\/v2\/pages"}],"about":[{"href":"https:\/\/teguar.com\/eu\/de\/wp-json\/wp\/v2\/types\/page"}],"author":[{"embeddable":true,"href":"https:\/\/teguar.com\/eu\/de\/wp-json\/wp\/v2\/users\/5"}],"replies":[{"embeddable":true,"href":"https:\/\/teguar.com\/eu\/de\/wp-json\/wp\/v2\/comments?post=2243539"}],"version-history":[{"count":1,"href":"https:\/\/teguar.com\/eu\/de\/wp-json\/wp\/v2\/pages\/2243539\/revisions"}],"predecessor-version":[{"id":2243548,"href":"https:\/\/teguar.com\/eu\/de\/wp-json\/wp\/v2\/pages\/2243539\/revisions\/2243548"}],"wp:attachment":[{"href":"https:\/\/teguar.com\/eu\/de\/wp-json\/wp\/v2\/media?parent=2243539"}],"curies":[{"name":"wp","href":"https:\/\/api.w.org\/{rel}","templated":true}]}}