{"id":2243535,"date":"2025-07-22T13:31:27","date_gmt":"2025-07-22T13:31:27","guid":{"rendered":"https:\/\/teguar.com\/eu\/beratung-und-computeranpassung\/"},"modified":"2025-10-16T12:45:06","modified_gmt":"2025-10-16T12:45:06","slug":"beratung-und-computeranpassung","status":"publish","type":"page","link":"https:\/\/teguar.com\/eu\/de\/beratung-und-computeranpassung\/","title":{"rendered":"Beratung und Computeranpassung"},"content":{"rendered":"\n<h2 class=\"wp-block-heading\" id=\"h-what-you-get-at-no-extra-cost\">Was Sie ohne zus\u00e4tzliche Kosten erhalten<\/h2>\n\n<h3 class=\"wp-block-heading\" id=\"h-project-consultation\">Projekt-Beratung<\/h3>\n\n<p>Die Kundenbetreuer von Teguar kennen die Produkte auf unseren M\u00e4rkten sehr gut und arbeiten eng mit den Produktingenieuren zusammen. Sie sind sich der Feinheiten der Produktauswahl bewusst. Wenn Sie sich zum Beispiel f\u00fcr einen Bildschirm mit hoher Helligkeit entscheiden, erh\u00f6ht sich der Stromverbrauch des Ger\u00e4ts, so dass Sie vielleicht eine Box-PC- und Monitorl\u00f6sung anstelle einer All-in-One-L\u00f6sung ben\u00f6tigen. Unsere Kundenbetreuer helfen Ihnen, diese Art von Szenarien zu durchdenken.   <br\/><br\/>Die Vertreter von Teguar sind mit den Besonderheiten spezifischer Anwendungen vertraut und wissen, welche Fragen sie stellen m\u00fcssen. Um loszulegen, senden Sie <g id=\"gid_0\">uns<\/g> ein <g id=\"gid_0\">Kontaktformular<\/g> und kreuzen Sie &#8222;Produktberatung&#8220; an. Sie erhalten dann eine E-Mail, in der Sie einen Termin f\u00fcr ein kostenloses Gespr\u00e4ch mit einem Kundenbetreuer vereinbaren k\u00f6nnen.  <\/p>\n\n<h3 class=\"wp-block-heading\" id=\"h-light-design-customization\">Lichtdesign-Anpassung<\/h3>\n\n<div class=\"wp-block-columns is-layout-flex wp-container-core-columns-is-layout-9d6595d7 wp-block-columns-is-layout-flex\">\n<div class=\"wp-block-column is-layout-flow wp-block-column-is-layout-flow\">\n<p>Die Produktanpassung kann auf zwei Arten erfolgen.<\/p>\n\n\n\n<ul class=\"wp-block-list\">\n<li>Anpassungen, die in den Produktspezifikationen aufgef\u00fchrt sind, erfordern in der Regel keine zus\u00e4tzlichen technischen Arbeiten oder wesentliche \u00c4nderungen im Herstellungsprozess. Sie k\u00f6nnen zu den Kosten des Produkts bestellt werden, ohne dass zus\u00e4tzliche Kosten f\u00fcr das Design anfallen. <\/li>\n\n\n\n<li>Es gibt viele leichte Anpassungsm\u00f6glichkeiten, die nicht f\u00fcr jedes Produkt aufgef\u00fchrt sind, aber leicht machbar sind. Diese k\u00f6nnen kostenlos durchgef\u00fchrt werden, wenn Ihre Bestellung \u00fcber der MOQ (Mindestbestellmenge) liegt, oder gegen eine Geb\u00fchr f\u00fcr kleinere Bestellungen. <\/li>\n<\/ul>\n<\/div>\n\n\n\n<div class=\"wp-block-column is-layout-flow wp-block-column-is-layout-flow\">\n<figure class=\"wp-block-image size-full\"><img loading=\"lazy\" decoding=\"async\" width=\"705\" height=\"388\" src=\"https:\/\/teguar.com\/eu\/wp-content\/uploads\/sites\/2\/2025\/07\/Free_Project_Consultation.jpg\" alt=\"Ein Mann greift nach einer Notiz, die auf einer Projekttafel angebracht ist.\" class=\"wp-image-2241606\" srcset=\"https:\/\/teguar.com\/eu\/wp-content\/uploads\/sites\/2\/2025\/07\/Free_Project_Consultation.jpg 705w, https:\/\/teguar.com\/eu\/wp-content\/uploads\/sites\/2\/2025\/07\/Free_Project_Consultation-300x165.jpg 300w, https:\/\/teguar.com\/eu\/wp-content\/uploads\/sites\/2\/2025\/07\/Free_Project_Consultation-273x150.jpg 273w, https:\/\/teguar.com\/eu\/wp-content\/uploads\/sites\/2\/2025\/07\/Free_Project_Consultation-164x90.jpg 164w, https:\/\/teguar.com\/eu\/wp-content\/uploads\/sites\/2\/2025\/07\/Free_Project_Consultation-600x330.jpg 600w\" sizes=\"auto, (max-width: 705px) 100vw, 705px\" \/><\/figure>\n<\/div>\n<\/div>\n\n<h2 class=\"wp-block-heading\" id=\"h-engineering-cost-associated\">Zugeh\u00f6rige technische Kosten<\/h2>\n\n<h3 class=\"wp-block-heading\">Eingehende Produktanpassung und originelles Design<\/h3>\n\n<p>Manche Projekte erfordern oder w\u00fcnschen ein bisschen mehr. Wenn Ihr Projekt einzigartig ist, braucht es vielleicht auch eine einzigartige L\u00f6sung. Das kann bedeuten, dass Sie ein Produkt umfassend modifizieren oder ein Produkt von Grund auf neu bauen m\u00fcssen. Teguar arbeitet regelm\u00e4\u00dfig mit OEMs (Original Equipment Manufacturers) zusammen, um einen Computer anzupassen, der perfekt zu der Gesamtl\u00f6sung passt, die sie dem Endkunden anbieten. In vielen F\u00e4llen ist dieser Service mit NRE-Geb\u00fchren (Non Refundable Engineering Fee) verbunden, die im Voraus oder zum Zeitpunkt des ersten Musters bezahlt werden. Bei Projekten mit hohen St\u00fcckzahlen kann die NRE-Geb\u00fchr zu den St\u00fcckkosten der Rahmenbestellung addiert oder erlassen werden.     <\/p>\n\n<h2 class=\"wp-block-heading\" id=\"h-project-type-examples\">Beispiele f\u00fcr Projekttypen<\/h2>\n\n<h3 class=\"wp-block-heading\" id=\"h-projects-that-are-off-the-shelf-at-no-extra-cost\">Projekte, die ohne zus\u00e4tzliche Kosten &#8222;von der Stange&#8220; sind<\/h3>\n\n<ul class=\"wp-block-list\">\n<li><a href=\"\/eu\/?product_cat=hmi-bedienfelder\">Standard-HMI-Schnittstellen und Bedienpanels<\/a> f\u00fcr industrielle Anwendungen<\/li>\n\n\n\n<li>Medizinische <a href=\"https:\/\/teguar.com\/eu\/de\/krankenhaus-computer-4-wichtige-funktionen-die-sie-brauchen\/\">Cart-Computer f\u00fcr den allgemeinen Krankenhausgebrauch<\/a><\/li>\n\n\n\n<li>Robuste Tablets f\u00fcr Au\u00dfendienstmitarbeiter mit Standard-Wireless-Anforderungen<\/li>\n<\/ul>\n\n<h3 class=\"wp-block-heading\" id=\"h-projects-needing-light-customization-and-may-have-fees-associated\">Projekte, die leichte Anpassungen erfordern und mit Geb\u00fchren verbunden sein k\u00f6nnen<\/h3>\n\n<ul class=\"wp-block-list\">\n<li>Semi-Outdoor Einheiten<\/li>\n\n\n\n<li>Hinzuf\u00fcgen zus\u00e4tzlicher E\/A-Anschl\u00fcsse<\/li>\n\n\n\n<li>Tablet-Docking und Befestigungsl\u00f6sungen<\/li>\n\n\n\n<li>Hinzuf\u00fcgen von Lautsprechern oder Barcode-Scannern<\/li>\n<\/ul>\n\n<h3 class=\"wp-block-heading\" id=\"h-projects-typically-best-suited-for-ground-up-original-design\">Projekte, die sich in der Regel am besten f\u00fcr ein originelles Design von Grund auf eignen<\/h3>\n\n<ul class=\"wp-block-list\">\n<li>Medical Box PC zur nahtlosen Integration in einen vorhandenen medizinischen Wagen<\/li>\n\n\n\n<li>Integration von Hochleistungs-Grafikkarten<\/li>\n\n\n\n<li>Kundenspezifische Geh\u00e4use mit kundenspezifischen Peripherieger\u00e4ten<\/li>\n<\/ul>\n\n<script charset=\"utf-8\" type=\"text\/javascript\" src=\"\/\/js.hsforms.net\/forms\/embed\/v2.js\"><\/script><script>hbspt.forms.create({\n    portalId: \"21497995\",\n    formId: \"b75b2a57-f9b0-4ed6-9f9b-bce081603673\",\n    region: \"na1\"\n  });\n<\/script>\n\n<div style=\"height:100px\" aria-hidden=\"true\" class=\"wp-block-spacer\"><\/div>\n","protected":false},"excerpt":{"rendered":"<p>Was Sie ohne zus\u00e4tzliche Kosten erhalten Projekt-Beratung Die Kundenbetreuer von Teguar kennen die Produkte auf unseren M\u00e4rkten sehr gut und arbeiten eng mit den Produktingenieuren zusammen. Sie sind sich der Feinheiten der Produktauswahl bewusst. Wenn Sie sich zum Beispiel f\u00fcr einen Bildschirm mit hoher Helligkeit entscheiden, erh\u00f6ht sich der Stromverbrauch des Ger\u00e4ts, so dass Sie [&hellip;]<\/p>\n","protected":false},"author":6,"featured_media":0,"parent":0,"menu_order":0,"comment_status":"closed","ping_status":"closed","template":"templates\/template-content-page.php","meta":{"_acf_changed":false,"footnotes":""},"class_list":["post-2243535","page","type-page","status-publish","hentry"],"acf":[],"yoast_head":"<!-- This site is optimized with the Yoast SEO Premium plugin v26.8 (Yoast SEO v27.2) - https:\/\/yoast.com\/product\/yoast-seo-premium-wordpress\/ -->\n<title>Projekt-Beratung: Leichte Anpassungen bis hin zu grundlegendem Design<\/title>\n<meta name=\"description\" content=\"Manche Projekte erfordern oder w\u00fcnschen ein bisschen mehr. Die Kundenbetreuer von Teguar arbeiten sehr eng mit den Produktingenieuren zusammen und verf\u00fcgen \u00fcber fundierte Produktkenntnisse.\" \/>\n<meta name=\"robots\" content=\"index, follow, max-snippet:-1, max-image-preview:large, max-video-preview:-1\" \/>\n<link rel=\"canonical\" href=\"https:\/\/teguar.com\/eu\/de\/beratung-und-computeranpassung\/\" \/>\n<meta property=\"og:locale\" content=\"de_DE\" \/>\n<meta property=\"og:type\" content=\"article\" \/>\n<meta property=\"og:title\" content=\"Beratung und Computeranpassung\" \/>\n<meta property=\"og:description\" content=\"Manche Projekte erfordern oder w\u00fcnschen ein bisschen mehr. Die Kundenbetreuer von Teguar arbeiten sehr eng mit den Produktingenieuren zusammen und verf\u00fcgen \u00fcber fundierte Produktkenntnisse.\" \/>\n<meta property=\"og:url\" content=\"https:\/\/teguar.com\/eu\/de\/beratung-und-computeranpassung\/\" \/>\n<meta property=\"og:site_name\" content=\"Teguar\" \/>\n<meta property=\"article:modified_time\" content=\"2025-10-16T12:45:06+00:00\" \/>\n<meta property=\"og:image\" content=\"https:\/\/teguar.com\/eu\/wp-content\/uploads\/sites\/2\/2025\/07\/Free_Project_Consultation.jpg\" \/>\n<meta name=\"twitter:card\" content=\"summary_large_image\" \/>\n<meta name=\"twitter:label1\" content=\"Gesch\u00e4tzte Lesezeit\" \/>\n\t<meta name=\"twitter:data1\" content=\"2\u00a0Minuten\" \/>\n<script type=\"application\/ld+json\" class=\"yoast-schema-graph\">{\"@context\":\"https:\/\/schema.org\",\"@graph\":[{\"@type\":\"WebPage\",\"@id\":\"https:\/\/teguar.com\/eu\/de\/beratung-und-computeranpassung\/\",\"url\":\"https:\/\/teguar.com\/eu\/de\/beratung-und-computeranpassung\/\",\"name\":\"Projekt-Beratung: Leichte Anpassungen bis hin zu grundlegendem Design\",\"isPartOf\":{\"@id\":\"https:\/\/teguar.com\/eu\/en\/#website\"},\"primaryImageOfPage\":{\"@id\":\"https:\/\/teguar.com\/eu\/de\/beratung-und-computeranpassung\/#primaryimage\"},\"image\":{\"@id\":\"https:\/\/teguar.com\/eu\/de\/beratung-und-computeranpassung\/#primaryimage\"},\"thumbnailUrl\":\"https:\/\/teguar.com\/eu\/wp-content\/uploads\/sites\/2\/2025\/07\/Free_Project_Consultation.jpg\",\"datePublished\":\"2025-07-22T13:31:27+00:00\",\"dateModified\":\"2025-10-16T12:45:06+00:00\",\"description\":\"Manche Projekte erfordern oder w\u00fcnschen ein bisschen mehr. Die Kundenbetreuer von Teguar arbeiten sehr eng mit den Produktingenieuren zusammen und verf\u00fcgen \u00fcber fundierte Produktkenntnisse.\",\"breadcrumb\":{\"@id\":\"https:\/\/teguar.com\/eu\/de\/beratung-und-computeranpassung\/#breadcrumb\"},\"inLanguage\":\"de\",\"potentialAction\":[{\"@type\":\"ReadAction\",\"target\":[\"https:\/\/teguar.com\/eu\/de\/beratung-und-computeranpassung\/\"]}]},{\"@type\":\"ImageObject\",\"inLanguage\":\"de\",\"@id\":\"https:\/\/teguar.com\/eu\/de\/beratung-und-computeranpassung\/#primaryimage\",\"url\":\"https:\/\/teguar.com\/eu\/wp-content\/uploads\/sites\/2\/2025\/07\/Free_Project_Consultation.jpg\",\"contentUrl\":\"https:\/\/teguar.com\/eu\/wp-content\/uploads\/sites\/2\/2025\/07\/Free_Project_Consultation.jpg\"},{\"@type\":\"BreadcrumbList\",\"@id\":\"https:\/\/teguar.com\/eu\/de\/beratung-und-computeranpassung\/#breadcrumb\",\"itemListElement\":[{\"@type\":\"ListItem\",\"position\":1,\"name\":\"Home\",\"item\":\"https:\/\/teguar.com\/eu\/de\/\"},{\"@type\":\"ListItem\",\"position\":2,\"name\":\"Beratung und Computeranpassung\"}]},{\"@type\":\"WebSite\",\"@id\":\"https:\/\/teguar.com\/eu\/en\/#website\",\"url\":\"https:\/\/teguar.com\/eu\/en\/\",\"name\":\"Teguar\",\"description\":\"Industrial PCs, Medical Computers, and Rugged Tablets\",\"potentialAction\":[{\"@type\":\"SearchAction\",\"target\":{\"@type\":\"EntryPoint\",\"urlTemplate\":\"https:\/\/teguar.com\/eu\/en\/?s={search_term_string}\"},\"query-input\":{\"@type\":\"PropertyValueSpecification\",\"valueRequired\":true,\"valueName\":\"search_term_string\"}}],\"inLanguage\":\"de\"}]}<\/script>\n<!-- \/ Yoast SEO Premium plugin. -->","yoast_head_json":{"title":"Projekt-Beratung: Leichte Anpassungen bis hin zu grundlegendem Design","description":"Manche Projekte erfordern oder w\u00fcnschen ein bisschen mehr. Die Kundenbetreuer von Teguar arbeiten sehr eng mit den Produktingenieuren zusammen und verf\u00fcgen \u00fcber fundierte Produktkenntnisse.","robots":{"index":"index","follow":"follow","max-snippet":"max-snippet:-1","max-image-preview":"max-image-preview:large","max-video-preview":"max-video-preview:-1"},"canonical":"https:\/\/teguar.com\/eu\/de\/beratung-und-computeranpassung\/","og_locale":"de_DE","og_type":"article","og_title":"Beratung und Computeranpassung","og_description":"Manche Projekte erfordern oder w\u00fcnschen ein bisschen mehr. Die Kundenbetreuer von Teguar arbeiten sehr eng mit den Produktingenieuren zusammen und verf\u00fcgen \u00fcber fundierte Produktkenntnisse.","og_url":"https:\/\/teguar.com\/eu\/de\/beratung-und-computeranpassung\/","og_site_name":"Teguar","article_modified_time":"2025-10-16T12:45:06+00:00","og_image":[{"url":"https:\/\/teguar.com\/eu\/wp-content\/uploads\/sites\/2\/2025\/07\/Free_Project_Consultation.jpg","type":"","width":"","height":""}],"twitter_card":"summary_large_image","twitter_misc":{"Gesch\u00e4tzte Lesezeit":"2\u00a0Minuten"},"schema":{"@context":"https:\/\/schema.org","@graph":[{"@type":"WebPage","@id":"https:\/\/teguar.com\/eu\/de\/beratung-und-computeranpassung\/","url":"https:\/\/teguar.com\/eu\/de\/beratung-und-computeranpassung\/","name":"Projekt-Beratung: Leichte Anpassungen bis hin zu grundlegendem Design","isPartOf":{"@id":"https:\/\/teguar.com\/eu\/en\/#website"},"primaryImageOfPage":{"@id":"https:\/\/teguar.com\/eu\/de\/beratung-und-computeranpassung\/#primaryimage"},"image":{"@id":"https:\/\/teguar.com\/eu\/de\/beratung-und-computeranpassung\/#primaryimage"},"thumbnailUrl":"https:\/\/teguar.com\/eu\/wp-content\/uploads\/sites\/2\/2025\/07\/Free_Project_Consultation.jpg","datePublished":"2025-07-22T13:31:27+00:00","dateModified":"2025-10-16T12:45:06+00:00","description":"Manche Projekte erfordern oder w\u00fcnschen ein bisschen mehr. Die Kundenbetreuer von Teguar arbeiten sehr eng mit den Produktingenieuren zusammen und verf\u00fcgen \u00fcber fundierte Produktkenntnisse.","breadcrumb":{"@id":"https:\/\/teguar.com\/eu\/de\/beratung-und-computeranpassung\/#breadcrumb"},"inLanguage":"de","potentialAction":[{"@type":"ReadAction","target":["https:\/\/teguar.com\/eu\/de\/beratung-und-computeranpassung\/"]}]},{"@type":"ImageObject","inLanguage":"de","@id":"https:\/\/teguar.com\/eu\/de\/beratung-und-computeranpassung\/#primaryimage","url":"https:\/\/teguar.com\/eu\/wp-content\/uploads\/sites\/2\/2025\/07\/Free_Project_Consultation.jpg","contentUrl":"https:\/\/teguar.com\/eu\/wp-content\/uploads\/sites\/2\/2025\/07\/Free_Project_Consultation.jpg"},{"@type":"BreadcrumbList","@id":"https:\/\/teguar.com\/eu\/de\/beratung-und-computeranpassung\/#breadcrumb","itemListElement":[{"@type":"ListItem","position":1,"name":"Home","item":"https:\/\/teguar.com\/eu\/de\/"},{"@type":"ListItem","position":2,"name":"Beratung und Computeranpassung"}]},{"@type":"WebSite","@id":"https:\/\/teguar.com\/eu\/en\/#website","url":"https:\/\/teguar.com\/eu\/en\/","name":"Teguar","description":"Industrial PCs, Medical Computers, and Rugged Tablets","potentialAction":[{"@type":"SearchAction","target":{"@type":"EntryPoint","urlTemplate":"https:\/\/teguar.com\/eu\/en\/?s={search_term_string}"},"query-input":{"@type":"PropertyValueSpecification","valueRequired":true,"valueName":"search_term_string"}}],"inLanguage":"de"}]}},"_links":{"self":[{"href":"https:\/\/teguar.com\/eu\/de\/wp-json\/wp\/v2\/pages\/2243535","targetHints":{"allow":["GET"]}}],"collection":[{"href":"https:\/\/teguar.com\/eu\/de\/wp-json\/wp\/v2\/pages"}],"about":[{"href":"https:\/\/teguar.com\/eu\/de\/wp-json\/wp\/v2\/types\/page"}],"author":[{"embeddable":true,"href":"https:\/\/teguar.com\/eu\/de\/wp-json\/wp\/v2\/users\/6"}],"replies":[{"embeddable":true,"href":"https:\/\/teguar.com\/eu\/de\/wp-json\/wp\/v2\/comments?post=2243535"}],"version-history":[{"count":1,"href":"https:\/\/teguar.com\/eu\/de\/wp-json\/wp\/v2\/pages\/2243535\/revisions"}],"predecessor-version":[{"id":2243538,"href":"https:\/\/teguar.com\/eu\/de\/wp-json\/wp\/v2\/pages\/2243535\/revisions\/2243538"}],"wp:attachment":[{"href":"https:\/\/teguar.com\/eu\/de\/wp-json\/wp\/v2\/media?parent=2243535"}],"curies":[{"name":"wp","href":"https:\/\/api.w.org\/{rel}","templated":true}]}}