{"id":2243526,"date":"2025-07-21T20:58:51","date_gmt":"2025-07-21T20:58:51","guid":{"rendered":"https:\/\/teguar.com\/eu\/eingesetzte-loesungen\/"},"modified":"2025-10-16T12:45:06","modified_gmt":"2025-10-16T12:45:06","slug":"eingesetzte-loesungen","status":"publish","type":"page","link":"https:\/\/teguar.com\/eu\/de\/eingesetzte-loesungen\/","title":{"rendered":"Eingesetzte L\u00f6sungen"},"content":{"rendered":"\n<p class=\"has-text-align-center\">Teguar hat ma\u00dfgeschneiderte Computerl\u00f6sungen in Branchen wie dem Gesundheitswesen, der Fertigung, dem Gastgewerbe und dem Milit\u00e4r entwickelt. Wir haben mit Kunden auf der ganzen Welt zusammengearbeitet, um einzigartige Computerhardware f\u00fcr neue Anwendungen zu entwickeln. Viele dieser Anwendungen sind vertraulich, wie z.B. neue Wege der Krebsdiagnose, das Erreichen gr\u00f6\u00dferer Tiefen in U-Booten und neue Schnittstellen f\u00fcr KI-Technologie. Im Folgenden finden Sie einige Anwendungen, die wir vorstellen k\u00f6nnen.   <\/p>\n\n<h2 class=\"wp-block-heading has-text-align-center\" id=\"h-waterproof-computer-with-cable-gland\">Wasserdichter Computer mit Kabelverschraubung<\/h2>\n\n<h3 class=\"wp-block-heading\" id=\"h-the-challenge\">Die Herausforderung<\/h3>\n\n<div class=\"wp-block-columns is-layout-flex wp-container-core-columns-is-layout-9d6595d7 wp-block-columns-is-layout-flex\">\n<div class=\"wp-block-column is-layout-flow wp-block-column-is-layout-flow\">\n<p>2019 erhielt Teguar eine Anfrage eines Lebensmittelherstellers nach einem wasserdichten Computer mit Standard-E\/A-Anschl\u00fcssen. Sie wollten ihre Peripherieger\u00e4te \u00fcber Standardkabel an den Computer anschlie\u00dfen k\u00f6nnen. Die Computer sollten in einem abwaschbaren Bereich installiert werden, daher mussten die E\/A-Anschl\u00fcsse abgedichtet werden. Die wasserdichten Standardcomputer von Teguar werden mit speziellen Kabeln geliefert, die die E\/A-Anschl\u00fcsse \u00fcber einen M12-Schraubanschluss wasserdicht abschlie\u00dfen. Das andere Ende des Kabels ist nicht wasserdicht. Also verlegen die Kunden die Kabel entweder in einen anderen Raum oder installieren eine Anschlussdose, in der die nicht wasserdichten Anschl\u00fcsse gesch\u00fctzt sind. Dieser Kunde wollte keine langen Kabel quer durch seine Einrichtung verlegen und keine Anschlussdose installieren.      <\/p>\n<\/div>\n\n\n\n<div class=\"wp-block-column is-layout-flow wp-block-column-is-layout-flow\">\n<figure class=\"wp-block-image size-full\"><img loading=\"lazy\" decoding=\"async\" width=\"400\" height=\"400\" src=\"https:\/\/teguar.com\/eu\/wp-content\/uploads\/sites\/2\/2025\/07\/Cable-Gland-Computer-challenge.jpg\" alt=\"Mitarbeiter in Reinraumanz&#xFC;gen hantieren mit Lebensmitteln und bedienen Maschinen in einem Reinraum.\" class=\"wp-image-2241593\" srcset=\"https:\/\/teguar.com\/eu\/wp-content\/uploads\/sites\/2\/2025\/07\/Cable-Gland-Computer-challenge.jpg 400w, https:\/\/teguar.com\/eu\/wp-content\/uploads\/sites\/2\/2025\/07\/Cable-Gland-Computer-challenge-300x300.jpg 300w, https:\/\/teguar.com\/eu\/wp-content\/uploads\/sites\/2\/2025\/07\/Cable-Gland-Computer-challenge-150x150.jpg 150w, https:\/\/teguar.com\/eu\/wp-content\/uploads\/sites\/2\/2025\/07\/Cable-Gland-Computer-challenge-276x276.jpg 276w, https:\/\/teguar.com\/eu\/wp-content\/uploads\/sites\/2\/2025\/07\/Cable-Gland-Computer-challenge-30x30.jpg 30w, https:\/\/teguar.com\/eu\/wp-content\/uploads\/sites\/2\/2025\/07\/Cable-Gland-Computer-challenge-352x352.jpg 352w, https:\/\/teguar.com\/eu\/wp-content\/uploads\/sites\/2\/2025\/07\/Cable-Gland-Computer-challenge-144x144.jpg 144w, https:\/\/teguar.com\/eu\/wp-content\/uploads\/sites\/2\/2025\/07\/Cable-Gland-Computer-challenge-100x100.jpg 100w\" sizes=\"auto, (max-width: 400px) 100vw, 400px\" \/><\/figure>\n<\/div>\n<\/div>\n\n<h3 class=\"wp-block-heading\" id=\"h-the-process\">Der Prozess<\/h3>\n\n<div class=\"wp-block-columns is-layout-flex wp-container-core-columns-is-layout-9d6595d7 wp-block-columns-is-layout-flex\">\n<div class=\"wp-block-column is-layout-flow wp-block-column-is-layout-flow\">\n<figure class=\"wp-block-image size-full\"><img loading=\"lazy\" decoding=\"async\" width=\"400\" height=\"400\" src=\"https:\/\/teguar.com\/eu\/wp-content\/uploads\/sites\/2\/2025\/07\/Cable-Gland-Computer-the-process.jpg\" alt=\"Fotos und Zeichnung einer Kabeldurchf&#xFC;hrungsplatte Computer\" class=\"wp-image-2241594\" srcset=\"https:\/\/teguar.com\/eu\/wp-content\/uploads\/sites\/2\/2025\/07\/Cable-Gland-Computer-the-process.jpg 400w, https:\/\/teguar.com\/eu\/wp-content\/uploads\/sites\/2\/2025\/07\/Cable-Gland-Computer-the-process-300x300.jpg 300w, https:\/\/teguar.com\/eu\/wp-content\/uploads\/sites\/2\/2025\/07\/Cable-Gland-Computer-the-process-150x150.jpg 150w, https:\/\/teguar.com\/eu\/wp-content\/uploads\/sites\/2\/2025\/07\/Cable-Gland-Computer-the-process-276x276.jpg 276w, https:\/\/teguar.com\/eu\/wp-content\/uploads\/sites\/2\/2025\/07\/Cable-Gland-Computer-the-process-30x30.jpg 30w, https:\/\/teguar.com\/eu\/wp-content\/uploads\/sites\/2\/2025\/07\/Cable-Gland-Computer-the-process-352x352.jpg 352w, https:\/\/teguar.com\/eu\/wp-content\/uploads\/sites\/2\/2025\/07\/Cable-Gland-Computer-the-process-144x144.jpg 144w, https:\/\/teguar.com\/eu\/wp-content\/uploads\/sites\/2\/2025\/07\/Cable-Gland-Computer-the-process-100x100.jpg 100w\" sizes=\"auto, (max-width: 400px) 100vw, 400px\" \/><\/figure>\n<\/div>\n\n\n\n<div class=\"wp-block-column is-layout-flow wp-block-column-is-layout-flow\">\n<p>Teguar begann zu entwerfen. Die Idee war, eine Art Anschlussdose auf der R\u00fcckseite des Computers anzubringen; wir nannten dies die Kabeldurchf\u00fchrung. Die Kabeldurchf\u00fchrung besteht aus 5 Kunststofft\u00fcllen, die sich perfekt um ein Kabel legen und es wasserdicht abschlie\u00dfen. Um den unterschiedlichen Kabelumf\u00e4ngen Rechnung zu tragen, haben wir verschiedene Gr\u00f6\u00dfen von T\u00fcllen entwickelt, die auf jedes Kabel passen. Der erste Prototyp war kastenf\u00f6rmig und dick. Deshalb hat das Team f\u00fcr mechanisches Design von Teguar daran gearbeitet, die Gesamttiefe des Ger\u00e4ts zu verringern und auch die Kanten abzuschr\u00e4gen, um ihm ein kompakteres, schlankeres Aussehen zu verleihen.    <\/p>\n<\/div>\n<\/div>\n\n<h3 class=\"wp-block-heading\" id=\"h-the-solution\">Die L\u00f6sung<\/h3>\n\n<div class=\"wp-block-columns is-layout-flex wp-container-core-columns-is-layout-9d6595d7 wp-block-columns-is-layout-flex\">\n<div class=\"wp-block-column is-layout-flow wp-block-column-is-layout-flow\">\n<p>Das Ergebnis war ein vollst\u00e4ndig wasserdichter Computer mit Standard-E\/A-Anschl\u00fcssen und -Kabeln, also ein sogenannter wasserdichter Kabelverschraubungscomputer. Der Kunde war mit der L\u00f6sung zufrieden und hat 8 Einheiten in seiner Lebensmittelproduktionslinie installiert. Die L\u00f6sung funktionierte so gut, dass Teguar sie schnell auch anderen Kunden anbot und sie dann in unser Produktportfolio aufnahm. Teguar f\u00fchrt den Kabelverschraubungscomputer jetzt in 3 verschiedenen Bildschirmgr\u00f6\u00dfen und 2 verschiedenen Prozessortypen.   <\/p>\n<\/div>\n\n\n\n<div class=\"wp-block-column is-layout-flow wp-block-column-is-layout-flow\">\n<figure class=\"wp-block-image size-full\"><img loading=\"lazy\" decoding=\"async\" width=\"400\" height=\"400\" src=\"https:\/\/teguar.com\/eu\/wp-content\/uploads\/sites\/2\/2025\/07\/Cable-Gland-Computer-solution.jpg\" alt=\"Ein Angestellter bedient Maschinen in der N&#xE4;he eines gro&#xDF;en Panel-Computers in einem Reinraum.\" class=\"wp-image-2241595\" srcset=\"https:\/\/teguar.com\/eu\/wp-content\/uploads\/sites\/2\/2025\/07\/Cable-Gland-Computer-solution.jpg 400w, https:\/\/teguar.com\/eu\/wp-content\/uploads\/sites\/2\/2025\/07\/Cable-Gland-Computer-solution-300x300.jpg 300w, https:\/\/teguar.com\/eu\/wp-content\/uploads\/sites\/2\/2025\/07\/Cable-Gland-Computer-solution-150x150.jpg 150w, https:\/\/teguar.com\/eu\/wp-content\/uploads\/sites\/2\/2025\/07\/Cable-Gland-Computer-solution-276x276.jpg 276w, https:\/\/teguar.com\/eu\/wp-content\/uploads\/sites\/2\/2025\/07\/Cable-Gland-Computer-solution-30x30.jpg 30w, https:\/\/teguar.com\/eu\/wp-content\/uploads\/sites\/2\/2025\/07\/Cable-Gland-Computer-solution-352x352.jpg 352w, https:\/\/teguar.com\/eu\/wp-content\/uploads\/sites\/2\/2025\/07\/Cable-Gland-Computer-solution-144x144.jpg 144w, https:\/\/teguar.com\/eu\/wp-content\/uploads\/sites\/2\/2025\/07\/Cable-Gland-Computer-solution-100x100.jpg 100w\" sizes=\"auto, (max-width: 400px) 100vw, 400px\" \/><\/figure>\n<\/div>\n<\/div>\n\n<h2 class=\"wp-block-heading has-text-align-center\" id=\"h-outdoor-gaming-kiosk\">Kiosk f\u00fcr Spiele im Freien<\/h2>\n\n<h3 class=\"wp-block-heading\" id=\"h-the-challenge-0\">Die Herausforderung<\/h3>\n\n<div class=\"wp-block-columns is-layout-flex wp-container-core-columns-is-layout-9d6595d7 wp-block-columns-is-layout-flex\">\n<div class=\"wp-block-column is-layout-flow wp-block-column-is-layout-flow\">\n<p>Ein Unternehmen, das Sportspiele anbietet, ben\u00f6tigte einen robusten Touchscreen-Kiosk in jeder Drive Bay seiner Golfanlage. Die Kioske sollten dazu dienen, den Spielmodus auszuw\u00e4hlen, Spielerinformationen einzugeben, Zahlungen vorzunehmen und vieles mehr. Eine der gr\u00f6\u00dften Herausforderungen bei diesem Projekt war, dass die Computer im Freien stehen sollten. Auch wenn die Kioske unter einem Vordach stehen w\u00fcrden, kann der Wind Regen hineinwehen, die Sonne kann die Touchscreens blenden und die Computer sind hei\u00dfen und kalten Temperaturen ausgesetzt. Wie bei allen \u00f6ffentlichen Kiosken mussten die Computer f\u00fcr eine h\u00e4ufige Nutzung durch Personen ausgelegt sein, die nicht gerade sanft mit den Computern umgehen w\u00fcrden. Dies erfordert einen widerstandsf\u00e4higen, bruchsicheren Touchscreen und ein robustes Geh\u00e4use, das nicht rei\u00dft oder auseinanderbricht. Der Kunde ben\u00f6tigte au\u00dferdem einen Barcode-Scanner und ein Kreditkartenleseger\u00e4t, die sich nahtlos in das Kundenerlebnis einf\u00fcgen sollten.      <\/p>\n<\/div>\n\n\n\n<div class=\"wp-block-column is-layout-flow wp-block-column-is-layout-flow\">\n<figure class=\"wp-block-image size-full\"><img loading=\"lazy\" decoding=\"async\" width=\"400\" height=\"400\" src=\"https:\/\/teguar.com\/eu\/wp-content\/uploads\/sites\/2\/2025\/07\/Golf-kiosk-the-challenge.jpg\" alt=\"Eine Frau windet sich, um einen Golfball auf der Driving Range zu schlagen.\" class=\"wp-image-2241596\" srcset=\"https:\/\/teguar.com\/eu\/wp-content\/uploads\/sites\/2\/2025\/07\/Golf-kiosk-the-challenge.jpg 400w, https:\/\/teguar.com\/eu\/wp-content\/uploads\/sites\/2\/2025\/07\/Golf-kiosk-the-challenge-300x300.jpg 300w, https:\/\/teguar.com\/eu\/wp-content\/uploads\/sites\/2\/2025\/07\/Golf-kiosk-the-challenge-150x150.jpg 150w, https:\/\/teguar.com\/eu\/wp-content\/uploads\/sites\/2\/2025\/07\/Golf-kiosk-the-challenge-276x276.jpg 276w, https:\/\/teguar.com\/eu\/wp-content\/uploads\/sites\/2\/2025\/07\/Golf-kiosk-the-challenge-30x30.jpg 30w, https:\/\/teguar.com\/eu\/wp-content\/uploads\/sites\/2\/2025\/07\/Golf-kiosk-the-challenge-352x352.jpg 352w, https:\/\/teguar.com\/eu\/wp-content\/uploads\/sites\/2\/2025\/07\/Golf-kiosk-the-challenge-144x144.jpg 144w, https:\/\/teguar.com\/eu\/wp-content\/uploads\/sites\/2\/2025\/07\/Golf-kiosk-the-challenge-100x100.jpg 100w\" sizes=\"auto, (max-width: 400px) 100vw, 400px\" \/><\/figure>\n<\/div>\n<\/div>\n\n<h3 class=\"wp-block-heading\" id=\"h-the-process-0\">Der Prozess<\/h3>\n\n<div class=\"wp-block-columns is-layout-flex wp-container-core-columns-is-layout-9d6595d7 wp-block-columns-is-layout-flex\">\n<div class=\"wp-block-column is-layout-flow wp-block-column-is-layout-flow\">\n<figure class=\"wp-block-image size-full\"><img loading=\"lazy\" decoding=\"async\" width=\"400\" height=\"400\" src=\"https:\/\/teguar.com\/eu\/wp-content\/uploads\/sites\/2\/2025\/07\/Golf-kiosk-computer-challenge.jpg\" alt=\"Teguar TWR-2920-15 Wasserdichter All-in-One PC.\" class=\"wp-image-2241598\" srcset=\"https:\/\/teguar.com\/eu\/wp-content\/uploads\/sites\/2\/2025\/07\/Golf-kiosk-computer-challenge.jpg 400w, https:\/\/teguar.com\/eu\/wp-content\/uploads\/sites\/2\/2025\/07\/Golf-kiosk-computer-challenge-300x300.jpg 300w, https:\/\/teguar.com\/eu\/wp-content\/uploads\/sites\/2\/2025\/07\/Golf-kiosk-computer-challenge-150x150.jpg 150w, https:\/\/teguar.com\/eu\/wp-content\/uploads\/sites\/2\/2025\/07\/Golf-kiosk-computer-challenge-276x276.jpg 276w, https:\/\/teguar.com\/eu\/wp-content\/uploads\/sites\/2\/2025\/07\/Golf-kiosk-computer-challenge-30x30.jpg 30w, https:\/\/teguar.com\/eu\/wp-content\/uploads\/sites\/2\/2025\/07\/Golf-kiosk-computer-challenge-352x352.jpg 352w, https:\/\/teguar.com\/eu\/wp-content\/uploads\/sites\/2\/2025\/07\/Golf-kiosk-computer-challenge-144x144.jpg 144w, https:\/\/teguar.com\/eu\/wp-content\/uploads\/sites\/2\/2025\/07\/Golf-kiosk-computer-challenge-100x100.jpg 100w\" sizes=\"auto, (max-width: 400px) 100vw, 400px\" \/><\/figure>\n<\/div>\n\n\n\n<div class=\"wp-block-column is-layout-flow wp-block-column-is-layout-flow\">\n<p>Teguar verf\u00fcgte \u00fcber ein Produkt, das den Anforderungen des Projekts nahezu entsprach, den wasserdichten All-in-One-PC TWR-2920-15. Das Produktentwicklungsteam von Teguar begann mit diesem Produkt und untersuchte die Anpassungsm\u00f6glichkeiten f\u00fcr diesen Kunden. <\/p>\n<\/div>\n<\/div>\n\n<h3 class=\"wp-block-heading\" id=\"h-the-solution-0\">Die L\u00f6sung<\/h3>\n\n<div class=\"wp-block-columns is-layout-flex wp-container-core-columns-is-layout-9d6595d7 wp-block-columns-is-layout-flex\">\n<div class=\"wp-block-column is-layout-flow wp-block-column-is-layout-flow\">\n<p>Das Ergebnis war ein vollst\u00e4ndig wasserdichter Computer mit Standard-E\/A-Anschl\u00fcssen und -Kabeln, also ein sogenannter wasserdichter Kabelverschraubungscomputer. Der Kunde war mit der L\u00f6sung zufrieden und hat 8 Einheiten in seiner Lebensmittelproduktionslinie installiert. Die L\u00f6sung funktionierte so gut, dass Teguar sie schnell auch anderen Kunden anbot und sie dann in unser Produktportfolio aufnahm. Teguar f\u00fchrt den Kabelverschraubungscomputer jetzt in 3 verschiedenen Bildschirmgr\u00f6\u00dfen und 2 verschiedenen Prozessortypen.   <\/p>\n<\/div>\n\n\n\n<div class=\"wp-block-column is-layout-flow wp-block-column-is-layout-flow\">\n<figure class=\"wp-block-image size-full\"><img loading=\"lazy\" decoding=\"async\" width=\"400\" height=\"400\" src=\"https:\/\/teguar.com\/eu\/wp-content\/uploads\/sites\/2\/2025\/07\/Golf-kiosk-Solution.jpg\" alt=\"Ein Mann in der Mitte des Schwungs eines Golfballs auf der Driving Range, mit einem hellen Tablet-Kiosk im Vordergund.\" class=\"wp-image-2241597\" srcset=\"https:\/\/teguar.com\/eu\/wp-content\/uploads\/sites\/2\/2025\/07\/Golf-kiosk-Solution.jpg 400w, https:\/\/teguar.com\/eu\/wp-content\/uploads\/sites\/2\/2025\/07\/Golf-kiosk-Solution-300x300.jpg 300w, https:\/\/teguar.com\/eu\/wp-content\/uploads\/sites\/2\/2025\/07\/Golf-kiosk-Solution-150x150.jpg 150w, https:\/\/teguar.com\/eu\/wp-content\/uploads\/sites\/2\/2025\/07\/Golf-kiosk-Solution-276x276.jpg 276w, https:\/\/teguar.com\/eu\/wp-content\/uploads\/sites\/2\/2025\/07\/Golf-kiosk-Solution-30x30.jpg 30w, https:\/\/teguar.com\/eu\/wp-content\/uploads\/sites\/2\/2025\/07\/Golf-kiosk-Solution-352x352.jpg 352w, https:\/\/teguar.com\/eu\/wp-content\/uploads\/sites\/2\/2025\/07\/Golf-kiosk-Solution-144x144.jpg 144w, https:\/\/teguar.com\/eu\/wp-content\/uploads\/sites\/2\/2025\/07\/Golf-kiosk-Solution-100x100.jpg 100w\" sizes=\"auto, (max-width: 400px) 100vw, 400px\" \/><\/figure>\n<\/div>\n<\/div>\n\n<hr class=\"wp-block-separator has-alpha-channel-opacity\"\/>\n\n<h2 class=\"wp-block-heading has-text-align-center\" id=\"h-other-solutions\">Andere L\u00f6sungen<\/h2>\n\n<ul class=\"wp-block-list\">\n<li>Tablets mit doppeltem USB-C-Anschluss zum Aufladen und Abrufen von Daten in einem einfachen Schritt<\/li>\n\n\n\n<li>Panel-PCs mit mehreren Speichersch\u00e4chten f\u00fcr eine einfachere Datenverwaltung<\/li>\n\n\n\n<li>Blenden mit eingraviertem Logo f\u00fcr mehr Branding im \u00f6ffentlichen Raum<\/li>\n\n\n\n<li>Modifizierte PCAP Touch-Firmware f\u00fcr die Verwendung in Salzwasserumgebung<\/li>\n\n\n\n<li>Kundenspezifische Erweiterungssch\u00e4chte im Medical AIO f\u00fcr die Erfassung und Verarbeitung mehrerer Videostr\u00f6me<\/li>\n\n\n\n<li>Robustere Heiz- und K\u00fchll\u00f6sungen f\u00fcr den Betrieb von Outdoor-Computern im erweiterten Temperaturbereich<\/li>\n\n\n\n<li>Dickeres Touchscreen-Glas f\u00fcr vandalismusgesch\u00fctzte Panel-PCs an stark frequentierten \u00f6ffentlichen Orten<\/li>\n\n\n\n<li>Zus\u00e4tzliche Befestigungsl\u00f6cher im AIO-Geh\u00e4use zur einfacheren Montage von Kundenzubeh\u00f6r<\/li>\n<\/ul>\n\n<p>Unsere n\u00e4chste L\u00f6sung? Ihre! Nehmen Sie unten Kontakt auf und sprechen Sie mit einem Experten \u00fcber Ihr Projekt oder Ihre Anwendungsanforderungen.  <\/p>\n\n<section class=\"hubspot-form section-spacing\">\n    <script charset=\"utf-8\" type=\"text\/javascript\" src=\"\/\/js.hsforms.net\/forms\/embed\/v2.js\"><\/script>\r\n<script>\r\n  hbspt.forms.create({\r\n    portalId: \"21497995\",\r\n    formId: \"11a43242-0316-4b23-9e13-2f6bc9b8edde\",\r\n    region: \"na1\"\r\n  });\r\n<\/script><\/section>\n\n","protected":false},"excerpt":{"rendered":"<p>Teguar hat ma\u00dfgeschneiderte Computerl\u00f6sungen in Branchen wie dem Gesundheitswesen, der Fertigung, dem Gastgewerbe und dem Milit\u00e4r entwickelt. Wir haben mit Kunden auf der ganzen Welt zusammengearbeitet, um einzigartige Computerhardware f\u00fcr neue Anwendungen zu entwickeln. Viele dieser Anwendungen sind vertraulich, wie z.B. neue Wege der Krebsdiagnose, das Erreichen gr\u00f6\u00dferer Tiefen in U-Booten und neue Schnittstellen f\u00fcr [&hellip;]<\/p>\n","protected":false},"author":3,"featured_media":0,"parent":0,"menu_order":0,"comment_status":"closed","ping_status":"closed","template":"templates\/template-content-page.php","meta":{"_acf_changed":false,"footnotes":""},"class_list":["post-2243526","page","type-page","status-publish","hentry"],"acf":[],"yoast_head":"<!-- This site is optimized with the Yoast SEO Premium plugin v26.8 (Yoast SEO v27.2) - https:\/\/yoast.com\/product\/yoast-seo-premium-wordpress\/ -->\n<title>Teguar | Engineering Kreative L\u00f6sungen<\/title>\n<meta name=\"description\" content=\"Teguar hat ma\u00dfgeschneiderte Computerl\u00f6sungen in Branchen wie dem Gesundheitswesen, der Fertigung, dem Gastgewerbe und dem Milit\u00e4r eingesetzt.\" \/>\n<meta name=\"robots\" content=\"index, follow, max-snippet:-1, max-image-preview:large, max-video-preview:-1\" \/>\n<link rel=\"canonical\" href=\"https:\/\/teguar.com\/eu\/de\/eingesetzte-loesungen\/\" \/>\n<meta property=\"og:locale\" content=\"de_DE\" \/>\n<meta property=\"og:type\" content=\"article\" \/>\n<meta property=\"og:title\" content=\"Eingesetzte L\u00f6sungen\" \/>\n<meta property=\"og:description\" content=\"Teguar hat ma\u00dfgeschneiderte Computerl\u00f6sungen in Branchen wie dem Gesundheitswesen, der Fertigung, dem Gastgewerbe und dem Milit\u00e4r eingesetzt.\" \/>\n<meta property=\"og:url\" content=\"https:\/\/teguar.com\/eu\/de\/eingesetzte-loesungen\/\" \/>\n<meta property=\"og:site_name\" content=\"Teguar\" \/>\n<meta property=\"article:modified_time\" content=\"2025-10-16T12:45:06+00:00\" \/>\n<meta property=\"og:image\" content=\"https:\/\/teguar.com\/eu\/wp-content\/uploads\/sites\/2\/2025\/07\/Cable-Gland-Computer-challenge.jpg\" \/>\n<meta name=\"twitter:card\" content=\"summary_large_image\" \/>\n<meta name=\"twitter:label1\" content=\"Gesch\u00e4tzte Lesezeit\" \/>\n\t<meta name=\"twitter:data1\" content=\"4\u00a0Minuten\" \/>\n<script type=\"application\/ld+json\" class=\"yoast-schema-graph\">{\"@context\":\"https:\/\/schema.org\",\"@graph\":[{\"@type\":\"WebPage\",\"@id\":\"https:\/\/teguar.com\/eu\/de\/eingesetzte-loesungen\/\",\"url\":\"https:\/\/teguar.com\/eu\/de\/eingesetzte-loesungen\/\",\"name\":\"Teguar | Engineering Kreative L\u00f6sungen\",\"isPartOf\":{\"@id\":\"https:\/\/teguar.com\/eu\/en\/#website\"},\"primaryImageOfPage\":{\"@id\":\"https:\/\/teguar.com\/eu\/de\/eingesetzte-loesungen\/#primaryimage\"},\"image\":{\"@id\":\"https:\/\/teguar.com\/eu\/de\/eingesetzte-loesungen\/#primaryimage\"},\"thumbnailUrl\":\"https:\/\/teguar.com\/eu\/wp-content\/uploads\/sites\/2\/2025\/07\/Cable-Gland-Computer-challenge.jpg\",\"datePublished\":\"2025-07-21T20:58:51+00:00\",\"dateModified\":\"2025-10-16T12:45:06+00:00\",\"description\":\"Teguar hat ma\u00dfgeschneiderte Computerl\u00f6sungen in Branchen wie dem Gesundheitswesen, der Fertigung, dem Gastgewerbe und dem Milit\u00e4r eingesetzt.\",\"breadcrumb\":{\"@id\":\"https:\/\/teguar.com\/eu\/de\/eingesetzte-loesungen\/#breadcrumb\"},\"inLanguage\":\"de\",\"potentialAction\":[{\"@type\":\"ReadAction\",\"target\":[\"https:\/\/teguar.com\/eu\/de\/eingesetzte-loesungen\/\"]}]},{\"@type\":\"ImageObject\",\"inLanguage\":\"de\",\"@id\":\"https:\/\/teguar.com\/eu\/de\/eingesetzte-loesungen\/#primaryimage\",\"url\":\"https:\/\/teguar.com\/eu\/wp-content\/uploads\/sites\/2\/2025\/07\/Cable-Gland-Computer-challenge.jpg\",\"contentUrl\":\"https:\/\/teguar.com\/eu\/wp-content\/uploads\/sites\/2\/2025\/07\/Cable-Gland-Computer-challenge.jpg\"},{\"@type\":\"BreadcrumbList\",\"@id\":\"https:\/\/teguar.com\/eu\/de\/eingesetzte-loesungen\/#breadcrumb\",\"itemListElement\":[{\"@type\":\"ListItem\",\"position\":1,\"name\":\"Home\",\"item\":\"https:\/\/teguar.com\/eu\/de\/\"},{\"@type\":\"ListItem\",\"position\":2,\"name\":\"Eingesetzte L\u00f6sungen\"}]},{\"@type\":\"WebSite\",\"@id\":\"https:\/\/teguar.com\/eu\/en\/#website\",\"url\":\"https:\/\/teguar.com\/eu\/en\/\",\"name\":\"Teguar\",\"description\":\"Industrial PCs, Medical Computers, and Rugged Tablets\",\"potentialAction\":[{\"@type\":\"SearchAction\",\"target\":{\"@type\":\"EntryPoint\",\"urlTemplate\":\"https:\/\/teguar.com\/eu\/en\/?s={search_term_string}\"},\"query-input\":{\"@type\":\"PropertyValueSpecification\",\"valueRequired\":true,\"valueName\":\"search_term_string\"}}],\"inLanguage\":\"de\"}]}<\/script>\n<!-- \/ Yoast SEO Premium plugin. -->","yoast_head_json":{"title":"Teguar | Engineering Kreative L\u00f6sungen","description":"Teguar hat ma\u00dfgeschneiderte Computerl\u00f6sungen in Branchen wie dem Gesundheitswesen, der Fertigung, dem Gastgewerbe und dem Milit\u00e4r eingesetzt.","robots":{"index":"index","follow":"follow","max-snippet":"max-snippet:-1","max-image-preview":"max-image-preview:large","max-video-preview":"max-video-preview:-1"},"canonical":"https:\/\/teguar.com\/eu\/de\/eingesetzte-loesungen\/","og_locale":"de_DE","og_type":"article","og_title":"Eingesetzte L\u00f6sungen","og_description":"Teguar hat ma\u00dfgeschneiderte Computerl\u00f6sungen in Branchen wie dem Gesundheitswesen, der Fertigung, dem Gastgewerbe und dem Milit\u00e4r eingesetzt.","og_url":"https:\/\/teguar.com\/eu\/de\/eingesetzte-loesungen\/","og_site_name":"Teguar","article_modified_time":"2025-10-16T12:45:06+00:00","og_image":[{"url":"https:\/\/teguar.com\/eu\/wp-content\/uploads\/sites\/2\/2025\/07\/Cable-Gland-Computer-challenge.jpg","type":"","width":"","height":""}],"twitter_card":"summary_large_image","twitter_misc":{"Gesch\u00e4tzte Lesezeit":"4\u00a0Minuten"},"schema":{"@context":"https:\/\/schema.org","@graph":[{"@type":"WebPage","@id":"https:\/\/teguar.com\/eu\/de\/eingesetzte-loesungen\/","url":"https:\/\/teguar.com\/eu\/de\/eingesetzte-loesungen\/","name":"Teguar | Engineering Kreative L\u00f6sungen","isPartOf":{"@id":"https:\/\/teguar.com\/eu\/en\/#website"},"primaryImageOfPage":{"@id":"https:\/\/teguar.com\/eu\/de\/eingesetzte-loesungen\/#primaryimage"},"image":{"@id":"https:\/\/teguar.com\/eu\/de\/eingesetzte-loesungen\/#primaryimage"},"thumbnailUrl":"https:\/\/teguar.com\/eu\/wp-content\/uploads\/sites\/2\/2025\/07\/Cable-Gland-Computer-challenge.jpg","datePublished":"2025-07-21T20:58:51+00:00","dateModified":"2025-10-16T12:45:06+00:00","description":"Teguar hat ma\u00dfgeschneiderte Computerl\u00f6sungen in Branchen wie dem Gesundheitswesen, der Fertigung, dem Gastgewerbe und dem Milit\u00e4r eingesetzt.","breadcrumb":{"@id":"https:\/\/teguar.com\/eu\/de\/eingesetzte-loesungen\/#breadcrumb"},"inLanguage":"de","potentialAction":[{"@type":"ReadAction","target":["https:\/\/teguar.com\/eu\/de\/eingesetzte-loesungen\/"]}]},{"@type":"ImageObject","inLanguage":"de","@id":"https:\/\/teguar.com\/eu\/de\/eingesetzte-loesungen\/#primaryimage","url":"https:\/\/teguar.com\/eu\/wp-content\/uploads\/sites\/2\/2025\/07\/Cable-Gland-Computer-challenge.jpg","contentUrl":"https:\/\/teguar.com\/eu\/wp-content\/uploads\/sites\/2\/2025\/07\/Cable-Gland-Computer-challenge.jpg"},{"@type":"BreadcrumbList","@id":"https:\/\/teguar.com\/eu\/de\/eingesetzte-loesungen\/#breadcrumb","itemListElement":[{"@type":"ListItem","position":1,"name":"Home","item":"https:\/\/teguar.com\/eu\/de\/"},{"@type":"ListItem","position":2,"name":"Eingesetzte L\u00f6sungen"}]},{"@type":"WebSite","@id":"https:\/\/teguar.com\/eu\/en\/#website","url":"https:\/\/teguar.com\/eu\/en\/","name":"Teguar","description":"Industrial PCs, Medical Computers, and Rugged Tablets","potentialAction":[{"@type":"SearchAction","target":{"@type":"EntryPoint","urlTemplate":"https:\/\/teguar.com\/eu\/en\/?s={search_term_string}"},"query-input":{"@type":"PropertyValueSpecification","valueRequired":true,"valueName":"search_term_string"}}],"inLanguage":"de"}]}},"_links":{"self":[{"href":"https:\/\/teguar.com\/eu\/de\/wp-json\/wp\/v2\/pages\/2243526","targetHints":{"allow":["GET"]}}],"collection":[{"href":"https:\/\/teguar.com\/eu\/de\/wp-json\/wp\/v2\/pages"}],"about":[{"href":"https:\/\/teguar.com\/eu\/de\/wp-json\/wp\/v2\/types\/page"}],"author":[{"embeddable":true,"href":"https:\/\/teguar.com\/eu\/de\/wp-json\/wp\/v2\/users\/3"}],"replies":[{"embeddable":true,"href":"https:\/\/teguar.com\/eu\/de\/wp-json\/wp\/v2\/comments?post=2243526"}],"version-history":[{"count":1,"href":"https:\/\/teguar.com\/eu\/de\/wp-json\/wp\/v2\/pages\/2243526\/revisions"}],"predecessor-version":[{"id":2243534,"href":"https:\/\/teguar.com\/eu\/de\/wp-json\/wp\/v2\/pages\/2243526\/revisions\/2243534"}],"wp:attachment":[{"href":"https:\/\/teguar.com\/eu\/de\/wp-json\/wp\/v2\/media?parent=2243526"}],"curies":[{"name":"wp","href":"https:\/\/api.w.org\/{rel}","templated":true}]}}