{"id":2243521,"date":"2025-07-21T20:31:23","date_gmt":"2025-07-21T20:31:23","guid":{"rendered":"https:\/\/teguar.com\/eu\/iso-qualitaetsmanagement-system\/"},"modified":"2025-10-16T12:45:06","modified_gmt":"2025-10-16T12:45:06","slug":"iso-qualitaetsmanagement-system","status":"publish","type":"page","link":"https:\/\/teguar.com\/eu\/de\/iso-qualitaetsmanagement-system\/","title":{"rendered":"ISO-Qualit\u00e4tsmanagement-System"},"content":{"rendered":"\n<h2 class=\"wp-block-heading\" id=\"h-teguar-s-commitment-to-excellence\">Teguar&#8217;s Engagement f\u00fcr Exzellenz<\/h2>\n\n<p>W\u00e4hrend unsere All-in-One-Computer f\u00fcr den industriellen und medizinischen Einsatz seit Jahren branchenf\u00fchrend sind, legen wir den gleichen Wert auf unsere internen Prozesse, indem wir am 30. Juli 2015 die Registrierung <a href=\"https:\/\/teguar.com\/eu\/de\/teguar-erhaelt-die-iso-90012008-registrierung-fuer-sein-qms\/\" target=\"_blank\" rel=\"noreferrer noopener\">nach ISO 9001:2008 erhalten haben<\/a>.<br\/><br\/>Am <sup>31<\/sup>. Juli 2024 wurde die ISO-Zertifizierung nach der aktuellen <a href=\"https:\/\/teguar.com\/eu\/de\/teguar-als-iso-90012015-unternehmen-fuer-qualitaetsmanagementsystem-registriert\/\">Norm ISO 9001:2015<\/a> erfolgreich erneuert und ist bis zum<sup>30.<\/sup> Juli 2027 g\u00fcltig. Die Zertifizierung, die dem Managementsystem des Unternehmens verliehen wurde, wurde durch ein Audit erreicht, das von Preferred Registrar Group Inc. durchgef\u00fchrt wurde, einer von ANAB akkreditierten Zertifizierungsstelle. <\/p>\n\n<h2 class=\"wp-block-heading\" id=\"h-why-is-iso-9001-2015-important\">Warum ist ISO 9001:2015 wichtig?<\/h2>\n\n<p>Die Norm ISO 9001:2015, die von der Internationalen Organisation f\u00fcr Normung herausgegeben wurde, ist der international anerkannte Standard f\u00fcr das Qualit\u00e4tsmanagement von Unternehmen weltweit. Um die Zertifizierung zu erhalten, muss ein Unternehmen ein strenges Audit durch eine dritte Partei bestehen und nachweisen, dass es ein effektives Qualit\u00e4tsmanagementsystem eingef\u00fchrt hat, um die Unternehmensleistung kontinuierlich zu verbessern. <br\/><br\/>Dieses ISO 9001:2015-Zertifikat erh\u00f6ht den Vertrauensfaktor f\u00fcr einen Verbraucher oder ein Unternehmen, dass es mit einem zuverl\u00e4ssigen, organisierten und professionellen Unternehmen zu tun hat. Es best\u00e4tigt, dass Teguar sich durch ein effektives Managementsystem in die Lage versetzt hat, wiederholt erstklassige Dienstleistungen und Produkte zu liefern. <\/p>\n\n<h2 class=\"wp-block-heading\" id=\"h-teguar-quality-policy\">Teguar Qualit\u00e4tspolitik<\/h2>\n\n<p>Die Teguar Corporation ist der Kundenzufriedenheit verpflichtet. Wir nehmen diese Verantwortung wahr, indem wir unsere Mitarbeiter schulen, bew\u00e4hrte Verfahren einhalten, uns verpflichten, die Anforderungen unserer Kunden zu erf\u00fcllen und zu \u00fcbertreffen, und eine Unternehmenskultur pflegen, die eine kontinuierliche Verbesserung f\u00f6rdert. <br\/><br\/>Der Geltungsbereich des Qualit\u00e4tsmanagementsystems umfasst: Die Entwicklung, Beschaffung und Herstellung von Computerl\u00f6sungen, einschlie\u00dflich robuster Tablets, Panel-PCs, wasserdichter Touchscreen-Computer, l\u00fcfterloser Box-PCs und medizinischer All-in-One-Computer haupts\u00e4chlich f\u00fcr industrielle und medizinische Anwendungen.<\/p>\n\n<h2 class=\"wp-block-heading\">\u00dcber die ISO-Organisation<\/h2>\n\n<div class=\"block-c-container\">\n    <div class=\"container wysiwyg\">\n        \n\n<div class=\"wp-block-columns is-layout-flex wp-container-core-columns-is-layout-9d6595d7 wp-block-columns-is-layout-flex\">\n<div class=\"wp-block-column is-layout-flow wp-block-column-is-layout-flow\">\n<p>ISO, die Internationale Organisation f\u00fcr Normung, ist eine unabh\u00e4ngige, nichtstaatliche Mitgliederorganisation und der weltweit gr\u00f6\u00dfte Entwickler von freiwilligen internationalen Normen. Die Organisation wurde 1947 mit dem Ziel gegr\u00fcndet, die Entwicklung globaler Standards zu f\u00f6rdern, die den internationalen Handel und die Zusammenarbeit unterst\u00fctzen. Sie setzt sich aus 160 nationalen Normungsgremien zusammen. Mehr \u00fcber die ISO erfahren Sie unter www.iso.org.   <\/p>\n<\/div>\n\n\n\n<div class=\"wp-block-column is-layout-flow wp-block-column-is-layout-flow\">\n<figure class=\"wp-block-image size-full\"><img loading=\"lazy\" decoding=\"async\" width=\"498\" height=\"643\" src=\"https:\/\/teguar.com\/eu\/wp-content\/uploads\/sites\/2\/2025\/07\/Teguar-ISO-2024.png\" alt=\"Orion Registrar, Inc. Teil der Amtivo-Gruppe. Zertifikat der Registrierung. Das Managementsystem mit der Zertifikatsnummer 254590, Teguar Corporation, 2920 Whitehall Park Drive, Charlotte, NC 29273, USA, wurde bewertet und als den Anforderungen entsprechend zertifiziert: ISO 9001:2015. Die Entwicklung, Beschaffung und Herstellung von Computerl&#xF6;sungen wie robuste Tablets, Panel-PCs, wasserdichte Touchscreen-Computer, l&#xFC;fterlose Box-PCs und medizinische All-in-One-Computer f&#xFC;r industrielle und medizinische Anwendungen. Weitere Erl&#xE4;uterungen zum Geltungsbereich dieses Zertifikats und zur Anwendbarkeit der Anforderungen erhalten Sie vom Zertifizierer. Erstzertifizierung*: Donnerstag, 30. Juli 2015. Beginn des aktuellen Zyklus: Mittwoch, 31. Juli 2024. Letzte Ausgabe: Dienstag, 9. Juli 2024. Verfallsdatum: Freitag, 30. Juli 2027. Datum der Erstzertifizierung durch eine andere Zertifizierungsstelle. Unterliegt j&#xE4;hrlichen Bewertungen. Struktur der Zertifizierung: Einzelner Standort. Autorisiert von Mike Tims, Gesch&#xE4;ftsf&#xFC;hrer. orioncertification.com. Das Zertifikat wird von Orion Registrar, Inc. ausgestellt. Voraussetzung f&#xFC;r die Zertifizierung ist die Einhaltung der geforderten Leistungsstandards w&#xE4;hrend des gesamten zertifizierten Zeitraums der Registrierung. Orion Registrar, Inc., 7502 W. 80th Avenue, STE. 225 Arvada, Colorado 80003-2128, USA.                  \" class=\"wp-image-2241584\" srcset=\"https:\/\/teguar.com\/eu\/wp-content\/uploads\/sites\/2\/2025\/07\/Teguar-ISO-2024.png 498w, https:\/\/teguar.com\/eu\/wp-content\/uploads\/sites\/2\/2025\/07\/Teguar-ISO-2024-232x300.png 232w, https:\/\/teguar.com\/eu\/wp-content\/uploads\/sites\/2\/2025\/07\/Teguar-ISO-2024-116x150.png 116w, https:\/\/teguar.com\/eu\/wp-content\/uploads\/sites\/2\/2025\/07\/Teguar-ISO-2024-112x144.png 112w\" sizes=\"auto, (max-width: 498px) 100vw, 498px\" \/><\/figure>\n<\/div>\n<\/div>\n\n\n    <\/div>\n<\/div>\n\n\n<h2 class=\"wp-block-heading\">\u00d6ffentliche Zertifizierung<\/h2>\n\n<p>Die Zertifizierung von Teguar ist in gutem Zustand und kann auf der Website der Preferred Registrar Group eingesehen werden: <a href=\"https:\/\/www.myprg.com\/clients\/\">myprg.com\/clients\/<\/a>. Es werden regelm\u00e4\u00dfig Audits durchgef\u00fchrt, um die Einhaltung der ISO 9001:2015 Standards zu gew\u00e4hrleisten. <\/p>\n\n<p><a href=\"https:\/\/teguar.com\/eu\/wp-content\/uploads\/sites\/2\/2025\/07\/ISO-9001-2015-Certificate-Teguar-exp-07.30.2027.pdf\">Siehe das ISO-Zertifikat von Teguar (PDF).<\/a><\/p>\n","protected":false},"excerpt":{"rendered":"<p>Teguar&#8217;s Engagement f\u00fcr Exzellenz W\u00e4hrend unsere All-in-One-Computer f\u00fcr den industriellen und medizinischen Einsatz seit Jahren branchenf\u00fchrend sind, legen wir den gleichen Wert auf unsere internen Prozesse, indem wir am 30. Juli 2015 die Registrierung nach ISO 9001:2008 erhalten haben. Am 31. Juli 2024 wurde die ISO-Zertifizierung nach der aktuellen Norm ISO 9001:2015 erfolgreich erneuert und [&hellip;]<\/p>\n","protected":false},"author":3,"featured_media":0,"parent":0,"menu_order":0,"comment_status":"closed","ping_status":"closed","template":"templates\/template-content-page.php","meta":{"_acf_changed":false,"footnotes":""},"class_list":["post-2243521","page","type-page","status-publish","hentry"],"acf":[],"yoast_head":"<!-- This site is optimized with the Yoast SEO Premium plugin v26.8 (Yoast SEO v27.2) - https:\/\/yoast.com\/product\/yoast-seo-premium-wordpress\/ -->\n<title>TEGUAR ist nach ISO 9001:2015 Qualit\u00e4tsmanagement zertifiziert<\/title>\n<meta name=\"description\" content=\"Die Norm ISO 9001:2015 ist der international anerkannte Standard f\u00fcr das Qualit\u00e4tsmanagement von Unternehmen weltweit. Lesen Sie hier \u00fcber unsere Zertifizierungen.\" \/>\n<meta name=\"robots\" content=\"index, follow, max-snippet:-1, max-image-preview:large, max-video-preview:-1\" \/>\n<link rel=\"canonical\" href=\"https:\/\/teguar.com\/eu\/de\/iso-qualitaetsmanagement-system\/\" \/>\n<meta property=\"og:locale\" content=\"de_DE\" \/>\n<meta property=\"og:type\" content=\"article\" \/>\n<meta property=\"og:title\" content=\"ISO-Qualit\u00e4tsmanagement-System\" \/>\n<meta property=\"og:description\" content=\"Die Norm ISO 9001:2015 ist der international anerkannte Standard f\u00fcr das Qualit\u00e4tsmanagement von Unternehmen weltweit. Lesen Sie hier \u00fcber unsere Zertifizierungen.\" \/>\n<meta property=\"og:url\" content=\"https:\/\/teguar.com\/eu\/de\/iso-qualitaetsmanagement-system\/\" \/>\n<meta property=\"og:site_name\" content=\"Teguar\" \/>\n<meta property=\"article:modified_time\" content=\"2025-10-16T12:45:06+00:00\" \/>\n<meta property=\"og:image\" content=\"https:\/\/teguar.com\/eu\/wp-content\/uploads\/sites\/2\/2025\/07\/Teguar-ISO-2024.png\" \/>\n<meta name=\"twitter:card\" content=\"summary_large_image\" \/>\n<meta name=\"twitter:label1\" content=\"Gesch\u00e4tzte Lesezeit\" \/>\n\t<meta name=\"twitter:data1\" content=\"2\u00a0Minuten\" \/>\n<script type=\"application\/ld+json\" class=\"yoast-schema-graph\">{\"@context\":\"https:\/\/schema.org\",\"@graph\":[{\"@type\":\"WebPage\",\"@id\":\"https:\/\/teguar.com\/eu\/de\/iso-qualitaetsmanagement-system\/\",\"url\":\"https:\/\/teguar.com\/eu\/de\/iso-qualitaetsmanagement-system\/\",\"name\":\"TEGUAR ist nach ISO 9001:2015 Qualit\u00e4tsmanagement zertifiziert\",\"isPartOf\":{\"@id\":\"https:\/\/teguar.com\/eu\/en\/#website\"},\"primaryImageOfPage\":{\"@id\":\"https:\/\/teguar.com\/eu\/de\/iso-qualitaetsmanagement-system\/#primaryimage\"},\"image\":{\"@id\":\"https:\/\/teguar.com\/eu\/de\/iso-qualitaetsmanagement-system\/#primaryimage\"},\"thumbnailUrl\":\"https:\/\/teguar.com\/eu\/wp-content\/uploads\/sites\/2\/2025\/07\/Teguar-ISO-2024.png\",\"datePublished\":\"2025-07-21T20:31:23+00:00\",\"dateModified\":\"2025-10-16T12:45:06+00:00\",\"description\":\"Die Norm ISO 9001:2015 ist der international anerkannte Standard f\u00fcr das Qualit\u00e4tsmanagement von Unternehmen weltweit. Lesen Sie hier \u00fcber unsere Zertifizierungen.\",\"breadcrumb\":{\"@id\":\"https:\/\/teguar.com\/eu\/de\/iso-qualitaetsmanagement-system\/#breadcrumb\"},\"inLanguage\":\"de\",\"potentialAction\":[{\"@type\":\"ReadAction\",\"target\":[\"https:\/\/teguar.com\/eu\/de\/iso-qualitaetsmanagement-system\/\"]}]},{\"@type\":\"ImageObject\",\"inLanguage\":\"de\",\"@id\":\"https:\/\/teguar.com\/eu\/de\/iso-qualitaetsmanagement-system\/#primaryimage\",\"url\":\"https:\/\/teguar.com\/eu\/wp-content\/uploads\/sites\/2\/2025\/07\/Teguar-ISO-2024.png\",\"contentUrl\":\"https:\/\/teguar.com\/eu\/wp-content\/uploads\/sites\/2\/2025\/07\/Teguar-ISO-2024.png\"},{\"@type\":\"BreadcrumbList\",\"@id\":\"https:\/\/teguar.com\/eu\/de\/iso-qualitaetsmanagement-system\/#breadcrumb\",\"itemListElement\":[{\"@type\":\"ListItem\",\"position\":1,\"name\":\"Home\",\"item\":\"https:\/\/teguar.com\/eu\/de\/\"},{\"@type\":\"ListItem\",\"position\":2,\"name\":\"ISO-Qualit\u00e4tsmanagement-System\"}]},{\"@type\":\"WebSite\",\"@id\":\"https:\/\/teguar.com\/eu\/en\/#website\",\"url\":\"https:\/\/teguar.com\/eu\/en\/\",\"name\":\"Teguar\",\"description\":\"Industrial PCs, Medical Computers, and Rugged Tablets\",\"potentialAction\":[{\"@type\":\"SearchAction\",\"target\":{\"@type\":\"EntryPoint\",\"urlTemplate\":\"https:\/\/teguar.com\/eu\/en\/?s={search_term_string}\"},\"query-input\":{\"@type\":\"PropertyValueSpecification\",\"valueRequired\":true,\"valueName\":\"search_term_string\"}}],\"inLanguage\":\"de\"}]}<\/script>\n<!-- \/ Yoast SEO Premium plugin. -->","yoast_head_json":{"title":"TEGUAR ist nach ISO 9001:2015 Qualit\u00e4tsmanagement zertifiziert","description":"Die Norm ISO 9001:2015 ist der international anerkannte Standard f\u00fcr das Qualit\u00e4tsmanagement von Unternehmen weltweit. Lesen Sie hier \u00fcber unsere Zertifizierungen.","robots":{"index":"index","follow":"follow","max-snippet":"max-snippet:-1","max-image-preview":"max-image-preview:large","max-video-preview":"max-video-preview:-1"},"canonical":"https:\/\/teguar.com\/eu\/de\/iso-qualitaetsmanagement-system\/","og_locale":"de_DE","og_type":"article","og_title":"ISO-Qualit\u00e4tsmanagement-System","og_description":"Die Norm ISO 9001:2015 ist der international anerkannte Standard f\u00fcr das Qualit\u00e4tsmanagement von Unternehmen weltweit. Lesen Sie hier \u00fcber unsere Zertifizierungen.","og_url":"https:\/\/teguar.com\/eu\/de\/iso-qualitaetsmanagement-system\/","og_site_name":"Teguar","article_modified_time":"2025-10-16T12:45:06+00:00","og_image":[{"url":"https:\/\/teguar.com\/eu\/wp-content\/uploads\/sites\/2\/2025\/07\/Teguar-ISO-2024.png","type":"","width":"","height":""}],"twitter_card":"summary_large_image","twitter_misc":{"Gesch\u00e4tzte Lesezeit":"2\u00a0Minuten"},"schema":{"@context":"https:\/\/schema.org","@graph":[{"@type":"WebPage","@id":"https:\/\/teguar.com\/eu\/de\/iso-qualitaetsmanagement-system\/","url":"https:\/\/teguar.com\/eu\/de\/iso-qualitaetsmanagement-system\/","name":"TEGUAR ist nach ISO 9001:2015 Qualit\u00e4tsmanagement zertifiziert","isPartOf":{"@id":"https:\/\/teguar.com\/eu\/en\/#website"},"primaryImageOfPage":{"@id":"https:\/\/teguar.com\/eu\/de\/iso-qualitaetsmanagement-system\/#primaryimage"},"image":{"@id":"https:\/\/teguar.com\/eu\/de\/iso-qualitaetsmanagement-system\/#primaryimage"},"thumbnailUrl":"https:\/\/teguar.com\/eu\/wp-content\/uploads\/sites\/2\/2025\/07\/Teguar-ISO-2024.png","datePublished":"2025-07-21T20:31:23+00:00","dateModified":"2025-10-16T12:45:06+00:00","description":"Die Norm ISO 9001:2015 ist der international anerkannte Standard f\u00fcr das Qualit\u00e4tsmanagement von Unternehmen weltweit. Lesen Sie hier \u00fcber unsere Zertifizierungen.","breadcrumb":{"@id":"https:\/\/teguar.com\/eu\/de\/iso-qualitaetsmanagement-system\/#breadcrumb"},"inLanguage":"de","potentialAction":[{"@type":"ReadAction","target":["https:\/\/teguar.com\/eu\/de\/iso-qualitaetsmanagement-system\/"]}]},{"@type":"ImageObject","inLanguage":"de","@id":"https:\/\/teguar.com\/eu\/de\/iso-qualitaetsmanagement-system\/#primaryimage","url":"https:\/\/teguar.com\/eu\/wp-content\/uploads\/sites\/2\/2025\/07\/Teguar-ISO-2024.png","contentUrl":"https:\/\/teguar.com\/eu\/wp-content\/uploads\/sites\/2\/2025\/07\/Teguar-ISO-2024.png"},{"@type":"BreadcrumbList","@id":"https:\/\/teguar.com\/eu\/de\/iso-qualitaetsmanagement-system\/#breadcrumb","itemListElement":[{"@type":"ListItem","position":1,"name":"Home","item":"https:\/\/teguar.com\/eu\/de\/"},{"@type":"ListItem","position":2,"name":"ISO-Qualit\u00e4tsmanagement-System"}]},{"@type":"WebSite","@id":"https:\/\/teguar.com\/eu\/en\/#website","url":"https:\/\/teguar.com\/eu\/en\/","name":"Teguar","description":"Industrial PCs, Medical Computers, and Rugged Tablets","potentialAction":[{"@type":"SearchAction","target":{"@type":"EntryPoint","urlTemplate":"https:\/\/teguar.com\/eu\/en\/?s={search_term_string}"},"query-input":{"@type":"PropertyValueSpecification","valueRequired":true,"valueName":"search_term_string"}}],"inLanguage":"de"}]}},"_links":{"self":[{"href":"https:\/\/teguar.com\/eu\/de\/wp-json\/wp\/v2\/pages\/2243521","targetHints":{"allow":["GET"]}}],"collection":[{"href":"https:\/\/teguar.com\/eu\/de\/wp-json\/wp\/v2\/pages"}],"about":[{"href":"https:\/\/teguar.com\/eu\/de\/wp-json\/wp\/v2\/types\/page"}],"author":[{"embeddable":true,"href":"https:\/\/teguar.com\/eu\/de\/wp-json\/wp\/v2\/users\/3"}],"replies":[{"embeddable":true,"href":"https:\/\/teguar.com\/eu\/de\/wp-json\/wp\/v2\/comments?post=2243521"}],"version-history":[{"count":1,"href":"https:\/\/teguar.com\/eu\/de\/wp-json\/wp\/v2\/pages\/2243521\/revisions"}],"predecessor-version":[{"id":2243525,"href":"https:\/\/teguar.com\/eu\/de\/wp-json\/wp\/v2\/pages\/2243521\/revisions\/2243525"}],"wp:attachment":[{"href":"https:\/\/teguar.com\/eu\/de\/wp-json\/wp\/v2\/media?parent=2243521"}],"curies":[{"name":"wp","href":"https:\/\/api.w.org\/{rel}","templated":true}]}}