{"id":2243520,"date":"2025-07-02T16:37:48","date_gmt":"2025-07-02T16:37:48","guid":{"rendered":"https:\/\/teguar.com\/eu\/computer-fuer-die-oeffentliche-sicherheit\/"},"modified":"2025-11-24T15:24:38","modified_gmt":"2025-11-24T15:24:38","slug":"computer-fuer-die-oeffentliche-sicherheit","status":"publish","type":"page","link":"https:\/\/teguar.com\/eu\/de\/computer-fuer-die-oeffentliche-sicherheit\/","title":{"rendered":"Computer f\u00fcr die \u00f6ffentliche Sicherheit"},"content":{"rendered":"\n<p>Die Branchen \u00d6ffentliche Sicherheit und Notfalldienste sind an vorderster Front f\u00fcr das Wohlergehen der Gemeinschaft zust\u00e4ndig und umfassen Polizei, Feuerwehr, medizinische Notfalldienste und mehr. In diesen Umgebungen, in denen es in Sekundenbruchteilen um Leben und Tod gehen kann, spielt die Technologie, insbesondere Computer, eine entscheidende Rolle. <a href=\"https:\/\/teguar.com\/eu\/de\/industrie-computer\/\">Industrielle Computer f\u00fcr die \u00f6ffentliche Sicherheit<\/a> m\u00fcssen besondere Anforderungen erf\u00fcllen, um eine schnelle, zuverl\u00e4ssige und sichere Kommunikation und Datenverwaltung in Krisensituationen zu erm\u00f6glichen.   <\/p>\n\n<h2 class=\"wp-block-heading\" id=\"h-key-features-of-teguar-s-public-safety-computers\"><strong>Die wichtigsten Merkmale der Teguar Computer f\u00fcr die \u00f6ffentliche Sicherheit:<\/strong><\/h2>\n\n<ul class=\"wp-block-list\">\n<li>Robuste Konstruktion: Gebaut, um rauen Bedingungen standzuhalten, um eine lange Lebensdauer in Rettungsfahrzeugen und bei Au\u00dfeneins\u00e4tzen zu gew\u00e4hrleisten.  <\/li>\n\n\n\n<li>Erh\u00f6hte Sicherheit: Schutz sensibler Daten, um die Integrit\u00e4t der Kommunikation und des Informationsaustauschs zu wahren.  <\/li>\n\n\n\n<li>Nahtlose Konnektivit\u00e4t: Interoperabilit\u00e4t mit verschiedenen Systemen, die von unterschiedlichen Beh\u00f6rden innerhalb des \u00f6ffentlichen Sicherheitsnetzes verwendet werden.  <\/li>\n\n\n\n<li>Verl\u00e4sslichkeit: Sicherstellung einer ununterbrochenen Leistung in Notfallszenarien mit hohem Risiko.  <\/li>\n\n\n\n<li>Anpassungen: Ma\u00dfgeschneiderte L\u00f6sungen f\u00fcr die spezifischen Anforderungen der \u00f6ffentlichen Sicherheit und der Notfalldienste, die die Gesamteffizienz und -effektivit\u00e4t bei kritischen Eins\u00e4tzen verbessern.  <\/li>\n<\/ul>\n    <section id=\"public-safety-computers\" class=\"products-by-tag section-spacing\">\n        <div class=\"container\">\n            <div class=\"header\">\n                                    <h2 class=\"headline\">Shop Computer f\u00fcr \u00f6ffentliche Sicherheit<\/h2>\n                            <\/div>\n\n            <div class=\"grid product-card-grid-4\">\n                \n<div class=\"product-card\" class=\"product type-product post-2245281 status-publish first instock product_cat-hmi-panel product_cat-panel-pcs product_tag-computer-fuer-den-aussenbereich product_tag-computer-fuer-die-oeffentliche-sicherheit product_tag-cornerstone-series has-post-thumbnail taxable shipping-taxable purchasable product-type-simple\">\n    <div class=\"media\">\n                        <a href=\"https:\/\/teguar.com\/eu\/de\/product\/tp-5645-12\/\">\n            <img decoding=\"async\" src=\"https:\/\/teguar.com\/eu\/wp-content\/uploads\/sites\/2\/2022\/09\/panel_mount_computer-tp-5645-12__80315.1664479419.1280.1280.jpg\" width=\"150\" height=\"107\" alt=\"panel mount computer tp-5645-12 front angled\" class=\"hero-image thumb lazy\" loading=\"lazy\" \/>        <\/a>\n    <\/div>\n    <div class=\"content\">\n        <h3>\n            <a href=\"https:\/\/teguar.com\/eu\/de\/product\/tp-5645-12\/\" class=\"name\">\n                TP-5645-12\n                            <\/a>\n        <\/h3>\n\n                    <div class=\"subtitle\">\n                12&quot; Panel Mount Computer            <\/div>\n\n        \n                    <div class=\"product-kh\">\n                <ul>\n<li>12,1&#8243; P-Cap oder Resistiver Touchscreen<\/li>\n<li>L\u00fcfterloses K\u00fchlsystem<\/li>\n<li>Leicht zug\u00e4nglicher M.2-Speicher, bis zu 1 TB<\/li>\n<li>Intel 8. Gen. Core i3\/i5 CPU<\/li>\n<li>Weitbereich 9~36VDC Stromeingang<\/li>\n<li>IP66-gesch\u00fctzte Front mit Aluminiumgeh\u00e4use<\/li>\n<\/ul>\n            <\/div>\n        \n        <div class=\"c-footer\">\n            <a href=\"https:\/\/teguar.com\/eu\/de\/product\/tp-5645-12\/#get-a-quick-quote\" class=\"button button-blue button-get-a-quick-quote\" >Angebot anfordern<\/a>        <\/div>\n    <\/div>\n<\/div>\n\n\n<div class=\"product-card\" class=\"product type-product post-2245380 status-publish instock product_cat-hmi-panel product_cat-panel-pcs product_tag-computer-fuer-die-oeffentliche-sicherheit product_tag-cornerstone-series product_tag-tp-4845-series has-post-thumbnail taxable shipping-taxable purchasable product-type-simple\">\n    <div class=\"media\">\n                        <a href=\"https:\/\/teguar.com\/eu\/de\/product\/tp-4845-12w\/\">\n            <img decoding=\"async\" src=\"https:\/\/teguar.com\/eu\/wp-content\/uploads\/sites\/2\/2023\/08\/12_Widescreen_Panel_PC_TP-4845-12W_Front_Angle__29372.1703191831.1280.1280.jpg\" width=\"150\" height=\"113\" alt=\"12&quot; Widescreen Panel PC TP-4845-12W Front Angle\" class=\"hero-image thumb lazy\" loading=\"lazy\" \/>        <\/a>\n    <\/div>\n    <div class=\"content\">\n        <h3>\n            <a href=\"https:\/\/teguar.com\/eu\/de\/product\/tp-4845-12w\/\" class=\"name\">\n                TP-4845-12W\n                            <\/a>\n        <\/h3>\n\n                    <div class=\"subtitle\">\n                12&quot; Widescreen Panel PC            <\/div>\n\n        \n                    <div class=\"product-kh\">\n                <ul>\n<li>12,1&#8243; gro\u00dfer resistiver oder PCAP-Touchscreen<\/li>\n<li>Intel Celeron J6412 Vierkern-Prozessor<\/li>\n<li>Entwickelt f\u00fcr flexible IO-Erweiterung<\/li>\n<li>Windows 11-Funktionen<\/li>\n<li>Geh\u00e4use aus Aluminiumdruckguss und Frontblende nach IP66<\/li>\n<\/ul>\n            <\/div>\n        \n        <div class=\"c-footer\">\n            <a href=\"https:\/\/teguar.com\/eu\/de\/product\/tp-4845-12w\/#get-a-quick-quote\" class=\"button button-blue button-get-a-quick-quote\" >Angebot anfordern<\/a>        <\/div>\n    <\/div>\n<\/div>\n\n            <\/div>\n        <\/div>\n    <\/section>\n\n<p>Stellen Sie sich eine Polizeibeh\u00f6rde vor, die die Computer von Teguar f\u00fcr den Datenzugriff im Fahrzeug, die Kommunikation in Echtzeit und die effiziente F\u00fchrung von Aufzeichnungen nutzt. Bei der Feuerwehr helfen <g id=\"gid_0\">robuste Computer<\/g> bei der Verwaltung von Notfalleinsatzprotokollen, w\u00e4hrend medizinische Notdienste auf diese Ger\u00e4te f\u00fcr Patientendaten und die Kommunikation mit Krankenh\u00e4usern angewiesen sind. Die speziellen Anforderungen an Computer f\u00fcr die \u00f6ffentliche Sicherheit und Notfalldienste sind durch die Herausforderungen dieser Eins\u00e4tze gepr\u00e4gt.    <\/p>\n\n<p>Computer f\u00fcr die \u00f6ffentliche Sicherheit m\u00fcssen rauen Bedingungen standhalten, einschlie\u00dflich extremer Temperaturen, Vibrationen und dem m\u00f6glichen Kontakt mit Wasser oder Chemikalien. Die robuste Konstruktion sorgt f\u00fcr Langlebigkeit in Einsatzfahrzeugen und bei Au\u00dfeneins\u00e4tzen. Verbesserte Sicherheitsfunktionen sind entscheidend f\u00fcr den Schutz sensibler Daten und gew\u00e4hrleisten die Integrit\u00e4t der Kommunikation und des Informationsaustauschs. Diese Computer m\u00fcssen au\u00dferdem nahtlose Konnektivit\u00e4t f\u00fcr die Interoperabilit\u00e4t mit verschiedenen Systemen bieten, die von unterschiedlichen Beh\u00f6rden innerhalb des \u00f6ffentlichen Sicherheitsnetzwerks verwendet werden.     <\/p>\n\n<h2 class=\"wp-block-heading\" id=\"h-why-choose-teguar-for-your-public-safety-computer\">Warum sollten Sie Teguar f\u00fcr Ihren Computer f\u00fcr die \u00f6ffentliche Sicherheit w\u00e4hlen?<\/h2>\n\n<p>Die Ger\u00e4te von Teguar halten den Strapazen von Notfallszenarien stand und gew\u00e4hrleisten eine ununterbrochene Leistung, wenn es darauf ankommt. Die Computer von Teguar f\u00fcr die \u00f6ffentliche Sicherheit sind technologisch fortschrittlich und erf\u00fcllen die besonderen Anforderungen dieses wichtigen Sektors. Sie tragen zur Effizienz und zum Erfolg von Rettungseins\u00e4tzen bei.   <\/p>\n\n<section class=\"hubspot-form section-spacing\">\n    <script charset=\"utf-8\" type=\"text\/javascript\" src=\"\/\/js.hsforms.net\/forms\/embed\/v2.js\"><\/script>\r\n<script>\r\n  hbspt.forms.create({\r\n    portalId: \"21497995\",\r\n    formId: \"11a43242-0316-4b23-9e13-2f6bc9b8edde\",\r\n    region: \"na1\"\r\n  });\r\n<\/script><\/section>\n\n","protected":false},"excerpt":{"rendered":"<p>Die Branchen \u00d6ffentliche Sicherheit und Notfalldienste sind an vorderster Front f\u00fcr das Wohlergehen der Gemeinschaft zust\u00e4ndig und umfassen Polizei, Feuerwehr, medizinische Notfalldienste und mehr. In diesen Umgebungen, in denen es in Sekundenbruchteilen um Leben und Tod gehen kann, spielt die Technologie, insbesondere Computer, eine entscheidende Rolle. Industrielle Computer f\u00fcr die \u00f6ffentliche Sicherheit m\u00fcssen besondere Anforderungen [&hellip;]<\/p>\n","protected":false},"author":3,"featured_media":0,"parent":0,"menu_order":0,"comment_status":"closed","ping_status":"closed","template":"templates\/template-product-application.php","meta":{"_acf_changed":false,"footnotes":""},"class_list":["post-2243520","page","type-page","status-publish","hentry"],"acf":[],"yoast_head":"<!-- This site is optimized with the Yoast SEO Premium plugin v26.8 (Yoast SEO v27.2) - https:\/\/yoast.com\/product\/yoast-seo-premium-wordpress\/ -->\n<title>Computer f\u00fcr die \u00f6ffentliche Sicherheit<\/title>\n<meta name=\"description\" content=\"Industrielle Computer f\u00fcr die \u00f6ffentliche Sicherheit widerstehen rauen Bedingungen, einschlie\u00dflich extremer Temperaturen und Vibrationen.\" \/>\n<meta name=\"robots\" content=\"index, follow, max-snippet:-1, max-image-preview:large, max-video-preview:-1\" \/>\n<link rel=\"canonical\" href=\"https:\/\/teguar.com\/eu\/de\/computer-fuer-die-oeffentliche-sicherheit\/\" \/>\n<meta property=\"og:locale\" content=\"de_DE\" \/>\n<meta property=\"og:type\" content=\"article\" \/>\n<meta property=\"og:title\" content=\"Computer f\u00fcr die \u00f6ffentliche Sicherheit\" \/>\n<meta property=\"og:description\" content=\"Industrielle Computer f\u00fcr die \u00f6ffentliche Sicherheit widerstehen rauen Bedingungen, einschlie\u00dflich extremer Temperaturen und Vibrationen.\" \/>\n<meta property=\"og:url\" content=\"https:\/\/teguar.com\/eu\/de\/computer-fuer-die-oeffentliche-sicherheit\/\" \/>\n<meta property=\"og:site_name\" content=\"Teguar\" \/>\n<meta property=\"article:modified_time\" content=\"2025-11-24T15:24:38+00:00\" \/>\n<meta name=\"twitter:card\" content=\"summary_large_image\" \/>\n<meta name=\"twitter:label1\" content=\"Gesch\u00e4tzte Lesezeit\" \/>\n\t<meta name=\"twitter:data1\" content=\"2\u00a0Minuten\" \/>\n<script type=\"application\/ld+json\" class=\"yoast-schema-graph\">{\"@context\":\"https:\/\/schema.org\",\"@graph\":[{\"@type\":\"WebPage\",\"@id\":\"https:\/\/teguar.com\/eu\/de\/computer-fuer-die-oeffentliche-sicherheit\/\",\"url\":\"https:\/\/teguar.com\/eu\/de\/computer-fuer-die-oeffentliche-sicherheit\/\",\"name\":\"Computer f\u00fcr die \u00f6ffentliche Sicherheit\",\"isPartOf\":{\"@id\":\"https:\/\/teguar.com\/eu\/en\/#website\"},\"datePublished\":\"2025-07-02T16:37:48+00:00\",\"dateModified\":\"2025-11-24T15:24:38+00:00\",\"description\":\"Industrielle Computer f\u00fcr die \u00f6ffentliche Sicherheit widerstehen rauen Bedingungen, einschlie\u00dflich extremer Temperaturen und Vibrationen.\",\"breadcrumb\":{\"@id\":\"https:\/\/teguar.com\/eu\/de\/computer-fuer-die-oeffentliche-sicherheit\/#breadcrumb\"},\"inLanguage\":\"de\",\"potentialAction\":[{\"@type\":\"ReadAction\",\"target\":[\"https:\/\/teguar.com\/eu\/de\/computer-fuer-die-oeffentliche-sicherheit\/\"]}]},{\"@type\":\"BreadcrumbList\",\"@id\":\"https:\/\/teguar.com\/eu\/de\/computer-fuer-die-oeffentliche-sicherheit\/#breadcrumb\",\"itemListElement\":[{\"@type\":\"ListItem\",\"position\":1,\"name\":\"Home\",\"item\":\"https:\/\/teguar.com\/eu\/de\/\"},{\"@type\":\"ListItem\",\"position\":2,\"name\":\"Computer f\u00fcr die \u00f6ffentliche Sicherheit\"}]},{\"@type\":\"WebSite\",\"@id\":\"https:\/\/teguar.com\/eu\/en\/#website\",\"url\":\"https:\/\/teguar.com\/eu\/en\/\",\"name\":\"Teguar\",\"description\":\"Industrial PCs, Medical Computers, and Rugged Tablets\",\"potentialAction\":[{\"@type\":\"SearchAction\",\"target\":{\"@type\":\"EntryPoint\",\"urlTemplate\":\"https:\/\/teguar.com\/eu\/en\/?s={search_term_string}\"},\"query-input\":{\"@type\":\"PropertyValueSpecification\",\"valueRequired\":true,\"valueName\":\"search_term_string\"}}],\"inLanguage\":\"de\"}]}<\/script>\n<!-- \/ Yoast SEO Premium plugin. -->","yoast_head_json":{"title":"Computer f\u00fcr die \u00f6ffentliche Sicherheit","description":"Industrielle Computer f\u00fcr die \u00f6ffentliche Sicherheit widerstehen rauen Bedingungen, einschlie\u00dflich extremer Temperaturen und Vibrationen.","robots":{"index":"index","follow":"follow","max-snippet":"max-snippet:-1","max-image-preview":"max-image-preview:large","max-video-preview":"max-video-preview:-1"},"canonical":"https:\/\/teguar.com\/eu\/de\/computer-fuer-die-oeffentliche-sicherheit\/","og_locale":"de_DE","og_type":"article","og_title":"Computer f\u00fcr die \u00f6ffentliche Sicherheit","og_description":"Industrielle Computer f\u00fcr die \u00f6ffentliche Sicherheit widerstehen rauen Bedingungen, einschlie\u00dflich extremer Temperaturen und Vibrationen.","og_url":"https:\/\/teguar.com\/eu\/de\/computer-fuer-die-oeffentliche-sicherheit\/","og_site_name":"Teguar","article_modified_time":"2025-11-24T15:24:38+00:00","twitter_card":"summary_large_image","twitter_misc":{"Gesch\u00e4tzte Lesezeit":"2\u00a0Minuten"},"schema":{"@context":"https:\/\/schema.org","@graph":[{"@type":"WebPage","@id":"https:\/\/teguar.com\/eu\/de\/computer-fuer-die-oeffentliche-sicherheit\/","url":"https:\/\/teguar.com\/eu\/de\/computer-fuer-die-oeffentliche-sicherheit\/","name":"Computer f\u00fcr die \u00f6ffentliche Sicherheit","isPartOf":{"@id":"https:\/\/teguar.com\/eu\/en\/#website"},"datePublished":"2025-07-02T16:37:48+00:00","dateModified":"2025-11-24T15:24:38+00:00","description":"Industrielle Computer f\u00fcr die \u00f6ffentliche Sicherheit widerstehen rauen Bedingungen, einschlie\u00dflich extremer Temperaturen und Vibrationen.","breadcrumb":{"@id":"https:\/\/teguar.com\/eu\/de\/computer-fuer-die-oeffentliche-sicherheit\/#breadcrumb"},"inLanguage":"de","potentialAction":[{"@type":"ReadAction","target":["https:\/\/teguar.com\/eu\/de\/computer-fuer-die-oeffentliche-sicherheit\/"]}]},{"@type":"BreadcrumbList","@id":"https:\/\/teguar.com\/eu\/de\/computer-fuer-die-oeffentliche-sicherheit\/#breadcrumb","itemListElement":[{"@type":"ListItem","position":1,"name":"Home","item":"https:\/\/teguar.com\/eu\/de\/"},{"@type":"ListItem","position":2,"name":"Computer f\u00fcr die \u00f6ffentliche Sicherheit"}]},{"@type":"WebSite","@id":"https:\/\/teguar.com\/eu\/en\/#website","url":"https:\/\/teguar.com\/eu\/en\/","name":"Teguar","description":"Industrial PCs, Medical Computers, and Rugged Tablets","potentialAction":[{"@type":"SearchAction","target":{"@type":"EntryPoint","urlTemplate":"https:\/\/teguar.com\/eu\/en\/?s={search_term_string}"},"query-input":{"@type":"PropertyValueSpecification","valueRequired":true,"valueName":"search_term_string"}}],"inLanguage":"de"}]}},"_links":{"self":[{"href":"https:\/\/teguar.com\/eu\/de\/wp-json\/wp\/v2\/pages\/2243520","targetHints":{"allow":["GET"]}}],"collection":[{"href":"https:\/\/teguar.com\/eu\/de\/wp-json\/wp\/v2\/pages"}],"about":[{"href":"https:\/\/teguar.com\/eu\/de\/wp-json\/wp\/v2\/types\/page"}],"author":[{"embeddable":true,"href":"https:\/\/teguar.com\/eu\/de\/wp-json\/wp\/v2\/users\/3"}],"replies":[{"embeddable":true,"href":"https:\/\/teguar.com\/eu\/de\/wp-json\/wp\/v2\/comments?post=2243520"}],"version-history":[{"count":2,"href":"https:\/\/teguar.com\/eu\/de\/wp-json\/wp\/v2\/pages\/2243520\/revisions"}],"predecessor-version":[{"id":2247770,"href":"https:\/\/teguar.com\/eu\/de\/wp-json\/wp\/v2\/pages\/2243520\/revisions\/2247770"}],"wp:attachment":[{"href":"https:\/\/teguar.com\/eu\/de\/wp-json\/wp\/v2\/media?parent=2243520"}],"curies":[{"name":"wp","href":"https:\/\/api.w.org\/{rel}","templated":true}]}}