{"id":2243517,"date":"2025-07-02T15:01:59","date_gmt":"2025-07-02T15:01:59","guid":{"rendered":"https:\/\/teguar.com\/eu\/computer-fuer-die-industrielle-automatisierung\/"},"modified":"2025-11-24T15:05:31","modified_gmt":"2025-11-24T15:05:31","slug":"computer-fuer-die-industrielle-automatisierung","status":"publish","type":"page","link":"https:\/\/teguar.com\/eu\/de\/computer-fuer-die-industrielle-automatisierung\/","title":{"rendered":"Computer f\u00fcr die industrielle Automatisierung"},"content":{"rendered":"\n<p>Die industrielle Automatisierung macht sich die Leistung von Robotern und Steuerungssystemen zunutze, um Aufgaben auszuf\u00fchren, die fr\u00fcher nur von menschlichen Arbeitskr\u00e4ften erledigt wurden. Dieser transformative Ansatz steigert die Produktivit\u00e4t, Qualit\u00e4t und Sicherheit in der Fertigung und in verschiedenen Industriesektoren erheblich. Die industrielle Automatisierung hat die Art und Weise, wie Fertigungsprozesse ausgef\u00fchrt werden, revolutioniert und die Effizienz, Pr\u00e4zision und Zuverl\u00e4ssigkeit optimiert. Das Herzst\u00fcck dieser Entwicklung sind <a href=\"https:\/\/teguar.com\/eu\/de\/industrie-computer\/\">Industriecomputer<\/a>, integrale Komponenten, die nahtlose Abl\u00e4ufe in verschiedenen Sektoren erm\u00f6glichen.   <\/p>\n\n<h2 class=\"wp-block-heading\"><strong>Die wichtigsten Merkmale der Teguar Computer f\u00fcr die industrielle Automatisierung:<\/strong><\/h2>\n\n<ul class=\"wp-block-list\">\n<li>Hohe Rechenleistung: Ausgestattet mit fortschrittlichen Prozessoren zur Bew\u00e4ltigung komplexer Automatisierungsaufgaben und Datenverarbeitung.  <\/li>\n\n\n\n<li>Expandierbarkeit: Skalierbare L\u00f6sungen, die mit Ihrem Unternehmen mitwachsen k\u00f6nnen, um den sich entwickelnden Automatisierungsanforderungen gerecht zu werden.  <\/li>\n\n\n\n<li>Vielseitige Konnektivit\u00e4t: Mehrere E\/A-Anschl\u00fcsse f\u00fcr die nahtlose Integration mit einer Vielzahl von industriellen Ger\u00e4ten und Sensoren.  <\/li>\n\n\n\n<li>Anpassung: Ma\u00dfgeschneiderte L\u00f6sungen f\u00fcr spezifische industrielle Automatisierungsanforderungen, die die Gesamtleistung des Systems verbessern.  <\/li>\n\n\n\n<li>Langfristige Verf\u00fcgbarkeit: Unser Engagement f\u00fcr lange Produktlebenszyklen sorgt f\u00fcr einen best\u00e4ndigen Support f\u00fcr Ihre Automatisierungssysteme.  <\/li>\n\n\n\n<li>Robustes Design: Gebaut, um rauen Industrieumgebungen zu widerstehen, gew\u00e4hrleistet es Zuverl\u00e4ssigkeit unter schwierigen Bedingungen.  <\/li>\n<\/ul>\n    <section id=\"industrial-automation-computers\" class=\"products-by-tag section-spacing\">\n        <div class=\"container\">\n            <div class=\"header\">\n                                    <h2 class=\"headline\">Shop Industrielle Automatisierung Computer<\/h2>\n                            <\/div>\n\n            <div class=\"grid product-card-grid-4\">\n                \n<div class=\"product-card\" class=\"product type-product post-2243155 status-publish first instock product_cat-edge-computer product_cat-embedded-pcs product_cat-ki-computer product_cat-lufterlose-pcs product_cat-rugged-computer product_cat-rugged-mini-pcs product_tag-computer-fur-die-industrielle-automatisierung product_tag-fertigungs-computer product_tag-industriecomputer-im-schnellversand product_tag-online-kaufen product_tag-schnellversand-box-pcs has-post-thumbnail taxable shipping-taxable purchasable product-type-composite\">\n    <div class=\"media\">\n                        <a href=\"https:\/\/teguar.com\/eu\/de\/product\/tb-6145\/\">\n            <img decoding=\"async\" src=\"https:\/\/teguar.com\/eu\/wp-content\/uploads\/sites\/2\/2026\/03\/TB-6145-Hero-Angle.png\" width=\"150\" height=\"150\" alt=\"TB-6145-Hero-Angle\" class=\"hero-image thumb lazy\" loading=\"lazy\" \/>        <\/a>\n    <\/div>\n    <div class=\"content\">\n        <h3>\n            <a href=\"https:\/\/teguar.com\/eu\/de\/product\/tb-6145\/\" class=\"name\">\n                TB-6145\n                            <\/a>\n        <\/h3>\n\n                    <div class=\"subtitle\">\n                KI Endpunkt &#8211; L\u00fcfterloser PC der Industrieklasse            <\/div>\n\n        \n                    <div class=\"product-kh\">\n                <ul>\n<li>Intel\u00ae Atom X7425E Prozessor oder Upgrade auf Core i3<\/li>\n<li>2,5 Gb Ethernet mit zwei LAN-Ports<\/li>\n<li>Mini PCIe f\u00fcr Wi-Fi und M.2 Key B f\u00fcr Mobilfunk<\/li>\n<li>DDR5-Speicher<\/li>\n<li>DIN-Schiene oder Wandmontage<\/li>\n<li>Erweiterte Desktop-Funktionalit\u00e4t mit zwei Display-Ports<\/li>\n<\/ul>\n            <\/div>\n        \n        <div class=\"c-footer\">\n            <a href=\"https:\/\/teguar.com\/eu\/de\/product\/tb-6145\/#get-a-quick-quote\" class=\"button button-blue button-get-a-quick-quote\" >Angebot anfordern<\/a>        <\/div>\n    <\/div>\n<\/div>\n\n\n<div class=\"product-card\" class=\"product type-product post-2247423 status-publish instock product_cat-embedded-pcs product_cat-lufterlose-pcs product_cat-rugged-computer product_cat-rugged-mini-pcs product_tag-computer-fur-die-industrielle-automatisierung product_tag-industriecomputer-im-schnellversand product_tag-online-kaufen product_tag-schnellversand-box-pcs has-post-thumbnail taxable shipping-taxable purchasable product-type-composite\">\n    <div class=\"media\">\n                        <a href=\"https:\/\/teguar.com\/eu\/de\/product\/tb-4840\/\">\n            <img decoding=\"async\" src=\"https:\/\/teguar.com\/eu\/wp-content\/uploads\/sites\/2\/2023\/12\/Industrial_NUC_TB-4840_Front__08204.1702934418.1280.1280.jpg\" width=\"150\" height=\"113\" alt=\"Industrial NUC TB-4840 Front\" class=\"hero-image thumb lazy\" loading=\"lazy\" \/>        <\/a>\n    <\/div>\n    <div class=\"content\">\n        <h3>\n            <a href=\"https:\/\/teguar.com\/eu\/de\/product\/tb-4840\/\" class=\"name\">\n                TB-4840\n                            <\/a>\n        <\/h3>\n\n                    <div class=\"subtitle\">\n                Industrieller NUC            <\/div>\n\n        \n                    <div class=\"product-kh\">\n                <ul>\n<li>Intel Celeron J6412 Prozessor Passmark Bewertung 3846<\/li>\n<li>Unterst\u00fctzt Chrome, Windows 10 und Windows 11<\/li>\n<li>L\u00fcfterloses K\u00fchlsystem<\/li>\n<li>Ausgestattet mit einem Hailo-8 M.2 AI-Modul mit bis zu 26 TOPS (auf Anfrage erh\u00e4ltlich) <\/li>\n<li>Unterst\u00fctzt Dual Display<\/li>\n<li>Einzigartige VESA-Montageoptionen<\/li>\n<\/ul>\n            <\/div>\n        \n        <div class=\"c-footer\">\n            <a href=\"https:\/\/teguar.com\/eu\/de\/product\/tb-4840\/#get-a-quick-quote\" class=\"button button-blue button-get-a-quick-quote\" >Angebot anfordern<\/a>        <\/div>\n    <\/div>\n<\/div>\n\n            <\/div>\n        <\/div>\n    <\/section>\n\n<p>Die industrielle Automatisierung st\u00fctzt sich in hohem Ma\u00dfe auf die Integration von Industriecomputern zur Steuerung und \u00dcberwachung von Prozessen, was sie zum R\u00fcckgrat der intelligenten Fertigung macht. Das Engagement von Teguar f\u00fcr herausragende Leistungen in diesem Bereich hat uns zu einem zuverl\u00e4ssigen Partner f\u00fcr Unternehmen gemacht, die robuste und fortschrittliche L\u00f6sungen suchen. Unsere Industriecomputer wurden speziell f\u00fcr die anspruchsvollen Anforderungen der Industrieautomation entwickelt und bieten eine perfekte Synergie aus Langlebigkeit, Verarbeitungsleistung und Anpassungsf\u00e4higkeit.    <\/p>\n\n<h2 class=\"wp-block-heading\" id=\"h-why-do-industrial-automation-leaders-choose-to-work-with-teguar-nbsp\">Warum entscheiden sich f\u00fchrende Unternehmen der Industrieautomation f\u00fcr eine Zusammenarbeit mit Teguar?  <\/h2>\n\n<p>Teguar zeichnet sich durch sein unerm\u00fcdliches Engagement f\u00fcr Qualit\u00e4t, Zuverl\u00e4ssigkeit und Innovation aus. Wir verstehen die besonderen Herausforderungen, mit denen Fachleute der industriellen Automatisierung konfrontiert sind, und schneiden unsere L\u00f6sungen auf diese Bed\u00fcrfnisse zu. Unser Team arbeitet eng mit unseren Kunden zusammen, um ma\u00dfgeschneiderte <a href=\"https:\/\/teguar.com\/eu\/de\/oem-odm-kundenspezifische-design-dienstleistungen-fuer-industriecomputer\/\">Industriecomputerl\u00f6sungen<\/a> zu entwickeln, die sich nahtlos in ihre bestehenden Automatisierungsprozesse einf\u00fcgen. Der reaktionsschnelle Kundensupport von Teguar sorgt f\u00fcr minimale Ausfallzeiten, so dass Unternehmen ihre maximale Effizienz aufrechterhalten k\u00f6nnen.   <\/p>\n\n<section class=\"hubspot-form section-spacing\">\n    <script charset=\"utf-8\" type=\"text\/javascript\" src=\"\/\/js.hsforms.net\/forms\/embed\/v2.js\"><\/script>\r\n<script>\r\n  hbspt.forms.create({\r\n    portalId: \"21497995\",\r\n    formId: \"11a43242-0316-4b23-9e13-2f6bc9b8edde\",\r\n    region: \"na1\"\r\n  });\r\n<\/script><\/section>\n\n","protected":false},"excerpt":{"rendered":"<p>Die industrielle Automatisierung macht sich die Leistung von Robotern und Steuerungssystemen zunutze, um Aufgaben auszuf\u00fchren, die fr\u00fcher nur von menschlichen Arbeitskr\u00e4ften erledigt wurden. Dieser transformative Ansatz steigert die Produktivit\u00e4t, Qualit\u00e4t und Sicherheit in der Fertigung und in verschiedenen Industriesektoren erheblich. Die industrielle Automatisierung hat die Art und Weise, wie Fertigungsprozesse ausgef\u00fchrt werden, revolutioniert und die [&hellip;]<\/p>\n","protected":false},"author":3,"featured_media":0,"parent":0,"menu_order":0,"comment_status":"closed","ping_status":"closed","template":"templates\/template-product-application.php","meta":{"_acf_changed":false,"footnotes":""},"class_list":["post-2243517","page","type-page","status-publish","hentry"],"acf":[],"yoast_head":"<!-- This site is optimized with the Yoast SEO Premium plugin v26.8 (Yoast SEO v27.2) - https:\/\/yoast.com\/product\/yoast-seo-premium-wordpress\/ -->\n<title>Computer f\u00fcr die industrielle Automatisierung<\/title>\n<meta name=\"description\" content=\"Computer f\u00fcr die industrielle Automatisierung steigern die Produktivit\u00e4t, Qualit\u00e4t und Sicherheit in der Fertigung und in verschiedenen Industriezweigen.\" \/>\n<meta name=\"robots\" content=\"index, follow, max-snippet:-1, max-image-preview:large, max-video-preview:-1\" \/>\n<link rel=\"canonical\" href=\"https:\/\/teguar.com\/eu\/de\/computer-fuer-die-industrielle-automatisierung\/\" \/>\n<meta property=\"og:locale\" content=\"de_DE\" \/>\n<meta property=\"og:type\" content=\"article\" \/>\n<meta property=\"og:title\" content=\"Computer f\u00fcr die industrielle Automatisierung\" \/>\n<meta property=\"og:description\" content=\"Computer f\u00fcr die industrielle Automatisierung steigern die Produktivit\u00e4t, Qualit\u00e4t und Sicherheit in der Fertigung und in verschiedenen Industriezweigen.\" \/>\n<meta property=\"og:url\" content=\"https:\/\/teguar.com\/eu\/de\/computer-fuer-die-industrielle-automatisierung\/\" \/>\n<meta property=\"og:site_name\" content=\"Teguar\" \/>\n<meta property=\"article:modified_time\" content=\"2025-11-24T15:05:31+00:00\" \/>\n<meta name=\"twitter:card\" content=\"summary_large_image\" \/>\n<meta name=\"twitter:label1\" content=\"Gesch\u00e4tzte Lesezeit\" \/>\n\t<meta name=\"twitter:data1\" content=\"2\u00a0Minuten\" \/>\n<script type=\"application\/ld+json\" class=\"yoast-schema-graph\">{\"@context\":\"https:\/\/schema.org\",\"@graph\":[{\"@type\":\"WebPage\",\"@id\":\"https:\/\/teguar.com\/eu\/de\/computer-fuer-die-industrielle-automatisierung\/\",\"url\":\"https:\/\/teguar.com\/eu\/de\/computer-fuer-die-industrielle-automatisierung\/\",\"name\":\"Computer f\u00fcr die industrielle Automatisierung\",\"isPartOf\":{\"@id\":\"https:\/\/teguar.com\/eu\/en\/#website\"},\"datePublished\":\"2025-07-02T15:01:59+00:00\",\"dateModified\":\"2025-11-24T15:05:31+00:00\",\"description\":\"Computer f\u00fcr die industrielle Automatisierung steigern die Produktivit\u00e4t, Qualit\u00e4t und Sicherheit in der Fertigung und in verschiedenen Industriezweigen.\",\"breadcrumb\":{\"@id\":\"https:\/\/teguar.com\/eu\/de\/computer-fuer-die-industrielle-automatisierung\/#breadcrumb\"},\"inLanguage\":\"de\",\"potentialAction\":[{\"@type\":\"ReadAction\",\"target\":[\"https:\/\/teguar.com\/eu\/de\/computer-fuer-die-industrielle-automatisierung\/\"]}]},{\"@type\":\"BreadcrumbList\",\"@id\":\"https:\/\/teguar.com\/eu\/de\/computer-fuer-die-industrielle-automatisierung\/#breadcrumb\",\"itemListElement\":[{\"@type\":\"ListItem\",\"position\":1,\"name\":\"Home\",\"item\":\"https:\/\/teguar.com\/eu\/de\/\"},{\"@type\":\"ListItem\",\"position\":2,\"name\":\"Computer f\u00fcr die industrielle Automatisierung\"}]},{\"@type\":\"WebSite\",\"@id\":\"https:\/\/teguar.com\/eu\/en\/#website\",\"url\":\"https:\/\/teguar.com\/eu\/en\/\",\"name\":\"Teguar\",\"description\":\"Industrial PCs, Medical Computers, and Rugged Tablets\",\"potentialAction\":[{\"@type\":\"SearchAction\",\"target\":{\"@type\":\"EntryPoint\",\"urlTemplate\":\"https:\/\/teguar.com\/eu\/en\/?s={search_term_string}\"},\"query-input\":{\"@type\":\"PropertyValueSpecification\",\"valueRequired\":true,\"valueName\":\"search_term_string\"}}],\"inLanguage\":\"de\"}]}<\/script>\n<!-- \/ Yoast SEO Premium plugin. -->","yoast_head_json":{"title":"Computer f\u00fcr die industrielle Automatisierung","description":"Computer f\u00fcr die industrielle Automatisierung steigern die Produktivit\u00e4t, Qualit\u00e4t und Sicherheit in der Fertigung und in verschiedenen Industriezweigen.","robots":{"index":"index","follow":"follow","max-snippet":"max-snippet:-1","max-image-preview":"max-image-preview:large","max-video-preview":"max-video-preview:-1"},"canonical":"https:\/\/teguar.com\/eu\/de\/computer-fuer-die-industrielle-automatisierung\/","og_locale":"de_DE","og_type":"article","og_title":"Computer f\u00fcr die industrielle Automatisierung","og_description":"Computer f\u00fcr die industrielle Automatisierung steigern die Produktivit\u00e4t, Qualit\u00e4t und Sicherheit in der Fertigung und in verschiedenen Industriezweigen.","og_url":"https:\/\/teguar.com\/eu\/de\/computer-fuer-die-industrielle-automatisierung\/","og_site_name":"Teguar","article_modified_time":"2025-11-24T15:05:31+00:00","twitter_card":"summary_large_image","twitter_misc":{"Gesch\u00e4tzte Lesezeit":"2\u00a0Minuten"},"schema":{"@context":"https:\/\/schema.org","@graph":[{"@type":"WebPage","@id":"https:\/\/teguar.com\/eu\/de\/computer-fuer-die-industrielle-automatisierung\/","url":"https:\/\/teguar.com\/eu\/de\/computer-fuer-die-industrielle-automatisierung\/","name":"Computer f\u00fcr die industrielle Automatisierung","isPartOf":{"@id":"https:\/\/teguar.com\/eu\/en\/#website"},"datePublished":"2025-07-02T15:01:59+00:00","dateModified":"2025-11-24T15:05:31+00:00","description":"Computer f\u00fcr die industrielle Automatisierung steigern die Produktivit\u00e4t, Qualit\u00e4t und Sicherheit in der Fertigung und in verschiedenen Industriezweigen.","breadcrumb":{"@id":"https:\/\/teguar.com\/eu\/de\/computer-fuer-die-industrielle-automatisierung\/#breadcrumb"},"inLanguage":"de","potentialAction":[{"@type":"ReadAction","target":["https:\/\/teguar.com\/eu\/de\/computer-fuer-die-industrielle-automatisierung\/"]}]},{"@type":"BreadcrumbList","@id":"https:\/\/teguar.com\/eu\/de\/computer-fuer-die-industrielle-automatisierung\/#breadcrumb","itemListElement":[{"@type":"ListItem","position":1,"name":"Home","item":"https:\/\/teguar.com\/eu\/de\/"},{"@type":"ListItem","position":2,"name":"Computer f\u00fcr die industrielle Automatisierung"}]},{"@type":"WebSite","@id":"https:\/\/teguar.com\/eu\/en\/#website","url":"https:\/\/teguar.com\/eu\/en\/","name":"Teguar","description":"Industrial PCs, Medical Computers, and Rugged Tablets","potentialAction":[{"@type":"SearchAction","target":{"@type":"EntryPoint","urlTemplate":"https:\/\/teguar.com\/eu\/en\/?s={search_term_string}"},"query-input":{"@type":"PropertyValueSpecification","valueRequired":true,"valueName":"search_term_string"}}],"inLanguage":"de"}]}},"_links":{"self":[{"href":"https:\/\/teguar.com\/eu\/de\/wp-json\/wp\/v2\/pages\/2243517","targetHints":{"allow":["GET"]}}],"collection":[{"href":"https:\/\/teguar.com\/eu\/de\/wp-json\/wp\/v2\/pages"}],"about":[{"href":"https:\/\/teguar.com\/eu\/de\/wp-json\/wp\/v2\/types\/page"}],"author":[{"embeddable":true,"href":"https:\/\/teguar.com\/eu\/de\/wp-json\/wp\/v2\/users\/3"}],"replies":[{"embeddable":true,"href":"https:\/\/teguar.com\/eu\/de\/wp-json\/wp\/v2\/comments?post=2243517"}],"version-history":[{"count":2,"href":"https:\/\/teguar.com\/eu\/de\/wp-json\/wp\/v2\/pages\/2243517\/revisions"}],"predecessor-version":[{"id":2247762,"href":"https:\/\/teguar.com\/eu\/de\/wp-json\/wp\/v2\/pages\/2243517\/revisions\/2247762"}],"wp:attachment":[{"href":"https:\/\/teguar.com\/eu\/de\/wp-json\/wp\/v2\/media?parent=2243517"}],"curies":[{"name":"wp","href":"https:\/\/api.w.org\/{rel}","templated":true}]}}