{"id":2243516,"date":"2025-07-02T13:15:16","date_gmt":"2025-07-02T13:15:16","guid":{"rendered":"https:\/\/teguar.com\/eu\/systemintegratoren-fuer-die-automatisierung\/"},"modified":"2025-10-16T12:44:53","modified_gmt":"2025-10-16T12:44:53","slug":"systemintegratoren-fuer-die-automatisierung","status":"publish","type":"page","link":"https:\/\/teguar.com\/eu\/de\/systemintegratoren-fuer-die-automatisierung\/","title":{"rendered":"Systemintegratoren f\u00fcr die Automatisierung"},"content":{"rendered":"\n<p>Obwohl der Umfang und die Komplexit\u00e4t von Automatisierungs- und Steuerungssystemen weiter zunehmen, scheinen die Endbenutzer dazu zu neigen, weniger interne Ressourcen f\u00fcr deren Entwicklung und Wartung bereitzustellen. Viele Hersteller haben ihre Ingenieursposten komplett gestrichen und ziehen es vor, die ben\u00f6tigte Hilfe einzustellen, wenn sie sie brauchen. Die Hersteller wenden sich an Unternehmen, die sich auf die Integration von Automatisierungssystemen spezialisiert haben. Sie helfen ihnen bei der Entwicklung, Installation, Verbindung und Inbetriebnahme der verschiedenen Komponenten f\u00fcr neue Anwendungen und bei der Nachr\u00fcstung bestehender Automatisierungssysteme, wie z.B. bei der Integration von Industriecomputern im gro\u00dfen Stil.  <\/p>\n\n<p>Automatisierungssystemintegratoren bieten ihren Kunden die besten handverlesenen L\u00f6sungen f\u00fcr bestimmte Endanwendungen. Sie sind f\u00fcr die Integration verantwortlich und m\u00fcssen sich auf die Anbieter der einzelnen Komponenten verlassen k\u00f6nnen. Die Teguar Corporation ist stolz darauf, hochmoderne industrielle Touchscreen-Computerl\u00f6sungen anzubieten, darunter schlanke <a href=\"https:\/\/teguar.com\/eu\/de\/panel-pcs\/\">Touchscreen-Panel-PCs<\/a>, vollst\u00e4ndig geschlossene und wasserdichte Computer nach IP66, robuste und semi-robuste Tablet-PCs und mobile Computer. Unsere <a href=\"https:\/\/teguar.com\/eu\/de\/industrie-computer\/\">Industriecomputer<\/a> bieten einen hervorragenden ROI und sind so konzipiert, dass sie sich nahtlos in die gr\u00f6\u00dfere Hardware- und Software-Infrastruktur Ihres Automatisierungsprojekts einf\u00fcgen.   <\/p>\n\n<h2 class=\"wp-block-heading\" id=\"h-automation-system-integrator-features\"><strong>Automation System Integrator Merkmale:<\/strong><\/h2>\n\n<ul class=\"wp-block-list\">\n<li>Gro\u00dfe Auswahl an Touchscreen-Gr\u00f6\u00dfen verf\u00fcgbar: 7&#8243;, 8&#8243;, 10&#8243;, 12&#8243;, 15&#8243;, 15,6&#8243;, 17&#8243;, 18,5&#8243;, 19&#8243;, 22&#8243; und 24&#8243;<\/li>\n\n\n\n<li>Intel Core i3\/i5\/i7 oder Intel Atom\/Celeron CPU<\/li>\n\n\n\n<li>Flexibilit\u00e4t bei der Entwicklung neuer Produkte oder der \u00c4nderung bestehender Produkte, um die Bed\u00fcrfnisse der Kunden zu erf\u00fcllen<\/li>\n\n\n\n<li>Vielf\u00e4ltige Montagem\u00f6glichkeiten wie VESA-Montage, Panel-Montage, Desktop-Montage<\/li>\n\n\n\n<li>Teguar bietet erstklassigen technischen Support f\u00fcr Treiber, Hardware und Fehlerbehebungsverfahren f\u00fcr alle Systemprobleme<\/li>\n<\/ul>\n    <section id=\"automation-system-integrators\" class=\"products-by-tag section-spacing\">\n        <div class=\"container\">\n            <div class=\"header\">\n                                    <h2 class=\"headline\">Shop Automation Systemintegrator Computer<\/h2>\n                            <\/div>\n\n            <div class=\"grid product-card-grid-4\">\n                \n<div class=\"product-card\" class=\"product type-product post-2247399 status-publish first instock product_cat-hmi-panel product_cat-panel-pcs product_tag-computer-fur-militar-und-luft-und-raumfahrt product_tag-online-kaufen product_tag-pinnacle-series product_tag-scada-hmi-panel-pcs-2 product_tag-systemintegratoren-fur-die-automatisierung has-post-thumbnail taxable shipping-taxable purchasable product-type-composite\">\n    <div class=\"media\">\n                        <a href=\"https:\/\/teguar.com\/eu\/de\/product\/pinnacle-tp-4800-12\/\">\n            <img decoding=\"async\" src=\"https:\/\/teguar.com\/eu\/wp-content\/uploads\/sites\/2\/2025\/01\/Pinnacle_Panel_PC_TP-4800-12_Front_Red__21644.1742304466.1280.1280.jpg\" width=\"150\" height=\"150\" alt=\"12 inch Pinnacle Panel PC TP-4800-12 Front\" class=\"hero-image thumb lazy\" loading=\"lazy\" \/>        <\/a>\n    <\/div>\n    <div class=\"content\">\n        <h3>\n            <a href=\"https:\/\/teguar.com\/eu\/de\/product\/pinnacle-tp-4800-12\/\" class=\"name\">\n                Pinnacle TP-4800-12\n                            <\/a>\n        <\/h3>\n\n                    <div class=\"subtitle\">\n                12,1&quot; Panel PC            <\/div>\n\n        \n                    <div class=\"product-kh\">\n                <ul>\n<li>Neuester l\u00fcfterloser Intel\u00ae Elkhart Lake-Prozessor<\/li>\n<li>12,1&#8243; Display mit hoher Helligkeit und Direct Bonded Touch<\/li>\n<li>PoE, USB-C, Digital IO, HDMI-Anschl\u00fcsse<\/li>\n<li>Atemberaubend schlanker Formfaktor<\/li>\n<li>Solides Aluminium-Gussgeh\u00e4use<\/li>\n<li>Windows 11 Pro und IOT<\/li>\n<\/ul>\n            <\/div>\n        \n        <div class=\"c-footer\">\n            <a href=\"https:\/\/teguar.com\/eu\/de\/product\/pinnacle-tp-4800-12\/#get-a-quick-quote\" class=\"button button-blue button-get-a-quick-quote\" >Angebot anfordern<\/a>        <\/div>\n    <\/div>\n<\/div>\n\n\n<div class=\"product-card\" class=\"product type-product post-2244836 status-publish instock product_cat-panel-pcs product_tag-systemintegratoren-fur-die-automatisierung has-post-thumbnail taxable shipping-taxable purchasable product-type-simple\">\n    <div class=\"media\">\n                        <a href=\"https:\/\/teguar.com\/eu\/de\/product\/tp-5940-22\/\">\n            <img decoding=\"async\" src=\"https:\/\/teguar.com\/eu\/wp-content\/uploads\/sites\/2\/2020\/07\/fanless_all-in-one_pc_tp-5940-22_front_angled__21045.1667939841.1280.1280.jpg\" width=\"150\" height=\"150\" alt=\"22&quot; Fanless Industrial Computer | TP-5940-22\" class=\"hero-image thumb lazy\" loading=\"lazy\" \/>        <\/a>\n    <\/div>\n    <div class=\"content\">\n        <h3>\n            <a href=\"https:\/\/teguar.com\/eu\/de\/product\/tp-5940-22\/\" class=\"name\">\n                TP-5940-22\n                            <\/a>\n        <\/h3>\n\n                    <div class=\"subtitle\">\n                22&quot; L\u00fcfterloser All-in-One PC            <\/div>\n\n        \n                    <div class=\"product-kh\">\n                <ul>\n<li>21,5&#8243; Echt flacher IP65 gesch\u00fctzter Touchscreen<\/li>\n<li>Intel Tiger Lake Core i5 CPU<\/li>\n<li>L\u00fcfterlos und niedriger Stromverbrauch<\/li>\n<li>Aluminium-Druckguss-Geh\u00e4use<\/li>\n<li>Mehrere E\/As, darunter 2x USB Typ C, 2x USB 3.0, 2x USB 2.0, 1x LAN, 2x DB9<\/li>\n<\/ul>\n            <\/div>\n        \n        <div class=\"c-footer\">\n            <a href=\"https:\/\/teguar.com\/eu\/de\/product\/tp-5940-22\/#get-a-quick-quote\" class=\"button button-blue button-get-a-quick-quote\" >Angebot anfordern<\/a>        <\/div>\n    <\/div>\n<\/div>\n\n            <\/div>\n        <\/div>\n    <\/section>\n\n<p>Die Industrie-Touchcomputer von Teguar eignen sich f\u00fcr Automatisierungsintegrationsprojekte in den Bereichen Sicherheits- und Zugangskontrollsysteme, Automotive, Logistik, Einzelhandel, Fertigung, Schaltschrankbau, Robotik, Verpackung und viele mehr.<\/p>\n\n<h3 class=\"wp-block-heading\">Warum entscheiden sich Automatisierungssystemintegratoren f\u00fcr eine Zusammenarbeit mit Teguar?<\/h3>\n\n<p>Teguar ist ein ausgewiesener Experte in allen Fragen der Integration von Industriecomputern und bietet eine Vielzahl von Industriecomputern an, die den Anforderungen nahezu jeder Anwendung gerecht werden. Teguar bietet erstklassigen Kundenservice und Vertriebsunterst\u00fctzung bei der Produktauswahl, der Auftragsverwaltung und dem Garantiestatus. <\/p>\n\n<section class=\"hubspot-form section-spacing\">\n    <script charset=\"utf-8\" type=\"text\/javascript\" src=\"\/\/js.hsforms.net\/forms\/embed\/v2.js\"><\/script>\r\n<script>\r\n  hbspt.forms.create({\r\n    portalId: \"21497995\",\r\n    formId: \"11a43242-0316-4b23-9e13-2f6bc9b8edde\",\r\n    region: \"na1\"\r\n  });\r\n<\/script><\/section>\n\n","protected":false},"excerpt":{"rendered":"<p>Obwohl der Umfang und die Komplexit\u00e4t von Automatisierungs- und Steuerungssystemen weiter zunehmen, scheinen die Endbenutzer dazu zu neigen, weniger interne Ressourcen f\u00fcr deren Entwicklung und Wartung bereitzustellen. Viele Hersteller haben ihre Ingenieursposten komplett gestrichen und ziehen es vor, die ben\u00f6tigte Hilfe einzustellen, wenn sie sie brauchen. Die Hersteller wenden sich an Unternehmen, die sich auf [&hellip;]<\/p>\n","protected":false},"author":3,"featured_media":0,"parent":0,"menu_order":0,"comment_status":"closed","ping_status":"closed","template":"templates\/template-product-application.php","meta":{"_acf_changed":false,"footnotes":""},"class_list":["post-2243516","page","type-page","status-publish","hentry"],"acf":[],"yoast_head":"<!-- This site is optimized with the Yoast SEO Premium plugin v26.8 (Yoast SEO v27.2) - https:\/\/yoast.com\/product\/yoast-seo-premium-wordpress\/ -->\n<title>Automation System Integrator Industriecomputer<\/title>\n<meta name=\"description\" content=\"Wir bieten schlanke Panel-PCs, vollst\u00e4ndig geschlossene und wasserdichte Computer nach IP65, robuste und halb robuste Tablet-PCs.\" \/>\n<meta name=\"robots\" content=\"index, follow, max-snippet:-1, max-image-preview:large, max-video-preview:-1\" \/>\n<link rel=\"canonical\" href=\"https:\/\/teguar.com\/eu\/de\/systemintegratoren-fuer-die-automatisierung\/\" \/>\n<meta property=\"og:locale\" content=\"de_DE\" \/>\n<meta property=\"og:type\" content=\"article\" \/>\n<meta property=\"og:title\" content=\"Systemintegratoren f\u00fcr die Automatisierung\" \/>\n<meta property=\"og:description\" content=\"Wir bieten schlanke Panel-PCs, vollst\u00e4ndig geschlossene und wasserdichte Computer nach IP65, robuste und halb robuste Tablet-PCs.\" \/>\n<meta property=\"og:url\" content=\"https:\/\/teguar.com\/eu\/de\/systemintegratoren-fuer-die-automatisierung\/\" \/>\n<meta property=\"og:site_name\" content=\"Teguar\" \/>\n<meta property=\"article:modified_time\" content=\"2025-10-16T12:44:53+00:00\" \/>\n<meta name=\"twitter:card\" content=\"summary_large_image\" \/>\n<meta name=\"twitter:label1\" content=\"Gesch\u00e4tzte Lesezeit\" \/>\n\t<meta name=\"twitter:data1\" content=\"2\u00a0Minuten\" \/>\n<script type=\"application\/ld+json\" class=\"yoast-schema-graph\">{\"@context\":\"https:\/\/schema.org\",\"@graph\":[{\"@type\":\"WebPage\",\"@id\":\"https:\/\/teguar.com\/eu\/de\/systemintegratoren-fuer-die-automatisierung\/\",\"url\":\"https:\/\/teguar.com\/eu\/de\/systemintegratoren-fuer-die-automatisierung\/\",\"name\":\"Automation System Integrator Industriecomputer\",\"isPartOf\":{\"@id\":\"https:\/\/teguar.com\/eu\/en\/#website\"},\"datePublished\":\"2025-07-02T13:15:16+00:00\",\"dateModified\":\"2025-10-16T12:44:53+00:00\",\"description\":\"Wir bieten schlanke Panel-PCs, vollst\u00e4ndig geschlossene und wasserdichte Computer nach IP65, robuste und halb robuste Tablet-PCs.\",\"breadcrumb\":{\"@id\":\"https:\/\/teguar.com\/eu\/de\/systemintegratoren-fuer-die-automatisierung\/#breadcrumb\"},\"inLanguage\":\"de\",\"potentialAction\":[{\"@type\":\"ReadAction\",\"target\":[\"https:\/\/teguar.com\/eu\/de\/systemintegratoren-fuer-die-automatisierung\/\"]}]},{\"@type\":\"BreadcrumbList\",\"@id\":\"https:\/\/teguar.com\/eu\/de\/systemintegratoren-fuer-die-automatisierung\/#breadcrumb\",\"itemListElement\":[{\"@type\":\"ListItem\",\"position\":1,\"name\":\"Home\",\"item\":\"https:\/\/teguar.com\/eu\/de\/\"},{\"@type\":\"ListItem\",\"position\":2,\"name\":\"Systemintegratoren f\u00fcr die Automatisierung\"}]},{\"@type\":\"WebSite\",\"@id\":\"https:\/\/teguar.com\/eu\/en\/#website\",\"url\":\"https:\/\/teguar.com\/eu\/en\/\",\"name\":\"Teguar\",\"description\":\"Industrial PCs, Medical Computers, and Rugged Tablets\",\"potentialAction\":[{\"@type\":\"SearchAction\",\"target\":{\"@type\":\"EntryPoint\",\"urlTemplate\":\"https:\/\/teguar.com\/eu\/en\/?s={search_term_string}\"},\"query-input\":{\"@type\":\"PropertyValueSpecification\",\"valueRequired\":true,\"valueName\":\"search_term_string\"}}],\"inLanguage\":\"de\"}]}<\/script>\n<!-- \/ Yoast SEO Premium plugin. -->","yoast_head_json":{"title":"Automation System Integrator Industriecomputer","description":"Wir bieten schlanke Panel-PCs, vollst\u00e4ndig geschlossene und wasserdichte Computer nach IP65, robuste und halb robuste Tablet-PCs.","robots":{"index":"index","follow":"follow","max-snippet":"max-snippet:-1","max-image-preview":"max-image-preview:large","max-video-preview":"max-video-preview:-1"},"canonical":"https:\/\/teguar.com\/eu\/de\/systemintegratoren-fuer-die-automatisierung\/","og_locale":"de_DE","og_type":"article","og_title":"Systemintegratoren f\u00fcr die Automatisierung","og_description":"Wir bieten schlanke Panel-PCs, vollst\u00e4ndig geschlossene und wasserdichte Computer nach IP65, robuste und halb robuste Tablet-PCs.","og_url":"https:\/\/teguar.com\/eu\/de\/systemintegratoren-fuer-die-automatisierung\/","og_site_name":"Teguar","article_modified_time":"2025-10-16T12:44:53+00:00","twitter_card":"summary_large_image","twitter_misc":{"Gesch\u00e4tzte Lesezeit":"2\u00a0Minuten"},"schema":{"@context":"https:\/\/schema.org","@graph":[{"@type":"WebPage","@id":"https:\/\/teguar.com\/eu\/de\/systemintegratoren-fuer-die-automatisierung\/","url":"https:\/\/teguar.com\/eu\/de\/systemintegratoren-fuer-die-automatisierung\/","name":"Automation System Integrator Industriecomputer","isPartOf":{"@id":"https:\/\/teguar.com\/eu\/en\/#website"},"datePublished":"2025-07-02T13:15:16+00:00","dateModified":"2025-10-16T12:44:53+00:00","description":"Wir bieten schlanke Panel-PCs, vollst\u00e4ndig geschlossene und wasserdichte Computer nach IP65, robuste und halb robuste Tablet-PCs.","breadcrumb":{"@id":"https:\/\/teguar.com\/eu\/de\/systemintegratoren-fuer-die-automatisierung\/#breadcrumb"},"inLanguage":"de","potentialAction":[{"@type":"ReadAction","target":["https:\/\/teguar.com\/eu\/de\/systemintegratoren-fuer-die-automatisierung\/"]}]},{"@type":"BreadcrumbList","@id":"https:\/\/teguar.com\/eu\/de\/systemintegratoren-fuer-die-automatisierung\/#breadcrumb","itemListElement":[{"@type":"ListItem","position":1,"name":"Home","item":"https:\/\/teguar.com\/eu\/de\/"},{"@type":"ListItem","position":2,"name":"Systemintegratoren f\u00fcr die Automatisierung"}]},{"@type":"WebSite","@id":"https:\/\/teguar.com\/eu\/en\/#website","url":"https:\/\/teguar.com\/eu\/en\/","name":"Teguar","description":"Industrial PCs, Medical Computers, and Rugged Tablets","potentialAction":[{"@type":"SearchAction","target":{"@type":"EntryPoint","urlTemplate":"https:\/\/teguar.com\/eu\/en\/?s={search_term_string}"},"query-input":{"@type":"PropertyValueSpecification","valueRequired":true,"valueName":"search_term_string"}}],"inLanguage":"de"}]}},"_links":{"self":[{"href":"https:\/\/teguar.com\/eu\/de\/wp-json\/wp\/v2\/pages\/2243516","targetHints":{"allow":["GET"]}}],"collection":[{"href":"https:\/\/teguar.com\/eu\/de\/wp-json\/wp\/v2\/pages"}],"about":[{"href":"https:\/\/teguar.com\/eu\/de\/wp-json\/wp\/v2\/types\/page"}],"author":[{"embeddable":true,"href":"https:\/\/teguar.com\/eu\/de\/wp-json\/wp\/v2\/users\/3"}],"replies":[{"embeddable":true,"href":"https:\/\/teguar.com\/eu\/de\/wp-json\/wp\/v2\/comments?post=2243516"}],"version-history":[{"count":1,"href":"https:\/\/teguar.com\/eu\/de\/wp-json\/wp\/v2\/pages\/2243516\/revisions"}],"predecessor-version":[{"id":2243518,"href":"https:\/\/teguar.com\/eu\/de\/wp-json\/wp\/v2\/pages\/2243516\/revisions\/2243518"}],"wp:attachment":[{"href":"https:\/\/teguar.com\/eu\/de\/wp-json\/wp\/v2\/media?parent=2243516"}],"curies":[{"name":"wp","href":"https:\/\/api.w.org\/{rel}","templated":true}]}}