{"id":2243513,"date":"2025-07-02T13:40:03","date_gmt":"2025-07-02T13:40:03","guid":{"rendered":"https:\/\/teguar.com\/eu\/iiot-computer-industrielles-internet-der-dinge\/"},"modified":"2025-11-24T17:24:36","modified_gmt":"2025-11-24T17:24:36","slug":"iiot-computer-industrielles-internet-der-dinge","status":"publish","type":"page","link":"https:\/\/teguar.com\/eu\/de\/iiot-computer-industrielles-internet-der-dinge\/","title":{"rendered":"IIoT-Computer (Industrielles Internet der Dinge)"},"content":{"rendered":"\n<p>Die n\u00e4chste digitale Revolution ist da. In der Fertigungsindustrie wird diese Revolution als Industrielles Internet der Dinge (IIoT) oder in Europa als Industrie 4.0 bezeichnet. Die gr\u00f6\u00dfte Ver\u00e4nderung, die das IIoT mit sich bringt, ist nicht die Menge der Daten, sondern die Reaktionsf\u00e4higkeit der Daten. K\u00fcnstliche Intelligenz (KI), visuelle Inspektionssysteme, Blockchain und die Bereitstellung von Daten in Echtzeit werden durch Industrie 4.0 erm\u00f6glicht und ver\u00e4ndern die Fertigungs- und Automatisierungsbranche. Die F\u00e4higkeit, aktiv auf Bedingungen zu reagieren, w\u00e4hrend sie auftreten, ist entscheidend. Die vier Elemente, die f\u00fcr das IIoT ben\u00f6tigt werden, sind: Datenerfassungsger\u00e4te, industrielle Computerplattformen, Software und Datenexperten vor Ort.     <\/p>\n\n<h2 class=\"wp-block-heading\" id=\"h-key-features-of-teguar-s-iiot-computers\"><strong>Die wichtigsten Merkmale der IIoT-Computer von Teguar:<\/strong><\/h2>\n\n<ul class=\"wp-block-list\">\n<li>Robustes Design: Widersteht rauen Industrieumgebungen f\u00fcr langfristige Zuverl\u00e4ssigkeit.<\/li>\n\n\n\n<li>Leistungsstarke Verarbeitung: Gew\u00e4hrleistet eine schnelle Datenanalyse und Entscheidungsfindung in Echtzeit.<\/li>\n\n\n\n<li>Erweiterte Sicherheitsfunktionen: Sch\u00fctzt kritische Daten in der vernetzten IIoT-Landschaft.<\/li>\n\n\n\n<li>Anpassungsoptionen: Ma\u00dfgeschneidert f\u00fcr die spezifischen Anforderungen verschiedener IIoT-Anwendungen.<\/li>\n\n\n\n<li>Kompatibilit\u00e4t mit Industrieprotokollen: Nahtlose Integration in bestehende industrielle Netzwerke.<\/li>\n<\/ul>\n    <section id=\"iiot-computers\" class=\"products-by-tag section-spacing\">\n        <div class=\"container\">\n            <div class=\"header\">\n                                    <h2 class=\"headline\">Shop Industrielles Internet der Dinge Computer<\/h2>\n                            <\/div>\n\n            <div class=\"grid product-card-grid-4\">\n                \n<div class=\"product-card\" class=\"product type-product post-2244955 status-publish first onbackorder product_cat-embedded-pcs product_cat-lufterlose-pcs product_cat-rugged-computer product_cat-rugged-mini-pcs product_tag-iiot-computer product_tag-online-kaufen has-post-thumbnail taxable shipping-taxable purchasable product-type-composite\">\n    <div class=\"media\">\n                        <a href=\"https:\/\/teguar.com\/eu\/de\/product\/tb-3445\/\">\n            <img decoding=\"async\" src=\"https:\/\/teguar.com\/eu\/wp-content\/uploads\/sites\/2\/2021\/05\/fanless-mini-pc-tb-3445__30871.1622041926.1280.1280.jpg\" width=\"150\" height=\"150\" alt=\"Rugged Mini PC\" class=\"hero-image thumb lazy\" loading=\"lazy\" \/>        <\/a>\n    <\/div>\n    <div class=\"content\">\n        <h3>\n            <a href=\"https:\/\/teguar.com\/eu\/de\/product\/tb-3445\/\" class=\"name\">\n                TB-3445\n                            <\/a>\n        <\/h3>\n\n                    <div class=\"subtitle\">\n                Robuster Mini-PC            <\/div>\n\n        \n                    <div class=\"product-kh\">\n                <ul>\n<li>Intel N3350\/4200 CPU<\/li>\n<li>Schlankes &#038; robustes Geh\u00e4use<\/li>\n<li>Reichhaltige Inputs\/Outputs<\/li>\n<li>DIN-Schiene montierbar<\/li>\n<li>Weitbereich DC 9~36V Stromeingang<\/li>\n<\/ul>\n            <\/div>\n        \n        <div class=\"c-footer\">\n            <a href=\"https:\/\/teguar.com\/eu\/de\/product\/tb-3445\/#get-a-quick-quote\" class=\"button button-blue button-get-a-quick-quote\" >Angebot anfordern<\/a>        <\/div>\n    <\/div>\n<\/div>\n\n            <\/div>\n        <\/div>\n    <\/section>\n\n<p>Teguar bietet <a href=\"https:\/\/teguar.com\/eu\/de\/industrie-computer\/\">fortschrittliche Industriecomputer<\/a>, die sich in Ihr IIoT-Netzwerk einf\u00fcgen, damit Sie in Ihrer Branche eine Spitzenposition einnehmen k\u00f6nnen. Teguar verf\u00fcgt \u00fcber umfangreiche Erfahrung in der Entwicklung von Spezialprodukten f\u00fcr Projekte, einschlie\u00dflich ODM, OEM und spezifische Computer-Hardware-L\u00f6sungen f\u00fcr anspruchsvolle Umgebungen. Diese Erfahrung ist ein Mehrwert f\u00fcr Ihr IIoT, da sie letztlich die Lebensdauer Ihrer Industriecomputer verl\u00e4ngert und Ihnen einen besseren ROI f\u00fcr Ihre Technologieinvestition verschafft.    <\/p>\n\n<p>Die Grundlage der digitalen IIoT-Revolution sind intelligente Menschen, die mit hochwertigen Computern zusammenarbeiten. Die Wahl der richtigen Mitarbeiter ist genauso wichtig wie die Wahl Ihrer Computerhardware. Teguar verf\u00fcgt sowohl \u00fcber qualifizierte Mitarbeiter als auch \u00fcber hochwertige Industriecomputer. Teguar bietet Ihnen langlebige Industriecomputer mit Spitzentechnologie und aufmerksame Kundenbetreuer, denen Ihr Erfolg wichtig ist.   <\/p>\n\n<h3 class=\"wp-block-heading\">Wie ver\u00e4ndert die IIoT-Technologie den industriellen Bereich?<\/h3>\n\n<p>Die IIoT-Technologie ist der Eckpfeiler der industriellen Automatisierung und treibt die Industrie durch den Einsatz von KI-Technologie und Cloud-Computing-Plattformen in Richtung intelligente Automatisierung. Durch den Einsatz der IIoT-Technologie k\u00f6nnen Sie das Fabrikmanagement verbessern und zeit- und kostensparende Verfahren wie z.B.:   <\/p>\n\n<ul class=\"wp-block-list\">\n<li>Schnelle und stabile Inspektion mit Hilfe von pr\u00e4ventiven und pr\u00e4diktiven visuellen Technologien<\/li>\n\n\n\n<li>\u00dcberwachung der Arbeitsabl\u00e4ufe, was die Flexibilit\u00e4t einer Fertigungslinie erh\u00f6ht<\/li>\n\n\n\n<li>Nahtlose Konnektivit\u00e4t mit allen vorhandenen Ger\u00e4ten durch Cloud Computing und gemeinsame Plattformen<\/li>\n<\/ul>\n\n<section class=\"hubspot-form section-spacing\">\n    <script charset=\"utf-8\" type=\"text\/javascript\" src=\"\/\/js.hsforms.net\/forms\/embed\/v2.js\"><\/script>\r\n<script>\r\n  hbspt.forms.create({\r\n    portalId: \"21497995\",\r\n    formId: \"11a43242-0316-4b23-9e13-2f6bc9b8edde\",\r\n    region: \"na1\"\r\n  });\r\n<\/script><\/section>\n\n","protected":false},"excerpt":{"rendered":"<p>Die n\u00e4chste digitale Revolution ist da. In der Fertigungsindustrie wird diese Revolution als Industrielles Internet der Dinge (IIoT) oder in Europa als Industrie 4.0 bezeichnet. Die gr\u00f6\u00dfte Ver\u00e4nderung, die das IIoT mit sich bringt, ist nicht die Menge der Daten, sondern die Reaktionsf\u00e4higkeit der Daten. K\u00fcnstliche Intelligenz (KI), visuelle Inspektionssysteme, Blockchain und die Bereitstellung von [&hellip;]<\/p>\n","protected":false},"author":3,"featured_media":0,"parent":0,"menu_order":0,"comment_status":"closed","ping_status":"closed","template":"templates\/template-product-application.php","meta":{"_acf_changed":false,"footnotes":""},"class_list":["post-2243513","page","type-page","status-publish","hentry"],"acf":[],"yoast_head":"<!-- This site is optimized with the Yoast SEO Premium plugin v26.8 (Yoast SEO v27.2) - https:\/\/yoast.com\/product\/yoast-seo-premium-wordpress\/ -->\n<title>IIoT-Computer (Industrielles Internet der Dinge)<\/title>\n<meta name=\"description\" content=\"Das industrielle Internet der Dinge ist die neueste Revolution in der Fertigungsindustrie. Erfahren Sie, wie die IIoT-Technologie den industriellen Bereich ver\u00e4ndert.\" \/>\n<meta name=\"robots\" content=\"index, follow, max-snippet:-1, max-image-preview:large, max-video-preview:-1\" \/>\n<link rel=\"canonical\" href=\"https:\/\/teguar.com\/eu\/de\/iiot-computer-industrielles-internet-der-dinge\/\" \/>\n<meta property=\"og:locale\" content=\"de_DE\" \/>\n<meta property=\"og:type\" content=\"article\" \/>\n<meta property=\"og:title\" content=\"IIoT-Computer (Industrielles Internet der Dinge)\" \/>\n<meta property=\"og:description\" content=\"Das industrielle Internet der Dinge ist die neueste Revolution in der Fertigungsindustrie. Erfahren Sie, wie die IIoT-Technologie den industriellen Bereich ver\u00e4ndert.\" \/>\n<meta property=\"og:url\" content=\"https:\/\/teguar.com\/eu\/de\/iiot-computer-industrielles-internet-der-dinge\/\" \/>\n<meta property=\"og:site_name\" content=\"Teguar\" \/>\n<meta property=\"article:modified_time\" content=\"2025-11-24T17:24:36+00:00\" \/>\n<meta name=\"twitter:card\" content=\"summary_large_image\" \/>\n<meta name=\"twitter:label1\" content=\"Gesch\u00e4tzte Lesezeit\" \/>\n\t<meta name=\"twitter:data1\" content=\"2\u00a0Minuten\" \/>\n<script type=\"application\/ld+json\" class=\"yoast-schema-graph\">{\"@context\":\"https:\/\/schema.org\",\"@graph\":[{\"@type\":\"WebPage\",\"@id\":\"https:\/\/teguar.com\/eu\/de\/iiot-computer-industrielles-internet-der-dinge\/\",\"url\":\"https:\/\/teguar.com\/eu\/de\/iiot-computer-industrielles-internet-der-dinge\/\",\"name\":\"IIoT-Computer (Industrielles Internet der Dinge)\",\"isPartOf\":{\"@id\":\"https:\/\/teguar.com\/eu\/en\/#website\"},\"datePublished\":\"2025-07-02T13:40:03+00:00\",\"dateModified\":\"2025-11-24T17:24:36+00:00\",\"description\":\"Das industrielle Internet der Dinge ist die neueste Revolution in der Fertigungsindustrie. Erfahren Sie, wie die IIoT-Technologie den industriellen Bereich ver\u00e4ndert.\",\"breadcrumb\":{\"@id\":\"https:\/\/teguar.com\/eu\/de\/iiot-computer-industrielles-internet-der-dinge\/#breadcrumb\"},\"inLanguage\":\"de\",\"potentialAction\":[{\"@type\":\"ReadAction\",\"target\":[\"https:\/\/teguar.com\/eu\/de\/iiot-computer-industrielles-internet-der-dinge\/\"]}]},{\"@type\":\"BreadcrumbList\",\"@id\":\"https:\/\/teguar.com\/eu\/de\/iiot-computer-industrielles-internet-der-dinge\/#breadcrumb\",\"itemListElement\":[{\"@type\":\"ListItem\",\"position\":1,\"name\":\"Home\",\"item\":\"https:\/\/teguar.com\/eu\/de\/\"},{\"@type\":\"ListItem\",\"position\":2,\"name\":\"IIoT-Computer (Industrielles Internet der Dinge)\"}]},{\"@type\":\"WebSite\",\"@id\":\"https:\/\/teguar.com\/eu\/en\/#website\",\"url\":\"https:\/\/teguar.com\/eu\/en\/\",\"name\":\"Teguar\",\"description\":\"Industrial PCs, Medical Computers, and Rugged Tablets\",\"potentialAction\":[{\"@type\":\"SearchAction\",\"target\":{\"@type\":\"EntryPoint\",\"urlTemplate\":\"https:\/\/teguar.com\/eu\/en\/?s={search_term_string}\"},\"query-input\":{\"@type\":\"PropertyValueSpecification\",\"valueRequired\":true,\"valueName\":\"search_term_string\"}}],\"inLanguage\":\"de\"}]}<\/script>\n<!-- \/ Yoast SEO Premium plugin. -->","yoast_head_json":{"title":"IIoT-Computer (Industrielles Internet der Dinge)","description":"Das industrielle Internet der Dinge ist die neueste Revolution in der Fertigungsindustrie. Erfahren Sie, wie die IIoT-Technologie den industriellen Bereich ver\u00e4ndert.","robots":{"index":"index","follow":"follow","max-snippet":"max-snippet:-1","max-image-preview":"max-image-preview:large","max-video-preview":"max-video-preview:-1"},"canonical":"https:\/\/teguar.com\/eu\/de\/iiot-computer-industrielles-internet-der-dinge\/","og_locale":"de_DE","og_type":"article","og_title":"IIoT-Computer (Industrielles Internet der Dinge)","og_description":"Das industrielle Internet der Dinge ist die neueste Revolution in der Fertigungsindustrie. Erfahren Sie, wie die IIoT-Technologie den industriellen Bereich ver\u00e4ndert.","og_url":"https:\/\/teguar.com\/eu\/de\/iiot-computer-industrielles-internet-der-dinge\/","og_site_name":"Teguar","article_modified_time":"2025-11-24T17:24:36+00:00","twitter_card":"summary_large_image","twitter_misc":{"Gesch\u00e4tzte Lesezeit":"2\u00a0Minuten"},"schema":{"@context":"https:\/\/schema.org","@graph":[{"@type":"WebPage","@id":"https:\/\/teguar.com\/eu\/de\/iiot-computer-industrielles-internet-der-dinge\/","url":"https:\/\/teguar.com\/eu\/de\/iiot-computer-industrielles-internet-der-dinge\/","name":"IIoT-Computer (Industrielles Internet der Dinge)","isPartOf":{"@id":"https:\/\/teguar.com\/eu\/en\/#website"},"datePublished":"2025-07-02T13:40:03+00:00","dateModified":"2025-11-24T17:24:36+00:00","description":"Das industrielle Internet der Dinge ist die neueste Revolution in der Fertigungsindustrie. Erfahren Sie, wie die IIoT-Technologie den industriellen Bereich ver\u00e4ndert.","breadcrumb":{"@id":"https:\/\/teguar.com\/eu\/de\/iiot-computer-industrielles-internet-der-dinge\/#breadcrumb"},"inLanguage":"de","potentialAction":[{"@type":"ReadAction","target":["https:\/\/teguar.com\/eu\/de\/iiot-computer-industrielles-internet-der-dinge\/"]}]},{"@type":"BreadcrumbList","@id":"https:\/\/teguar.com\/eu\/de\/iiot-computer-industrielles-internet-der-dinge\/#breadcrumb","itemListElement":[{"@type":"ListItem","position":1,"name":"Home","item":"https:\/\/teguar.com\/eu\/de\/"},{"@type":"ListItem","position":2,"name":"IIoT-Computer (Industrielles Internet der Dinge)"}]},{"@type":"WebSite","@id":"https:\/\/teguar.com\/eu\/en\/#website","url":"https:\/\/teguar.com\/eu\/en\/","name":"Teguar","description":"Industrial PCs, Medical Computers, and Rugged Tablets","potentialAction":[{"@type":"SearchAction","target":{"@type":"EntryPoint","urlTemplate":"https:\/\/teguar.com\/eu\/en\/?s={search_term_string}"},"query-input":{"@type":"PropertyValueSpecification","valueRequired":true,"valueName":"search_term_string"}}],"inLanguage":"de"}]}},"_links":{"self":[{"href":"https:\/\/teguar.com\/eu\/de\/wp-json\/wp\/v2\/pages\/2243513","targetHints":{"allow":["GET"]}}],"collection":[{"href":"https:\/\/teguar.com\/eu\/de\/wp-json\/wp\/v2\/pages"}],"about":[{"href":"https:\/\/teguar.com\/eu\/de\/wp-json\/wp\/v2\/types\/page"}],"author":[{"embeddable":true,"href":"https:\/\/teguar.com\/eu\/de\/wp-json\/wp\/v2\/users\/3"}],"replies":[{"embeddable":true,"href":"https:\/\/teguar.com\/eu\/de\/wp-json\/wp\/v2\/comments?post=2243513"}],"version-history":[{"count":2,"href":"https:\/\/teguar.com\/eu\/de\/wp-json\/wp\/v2\/pages\/2243513\/revisions"}],"predecessor-version":[{"id":2247798,"href":"https:\/\/teguar.com\/eu\/de\/wp-json\/wp\/v2\/pages\/2243513\/revisions\/2247798"}],"wp:attachment":[{"href":"https:\/\/teguar.com\/eu\/de\/wp-json\/wp\/v2\/media?parent=2243513"}],"curies":[{"name":"wp","href":"https:\/\/api.w.org\/{rel}","templated":true}]}}