{"id":2243512,"date":"2025-06-27T19:47:45","date_gmt":"2025-06-27T19:47:45","guid":{"rendered":"https:\/\/teguar.com\/eu\/computer-zur-patientenueberwachung\/"},"modified":"2025-11-24T15:56:31","modified_gmt":"2025-11-24T15:56:31","slug":"computer-zur-patientenueberwachung","status":"publish","type":"page","link":"https:\/\/teguar.com\/eu\/de\/computer-zur-patientenueberwachung\/","title":{"rendered":"Computer zur Patienten\u00fcberwachung"},"content":{"rendered":"\n<p>Die Patienten\u00fcberwachung ist ein wichtiger Bestandteil des modernen Gesundheitswesens und umfasst Technologien, die eine kontinuierliche \u00dcberwachung von Vitaldaten, EKGs und anderen Patientendaten erm\u00f6glichen. Stellen Sie sich ein Krankenhaus vor, in dem die Computer und Monitore zur Patienten\u00fcberwachung nahtlos in die Patienten\u00fcberwachungssysteme integriert sind und dem medizinischen Personal sofortigen Zugriff auf umfassende Patientendaten erm\u00f6glichen. Die <a href=\"https:\/\/teguar.com\/eu\/de\/medizinische-computer\/\">besonderen Anforderungen an medizinische Computer<\/a> und Monitore ergeben sich aus dem Bedarf an Zuverl\u00e4ssigkeit, Datengenauigkeit und der Einhaltung strenger Standards im Gesundheitswesen.  <\/p>\n\n<h2 class=\"wp-block-heading\" id=\"h-key-features-of-teguar-s-patient-monitoring-computers\"><strong>Die wichtigsten Merkmale der Patienten\u00fcberwachungscomputer von Teguar:<\/strong><\/h2>\n\n<ul class=\"wp-block-list\">\n<li>Verl\u00e4sslichkeit: Sicherstellung einer konsistenten Leistung in der dynamischen Landschaft der Patienten\u00fcberwachung.  <\/li>\n\n\n\n<li>Datengenauigkeit: Pr\u00e4zision bei der Erfassung und Darstellung von Echtzeit-Patientendaten f\u00fcr eine genaue Diagnose.  <\/li>\n\n\n\n<li>Einhaltung von Standards im Gesundheitswesen: Einhaltung der Vorschriften f\u00fcr Datensicherheit und Patientenvertraulichkeit.  <\/li>\n\n\n\n<li>PACS-Schnittstelle: Nahtlose Integration mit Bildarchivierungs- und Kommunikationssystemen zur effizienten Speicherung und Abfrage von medizinischen Bildern und Berichten.  <\/li>\n\n\n\n<li>Individuelle Anpassung: Ma\u00dfgeschneiderte L\u00f6sungen f\u00fcr die spezifischen Anforderungen von Patienten\u00fcberwachungsanwendungen, die zu einer verbesserten Echtzeit\u00fcberwachung und einer besseren Patientenversorgung beitragen.  <\/li>\n<\/ul>\n    <section id=\"patient-monitoring-computers\" class=\"products-by-tag section-spacing\">\n        <div class=\"container\">\n            <div class=\"header\">\n                                    <h2 class=\"headline\">Shop Computer zur Patienten\u00fcberwachung<\/h2>\n                            <\/div>\n\n            <div class=\"grid product-card-grid-4\">\n                \n<div class=\"product-card\" class=\"product type-product post-2245302 status-publish first onbackorder product_cat-medizinische-box-pcs product_tag-computer-zur-patientenueberwachung product_tag-elektronische-krankenakten-computer product_tag-krankenhaus-monitore-computer product_tag-online-kaufen has-post-thumbnail taxable shipping-taxable purchasable product-type-composite\">\n    <div class=\"media\">\n                        <a href=\"https:\/\/teguar.com\/eu\/de\/product\/tmb-5710\/\">\n            <img decoding=\"async\" src=\"https:\/\/teguar.com\/eu\/wp-content\/uploads\/sites\/2\/2022\/03\/TMB-5710_IOs_wth_drop_shadow__67990.1648830967.1280.1280.jpg\" width=\"150\" height=\"150\" alt=\"Medical Edge AI Box PC IOs\" class=\"hero-image thumb lazy\" loading=\"lazy\" \/>        <\/a>\n    <\/div>\n    <div class=\"content\">\n        <h3>\n            <a href=\"https:\/\/teguar.com\/eu\/de\/product\/tmb-5710\/\" class=\"name\">\n                TMB-5710\n                            <\/a>\n        <\/h3>\n\n                    <div class=\"subtitle\">\n                Medical Edge AI Box PC            <\/div>\n\n        \n                    <div class=\"product-kh\">\n                <ul>\n<li>Bereit f\u00fcr KI \/ Medizinisches Edge Computing<\/li>\n<li>Intel 9th Gen. Coffee Lake-S CPU<\/li>\n<li>PCIe 16x Erweiterung mit zus\u00e4tzlichen LAN- und COM-Ports<\/li>\n<li>Leicht austauschbare HDD<\/li>\n<li>Medizinisch zertifizierte antimikrobielle Oberfl\u00e4che<\/li>\n<li>Flache Oberfl\u00e4chen machen die Reinigung einfach<\/li>\n<\/ul>\n            <\/div>\n        \n        <div class=\"c-footer\">\n            <a href=\"https:\/\/teguar.com\/eu\/de\/product\/tmb-5710\/#get-a-quick-quote\" class=\"button button-blue button-get-a-quick-quote\" >Angebot anfordern<\/a>        <\/div>\n    <\/div>\n<\/div>\n\n\n<div class=\"product-card\" class=\"product type-product post-2245635 status-publish instock product_cat-medizinische-monitore product_tag-computer-zur-patientenueberwachung product_tag-quick-ship-medizinische-computer has-post-thumbnail taxable shipping-taxable purchasable product-type-composite\">\n    <div class=\"media\">\n                        <a href=\"https:\/\/teguar.com\/eu\/de\/product\/tmd-25-15\/\">\n            <img decoding=\"async\" src=\"https:\/\/teguar.com\/eu\/wp-content\/uploads\/sites\/2\/2020\/07\/tmd-20-15-healthcare-monitor__25341.1595934885.1280.1280.jpg\" width=\"150\" height=\"150\" alt=\"15.6&quot; Medical Display | TMD-25-15\" class=\"hero-image thumb lazy\" loading=\"lazy\" \/>        <\/a>\n    <\/div>\n    <div class=\"content\">\n        <h3>\n            <a href=\"https:\/\/teguar.com\/eu\/de\/product\/tmd-25-15\/\" class=\"name\">\n                TMD-25-15\n                            <\/a>\n        <\/h3>\n\n                    <div class=\"subtitle\">\n                15,6-Zoll-Display in medizinischer Qualit\u00e4t            <\/div>\n\n        \n                    <div class=\"product-kh\">\n                <ul>\n<li>15,6&#8243; projizierter kapazitiver Touchscreen<\/li>\n<li>IEC 60601-1 Medizinisch zertifiziert<\/li>\n<li>VGA- und HDMI-Eing\u00e4nge<\/li>\n<li>Hochaufl\u00f6sendes 1920 x 1080 Display<\/li>\n<li>Schlankes und leichtes Design<\/li>\n<\/ul>\n            <\/div>\n        \n        <div class=\"c-footer\">\n            <p class=\"price\">\n    Starting at: <\/p>\n\n<a href=\"https:\/\/teguar.com\/eu\/de\/product\/tmd-25-15\/#tab-customize-buy\" class=\"single_add_to_cart_button button alt custom-checkout-btn button button-blue button-arrow button-add-to-cart\" >Konfigurieren &amp; Kaufen<\/a>        <\/div>\n    <\/div>\n<\/div>\n\n            <\/div>\n        <\/div>\n    <\/section>\n\n<p>Denken Sie an Szenarien, in denen diese Computer in Intensivstationen zur kontinuierlichen \u00dcberwachung kritischer Patienten oder in Fern\u00fcberwachungseinrichtungen f\u00fcr die h\u00e4usliche Pflege eingesetzt werden. Patienten\u00fcberwachungscomputer spielen eine entscheidende Rolle bei der Erleichterung des nahtlosen Datenflusses von Patientenmonitoren zu Bildarchivierungs- und Kommunikationssystemen (PACS), die eine effiziente Speicherung und Abfrage von medizinischen Bildern und Berichten gew\u00e4hrleisten. Die F\u00e4higkeit zur Anbindung an PACS ist eine wichtige Voraussetzung, um Arbeitsabl\u00e4ufe zu optimieren und den Zugriff auf Patientendaten f\u00fcr Gesundheitsdienstleister zu verbessern.    <\/p>\n\n<h2 class=\"wp-block-heading\">Warum sollten Sie Teguar f\u00fcr Ihren Patienten\u00fcberwachungscomputer w\u00e4hlen?<\/h2>\n\n<p>Teguar bietet ein umfangreiches Sortiment an medizinischen Computern, darunter auch spezielle Produkte f\u00fcr die Patienten\u00fcberwachung. Mit mehr als 10 Jahren Erfahrung kennt Teguar die komplexen Bed\u00fcrfnisse von medizinischem Fachpersonal und bietet Computer, die alle Erwartungen \u00fcbertreffen. Unsere Ger\u00e4te sind nicht nur technologisch fortschrittlich, sondern auch sorgf\u00e4ltig auf die spezifischen Anforderungen der Patienten\u00fcberwachung abgestimmt. Die Patienten\u00fcberwachungscomputer von Teguar geben Gesundheitsdienstleistern die Gewissheit, dass ihre Technologie die Echtzeit\u00fcberwachung verbessert, zu einer pr\u00e4zisen Diagnostik beitr\u00e4gt und letztendlich die Ergebnisse der Patienten verbessert.   <\/p>\n\n<section class=\"hubspot-form section-spacing\">\n    <script charset=\"utf-8\" type=\"text\/javascript\" src=\"\/\/js.hsforms.net\/forms\/embed\/v2.js\"><\/script>\r\n<script>\r\n  hbspt.forms.create({\r\n    portalId: \"21497995\",\r\n    formId: \"11a43242-0316-4b23-9e13-2f6bc9b8edde\",\r\n    region: \"na1\"\r\n  });\r\n<\/script><\/section>\n\n","protected":false},"excerpt":{"rendered":"<p>Die Patienten\u00fcberwachung ist ein wichtiger Bestandteil des modernen Gesundheitswesens und umfasst Technologien, die eine kontinuierliche \u00dcberwachung von Vitaldaten, EKGs und anderen Patientendaten erm\u00f6glichen. Stellen Sie sich ein Krankenhaus vor, in dem die Computer und Monitore zur Patienten\u00fcberwachung nahtlos in die Patienten\u00fcberwachungssysteme integriert sind und dem medizinischen Personal sofortigen Zugriff auf umfassende Patientendaten erm\u00f6glichen. Die besonderen [&hellip;]<\/p>\n","protected":false},"author":3,"featured_media":0,"parent":0,"menu_order":0,"comment_status":"closed","ping_status":"closed","template":"templates\/template-product-application.php","meta":{"_acf_changed":false,"footnotes":""},"class_list":["post-2243512","page","type-page","status-publish","hentry"],"acf":[],"yoast_head":"<!-- This site is optimized with the Yoast SEO Premium plugin v26.8 (Yoast SEO v27.2) - https:\/\/yoast.com\/product\/yoast-seo-premium-wordpress\/ -->\n<title>Computer zur Patienten\u00fcberwachung<\/title>\n<meta name=\"description\" content=\"Teguar bietet ein umfangreiches Sortiment an medizinischen Computern, darunter auch spezielle Produkte f\u00fcr die Patienten\u00fcberwachung.\" \/>\n<meta name=\"robots\" content=\"index, follow, max-snippet:-1, max-image-preview:large, max-video-preview:-1\" \/>\n<link rel=\"canonical\" href=\"https:\/\/teguar.com\/eu\/de\/computer-zur-patientenueberwachung\/\" \/>\n<meta property=\"og:locale\" content=\"de_DE\" \/>\n<meta property=\"og:type\" content=\"article\" \/>\n<meta property=\"og:title\" content=\"Computer zur Patienten\u00fcberwachung\" \/>\n<meta property=\"og:description\" content=\"Teguar bietet ein umfangreiches Sortiment an medizinischen Computern, darunter auch spezielle Produkte f\u00fcr die Patienten\u00fcberwachung.\" \/>\n<meta property=\"og:url\" content=\"https:\/\/teguar.com\/eu\/de\/computer-zur-patientenueberwachung\/\" \/>\n<meta property=\"og:site_name\" content=\"Teguar\" \/>\n<meta property=\"article:modified_time\" content=\"2025-11-24T15:56:31+00:00\" \/>\n<meta name=\"twitter:card\" content=\"summary_large_image\" \/>\n<meta name=\"twitter:label1\" content=\"Gesch\u00e4tzte Lesezeit\" \/>\n\t<meta name=\"twitter:data1\" content=\"2\u00a0Minuten\" \/>\n<script type=\"application\/ld+json\" class=\"yoast-schema-graph\">{\"@context\":\"https:\/\/schema.org\",\"@graph\":[{\"@type\":\"WebPage\",\"@id\":\"https:\/\/teguar.com\/eu\/de\/computer-zur-patientenueberwachung\/\",\"url\":\"https:\/\/teguar.com\/eu\/de\/computer-zur-patientenueberwachung\/\",\"name\":\"Computer zur Patienten\u00fcberwachung\",\"isPartOf\":{\"@id\":\"https:\/\/teguar.com\/eu\/en\/#website\"},\"datePublished\":\"2025-06-27T19:47:45+00:00\",\"dateModified\":\"2025-11-24T15:56:31+00:00\",\"description\":\"Teguar bietet ein umfangreiches Sortiment an medizinischen Computern, darunter auch spezielle Produkte f\u00fcr die Patienten\u00fcberwachung.\",\"breadcrumb\":{\"@id\":\"https:\/\/teguar.com\/eu\/de\/computer-zur-patientenueberwachung\/#breadcrumb\"},\"inLanguage\":\"de\",\"potentialAction\":[{\"@type\":\"ReadAction\",\"target\":[\"https:\/\/teguar.com\/eu\/de\/computer-zur-patientenueberwachung\/\"]}]},{\"@type\":\"BreadcrumbList\",\"@id\":\"https:\/\/teguar.com\/eu\/de\/computer-zur-patientenueberwachung\/#breadcrumb\",\"itemListElement\":[{\"@type\":\"ListItem\",\"position\":1,\"name\":\"Home\",\"item\":\"https:\/\/teguar.com\/eu\/de\/\"},{\"@type\":\"ListItem\",\"position\":2,\"name\":\"Computer zur Patienten\u00fcberwachung\"}]},{\"@type\":\"WebSite\",\"@id\":\"https:\/\/teguar.com\/eu\/en\/#website\",\"url\":\"https:\/\/teguar.com\/eu\/en\/\",\"name\":\"Teguar\",\"description\":\"Industrial PCs, Medical Computers, and Rugged Tablets\",\"potentialAction\":[{\"@type\":\"SearchAction\",\"target\":{\"@type\":\"EntryPoint\",\"urlTemplate\":\"https:\/\/teguar.com\/eu\/en\/?s={search_term_string}\"},\"query-input\":{\"@type\":\"PropertyValueSpecification\",\"valueRequired\":true,\"valueName\":\"search_term_string\"}}],\"inLanguage\":\"de\"}]}<\/script>\n<!-- \/ Yoast SEO Premium plugin. -->","yoast_head_json":{"title":"Computer zur Patienten\u00fcberwachung","description":"Teguar bietet ein umfangreiches Sortiment an medizinischen Computern, darunter auch spezielle Produkte f\u00fcr die Patienten\u00fcberwachung.","robots":{"index":"index","follow":"follow","max-snippet":"max-snippet:-1","max-image-preview":"max-image-preview:large","max-video-preview":"max-video-preview:-1"},"canonical":"https:\/\/teguar.com\/eu\/de\/computer-zur-patientenueberwachung\/","og_locale":"de_DE","og_type":"article","og_title":"Computer zur Patienten\u00fcberwachung","og_description":"Teguar bietet ein umfangreiches Sortiment an medizinischen Computern, darunter auch spezielle Produkte f\u00fcr die Patienten\u00fcberwachung.","og_url":"https:\/\/teguar.com\/eu\/de\/computer-zur-patientenueberwachung\/","og_site_name":"Teguar","article_modified_time":"2025-11-24T15:56:31+00:00","twitter_card":"summary_large_image","twitter_misc":{"Gesch\u00e4tzte Lesezeit":"2\u00a0Minuten"},"schema":{"@context":"https:\/\/schema.org","@graph":[{"@type":"WebPage","@id":"https:\/\/teguar.com\/eu\/de\/computer-zur-patientenueberwachung\/","url":"https:\/\/teguar.com\/eu\/de\/computer-zur-patientenueberwachung\/","name":"Computer zur Patienten\u00fcberwachung","isPartOf":{"@id":"https:\/\/teguar.com\/eu\/en\/#website"},"datePublished":"2025-06-27T19:47:45+00:00","dateModified":"2025-11-24T15:56:31+00:00","description":"Teguar bietet ein umfangreiches Sortiment an medizinischen Computern, darunter auch spezielle Produkte f\u00fcr die Patienten\u00fcberwachung.","breadcrumb":{"@id":"https:\/\/teguar.com\/eu\/de\/computer-zur-patientenueberwachung\/#breadcrumb"},"inLanguage":"de","potentialAction":[{"@type":"ReadAction","target":["https:\/\/teguar.com\/eu\/de\/computer-zur-patientenueberwachung\/"]}]},{"@type":"BreadcrumbList","@id":"https:\/\/teguar.com\/eu\/de\/computer-zur-patientenueberwachung\/#breadcrumb","itemListElement":[{"@type":"ListItem","position":1,"name":"Home","item":"https:\/\/teguar.com\/eu\/de\/"},{"@type":"ListItem","position":2,"name":"Computer zur Patienten\u00fcberwachung"}]},{"@type":"WebSite","@id":"https:\/\/teguar.com\/eu\/en\/#website","url":"https:\/\/teguar.com\/eu\/en\/","name":"Teguar","description":"Industrial PCs, Medical Computers, and Rugged Tablets","potentialAction":[{"@type":"SearchAction","target":{"@type":"EntryPoint","urlTemplate":"https:\/\/teguar.com\/eu\/en\/?s={search_term_string}"},"query-input":{"@type":"PropertyValueSpecification","valueRequired":true,"valueName":"search_term_string"}}],"inLanguage":"de"}]}},"_links":{"self":[{"href":"https:\/\/teguar.com\/eu\/de\/wp-json\/wp\/v2\/pages\/2243512","targetHints":{"allow":["GET"]}}],"collection":[{"href":"https:\/\/teguar.com\/eu\/de\/wp-json\/wp\/v2\/pages"}],"about":[{"href":"https:\/\/teguar.com\/eu\/de\/wp-json\/wp\/v2\/types\/page"}],"author":[{"embeddable":true,"href":"https:\/\/teguar.com\/eu\/de\/wp-json\/wp\/v2\/users\/3"}],"replies":[{"embeddable":true,"href":"https:\/\/teguar.com\/eu\/de\/wp-json\/wp\/v2\/comments?post=2243512"}],"version-history":[{"count":2,"href":"https:\/\/teguar.com\/eu\/de\/wp-json\/wp\/v2\/pages\/2243512\/revisions"}],"predecessor-version":[{"id":2247785,"href":"https:\/\/teguar.com\/eu\/de\/wp-json\/wp\/v2\/pages\/2243512\/revisions\/2247785"}],"wp:attachment":[{"href":"https:\/\/teguar.com\/eu\/de\/wp-json\/wp\/v2\/media?parent=2243512"}],"curies":[{"name":"wp","href":"https:\/\/api.w.org\/{rel}","templated":true}]}}