{"id":2243509,"date":"2025-06-27T19:16:41","date_gmt":"2025-06-27T19:16:41","guid":{"rendered":"https:\/\/teguar.com\/eu\/tabletten-fuer-das-gesundheitswesen\/"},"modified":"2025-11-03T15:55:39","modified_gmt":"2025-11-03T15:55:39","slug":"tabletten-fuer-das-gesundheitswesen","status":"publish","type":"page","link":"https:\/\/teguar.com\/eu\/de\/tabletten-fuer-das-gesundheitswesen\/","title":{"rendered":"Tablet-PCs f\u00fcr das Gesundheitswesen"},"content":{"rendered":"\n<p>Die patientenzentrierte Versorgung erm\u00f6glicht es Menschen mittlerweile, medizinische Betreuung und \u00dcberwachung zu erhalten, ohne ihr Zuhause zu verlassen. Medizinische Tablet-PCs von Teguar f\u00fcgen sich nahtlos in die Routine von Gesundheitsdienstleistern ein und erm\u00f6glichen Fernkonsultationen, Medikamentenmanagement und Gesundheits\u00fcberwachung in Echtzeit. Die besonderen Anforderungen an Tablet-PCs f\u00fcr die Telemedizin ergeben sich aus dem Bedarf an Mobilit\u00e4t, benutzerfreundlichen Schnittstellen und robuster Konnektivit\u00e4t, um eine effektive Kommunikation zwischen medizinischem Fachpersonal und Patienten in unterschiedlichen h\u00e4uslichen Umgebungen zu gew\u00e4hrleisten.<\/p>\n\n\n\n<h2 class=\"wp-block-heading\" id=\"h-die-wichtigsten-merkmale-von-teguar-s-healthcare-tablet-pcs\"><strong>Die wichtigsten Merkmale von Teguar&#8217;s Healthcare Tablet-PCs:<\/strong><\/h2>\n\n\n\n<ul class=\"wp-block-list\">\n<li>Tragbarkeit: Leicht und einfach zu tragen f\u00fcr Gesundheitsdienstleister, die unterwegs sind.  <\/li>\n\n\n\n<li>Benutzerfreundliche Interfaces: Intuitive Designs f\u00fcr nahtlose Interaktion in verschiedenen h\u00e4uslichen Umgebungen.  <\/li>\n\n\n\n<li>Robuste Konnektivit\u00e4t: Zuverl\u00e4ssige Kommunikationsm\u00f6glichkeiten f\u00fcr effektive virtuelle Konsultationen.  <\/li>\n\n\n\n<li>Widerstandsf\u00e4higkeit gegen Umwelteinfl\u00fcsse: Entwickelt, um unterschiedlichen Lichtverh\u00e4ltnissen und potenziellen Umweltfaktoren standzuhalten.  <\/li>\n\n\n\n<li>Individuelle Anpassung: Ma\u00dfgeschneiderte L\u00f6sungen f\u00fcr die spezifischen Anforderungen von Anwendungen im Bereich der h\u00e4uslichen Krankenpflege, die zu einer verbesserten Fernbetreuung von Patienten beitragen.  <\/li>\n<\/ul>\n\n\n    <section id=\"healthcare-tablets\" class=\"products-by-tag section-spacing\">\n        <div class=\"container\">\n            <div class=\"header\">\n                                    <h2 class=\"headline\">Shop Medizinische Tablet-PCs im Gesundheitswesen<\/h2>\n                            <\/div>\n\n            <div class=\"grid product-card-grid-4\">\n                \n<div class=\"product-card\" class=\"product type-product post-2247408 status-publish first instock product_cat-medizinische-tablets product_tag-online-kaufen product_tag-schnell-lieferbare-medizinische-tabletten product_tag-tabletten-fur-das-gesundheitswesen has-post-thumbnail taxable shipping-taxable purchasable product-type-composite\">\n    <div class=\"media\">\n                        <a href=\"https:\/\/teguar.com\/eu\/de\/product\/tmt-5957-13\/\">\n            <img decoding=\"async\" src=\"https:\/\/teguar.com\/eu\/wp-content\/uploads\/sites\/2\/2022\/02\/front_view_reflection__11637.1645653047.1280.1280.jpg\" width=\"150\" height=\"150\" alt=\"Teguar Medical Tablet front view\" class=\"hero-image thumb lazy\" loading=\"lazy\" \/>        <\/a>\n    <\/div>\n    <div class=\"content\">\n        <h3>\n            <a href=\"https:\/\/teguar.com\/eu\/de\/product\/tmt-5957-13\/\" class=\"name\">\n                TMT-5957-13\n                            <\/a>\n        <\/h3>\n\n                    <div class=\"subtitle\">\n                13&quot; Medizinisches Tablet            <\/div>\n\n        \n                    <div class=\"product-kh\">\n                <ul>\n<li>Intel Tiger Lake-Prozessor der 11. Generation<\/li>\n<li>13,3-Zoll-Breitbild-Display<\/li>\n<li>Leichtgewichtige Konstruktion &#8211; wiegt <4 lbs<\/li>\n<li>Optionale Dockingstation zum Aufladen und f\u00fcr den Desktopgebrauch<\/li>\n<li>Optionale VESA-Halterung<\/li>\n<li><a href=\"https:\/\/teguar.com\/eu\/en\/oem-odm-computer-design-services\/\">Ben\u00f6tigen Sie eine individuelle Anpassung? Klicken Sie hier f\u00fcr OEM-Services. <\/a><\/li>\n<\/ul>\n            <\/div>\n        \n        <div class=\"c-footer\">\n            <a href=\"https:\/\/teguar.com\/eu\/de\/product\/tmt-5957-13\/#get-a-quick-quote\" class=\"button button-blue button-get-a-quick-quote\" >Angebot anfordern<\/a>        <\/div>\n    <\/div>\n<\/div>\n\n\n<div class=\"product-card\" class=\"product type-product post-2247583 status-publish onbackorder product_cat-medizinische-tablets product_tag-tabletten-fur-das-gesundheitswesen has-post-thumbnail taxable shipping-taxable product-type-simple\">\n    <div class=\"media\">\n                        <a href=\"https:\/\/teguar.com\/eu\/de\/product\/tmt-7465-13\/\">\n            <img decoding=\"async\" src=\"https:\/\/teguar.com\/eu\/wp-content\/uploads\/sites\/2\/2025\/02\/Prism_Healthcare_Tablet_TMT-7165-13_Front_and_Back_View_with_Handle_and_Handstrap__11609.1738620007.1280.1280.jpg\" width=\"150\" height=\"100\" alt=\"Prism TMT-7465-13\" class=\"hero-image thumb lazy\" loading=\"lazy\" \/>        <\/a>\n    <\/div>\n    <div class=\"content\">\n        <h3>\n            <a href=\"https:\/\/teguar.com\/eu\/de\/product\/tmt-7465-13\/\" class=\"name\">\n                Prism TMT-7465-13\n                            <\/a>\n        <\/h3>\n\n                    <div class=\"subtitle\">\n                13&quot; Core Ultra Tablet f\u00fcr das Gesundheitswesen            <\/div>\n\n        \n                    <div class=\"product-kh\">\n                <ul>\n<li><a href=\"https:\/\/www.intel.com\/content\/www\/us\/en\/products\/sku\/232153\/intel-core-i51335u-processor-12m-cache-up-to-4-60-ghz\/specifications.html\">Intel\u00ae<\/a> Core\u2122 Ultra 5\/7-Prozessor mit bis zu 5,20 GHz<\/li>\n<li>Volle Portabilit\u00e4t mit einem im laufenden Betrieb austauschbaren Akku<\/li>\n<li>Sto\u00dffest und sturzsicher, vollst\u00e4ndig wasserdicht<\/li>\n<li>Kompatibel mit Windows 11<\/li>\n<li>Einfacher Zugang zu Akku und SSD f\u00fcr bequemen Austausch und Upgrade<\/li>\n<li>Der Tragegriff sorgt f\u00fcr bessere Tragbarkeit bei geringem Gewicht<\/li>\n<\/ul>\n            <\/div>\n        \n        <div class=\"c-footer\">\n            <a href=\"https:\/\/teguar.com\/eu\/de\/product\/tmt-7465-13\/#get-a-quick-quote\" class=\"button button-blue button-get-a-quick-quote\" >Angebot anfordern<\/a>        <\/div>\n    <\/div>\n<\/div>\n\n\n<div class=\"product-card\" class=\"product type-product post-2247427 status-publish last onbackorder product_cat-medizinische-tablets product_tag-tabletten-fur-das-gesundheitswesen has-post-thumbnail taxable shipping-taxable purchasable product-type-simple\">\n    <div class=\"media\">\n                        <a href=\"https:\/\/teguar.com\/eu\/de\/product\/tmt-7165-13\/\">\n            <img decoding=\"async\" src=\"https:\/\/teguar.com\/eu\/wp-content\/uploads\/sites\/2\/2025\/02\/Prism_Healthcare_Tablet_TMT-7165-13_Front_and_Back_View_with_Handle_and_Handstrap__11609.1738620007.1280.1280.jpg\" width=\"150\" height=\"100\" alt=\"Prism TMT-7165-13\" class=\"hero-image thumb lazy\" loading=\"lazy\" \/>        <\/a>\n    <\/div>\n    <div class=\"content\">\n        <h3>\n            <a href=\"https:\/\/teguar.com\/eu\/de\/product\/tmt-7165-13\/\" class=\"name\">\n                Prism TMT-7165-13\n                            <\/a>\n        <\/h3>\n\n                    <div class=\"subtitle\">\n                13&quot; Tablet f\u00fcr das Gesundheitswesen            <\/div>\n\n        \n                    <div class=\"product-kh\">\n                <ul>\n<li><a href=\"https:\/\/www.intel.com\/content\/www\/us\/en\/products\/sku\/232153\/intel-core-i51335u-processor-12m-cache-up-to-4-60-ghz\/specifications.html\">Intel\u00ae<\/a> Raptor Lake i5-Prozessor mit einem Passmark-Wert von 14.600<\/li>\n<li>Kompatibel mit Windows 11<\/li>\n<li>Volle Portabilit\u00e4t mit einem im laufenden Betrieb austauschbaren Akku<\/li>\n<li>Sto\u00dffest und bruchsicher, vollst\u00e4ndig wasserdicht<\/li>\n<li>Einfacher Zugang zu Akku und SSD f\u00fcr bequemen Austausch und Upgrade<\/li>\n<li>Der Tragegriff sorgt f\u00fcr bessere Tragbarkeit bei geringem Gewicht<\/li>\n<\/ul>\n            <\/div>\n        \n        <div class=\"c-footer\">\n            <a href=\"https:\/\/teguar.com\/eu\/de\/product\/tmt-7165-13\/#get-a-quick-quote\" class=\"button button-blue button-get-a-quick-quote\" >Angebot anfordern<\/a>        <\/div>\n    <\/div>\n<\/div>\n\n            <\/div>\n        <\/div>\n    <\/section>\n\n\n\n<p>Diese Tablet-PCs spielen eine zentrale Rolle bei der Fern\u00fcberwachung von Patienten. Sie erm\u00f6glichen es Gesundheitsdienstleistern, Vitalwerte zu verfolgen, virtuelle Konsultationen durchzuf\u00fchren und die Einhaltung von Medikamenten zu gew\u00e4hrleisten. Home Healthcare Tablet-PCs sind f\u00fcr die speziellen Anforderungen der h\u00e4uslichen Pflege konzipiert und bieten eine zuverl\u00e4ssige Plattform f\u00fcr medizinisches Fachpersonal, um personalisierte und zeitnahe Dienstleistungen zu erbringen. Die F\u00e4higkeit, den Herausforderungen der verschiedenen h\u00e4uslichen Umgebungen standzuhalten, von unterschiedlichen Lichtverh\u00e4ltnissen bis hin zu potenziellen Umweltfaktoren, ist von gr\u00f6\u00dfter Bedeutung.<\/p>\n\n\n\n<h2 class=\"wp-block-heading\" id=\"h-warum-teguar-fur-ihr-tablet-pc-fur-die-hausliche-pflege-wahlen\">Warum Teguar f\u00fcr Ihr Tablet-PC f\u00fcr die h\u00e4usliche Pflege w\u00e4hlen?<\/h2>\n\n\n\n<p>Inmitten der Unsicherheiten des Jahres 2020, die sich auf die ganze Welt ausgewirkt haben, gewinnt die h\u00e4usliche Gesundheitspflege deutlich an Zugkraft. Teguar kennt die differenzierten Anforderungen der h\u00e4uslichen Pflege und bietet Tablets, die die Erwartungen \u00fcbertreffen. Die Home Healthcare Tablet-PCs von Teguar geben Gesundheitsdienstleistern die Gewissheit, dass ihre Technologie die Fernbetreuung von Patienten verbessern, Arbeitsabl\u00e4ufe rationalisieren und zu besseren Gesundheitsergebnissen in der h\u00e4uslichen Umgebung beitragen kann.<\/p>\n\n\n\n<section class=\"hubspot-form section-spacing\">\n    <script charset=\"utf-8\" type=\"text\/javascript\" src=\"\/\/js.hsforms.net\/forms\/embed\/v2.js\"><\/script>\r\n<script>\r\n  hbspt.forms.create({\r\n    portalId: \"21497995\",\r\n    formId: \"11a43242-0316-4b23-9e13-2f6bc9b8edde\",\r\n    region: \"na1\"\r\n  });\r\n<\/script><\/section>\n\n","protected":false},"excerpt":{"rendered":"<p>Die patientenzentrierte Versorgung erm\u00f6glicht es Menschen mittlerweile, medizinische Betreuung und \u00dcberwachung zu erhalten, ohne ihr Zuhause zu verlassen. Medizinische Tablet-PCs von Teguar f\u00fcgen sich nahtlos in die Routine von Gesundheitsdienstleistern ein und erm\u00f6glichen Fernkonsultationen, Medikamentenmanagement und Gesundheits\u00fcberwachung in Echtzeit. Die besonderen Anforderungen an Tablet-PCs f\u00fcr die Telemedizin ergeben sich aus dem Bedarf an Mobilit\u00e4t, benutzerfreundlichen [&hellip;]<\/p>\n","protected":false},"author":3,"featured_media":0,"parent":0,"menu_order":0,"comment_status":"closed","ping_status":"closed","template":"templates\/template-product-application.php","meta":{"_acf_changed":false,"footnotes":""},"class_list":["post-2243509","page","type-page","status-publish","hentry"],"acf":[],"yoast_head":"<!-- This site is optimized with the Yoast SEO Premium plugin v26.8 (Yoast SEO v27.2) - https:\/\/yoast.com\/product\/yoast-seo-premium-wordpress\/ -->\n<title>Tablet-PCs f\u00fcr das Gesundheitswesen | Medizinische Tablet-PCs im Gesundheitswesen<\/title>\n<meta name=\"description\" content=\"Tablet-PCs f\u00fcr das Gesundheitswesen geben Gesundheitsdienstleistern die Gewissheit, dass ihre Technologie die Fernbetreuung von Patienten verbessern kann.\" \/>\n<meta name=\"robots\" content=\"index, follow, max-snippet:-1, max-image-preview:large, max-video-preview:-1\" \/>\n<link rel=\"canonical\" href=\"https:\/\/teguar.com\/eu\/de\/tabletten-fuer-das-gesundheitswesen\/\" \/>\n<meta property=\"og:locale\" content=\"de_DE\" \/>\n<meta property=\"og:type\" content=\"article\" \/>\n<meta property=\"og:title\" content=\"Tablet-PCs f\u00fcr das Gesundheitswesen\" \/>\n<meta property=\"og:description\" content=\"Tablet-PCs f\u00fcr das Gesundheitswesen geben Gesundheitsdienstleistern die Gewissheit, dass ihre Technologie die Fernbetreuung von Patienten verbessern kann.\" \/>\n<meta property=\"og:url\" content=\"https:\/\/teguar.com\/eu\/de\/tabletten-fuer-das-gesundheitswesen\/\" \/>\n<meta property=\"og:site_name\" content=\"Teguar\" \/>\n<meta property=\"article:modified_time\" content=\"2025-11-03T15:55:39+00:00\" \/>\n<meta name=\"twitter:card\" content=\"summary_large_image\" \/>\n<meta name=\"twitter:label1\" content=\"Gesch\u00e4tzte Lesezeit\" \/>\n\t<meta name=\"twitter:data1\" content=\"2\u00a0Minuten\" \/>\n<script type=\"application\/ld+json\" class=\"yoast-schema-graph\">{\"@context\":\"https:\/\/schema.org\",\"@graph\":[{\"@type\":\"WebPage\",\"@id\":\"https:\/\/teguar.com\/eu\/de\/tabletten-fuer-das-gesundheitswesen\/\",\"url\":\"https:\/\/teguar.com\/eu\/de\/tabletten-fuer-das-gesundheitswesen\/\",\"name\":\"Tablet-PCs f\u00fcr das Gesundheitswesen | Medizinische Tablet-PCs im Gesundheitswesen\",\"isPartOf\":{\"@id\":\"https:\/\/teguar.com\/eu\/en\/#website\"},\"datePublished\":\"2025-06-27T19:16:41+00:00\",\"dateModified\":\"2025-11-03T15:55:39+00:00\",\"description\":\"Tablet-PCs f\u00fcr das Gesundheitswesen geben Gesundheitsdienstleistern die Gewissheit, dass ihre Technologie die Fernbetreuung von Patienten verbessern kann.\",\"breadcrumb\":{\"@id\":\"https:\/\/teguar.com\/eu\/de\/tabletten-fuer-das-gesundheitswesen\/#breadcrumb\"},\"inLanguage\":\"de\",\"potentialAction\":[{\"@type\":\"ReadAction\",\"target\":[\"https:\/\/teguar.com\/eu\/de\/tabletten-fuer-das-gesundheitswesen\/\"]}]},{\"@type\":\"BreadcrumbList\",\"@id\":\"https:\/\/teguar.com\/eu\/de\/tabletten-fuer-das-gesundheitswesen\/#breadcrumb\",\"itemListElement\":[{\"@type\":\"ListItem\",\"position\":1,\"name\":\"Home\",\"item\":\"https:\/\/teguar.com\/eu\/de\/\"},{\"@type\":\"ListItem\",\"position\":2,\"name\":\"Tablet-PCs f\u00fcr das Gesundheitswesen\"}]},{\"@type\":\"WebSite\",\"@id\":\"https:\/\/teguar.com\/eu\/en\/#website\",\"url\":\"https:\/\/teguar.com\/eu\/en\/\",\"name\":\"Teguar\",\"description\":\"Industrial PCs, Medical Computers, and Rugged Tablets\",\"potentialAction\":[{\"@type\":\"SearchAction\",\"target\":{\"@type\":\"EntryPoint\",\"urlTemplate\":\"https:\/\/teguar.com\/eu\/en\/?s={search_term_string}\"},\"query-input\":{\"@type\":\"PropertyValueSpecification\",\"valueRequired\":true,\"valueName\":\"search_term_string\"}}],\"inLanguage\":\"de\"}]}<\/script>\n<!-- \/ Yoast SEO Premium plugin. -->","yoast_head_json":{"title":"Tablet-PCs f\u00fcr das Gesundheitswesen | Medizinische Tablet-PCs im Gesundheitswesen","description":"Tablet-PCs f\u00fcr das Gesundheitswesen geben Gesundheitsdienstleistern die Gewissheit, dass ihre Technologie die Fernbetreuung von Patienten verbessern kann.","robots":{"index":"index","follow":"follow","max-snippet":"max-snippet:-1","max-image-preview":"max-image-preview:large","max-video-preview":"max-video-preview:-1"},"canonical":"https:\/\/teguar.com\/eu\/de\/tabletten-fuer-das-gesundheitswesen\/","og_locale":"de_DE","og_type":"article","og_title":"Tablet-PCs f\u00fcr das Gesundheitswesen","og_description":"Tablet-PCs f\u00fcr das Gesundheitswesen geben Gesundheitsdienstleistern die Gewissheit, dass ihre Technologie die Fernbetreuung von Patienten verbessern kann.","og_url":"https:\/\/teguar.com\/eu\/de\/tabletten-fuer-das-gesundheitswesen\/","og_site_name":"Teguar","article_modified_time":"2025-11-03T15:55:39+00:00","twitter_card":"summary_large_image","twitter_misc":{"Gesch\u00e4tzte Lesezeit":"2\u00a0Minuten"},"schema":{"@context":"https:\/\/schema.org","@graph":[{"@type":"WebPage","@id":"https:\/\/teguar.com\/eu\/de\/tabletten-fuer-das-gesundheitswesen\/","url":"https:\/\/teguar.com\/eu\/de\/tabletten-fuer-das-gesundheitswesen\/","name":"Tablet-PCs f\u00fcr das Gesundheitswesen | Medizinische Tablet-PCs im Gesundheitswesen","isPartOf":{"@id":"https:\/\/teguar.com\/eu\/en\/#website"},"datePublished":"2025-06-27T19:16:41+00:00","dateModified":"2025-11-03T15:55:39+00:00","description":"Tablet-PCs f\u00fcr das Gesundheitswesen geben Gesundheitsdienstleistern die Gewissheit, dass ihre Technologie die Fernbetreuung von Patienten verbessern kann.","breadcrumb":{"@id":"https:\/\/teguar.com\/eu\/de\/tabletten-fuer-das-gesundheitswesen\/#breadcrumb"},"inLanguage":"de","potentialAction":[{"@type":"ReadAction","target":["https:\/\/teguar.com\/eu\/de\/tabletten-fuer-das-gesundheitswesen\/"]}]},{"@type":"BreadcrumbList","@id":"https:\/\/teguar.com\/eu\/de\/tabletten-fuer-das-gesundheitswesen\/#breadcrumb","itemListElement":[{"@type":"ListItem","position":1,"name":"Home","item":"https:\/\/teguar.com\/eu\/de\/"},{"@type":"ListItem","position":2,"name":"Tablet-PCs f\u00fcr das Gesundheitswesen"}]},{"@type":"WebSite","@id":"https:\/\/teguar.com\/eu\/en\/#website","url":"https:\/\/teguar.com\/eu\/en\/","name":"Teguar","description":"Industrial PCs, Medical Computers, and Rugged Tablets","potentialAction":[{"@type":"SearchAction","target":{"@type":"EntryPoint","urlTemplate":"https:\/\/teguar.com\/eu\/en\/?s={search_term_string}"},"query-input":{"@type":"PropertyValueSpecification","valueRequired":true,"valueName":"search_term_string"}}],"inLanguage":"de"}]}},"_links":{"self":[{"href":"https:\/\/teguar.com\/eu\/de\/wp-json\/wp\/v2\/pages\/2243509","targetHints":{"allow":["GET"]}}],"collection":[{"href":"https:\/\/teguar.com\/eu\/de\/wp-json\/wp\/v2\/pages"}],"about":[{"href":"https:\/\/teguar.com\/eu\/de\/wp-json\/wp\/v2\/types\/page"}],"author":[{"embeddable":true,"href":"https:\/\/teguar.com\/eu\/de\/wp-json\/wp\/v2\/users\/3"}],"replies":[{"embeddable":true,"href":"https:\/\/teguar.com\/eu\/de\/wp-json\/wp\/v2\/comments?post=2243509"}],"version-history":[{"count":4,"href":"https:\/\/teguar.com\/eu\/de\/wp-json\/wp\/v2\/pages\/2243509\/revisions"}],"predecessor-version":[{"id":2247590,"href":"https:\/\/teguar.com\/eu\/de\/wp-json\/wp\/v2\/pages\/2243509\/revisions\/2247590"}],"wp:attachment":[{"href":"https:\/\/teguar.com\/eu\/de\/wp-json\/wp\/v2\/media?parent=2243509"}],"curies":[{"name":"wp","href":"https:\/\/api.w.org\/{rel}","templated":true}]}}