{"id":2243508,"date":"2025-07-02T13:30:59","date_gmt":"2025-07-02T13:30:59","guid":{"rendered":"https:\/\/teguar.com\/eu\/steuerungssysteme-computer\/"},"modified":"2025-11-24T18:15:41","modified_gmt":"2025-11-24T18:15:41","slug":"steuerungssysteme-computer","status":"publish","type":"page","link":"https:\/\/teguar.com\/eu\/de\/steuerungssysteme-computer\/","title":{"rendered":"Steuerungssysteme Computer"},"content":{"rendered":"\n<p id=\"control\">Die Branche der Kontrollsysteme steht an der Spitze der technologischen Innovation und revolutioniert die Art und Weise, wie Prozesse in verschiedenen Sektoren verwaltet und geregelt werden. Im Kern verwenden Kontrollsysteme eine Kombination aus Robotern, Maschinen und hochentwickelten Kontrollsystemen, um Aufgaben auszuf\u00fchren, die traditionell von Menschen erledigt wurden. Diese Systeme spielen eine entscheidende Rolle bei der Gew\u00e4hrleistung von Pr\u00e4zision, Effizienz und Sicherheit in verschiedenen industriellen Anwendungen.    <\/p>\n\n<p>F\u00fcr das reibungslose Funktionieren von Kontrollsystemen sind Industriecomputer unerl\u00e4sslich. <a href=\"https:\/\/teguar.com\/eu\/de\/industrie-computer\/\">Diese Industriecomputer<\/a> dienen als Nervenzentrum, das die Kommunikation zwischen verschiedenen Komponenten, Sensoren und Ger\u00e4ten innerhalb der Kontrollsystemarchitektur erm\u00f6glicht. Dank ihrer robusten Bauweise k\u00f6nnen sie den anspruchsvollen Bedingungen in industriellen Umgebungen standhalten und gew\u00e4hrleisten eine ununterbrochene Leistung. <\/p>\n\n<h2 class=\"wp-block-heading\" id=\"h-key-features-of-teguar-s-control-systems-computers\"><strong>Die wichtigsten Merkmale von Teguar&#8217;s Control Systems Computers:<\/strong><\/h2>\n\n<ul class=\"wp-block-list\">\n<li>Robustes Design: Gebaut, um anspruchsvollen Industrieumgebungen zu widerstehen, um einen kontinuierlichen und zuverl\u00e4ssigen Betrieb zu gew\u00e4hrleisten.  <\/li>\n\n\n\n<li>Erweiterte Verarbeitung: Ausgestattet mit Hochleistungsprozessoren zur Verarbeitung komplexer Steuerungsalgorithmen und Echtzeit-Datenverarbeitung.  <\/li>\n\n\n\n<li>Flexible Konnektivit\u00e4t: Mehrere E\/A-Anschl\u00fcsse f\u00fcr die nahtlose Integration mit einer Vielzahl von Sensoren und Ger\u00e4ten.  <\/li>\n\n\n\n<li>Anpassung: Ma\u00dfgeschneiderte L\u00f6sungen f\u00fcr die besonderen Anforderungen von Kontrollsystemen, die die Effizienz des Gesamtsystems verbessern.  <\/li>\n\n\n\n<li>Langfristige Verl\u00e4sslichkeit: Das Engagement von Teguar f\u00fcr lange Produktlebenszyklen gew\u00e4hrleistet einen nachhaltigen Support f\u00fcr Ihre Kontrollsysteme.  <\/li>\n<\/ul>\n    <section id=\"control-systems-computers\" class=\"products-by-tag section-spacing\">\n        <div class=\"container\">\n            <div class=\"header\">\n                                    <h2 class=\"headline\">Shop Kontrollsysteme Computer<\/h2>\n                            <\/div>\n\n            <div class=\"grid product-card-grid-4\">\n                \n<div class=\"product-card\" class=\"product type-product post-2243325 status-publish first instock product_cat-embedded-pcs product_cat-lufterlose-pcs product_cat-rugged-computer product_cat-rugged-mini-pcs product_tag-computer-fur-die-lagerverwaltung product_tag-online-kaufen product_tag-steuerungssysteme-computer has-post-thumbnail taxable shipping-taxable purchasable product-type-composite\">\n    <div class=\"media\">\n                        <a href=\"https:\/\/teguar.com\/eu\/de\/product\/tb-4845\/\">\n            <img decoding=\"async\" src=\"https:\/\/teguar.com\/eu\/wp-content\/uploads\/sites\/2\/2023\/12\/Industrial_Mini_PC_TB-4845_Front__09803.1701805141.1280.1280.jpg\" width=\"150\" height=\"113\" alt=\"Industrial Mini PC TB-4845 Front\" class=\"hero-image thumb lazy\" loading=\"lazy\" \/>        <\/a>\n    <\/div>\n    <div class=\"content\">\n        <h3>\n            <a href=\"https:\/\/teguar.com\/eu\/de\/product\/tb-4845\/\" class=\"name\">\n                TB-4845\n                            <\/a>\n        <\/h3>\n\n                    <div class=\"subtitle\">\n                Industrie-Mini-PC            <\/div>\n\n        \n                    <div class=\"product-kh\">\n                <ul>\n<li>Intel Celeron J6412 Prozessor<\/li>\n<li>Kompatibel mit Windows 11<\/li>\n<li>Montageoptionen f\u00fcr Wand oder DIN-Schiene<\/li>\n<li>Breite Temperaturunterst\u00fctzung<\/li>\n<li>Mehrere Eing\u00e4nge und Ausg\u00e4nge, einschlie\u00dflich Dual LAN und 2x USB 3.2<\/li>\n<\/ul>\n            <\/div>\n        \n        <div class=\"c-footer\">\n            <a href=\"https:\/\/teguar.com\/eu\/de\/product\/tb-4845\/#get-a-quick-quote\" class=\"button button-blue button-get-a-quick-quote\" >Angebot anfordern<\/a>        <\/div>\n    <\/div>\n<\/div>\n\n            <\/div>\n        <\/div>\n    <\/section>\n\n<p>Im Bereich der Kontrollsysteme ist die Wahl von Industriecomputern eine wichtige Entscheidung. Fachleute f\u00fcr Steuerungssysteme suchen nach zuverl\u00e4ssigen und fortschrittlichen L\u00f6sungen, die den komplexen Anforderungen ihrer Arbeit gerecht werden. Industriecomputer von renommierten Anbietern wie Teguar werden aufgrund ihrer F\u00e4higkeit ausgew\u00e4hlt, rauen Bedingungen standzuhalten, eine hohe Verarbeitungsleistung f\u00fcr komplexe Algorithmen zu liefern und flexible Konnektivit\u00e4tsoptionen f\u00fcr die nahtlose Integration mit verschiedenen Sensoren und Ger\u00e4ten zu bieten.    <\/p>\n\n<h2 class=\"wp-block-heading\">Warum sollten Sie Teguar f\u00fcr Ihre Kontrollsysteme w\u00e4hlen?  <\/h2>\n\n<p>Das Engagement von Teguar f\u00fcr herausragende Leistungen spiegelt sich in unserem reaktionsschnellen Kundensupport und unserer F\u00e4higkeit wider, ma\u00dfgeschneiderte L\u00f6sungen zu liefern, die sich mit den dynamischen Anforderungen von Steuersystemen weiterentwickeln. Wir wissen, wie wichtig Kontrollsysteme f\u00fcr die Aufrechterhaltung der betrieblichen Effizienz sind, und unsere Industriecomputer sind so konzipiert, dass sie die Erwartungen der Industrie erf\u00fcllen und \u00fcbertreffen.   <\/p>\n\n<section class=\"hubspot-form section-spacing\">\n    <script charset=\"utf-8\" type=\"text\/javascript\" src=\"\/\/js.hsforms.net\/forms\/embed\/v2.js\"><\/script>\r\n<script>\r\n  hbspt.forms.create({\r\n    portalId: \"21497995\",\r\n    formId: \"11a43242-0316-4b23-9e13-2f6bc9b8edde\",\r\n    region: \"na1\"\r\n  });\r\n<\/script><\/section>\n\n","protected":false},"excerpt":{"rendered":"<p>Die Branche der Kontrollsysteme steht an der Spitze der technologischen Innovation und revolutioniert die Art und Weise, wie Prozesse in verschiedenen Sektoren verwaltet und geregelt werden. Im Kern verwenden Kontrollsysteme eine Kombination aus Robotern, Maschinen und hochentwickelten Kontrollsystemen, um Aufgaben auszuf\u00fchren, die traditionell von Menschen erledigt wurden. Diese Systeme spielen eine entscheidende Rolle bei der [&hellip;]<\/p>\n","protected":false},"author":3,"featured_media":0,"parent":0,"menu_order":0,"comment_status":"closed","ping_status":"closed","template":"templates\/template-product-application.php","meta":{"_acf_changed":false,"footnotes":""},"class_list":["post-2243508","page","type-page","status-publish","hentry"],"acf":[],"yoast_head":"<!-- This site is optimized with the Yoast SEO Premium plugin v26.8 (Yoast SEO v27.2) - https:\/\/yoast.com\/product\/yoast-seo-premium-wordpress\/ -->\n<title>Steuerungssysteme Industriecomputer<\/title>\n<meta name=\"description\" content=\"Die Computer von Teguar Control Systems sind f\u00fcr die kritische Natur von Kontrollsystemen bei der Aufrechterhaltung der betrieblichen Effizienz konzipiert.\" \/>\n<meta name=\"robots\" content=\"index, follow, max-snippet:-1, max-image-preview:large, max-video-preview:-1\" \/>\n<link rel=\"canonical\" href=\"https:\/\/teguar.com\/eu\/de\/steuerungssysteme-computer\/\" \/>\n<meta property=\"og:locale\" content=\"de_DE\" \/>\n<meta property=\"og:type\" content=\"article\" \/>\n<meta property=\"og:title\" content=\"Steuerungssysteme Computer\" \/>\n<meta property=\"og:description\" content=\"Die Computer von Teguar Control Systems sind f\u00fcr die kritische Natur von Kontrollsystemen bei der Aufrechterhaltung der betrieblichen Effizienz konzipiert.\" \/>\n<meta property=\"og:url\" content=\"https:\/\/teguar.com\/eu\/de\/steuerungssysteme-computer\/\" \/>\n<meta property=\"og:site_name\" content=\"Teguar\" \/>\n<meta property=\"article:modified_time\" content=\"2025-11-24T18:15:41+00:00\" \/>\n<meta name=\"twitter:card\" content=\"summary_large_image\" \/>\n<meta name=\"twitter:label1\" content=\"Gesch\u00e4tzte Lesezeit\" \/>\n\t<meta name=\"twitter:data1\" content=\"2\u00a0Minuten\" \/>\n<script type=\"application\/ld+json\" class=\"yoast-schema-graph\">{\"@context\":\"https:\/\/schema.org\",\"@graph\":[{\"@type\":\"WebPage\",\"@id\":\"https:\/\/teguar.com\/eu\/de\/steuerungssysteme-computer\/\",\"url\":\"https:\/\/teguar.com\/eu\/de\/steuerungssysteme-computer\/\",\"name\":\"Steuerungssysteme Industriecomputer\",\"isPartOf\":{\"@id\":\"https:\/\/teguar.com\/eu\/en\/#website\"},\"datePublished\":\"2025-07-02T13:30:59+00:00\",\"dateModified\":\"2025-11-24T18:15:41+00:00\",\"description\":\"Die Computer von Teguar Control Systems sind f\u00fcr die kritische Natur von Kontrollsystemen bei der Aufrechterhaltung der betrieblichen Effizienz konzipiert.\",\"breadcrumb\":{\"@id\":\"https:\/\/teguar.com\/eu\/de\/steuerungssysteme-computer\/#breadcrumb\"},\"inLanguage\":\"de\",\"potentialAction\":[{\"@type\":\"ReadAction\",\"target\":[\"https:\/\/teguar.com\/eu\/de\/steuerungssysteme-computer\/\"]}]},{\"@type\":\"BreadcrumbList\",\"@id\":\"https:\/\/teguar.com\/eu\/de\/steuerungssysteme-computer\/#breadcrumb\",\"itemListElement\":[{\"@type\":\"ListItem\",\"position\":1,\"name\":\"Home\",\"item\":\"https:\/\/teguar.com\/eu\/de\/\"},{\"@type\":\"ListItem\",\"position\":2,\"name\":\"Steuerungssysteme Computer\"}]},{\"@type\":\"WebSite\",\"@id\":\"https:\/\/teguar.com\/eu\/en\/#website\",\"url\":\"https:\/\/teguar.com\/eu\/en\/\",\"name\":\"Teguar\",\"description\":\"Industrial PCs, Medical Computers, and Rugged Tablets\",\"potentialAction\":[{\"@type\":\"SearchAction\",\"target\":{\"@type\":\"EntryPoint\",\"urlTemplate\":\"https:\/\/teguar.com\/eu\/en\/?s={search_term_string}\"},\"query-input\":{\"@type\":\"PropertyValueSpecification\",\"valueRequired\":true,\"valueName\":\"search_term_string\"}}],\"inLanguage\":\"de\"}]}<\/script>\n<!-- \/ Yoast SEO Premium plugin. -->","yoast_head_json":{"title":"Steuerungssysteme Industriecomputer","description":"Die Computer von Teguar Control Systems sind f\u00fcr die kritische Natur von Kontrollsystemen bei der Aufrechterhaltung der betrieblichen Effizienz konzipiert.","robots":{"index":"index","follow":"follow","max-snippet":"max-snippet:-1","max-image-preview":"max-image-preview:large","max-video-preview":"max-video-preview:-1"},"canonical":"https:\/\/teguar.com\/eu\/de\/steuerungssysteme-computer\/","og_locale":"de_DE","og_type":"article","og_title":"Steuerungssysteme Computer","og_description":"Die Computer von Teguar Control Systems sind f\u00fcr die kritische Natur von Kontrollsystemen bei der Aufrechterhaltung der betrieblichen Effizienz konzipiert.","og_url":"https:\/\/teguar.com\/eu\/de\/steuerungssysteme-computer\/","og_site_name":"Teguar","article_modified_time":"2025-11-24T18:15:41+00:00","twitter_card":"summary_large_image","twitter_misc":{"Gesch\u00e4tzte Lesezeit":"2\u00a0Minuten"},"schema":{"@context":"https:\/\/schema.org","@graph":[{"@type":"WebPage","@id":"https:\/\/teguar.com\/eu\/de\/steuerungssysteme-computer\/","url":"https:\/\/teguar.com\/eu\/de\/steuerungssysteme-computer\/","name":"Steuerungssysteme Industriecomputer","isPartOf":{"@id":"https:\/\/teguar.com\/eu\/en\/#website"},"datePublished":"2025-07-02T13:30:59+00:00","dateModified":"2025-11-24T18:15:41+00:00","description":"Die Computer von Teguar Control Systems sind f\u00fcr die kritische Natur von Kontrollsystemen bei der Aufrechterhaltung der betrieblichen Effizienz konzipiert.","breadcrumb":{"@id":"https:\/\/teguar.com\/eu\/de\/steuerungssysteme-computer\/#breadcrumb"},"inLanguage":"de","potentialAction":[{"@type":"ReadAction","target":["https:\/\/teguar.com\/eu\/de\/steuerungssysteme-computer\/"]}]},{"@type":"BreadcrumbList","@id":"https:\/\/teguar.com\/eu\/de\/steuerungssysteme-computer\/#breadcrumb","itemListElement":[{"@type":"ListItem","position":1,"name":"Home","item":"https:\/\/teguar.com\/eu\/de\/"},{"@type":"ListItem","position":2,"name":"Steuerungssysteme Computer"}]},{"@type":"WebSite","@id":"https:\/\/teguar.com\/eu\/en\/#website","url":"https:\/\/teguar.com\/eu\/en\/","name":"Teguar","description":"Industrial PCs, Medical Computers, and Rugged Tablets","potentialAction":[{"@type":"SearchAction","target":{"@type":"EntryPoint","urlTemplate":"https:\/\/teguar.com\/eu\/en\/?s={search_term_string}"},"query-input":{"@type":"PropertyValueSpecification","valueRequired":true,"valueName":"search_term_string"}}],"inLanguage":"de"}]}},"_links":{"self":[{"href":"https:\/\/teguar.com\/eu\/de\/wp-json\/wp\/v2\/pages\/2243508","targetHints":{"allow":["GET"]}}],"collection":[{"href":"https:\/\/teguar.com\/eu\/de\/wp-json\/wp\/v2\/pages"}],"about":[{"href":"https:\/\/teguar.com\/eu\/de\/wp-json\/wp\/v2\/types\/page"}],"author":[{"embeddable":true,"href":"https:\/\/teguar.com\/eu\/de\/wp-json\/wp\/v2\/users\/3"}],"replies":[{"embeddable":true,"href":"https:\/\/teguar.com\/eu\/de\/wp-json\/wp\/v2\/comments?post=2243508"}],"version-history":[{"count":2,"href":"https:\/\/teguar.com\/eu\/de\/wp-json\/wp\/v2\/pages\/2243508\/revisions"}],"predecessor-version":[{"id":2247817,"href":"https:\/\/teguar.com\/eu\/de\/wp-json\/wp\/v2\/pages\/2243508\/revisions\/2247817"}],"wp:attachment":[{"href":"https:\/\/teguar.com\/eu\/de\/wp-json\/wp\/v2\/media?parent=2243508"}],"curies":[{"name":"wp","href":"https:\/\/api.w.org\/{rel}","templated":true}]}}