{"id":2243505,"date":"2025-07-02T13:26:42","date_gmt":"2025-07-02T13:26:42","guid":{"rendered":"https:\/\/teguar.com\/eu\/computer-fuer-die-landwirtschaft\/"},"modified":"2025-11-24T15:14:38","modified_gmt":"2025-11-24T15:14:38","slug":"computer-fuer-die-landwirtschaft","status":"publish","type":"page","link":"https:\/\/teguar.com\/eu\/de\/computer-fuer-die-landwirtschaft\/","title":{"rendered":"Computer f\u00fcr die Landwirtschaft"},"content":{"rendered":"\n<p>Die traditionell in jahrhundertealten Praktiken verwurzelte Landwirtschaft erkennt nun die Notwendigkeit einer Modernisierung. <a href=\"https:\/\/teguar.com\/eu\/de\/industrie-computer\/\">Computer f\u00fcr die industrielle<\/a> Landwirtschaft erweisen sich als unverzichtbare Werkzeuge zur Vereinfachung verschiedener Aspekte der Landwirtschaft. Teguar, das an der Spitze dieses technologischen Wandels steht, bietet Computer mit langer Lebensdauer, sodass keine st\u00e4ndigen Upgrades und Ausfallzeiten mehr zu bef\u00fcrchten sind. Da immer mehr Akteure im Agrarsektor die Leistungsf\u00e4higkeit dieser Computerl\u00f6sungen erkennen, bietet Teguar eine praktische und zuverl\u00e4ssige Option, um die Herausforderungen moderner landwirtschaftlicher Praktiken zu meistern.<\/p>\n\n<h2 class=\"wp-block-heading\" id=\"h-agriculture-computer-features\"><strong>Landwirtschaft Computerfunktionen:<\/strong><\/h2>\n\n<ul class=\"wp-block-list\">\n<li>Robustes Design: Gebaut, um den rauen Umgebungsbedingungen in der Landwirtschaft standzuhalten.  <\/li>\n\n\n\n<li>Anpassungsm\u00f6glichkeiten: Passen Sie das System an die spezifischen Anforderungen der Landwirtschaft an.  <\/li>\n\n\n\n<li>Leistungsstarke Verarbeitung: Gew\u00e4hrleistet eine schnelle Datenanalyse und Entscheidungsfindung in Echtzeit.  <\/li>\n\n\n\n<li>Kompatibilit\u00e4t mit Sensoren und IoT-Ger\u00e4ten: Nahtlose Integration mit verschiedenen landwirtschaftlichen Sensoren und Internet of Things (IoT)-Ger\u00e4ten.  <\/li>\n\n\n\n<li>Montierbar: Vielf\u00e4ltige Montagem\u00f6glichkeiten wie VESA-Halterung, Panel-Halterung, Desktop-Halterung.  <\/li>\n<\/ul>\n    <section id=\"agriculture-computers\" class=\"products-by-tag section-spacing\">\n        <div class=\"container\">\n            <div class=\"header\">\n                                    <h2 class=\"headline\">Shop Industrielle Landwirtschaft Computer<\/h2>\n                            <\/div>\n\n            <div class=\"grid product-card-grid-4\">\n                \n<div class=\"product-card\" class=\"product type-product post-2245128 status-publish first instock product_cat-industrielle-displays product_cat-wasserdichte-monitore product_tag-computer-fuer-die-landwirtschaft product_tag-online-kaufen has-post-thumbnail taxable shipping-taxable purchasable product-type-composite\">\n    <div class=\"media\">\n                        <a href=\"https:\/\/teguar.com\/eu\/de\/product\/tsd-45-22\/\">\n            <img decoding=\"async\" src=\"https:\/\/teguar.com\/eu\/wp-content\/uploads\/sites\/2\/2020\/07\/touchscreen-waterproof-monitor.tsd-45-22__44305.1595935054.1280.1280.jpg\" width=\"150\" height=\"150\" alt=\"22&quot; Waterproof Touch Monitor | TSD-45-22\" class=\"hero-image thumb lazy\" loading=\"lazy\" \/>        <\/a>\n    <\/div>\n    <div class=\"content\">\n        <h3>\n            <a href=\"https:\/\/teguar.com\/eu\/de\/product\/tsd-45-22\/\" class=\"name\">\n                TSD-45-22\n                            <\/a>\n        <\/h3>\n\n                    <div class=\"subtitle\">\n                22&quot; Wasserdichter Touchscreen Monitor            <\/div>\n\n        \n                    <div class=\"product-kh\">\n                <ul>\n<li>21,5&#8243; Flachbildschirm TFT LCD Touchscreen<\/li>\n<li>IP66\/IP69K Vollst\u00e4ndig gekapseltes l\u00fcfterloses Design<\/li>\n<li>HDMI- und VGA-Eing\u00e4nge<\/li>\n<li>Geh\u00e4use aus Edelstahl 304<\/li>\n<li>M12 Metall E\/A Steckverbinder<\/li>\n<\/ul>\n            <\/div>\n        \n        <div class=\"c-footer\">\n            <a href=\"https:\/\/teguar.com\/eu\/de\/product\/tsd-45-22\/#get-a-quick-quote\" class=\"button button-blue button-get-a-quick-quote\" >Angebot anfordern<\/a>        <\/div>\n    <\/div>\n<\/div>\n\n            <\/div>\n        <\/div>\n    <\/section>\n\n<p>Die Landwirtschaftscomputer von Teguar sind nahtlos in die verschiedenen Bereiche der Landwirtschaft integriert und verbessern die Pr\u00e4zision und Kontrolle. Von automatisierten Bew\u00e4sserungssystemen \u00fcber die \u00dcberwachung der Ernte bis hin zu datengesteuerten Entscheidungsprozessen &#8211; unsere Industriecomputer erm\u00f6glichen es den Landwirten, die Ressourcennutzung zu optimieren, die Verschwendung zu reduzieren und letztlich die Ertr\u00e4ge zu steigern.   <\/p>\n\n<h2 class=\"wp-block-heading\">Warum die Landwirtschaft Teguar w\u00e4hlt &#8211; ein zuverl\u00e4ssiger Partner f\u00fcr landwirtschaftliche Innovationen<\/h2>\n\n<p>Fachleute aus der Landwirtschaft entscheiden sich f\u00fcr Teguar, weil wir uns unerm\u00fcdlich f\u00fcr zuverl\u00e4ssige und langlebige Computerl\u00f6sungen einsetzen. Wir kennen die Feinheiten des Agrarsektors und k\u00f6nnen daher ma\u00dfgeschneiderte L\u00f6sungen f\u00fcr die Herausforderungen der Landwirte anbieten. Das Engagement von Teguar f\u00fcr Qualit\u00e4t, Leistung und langfristige Zuverl\u00e4ssigkeit macht uns zum bevorzugten Partner f\u00fcr alle, die sich die Zukunft der Landwirtschaft erschlie\u00dfen wollen.    <\/p>\n\n<section class=\"hubspot-form section-spacing\">\n    <script charset=\"utf-8\" type=\"text\/javascript\" src=\"\/\/js.hsforms.net\/forms\/embed\/v2.js\"><\/script>\r\n<script>\r\n  hbspt.forms.create({\r\n    portalId: \"21497995\",\r\n    formId: \"11a43242-0316-4b23-9e13-2f6bc9b8edde\",\r\n    region: \"na1\"\r\n  });\r\n<\/script><\/section>\n\n","protected":false},"excerpt":{"rendered":"<p>Die traditionell in jahrhundertealten Praktiken verwurzelte Landwirtschaft erkennt nun die Notwendigkeit einer Modernisierung. Computer f\u00fcr die industrielle Landwirtschaft erweisen sich als unverzichtbare Werkzeuge zur Vereinfachung verschiedener Aspekte der Landwirtschaft. Teguar, das an der Spitze dieses technologischen Wandels steht, bietet Computer mit langer Lebensdauer, sodass keine st\u00e4ndigen Upgrades und Ausfallzeiten mehr zu bef\u00fcrchten sind. Da immer [&hellip;]<\/p>\n","protected":false},"author":3,"featured_media":0,"parent":0,"menu_order":0,"comment_status":"closed","ping_status":"closed","template":"templates\/template-product-application.php","meta":{"_acf_changed":false,"footnotes":""},"class_list":["post-2243505","page","type-page","status-publish","hentry"],"acf":[],"yoast_head":"<!-- This site is optimized with the Yoast SEO Premium plugin v26.8 (Yoast SEO v27.2) - https:\/\/yoast.com\/product\/yoast-seo-premium-wordpress\/ -->\n<title>Computer in der Landwirtschaft<\/title>\n<meta name=\"description\" content=\"Die Landwirtschaftscomputer von Teguar sind nahtlos in die verschiedenen Bereiche der Landwirtschaft integriert und verbessern die Pr\u00e4zision und Kontrolle.\" \/>\n<meta name=\"robots\" content=\"index, follow, max-snippet:-1, max-image-preview:large, max-video-preview:-1\" \/>\n<link rel=\"canonical\" href=\"https:\/\/teguar.com\/eu\/de\/computer-fuer-die-landwirtschaft\/\" \/>\n<meta property=\"og:locale\" content=\"de_DE\" \/>\n<meta property=\"og:type\" content=\"article\" \/>\n<meta property=\"og:title\" content=\"Computer f\u00fcr die Landwirtschaft\" \/>\n<meta property=\"og:description\" content=\"Die Landwirtschaftscomputer von Teguar sind nahtlos in die verschiedenen Bereiche der Landwirtschaft integriert und verbessern die Pr\u00e4zision und Kontrolle.\" \/>\n<meta property=\"og:url\" content=\"https:\/\/teguar.com\/eu\/de\/computer-fuer-die-landwirtschaft\/\" \/>\n<meta property=\"og:site_name\" content=\"Teguar\" \/>\n<meta property=\"article:modified_time\" content=\"2025-11-24T15:14:38+00:00\" \/>\n<meta name=\"twitter:card\" content=\"summary_large_image\" \/>\n<meta name=\"twitter:label1\" content=\"Gesch\u00e4tzte Lesezeit\" \/>\n\t<meta name=\"twitter:data1\" content=\"2\u00a0Minuten\" \/>\n<script type=\"application\/ld+json\" class=\"yoast-schema-graph\">{\"@context\":\"https:\/\/schema.org\",\"@graph\":[{\"@type\":\"WebPage\",\"@id\":\"https:\/\/teguar.com\/eu\/de\/computer-fuer-die-landwirtschaft\/\",\"url\":\"https:\/\/teguar.com\/eu\/de\/computer-fuer-die-landwirtschaft\/\",\"name\":\"Computer in der Landwirtschaft\",\"isPartOf\":{\"@id\":\"https:\/\/teguar.com\/eu\/en\/#website\"},\"datePublished\":\"2025-07-02T13:26:42+00:00\",\"dateModified\":\"2025-11-24T15:14:38+00:00\",\"description\":\"Die Landwirtschaftscomputer von Teguar sind nahtlos in die verschiedenen Bereiche der Landwirtschaft integriert und verbessern die Pr\u00e4zision und Kontrolle.\",\"breadcrumb\":{\"@id\":\"https:\/\/teguar.com\/eu\/de\/computer-fuer-die-landwirtschaft\/#breadcrumb\"},\"inLanguage\":\"de\",\"potentialAction\":[{\"@type\":\"ReadAction\",\"target\":[\"https:\/\/teguar.com\/eu\/de\/computer-fuer-die-landwirtschaft\/\"]}]},{\"@type\":\"BreadcrumbList\",\"@id\":\"https:\/\/teguar.com\/eu\/de\/computer-fuer-die-landwirtschaft\/#breadcrumb\",\"itemListElement\":[{\"@type\":\"ListItem\",\"position\":1,\"name\":\"Home\",\"item\":\"https:\/\/teguar.com\/eu\/de\/\"},{\"@type\":\"ListItem\",\"position\":2,\"name\":\"Computer f\u00fcr die Landwirtschaft\"}]},{\"@type\":\"WebSite\",\"@id\":\"https:\/\/teguar.com\/eu\/en\/#website\",\"url\":\"https:\/\/teguar.com\/eu\/en\/\",\"name\":\"Teguar\",\"description\":\"Industrial PCs, Medical Computers, and Rugged Tablets\",\"potentialAction\":[{\"@type\":\"SearchAction\",\"target\":{\"@type\":\"EntryPoint\",\"urlTemplate\":\"https:\/\/teguar.com\/eu\/en\/?s={search_term_string}\"},\"query-input\":{\"@type\":\"PropertyValueSpecification\",\"valueRequired\":true,\"valueName\":\"search_term_string\"}}],\"inLanguage\":\"de\"}]}<\/script>\n<!-- \/ Yoast SEO Premium plugin. -->","yoast_head_json":{"title":"Computer in der Landwirtschaft","description":"Die Landwirtschaftscomputer von Teguar sind nahtlos in die verschiedenen Bereiche der Landwirtschaft integriert und verbessern die Pr\u00e4zision und Kontrolle.","robots":{"index":"index","follow":"follow","max-snippet":"max-snippet:-1","max-image-preview":"max-image-preview:large","max-video-preview":"max-video-preview:-1"},"canonical":"https:\/\/teguar.com\/eu\/de\/computer-fuer-die-landwirtschaft\/","og_locale":"de_DE","og_type":"article","og_title":"Computer f\u00fcr die Landwirtschaft","og_description":"Die Landwirtschaftscomputer von Teguar sind nahtlos in die verschiedenen Bereiche der Landwirtschaft integriert und verbessern die Pr\u00e4zision und Kontrolle.","og_url":"https:\/\/teguar.com\/eu\/de\/computer-fuer-die-landwirtschaft\/","og_site_name":"Teguar","article_modified_time":"2025-11-24T15:14:38+00:00","twitter_card":"summary_large_image","twitter_misc":{"Gesch\u00e4tzte Lesezeit":"2\u00a0Minuten"},"schema":{"@context":"https:\/\/schema.org","@graph":[{"@type":"WebPage","@id":"https:\/\/teguar.com\/eu\/de\/computer-fuer-die-landwirtschaft\/","url":"https:\/\/teguar.com\/eu\/de\/computer-fuer-die-landwirtschaft\/","name":"Computer in der Landwirtschaft","isPartOf":{"@id":"https:\/\/teguar.com\/eu\/en\/#website"},"datePublished":"2025-07-02T13:26:42+00:00","dateModified":"2025-11-24T15:14:38+00:00","description":"Die Landwirtschaftscomputer von Teguar sind nahtlos in die verschiedenen Bereiche der Landwirtschaft integriert und verbessern die Pr\u00e4zision und Kontrolle.","breadcrumb":{"@id":"https:\/\/teguar.com\/eu\/de\/computer-fuer-die-landwirtschaft\/#breadcrumb"},"inLanguage":"de","potentialAction":[{"@type":"ReadAction","target":["https:\/\/teguar.com\/eu\/de\/computer-fuer-die-landwirtschaft\/"]}]},{"@type":"BreadcrumbList","@id":"https:\/\/teguar.com\/eu\/de\/computer-fuer-die-landwirtschaft\/#breadcrumb","itemListElement":[{"@type":"ListItem","position":1,"name":"Home","item":"https:\/\/teguar.com\/eu\/de\/"},{"@type":"ListItem","position":2,"name":"Computer f\u00fcr die Landwirtschaft"}]},{"@type":"WebSite","@id":"https:\/\/teguar.com\/eu\/en\/#website","url":"https:\/\/teguar.com\/eu\/en\/","name":"Teguar","description":"Industrial PCs, Medical Computers, and Rugged Tablets","potentialAction":[{"@type":"SearchAction","target":{"@type":"EntryPoint","urlTemplate":"https:\/\/teguar.com\/eu\/en\/?s={search_term_string}"},"query-input":{"@type":"PropertyValueSpecification","valueRequired":true,"valueName":"search_term_string"}}],"inLanguage":"de"}]}},"_links":{"self":[{"href":"https:\/\/teguar.com\/eu\/de\/wp-json\/wp\/v2\/pages\/2243505","targetHints":{"allow":["GET"]}}],"collection":[{"href":"https:\/\/teguar.com\/eu\/de\/wp-json\/wp\/v2\/pages"}],"about":[{"href":"https:\/\/teguar.com\/eu\/de\/wp-json\/wp\/v2\/types\/page"}],"author":[{"embeddable":true,"href":"https:\/\/teguar.com\/eu\/de\/wp-json\/wp\/v2\/users\/3"}],"replies":[{"embeddable":true,"href":"https:\/\/teguar.com\/eu\/de\/wp-json\/wp\/v2\/comments?post=2243505"}],"version-history":[{"count":3,"href":"https:\/\/teguar.com\/eu\/de\/wp-json\/wp\/v2\/pages\/2243505\/revisions"}],"predecessor-version":[{"id":2247766,"href":"https:\/\/teguar.com\/eu\/de\/wp-json\/wp\/v2\/pages\/2243505\/revisions\/2247766"}],"wp:attachment":[{"href":"https:\/\/teguar.com\/eu\/de\/wp-json\/wp\/v2\/media?parent=2243505"}],"curies":[{"name":"wp","href":"https:\/\/api.w.org\/{rel}","templated":true}]}}