{"id":2243504,"date":"2025-06-27T19:08:49","date_gmt":"2025-06-27T19:08:49","guid":{"rendered":"https:\/\/teguar.com\/eu\/computer-und-monitore-fuer-den-operationssaal\/"},"modified":"2025-11-24T15:50:05","modified_gmt":"2025-11-24T15:50:05","slug":"computer-und-monitore-fuer-den-operationssaal","status":"publish","type":"page","link":"https:\/\/teguar.com\/eu\/de\/computer-und-monitore-fuer-den-operationssaal\/","title":{"rendered":"Computer und Monitore f\u00fcr den Operationssaal"},"content":{"rendered":"\n<h2 class=\"wp-block-heading\" id=\"h-merkmale-von-computern-und-monitoren-fur-den-operationssaal-im-krankenhaus\"><strong>Merkmale von Computern und Monitoren f\u00fcr den Operationssaal im Krankenhaus:<\/strong><\/h2>\n\n\n\n<ul class=\"wp-block-list\">\n<li>IEC60601 Zertifizierung f\u00fcr Patienten- und Anwendersicherheit<\/li>\n\n\n\n<li>Antimikrobielle Geh\u00e4use zur Verhinderung von Bakterienwachstum<\/li>\n\n\n\n<li>Vollst\u00e4ndig geschlossene l\u00fcfterlose Computer, so dass sich Staub und organische Stoffe nicht im Inneren des Computers ansammeln k\u00f6nnen<\/li>\n\n\n\n<li>4kV isolierte E\/A-Ports zum Schutz von Patienten und Bedienern<\/li>\n\n\n\n<li>Bis zu 64 GB RAM f\u00fcr maximale Leistung und schnellen Informationszugriff<\/li>\n\n\n\n<li>TPM 2.0 Module und vPro\u2122 Technologie werden f\u00fcr die Sicherheit des Informationszugriffs unterst\u00fctzt<\/li>\n\n\n\n<li>Herausnehmbare Speichermodule zum sicheren Aufbewahren von Daten, w\u00e4hrend der Computer gewartet wird<\/li>\n\n\n\n<li>Hochaufl\u00f6sende DICOM-konforme Bildschirme*<\/li>\n<\/ul>\n\n\n\n<p>*Teguar <a href=\"https:\/\/teguar.com\/eu\/de\/medizinische-computer\/\">Medical Computers<\/a> bietet die eigentliche DICOM-Zertifizierung nicht an. Dies ist ein Prozess, der vor Ort von unabh\u00e4ngigen Organisationen durchgef\u00fchrt wird.<\/p>\n\n\n    <section id=\"hospital-monitors-computers\" class=\"products-by-tag section-spacing\">\n        <div class=\"container\">\n            <div class=\"header\">\n                                    <h2 class=\"headline\">Shop Krankenhaus Monitore und Computer<\/h2>\n                            <\/div>\n\n            <div class=\"grid product-card-grid-4\">\n                \n<div class=\"product-card\" class=\"product type-product post-2247421 status-publish first instock product_cat-computer-fur-medizinische-zwecke product_tag-horizon-series product_tag-krankenhaus-monitore-computer product_tag-online-kaufen product_tag-quick-ship-medizinische-computer product_tag-telemedizin-computer has-post-thumbnail taxable shipping-taxable purchasable product-type-simple\">\n    <div class=\"media\">\n                        <a href=\"https:\/\/teguar.com\/eu\/de\/product\/tm-7240-16\/\">\n            <img decoding=\"async\" src=\"https:\/\/teguar.com\/eu\/wp-content\/uploads\/sites\/2\/2025\/04\/TM-7240-16_Front_Horizon__62851.1745354924.1280.1280.jpg\" width=\"150\" height=\"150\" alt=\"TM-7240-16 15.6&quot; Medical Touch Screen Computer Front\" class=\"hero-image thumb lazy\" loading=\"lazy\" \/>        <\/a>\n    <\/div>\n    <div class=\"content\">\n        <h3>\n            <a href=\"https:\/\/teguar.com\/eu\/de\/product\/tm-7240-16\/\" class=\"name\">\n                TM-7240-16\n                            <\/a>\n        <\/h3>\n\n                    <div class=\"subtitle\">\n                16&quot; Medizinischer Touchscreen-Computer | Horizon            <\/div>\n\n        \n                    <div class=\"product-kh\">\n                <ul>\n<li>Meteor Lake der 14. Generation mit integrierter NPU<\/li>\n<li>Fenster 11<\/li>\n<li>Ultra-schnelles DDR5<\/li>\n<li>Verf\u00fcgbare Konfigurationen f\u00fcr Dual-LAN und PoE<\/li>\n<li>Robustes Aluminiumgeh\u00e4use ohne L\u00fcfter<\/li>\n<li>Erweiterungen: 5MP-Kamera und 2D-Scanner<\/li>\n<li><a href=\"https:\/\/teguar.com\/eu\/en\/horizon-wi-fi-solution\/\">Langlebiges flaches Wi-Fi Antennen-Kit<\/a><\/li>\n<\/ul>\n            <\/div>\n        \n        <div class=\"c-footer\">\n            <a href=\"https:\/\/teguar.com\/eu\/de\/product\/tm-7240-16\/#get-a-quick-quote\" class=\"button button-blue button-get-a-quick-quote\" >Angebot anfordern<\/a>        <\/div>\n    <\/div>\n<\/div>\n\n\n<div class=\"product-card\" class=\"product type-product post-2245302 status-publish onbackorder product_cat-medizinische-box-pcs product_tag-computer-zur-patientenueberwachung product_tag-elektronische-krankenakten-computer product_tag-krankenhaus-monitore-computer product_tag-online-kaufen has-post-thumbnail taxable shipping-taxable purchasable product-type-composite\">\n    <div class=\"media\">\n                        <a href=\"https:\/\/teguar.com\/eu\/de\/product\/tmb-5710\/\">\n            <img decoding=\"async\" src=\"https:\/\/teguar.com\/eu\/wp-content\/uploads\/sites\/2\/2022\/03\/TMB-5710_IOs_wth_drop_shadow__67990.1648830967.1280.1280.jpg\" width=\"150\" height=\"150\" alt=\"Medical Edge AI Box PC IOs\" class=\"hero-image thumb lazy\" loading=\"lazy\" \/>        <\/a>\n    <\/div>\n    <div class=\"content\">\n        <h3>\n            <a href=\"https:\/\/teguar.com\/eu\/de\/product\/tmb-5710\/\" class=\"name\">\n                TMB-5710\n                            <\/a>\n        <\/h3>\n\n                    <div class=\"subtitle\">\n                Medical Edge AI Box PC            <\/div>\n\n        \n                    <div class=\"product-kh\">\n                <ul>\n<li>Bereit f\u00fcr KI \/ Medizinisches Edge Computing<\/li>\n<li>Intel 9th Gen. Coffee Lake-S CPU<\/li>\n<li>PCIe 16x Erweiterung mit zus\u00e4tzlichen LAN- und COM-Ports<\/li>\n<li>Leicht austauschbare HDD<\/li>\n<li>Medizinisch zertifizierte antimikrobielle Oberfl\u00e4che<\/li>\n<li>Flache Oberfl\u00e4chen machen die Reinigung einfach<\/li>\n<\/ul>\n            <\/div>\n        \n        <div class=\"c-footer\">\n            <a href=\"https:\/\/teguar.com\/eu\/de\/product\/tmb-5710\/#get-a-quick-quote\" class=\"button button-blue button-get-a-quick-quote\" >Angebot anfordern<\/a>        <\/div>\n    <\/div>\n<\/div>\n\n\n<div class=\"product-card\" class=\"product type-product post-2247443 status-publish last outofstock product_cat-edge-computer product_cat-medizinische-box-pcs product_cat-computer-fur-medizinische-zwecke product_tag-krankenhaus-monitore-computer has-post-thumbnail taxable shipping-taxable purchasable product-type-simple\">\n    <div class=\"media\">\n                        <a href=\"https:\/\/teguar.com\/eu\/de\/product\/tmb-7115\/\">\n            <img decoding=\"async\" src=\"https:\/\/teguar.com\/eu\/wp-content\/uploads\/sites\/2\/2024\/06\/Medical_AI_Computer_TMB-7115_Front_Angle__76059.1718823618.1280.1280.jpg\" width=\"150\" height=\"113\" alt=\"Medical AI Computer TMB-7115 Front Angle\" class=\"hero-image thumb lazy\" loading=\"lazy\" \/>        <\/a>\n    <\/div>\n    <div class=\"content\">\n        <h3>\n            <a href=\"https:\/\/teguar.com\/eu\/de\/product\/tmb-7115\/\" class=\"name\">\n                TMB-7115\n                            <\/a>\n        <\/h3>\n\n                    <div class=\"subtitle\">\n                Medizinischer KI-Computer            <\/div>\n\n        \n                    <div class=\"product-kh\">\n                <ul>\n<li>10.1&#8243; Integriertes Display<\/li>\n<li>Intel Core i CPU der 13. Generation<\/li>\n<li>Windows 11 kompatibel<\/li>\n<li>Unterst\u00fctzt Nvidia GPUs<\/li>\n<li>Platz f\u00fcr mehrere Erweiterungskarten<\/li>\n<\/ul>\n            <\/div>\n        \n        <div class=\"c-footer\">\n            <a href=\"https:\/\/teguar.com\/eu\/de\/product\/tmb-7115\/#get-a-quick-quote\" class=\"button button-blue button-get-a-quick-quote\" >Angebot anfordern<\/a>        <\/div>\n    <\/div>\n<\/div>\n\n\n<div class=\"product-card\" class=\"product type-product post-2245558 status-publish first outofstock product_cat-medizinische-wagencomputer product_tag-krankenhaus-monitore-computer has-post-thumbnail taxable shipping-taxable purchasable product-type-simple\">\n    <div class=\"media\">\n                        <a href=\"https:\/\/teguar.com\/eu\/de\/product\/tme-5040-22\/\">\n            <img decoding=\"async\" src=\"https:\/\/teguar.com\/eu\/wp-content\/uploads\/sites\/2\/2020\/07\/22-inch-medical-pc-hot-swap-batteries__58302.1595934887.1280.1280.jpg\" width=\"150\" height=\"150\" alt=\"22&quot; Medical PC with Hot-Swap Batteries | TME-5040-22\" class=\"hero-image thumb lazy\" loading=\"lazy\" \/>        <\/a>\n    <\/div>\n    <div class=\"content\">\n        <h3>\n            <a href=\"https:\/\/teguar.com\/eu\/de\/product\/tme-5040-22\/\" class=\"name\">\n                TME-5040-22\n                            <\/a>\n        <\/h3>\n\n                    <div class=\"subtitle\">\n                22&quot; Medizinischer Computer mit im laufenden Betrieb austauschbaren Akkus            <\/div>\n\n        \n                    <div class=\"product-kh\">\n                <ul>\n<li>21,5&#8243; Voller Flachbild-Touchscreen<\/li>\n<li>Intel Skylake U-Prozessor<\/li>\n<li>3 Hot-Swap-Batterien f\u00fcr 24\/7-Betrieb<\/li>\n<li>Antibakterielles Geh\u00e4use und IP65 gesch\u00fctztes Frontpanel<\/li>\n<li>24VDC USB zur Versorgung von Peripherieger\u00e4ten<\/li>\n<li>RFID &#038; IC Kartenleser<\/li>\n<\/ul>\n            <\/div>\n        \n        <div class=\"c-footer\">\n            <a href=\"https:\/\/teguar.com\/eu\/de\/product\/tme-5040-22\/#get-a-quick-quote\" class=\"button button-blue button-get-a-quick-quote\" >Angebot anfordern<\/a>        <\/div>\n    <\/div>\n<\/div>\n\n            <\/div>\n        <\/div>\n    <\/section>\n\n\n\n<p>Der Operationssaal stellt vielleicht die strengsten Anforderungen an die Computerhardware, und Teguar bietet alle erforderlichen Funktionen und mehr, damit der Operationssaal reibungslos funktioniert. Die <a href=\"https:\/\/teguar.com\/eu\/computer-fur-medizinische-zwecke\/\">medizinischen PCs<\/a> und <a href=\"https:\/\/teguar.com\/eu\/medizinische-monitore\/\">Monitore<\/a> von Teguar verf\u00fcgen \u00fcber helle, hochaufl\u00f6sende Displays und k\u00f6nnen DICOM-zertifiziert werden, um eine klare und konsistente digitale Bildgebung zu gew\u00e4hrleisten. Diese medizinischen Panel PCs verf\u00fcgen au\u00dferdem \u00fcber ein antibakterielles Geh\u00e4use und leicht abwischbare Oberfl\u00e4chen, die h\u00e4ufigen Reinigungen mit branchen\u00fcblichen Reinigungschemikalien standhalten. Die medizinischen Computer von Teguar verf\u00fcgen \u00fcber Hochleistungs-CPUs sowie \u00fcber Grafikfunktionen, COM-Anschl\u00fcsse, mehrere USB-Steckpl\u00e4tze und Erweiterungsfunktionen, die sie ideal f\u00fcr den Operationssaal machen.<\/p>\n\n\n\n<p>Die IP65-Frontblende und das glatte, gew\u00f6lbte Geh\u00e4use verleihen dem Teguar Chirurgie-Computermonitor ein elegantes Aussehen, w\u00e4hrend die industrietauglichen Hardwarekomponenten ihn f\u00fcr anspruchsvolle medizinische Anwendungen leistungsstark und zuverl\u00e4ssig machen.<\/p>\n\n\n\n<section class=\"hubspot-form section-spacing\">\n    <script charset=\"utf-8\" type=\"text\/javascript\" src=\"\/\/js.hsforms.net\/forms\/embed\/v2.js\"><\/script>\r\n<script>\r\n  hbspt.forms.create({\r\n    portalId: \"21497995\",\r\n    formId: \"11a43242-0316-4b23-9e13-2f6bc9b8edde\",\r\n    region: \"na1\"\r\n  });\r\n<\/script><\/section>\n\n","protected":false},"excerpt":{"rendered":"<p>Merkmale von Computern und Monitoren f\u00fcr den Operationssaal im Krankenhaus: *Teguar Medical Computers bietet die eigentliche DICOM-Zertifizierung nicht an. Dies ist ein Prozess, der vor Ort von unabh\u00e4ngigen Organisationen durchgef\u00fchrt wird. Der Operationssaal stellt vielleicht die strengsten Anforderungen an die Computerhardware, und Teguar bietet alle erforderlichen Funktionen und mehr, damit der Operationssaal reibungslos funktioniert. Die [&hellip;]<\/p>\n","protected":false},"author":3,"featured_media":0,"parent":0,"menu_order":0,"comment_status":"closed","ping_status":"closed","template":"templates\/template-product-application.php","meta":{"_acf_changed":false,"footnotes":""},"class_list":["post-2243504","page","type-page","status-publish","hentry"],"acf":[],"yoast_head":"<!-- This site is optimized with the Yoast SEO Premium plugin v26.8 (Yoast SEO v27.2) - https:\/\/yoast.com\/product\/yoast-seo-premium-wordpress\/ -->\n<title>Chirurgische Monitore und Computer f\u00fcr den Operationssaal<\/title>\n<meta name=\"description\" content=\"Die medizinischen Touch-PCs von Teguar wurden speziell f\u00fcr Krankenh\u00e4user und Arztpraxen entwickelt. Sie sind leicht zu reinigen und verf\u00fcgen \u00fcber wasserdichte Frontblenden.\" \/>\n<meta name=\"robots\" content=\"index, follow, max-snippet:-1, max-image-preview:large, max-video-preview:-1\" \/>\n<link rel=\"canonical\" href=\"https:\/\/teguar.com\/eu\/de\/computer-und-monitore-fuer-den-operationssaal\/\" \/>\n<meta property=\"og:locale\" content=\"de_DE\" \/>\n<meta property=\"og:type\" content=\"article\" \/>\n<meta property=\"og:title\" content=\"Computer und Monitore f\u00fcr den Operationssaal\" \/>\n<meta property=\"og:description\" content=\"Die medizinischen Touch-PCs von Teguar wurden speziell f\u00fcr Krankenh\u00e4user und Arztpraxen entwickelt. Sie sind leicht zu reinigen und verf\u00fcgen \u00fcber wasserdichte Frontblenden.\" \/>\n<meta property=\"og:url\" content=\"https:\/\/teguar.com\/eu\/de\/computer-und-monitore-fuer-den-operationssaal\/\" \/>\n<meta property=\"og:site_name\" content=\"Teguar\" \/>\n<meta property=\"article:modified_time\" content=\"2025-11-24T15:50:05+00:00\" \/>\n<meta name=\"twitter:card\" content=\"summary_large_image\" \/>\n<meta name=\"twitter:label1\" content=\"Gesch\u00e4tzte Lesezeit\" \/>\n\t<meta name=\"twitter:data1\" content=\"1\u00a0Minute\" \/>\n<script type=\"application\/ld+json\" class=\"yoast-schema-graph\">{\"@context\":\"https:\/\/schema.org\",\"@graph\":[{\"@type\":\"WebPage\",\"@id\":\"https:\/\/teguar.com\/eu\/de\/computer-und-monitore-fuer-den-operationssaal\/\",\"url\":\"https:\/\/teguar.com\/eu\/de\/computer-und-monitore-fuer-den-operationssaal\/\",\"name\":\"Chirurgische Monitore und Computer f\u00fcr den Operationssaal\",\"isPartOf\":{\"@id\":\"https:\/\/teguar.com\/eu\/en\/#website\"},\"datePublished\":\"2025-06-27T19:08:49+00:00\",\"dateModified\":\"2025-11-24T15:50:05+00:00\",\"description\":\"Die medizinischen Touch-PCs von Teguar wurden speziell f\u00fcr Krankenh\u00e4user und Arztpraxen entwickelt. Sie sind leicht zu reinigen und verf\u00fcgen \u00fcber wasserdichte Frontblenden.\",\"breadcrumb\":{\"@id\":\"https:\/\/teguar.com\/eu\/de\/computer-und-monitore-fuer-den-operationssaal\/#breadcrumb\"},\"inLanguage\":\"de\",\"potentialAction\":[{\"@type\":\"ReadAction\",\"target\":[\"https:\/\/teguar.com\/eu\/de\/computer-und-monitore-fuer-den-operationssaal\/\"]}]},{\"@type\":\"BreadcrumbList\",\"@id\":\"https:\/\/teguar.com\/eu\/de\/computer-und-monitore-fuer-den-operationssaal\/#breadcrumb\",\"itemListElement\":[{\"@type\":\"ListItem\",\"position\":1,\"name\":\"Home\",\"item\":\"https:\/\/teguar.com\/eu\/de\/\"},{\"@type\":\"ListItem\",\"position\":2,\"name\":\"Computer und Monitore f\u00fcr den Operationssaal\"}]},{\"@type\":\"WebSite\",\"@id\":\"https:\/\/teguar.com\/eu\/en\/#website\",\"url\":\"https:\/\/teguar.com\/eu\/en\/\",\"name\":\"Teguar\",\"description\":\"Industrial PCs, Medical Computers, and Rugged Tablets\",\"potentialAction\":[{\"@type\":\"SearchAction\",\"target\":{\"@type\":\"EntryPoint\",\"urlTemplate\":\"https:\/\/teguar.com\/eu\/en\/?s={search_term_string}\"},\"query-input\":{\"@type\":\"PropertyValueSpecification\",\"valueRequired\":true,\"valueName\":\"search_term_string\"}}],\"inLanguage\":\"de\"}]}<\/script>\n<!-- \/ Yoast SEO Premium plugin. -->","yoast_head_json":{"title":"Chirurgische Monitore und Computer f\u00fcr den Operationssaal","description":"Die medizinischen Touch-PCs von Teguar wurden speziell f\u00fcr Krankenh\u00e4user und Arztpraxen entwickelt. Sie sind leicht zu reinigen und verf\u00fcgen \u00fcber wasserdichte Frontblenden.","robots":{"index":"index","follow":"follow","max-snippet":"max-snippet:-1","max-image-preview":"max-image-preview:large","max-video-preview":"max-video-preview:-1"},"canonical":"https:\/\/teguar.com\/eu\/de\/computer-und-monitore-fuer-den-operationssaal\/","og_locale":"de_DE","og_type":"article","og_title":"Computer und Monitore f\u00fcr den Operationssaal","og_description":"Die medizinischen Touch-PCs von Teguar wurden speziell f\u00fcr Krankenh\u00e4user und Arztpraxen entwickelt. Sie sind leicht zu reinigen und verf\u00fcgen \u00fcber wasserdichte Frontblenden.","og_url":"https:\/\/teguar.com\/eu\/de\/computer-und-monitore-fuer-den-operationssaal\/","og_site_name":"Teguar","article_modified_time":"2025-11-24T15:50:05+00:00","twitter_card":"summary_large_image","twitter_misc":{"Gesch\u00e4tzte Lesezeit":"1\u00a0Minute"},"schema":{"@context":"https:\/\/schema.org","@graph":[{"@type":"WebPage","@id":"https:\/\/teguar.com\/eu\/de\/computer-und-monitore-fuer-den-operationssaal\/","url":"https:\/\/teguar.com\/eu\/de\/computer-und-monitore-fuer-den-operationssaal\/","name":"Chirurgische Monitore und Computer f\u00fcr den Operationssaal","isPartOf":{"@id":"https:\/\/teguar.com\/eu\/en\/#website"},"datePublished":"2025-06-27T19:08:49+00:00","dateModified":"2025-11-24T15:50:05+00:00","description":"Die medizinischen Touch-PCs von Teguar wurden speziell f\u00fcr Krankenh\u00e4user und Arztpraxen entwickelt. Sie sind leicht zu reinigen und verf\u00fcgen \u00fcber wasserdichte Frontblenden.","breadcrumb":{"@id":"https:\/\/teguar.com\/eu\/de\/computer-und-monitore-fuer-den-operationssaal\/#breadcrumb"},"inLanguage":"de","potentialAction":[{"@type":"ReadAction","target":["https:\/\/teguar.com\/eu\/de\/computer-und-monitore-fuer-den-operationssaal\/"]}]},{"@type":"BreadcrumbList","@id":"https:\/\/teguar.com\/eu\/de\/computer-und-monitore-fuer-den-operationssaal\/#breadcrumb","itemListElement":[{"@type":"ListItem","position":1,"name":"Home","item":"https:\/\/teguar.com\/eu\/de\/"},{"@type":"ListItem","position":2,"name":"Computer und Monitore f\u00fcr den Operationssaal"}]},{"@type":"WebSite","@id":"https:\/\/teguar.com\/eu\/en\/#website","url":"https:\/\/teguar.com\/eu\/en\/","name":"Teguar","description":"Industrial PCs, Medical Computers, and Rugged Tablets","potentialAction":[{"@type":"SearchAction","target":{"@type":"EntryPoint","urlTemplate":"https:\/\/teguar.com\/eu\/en\/?s={search_term_string}"},"query-input":{"@type":"PropertyValueSpecification","valueRequired":true,"valueName":"search_term_string"}}],"inLanguage":"de"}]}},"_links":{"self":[{"href":"https:\/\/teguar.com\/eu\/de\/wp-json\/wp\/v2\/pages\/2243504","targetHints":{"allow":["GET"]}}],"collection":[{"href":"https:\/\/teguar.com\/eu\/de\/wp-json\/wp\/v2\/pages"}],"about":[{"href":"https:\/\/teguar.com\/eu\/de\/wp-json\/wp\/v2\/types\/page"}],"author":[{"embeddable":true,"href":"https:\/\/teguar.com\/eu\/de\/wp-json\/wp\/v2\/users\/3"}],"replies":[{"embeddable":true,"href":"https:\/\/teguar.com\/eu\/de\/wp-json\/wp\/v2\/comments?post=2243504"}],"version-history":[{"count":5,"href":"https:\/\/teguar.com\/eu\/de\/wp-json\/wp\/v2\/pages\/2243504\/revisions"}],"predecessor-version":[{"id":2247781,"href":"https:\/\/teguar.com\/eu\/de\/wp-json\/wp\/v2\/pages\/2243504\/revisions\/2247781"}],"wp:attachment":[{"href":"https:\/\/teguar.com\/eu\/de\/wp-json\/wp\/v2\/media?parent=2243504"}],"curies":[{"name":"wp","href":"https:\/\/api.w.org\/{rel}","templated":true}]}}