{"id":2243501,"date":"2025-07-02T13:21:05","date_gmt":"2025-07-02T13:21:05","guid":{"rendered":"https:\/\/teguar.com\/eu\/computer-fuer-das-baugewerbe\/"},"modified":"2025-11-24T14:59:59","modified_gmt":"2025-11-24T14:59:59","slug":"computer-fuer-das-baugewerbe","status":"publish","type":"page","link":"https:\/\/teguar.com\/eu\/de\/computer-fuer-das-baugewerbe\/","title":{"rendered":"Computer f\u00fcr das Baugewerbe"},"content":{"rendered":"\n<p>Der Bausektor ist eine facettenreiche Landschaft, in der Pr\u00e4zision, Langlebigkeit und Effizienz von entscheidender Bedeutung sind. Vom Projektmanagement und der Planung bis hin zum Betrieb auf der Baustelle spielen <g id=\"gid_0\">industrielle Baucomputer<\/g> eine entscheidende Rolle bei der Rationalisierung von Prozessen und der Steigerung der Produktivit\u00e4t. In diesem Umfeld, in dem die Bedingungen unvorhersehbar und anspruchsvoll sein k\u00f6nnen, m\u00fcssen Bau-Computer einzigartige Anforderungen erf\u00fcllen.  <\/p>\n\n<h2 class=\"wp-block-heading\" id=\"h-key-features-of-teguar-s-construction-computers\"><strong>Die wichtigsten Merkmale der Teguar Konstruktionscomputer:<\/strong><\/h2>\n\n<ul class=\"wp-block-list\">\n<li>Robuste Konstruktion: Gebaut, um Staub, Schutt und Vibrationen auf Baustellen zu widerstehen.  <\/li>\n\n\n\n<li>Vielseitige Konnektivit\u00e4t: Nahtlose Integration mit Vermessungsinstrumenten, Drohnen und anderen Ger\u00e4ten der Bautechnik.  <\/li>\n\n\n\n<li>Langlebigkeit: Garantiert zuverl\u00e4ssige Leistung in anspruchsvollen und unvorhersehbaren Bauumgebungen.  <\/li>\n\n\n\n<li>Leistungsstarke Verarbeitung: Erweiterte Rechenfunktionen f\u00fcr die Zusammenarbeit in Echtzeit, Dokumentenmanagement und Datenanalyse bei Bauprojekten.  <\/li>\n\n\n\n<li>Individuelle Anpassung: Ma\u00dfgeschneiderte L\u00f6sungen f\u00fcr die spezifischen Anforderungen der Baubranche, die die Gesamteffizienz und Produktivit\u00e4t steigern.  <\/li>\n<\/ul>\n    <section id=\"construction-computers\" class=\"products-by-tag section-spacing\">\n        <div class=\"container\">\n            <div class=\"header\">\n                                    <h2 class=\"headline\">Shop Bauindustrie Industriecomputer<\/h2>\n                            <\/div>\n\n            <div class=\"grid product-card-grid-4\">\n                \n<div class=\"product-card\" class=\"product type-product post-2245049 status-publish first instock product_cat-hmi-panel product_cat-panel-pcs product_tag-computer-fuer-das-baugewerbe product_tag-digitale-beschilderung-fuer-den-aussenbereich has-post-thumbnail taxable shipping-taxable purchasable product-type-simple\">\n    <div class=\"media\">\n                        <a href=\"https:\/\/teguar.com\/eu\/de\/product\/tp-3445-07\/\">\n            <img decoding=\"async\" src=\"https:\/\/teguar.com\/eu\/wp-content\/uploads\/sites\/2\/2021\/02\/7-inch-panel-pc_5__04533.1604342386.1280.1280__17077.1613419486.1280.1280.jpg\" width=\"150\" height=\"150\" alt=\"7&quot; Industrial Touchscreen PC\" class=\"hero-image thumb lazy\" loading=\"lazy\" \/>        <\/a>\n    <\/div>\n    <div class=\"content\">\n        <h3>\n            <a href=\"https:\/\/teguar.com\/eu\/de\/product\/tp-3445-07\/\" class=\"name\">\n                TP-3445-07\n                            <\/a>\n        <\/h3>\n\n                    <div class=\"subtitle\">\n                7&quot; Industrie-Panel-PC            <\/div>\n\n        \n                    <div class=\"product-kh\">\n                <ul>\n<li>7&#8243; TFT-LCD Touchscreen<\/li>\n<li>Intel Apollo Lake N4200 Vierkern-CPU<\/li>\n<li>Geh\u00e4use aus Aluminium-Druckguss<\/li>\n<li>Zug\u00e4ngliches Lagerfach<\/li>\n<li>Geringes Gewicht bei nur 2.4lbs<\/li>\n<\/ul>\n            <\/div>\n        \n        <div class=\"c-footer\">\n            <a href=\"https:\/\/teguar.com\/eu\/de\/product\/tp-3445-07\/#get-a-quick-quote\" class=\"button button-blue button-get-a-quick-quote\" >Angebot anfordern<\/a>        <\/div>\n    <\/div>\n<\/div>\n\n\n<div class=\"product-card\" class=\"product type-product post-2245069 status-publish outofstock product_cat-hmi-panel product_cat-panel-pcs product_tag-computer-fuer-das-baugewerbe has-post-thumbnail taxable shipping-taxable purchasable product-type-simple\">\n    <div class=\"media\">\n                        <a href=\"https:\/\/teguar.com\/eu\/de\/product\/tsp-5045-19\/\">\n            <img decoding=\"async\" src=\"https:\/\/teguar.com\/eu\/wp-content\/uploads\/sites\/2\/2020\/07\/19-inch-stainless-steel-pc_1__57477.1595935073.1280.1280.jpg\" width=\"150\" height=\"150\" alt=\"19&quot; Industrial Touch Screen PC Side View\" class=\"hero-image thumb lazy\" loading=\"lazy\" \/>        <\/a>\n    <\/div>\n    <div class=\"content\">\n        <h3>\n            <a href=\"https:\/\/teguar.com\/eu\/de\/product\/tsp-5045-19\/\" class=\"name\">\n                TSP-5045-19\n                            <\/a>\n        <\/h3>\n\n                    <div class=\"subtitle\">\n                19&quot; Industrie Touchscreen PC            <\/div>\n\n        \n                    <div class=\"product-kh\">\n                <ul>\n<li>19&#8243; Resistiver oder P-cap Touchscreen<\/li>\n<li>6. Gen. Intel Skylake-Prozessor<\/li>\n<li>IP66\/IP69K-konforme Frontblende<\/li>\n<li>Front aus Edelstahl 304 (optional 316)<\/li>\n<li>Aluminiumr\u00fcckwand und l\u00fcfterloses Design<\/li>\n<\/ul>\n            <\/div>\n        \n        <div class=\"c-footer\">\n            <a href=\"https:\/\/teguar.com\/eu\/de\/product\/tsp-5045-19\/#get-a-quick-quote\" class=\"button button-blue button-get-a-quick-quote\" >Angebot anfordern<\/a>        <\/div>\n    <\/div>\n<\/div>\n\n            <\/div>\n        <\/div>\n    <\/section>\n\n<p>Stellen Sie sich eine Baustelle vor, auf der Projektmanager Computer f\u00fcr die Zusammenarbeit in Echtzeit, das Dokumentenmanagement und die Projektplanung einsetzen. Vor Ort verlassen sich Ingenieure und Vermesser auf diese Computer f\u00fcr pr\u00e4zise Messungen und Datenanalysen. Die Robustheit von Baustellencomputern zeigt sich auch beim Einsatz in schweren Maschinen, die eine nahtlose Kommunikation und Steuerung gew\u00e4hrleisten und so zur Effizienz und Sicherheit des Betriebs beitragen.    <\/p>\n\n<p>Die besonderen Anforderungen an Bau-Computer werden durch die schwierigen Bedingungen auf Baustellen bestimmt. Sie m\u00fcssen Staub, Schutt, Wasser und extremen Temperaturen standhalten k\u00f6nnen. Eine robuste Konstruktion sorgt daf\u00fcr, dass sie den Ersch\u00fctterungen durch schwere Ger\u00e4te und den Transport standhalten. Baucomputer m\u00fcssen au\u00dferdem vielseitige Anschlussm\u00f6glichkeiten bieten, damit sie sich nahtlos mit Vermessungsinstrumenten, Drohnen und anderen Ger\u00e4ten der Bautechnik verbinden lassen.     <\/p>\n\n<h2 class=\"wp-block-heading\" id=\"h-why-choose-teguar-for-your-construction-computers\">Warum sollten Sie Teguar f\u00fcr Ihre Bau-Computer w\u00e4hlen?<\/h2>\n\n<p>Teguar kennt die rauen Anforderungen der Baubranche und bietet Computer, die diese Erwartungen nicht nur erf\u00fcllen, sondern \u00fcbertreffen. Unsere Ger\u00e4te sind so konstruiert, dass sie auch den h\u00e4rtesten Bedingungen standhalten und eine ununterbrochene Leistung auf Baustellen gew\u00e4hrleisten. Die Bau-Computer von Teguar sind nicht nur technologisch fortschrittlich, sondern auch auf die besonderen Herausforderungen des Baugewerbes zugeschnitten und tragen so zu mehr Effizienz und erfolgreichen Projektergebnissen bei.    <\/p>\n\n<section class=\"hubspot-form section-spacing\">\n    <script charset=\"utf-8\" type=\"text\/javascript\" src=\"\/\/js.hsforms.net\/forms\/embed\/v2.js\"><\/script>\r\n<script>\r\n  hbspt.forms.create({\r\n    portalId: \"21497995\",\r\n    formId: \"11a43242-0316-4b23-9e13-2f6bc9b8edde\",\r\n    region: \"na1\"\r\n  });\r\n<\/script><\/section>\n\n","protected":false},"excerpt":{"rendered":"<p>Der Bausektor ist eine facettenreiche Landschaft, in der Pr\u00e4zision, Langlebigkeit und Effizienz von entscheidender Bedeutung sind. Vom Projektmanagement und der Planung bis hin zum Betrieb auf der Baustelle spielen industrielle Baucomputer eine entscheidende Rolle bei der Rationalisierung von Prozessen und der Steigerung der Produktivit\u00e4t. In diesem Umfeld, in dem die Bedingungen unvorhersehbar und anspruchsvoll sein [&hellip;]<\/p>\n","protected":false},"author":3,"featured_media":0,"parent":0,"menu_order":0,"comment_status":"closed","ping_status":"closed","template":"templates\/template-product-application.php","meta":{"_acf_changed":false,"footnotes":""},"class_list":["post-2243501","page","type-page","status-publish","hentry"],"acf":[],"yoast_head":"<!-- This site is optimized with the Yoast SEO Premium plugin v26.8 (Yoast SEO v27.2) - https:\/\/yoast.com\/product\/yoast-seo-premium-wordpress\/ -->\n<title>Computer f\u00fcr das Baugewerbe<\/title>\n<meta name=\"description\" content=\"Teguar-Baucomputer bieten vielseitige Anschlussm\u00f6glichkeiten f\u00fcr die Integration von Vermessungsinstrumenten, Drohnen und anderen Bauger\u00e4ten.\" \/>\n<meta name=\"robots\" content=\"index, follow, max-snippet:-1, max-image-preview:large, max-video-preview:-1\" \/>\n<link rel=\"canonical\" href=\"https:\/\/teguar.com\/eu\/de\/computer-fuer-das-baugewerbe\/\" \/>\n<meta property=\"og:locale\" content=\"de_DE\" \/>\n<meta property=\"og:type\" content=\"article\" \/>\n<meta property=\"og:title\" content=\"Computer f\u00fcr das Baugewerbe\" \/>\n<meta property=\"og:description\" content=\"Teguar-Baucomputer bieten vielseitige Anschlussm\u00f6glichkeiten f\u00fcr die Integration von Vermessungsinstrumenten, Drohnen und anderen Bauger\u00e4ten.\" \/>\n<meta property=\"og:url\" content=\"https:\/\/teguar.com\/eu\/de\/computer-fuer-das-baugewerbe\/\" \/>\n<meta property=\"og:site_name\" content=\"Teguar\" \/>\n<meta property=\"article:modified_time\" content=\"2025-11-24T14:59:59+00:00\" \/>\n<meta name=\"twitter:card\" content=\"summary_large_image\" \/>\n<meta name=\"twitter:label1\" content=\"Gesch\u00e4tzte Lesezeit\" \/>\n\t<meta name=\"twitter:data1\" content=\"2\u00a0Minuten\" \/>\n<script type=\"application\/ld+json\" class=\"yoast-schema-graph\">{\"@context\":\"https:\/\/schema.org\",\"@graph\":[{\"@type\":\"WebPage\",\"@id\":\"https:\/\/teguar.com\/eu\/de\/computer-fuer-das-baugewerbe\/\",\"url\":\"https:\/\/teguar.com\/eu\/de\/computer-fuer-das-baugewerbe\/\",\"name\":\"Computer f\u00fcr das Baugewerbe\",\"isPartOf\":{\"@id\":\"https:\/\/teguar.com\/eu\/en\/#website\"},\"datePublished\":\"2025-07-02T13:21:05+00:00\",\"dateModified\":\"2025-11-24T14:59:59+00:00\",\"description\":\"Teguar-Baucomputer bieten vielseitige Anschlussm\u00f6glichkeiten f\u00fcr die Integration von Vermessungsinstrumenten, Drohnen und anderen Bauger\u00e4ten.\",\"breadcrumb\":{\"@id\":\"https:\/\/teguar.com\/eu\/de\/computer-fuer-das-baugewerbe\/#breadcrumb\"},\"inLanguage\":\"de\",\"potentialAction\":[{\"@type\":\"ReadAction\",\"target\":[\"https:\/\/teguar.com\/eu\/de\/computer-fuer-das-baugewerbe\/\"]}]},{\"@type\":\"BreadcrumbList\",\"@id\":\"https:\/\/teguar.com\/eu\/de\/computer-fuer-das-baugewerbe\/#breadcrumb\",\"itemListElement\":[{\"@type\":\"ListItem\",\"position\":1,\"name\":\"Home\",\"item\":\"https:\/\/teguar.com\/eu\/de\/\"},{\"@type\":\"ListItem\",\"position\":2,\"name\":\"Computer f\u00fcr das Baugewerbe\"}]},{\"@type\":\"WebSite\",\"@id\":\"https:\/\/teguar.com\/eu\/en\/#website\",\"url\":\"https:\/\/teguar.com\/eu\/en\/\",\"name\":\"Teguar\",\"description\":\"Industrial PCs, Medical Computers, and Rugged Tablets\",\"potentialAction\":[{\"@type\":\"SearchAction\",\"target\":{\"@type\":\"EntryPoint\",\"urlTemplate\":\"https:\/\/teguar.com\/eu\/en\/?s={search_term_string}\"},\"query-input\":{\"@type\":\"PropertyValueSpecification\",\"valueRequired\":true,\"valueName\":\"search_term_string\"}}],\"inLanguage\":\"de\"}]}<\/script>\n<!-- \/ Yoast SEO Premium plugin. -->","yoast_head_json":{"title":"Computer f\u00fcr das Baugewerbe","description":"Teguar-Baucomputer bieten vielseitige Anschlussm\u00f6glichkeiten f\u00fcr die Integration von Vermessungsinstrumenten, Drohnen und anderen Bauger\u00e4ten.","robots":{"index":"index","follow":"follow","max-snippet":"max-snippet:-1","max-image-preview":"max-image-preview:large","max-video-preview":"max-video-preview:-1"},"canonical":"https:\/\/teguar.com\/eu\/de\/computer-fuer-das-baugewerbe\/","og_locale":"de_DE","og_type":"article","og_title":"Computer f\u00fcr das Baugewerbe","og_description":"Teguar-Baucomputer bieten vielseitige Anschlussm\u00f6glichkeiten f\u00fcr die Integration von Vermessungsinstrumenten, Drohnen und anderen Bauger\u00e4ten.","og_url":"https:\/\/teguar.com\/eu\/de\/computer-fuer-das-baugewerbe\/","og_site_name":"Teguar","article_modified_time":"2025-11-24T14:59:59+00:00","twitter_card":"summary_large_image","twitter_misc":{"Gesch\u00e4tzte Lesezeit":"2\u00a0Minuten"},"schema":{"@context":"https:\/\/schema.org","@graph":[{"@type":"WebPage","@id":"https:\/\/teguar.com\/eu\/de\/computer-fuer-das-baugewerbe\/","url":"https:\/\/teguar.com\/eu\/de\/computer-fuer-das-baugewerbe\/","name":"Computer f\u00fcr das Baugewerbe","isPartOf":{"@id":"https:\/\/teguar.com\/eu\/en\/#website"},"datePublished":"2025-07-02T13:21:05+00:00","dateModified":"2025-11-24T14:59:59+00:00","description":"Teguar-Baucomputer bieten vielseitige Anschlussm\u00f6glichkeiten f\u00fcr die Integration von Vermessungsinstrumenten, Drohnen und anderen Bauger\u00e4ten.","breadcrumb":{"@id":"https:\/\/teguar.com\/eu\/de\/computer-fuer-das-baugewerbe\/#breadcrumb"},"inLanguage":"de","potentialAction":[{"@type":"ReadAction","target":["https:\/\/teguar.com\/eu\/de\/computer-fuer-das-baugewerbe\/"]}]},{"@type":"BreadcrumbList","@id":"https:\/\/teguar.com\/eu\/de\/computer-fuer-das-baugewerbe\/#breadcrumb","itemListElement":[{"@type":"ListItem","position":1,"name":"Home","item":"https:\/\/teguar.com\/eu\/de\/"},{"@type":"ListItem","position":2,"name":"Computer f\u00fcr das Baugewerbe"}]},{"@type":"WebSite","@id":"https:\/\/teguar.com\/eu\/en\/#website","url":"https:\/\/teguar.com\/eu\/en\/","name":"Teguar","description":"Industrial PCs, Medical Computers, and Rugged Tablets","potentialAction":[{"@type":"SearchAction","target":{"@type":"EntryPoint","urlTemplate":"https:\/\/teguar.com\/eu\/en\/?s={search_term_string}"},"query-input":{"@type":"PropertyValueSpecification","valueRequired":true,"valueName":"search_term_string"}}],"inLanguage":"de"}]}},"_links":{"self":[{"href":"https:\/\/teguar.com\/eu\/de\/wp-json\/wp\/v2\/pages\/2243501","targetHints":{"allow":["GET"]}}],"collection":[{"href":"https:\/\/teguar.com\/eu\/de\/wp-json\/wp\/v2\/pages"}],"about":[{"href":"https:\/\/teguar.com\/eu\/de\/wp-json\/wp\/v2\/types\/page"}],"author":[{"embeddable":true,"href":"https:\/\/teguar.com\/eu\/de\/wp-json\/wp\/v2\/users\/3"}],"replies":[{"embeddable":true,"href":"https:\/\/teguar.com\/eu\/de\/wp-json\/wp\/v2\/comments?post=2243501"}],"version-history":[{"count":2,"href":"https:\/\/teguar.com\/eu\/de\/wp-json\/wp\/v2\/pages\/2243501\/revisions"}],"predecessor-version":[{"id":2247758,"href":"https:\/\/teguar.com\/eu\/de\/wp-json\/wp\/v2\/pages\/2243501\/revisions\/2247758"}],"wp:attachment":[{"href":"https:\/\/teguar.com\/eu\/de\/wp-json\/wp\/v2\/media?parent=2243501"}],"curies":[{"name":"wp","href":"https:\/\/api.w.org\/{rel}","templated":true}]}}