{"id":2243500,"date":"2025-06-27T18:33:57","date_gmt":"2025-06-27T18:33:57","guid":{"rendered":"https:\/\/teguar.com\/eu\/fahrzeug-und-gabelstapler-tablets\/"},"modified":"2025-11-24T17:11:39","modified_gmt":"2025-11-24T17:11:39","slug":"fahrzeug-und-gabelstapler-tablets","status":"publish","type":"page","link":"https:\/\/teguar.com\/eu\/de\/fahrzeug-und-gabelstapler-tablets\/","title":{"rendered":"Fahrzeug- und Gabelstapler-Tablets"},"content":{"rendered":"\n<p>In der Nutzfahrzeug- und Gabelstaplerbranche ist die Integration von Technologie entscheidend f\u00fcr die Optimierung der Abl\u00e4ufe, die Verbesserung der Sicherheit und die Steigerung der Produktivit\u00e4t. Denken Sie an ein Lagerhaus, in dem sich Gabelstaplerfahrer auf <a href=\"https:\/\/teguar.com\/eu\/de\/robuste-tablet-pcs\/\">die robusten Tablets von Teguar<\/a> verlassen, um ihre Best\u00e4nde in Echtzeit zu verfolgen, Routen zu optimieren und nahtlos zu kommunizieren. In der Automobilbranche werden Fahrzeugdiagnosen und Wartungsaufgaben mit den Tablets von Teguar rationalisiert. Die besonderen Anforderungen an Fahrzeug- und Gabelstapler-Tablets ergeben sich aus den anspruchsvollen Bedingungen, unter denen sie arbeiten, von den st\u00e4ndigen Vibrationen und Ersch\u00fctterungen in Gabelstaplern bis hin zu den rauen Umgebungen in Kfz-Werkst\u00e4tten.   <\/p>\n\n<h2 class=\"wp-block-heading\"><strong>Die wichtigsten Merkmale der Teguar Tablets f\u00fcr Fahrzeuge und Gabelstapler:<\/strong><\/h2>\n\n<ul class=\"wp-block-list\">\n<li>Robuste Konstruktion: Gebaut, um st\u00e4ndigen Vibrationen und Ersch\u00fctterungen standzuhalten, um eine lange Lebensdauer zu gew\u00e4hrleisten.  <\/li>\n\n\n\n<li>Anpassungsf\u00e4higkeit an die Temperatur: F\u00fcr den Betrieb in extremen Temperaturbereichen geeignet und somit vielseitig f\u00fcr den Innen- und Au\u00dfenbereich einsetzbar.  <\/li>\n\n\n\n<li>Gut ablesbare Displays: Leichte Lesbarkeit bei verschiedenen Lichtverh\u00e4ltnissen f\u00fcr optimale Benutzerfreundlichkeit.  <\/li>\n\n\n\n<li>Nahtlose Konnektivit\u00e4t: Integration mit Fahrzeugdiagnosesystemen, Lagerverwaltungssoftware und anderen wichtigen Tools.  <\/li>\n\n\n\n<li>Anpassungen: Ma\u00dfgeschneiderte L\u00f6sungen f\u00fcr die spezifischen Anforderungen der Fahrzeug- und Gabelstaplerbranche, die die Gesamteffizienz und Produktivit\u00e4t bei kritischen Vorg\u00e4ngen verbessern.  <\/li>\n<\/ul>\n    <section id=\"vehicle-forklift-tablets\" class=\"products-by-tag section-spacing\">\n        <div class=\"container\">\n            <div class=\"header\">\n                                    <h2 class=\"headline\">Tablets f\u00fcr Ladenfahrzeuge und Gabelstapler<\/h2>\n                            <\/div>\n\n            <div class=\"grid product-card-grid-4\">\n                \n<div class=\"product-card\" class=\"product type-product post-2244871 status-publish first instock product_cat-rugged-windows-tablets product_tag-fahrzeug-und-gabelstapler-tablets product_tag-online-kaufen product_tag-schneller-versand-von-robusten-tablets has-post-thumbnail taxable shipping-taxable purchasable product-type-composite\">\n    <div class=\"media\">\n                        <a href=\"https:\/\/teguar.com\/eu\/de\/product\/trt-7080-12\/\">\n            <img decoding=\"async\" src=\"https:\/\/teguar.com\/eu\/wp-content\/uploads\/sites\/2\/2023\/06\/12_Inch_Rugged_Tablet_Docking_Station-TRT-7080-12_Front_with_Dock__07697.1686580506.1280.1280.jpg\" width=\"150\" height=\"91\" alt=\"12 Inch Rugged Tablet Docking Station-TRT-7080-12  Front With Dock\" class=\"hero-image thumb lazy\" loading=\"lazy\" \/>        <\/a>\n    <\/div>\n    <div class=\"content\">\n        <h3>\n            <a href=\"https:\/\/teguar.com\/eu\/de\/product\/trt-7080-12\/\" class=\"name\">\n                TRT-7080-12\n                            <\/a>\n        <\/h3>\n\n                    <div class=\"subtitle\">\n                12&quot; Robustes Tablet mit Dockingstation            <\/div>\n\n        \n                    <div class=\"product-kh\">\n                <ul>\n<li>12,2&#8243; Full HD Touchscreen Display<\/li>\n<li>Intel Core i5\/i7-Prozessor der 12. Generation<\/li>\n<li>Windows 11-F\u00e4higkeit<\/li>\n<li>Hot-Swap-f\u00e4higer Akku<\/li>\n<li>M.2 SSD zug\u00e4nglicher Speicher <\/li>\n<\/ul>\n            <\/div>\n        \n        <div class=\"c-footer\">\n            <a href=\"https:\/\/teguar.com\/eu\/de\/product\/trt-7080-12\/#get-a-quick-quote\" class=\"button button-blue button-get-a-quick-quote\" >Angebot anfordern<\/a>        <\/div>\n    <\/div>\n<\/div>\n\n\n<div class=\"product-card\" class=\"product type-product post-2244822 status-publish instock product_cat-rugged-windows-tablets product_tag-fahrzeug-und-gabelstapler-tablets product_tag-online-kaufen has-post-thumbnail taxable shipping-taxable purchasable product-type-composite\">\n    <div class=\"media\">\n                        <a href=\"https:\/\/teguar.com\/eu\/de\/product\/trt-4680-08\/\">\n            <img decoding=\"async\" src=\"https:\/\/teguar.com\/eu\/wp-content\/uploads\/sites\/2\/2022\/12\/TRT-4680_Front__03498.1670516265.1280.1280.jpg\" width=\"150\" height=\"114\" alt=\"Durable Tablet TRT-4680-08 Front\" class=\"hero-image thumb lazy\" loading=\"lazy\" \/>        <\/a>\n    <\/div>\n    <div class=\"content\">\n        <h3>\n            <a href=\"https:\/\/teguar.com\/eu\/de\/product\/trt-4680-08\/\" class=\"name\">\n                TRT-4680-08\n                            <\/a>\n        <\/h3>\n\n                    <div class=\"subtitle\">\n                8&quot; Langlebiges Tablet            <\/div>\n\n        \n                    <div class=\"product-kh\">\n                <ul>\n<li>Intel Jasper Lake Quad-Core Prozessor<\/li>\n<li>Kratzfestes Glas mit 7H Bewertung<\/li>\n<li>Mehrere E\/As, darunter 1x USB 3.0, 1x Typ-C USB, 1x Mini HDMI<\/li>\n<li>L\u00fcfterloser Betrieb<\/li>\n<li>Vollst\u00e4ndiger Schutz gem\u00e4\u00df IP65<\/li>\n<\/ul>\n            <\/div>\n        \n        <div class=\"c-footer\">\n            <a href=\"https:\/\/teguar.com\/eu\/de\/product\/trt-4680-08\/#get-a-quick-quote\" class=\"button button-blue button-get-a-quick-quote\" >Angebot anfordern<\/a>        <\/div>\n    <\/div>\n<\/div>\n\n            <\/div>\n        <\/div>\n    <\/section>\n\n<p>Fahrzeug- und Gabelstaplertabletts m\u00fcssen extremen Temperaturen standhalten, damit sie sowohl im Innen- als auch im Au\u00dfenbereich optimal funktionieren. Eine robuste Konstruktion ist unerl\u00e4sslich, um die mit Gabelstaplern und anderen Fahrzeugen verbundenen Vibrationen und St\u00f6\u00dfe zu \u00fcberstehen, Sch\u00e4den zu vermeiden und eine lange Lebensdauer zu gew\u00e4hrleisten. Gut sichtbare Displays erm\u00f6glichen eine gute Lesbarkeit bei unterschiedlichen Lichtverh\u00e4ltnissen und sorgen f\u00fcr Klarheit bei der Bedienung der Tablets. Diese Tablets m\u00fcssen au\u00dferdem nahtlose Konnektivit\u00e4t bieten und mit Fahrzeugdiagnosesystemen, Lagerverwaltungssoftware und anderen wichtigen Tools integriert werden k\u00f6nnen, um die Gesamteffizienz zu steigern.     <\/p>\n\n<h2 class=\"wp-block-heading\" id=\"h-why-choose-teguar-for-your-vehicle-amp-forklift-tablet\">Warum sollten Sie Teguar f\u00fcr Ihr Tablet f\u00fcr Fahrzeuge und Gabelstapler w\u00e4hlen?<\/h2>\n\n<p>Wenn Sie auf der Suche nach einem Tablet sind, das den Strapazen des Einsatzes von Fahrzeugen und Gabelstaplern standh\u00e4lt, w\u00e4hlen Sie Teguar. Teguar kennt die besonderen Herausforderungen dieser Branchen und bietet Tablets, die Ihre Erwartungen \u00fcbertreffen. Unsere Ger\u00e4te sind nicht nur technologisch fortschrittlich, sondern auch f\u00fcr die speziellen Anforderungen des Fahrzeug- und Gabelstaplerbetriebs konzipiert. Die Tablets von Teguar geben den Benutzern die Gewissheit, dass ihre Technologie den rauen Bedingungen von Gabelstaplern und Fahrzeugen standhalten kann. Sie bieten die Langlebigkeit und Leistung, die f\u00fcr den Erfolg in diesen kritischen Bereichen unerl\u00e4sslich sind.     <\/p>\n\n<section class=\"hubspot-form section-spacing\">\n    <script charset=\"utf-8\" type=\"text\/javascript\" src=\"\/\/js.hsforms.net\/forms\/embed\/v2.js\"><\/script>\r\n<script>\r\n  hbspt.forms.create({\r\n    portalId: \"21497995\",\r\n    formId: \"11a43242-0316-4b23-9e13-2f6bc9b8edde\",\r\n    region: \"na1\"\r\n  });\r\n<\/script><\/section>\n\n","protected":false},"excerpt":{"rendered":"<p>In der Nutzfahrzeug- und Gabelstaplerbranche ist die Integration von Technologie entscheidend f\u00fcr die Optimierung der Abl\u00e4ufe, die Verbesserung der Sicherheit und die Steigerung der Produktivit\u00e4t. Denken Sie an ein Lagerhaus, in dem sich Gabelstaplerfahrer auf die robusten Tablets von Teguar verlassen, um ihre Best\u00e4nde in Echtzeit zu verfolgen, Routen zu optimieren und nahtlos zu kommunizieren. [&hellip;]<\/p>\n","protected":false},"author":3,"featured_media":0,"parent":0,"menu_order":0,"comment_status":"closed","ping_status":"closed","template":"templates\/template-product-application.php","meta":{"_acf_changed":false,"footnotes":""},"class_list":["post-2243500","page","type-page","status-publish","hentry"],"acf":[],"yoast_head":"<!-- This site is optimized with the Yoast SEO Premium plugin v26.8 (Yoast SEO v27.2) - https:\/\/yoast.com\/product\/yoast-seo-premium-wordpress\/ -->\n<title>Fahrzeug- und Gabelstapler-Tablets<\/title>\n<meta name=\"description\" content=\"Kaufen Sie Teguar Fahrzeug- und Gabelstaplertabletten, da sie extremen Temperaturen standhalten und sowohl im Innen- als auch im Au\u00dfenbereich optimale Funktionalit\u00e4t gew\u00e4hrleisten.\" \/>\n<meta name=\"robots\" content=\"index, follow, max-snippet:-1, max-image-preview:large, max-video-preview:-1\" \/>\n<link rel=\"canonical\" href=\"https:\/\/teguar.com\/eu\/de\/fahrzeug-und-gabelstapler-tablets\/\" \/>\n<meta property=\"og:locale\" content=\"de_DE\" \/>\n<meta property=\"og:type\" content=\"article\" \/>\n<meta property=\"og:title\" content=\"Fahrzeug- und Gabelstapler-Tablets\" \/>\n<meta property=\"og:description\" content=\"Kaufen Sie Teguar Fahrzeug- und Gabelstaplertabletten, da sie extremen Temperaturen standhalten und sowohl im Innen- als auch im Au\u00dfenbereich optimale Funktionalit\u00e4t gew\u00e4hrleisten.\" \/>\n<meta property=\"og:url\" content=\"https:\/\/teguar.com\/eu\/de\/fahrzeug-und-gabelstapler-tablets\/\" \/>\n<meta property=\"og:site_name\" content=\"Teguar\" \/>\n<meta property=\"article:modified_time\" content=\"2025-11-24T17:11:39+00:00\" \/>\n<meta name=\"twitter:card\" content=\"summary_large_image\" \/>\n<meta name=\"twitter:label1\" content=\"Gesch\u00e4tzte Lesezeit\" \/>\n\t<meta name=\"twitter:data1\" content=\"2\u00a0Minuten\" \/>\n<script type=\"application\/ld+json\" class=\"yoast-schema-graph\">{\"@context\":\"https:\/\/schema.org\",\"@graph\":[{\"@type\":\"WebPage\",\"@id\":\"https:\/\/teguar.com\/eu\/de\/fahrzeug-und-gabelstapler-tablets\/\",\"url\":\"https:\/\/teguar.com\/eu\/de\/fahrzeug-und-gabelstapler-tablets\/\",\"name\":\"Fahrzeug- und Gabelstapler-Tablets\",\"isPartOf\":{\"@id\":\"https:\/\/teguar.com\/eu\/en\/#website\"},\"datePublished\":\"2025-06-27T18:33:57+00:00\",\"dateModified\":\"2025-11-24T17:11:39+00:00\",\"description\":\"Kaufen Sie Teguar Fahrzeug- und Gabelstaplertabletten, da sie extremen Temperaturen standhalten und sowohl im Innen- als auch im Au\u00dfenbereich optimale Funktionalit\u00e4t gew\u00e4hrleisten.\",\"breadcrumb\":{\"@id\":\"https:\/\/teguar.com\/eu\/de\/fahrzeug-und-gabelstapler-tablets\/#breadcrumb\"},\"inLanguage\":\"de\",\"potentialAction\":[{\"@type\":\"ReadAction\",\"target\":[\"https:\/\/teguar.com\/eu\/de\/fahrzeug-und-gabelstapler-tablets\/\"]}]},{\"@type\":\"BreadcrumbList\",\"@id\":\"https:\/\/teguar.com\/eu\/de\/fahrzeug-und-gabelstapler-tablets\/#breadcrumb\",\"itemListElement\":[{\"@type\":\"ListItem\",\"position\":1,\"name\":\"Home\",\"item\":\"https:\/\/teguar.com\/eu\/de\/\"},{\"@type\":\"ListItem\",\"position\":2,\"name\":\"Fahrzeug- und Gabelstapler-Tablets\"}]},{\"@type\":\"WebSite\",\"@id\":\"https:\/\/teguar.com\/eu\/en\/#website\",\"url\":\"https:\/\/teguar.com\/eu\/en\/\",\"name\":\"Teguar\",\"description\":\"Industrial PCs, Medical Computers, and Rugged Tablets\",\"potentialAction\":[{\"@type\":\"SearchAction\",\"target\":{\"@type\":\"EntryPoint\",\"urlTemplate\":\"https:\/\/teguar.com\/eu\/en\/?s={search_term_string}\"},\"query-input\":{\"@type\":\"PropertyValueSpecification\",\"valueRequired\":true,\"valueName\":\"search_term_string\"}}],\"inLanguage\":\"de\"}]}<\/script>\n<!-- \/ Yoast SEO Premium plugin. -->","yoast_head_json":{"title":"Fahrzeug- und Gabelstapler-Tablets","description":"Kaufen Sie Teguar Fahrzeug- und Gabelstaplertabletten, da sie extremen Temperaturen standhalten und sowohl im Innen- als auch im Au\u00dfenbereich optimale Funktionalit\u00e4t gew\u00e4hrleisten.","robots":{"index":"index","follow":"follow","max-snippet":"max-snippet:-1","max-image-preview":"max-image-preview:large","max-video-preview":"max-video-preview:-1"},"canonical":"https:\/\/teguar.com\/eu\/de\/fahrzeug-und-gabelstapler-tablets\/","og_locale":"de_DE","og_type":"article","og_title":"Fahrzeug- und Gabelstapler-Tablets","og_description":"Kaufen Sie Teguar Fahrzeug- und Gabelstaplertabletten, da sie extremen Temperaturen standhalten und sowohl im Innen- als auch im Au\u00dfenbereich optimale Funktionalit\u00e4t gew\u00e4hrleisten.","og_url":"https:\/\/teguar.com\/eu\/de\/fahrzeug-und-gabelstapler-tablets\/","og_site_name":"Teguar","article_modified_time":"2025-11-24T17:11:39+00:00","twitter_card":"summary_large_image","twitter_misc":{"Gesch\u00e4tzte Lesezeit":"2\u00a0Minuten"},"schema":{"@context":"https:\/\/schema.org","@graph":[{"@type":"WebPage","@id":"https:\/\/teguar.com\/eu\/de\/fahrzeug-und-gabelstapler-tablets\/","url":"https:\/\/teguar.com\/eu\/de\/fahrzeug-und-gabelstapler-tablets\/","name":"Fahrzeug- und Gabelstapler-Tablets","isPartOf":{"@id":"https:\/\/teguar.com\/eu\/en\/#website"},"datePublished":"2025-06-27T18:33:57+00:00","dateModified":"2025-11-24T17:11:39+00:00","description":"Kaufen Sie Teguar Fahrzeug- und Gabelstaplertabletten, da sie extremen Temperaturen standhalten und sowohl im Innen- als auch im Au\u00dfenbereich optimale Funktionalit\u00e4t gew\u00e4hrleisten.","breadcrumb":{"@id":"https:\/\/teguar.com\/eu\/de\/fahrzeug-und-gabelstapler-tablets\/#breadcrumb"},"inLanguage":"de","potentialAction":[{"@type":"ReadAction","target":["https:\/\/teguar.com\/eu\/de\/fahrzeug-und-gabelstapler-tablets\/"]}]},{"@type":"BreadcrumbList","@id":"https:\/\/teguar.com\/eu\/de\/fahrzeug-und-gabelstapler-tablets\/#breadcrumb","itemListElement":[{"@type":"ListItem","position":1,"name":"Home","item":"https:\/\/teguar.com\/eu\/de\/"},{"@type":"ListItem","position":2,"name":"Fahrzeug- und Gabelstapler-Tablets"}]},{"@type":"WebSite","@id":"https:\/\/teguar.com\/eu\/en\/#website","url":"https:\/\/teguar.com\/eu\/en\/","name":"Teguar","description":"Industrial PCs, Medical Computers, and Rugged Tablets","potentialAction":[{"@type":"SearchAction","target":{"@type":"EntryPoint","urlTemplate":"https:\/\/teguar.com\/eu\/en\/?s={search_term_string}"},"query-input":{"@type":"PropertyValueSpecification","valueRequired":true,"valueName":"search_term_string"}}],"inLanguage":"de"}]}},"_links":{"self":[{"href":"https:\/\/teguar.com\/eu\/de\/wp-json\/wp\/v2\/pages\/2243500","targetHints":{"allow":["GET"]}}],"collection":[{"href":"https:\/\/teguar.com\/eu\/de\/wp-json\/wp\/v2\/pages"}],"about":[{"href":"https:\/\/teguar.com\/eu\/de\/wp-json\/wp\/v2\/types\/page"}],"author":[{"embeddable":true,"href":"https:\/\/teguar.com\/eu\/de\/wp-json\/wp\/v2\/users\/3"}],"replies":[{"embeddable":true,"href":"https:\/\/teguar.com\/eu\/de\/wp-json\/wp\/v2\/comments?post=2243500"}],"version-history":[{"count":2,"href":"https:\/\/teguar.com\/eu\/de\/wp-json\/wp\/v2\/pages\/2243500\/revisions"}],"predecessor-version":[{"id":2247793,"href":"https:\/\/teguar.com\/eu\/de\/wp-json\/wp\/v2\/pages\/2243500\/revisions\/2247793"}],"wp:attachment":[{"href":"https:\/\/teguar.com\/eu\/de\/wp-json\/wp\/v2\/media?parent=2243500"}],"curies":[{"name":"wp","href":"https:\/\/api.w.org\/{rel}","templated":true}]}}