{"id":2243497,"date":"2025-06-27T18:27:58","date_gmt":"2025-06-27T18:27:58","guid":{"rendered":"https:\/\/teguar.com\/eu\/interaktive-displays\/"},"modified":"2025-11-24T17:27:33","modified_gmt":"2025-11-24T17:27:33","slug":"interaktive-displays","status":"publish","type":"page","link":"https:\/\/teguar.com\/eu\/de\/interaktive-displays\/","title":{"rendered":"Interaktive Displays"},"content":{"rendered":"\n<p>Interaktive Bildschirme gibt es in zwei Formen: als <a href=\"https:\/\/teguar.com\/eu\/blog\/panel_pcs_vs_fanless_plus_touchdisplay\/\" target=\"_blank\" rel=\"noreferrer noopener\">All-in-One-Panel-PC<\/a> oder als <a href=\"https:\/\/teguar.com\/eu\/de\/rugged-computer\/\">robusten Box-PC<\/a> mit <a href=\"https:\/\/teguar.com\/eu\/de\/industrielle-displays\/\">Industriemonitor<\/a>. Beide Formen bieten eine hohe Verarbeitungsleistung und robuste Geh\u00e4use. Teguar bietet interaktive Bildschirme an, die l\u00fcfterlos und vollst\u00e4ndig abgedichtet sind, so dass sie in staubigen oder schmutzigen Umgebungen funktionieren und die internen Teile des Systems vor Spritzwasser gesch\u00fctzt sind. Die Industriecomputer von Teguar sind mit resistiven Touchscreens erh\u00e4ltlich, die sehr widerstandsf\u00e4hig sind und Ber\u00fchrungen registrieren, selbst wenn der Benutzer Handschuhe tr\u00e4gt. Die Panel-PCs von Teguar k\u00f6nnen auch mit einem projektiv-kapazitiven Touchscreen ausgestattet werden, so dass mehrere Benutzer den Touchscreen gleichzeitig nutzen k\u00f6nnen.    <\/p>\n\n<h2 class=\"wp-block-heading\" id=\"h-features-of-interactive-displays\"><strong>Eigenschaften von interaktiven Displays:<\/strong><\/h2>\n\n<ul class=\"wp-block-list\">\n<li>Erh\u00e4ltlich in Bildschirmgr\u00f6\u00dfen von 07&#8243; &#8211; 24&#8243;.<\/li>\n\n\n\n<li>Intel Core i3\/i5\/i7 oder Intel Atom\/Celeron CPU<\/li>\n\n\n\n<li>Langlebige Touchscreens<\/li>\n\n\n\n<li>Montageoptionen: VESA-Halterung, Panel-Halterung und Desktop-Halterung<\/li>\n\n\n\n<li>Wi-Fi, Bluetooth und 3G\/4G-Funktionen<\/li>\n\n\n\n<li>\u00c4sthetisch ansprechendes, l\u00fcfterloses Design<\/li>\n\n\n\n<li>Entwickelt f\u00fcr den 24\/7-Betrieb<\/li>\n\n\n\n<li>Lange Lebenszyklen und hohe Zuverl\u00e4ssigkeit<\/li>\n<\/ul>\n\n<p>Teguar bietet Touchscreen-Computer und -Monitore, die selbst unter den h\u00e4rtesten Bedingungen langlebig sind. Mit ihren robusten, nach IP65 eingestuften Frontplatten sind die interaktiven Displays von Teguar ideal f\u00fcr Touchscreen-Anwendungen in \u00f6ffentlichen Bereichen, wie z.B. Bestellschilder in Restaurants und interaktive Karten von Veranstaltungsorten. Sie eignen sich auch f\u00fcr Anwendungen in stark frequentierten Bereichen, in denen t\u00e4glich Hunderte von Benutzern mit dem Touchscreen interagieren k\u00f6nnen, wie z.B. bei der Ein- und Austrittskontrolle von Mitarbeitern und der interaktiven Raumbeschilderung. F\u00fcr interaktive Displays im Au\u00dfenbereich bietet Teguar Computer an, die vollst\u00e4ndig wasserdicht sind, \u00fcber helle Bildschirme verf\u00fcgen, die auch bei Sonnenlicht gut lesbar sind, und in einem breiten Temperaturbereich arbeiten k\u00f6nnen.   <\/p>\n    <section id=\"interactive-displays\" class=\"products-by-tag section-spacing\">\n        <div class=\"container\">\n            <div class=\"header\">\n                                    <h2 class=\"headline\">Interaktive Displays einkaufen<\/h2>\n                            <\/div>\n\n            <div class=\"grid product-card-grid-4\">\n                \n<div class=\"product-card\" class=\"product type-product post-2245401 status-publish first instock product_cat-hmi-panel product_cat-panel-pc product_tag-buy-online product_tag-cornerstone-series product_tag-interactive-displays product_tag-quick-ship-industrial-computers product_tag-quick-ship-panel-pcs product_tag-tp-4845-series has-post-thumbnail taxable shipping-taxable purchasable product-type-composite\">\n    <div class=\"media\">\n                        <a href=\"https:\/\/teguar.com\/eu\/de\/product\/tp-4845-07\/\">\n            <img decoding=\"async\" src=\"https:\/\/teguar.com\/eu\/wp-content\/uploads\/sites\/2\/2023\/08\/7_Panel_PC_TP-4845-07_Front_Angle__92255.1703191084.1280.1280.jpg\" width=\"150\" height=\"113\" alt=\"7&quot; Panel PC TP-4845-07 Front Angle\" class=\"hero-image thumb lazy\" loading=\"lazy\" \/>        <\/a>\n    <\/div>\n    <div class=\"content\">\n        <h3>\n            <a href=\"https:\/\/teguar.com\/eu\/de\/product\/tp-4845-07\/\" class=\"name\">\n                TP-4845-07\n                            <\/a>\n        <\/h3>\n\n                    <div class=\"subtitle\">\n                7&quot; Panel PC            <\/div>\n\n        \n                    <div class=\"product-kh\">\n                <ul>\n<li>Resistiver oder PCAP 7&#8243; Touchscreen Optionen<\/li>\n<li>Intel Celeron J6412 Vierkern-Prozessor<\/li>\n<li>Geh\u00e4use aus Aluminiumdruckguss und Frontblende nach IP66<\/li>\n<li>WiFi 6 f\u00e4hig<\/li>\n<li>Windows 11-Funktionen<\/li>\n<\/ul>\n            <\/div>\n        \n        <div class=\"c-footer\">\n            <a href=\"https:\/\/teguar.com\/eu\/de\/product\/tp-4845-07\/#get-a-quick-quote\" class=\"button button-blue button-get-a-quick-quote\" >Angebot anfordern<\/a>        <\/div>\n    <\/div>\n<\/div>\n\n\n<div class=\"product-card\" class=\"product type-product post-2247400 status-publish instock product_cat-hmi-panel product_cat-panel-pcs product_tag-fertigungs-computer product_tag-interaktive-displays product_tag-online-kaufen product_tag-pinnacle-series product_tag-schnellversand-panel-pcs has-post-thumbnail taxable shipping-taxable purchasable product-type-composite\">\n    <div class=\"media\">\n                        <a href=\"https:\/\/teguar.com\/eu\/de\/product\/pinnacle-tp-4800-16\/\">\n            <img decoding=\"async\" src=\"https:\/\/teguar.com\/eu\/wp-content\/uploads\/sites\/2\/2025\/01\/Pinnacle_Panel_PC_TP-4800-16_Angle_Red__61555.1742304500.1280.1280.jpg\" width=\"150\" height=\"150\" alt=\"16 inch Pinnacle Panel PC TP-4800-16 Front Angle\" class=\"hero-image thumb lazy\" loading=\"lazy\" \/>        <\/a>\n    <\/div>\n    <div class=\"content\">\n        <h3>\n            <a href=\"https:\/\/teguar.com\/eu\/de\/product\/pinnacle-tp-4800-16\/\" class=\"name\">\n                Pinnacle TP-4800-16\n                            <\/a>\n        <\/h3>\n\n                    <div class=\"subtitle\">\n                15,6&quot; Panel PC            <\/div>\n\n        \n                    <div class=\"product-kh\">\n                <ul>\n<li>Neuester l\u00fcfterloser Intel\u00ae Elkhart Lake-Prozessor<\/li>\n<li>15,6&#8243; Display mit hoher Helligkeit und Direct Bonded Touch<\/li>\n<li>PoE, USB-C, Digital I\/O, HDMI-Anschl\u00fcsse<\/li>\n<li>Atemberaubend schlanker Formfaktor<\/li>\n<li>Solides Aluminium-Gussgeh\u00e4use<\/li>\n<li>Windows 11 Pro und IOT<\/li>\n<\/ul>\n            <\/div>\n        \n        <div class=\"c-footer\">\n            <a href=\"https:\/\/teguar.com\/eu\/de\/product\/pinnacle-tp-4800-16\/#get-a-quick-quote\" class=\"button button-blue button-get-a-quick-quote\" >Angebot anfordern<\/a>        <\/div>\n    <\/div>\n<\/div>\n\n            <\/div>\n        <\/div>\n    <\/section>\n\n<p>Die interaktiven Bildschirme von Teguar sind weltweit in Museen, Vergn\u00fcgungsparks, Konferenzr\u00e4umen, Restaurants und sogar in einem Affenhabitat zu finden, wo Primatologen innovative Touchscreen-Technologie zur Erforschung und Interaktion mit Primaten einsetzen. Was auch immer Ihre Anwendung ist, Teguar hat ein interaktives Display, das eine langlebige und zuverl\u00e4ssige L\u00f6sung bietet.   <\/p>\n\n<h3 class=\"wp-block-heading\">Teguar Interaktive Display-Anwendungen:<\/h3>\n\n<ul class=\"wp-block-list\">\n<li>Restaurant Menu Board<\/li>\n\n\n\n<li>Interaktives Museumsexponat<\/li>\n\n\n\n<li>Forschung und Bildung  <\/li>\n\n\n\n<li>Informationsterminal<\/li>\n\n\n\n<li>Beschilderung f\u00fcr Konferenzr\u00e4ume<\/li>\n\n\n\n<li>Produktwerbung<\/li>\n\n\n\n<li>Wegfindung  <\/li>\n<\/ul>\n\n<section class=\"hubspot-form section-spacing\">\n    <script charset=\"utf-8\" type=\"text\/javascript\" src=\"\/\/js.hsforms.net\/forms\/embed\/v2.js\"><\/script>\r\n<script>\r\n  hbspt.forms.create({\r\n    portalId: \"21497995\",\r\n    formId: \"11a43242-0316-4b23-9e13-2f6bc9b8edde\",\r\n    region: \"na1\"\r\n  });\r\n<\/script><\/section>\n\n","protected":false},"excerpt":{"rendered":"<p>Interaktive Bildschirme gibt es in zwei Formen: als All-in-One-Panel-PC oder als robusten Box-PC mit Industriemonitor. Beide Formen bieten eine hohe Verarbeitungsleistung und robuste Geh\u00e4use. Teguar bietet interaktive Bildschirme an, die l\u00fcfterlos und vollst\u00e4ndig abgedichtet sind, so dass sie in staubigen oder schmutzigen Umgebungen funktionieren und die internen Teile des Systems vor Spritzwasser gesch\u00fctzt sind. Die [&hellip;]<\/p>\n","protected":false},"author":3,"featured_media":0,"parent":0,"menu_order":0,"comment_status":"closed","ping_status":"closed","template":"templates\/template-product-application.php","meta":{"_acf_changed":false,"footnotes":""},"class_list":["post-2243497","page","type-page","status-publish","hentry"],"acf":[],"yoast_head":"<!-- This site is optimized with the Yoast SEO Premium plugin v26.8 (Yoast SEO v27.2) - https:\/\/yoast.com\/product\/yoast-seo-premium-wordpress\/ -->\n<title>Interaktive Displays<\/title>\n<meta name=\"description\" content=\"Interaktive Displays sind langlebig und f\u00fcr den Einsatz in stark frequentierten Bereichen wie Museen, Konferenzr\u00e4umen, Restaurants, Vergn\u00fcgungsparks und vielen anderen Umgebungen konzipiert.\" \/>\n<meta name=\"robots\" content=\"index, follow, max-snippet:-1, max-image-preview:large, max-video-preview:-1\" \/>\n<link rel=\"canonical\" href=\"https:\/\/teguar.com\/eu\/de\/interaktive-displays\/\" \/>\n<meta property=\"og:locale\" content=\"de_DE\" \/>\n<meta property=\"og:type\" content=\"article\" \/>\n<meta property=\"og:title\" content=\"Interaktive Displays\" \/>\n<meta property=\"og:description\" content=\"Interaktive Displays sind langlebig und f\u00fcr den Einsatz in stark frequentierten Bereichen wie Museen, Konferenzr\u00e4umen, Restaurants, Vergn\u00fcgungsparks und vielen anderen Umgebungen konzipiert.\" \/>\n<meta property=\"og:url\" content=\"https:\/\/teguar.com\/eu\/de\/interaktive-displays\/\" \/>\n<meta property=\"og:site_name\" content=\"Teguar\" \/>\n<meta property=\"article:modified_time\" content=\"2025-11-24T17:27:33+00:00\" \/>\n<meta name=\"twitter:card\" content=\"summary_large_image\" \/>\n<meta name=\"twitter:label1\" content=\"Gesch\u00e4tzte Lesezeit\" \/>\n\t<meta name=\"twitter:data1\" content=\"2\u00a0Minuten\" \/>\n<script type=\"application\/ld+json\" class=\"yoast-schema-graph\">{\"@context\":\"https:\/\/schema.org\",\"@graph\":[{\"@type\":\"WebPage\",\"@id\":\"https:\/\/teguar.com\/eu\/de\/interaktive-displays\/\",\"url\":\"https:\/\/teguar.com\/eu\/de\/interaktive-displays\/\",\"name\":\"Interaktive Displays\",\"isPartOf\":{\"@id\":\"https:\/\/teguar.com\/eu\/en\/#website\"},\"datePublished\":\"2025-06-27T18:27:58+00:00\",\"dateModified\":\"2025-11-24T17:27:33+00:00\",\"description\":\"Interaktive Displays sind langlebig und f\u00fcr den Einsatz in stark frequentierten Bereichen wie Museen, Konferenzr\u00e4umen, Restaurants, Vergn\u00fcgungsparks und vielen anderen Umgebungen konzipiert.\",\"breadcrumb\":{\"@id\":\"https:\/\/teguar.com\/eu\/de\/interaktive-displays\/#breadcrumb\"},\"inLanguage\":\"de\",\"potentialAction\":[{\"@type\":\"ReadAction\",\"target\":[\"https:\/\/teguar.com\/eu\/de\/interaktive-displays\/\"]}]},{\"@type\":\"BreadcrumbList\",\"@id\":\"https:\/\/teguar.com\/eu\/de\/interaktive-displays\/#breadcrumb\",\"itemListElement\":[{\"@type\":\"ListItem\",\"position\":1,\"name\":\"Home\",\"item\":\"https:\/\/teguar.com\/eu\/de\/\"},{\"@type\":\"ListItem\",\"position\":2,\"name\":\"Interaktive Displays\"}]},{\"@type\":\"WebSite\",\"@id\":\"https:\/\/teguar.com\/eu\/en\/#website\",\"url\":\"https:\/\/teguar.com\/eu\/en\/\",\"name\":\"Teguar\",\"description\":\"Industrial PCs, Medical Computers, and Rugged Tablets\",\"potentialAction\":[{\"@type\":\"SearchAction\",\"target\":{\"@type\":\"EntryPoint\",\"urlTemplate\":\"https:\/\/teguar.com\/eu\/en\/?s={search_term_string}\"},\"query-input\":{\"@type\":\"PropertyValueSpecification\",\"valueRequired\":true,\"valueName\":\"search_term_string\"}}],\"inLanguage\":\"de\"}]}<\/script>\n<!-- \/ Yoast SEO Premium plugin. -->","yoast_head_json":{"title":"Interaktive Displays","description":"Interaktive Displays sind langlebig und f\u00fcr den Einsatz in stark frequentierten Bereichen wie Museen, Konferenzr\u00e4umen, Restaurants, Vergn\u00fcgungsparks und vielen anderen Umgebungen konzipiert.","robots":{"index":"index","follow":"follow","max-snippet":"max-snippet:-1","max-image-preview":"max-image-preview:large","max-video-preview":"max-video-preview:-1"},"canonical":"https:\/\/teguar.com\/eu\/de\/interaktive-displays\/","og_locale":"de_DE","og_type":"article","og_title":"Interaktive Displays","og_description":"Interaktive Displays sind langlebig und f\u00fcr den Einsatz in stark frequentierten Bereichen wie Museen, Konferenzr\u00e4umen, Restaurants, Vergn\u00fcgungsparks und vielen anderen Umgebungen konzipiert.","og_url":"https:\/\/teguar.com\/eu\/de\/interaktive-displays\/","og_site_name":"Teguar","article_modified_time":"2025-11-24T17:27:33+00:00","twitter_card":"summary_large_image","twitter_misc":{"Gesch\u00e4tzte Lesezeit":"2\u00a0Minuten"},"schema":{"@context":"https:\/\/schema.org","@graph":[{"@type":"WebPage","@id":"https:\/\/teguar.com\/eu\/de\/interaktive-displays\/","url":"https:\/\/teguar.com\/eu\/de\/interaktive-displays\/","name":"Interaktive Displays","isPartOf":{"@id":"https:\/\/teguar.com\/eu\/en\/#website"},"datePublished":"2025-06-27T18:27:58+00:00","dateModified":"2025-11-24T17:27:33+00:00","description":"Interaktive Displays sind langlebig und f\u00fcr den Einsatz in stark frequentierten Bereichen wie Museen, Konferenzr\u00e4umen, Restaurants, Vergn\u00fcgungsparks und vielen anderen Umgebungen konzipiert.","breadcrumb":{"@id":"https:\/\/teguar.com\/eu\/de\/interaktive-displays\/#breadcrumb"},"inLanguage":"de","potentialAction":[{"@type":"ReadAction","target":["https:\/\/teguar.com\/eu\/de\/interaktive-displays\/"]}]},{"@type":"BreadcrumbList","@id":"https:\/\/teguar.com\/eu\/de\/interaktive-displays\/#breadcrumb","itemListElement":[{"@type":"ListItem","position":1,"name":"Home","item":"https:\/\/teguar.com\/eu\/de\/"},{"@type":"ListItem","position":2,"name":"Interaktive Displays"}]},{"@type":"WebSite","@id":"https:\/\/teguar.com\/eu\/en\/#website","url":"https:\/\/teguar.com\/eu\/en\/","name":"Teguar","description":"Industrial PCs, Medical Computers, and Rugged Tablets","potentialAction":[{"@type":"SearchAction","target":{"@type":"EntryPoint","urlTemplate":"https:\/\/teguar.com\/eu\/en\/?s={search_term_string}"},"query-input":{"@type":"PropertyValueSpecification","valueRequired":true,"valueName":"search_term_string"}}],"inLanguage":"de"}]}},"_links":{"self":[{"href":"https:\/\/teguar.com\/eu\/de\/wp-json\/wp\/v2\/pages\/2243497","targetHints":{"allow":["GET"]}}],"collection":[{"href":"https:\/\/teguar.com\/eu\/de\/wp-json\/wp\/v2\/pages"}],"about":[{"href":"https:\/\/teguar.com\/eu\/de\/wp-json\/wp\/v2\/types\/page"}],"author":[{"embeddable":true,"href":"https:\/\/teguar.com\/eu\/de\/wp-json\/wp\/v2\/users\/3"}],"replies":[{"embeddable":true,"href":"https:\/\/teguar.com\/eu\/de\/wp-json\/wp\/v2\/comments?post=2243497"}],"version-history":[{"count":2,"href":"https:\/\/teguar.com\/eu\/de\/wp-json\/wp\/v2\/pages\/2243497\/revisions"}],"predecessor-version":[{"id":2247800,"href":"https:\/\/teguar.com\/eu\/de\/wp-json\/wp\/v2\/pages\/2243497\/revisions\/2247800"}],"wp:attachment":[{"href":"https:\/\/teguar.com\/eu\/de\/wp-json\/wp\/v2\/media?parent=2243497"}],"curies":[{"name":"wp","href":"https:\/\/api.w.org\/{rel}","templated":true}]}}