{"id":2243496,"date":"2025-06-27T17:24:43","date_gmt":"2025-06-27T17:24:43","guid":{"rendered":"https:\/\/teguar.com\/eu\/roentgenraum-roentgencomputer\/"},"modified":"2025-11-24T18:08:21","modified_gmt":"2025-11-24T18:08:21","slug":"roentgenraum-roentgencomputer","status":"publish","type":"page","link":"https:\/\/teguar.com\/eu\/de\/roentgenraum-roentgencomputer\/","title":{"rendered":"R\u00f6ntgenraum (R\u00f6ntgencomputer)"},"content":{"rendered":"\n<p>Der medizinische All-in-One-Computer und der medizinische Box-PC von Teguar sind die perfekte Plattform f\u00fcr die Anzeige und Verwaltung von R\u00f6ntgenaufnahmen. In den Computern von Teguar kommen die neuesten CPUs mit verbesserter Grafikverarbeitung zum Einsatz, so dass alles &#8211; von R\u00f6ntgenbildern bis hin zu OP-Bildern in Echtzeit &#8211; gestochen scharf und sauber auf HD-LED-Bildschirmen angezeigt wird. Die R\u00f6ntgenraum-Computer von Teguar k\u00f6nnen mit einer speziellen Grafikkarte ausgestattet werden. \u00dcber einen PCI-E-Steckplatz k\u00f6nnen Sie eine Framegrabber-Karte oder einen schnelleren Grafikprozessor installieren, um Bilder zu erfassen und auf einem 15-Zoll-Bildschirm im Format 5:4 bis hin zu einem 24-Zoll-Bildschirm im Format 16:9 anzuzeigen.   <\/p>\n\n\n\n<h2 class=\"wp-block-heading\" id=\"h-merkmale-von-rontgencomputern\"><strong>Merkmale von R\u00f6ntgencomputern:<\/strong><\/h2>\n\n\n\n<ul class=\"wp-block-list\">\n<li>Erh\u00e4ltlich in Bildschirmgr\u00f6\u00dfen von 10&#8243; bis 27&#8243; oder Box PC<\/li>\n\n\n\n<li>Intel Core i3\/i5\/i7 oder Intel Atom\/Celeron CPU<\/li>\n\n\n\n<li>IEC60601 zertifiziert<\/li>\n\n\n\n<li>PCAP oder resistiver Touchscreen<\/li>\n\n\n\n<li>IP65-zertifizierte Frontblende und antimikrobielles Geh\u00e4use<\/li>\n\n\n\n<li>4kV Isolierung der I\/O-Schnittstellen<\/li>\n\n\n\n<li>TPM v2.0 Module und vPro\u2122 Technologie<\/li>\n\n\n\n<li>Hochaufl\u00f6sende DICOM-konforme Bildschirme*<\/li>\n<\/ul>\n\n\n\n<p>*Teguar Computers bietet die eigentliche DICOM-Zertifizierung nicht an. Dies ist ein Prozess, der vor Ort von unabh\u00e4ngigen Organisationen durchgef\u00fchrt wird. <\/p>\n\n\n    <section id=\"radiograph-room-x-ray-computers\" class=\"products-by-tag section-spacing\">\n        <div class=\"container\">\n            <div class=\"header\">\n                                    <h2 class=\"headline\">R\u00f6ntgencomputer einkaufen<\/h2>\n                            <\/div>\n\n            <div class=\"grid product-card-grid-4\">\n                \n<div class=\"product-card\" class=\"product type-product post-2245632 status-publish first instock product_cat-computer-fur-medizinische-zwecke product_tag-online-kaufen product_tag-quick-ship-medizinische-computer product_tag-roentgenraum-roentgencomputer has-post-thumbnail taxable shipping-taxable purchasable product-type-composite\">\n    <div class=\"media\">\n                        <a href=\"https:\/\/teguar.com\/eu\/de\/product\/tm-5557-22\/\">\n            <img decoding=\"async\" src=\"https:\/\/teguar.com\/eu\/wp-content\/uploads\/sites\/2\/2025\/12\/medical_panel_computer_TM-5957-22__73368.1663773479.1280.1280.jpg\" width=\"150\" height=\"150\" alt=\"TM-5557-22\" class=\"hero-image thumb lazy\" loading=\"lazy\" \/>        <\/a>\n    <\/div>\n    <div class=\"content\">\n        <h3>\n            <a href=\"https:\/\/teguar.com\/eu\/de\/product\/tm-5557-22\/\" class=\"name\">\n                TM-5557-22\n                            <\/a>\n        <\/h3>\n\n                    <div class=\"subtitle\">\n                22&quot; Medizinischer Panel Computer            <\/div>\n\n        \n                    <div class=\"product-kh\">\n                <ul>\n<li>21.5&#8243; L\u00fcfterloser Medizinischer AIO<\/li>\n<li>Intel 7th Gen Kabylake Core i5\/i7 Celeron CPU<\/li>\n<li>Full HD Display mit P-CAP Touchscreen<\/li>\n<li>Neueste 4. Ausgabe 60601 Medizinische Zertifizierungen<\/li>\n<li>Geringes Gewicht, ultrad\u00fcnne, stilvolle L\u00fcnette<\/li>\n<li>Bequemer &amp; leicht zug\u00e4nglicher USB-Anschluss an der Seite<\/li>\n<li>IP65 Frontblende mit antimikrobiellem Geh\u00e4use<\/li>\n<\/ul>\n            <\/div>\n        \n        <div class=\"c-footer\">\n            <a href=\"https:\/\/teguar.com\/eu\/de\/product\/tm-5557-22\/#get-a-quick-quote\" class=\"button button-blue button-get-a-quick-quote\" >Angebot anfordern<\/a>        <\/div>\n    <\/div>\n<\/div>\n\n            <\/div>\n        <\/div>\n    <\/section>\n\n\n\n<p>Wenn kein Touchscreen ben\u00f6tigt wird, erf\u00fcllt der medizinische Box-PC von Teguar die Anforderungen von R\u00f6ntgenr\u00e4umen mit der gleichen CPU- und GPU-Leistung, die auch die medizinischen All-in-One-Computer bieten. Der medizinische Box-PC von Teguar passt auch in kleine R\u00e4ume auf einem Tisch oder auf einem medizinischen Wagen. Der Teguar Medical-Box-PC bietet mehrere Videoausg\u00e4nge, um eine Vielzahl von medizinischen Bildschirmanforderungen zu erf\u00fcllen und verf\u00fcgt \u00fcber einen optionalen PCI-E-Steckplatz. Was auch immer Ihre medizinischen Bildanforderungen sind, die medizinischen All-in-One- und Box-PCs von Teguar erf\u00fcllen und \u00fcbertreffen die Erwartungen.<\/p>\n\n\n\n<h3 class=\"wp-block-heading\">Sind die R\u00f6ntgenraumrechner von Teguar f\u00fcr DICOM konfigurierbar?<\/h3>\n\n\n\n<p>Ja, Teguar bietet Computer an, die f\u00fcr DICOM konfigurierbar sind. Allerdings muss die DICOM-Zertifizierung von einer unabh\u00e4ngigen Organisation stammen. DICOM (Digital Imaging and Communications in Medicine) ist ein internationaler Standard f\u00fcr medizinische Bilder und ist ein wichtiges Merkmal von Radiologie-Computern <\/p>\n\n\n\n<section class=\"hubspot-form section-spacing\">\n    <script charset=\"utf-8\" type=\"text\/javascript\" src=\"\/\/js.hsforms.net\/forms\/embed\/v2.js\"><\/script>\r\n<script>\r\n  hbspt.forms.create({\r\n    portalId: \"21497995\",\r\n    formId: \"11a43242-0316-4b23-9e13-2f6bc9b8edde\",\r\n    region: \"na1\"\r\n  });\r\n<\/script><\/section>\n\n","protected":false},"excerpt":{"rendered":"<p>Der medizinische All-in-One-Computer und der medizinische Box-PC von Teguar sind die perfekte Plattform f\u00fcr die Anzeige und Verwaltung von R\u00f6ntgenaufnahmen. In den Computern von Teguar kommen die neuesten CPUs mit verbesserter Grafikverarbeitung zum Einsatz, so dass alles &#8211; von R\u00f6ntgenbildern bis hin zu OP-Bildern in Echtzeit &#8211; gestochen scharf und sauber auf HD-LED-Bildschirmen angezeigt wird. [&hellip;]<\/p>\n","protected":false},"author":3,"featured_media":0,"parent":0,"menu_order":0,"comment_status":"closed","ping_status":"closed","template":"templates\/template-product-application.php","meta":{"_acf_changed":false,"footnotes":""},"class_list":["post-2243496","page","type-page","status-publish","hentry"],"acf":[],"yoast_head":"<!-- This site is optimized with the Yoast SEO Premium plugin v26.8 (Yoast SEO v27.2) - https:\/\/yoast.com\/product\/yoast-seo-premium-wordpress\/ -->\n<title>R\u00f6ntgenraum R\u00f6ntgencomputer<\/title>\n<meta name=\"description\" content=\"Die medizinischen All-in-One-Computer und medizinischen Box-PCs von Teguar eignen sich perfekt f\u00fcr die Anzeige von R\u00f6ntgenbildern oder OP-Bildern in Echtzeit.\" \/>\n<meta name=\"robots\" content=\"index, follow, max-snippet:-1, max-image-preview:large, max-video-preview:-1\" \/>\n<link rel=\"canonical\" href=\"https:\/\/teguar.com\/eu\/de\/roentgenraum-roentgencomputer\/\" \/>\n<meta property=\"og:locale\" content=\"de_DE\" \/>\n<meta property=\"og:type\" content=\"article\" \/>\n<meta property=\"og:title\" content=\"R\u00f6ntgenraum (R\u00f6ntgencomputer)\" \/>\n<meta property=\"og:description\" content=\"Die medizinischen All-in-One-Computer und medizinischen Box-PCs von Teguar eignen sich perfekt f\u00fcr die Anzeige von R\u00f6ntgenbildern oder OP-Bildern in Echtzeit.\" \/>\n<meta property=\"og:url\" content=\"https:\/\/teguar.com\/eu\/de\/roentgenraum-roentgencomputer\/\" \/>\n<meta property=\"og:site_name\" content=\"Teguar\" \/>\n<meta property=\"article:modified_time\" content=\"2025-11-24T18:08:21+00:00\" \/>\n<meta name=\"twitter:card\" content=\"summary_large_image\" \/>\n<meta name=\"twitter:label1\" content=\"Gesch\u00e4tzte Lesezeit\" \/>\n\t<meta name=\"twitter:data1\" content=\"2\u00a0Minuten\" \/>\n<script type=\"application\/ld+json\" class=\"yoast-schema-graph\">{\"@context\":\"https:\/\/schema.org\",\"@graph\":[{\"@type\":\"WebPage\",\"@id\":\"https:\/\/teguar.com\/eu\/de\/roentgenraum-roentgencomputer\/\",\"url\":\"https:\/\/teguar.com\/eu\/de\/roentgenraum-roentgencomputer\/\",\"name\":\"R\u00f6ntgenraum R\u00f6ntgencomputer\",\"isPartOf\":{\"@id\":\"https:\/\/teguar.com\/eu\/en\/#website\"},\"datePublished\":\"2025-06-27T17:24:43+00:00\",\"dateModified\":\"2025-11-24T18:08:21+00:00\",\"description\":\"Die medizinischen All-in-One-Computer und medizinischen Box-PCs von Teguar eignen sich perfekt f\u00fcr die Anzeige von R\u00f6ntgenbildern oder OP-Bildern in Echtzeit.\",\"breadcrumb\":{\"@id\":\"https:\/\/teguar.com\/eu\/de\/roentgenraum-roentgencomputer\/#breadcrumb\"},\"inLanguage\":\"de\",\"potentialAction\":[{\"@type\":\"ReadAction\",\"target\":[\"https:\/\/teguar.com\/eu\/de\/roentgenraum-roentgencomputer\/\"]}]},{\"@type\":\"BreadcrumbList\",\"@id\":\"https:\/\/teguar.com\/eu\/de\/roentgenraum-roentgencomputer\/#breadcrumb\",\"itemListElement\":[{\"@type\":\"ListItem\",\"position\":1,\"name\":\"Home\",\"item\":\"https:\/\/teguar.com\/eu\/de\/\"},{\"@type\":\"ListItem\",\"position\":2,\"name\":\"R\u00f6ntgenraum (R\u00f6ntgencomputer)\"}]},{\"@type\":\"WebSite\",\"@id\":\"https:\/\/teguar.com\/eu\/en\/#website\",\"url\":\"https:\/\/teguar.com\/eu\/en\/\",\"name\":\"Teguar\",\"description\":\"Industrial PCs, Medical Computers, and Rugged Tablets\",\"potentialAction\":[{\"@type\":\"SearchAction\",\"target\":{\"@type\":\"EntryPoint\",\"urlTemplate\":\"https:\/\/teguar.com\/eu\/en\/?s={search_term_string}\"},\"query-input\":{\"@type\":\"PropertyValueSpecification\",\"valueRequired\":true,\"valueName\":\"search_term_string\"}}],\"inLanguage\":\"de\"}]}<\/script>\n<!-- \/ Yoast SEO Premium plugin. -->","yoast_head_json":{"title":"R\u00f6ntgenraum R\u00f6ntgencomputer","description":"Die medizinischen All-in-One-Computer und medizinischen Box-PCs von Teguar eignen sich perfekt f\u00fcr die Anzeige von R\u00f6ntgenbildern oder OP-Bildern in Echtzeit.","robots":{"index":"index","follow":"follow","max-snippet":"max-snippet:-1","max-image-preview":"max-image-preview:large","max-video-preview":"max-video-preview:-1"},"canonical":"https:\/\/teguar.com\/eu\/de\/roentgenraum-roentgencomputer\/","og_locale":"de_DE","og_type":"article","og_title":"R\u00f6ntgenraum (R\u00f6ntgencomputer)","og_description":"Die medizinischen All-in-One-Computer und medizinischen Box-PCs von Teguar eignen sich perfekt f\u00fcr die Anzeige von R\u00f6ntgenbildern oder OP-Bildern in Echtzeit.","og_url":"https:\/\/teguar.com\/eu\/de\/roentgenraum-roentgencomputer\/","og_site_name":"Teguar","article_modified_time":"2025-11-24T18:08:21+00:00","twitter_card":"summary_large_image","twitter_misc":{"Gesch\u00e4tzte Lesezeit":"2\u00a0Minuten"},"schema":{"@context":"https:\/\/schema.org","@graph":[{"@type":"WebPage","@id":"https:\/\/teguar.com\/eu\/de\/roentgenraum-roentgencomputer\/","url":"https:\/\/teguar.com\/eu\/de\/roentgenraum-roentgencomputer\/","name":"R\u00f6ntgenraum R\u00f6ntgencomputer","isPartOf":{"@id":"https:\/\/teguar.com\/eu\/en\/#website"},"datePublished":"2025-06-27T17:24:43+00:00","dateModified":"2025-11-24T18:08:21+00:00","description":"Die medizinischen All-in-One-Computer und medizinischen Box-PCs von Teguar eignen sich perfekt f\u00fcr die Anzeige von R\u00f6ntgenbildern oder OP-Bildern in Echtzeit.","breadcrumb":{"@id":"https:\/\/teguar.com\/eu\/de\/roentgenraum-roentgencomputer\/#breadcrumb"},"inLanguage":"de","potentialAction":[{"@type":"ReadAction","target":["https:\/\/teguar.com\/eu\/de\/roentgenraum-roentgencomputer\/"]}]},{"@type":"BreadcrumbList","@id":"https:\/\/teguar.com\/eu\/de\/roentgenraum-roentgencomputer\/#breadcrumb","itemListElement":[{"@type":"ListItem","position":1,"name":"Home","item":"https:\/\/teguar.com\/eu\/de\/"},{"@type":"ListItem","position":2,"name":"R\u00f6ntgenraum (R\u00f6ntgencomputer)"}]},{"@type":"WebSite","@id":"https:\/\/teguar.com\/eu\/en\/#website","url":"https:\/\/teguar.com\/eu\/en\/","name":"Teguar","description":"Industrial PCs, Medical Computers, and Rugged Tablets","potentialAction":[{"@type":"SearchAction","target":{"@type":"EntryPoint","urlTemplate":"https:\/\/teguar.com\/eu\/en\/?s={search_term_string}"},"query-input":{"@type":"PropertyValueSpecification","valueRequired":true,"valueName":"search_term_string"}}],"inLanguage":"de"}]}},"_links":{"self":[{"href":"https:\/\/teguar.com\/eu\/de\/wp-json\/wp\/v2\/pages\/2243496","targetHints":{"allow":["GET"]}}],"collection":[{"href":"https:\/\/teguar.com\/eu\/de\/wp-json\/wp\/v2\/pages"}],"about":[{"href":"https:\/\/teguar.com\/eu\/de\/wp-json\/wp\/v2\/types\/page"}],"author":[{"embeddable":true,"href":"https:\/\/teguar.com\/eu\/de\/wp-json\/wp\/v2\/users\/3"}],"replies":[{"embeddable":true,"href":"https:\/\/teguar.com\/eu\/de\/wp-json\/wp\/v2\/comments?post=2243496"}],"version-history":[{"count":3,"href":"https:\/\/teguar.com\/eu\/de\/wp-json\/wp\/v2\/pages\/2243496\/revisions"}],"predecessor-version":[{"id":2247812,"href":"https:\/\/teguar.com\/eu\/de\/wp-json\/wp\/v2\/pages\/2243496\/revisions\/2247812"}],"wp:attachment":[{"href":"https:\/\/teguar.com\/eu\/de\/wp-json\/wp\/v2\/media?parent=2243496"}],"curies":[{"name":"wp","href":"https:\/\/api.w.org\/{rel}","templated":true}]}}