{"id":2243493,"date":"2025-06-27T17:54:46","date_gmt":"2025-06-27T17:54:46","guid":{"rendered":"https:\/\/teguar.com\/eu\/computer-fuer-verkaufsstellen-pos\/"},"modified":"2025-11-24T15:42:26","modified_gmt":"2025-11-24T15:42:26","slug":"computer-fuer-verkaufsstellen-pos","status":"publish","type":"page","link":"https:\/\/teguar.com\/eu\/de\/computer-fuer-verkaufsstellen-pos\/","title":{"rendered":"Computer f\u00fcr Verkaufsstellen (POS)"},"content":{"rendered":"\n<p>Teguar bietet <a href=\"https:\/\/teguar.com\/eu\/de\/industrieller-all-in-one-pc\/\">All-in-One-Computer<\/a> und <a href=\"https:\/\/teguar.com\/eu\/de\/kiosk-computer\/\">Kiosk-Computer mit Touchscreen<\/a>, die sich ideal f\u00fcr Point-of-Sale (POS)-Anwendungen in einer Vielzahl von Umgebungen eignen. Die POS-Computer von Teguar sind langlebig, so dass sie von mehreren Benutzern den ganzen Tag \u00fcber genutzt werden k\u00f6nnen, Jahr f\u00fcr Jahr. Sie verf\u00fcgen au\u00dferdem \u00fcber leistungsstarke Prozessoren, so dass sie mehrere Aufgaben gleichzeitig bew\u00e4ltigen k\u00f6nnen, einschlie\u00dflich POS-Software, Eingabe von Kundeninformationen und Kreditkartenverarbeitung. Effizienz ist wichtig am Point-of-Sale. Die POS-Computer von Teguar verf\u00fcgen \u00fcber umfangreiche E\/As, so dass Sie andere Ger\u00e4te wie Unterschriftenpads und Scanner integrieren und Verkaufs- oder Artikelinformationen schnell eingeben k\u00f6nnen.   <\/p>\n\n<h2 class=\"wp-block-heading\" id=\"h-features-of-pos-computers\"><strong>Merkmale von POS-Computern:<\/strong><\/h2>\n\n<ul class=\"wp-block-list\">\n<li>Langlebige Touchscreens<\/li>\n\n\n\n<li>Intel Core i3\/i5\/i7 oder Intel Atom\/Celeron CPU<\/li>\n\n\n\n<li>Reichhaltige E\/As<\/li>\n\n\n\n<li>Optionale sonnenlichtlesbare LCDs<\/li>\n\n\n\n<li>Bis zu IP66 wasser- und staubgesch\u00fctzt<\/li>\n<\/ul>\n    <section id=\"pos-computers\" class=\"products-by-tag section-spacing\">\n        <div class=\"container\">\n            <div class=\"header\">\n                                    <h2 class=\"headline\">Kassencomputer einkaufen<\/h2>\n                            <\/div>\n\n            <div class=\"grid product-card-grid-4\">\n                \n<div class=\"product-card\" class=\"product type-product post-2247577 status-publish first instock product_cat-industrieller-all-in-one-pc product_cat-kiosk-computer product_tag-pos-computer has-post-thumbnail taxable shipping-taxable purchasable product-type-simple\">\n    <div class=\"media\">\n                        <a href=\"https:\/\/teguar.com\/eu\/de\/product\/ta-6140-18\/\">\n            <img decoding=\"async\" src=\"https:\/\/teguar.com\/eu\/wp-content\/uploads\/sites\/2\/2025\/10\/TA-6140-18-Front.jpg\" width=\"150\" height=\"150\" alt=\"TA-6140-18 Front\" class=\"hero-image thumb lazy\" loading=\"lazy\" \/>        <\/a>\n    <\/div>\n    <div class=\"content\">\n        <h3>\n            <a href=\"https:\/\/teguar.com\/eu\/de\/product\/ta-6140-18\/\" class=\"name\">\n                Horizont TA-6140-18\n                            <\/a>\n        <\/h3>\n\n                    <div class=\"subtitle\">\n                18,5&quot; Leichter All-in-One Industrie-Kiosk-Computer            <\/div>\n\n        \n                    <div class=\"product-kh\">\n                <ul>\n<li>Intel\u00ae Celeron CPU mit Core i\u2122 Optionen verf\u00fcgbar<\/li>\n<li>18,5&#8243; PCAP Touch Display<\/li>\n<li>Leichtes und schlankes Kunststoff-Geh\u00e4use<\/li>\n<li>Modularer Aufbau<\/li>\n<li>Hohe Leistung zu niedrigen Kosten<\/li>\n<li>Externe Erweiterungsmodule f\u00fcr Webcam, NFC\/RFID-Leser, Lichtleiste und mehr verf\u00fcgbar<\/li>\n<\/ul>\n            <\/div>\n        \n        <div class=\"c-footer\">\n            <a href=\"https:\/\/teguar.com\/eu\/de\/product\/ta-6140-18\/#get-a-quick-quote\" class=\"button button-blue button-get-a-quick-quote\" >Angebot anfordern<\/a>        <\/div>\n    <\/div>\n<\/div>\n\n\n<div class=\"product-card\" class=\"product type-product post-2245485 status-publish instock product_cat-industrieller-all-in-one-pc product_cat-kiosk-computer product_tag-industriecomputer-im-schnellversand product_tag-online-kaufen product_tag-pos-computer product_tag-schnellversand-aios has-post-thumbnail taxable shipping-taxable purchasable product-type-composite\">\n    <div class=\"media\">\n                        <a href=\"https:\/\/teguar.com\/eu\/de\/product\/ta-4840-16\/\">\n            <img decoding=\"async\" src=\"https:\/\/teguar.com\/eu\/wp-content\/uploads\/sites\/2\/2023\/05\/TA-4840-16_Front_Angle_With_Modules__01588.1684250750.1280.1280.jpg\" width=\"150\" height=\"150\" alt=\"TA-4840-16  Front Angle with Modules\" class=\"hero-image thumb lazy\" loading=\"lazy\" \/>        <\/a>\n    <\/div>\n    <div class=\"content\">\n        <h3>\n            <a href=\"https:\/\/teguar.com\/eu\/de\/product\/ta-4840-16\/\" class=\"name\">\n                TA-4840-16\n                            <\/a>\n        <\/h3>\n\n                    <div class=\"subtitle\">\n                16&quot; L\u00fcfterloser All-in-One PC            <\/div>\n\n        \n                    <div class=\"product-kh\">\n                <ul>\n<li>15,6&#8243; HD-Display mit PCAP-Touchscreen<\/li>\n<li>Intel Celeron J6412 Vierkern-CPU<\/li>\n<li>Modulares Design mit herausnehmbarem Box-PC<\/li>\n<li>Schlankes und robustes Geh\u00e4use<\/li>\n<li>Mehrere Montageoptionen<\/li>\n<\/ul>\n            <\/div>\n        \n        <div class=\"c-footer\">\n            <a href=\"https:\/\/teguar.com\/eu\/de\/product\/ta-4840-16\/#get-a-quick-quote\" class=\"button button-blue button-get-a-quick-quote\" >Angebot anfordern<\/a>        <\/div>\n    <\/div>\n<\/div>\n\n\n<div class=\"product-card\" class=\"product type-product post-2245493 status-publish last instock product_cat-industrieller-all-in-one-pc product_cat-kiosk-computer product_tag-industriecomputer-im-schnellversand product_tag-online-kaufen product_tag-pos-computer product_tag-schnellversand-aios has-post-thumbnail taxable shipping-taxable purchasable product-type-simple\">\n    <div class=\"media\">\n                        <a href=\"https:\/\/teguar.com\/eu\/de\/product\/ta-4840-18\/\">\n            <img decoding=\"async\" src=\"https:\/\/teguar.com\/eu\/wp-content\/uploads\/sites\/2\/2023\/05\/TA-4840-18_Front_Angle_with_Modules__92298.1684251293.1280.1280.jpg\" width=\"150\" height=\"150\" alt=\"TA-4840-18 Front Angle with Modules\" class=\"hero-image thumb lazy\" loading=\"lazy\" \/>        <\/a>\n    <\/div>\n    <div class=\"content\">\n        <h3>\n            <a href=\"https:\/\/teguar.com\/eu\/de\/product\/ta-4840-18\/\" class=\"name\">\n                TA-4840-18\n                            <\/a>\n        <\/h3>\n\n                    <div class=\"subtitle\">\n                18&quot; L\u00fcfterloser All-in-One PC            <\/div>\n\n        \n                    <div class=\"product-kh\">\n                <ul>\n<li>18,5&#8243; HD-Display mit PCAP-Touchscreen<\/li>\n<li>Intel Celeron J6412 Vierkern-CPU<\/li>\n<li>Modulares Design mit herausnehmbarem Box-PC<\/li>\n<li>Optionen f\u00fcr Erweiterung und Zubeh\u00f6r<\/li>\n<li>USB Typ C<\/li>\n<\/ul>\n            <\/div>\n        \n        <div class=\"c-footer\">\n            <a href=\"https:\/\/teguar.com\/eu\/de\/product\/ta-4840-18\/#get-a-quick-quote\" class=\"button button-blue button-get-a-quick-quote\" >Angebot anfordern<\/a>        <\/div>\n    <\/div>\n<\/div>\n\n            <\/div>\n        <\/div>\n    <\/section>\n\n<p>POS-Computer werden h\u00e4ufig im Einzelhandel, in der Gastronomie und im Hotel- und Gastst\u00e4ttengewerbe eingesetzt und dringen auch in andere Branchen vor, in denen langlebige <a href=\"https:\/\/teguar.com\/eu\/de\/panel-pcs\/\">Industrie-PCs mit Touchscreen<\/a> an der Verkaufstheke ben\u00f6tigt werden. An Orten, an denen Lebensmittel und Getr\u00e4nke verkauft werden, kann Teguar l\u00fcfterlose Computer anbieten. Computer in Caf\u00e9s, B\u00e4ckereien und Bars sind anf\u00e4llig f\u00fcr fr\u00fchzeitige Ausf\u00e4lle, da die L\u00fcfter und internen Teile durch Partikel in der Luft verstopft oder durch versehentliches Versch\u00fctten besch\u00e4digt werden k\u00f6nnen. Ein l\u00fcfterloses Design hilft, die internen Teile zu sch\u00fctzen und die Verbreitung von Staub und Keimen zu verhindern.   <\/p>\n\n<p>Die POS-Computer von Teguar k\u00f6nnen in jeder Umgebung eingesetzt werden, sogar im Freien. F\u00fcr den Au\u00dfenbereich ben\u00f6tigen Sie einen Computer mit einem sonnenlichttauglichen LCD und einer wasserdichten Blende. Die Mitarbeiter von Teguar halten sich \u00fcber Branchentrends auf dem Laufenden und k\u00f6nnen Ihnen so helfen, das beste POS-System f\u00fcr Ihr Unternehmen einzusetzen.    <\/p>\n\n<section class=\"hubspot-form section-spacing\">\n    <script charset=\"utf-8\" type=\"text\/javascript\" src=\"\/\/js.hsforms.net\/forms\/embed\/v2.js\"><\/script>\r\n<script>\r\n  hbspt.forms.create({\r\n    portalId: \"21497995\",\r\n    formId: \"11a43242-0316-4b23-9e13-2f6bc9b8edde\",\r\n    region: \"na1\"\r\n  });\r\n<\/script><\/section>\n\n","protected":false},"excerpt":{"rendered":"<p>Teguar bietet All-in-One-Computer und Kiosk-Computer mit Touchscreen, die sich ideal f\u00fcr Point-of-Sale (POS)-Anwendungen in einer Vielzahl von Umgebungen eignen. Die POS-Computer von Teguar sind langlebig, so dass sie von mehreren Benutzern den ganzen Tag \u00fcber genutzt werden k\u00f6nnen, Jahr f\u00fcr Jahr. Sie verf\u00fcgen au\u00dferdem \u00fcber leistungsstarke Prozessoren, so dass sie mehrere Aufgaben gleichzeitig bew\u00e4ltigen k\u00f6nnen, [&hellip;]<\/p>\n","protected":false},"author":3,"featured_media":0,"parent":0,"menu_order":0,"comment_status":"closed","ping_status":"closed","template":"templates\/template-product-application.php","meta":{"_acf_changed":false,"footnotes":""},"class_list":["post-2243493","page","type-page","status-publish","hentry"],"acf":[],"yoast_head":"<!-- This site is optimized with the Yoast SEO Premium plugin v26.8 (Yoast SEO v27.2) - https:\/\/yoast.com\/product\/yoast-seo-premium-wordpress\/ -->\n<title>POS Touchscreen Computer | Kassencomputer<\/title>\n<meta name=\"description\" content=\"POS-Computer sind robuste, leistungsstarke Touchscreen-L\u00f6sungen, die h\u00e4ufig im Einzelhandel, in der Gastronomie und im Gastgewerbe eingesetzt werden. Erfahren Sie hier mehr.\" \/>\n<meta name=\"robots\" content=\"index, follow, max-snippet:-1, max-image-preview:large, max-video-preview:-1\" \/>\n<link rel=\"canonical\" href=\"https:\/\/teguar.com\/eu\/de\/computer-fuer-verkaufsstellen-pos\/\" \/>\n<meta property=\"og:locale\" content=\"de_DE\" \/>\n<meta property=\"og:type\" content=\"article\" \/>\n<meta property=\"og:title\" content=\"Computer f\u00fcr Verkaufsstellen (POS)\" \/>\n<meta property=\"og:description\" content=\"POS-Computer sind robuste, leistungsstarke Touchscreen-L\u00f6sungen, die h\u00e4ufig im Einzelhandel, in der Gastronomie und im Gastgewerbe eingesetzt werden. Erfahren Sie hier mehr.\" \/>\n<meta property=\"og:url\" content=\"https:\/\/teguar.com\/eu\/de\/computer-fuer-verkaufsstellen-pos\/\" \/>\n<meta property=\"og:site_name\" content=\"Teguar\" \/>\n<meta property=\"article:modified_time\" content=\"2025-11-24T15:42:26+00:00\" \/>\n<meta name=\"twitter:card\" content=\"summary_large_image\" \/>\n<meta name=\"twitter:label1\" content=\"Gesch\u00e4tzte Lesezeit\" \/>\n\t<meta name=\"twitter:data1\" content=\"2\u00a0Minuten\" \/>\n<script type=\"application\/ld+json\" class=\"yoast-schema-graph\">{\"@context\":\"https:\/\/schema.org\",\"@graph\":[{\"@type\":\"WebPage\",\"@id\":\"https:\/\/teguar.com\/eu\/de\/computer-fuer-verkaufsstellen-pos\/\",\"url\":\"https:\/\/teguar.com\/eu\/de\/computer-fuer-verkaufsstellen-pos\/\",\"name\":\"POS Touchscreen Computer | Kassencomputer\",\"isPartOf\":{\"@id\":\"https:\/\/teguar.com\/eu\/en\/#website\"},\"datePublished\":\"2025-06-27T17:54:46+00:00\",\"dateModified\":\"2025-11-24T15:42:26+00:00\",\"description\":\"POS-Computer sind robuste, leistungsstarke Touchscreen-L\u00f6sungen, die h\u00e4ufig im Einzelhandel, in der Gastronomie und im Gastgewerbe eingesetzt werden. Erfahren Sie hier mehr.\",\"breadcrumb\":{\"@id\":\"https:\/\/teguar.com\/eu\/de\/computer-fuer-verkaufsstellen-pos\/#breadcrumb\"},\"inLanguage\":\"de\",\"potentialAction\":[{\"@type\":\"ReadAction\",\"target\":[\"https:\/\/teguar.com\/eu\/de\/computer-fuer-verkaufsstellen-pos\/\"]}]},{\"@type\":\"BreadcrumbList\",\"@id\":\"https:\/\/teguar.com\/eu\/de\/computer-fuer-verkaufsstellen-pos\/#breadcrumb\",\"itemListElement\":[{\"@type\":\"ListItem\",\"position\":1,\"name\":\"Home\",\"item\":\"https:\/\/teguar.com\/eu\/de\/\"},{\"@type\":\"ListItem\",\"position\":2,\"name\":\"Computer f\u00fcr Verkaufsstellen (POS)\"}]},{\"@type\":\"WebSite\",\"@id\":\"https:\/\/teguar.com\/eu\/en\/#website\",\"url\":\"https:\/\/teguar.com\/eu\/en\/\",\"name\":\"Teguar\",\"description\":\"Industrial PCs, Medical Computers, and Rugged Tablets\",\"potentialAction\":[{\"@type\":\"SearchAction\",\"target\":{\"@type\":\"EntryPoint\",\"urlTemplate\":\"https:\/\/teguar.com\/eu\/en\/?s={search_term_string}\"},\"query-input\":{\"@type\":\"PropertyValueSpecification\",\"valueRequired\":true,\"valueName\":\"search_term_string\"}}],\"inLanguage\":\"de\"}]}<\/script>\n<!-- \/ Yoast SEO Premium plugin. -->","yoast_head_json":{"title":"POS Touchscreen Computer | Kassencomputer","description":"POS-Computer sind robuste, leistungsstarke Touchscreen-L\u00f6sungen, die h\u00e4ufig im Einzelhandel, in der Gastronomie und im Gastgewerbe eingesetzt werden. Erfahren Sie hier mehr.","robots":{"index":"index","follow":"follow","max-snippet":"max-snippet:-1","max-image-preview":"max-image-preview:large","max-video-preview":"max-video-preview:-1"},"canonical":"https:\/\/teguar.com\/eu\/de\/computer-fuer-verkaufsstellen-pos\/","og_locale":"de_DE","og_type":"article","og_title":"Computer f\u00fcr Verkaufsstellen (POS)","og_description":"POS-Computer sind robuste, leistungsstarke Touchscreen-L\u00f6sungen, die h\u00e4ufig im Einzelhandel, in der Gastronomie und im Gastgewerbe eingesetzt werden. Erfahren Sie hier mehr.","og_url":"https:\/\/teguar.com\/eu\/de\/computer-fuer-verkaufsstellen-pos\/","og_site_name":"Teguar","article_modified_time":"2025-11-24T15:42:26+00:00","twitter_card":"summary_large_image","twitter_misc":{"Gesch\u00e4tzte Lesezeit":"2\u00a0Minuten"},"schema":{"@context":"https:\/\/schema.org","@graph":[{"@type":"WebPage","@id":"https:\/\/teguar.com\/eu\/de\/computer-fuer-verkaufsstellen-pos\/","url":"https:\/\/teguar.com\/eu\/de\/computer-fuer-verkaufsstellen-pos\/","name":"POS Touchscreen Computer | Kassencomputer","isPartOf":{"@id":"https:\/\/teguar.com\/eu\/en\/#website"},"datePublished":"2025-06-27T17:54:46+00:00","dateModified":"2025-11-24T15:42:26+00:00","description":"POS-Computer sind robuste, leistungsstarke Touchscreen-L\u00f6sungen, die h\u00e4ufig im Einzelhandel, in der Gastronomie und im Gastgewerbe eingesetzt werden. Erfahren Sie hier mehr.","breadcrumb":{"@id":"https:\/\/teguar.com\/eu\/de\/computer-fuer-verkaufsstellen-pos\/#breadcrumb"},"inLanguage":"de","potentialAction":[{"@type":"ReadAction","target":["https:\/\/teguar.com\/eu\/de\/computer-fuer-verkaufsstellen-pos\/"]}]},{"@type":"BreadcrumbList","@id":"https:\/\/teguar.com\/eu\/de\/computer-fuer-verkaufsstellen-pos\/#breadcrumb","itemListElement":[{"@type":"ListItem","position":1,"name":"Home","item":"https:\/\/teguar.com\/eu\/de\/"},{"@type":"ListItem","position":2,"name":"Computer f\u00fcr Verkaufsstellen (POS)"}]},{"@type":"WebSite","@id":"https:\/\/teguar.com\/eu\/en\/#website","url":"https:\/\/teguar.com\/eu\/en\/","name":"Teguar","description":"Industrial PCs, Medical Computers, and Rugged Tablets","potentialAction":[{"@type":"SearchAction","target":{"@type":"EntryPoint","urlTemplate":"https:\/\/teguar.com\/eu\/en\/?s={search_term_string}"},"query-input":{"@type":"PropertyValueSpecification","valueRequired":true,"valueName":"search_term_string"}}],"inLanguage":"de"}]}},"_links":{"self":[{"href":"https:\/\/teguar.com\/eu\/de\/wp-json\/wp\/v2\/pages\/2243493","targetHints":{"allow":["GET"]}}],"collection":[{"href":"https:\/\/teguar.com\/eu\/de\/wp-json\/wp\/v2\/pages"}],"about":[{"href":"https:\/\/teguar.com\/eu\/de\/wp-json\/wp\/v2\/types\/page"}],"author":[{"embeddable":true,"href":"https:\/\/teguar.com\/eu\/de\/wp-json\/wp\/v2\/users\/3"}],"replies":[{"embeddable":true,"href":"https:\/\/teguar.com\/eu\/de\/wp-json\/wp\/v2\/comments?post=2243493"}],"version-history":[{"count":2,"href":"https:\/\/teguar.com\/eu\/de\/wp-json\/wp\/v2\/pages\/2243493\/revisions"}],"predecessor-version":[{"id":2247776,"href":"https:\/\/teguar.com\/eu\/de\/wp-json\/wp\/v2\/pages\/2243493\/revisions\/2247776"}],"wp:attachment":[{"href":"https:\/\/teguar.com\/eu\/de\/wp-json\/wp\/v2\/media?parent=2243493"}],"curies":[{"name":"wp","href":"https:\/\/api.w.org\/{rel}","templated":true}]}}