{"id":2243492,"date":"2025-06-23T17:53:27","date_gmt":"2025-06-23T17:53:27","guid":{"rendered":"https:\/\/teguar.com\/eu\/marine-computer\/"},"modified":"2025-11-24T17:43:30","modified_gmt":"2025-11-24T17:43:30","slug":"marine-computer","status":"publish","type":"page","link":"https:\/\/teguar.com\/eu\/de\/marine-computer\/","title":{"rendered":"Marine-Computer"},"content":{"rendered":"\n<p>Die Marineindustrie ist ein vielf\u00e4ltiger und anspruchsvoller Sektor, der Schifffahrt, Offshore-Exploration, Fischerei und Marineoperationen umfasst. Stellen Sie sich ein maritimes Szenario vor, in dem sich Kapit\u00e4ne auf die Marinecomputer von Teguar f\u00fcr Navigation, Kommunikation und Wetter\u00fcberwachung verlassen. Offshore-Bohrinseln nutzen diese Computer f\u00fcr die komplexe Datenverarbeitung, um eine sichere und effiziente Erkundung zu gew\u00e4hrleisten. Die besonderen Anforderungen an Marine Computer ergeben sich aus der rauen und korrosiven Meeresumgebung, in der Salzwasser, Vibrationen und schwankende Temperaturen zu den t\u00e4glichen Herausforderungen geh\u00f6ren.   <\/p>\n\n<h2 class=\"wp-block-heading\"><strong>Die wichtigsten Merkmale der Marine Computer von Teguar:<\/strong><\/h2>\n\n<ul class=\"wp-block-list\">\n<li>Korrosionsbest\u00e4ndigkeit: Spezielle Materialien und Beschichtungen, die den korrosiven Auswirkungen von Salzwasser widerstehen.  <\/li>\n\n\n\n<li>Robuste Konstruktion: Gebaut, um den Vibrationen und Ersch\u00fctterungen auf Schiffen standzuhalten und eine zuverl\u00e4ssige Leistung zu gew\u00e4hrleisten.  <\/li>\n\n\n\n<li>Versiegelung der Umgebung: Schutz gegen das Eindringen von Wasser, um die Integrit\u00e4t der internen Komponenten zu erhalten.  <\/li>\n\n\n\n<li>Bei Sonnenlicht ablesbare Displays: Gew\u00e4hrleistet die Sichtbarkeit bei hellem Seegang f\u00fcr ein optimales Benutzererlebnis.  <\/li>\n\n\n\n<li>Einhaltung der maritimen Standards: Einhaltung von Sicherheits- und Zuverl\u00e4ssigkeitsstandards zur Gew\u00e4hrleistung der Leistung auf See.  <\/li>\n\n\n\n<li>Anpassung: Ma\u00dfgeschneiderte L\u00f6sungen f\u00fcr die spezifischen Anforderungen der Schifffahrtsindustrie, die die Gesamteffizienz und Produktivit\u00e4t im maritimen Betrieb steigern.  <\/li>\n<\/ul>\n    <section id=\"marine-computers\" class=\"products-by-tag section-spacing\">\n        <div class=\"container\">\n            <div class=\"header\">\n                                    <h2 class=\"headline\">Marine Computer Produkte kaufen<\/h2>\n                            <\/div>\n\n            <div class=\"grid product-card-grid-4\">\n                \n<div class=\"product-card\" class=\"product type-product post-2244972 status-publish first instock product_cat-wasserdichte-computer product_tag-marine-computer product_tag-trident-series has-post-thumbnail taxable shipping-taxable purchasable product-type-simple\">\n    <div class=\"media\">\n                        <a href=\"https:\/\/teguar.com\/eu\/de\/product\/tsc-7010-22\/\">\n            <img decoding=\"async\" src=\"https:\/\/teguar.com\/eu\/wp-content\/uploads\/sites\/2\/2024\/03\/TSC-7010-22_Trident__42582.1746625902.1280.1280.jpg\" width=\"150\" height=\"150\" alt=\"IP69K Computer Trident TSC-7010-22 front angled view\" class=\"hero-image thumb lazy\" loading=\"lazy\" \/>        <\/a>\n    <\/div>\n    <div class=\"content\">\n        <h3>\n            <a href=\"https:\/\/teguar.com\/eu\/de\/product\/tsc-7010-22\/\" class=\"name\">\n                TSC-7010-22\n                            <\/a>\n        <\/h3>\n\n                    <div class=\"subtitle\">\n                22&quot; IP69K Computer | Trident            <\/div>\n\n        \n                    <div class=\"product-kh\">\n                <ul>\n<li>22&#8243; Touchscreens<\/li>\n<li>12. Generation Intel Core i5 10-Kern CPU<\/li>\n<li>Kabelverschraubung f\u00fcr versiegelte E\/A-Verbindungen<\/li>\n<li>IP66, IP69K Wasserdichtigkeit<\/li>\n<li>Kompatibel mit Windows 11<\/li>\n<li>Zwei 2.5 GbE LAN<\/li>\n<\/ul>\n            <\/div>\n        \n        <div class=\"c-footer\">\n            <a href=\"https:\/\/teguar.com\/eu\/de\/product\/tsc-7010-22\/#get-a-quick-quote\" class=\"button button-blue button-get-a-quick-quote\" >Angebot anfordern<\/a>        <\/div>\n    <\/div>\n<\/div>\n\n\n<div class=\"product-card\" class=\"product type-product post-2245362 status-publish instock product_cat-wasserdichte-computer product_tag-marine-computer product_tag-tsc-4810-series has-post-thumbnail taxable shipping-taxable purchasable product-type-simple\">\n    <div class=\"media\">\n                        <a href=\"https:\/\/teguar.com\/eu\/de\/product\/tsc-4810-15\/\">\n            <img decoding=\"async\" src=\"https:\/\/teguar.com\/eu\/wp-content\/uploads\/sites\/2\/2023\/11\/15_Cable_Gland_Computer_TSC-4810-15_Front__67556.1700240706.1280.1280.jpg\" width=\"150\" height=\"113\" alt=\"15&quot; Cable Gland Computer TSC-4810-22 Front\" class=\"hero-image thumb lazy\" loading=\"lazy\" \/>        <\/a>\n    <\/div>\n    <div class=\"content\">\n        <h3>\n            <a href=\"https:\/\/teguar.com\/eu\/de\/product\/tsc-4810-15\/\" class=\"name\">\n                TSC-4810-15\n                            <\/a>\n        <\/h3>\n\n                    <div class=\"subtitle\">\n                15&quot; Kabelverschraubung Computer            <\/div>\n\n        \n                    <div class=\"product-kh\">\n                <ul>\n<li>15&#8243; Resistiver oder PCap Touchscreen Optionen<\/li>\n<li>Intel Celeron J6412 Prozessor Passmark Bewertung 3839<\/li>\n<li>Windows 11-Funktionen<\/li>\n<li>Integrierte Kabeldurchf\u00fchrung f\u00fcr bis zu 5 E\/A-Kabel<\/li>\n<li>Wasserdicht nach IP69K<\/li>\n<\/ul>\n            <\/div>\n        \n        <div class=\"c-footer\">\n            <a href=\"https:\/\/teguar.com\/eu\/de\/product\/tsc-4810-15\/#get-a-quick-quote\" class=\"button button-blue button-get-a-quick-quote\" >Angebot anfordern<\/a>        <\/div>\n    <\/div>\n<\/div>\n\n            <\/div>\n        <\/div>\n    <\/section>\n\n<p>Marine-Computer m\u00fcssen den korrosiven Auswirkungen von Salzwasser standhalten und ben\u00f6tigen spezielle Materialien und Beschichtungen, um eine lange Lebensdauer zu gew\u00e4hrleisten. Eine robuste Konstruktion ist unerl\u00e4sslich, um den Vibrationen und Ersch\u00fctterungen auf Schiffen standzuhalten, Sch\u00e4den zu vermeiden und eine zuverl\u00e4ssige Leistung zu gew\u00e4hrleisten. Verbesserte Umweltabdichtungen sch\u00fctzen vor dem Eindringen von Wasser und gew\u00e4hrleisten die Integrit\u00e4t der internen Komponenten. Diese Computer m\u00fcssen auch sonnenlichttaugliche Displays f\u00fcr die Sichtbarkeit unter hellen Bedingungen auf See bieten und die maritimen Standards erf\u00fcllen, um Sicherheit und Zuverl\u00e4ssigkeit auf See zu gew\u00e4hrleisten.     <\/p>\n\n<h2 class=\"wp-block-heading\" id=\"h-why-choose-teguar-for-your-marine-computer\">Warum sollten Sie Teguar f\u00fcr Ihren Marine Computer w\u00e4hlen?<\/h2>\n\n<p>Die Marine-Computer von Teguar meistern erfolgreich die Herausforderungen, die die maritime Umgebung mit sich bringt. Unsere Ger\u00e4te sind nicht nur technologisch fortschrittlich, sondern wurden auch sorgf\u00e4ltig entwickelt, um die genauen Anforderungen der Marineindustrie zu erf\u00fcllen. Die Marinecomputer von Teguar geben den Benutzern die Gewissheit, dass ihre Technologie den anspruchsvollen Bedingungen auf See gewachsen ist und die Langlebigkeit und Leistung bietet, die f\u00fcr den Erfolg in diesen wichtigen Bereichen entscheidend sind.    <\/p>\n\n<section class=\"hubspot-form section-spacing\">\n    <script charset=\"utf-8\" type=\"text\/javascript\" src=\"\/\/js.hsforms.net\/forms\/embed\/v2.js\"><\/script>\r\n<script>\r\n  hbspt.forms.create({\r\n    portalId: \"21497995\",\r\n    formId: \"11a43242-0316-4b23-9e13-2f6bc9b8edde\",\r\n    region: \"na1\"\r\n  });\r\n<\/script><\/section>\n\n","protected":false},"excerpt":{"rendered":"<p>Die Marineindustrie ist ein vielf\u00e4ltiger und anspruchsvoller Sektor, der Schifffahrt, Offshore-Exploration, Fischerei und Marineoperationen umfasst. Stellen Sie sich ein maritimes Szenario vor, in dem sich Kapit\u00e4ne auf die Marinecomputer von Teguar f\u00fcr Navigation, Kommunikation und Wetter\u00fcberwachung verlassen. Offshore-Bohrinseln nutzen diese Computer f\u00fcr die komplexe Datenverarbeitung, um eine sichere und effiziente Erkundung zu gew\u00e4hrleisten. Die besonderen [&hellip;]<\/p>\n","protected":false},"author":3,"featured_media":0,"parent":0,"menu_order":0,"comment_status":"closed","ping_status":"closed","template":"templates\/template-product-application.php","meta":{"_acf_changed":false,"footnotes":""},"class_list":["post-2243492","page","type-page","status-publish","hentry"],"acf":[],"yoast_head":"<!-- This site is optimized with the Yoast SEO Premium plugin v26.8 (Yoast SEO v27.2) - https:\/\/yoast.com\/product\/yoast-seo-premium-wordpress\/ -->\n<title>Marine-Computer<\/title>\n<meta name=\"description\" content=\"Die Marine-Computer von Teguar widerstehen den korrosiven Auswirkungen des Salzwassers und ben\u00f6tigen spezielle Materialien und Beschichtungen, um eine lange Lebensdauer zu gew\u00e4hrleisten.\" \/>\n<meta name=\"robots\" content=\"index, follow, max-snippet:-1, max-image-preview:large, max-video-preview:-1\" \/>\n<link rel=\"canonical\" href=\"https:\/\/teguar.com\/eu\/de\/marine-computer\/\" \/>\n<meta property=\"og:locale\" content=\"de_DE\" \/>\n<meta property=\"og:type\" content=\"article\" \/>\n<meta property=\"og:title\" content=\"Marine-Computer\" \/>\n<meta property=\"og:description\" content=\"Die Marine-Computer von Teguar widerstehen den korrosiven Auswirkungen des Salzwassers und ben\u00f6tigen spezielle Materialien und Beschichtungen, um eine lange Lebensdauer zu gew\u00e4hrleisten.\" \/>\n<meta property=\"og:url\" content=\"https:\/\/teguar.com\/eu\/de\/marine-computer\/\" \/>\n<meta property=\"og:site_name\" content=\"Teguar\" \/>\n<meta property=\"article:modified_time\" content=\"2025-11-24T17:43:30+00:00\" \/>\n<meta name=\"twitter:card\" content=\"summary_large_image\" \/>\n<meta name=\"twitter:label1\" content=\"Gesch\u00e4tzte Lesezeit\" \/>\n\t<meta name=\"twitter:data1\" content=\"2\u00a0Minuten\" \/>\n<script type=\"application\/ld+json\" class=\"yoast-schema-graph\">{\"@context\":\"https:\/\/schema.org\",\"@graph\":[{\"@type\":\"WebPage\",\"@id\":\"https:\/\/teguar.com\/eu\/de\/marine-computer\/\",\"url\":\"https:\/\/teguar.com\/eu\/de\/marine-computer\/\",\"name\":\"Marine-Computer\",\"isPartOf\":{\"@id\":\"https:\/\/teguar.com\/eu\/en\/#website\"},\"datePublished\":\"2025-06-23T17:53:27+00:00\",\"dateModified\":\"2025-11-24T17:43:30+00:00\",\"description\":\"Die Marine-Computer von Teguar widerstehen den korrosiven Auswirkungen des Salzwassers und ben\u00f6tigen spezielle Materialien und Beschichtungen, um eine lange Lebensdauer zu gew\u00e4hrleisten.\",\"breadcrumb\":{\"@id\":\"https:\/\/teguar.com\/eu\/de\/marine-computer\/#breadcrumb\"},\"inLanguage\":\"de\",\"potentialAction\":[{\"@type\":\"ReadAction\",\"target\":[\"https:\/\/teguar.com\/eu\/de\/marine-computer\/\"]}]},{\"@type\":\"BreadcrumbList\",\"@id\":\"https:\/\/teguar.com\/eu\/de\/marine-computer\/#breadcrumb\",\"itemListElement\":[{\"@type\":\"ListItem\",\"position\":1,\"name\":\"Home\",\"item\":\"https:\/\/teguar.com\/eu\/de\/\"},{\"@type\":\"ListItem\",\"position\":2,\"name\":\"Marine-Computer\"}]},{\"@type\":\"WebSite\",\"@id\":\"https:\/\/teguar.com\/eu\/en\/#website\",\"url\":\"https:\/\/teguar.com\/eu\/en\/\",\"name\":\"Teguar\",\"description\":\"Industrial PCs, Medical Computers, and Rugged Tablets\",\"potentialAction\":[{\"@type\":\"SearchAction\",\"target\":{\"@type\":\"EntryPoint\",\"urlTemplate\":\"https:\/\/teguar.com\/eu\/en\/?s={search_term_string}\"},\"query-input\":{\"@type\":\"PropertyValueSpecification\",\"valueRequired\":true,\"valueName\":\"search_term_string\"}}],\"inLanguage\":\"de\"}]}<\/script>\n<!-- \/ Yoast SEO Premium plugin. -->","yoast_head_json":{"title":"Marine-Computer","description":"Die Marine-Computer von Teguar widerstehen den korrosiven Auswirkungen des Salzwassers und ben\u00f6tigen spezielle Materialien und Beschichtungen, um eine lange Lebensdauer zu gew\u00e4hrleisten.","robots":{"index":"index","follow":"follow","max-snippet":"max-snippet:-1","max-image-preview":"max-image-preview:large","max-video-preview":"max-video-preview:-1"},"canonical":"https:\/\/teguar.com\/eu\/de\/marine-computer\/","og_locale":"de_DE","og_type":"article","og_title":"Marine-Computer","og_description":"Die Marine-Computer von Teguar widerstehen den korrosiven Auswirkungen des Salzwassers und ben\u00f6tigen spezielle Materialien und Beschichtungen, um eine lange Lebensdauer zu gew\u00e4hrleisten.","og_url":"https:\/\/teguar.com\/eu\/de\/marine-computer\/","og_site_name":"Teguar","article_modified_time":"2025-11-24T17:43:30+00:00","twitter_card":"summary_large_image","twitter_misc":{"Gesch\u00e4tzte Lesezeit":"2\u00a0Minuten"},"schema":{"@context":"https:\/\/schema.org","@graph":[{"@type":"WebPage","@id":"https:\/\/teguar.com\/eu\/de\/marine-computer\/","url":"https:\/\/teguar.com\/eu\/de\/marine-computer\/","name":"Marine-Computer","isPartOf":{"@id":"https:\/\/teguar.com\/eu\/en\/#website"},"datePublished":"2025-06-23T17:53:27+00:00","dateModified":"2025-11-24T17:43:30+00:00","description":"Die Marine-Computer von Teguar widerstehen den korrosiven Auswirkungen des Salzwassers und ben\u00f6tigen spezielle Materialien und Beschichtungen, um eine lange Lebensdauer zu gew\u00e4hrleisten.","breadcrumb":{"@id":"https:\/\/teguar.com\/eu\/de\/marine-computer\/#breadcrumb"},"inLanguage":"de","potentialAction":[{"@type":"ReadAction","target":["https:\/\/teguar.com\/eu\/de\/marine-computer\/"]}]},{"@type":"BreadcrumbList","@id":"https:\/\/teguar.com\/eu\/de\/marine-computer\/#breadcrumb","itemListElement":[{"@type":"ListItem","position":1,"name":"Home","item":"https:\/\/teguar.com\/eu\/de\/"},{"@type":"ListItem","position":2,"name":"Marine-Computer"}]},{"@type":"WebSite","@id":"https:\/\/teguar.com\/eu\/en\/#website","url":"https:\/\/teguar.com\/eu\/en\/","name":"Teguar","description":"Industrial PCs, Medical Computers, and Rugged Tablets","potentialAction":[{"@type":"SearchAction","target":{"@type":"EntryPoint","urlTemplate":"https:\/\/teguar.com\/eu\/en\/?s={search_term_string}"},"query-input":{"@type":"PropertyValueSpecification","valueRequired":true,"valueName":"search_term_string"}}],"inLanguage":"de"}]}},"_links":{"self":[{"href":"https:\/\/teguar.com\/eu\/de\/wp-json\/wp\/v2\/pages\/2243492","targetHints":{"allow":["GET"]}}],"collection":[{"href":"https:\/\/teguar.com\/eu\/de\/wp-json\/wp\/v2\/pages"}],"about":[{"href":"https:\/\/teguar.com\/eu\/de\/wp-json\/wp\/v2\/types\/page"}],"author":[{"embeddable":true,"href":"https:\/\/teguar.com\/eu\/de\/wp-json\/wp\/v2\/users\/3"}],"replies":[{"embeddable":true,"href":"https:\/\/teguar.com\/eu\/de\/wp-json\/wp\/v2\/comments?post=2243492"}],"version-history":[{"count":2,"href":"https:\/\/teguar.com\/eu\/de\/wp-json\/wp\/v2\/pages\/2243492\/revisions"}],"predecessor-version":[{"id":2247802,"href":"https:\/\/teguar.com\/eu\/de\/wp-json\/wp\/v2\/pages\/2243492\/revisions\/2247802"}],"wp:attachment":[{"href":"https:\/\/teguar.com\/eu\/de\/wp-json\/wp\/v2\/media?parent=2243492"}],"curies":[{"name":"wp","href":"https:\/\/api.w.org\/{rel}","templated":true}]}}