{"id":2243489,"date":"2025-06-27T17:35:14","date_gmt":"2025-06-27T17:35:14","guid":{"rendered":"https:\/\/teguar.com\/eu\/computer-fuer-die-lebensmittelverarbeitung\/"},"modified":"2025-11-24T15:19:44","modified_gmt":"2025-11-24T15:19:44","slug":"computer-fuer-die-lebensmittelverarbeitung","status":"publish","type":"page","link":"https:\/\/teguar.com\/eu\/de\/computer-fuer-die-lebensmittelverarbeitung\/","title":{"rendered":"Computer f\u00fcr die Lebensmittelverarbeitung"},"content":{"rendered":"\n<figure class=\"wp-block-embed is-type-video is-provider-youtube wp-block-embed-youtube wp-embed-aspect-16-9 wp-has-aspect-ratio\"><div class=\"wp-block-embed__wrapper\">\n<iframe loading=\"lazy\" title=\"Stainless Steel Computers for Food Processing\" width=\"640\" height=\"360\" src=\"https:\/\/www.youtube.com\/embed\/w8E3gJ1Hl9g?feature=oembed&#038;enablejsapi=1&#038;origin=https:\/\/teguar.com\" frameborder=\"0\" allow=\"accelerometer; autoplay; clipboard-write; encrypted-media; gyroscope; picture-in-picture; web-share\" referrerpolicy=\"strict-origin-when-cross-origin\" allowfullscreen><\/iframe>\n<\/div><\/figure>\n\n<h2 class=\"wp-block-heading\"><strong>Hauptmerkmale der Teguar Computer f\u00fcr die Lebensmittelverarbeitung:<\/strong><\/h2>\n\n<ul class=\"wp-block-list\">\n<li>Hygienisches Design: Hergestellt aus Materialien, die strenge Sauberkeitsstandards erf\u00fcllen.<\/li>\n\n\n\n<li>Leistungsstarke Verarbeitung: Schnelle Datenanalyse und Entscheidungsfindung in Echtzeit.<\/li>\n\n\n\n<li>Anpassbare Optionen: Ma\u00dfgeschneidert f\u00fcr die spezifischen Anforderungen der verschiedenen Lebensmittelverarbeitungsanwendungen.<\/li>\n\n\n\n<li>Kompatibilit\u00e4t mit Automatisierungssystemen: Nahtlose Integration f\u00fcr optimierte Produktionslinien.<\/li>\n\n\n\n<li>Zuverl\u00e4ssig in rauen Umgebungen: H\u00e4lt den harten Bedingungen in der Lebensmittelverarbeitung stand und ist langfristig einsetzbar.<\/li>\n<\/ul>\n    <section id=\"food-processing-computers\" class=\"products-by-tag section-spacing\">\n        <div class=\"container\">\n            <div class=\"header\">\n                                    <h2 class=\"headline\">Shop Lebensmittelverarbeitung Computer<\/h2>\n                            <\/div>\n\n            <div class=\"grid product-card-grid-4\">\n                \n<div class=\"product-card\" class=\"product type-product post-2247424 status-publish first instock product_cat-wasserdichte-computer product_tag-computer-fuer-die-lebensmittelverarbeitung product_tag-trident-series has-post-thumbnail taxable shipping-taxable purchasable product-type-simple\">\n    <div class=\"media\">\n                        <a href=\"https:\/\/teguar.com\/eu\/de\/product\/ts-7010-24\/\">\n            <img decoding=\"async\" src=\"https:\/\/teguar.com\/eu\/wp-content\/uploads\/sites\/2\/2023\/11\/TS-7010-24_Trident__03575.1746621565.1280.1280.jpg\" width=\"150\" height=\"150\" alt=\"24&quot; Stainless Steel Computer Trident TS-7010-24 Front Angle\" class=\"hero-image thumb lazy\" loading=\"lazy\" \/>        <\/a>\n    <\/div>\n    <div class=\"content\">\n        <h3>\n            <a href=\"https:\/\/teguar.com\/eu\/de\/product\/ts-7010-24\/\" class=\"name\">\n                TS-7010-24\n                            <\/a>\n        <\/h3>\n\n                    <div class=\"subtitle\">\n                24&quot; Edelstahl Computer | Trident            <\/div>\n\n        \n                    <div class=\"product-kh\">\n                <ul>\n<li>24&#8243; LCD-Touchscreen-Display<\/li>\n<li>Intel 12. Generation i5-Prozessor 9300 Passmark-Ergebnis<\/li>\n<li>Windows 11<\/li>\n<li>i7 CPU Upgrade Option<\/li>\n<li>IP69K Wasserdichte M12 Steckverbinder<\/li>\n<\/ul>\n            <\/div>\n        \n        <div class=\"c-footer\">\n            <a href=\"https:\/\/teguar.com\/eu\/de\/product\/ts-7010-24\/#get-a-quick-quote\" class=\"button button-blue button-get-a-quick-quote\" >Angebot anfordern<\/a>        <\/div>\n    <\/div>\n<\/div>\n\n\n<div class=\"product-card\" class=\"product type-product post-2247449 status-publish onbackorder product_cat-embedded-pcs product_cat-lufterlose-pcs product_cat-rugged-computer product_cat-wasserdichte-box-pcs product_cat-wasserdichte-computer product_tag-computer-fuer-den-aussenbereich product_tag-computer-fuer-die-lebensmittelverarbeitung product_tag-online-kaufen product_tag-twb-5920-series has-post-thumbnail taxable shipping-taxable purchasable product-type-composite\">\n    <div class=\"media\">\n                        <a href=\"https:\/\/teguar.com\/eu\/de\/product\/twb-5920\/\">\n            <img decoding=\"async\" src=\"https:\/\/teguar.com\/eu\/wp-content\/uploads\/sites\/2\/2020\/07\/Waterproof_Box_PC_TWB-5920_Front__37238.1708376901.1280.1280.jpg\" width=\"150\" height=\"113\" alt=\"Waterproof Box PC | TB-5920\" class=\"hero-image thumb lazy\" loading=\"lazy\" \/>        <\/a>\n    <\/div>\n    <div class=\"content\">\n        <h3>\n            <a href=\"https:\/\/teguar.com\/eu\/de\/product\/twb-5920\/\" class=\"name\">\n                TWB-5920\n                            <\/a>\n        <\/h3>\n\n                    <div class=\"subtitle\">\n                Wasserdichte Box PC            <\/div>\n\n        \n                    <div class=\"product-kh\">\n                <ul>\n<li>Core i5-Prozessor der 11. Generation<\/li>\n<li>Windows 11-Funktionen<\/li>\n<li>L\u00fcfterloses Design<\/li>\n<li>Breite Betriebstemperatur (0C-50C)<\/li>\n<li>9~36V DC mit Isolierung<\/li>\n<\/ul>\n            <\/div>\n        \n        <div class=\"c-footer\">\n            <a href=\"https:\/\/teguar.com\/eu\/de\/product\/twb-5920\/#get-a-quick-quote\" class=\"button button-blue button-get-a-quick-quote\" >Angebot anfordern<\/a>        <\/div>\n    <\/div>\n<\/div>\n\n\n<div class=\"product-card\" class=\"product type-product post-2247448 status-publish last instock product_cat-embedded-pcs product_cat-lufterlose-pcs product_cat-rugged-computer product_cat-wasserdichte-box-pcs product_cat-wasserdichte-computer product_tag-computer-fuer-die-lebensmittelverarbeitung product_tag-online-kaufen product_tag-pharmazeutische-computer product_tag-twb-4810-series has-post-thumbnail taxable shipping-taxable purchasable product-type-composite\">\n    <div class=\"media\">\n                        <a href=\"https:\/\/teguar.com\/eu\/de\/product\/twb-4810\/\">\n            <img decoding=\"async\" src=\"https:\/\/teguar.com\/eu\/wp-content\/uploads\/sites\/2\/2023\/08\/Stainless_Steel_IP69K_Box_PC_M12-_Front__77405.1694805379.1280.1280.jpg\" width=\"150\" height=\"113\" alt=\"Stainless Steel IP69K TWB-4810 M12 Front\" class=\"hero-image thumb lazy\" loading=\"lazy\" \/>        <\/a>\n    <\/div>\n    <div class=\"content\">\n        <h3>\n            <a href=\"https:\/\/teguar.com\/eu\/de\/product\/twb-4810\/\" class=\"name\">\n                TWB-4810\n                            <\/a>\n        <\/h3>\n\n                    <div class=\"subtitle\">\n                Edelstahl IP69K Box PC            <\/div>\n\n        \n                    <div class=\"product-kh\">\n                <ul>\n<li>Intel Celeron J6412 Prozessor Passmark Bewertung 3850<\/li>\n<li>IP66\/IP69K-Edelstahlgeh\u00e4use<\/li>\n<li>Optionales WiFi 6<\/li>\n<li>M12-Eingangssteckverbinder mit optionalen Kabelverschraubungen<\/li>\n<li>Niedriger Stromverbrauch &#8211; 35W<\/li>\n<\/ul>\n            <\/div>\n        \n        <div class=\"c-footer\">\n            <a href=\"https:\/\/teguar.com\/eu\/de\/product\/twb-4810\/#get-a-quick-quote\" class=\"button button-blue button-get-a-quick-quote\" >Angebot anfordern<\/a>        <\/div>\n    <\/div>\n<\/div>\n\n\n<div class=\"product-card\" class=\"product type-product post-2245651 status-publish first instock product_cat-panel-pcs product_cat-wasserdichte-computer product_tag-computer-fuer-die-lebensmittelverarbeitung product_tag-computer-und-tablets-fur-reinraume product_tag-industriecomputer-im-schnellversand product_tag-online-kaufen product_tag-schnell-lieferbare-wasserdichte-computer product_tag-ts-4810-series has-post-thumbnail taxable shipping-taxable purchasable product-type-composite\">\n    <div class=\"media\">\n                        <a href=\"https:\/\/teguar.com\/eu\/de\/product\/ts-4810-15\/\">\n            <img decoding=\"async\" src=\"https:\/\/teguar.com\/eu\/wp-content\/uploads\/sites\/2\/2023\/03\/TS-4810-15_Front_Angle__51837.1679056537.1280.1280.jpg\" width=\"150\" height=\"107\" alt=\"Stainless Steel Panel PC | TS-4810-15 Front Angle\" class=\"hero-image thumb lazy\" loading=\"lazy\" \/>        <\/a>\n    <\/div>\n    <div class=\"content\">\n        <h3>\n            <a href=\"https:\/\/teguar.com\/eu\/de\/product\/ts-4810-15\/\" class=\"name\">\n                TS-4810-15\n                            <\/a>\n        <\/h3>\n\n                    <div class=\"subtitle\">\n                15&quot; Edelstahl-Panel PC            <\/div>\n\n        \n                    <div class=\"product-kh\">\n                <ul>\n<li>15&#8243; Wasserdichter Touchscreen<\/li>\n<li>Intel Celeron J6412 CPU mit Windows 11-F\u00e4higkeiten<\/li>\n<li>Schutzart IP66 \/ IP69K<\/li>\n<li>Wasserdichte Steckverbinder und Stromversorgung<\/li>\n<li>L\u00fcfterloser Betrieb<\/li>\n<\/ul>\n            <\/div>\n        \n        <div class=\"c-footer\">\n            <a href=\"https:\/\/teguar.com\/eu\/de\/product\/ts-4810-15\/#get-a-quick-quote\" class=\"button button-blue button-get-a-quick-quote\" >Angebot anfordern<\/a>        <\/div>\n    <\/div>\n<\/div>\n\n            <\/div>\n        <\/div>\n    <\/section>\n\n<p>Der Automatisierungscomputer f\u00fcr die Lebensmittelverarbeitung von Teguar ist ein vollst\u00e4ndig abgedichteter, <a href=\"https:\/\/teguar.com\/eu\/de\/wasserdichte-computer\/\">wasserdichter Industrie-PC mit Touchscreen<\/a>, der auf die Unterst\u00fctzung von ERP-Software und Datenerfassung ohne Einschr\u00e4nkungen, Bedenken oder Datenverlust spezialisiert ist. Diese PCs werden als kosteng\u00fcnstige Celeron- oder leistungsstarke Core i-Hochgeschwindigkeitsrechner f\u00fcr intensive Produktionsumgebungen angeboten. Jedes der leistungsstarken Ger\u00e4te ist so konzipiert, dass es mit hohen Temperaturen, Hochdruck-Wasserstrahlen und vielem mehr umgehen kann, ohne dass es zu Verz\u00f6gerungen, Verunreinigungen oder Datenverlusten kommt. Diese leistungsstarken und kompetenten Computer f\u00fcr die Lebensmittelherstellung sind vollst\u00e4ndig versiegelt und k\u00f6nnen mit kochendem Wasser, Desinfektionsmitteln und branchen\u00fcblichen Reinigungsmitteln gereinigt werden, so dass eine sichere, kontaminations- und keimfreie Umgebung gew\u00e4hrleistet ist. Das Geh\u00e4use aus rostfreiem Stahl ist frei von Rillen und Scharnieren und bietet eine 100% hygienische, leicht zu reinigende Oberfl\u00e4che. Der industrielle Touchscreen ist bruch- und rissfest und alle Daten lassen sich auch mit Handschuhen problemlos eingeben und abrufen. Jede Komponente dieser Automatisierungssysteme f\u00fcr Lebensmittelfabriken ist garantiert f\u00fcr eine schnelle und sichere, hygienische Lebensmittelproduktion und -verkauf.      <\/p>\n\n<p>Das robuste Edelstahlgeh\u00e4use der Computer f\u00fcr die Lebensmittelherstellung ist die perfekte L\u00f6sung f\u00fcr die Arbeit in der anspruchsvollen Umgebung der Lebensmittelverarbeitung. Jedes Ger\u00e4t wird im Werk getestet und erneut getestet, um jederzeit maximale Leistung zu gew\u00e4hrleisten. Das Au\u00dfengeh\u00e4use hat eine IP69K-Einstufung, die es der Konkurrenz voraus hat und eine einfache Reinigung w\u00e4hrend des Reinigungsprozesses erm\u00f6glicht; diese PC-Einheiten m\u00fcssen nicht abgedeckt werden, da sie bis zu 1500 psi wasserdicht sind. Teguar bietet weitere Computer f\u00fcr die Lebensmittelverarbeitung an, die der Schutzklasse IP65 (spritzwassergesch\u00fctzt) oder IP67 (Untertauchen bis zu 1 m m\u00f6glich) entsprechen. Verlassen Sie sich auf die professionellen Automatisierungssysteme f\u00fcr die Lebensmittelindustrie von Teguar, wenn es um unerm\u00fcdliche Spitzenleistungen geht.    <\/p>\n\n<h2 class=\"wp-block-heading\" id=\"h-question-i-ve-been-told-that-food-pharma-and-chemical-manufacturing-environments-require-an-ip67-rated-waterproof-pc-can-teguar-provide-that\">Frage: Ich habe geh\u00f6rt, dass in der Lebensmittel-, Pharma- und Chemieindustrie ein wasserdichter PC nach IP67 erforderlich ist. Kann Teguar das bieten?<\/h2>\n\n<p>Antwort: Teguar hat PCs mit der Schutzart IP67 im Angebot, aber das ist f\u00fcr Ihre Umgebung vielleicht nicht notwendig. Die Schutzart IP67 ist nur dann erforderlich, wenn Sie das Ger\u00e4t 30 Minuten lang bis zu 1 Meter unter Wasser tauchen wollen. Die meisten Einrichtungen k\u00f6nnen eine IP66-Einstufung akzeptieren. Eine typische Ausnahme ist die Gefl\u00fcgelverarbeitung, wo die PCs regelm\u00e4\u00dfig mit hohem Druck abgespritzt werden (bis zu 1500PSI).  <\/p>\n\n<section class=\"hubspot-form section-spacing\">\n    <script charset=\"utf-8\" type=\"text\/javascript\" src=\"\/\/js.hsforms.net\/forms\/embed\/v2.js\"><\/script>\r\n<script>\r\n  hbspt.forms.create({\r\n    portalId: \"21497995\",\r\n    formId: \"11a43242-0316-4b23-9e13-2f6bc9b8edde\",\r\n    region: \"na1\"\r\n  });\r\n<\/script><\/section>\n\n","protected":false},"excerpt":{"rendered":"<p>Hauptmerkmale der Teguar Computer f\u00fcr die Lebensmittelverarbeitung: Der Automatisierungscomputer f\u00fcr die Lebensmittelverarbeitung von Teguar ist ein vollst\u00e4ndig abgedichteter, wasserdichter Industrie-PC mit Touchscreen, der auf die Unterst\u00fctzung von ERP-Software und Datenerfassung ohne Einschr\u00e4nkungen, Bedenken oder Datenverlust spezialisiert ist. Diese PCs werden als kosteng\u00fcnstige Celeron- oder leistungsstarke Core i-Hochgeschwindigkeitsrechner f\u00fcr intensive Produktionsumgebungen angeboten. Jedes der leistungsstarken Ger\u00e4te [&hellip;]<\/p>\n","protected":false},"author":3,"featured_media":0,"parent":0,"menu_order":0,"comment_status":"closed","ping_status":"closed","template":"templates\/template-product-application.php","meta":{"_acf_changed":false,"footnotes":""},"class_list":["post-2243489","page","type-page","status-publish","hentry"],"acf":[],"yoast_head":"<!-- This site is optimized with the Yoast SEO Premium plugin v26.8 (Yoast SEO v27.2) - https:\/\/yoast.com\/product\/yoast-seo-premium-wordpress\/ -->\n<title>Computer f\u00fcr die Lebensmittelverarbeitung<\/title>\n<meta name=\"description\" content=\"Computer f\u00fcr die Lebensmittelverarbeitung sind so konzipiert, dass sie frei von Verunreinigungen bleiben und regelm\u00e4\u00dfig gewaschen werden k\u00f6nnen. Teguar bietet eine Palette von IP65-IP69K-Computern an.\" \/>\n<meta name=\"robots\" content=\"index, follow, max-snippet:-1, max-image-preview:large, max-video-preview:-1\" \/>\n<link rel=\"canonical\" href=\"https:\/\/teguar.com\/eu\/de\/computer-fuer-die-lebensmittelverarbeitung\/\" \/>\n<meta property=\"og:locale\" content=\"de_DE\" \/>\n<meta property=\"og:type\" content=\"article\" \/>\n<meta property=\"og:title\" content=\"Computer f\u00fcr die Lebensmittelverarbeitung\" \/>\n<meta property=\"og:description\" content=\"Computer f\u00fcr die Lebensmittelverarbeitung sind so konzipiert, dass sie frei von Verunreinigungen bleiben und regelm\u00e4\u00dfig gewaschen werden k\u00f6nnen. Teguar bietet eine Palette von IP65-IP69K-Computern an.\" \/>\n<meta property=\"og:url\" content=\"https:\/\/teguar.com\/eu\/de\/computer-fuer-die-lebensmittelverarbeitung\/\" \/>\n<meta property=\"og:site_name\" content=\"Teguar\" \/>\n<meta property=\"article:modified_time\" content=\"2025-11-24T15:19:44+00:00\" \/>\n<meta name=\"twitter:card\" content=\"summary_large_image\" \/>\n<meta name=\"twitter:label1\" content=\"Gesch\u00e4tzte Lesezeit\" \/>\n\t<meta name=\"twitter:data1\" content=\"2\u00a0Minuten\" \/>\n<script type=\"application\/ld+json\" class=\"yoast-schema-graph\">{\"@context\":\"https:\/\/schema.org\",\"@graph\":[{\"@type\":\"WebPage\",\"@id\":\"https:\/\/teguar.com\/eu\/de\/computer-fuer-die-lebensmittelverarbeitung\/\",\"url\":\"https:\/\/teguar.com\/eu\/de\/computer-fuer-die-lebensmittelverarbeitung\/\",\"name\":\"Computer f\u00fcr die Lebensmittelverarbeitung\",\"isPartOf\":{\"@id\":\"https:\/\/teguar.com\/eu\/en\/#website\"},\"datePublished\":\"2025-06-27T17:35:14+00:00\",\"dateModified\":\"2025-11-24T15:19:44+00:00\",\"description\":\"Computer f\u00fcr die Lebensmittelverarbeitung sind so konzipiert, dass sie frei von Verunreinigungen bleiben und regelm\u00e4\u00dfig gewaschen werden k\u00f6nnen. Teguar bietet eine Palette von IP65-IP69K-Computern an.\",\"breadcrumb\":{\"@id\":\"https:\/\/teguar.com\/eu\/de\/computer-fuer-die-lebensmittelverarbeitung\/#breadcrumb\"},\"inLanguage\":\"de\",\"potentialAction\":[{\"@type\":\"ReadAction\",\"target\":[\"https:\/\/teguar.com\/eu\/de\/computer-fuer-die-lebensmittelverarbeitung\/\"]}]},{\"@type\":\"BreadcrumbList\",\"@id\":\"https:\/\/teguar.com\/eu\/de\/computer-fuer-die-lebensmittelverarbeitung\/#breadcrumb\",\"itemListElement\":[{\"@type\":\"ListItem\",\"position\":1,\"name\":\"Home\",\"item\":\"https:\/\/teguar.com\/eu\/de\/\"},{\"@type\":\"ListItem\",\"position\":2,\"name\":\"Computer f\u00fcr die Lebensmittelverarbeitung\"}]},{\"@type\":\"WebSite\",\"@id\":\"https:\/\/teguar.com\/eu\/en\/#website\",\"url\":\"https:\/\/teguar.com\/eu\/en\/\",\"name\":\"Teguar\",\"description\":\"Industrial PCs, Medical Computers, and Rugged Tablets\",\"potentialAction\":[{\"@type\":\"SearchAction\",\"target\":{\"@type\":\"EntryPoint\",\"urlTemplate\":\"https:\/\/teguar.com\/eu\/en\/?s={search_term_string}\"},\"query-input\":{\"@type\":\"PropertyValueSpecification\",\"valueRequired\":true,\"valueName\":\"search_term_string\"}}],\"inLanguage\":\"de\"}]}<\/script>\n<!-- \/ Yoast SEO Premium plugin. -->","yoast_head_json":{"title":"Computer f\u00fcr die Lebensmittelverarbeitung","description":"Computer f\u00fcr die Lebensmittelverarbeitung sind so konzipiert, dass sie frei von Verunreinigungen bleiben und regelm\u00e4\u00dfig gewaschen werden k\u00f6nnen. Teguar bietet eine Palette von IP65-IP69K-Computern an.","robots":{"index":"index","follow":"follow","max-snippet":"max-snippet:-1","max-image-preview":"max-image-preview:large","max-video-preview":"max-video-preview:-1"},"canonical":"https:\/\/teguar.com\/eu\/de\/computer-fuer-die-lebensmittelverarbeitung\/","og_locale":"de_DE","og_type":"article","og_title":"Computer f\u00fcr die Lebensmittelverarbeitung","og_description":"Computer f\u00fcr die Lebensmittelverarbeitung sind so konzipiert, dass sie frei von Verunreinigungen bleiben und regelm\u00e4\u00dfig gewaschen werden k\u00f6nnen. Teguar bietet eine Palette von IP65-IP69K-Computern an.","og_url":"https:\/\/teguar.com\/eu\/de\/computer-fuer-die-lebensmittelverarbeitung\/","og_site_name":"Teguar","article_modified_time":"2025-11-24T15:19:44+00:00","twitter_card":"summary_large_image","twitter_misc":{"Gesch\u00e4tzte Lesezeit":"2\u00a0Minuten"},"schema":{"@context":"https:\/\/schema.org","@graph":[{"@type":"WebPage","@id":"https:\/\/teguar.com\/eu\/de\/computer-fuer-die-lebensmittelverarbeitung\/","url":"https:\/\/teguar.com\/eu\/de\/computer-fuer-die-lebensmittelverarbeitung\/","name":"Computer f\u00fcr die Lebensmittelverarbeitung","isPartOf":{"@id":"https:\/\/teguar.com\/eu\/en\/#website"},"datePublished":"2025-06-27T17:35:14+00:00","dateModified":"2025-11-24T15:19:44+00:00","description":"Computer f\u00fcr die Lebensmittelverarbeitung sind so konzipiert, dass sie frei von Verunreinigungen bleiben und regelm\u00e4\u00dfig gewaschen werden k\u00f6nnen. Teguar bietet eine Palette von IP65-IP69K-Computern an.","breadcrumb":{"@id":"https:\/\/teguar.com\/eu\/de\/computer-fuer-die-lebensmittelverarbeitung\/#breadcrumb"},"inLanguage":"de","potentialAction":[{"@type":"ReadAction","target":["https:\/\/teguar.com\/eu\/de\/computer-fuer-die-lebensmittelverarbeitung\/"]}]},{"@type":"BreadcrumbList","@id":"https:\/\/teguar.com\/eu\/de\/computer-fuer-die-lebensmittelverarbeitung\/#breadcrumb","itemListElement":[{"@type":"ListItem","position":1,"name":"Home","item":"https:\/\/teguar.com\/eu\/de\/"},{"@type":"ListItem","position":2,"name":"Computer f\u00fcr die Lebensmittelverarbeitung"}]},{"@type":"WebSite","@id":"https:\/\/teguar.com\/eu\/en\/#website","url":"https:\/\/teguar.com\/eu\/en\/","name":"Teguar","description":"Industrial PCs, Medical Computers, and Rugged Tablets","potentialAction":[{"@type":"SearchAction","target":{"@type":"EntryPoint","urlTemplate":"https:\/\/teguar.com\/eu\/en\/?s={search_term_string}"},"query-input":{"@type":"PropertyValueSpecification","valueRequired":true,"valueName":"search_term_string"}}],"inLanguage":"de"}]}},"_links":{"self":[{"href":"https:\/\/teguar.com\/eu\/de\/wp-json\/wp\/v2\/pages\/2243489","targetHints":{"allow":["GET"]}}],"collection":[{"href":"https:\/\/teguar.com\/eu\/de\/wp-json\/wp\/v2\/pages"}],"about":[{"href":"https:\/\/teguar.com\/eu\/de\/wp-json\/wp\/v2\/types\/page"}],"author":[{"embeddable":true,"href":"https:\/\/teguar.com\/eu\/de\/wp-json\/wp\/v2\/users\/3"}],"replies":[{"embeddable":true,"href":"https:\/\/teguar.com\/eu\/de\/wp-json\/wp\/v2\/comments?post=2243489"}],"version-history":[{"count":2,"href":"https:\/\/teguar.com\/eu\/de\/wp-json\/wp\/v2\/pages\/2243489\/revisions"}],"predecessor-version":[{"id":2247768,"href":"https:\/\/teguar.com\/eu\/de\/wp-json\/wp\/v2\/pages\/2243489\/revisions\/2247768"}],"wp:attachment":[{"href":"https:\/\/teguar.com\/eu\/de\/wp-json\/wp\/v2\/media?parent=2243489"}],"curies":[{"name":"wp","href":"https:\/\/api.w.org\/{rel}","templated":true}]}}