{"id":2243488,"date":"2025-06-23T17:48:28","date_gmt":"2025-06-23T17:48:28","guid":{"rendered":"https:\/\/teguar.com\/eu\/computer-fuer-militaer-und-luft-und-raumfahrt\/"},"modified":"2025-11-24T15:32:21","modified_gmt":"2025-11-24T15:32:21","slug":"computer-fuer-militaer-und-luft-und-raumfahrt","status":"publish","type":"page","link":"https:\/\/teguar.com\/eu\/de\/computer-fuer-militaer-und-luft-und-raumfahrt\/","title":{"rendered":"Computer f\u00fcr Milit\u00e4r und Luft- und Raumfahrt"},"content":{"rendered":"\n<p>Milit\u00e4r- und Raumfahrtcomputer erf\u00fcllen die High-Tech-Anforderungen, die f\u00fcr die heutigen Milit\u00e4rflugzeuge erforderlich sind. Diese robusten Computer sind f\u00fcr die komplexen Anforderungen der heutigen netzwerkzentrierten milit\u00e4rischen Operationen erforderlich. Jede <a href=\"https:\/\/teguar.com\/eu\/de\/rugged-computer\/\">robuste Computereinheit<\/a> ist in der Lage, Hochdruckwasser, Staub, \u00d6l, Vibrationen, Ersch\u00fctterungen und vieles mehr zu \u00fcberstehen, ohne zu schwanken, Daten zu verlieren oder zu z\u00f6gern. Der PC f\u00fcr die Luft- und Raumfahrt bietet eine hohe Kapazit\u00e4t f\u00fcr Kontrolle, Befehle, Kommunikation, Nachrichtendienst, Aufkl\u00e4rung, \u00dcberwachung, Einsatzplanung und Situationsbewusstsein. Jedes Ger\u00e4t bietet schnelle, hochmoderne Technologie sowie kontinuierliche Updates, die daf\u00fcr sorgen, dass diese PCs \u00fcber dem Industriestandard liegen.    <\/p>\n\n<h2 class=\"wp-block-heading\" id=\"h-features-of-military-and-aerospace-computers\"><strong>Merkmale von Computern f\u00fcr Milit\u00e4r und Raumfahrt:<\/strong><\/h2>\n\n<ul class=\"wp-block-list\">\n<li>Erh\u00e4ltlich in 15&#8243;, 16&#8243;, 17&#8243;, 19&#8243;, 22&#8243;<\/li>\n\n\n\n<li>Intel Core i3\/i5\/i7 oder Intel Atom\/Celeron CPU<\/li>\n\n\n\n<li>Verf\u00fcgbar mit Windows- oder Android-Betriebssystemen<\/li>\n\n\n\n<li>Robustes Geh\u00e4use, das Vibrationen, St\u00f6\u00dfen und St\u00fcrzen standh\u00e4lt  <\/li>\n\n\n\n<li>Breiter Betriebstemperaturbereich<\/li>\n\n\n\n<li>Vielf\u00e4ltige Befestigungsm\u00f6glichkeiten wie VESA-Halterung, Panel-Halterung, Desktop-Halterung<\/li>\n\n\n\n<li>\u00c4u\u00dferst verl\u00e4sslich<\/li>\n\n\n\n<li>Anpassbar an Ihre Anwendungsbed\u00fcrfnisse<\/li>\n<\/ul>\n    <section id=\"military-and-aerospace-computers\" class=\"products-by-tag section-spacing\">\n        <div class=\"container\">\n            <div class=\"header\">\n                                    <h2 class=\"headline\">Computerprodukte f\u00fcr Milit\u00e4r und Luft- und Raumfahrt einkaufen<\/h2>\n                            <\/div>\n\n            <div class=\"grid product-card-grid-4\">\n                \n<div class=\"product-card\" class=\"product type-product post-2247399 status-publish first instock product_cat-hmi-panel product_cat-panel-pcs product_tag-computer-fur-militar-und-luft-und-raumfahrt product_tag-online-kaufen product_tag-pinnacle-series product_tag-scada-hmi-panel-pcs-2 product_tag-systemintegratoren-fur-die-automatisierung has-post-thumbnail taxable shipping-taxable purchasable product-type-composite\">\n    <div class=\"media\">\n                        <a href=\"https:\/\/teguar.com\/eu\/de\/product\/pinnacle-tp-4800-12\/\">\n            <img decoding=\"async\" src=\"https:\/\/teguar.com\/eu\/wp-content\/uploads\/sites\/2\/2025\/01\/Pinnacle_Panel_PC_TP-4800-12_Front_Red__21644.1742304466.1280.1280.jpg\" width=\"150\" height=\"150\" alt=\"12 inch Pinnacle Panel PC TP-4800-12 Front\" class=\"hero-image thumb lazy\" loading=\"lazy\" \/>        <\/a>\n    <\/div>\n    <div class=\"content\">\n        <h3>\n            <a href=\"https:\/\/teguar.com\/eu\/de\/product\/pinnacle-tp-4800-12\/\" class=\"name\">\n                Pinnacle TP-4800-12\n                            <\/a>\n        <\/h3>\n\n                    <div class=\"subtitle\">\n                12,1&quot; Panel PC            <\/div>\n\n        \n                    <div class=\"product-kh\">\n                <ul>\n<li>Neuester l\u00fcfterloser Intel\u00ae Elkhart Lake-Prozessor<\/li>\n<li>12,1&#8243; Display mit hoher Helligkeit und Direct Bonded Touch<\/li>\n<li>PoE, USB-C, Digital IO, HDMI-Anschl\u00fcsse<\/li>\n<li>Atemberaubend schlanker Formfaktor<\/li>\n<li>Solides Aluminium-Gussgeh\u00e4use<\/li>\n<li>Windows 11 Pro und IOT<\/li>\n<\/ul>\n            <\/div>\n        \n        <div class=\"c-footer\">\n            <a href=\"https:\/\/teguar.com\/eu\/de\/product\/pinnacle-tp-4800-12\/#get-a-quick-quote\" class=\"button button-blue button-get-a-quick-quote\" >Angebot anfordern<\/a>        <\/div>\n    <\/div>\n<\/div>\n\n\n<div class=\"product-card\" class=\"product type-product post-2244859 status-publish onbackorder product_cat-rugged-android-tablets product_tag-computer-fur-militar-und-luft-und-raumfahrt product_tag-online-kaufen product_tag-schneller-versand-von-robusten-tablets product_tag-tablets-fur-den-ausendienst has-post-thumbnail taxable shipping-taxable purchasable product-type-composite\">\n    <div class=\"media\">\n                        <a href=\"https:\/\/teguar.com\/eu\/de\/product\/trt-a5780-10\/\">\n            <img decoding=\"async\" src=\"https:\/\/teguar.com\/eu\/wp-content\/uploads\/sites\/2\/2021\/04\/10_rugged_android_tablet_TRT-A5780-10_front_angled_view__02770.1722866740.1280.1280.jpg\" width=\"150\" height=\"150\" alt=\"10&quot; Rugged Android Tablet front side view\" class=\"hero-image thumb lazy\" loading=\"lazy\" \/>        <\/a>\n    <\/div>\n    <div class=\"content\">\n        <h3>\n            <a href=\"https:\/\/teguar.com\/eu\/de\/product\/trt-a5780-10\/\" class=\"name\">\n                TRT-A5780-10\n                            <\/a>\n        <\/h3>\n\n                    <div class=\"subtitle\">\n                10&quot; Industrie Tablet PC            <\/div>\n\n        \n                    <div class=\"product-kh\">\n                <ul>\n<li>10&#8243; Pcap Touchscreen<\/li>\n<li>Mediatek G99 Ultimate Octa-Core CPU &#8211; Passmark Bewertung 4208<\/li>\n<li>Android 14 mit Google Mobile Services<\/li>\n<li>Integrierte USB Typ C-, HDMI- und LAN-Anschl\u00fcsse<\/li>\n<li>Herausnehmbare Hot-Swap-Batterie<\/li>\n<\/ul>\n            <\/div>\n        \n        <div class=\"c-footer\">\n            <a href=\"https:\/\/teguar.com\/eu\/de\/product\/trt-a5780-10\/#get-a-quick-quote\" class=\"button button-blue button-get-a-quick-quote\" >Angebot anfordern<\/a>        <\/div>\n    <\/div>\n<\/div>\n\n            <\/div>\n        <\/div>\n    <\/section>\n\n<p>Dieser aufwendig gestaltete PC f\u00fcr Milit\u00e4r und Luft- und Raumfahrt ist in der Lage, den harten Anforderungen in diesem technologischen Bereich standzuhalten, und er bietet Informationen und F\u00e4higkeiten, die den Unterschied zwischen Erfolg und Misserfolg einer Mission ausmachen k\u00f6nnen. Teguar bietet gepr\u00fcfte und bew\u00e4hrte Milit\u00e4rtechnologie. Das leicht ablesbare Touchscreen-Panel erm\u00f6glicht den einfachen Zugriff auf alle Informationen, selbst wenn Sie schwere Handsch\u00fctzer tragen, und ist dank der Sonnenlichttauglichkeit auch bei grellem Sonnenlicht gut lesbar. Das d\u00fcnne, l\u00fcfterlose Design erm\u00f6glicht eine einfache \u00dcbernahme in bereits vorhandene IT-Systeme und enge aerodynamische R\u00e4ume. Computer f\u00fcr die Luft- und Raumfahrt sind so konzipiert, dass sie relevante missions- und lebenswichtige Informationen enthalten und verarbeiten. Der Luft- und Raumfahrt-PC bietet Spitzentechnologie f\u00fcr Luft- und Raumfahrt- und Verteidigungsanwendungen.     <\/p>\n\n<section class=\"hubspot-form section-spacing\">\n    <script charset=\"utf-8\" type=\"text\/javascript\" src=\"\/\/js.hsforms.net\/forms\/embed\/v2.js\"><\/script>\r\n<script>\r\n  hbspt.forms.create({\r\n    portalId: \"21497995\",\r\n    formId: \"11a43242-0316-4b23-9e13-2f6bc9b8edde\",\r\n    region: \"na1\"\r\n  });\r\n<\/script><\/section>\n\n","protected":false},"excerpt":{"rendered":"<p>Milit\u00e4r- und Raumfahrtcomputer erf\u00fcllen die High-Tech-Anforderungen, die f\u00fcr die heutigen Milit\u00e4rflugzeuge erforderlich sind. Diese robusten Computer sind f\u00fcr die komplexen Anforderungen der heutigen netzwerkzentrierten milit\u00e4rischen Operationen erforderlich. Jede robuste Computereinheit ist in der Lage, Hochdruckwasser, Staub, \u00d6l, Vibrationen, Ersch\u00fctterungen und vieles mehr zu \u00fcberstehen, ohne zu schwanken, Daten zu verlieren oder zu z\u00f6gern. Der PC [&hellip;]<\/p>\n","protected":false},"author":3,"featured_media":0,"parent":0,"menu_order":0,"comment_status":"closed","ping_status":"closed","template":"templates\/template-product-application.php","meta":{"_acf_changed":false,"footnotes":""},"class_list":["post-2243488","page","type-page","status-publish","hentry"],"acf":[],"yoast_head":"<!-- This site is optimized with the Yoast SEO Premium plugin v26.8 (Yoast SEO v27.2) - https:\/\/yoast.com\/product\/yoast-seo-premium-wordpress\/ -->\n<title>Computer f\u00fcr Milit\u00e4r und Luft- und Raumfahrt<\/title>\n<meta name=\"description\" content=\"Computer f\u00fcr die Luft- und Raumfahrt bieten eine L\u00f6sung f\u00fcr die technischen Anforderungen von Milit\u00e4rflugzeugen. Informieren Sie sich hier \u00fcber die Merkmale der Milit\u00e4r- und Raumfahrtcomputer von Teguar.\" \/>\n<meta name=\"robots\" content=\"index, follow, max-snippet:-1, max-image-preview:large, max-video-preview:-1\" \/>\n<link rel=\"canonical\" href=\"https:\/\/teguar.com\/eu\/de\/computer-fuer-militaer-und-luft-und-raumfahrt\/\" \/>\n<meta property=\"og:locale\" content=\"de_DE\" \/>\n<meta property=\"og:type\" content=\"article\" \/>\n<meta property=\"og:title\" content=\"Computer f\u00fcr Milit\u00e4r und Luft- und Raumfahrt\" \/>\n<meta property=\"og:description\" content=\"Computer f\u00fcr die Luft- und Raumfahrt bieten eine L\u00f6sung f\u00fcr die technischen Anforderungen von Milit\u00e4rflugzeugen. Informieren Sie sich hier \u00fcber die Merkmale der Milit\u00e4r- und Raumfahrtcomputer von Teguar.\" \/>\n<meta property=\"og:url\" content=\"https:\/\/teguar.com\/eu\/de\/computer-fuer-militaer-und-luft-und-raumfahrt\/\" \/>\n<meta property=\"og:site_name\" content=\"Teguar\" \/>\n<meta property=\"article:modified_time\" content=\"2025-11-24T15:32:21+00:00\" \/>\n<meta name=\"twitter:card\" content=\"summary_large_image\" \/>\n<meta name=\"twitter:label1\" content=\"Gesch\u00e4tzte Lesezeit\" \/>\n\t<meta name=\"twitter:data1\" content=\"2\u00a0Minuten\" \/>\n<script type=\"application\/ld+json\" class=\"yoast-schema-graph\">{\"@context\":\"https:\/\/schema.org\",\"@graph\":[{\"@type\":\"WebPage\",\"@id\":\"https:\/\/teguar.com\/eu\/de\/computer-fuer-militaer-und-luft-und-raumfahrt\/\",\"url\":\"https:\/\/teguar.com\/eu\/de\/computer-fuer-militaer-und-luft-und-raumfahrt\/\",\"name\":\"Computer f\u00fcr Milit\u00e4r und Luft- und Raumfahrt\",\"isPartOf\":{\"@id\":\"https:\/\/teguar.com\/eu\/en\/#website\"},\"datePublished\":\"2025-06-23T17:48:28+00:00\",\"dateModified\":\"2025-11-24T15:32:21+00:00\",\"description\":\"Computer f\u00fcr die Luft- und Raumfahrt bieten eine L\u00f6sung f\u00fcr die technischen Anforderungen von Milit\u00e4rflugzeugen. Informieren Sie sich hier \u00fcber die Merkmale der Milit\u00e4r- und Raumfahrtcomputer von Teguar.\",\"breadcrumb\":{\"@id\":\"https:\/\/teguar.com\/eu\/de\/computer-fuer-militaer-und-luft-und-raumfahrt\/#breadcrumb\"},\"inLanguage\":\"de\",\"potentialAction\":[{\"@type\":\"ReadAction\",\"target\":[\"https:\/\/teguar.com\/eu\/de\/computer-fuer-militaer-und-luft-und-raumfahrt\/\"]}]},{\"@type\":\"BreadcrumbList\",\"@id\":\"https:\/\/teguar.com\/eu\/de\/computer-fuer-militaer-und-luft-und-raumfahrt\/#breadcrumb\",\"itemListElement\":[{\"@type\":\"ListItem\",\"position\":1,\"name\":\"Home\",\"item\":\"https:\/\/teguar.com\/eu\/de\/\"},{\"@type\":\"ListItem\",\"position\":2,\"name\":\"Computer f\u00fcr Milit\u00e4r und Luft- und Raumfahrt\"}]},{\"@type\":\"WebSite\",\"@id\":\"https:\/\/teguar.com\/eu\/en\/#website\",\"url\":\"https:\/\/teguar.com\/eu\/en\/\",\"name\":\"Teguar\",\"description\":\"Industrial PCs, Medical Computers, and Rugged Tablets\",\"potentialAction\":[{\"@type\":\"SearchAction\",\"target\":{\"@type\":\"EntryPoint\",\"urlTemplate\":\"https:\/\/teguar.com\/eu\/en\/?s={search_term_string}\"},\"query-input\":{\"@type\":\"PropertyValueSpecification\",\"valueRequired\":true,\"valueName\":\"search_term_string\"}}],\"inLanguage\":\"de\"}]}<\/script>\n<!-- \/ Yoast SEO Premium plugin. -->","yoast_head_json":{"title":"Computer f\u00fcr Milit\u00e4r und Luft- und Raumfahrt","description":"Computer f\u00fcr die Luft- und Raumfahrt bieten eine L\u00f6sung f\u00fcr die technischen Anforderungen von Milit\u00e4rflugzeugen. Informieren Sie sich hier \u00fcber die Merkmale der Milit\u00e4r- und Raumfahrtcomputer von Teguar.","robots":{"index":"index","follow":"follow","max-snippet":"max-snippet:-1","max-image-preview":"max-image-preview:large","max-video-preview":"max-video-preview:-1"},"canonical":"https:\/\/teguar.com\/eu\/de\/computer-fuer-militaer-und-luft-und-raumfahrt\/","og_locale":"de_DE","og_type":"article","og_title":"Computer f\u00fcr Milit\u00e4r und Luft- und Raumfahrt","og_description":"Computer f\u00fcr die Luft- und Raumfahrt bieten eine L\u00f6sung f\u00fcr die technischen Anforderungen von Milit\u00e4rflugzeugen. Informieren Sie sich hier \u00fcber die Merkmale der Milit\u00e4r- und Raumfahrtcomputer von Teguar.","og_url":"https:\/\/teguar.com\/eu\/de\/computer-fuer-militaer-und-luft-und-raumfahrt\/","og_site_name":"Teguar","article_modified_time":"2025-11-24T15:32:21+00:00","twitter_card":"summary_large_image","twitter_misc":{"Gesch\u00e4tzte Lesezeit":"2\u00a0Minuten"},"schema":{"@context":"https:\/\/schema.org","@graph":[{"@type":"WebPage","@id":"https:\/\/teguar.com\/eu\/de\/computer-fuer-militaer-und-luft-und-raumfahrt\/","url":"https:\/\/teguar.com\/eu\/de\/computer-fuer-militaer-und-luft-und-raumfahrt\/","name":"Computer f\u00fcr Milit\u00e4r und Luft- und Raumfahrt","isPartOf":{"@id":"https:\/\/teguar.com\/eu\/en\/#website"},"datePublished":"2025-06-23T17:48:28+00:00","dateModified":"2025-11-24T15:32:21+00:00","description":"Computer f\u00fcr die Luft- und Raumfahrt bieten eine L\u00f6sung f\u00fcr die technischen Anforderungen von Milit\u00e4rflugzeugen. Informieren Sie sich hier \u00fcber die Merkmale der Milit\u00e4r- und Raumfahrtcomputer von Teguar.","breadcrumb":{"@id":"https:\/\/teguar.com\/eu\/de\/computer-fuer-militaer-und-luft-und-raumfahrt\/#breadcrumb"},"inLanguage":"de","potentialAction":[{"@type":"ReadAction","target":["https:\/\/teguar.com\/eu\/de\/computer-fuer-militaer-und-luft-und-raumfahrt\/"]}]},{"@type":"BreadcrumbList","@id":"https:\/\/teguar.com\/eu\/de\/computer-fuer-militaer-und-luft-und-raumfahrt\/#breadcrumb","itemListElement":[{"@type":"ListItem","position":1,"name":"Home","item":"https:\/\/teguar.com\/eu\/de\/"},{"@type":"ListItem","position":2,"name":"Computer f\u00fcr Milit\u00e4r und Luft- und Raumfahrt"}]},{"@type":"WebSite","@id":"https:\/\/teguar.com\/eu\/en\/#website","url":"https:\/\/teguar.com\/eu\/en\/","name":"Teguar","description":"Industrial PCs, Medical Computers, and Rugged Tablets","potentialAction":[{"@type":"SearchAction","target":{"@type":"EntryPoint","urlTemplate":"https:\/\/teguar.com\/eu\/en\/?s={search_term_string}"},"query-input":{"@type":"PropertyValueSpecification","valueRequired":true,"valueName":"search_term_string"}}],"inLanguage":"de"}]}},"_links":{"self":[{"href":"https:\/\/teguar.com\/eu\/de\/wp-json\/wp\/v2\/pages\/2243488","targetHints":{"allow":["GET"]}}],"collection":[{"href":"https:\/\/teguar.com\/eu\/de\/wp-json\/wp\/v2\/pages"}],"about":[{"href":"https:\/\/teguar.com\/eu\/de\/wp-json\/wp\/v2\/types\/page"}],"author":[{"embeddable":true,"href":"https:\/\/teguar.com\/eu\/de\/wp-json\/wp\/v2\/users\/3"}],"replies":[{"embeddable":true,"href":"https:\/\/teguar.com\/eu\/de\/wp-json\/wp\/v2\/comments?post=2243488"}],"version-history":[{"count":2,"href":"https:\/\/teguar.com\/eu\/de\/wp-json\/wp\/v2\/pages\/2243488\/revisions"}],"predecessor-version":[{"id":2247774,"href":"https:\/\/teguar.com\/eu\/de\/wp-json\/wp\/v2\/pages\/2243488\/revisions\/2247774"}],"wp:attachment":[{"href":"https:\/\/teguar.com\/eu\/de\/wp-json\/wp\/v2\/media?parent=2243488"}],"curies":[{"name":"wp","href":"https:\/\/api.w.org\/{rel}","templated":true}]}}