{"id":2243485,"date":"2025-06-23T17:41:55","date_gmt":"2025-06-23T17:41:55","guid":{"rendered":"https:\/\/teguar.com\/eu\/tablets-fuer-den-aussendienst\/"},"modified":"2025-10-16T12:44:42","modified_gmt":"2025-10-16T12:44:42","slug":"tablets-fuer-den-aussendienst","status":"publish","type":"page","link":"https:\/\/teguar.com\/eu\/de\/tablets-fuer-den-aussendienst\/","title":{"rendered":"Tablets f\u00fcr den Au\u00dfendienst"},"content":{"rendered":"\n<p><a href=\"https:\/\/teguar.com\/eu\/de\/robuste-tablet-pcs\/\">Robuste Tablets f\u00fcr den Au\u00dfendienst<\/a> k\u00f6nnen helfen, Prozesse zu rationalisieren, die Produktivit\u00e4t zu steigern und die Kundenzufriedenheit zu verbessern. Ganz gleich, ob Sie in der Reparatur von \u00f6ffentlichen Versorgungseinrichtungen, in der Kfz-Wartung, in der Telekommunikation oder im Rettungsdienst t\u00e4tig sind, ein mobiler und robuster PC kann einen gro\u00dfen Mehrwert f\u00fcr Ihr Unternehmen darstellen. Au\u00dfendiensttechniker ben\u00f6tigen eine zuverl\u00e4ssige Verbindung f\u00fcr die genaue Dateneingabe in Echtzeit, f\u00fcr den sicheren Zugriff auf sensible Daten und f\u00fcr die Kommunikation mit der IT-Abteilung. Tablets f\u00fcr den Au\u00dfendienst verf\u00fcgen \u00fcber integrierte Wi-Fi- und 3G\/4G-Konnektivit\u00e4t und sind mit effizienten Prozessoren ausgestattet, so dass Sie keine Verz\u00f6gerungen oder Lags bei der Verbindung erleben werden.   <\/p>\n\n<h2 class=\"wp-block-heading\" id=\"h-features-of-field-service-tablets\">Merkmale von Au\u00dfendienst-Tablets:<\/h2>\n\n<ul class=\"wp-block-list\">\n<li>Erh\u00e4ltlich in den Touchscreen-Gr\u00f6\u00dfen 8&#8243;, 10,1&#8243; und 12,2&#8243;.<\/li>\n\n\n\n<li><a href=\"https:\/\/www.intel.com\/content\/www\/us\/en\/products\/details\/processors\/core.html\" target=\"_blank\" rel=\"noreferrer noopener\">Intel\u00ae<\/a> Dual Core oder Quad Core Prozessoren<\/li>\n\n\n\n<li>Verf\u00fcgbar mit Android oder Windows OS<\/li>\n\n\n\n<li>Vollst\u00e4ndig geschlossenes, l\u00fcfterloses Design<\/li>\n\n\n\n<li>Wasserdichter Schutz IP65<\/li>\n\n\n\n<li>MIL-STD-810G sto\u00df- und fallfest<\/li>\n\n\n\n<li>Hot-Swap-f\u00e4hige Batterien<\/li>\n\n\n\n<li>Eingebaute hochaufl\u00f6sende Kameras<\/li>\n\n\n\n<li>Konnektivit\u00e4tsoptionen wie Wi-Fi, Bluetooth, GPS, 3G, 4G, RFID, Barcode-Scanner<\/li>\n\n\n\n<li>Montageoptionen einschlie\u00dflich: VESA-Halterung, Fahrzeug-\/Gabelstaplerhalterung, Docking Station<\/li>\n<\/ul>\n    <section id=\"field-services-tablets\" class=\"products-by-tag section-spacing\">\n        <div class=\"container\">\n            <div class=\"header\">\n                                    <h2 class=\"headline\">Shop Au\u00dfendienst-Tablets<\/h2>\n                            <\/div>\n\n            <div class=\"grid product-card-grid-4\">\n                \n<div class=\"product-card\" class=\"product type-product post-2244847 status-publish first instock product_cat-rugged-android-tablets product_tag-online-kaufen product_tag-tablets-fur-den-ausendienst has-post-thumbnail taxable shipping-taxable purchasable product-type-composite\">\n    <div class=\"media\">\n                        <a href=\"https:\/\/teguar.com\/eu\/de\/product\/trt-a5780-08\/\">\n            <img decoding=\"async\" src=\"https:\/\/teguar.com\/eu\/wp-content\/uploads\/sites\/2\/2021\/04\/8_Rugged_Android_Tablet_TRT-A5780-08_front_angled_view__55882.1722868612.1280.1280.jpg\" width=\"150\" height=\"150\" alt=\"8&quot; Rugged Android Tablet front angled view\" class=\"hero-image thumb lazy\" loading=\"lazy\" \/>        <\/a>\n    <\/div>\n    <div class=\"content\">\n        <h3>\n            <a href=\"https:\/\/teguar.com\/eu\/de\/product\/trt-a5780-08\/\" class=\"name\">\n                TRT-A5780-08\n                            <\/a>\n        <\/h3>\n\n                    <div class=\"subtitle\">\n                Stabiler 8&quot; Tablet Computer            <\/div>\n\n        \n                    <div class=\"product-kh\">\n                <ul>\n<li>8&#8243; heller, kratzfester Touchscreen<\/li>\n<li>Mediatek G99 Ultimate Octa-Core CPU &#8211; Passmark Bewertung 4208<\/li>\n<li>Robustes Geh\u00e4use &#8211; IP65 und MIL-STD-810H<\/li>\n<li>L\u00fcfterloser Betrieb mit austauschbarem Akku<\/li>\n<li>Android 14 mit Google Mobile Services<\/li>\n<li>Optionaler 2D-Scanner und Docking-Zubeh\u00f6r erh\u00e4ltlich<\/li>\n<\/ul>\n            <\/div>\n        \n        <div class=\"c-footer\">\n            <a href=\"https:\/\/teguar.com\/eu\/de\/product\/trt-a5780-08\/#get-a-quick-quote\" class=\"button button-blue button-get-a-quick-quote\" >Angebot anfordern<\/a>        <\/div>\n    <\/div>\n<\/div>\n\n\n<div class=\"product-card\" class=\"product type-product post-2244859 status-publish onbackorder product_cat-rugged-android-tablets product_tag-computer-fur-militar-und-luft-und-raumfahrt product_tag-online-kaufen product_tag-schneller-versand-von-robusten-tablets product_tag-tablets-fur-den-ausendienst has-post-thumbnail taxable shipping-taxable purchasable product-type-composite\">\n    <div class=\"media\">\n                        <a href=\"https:\/\/teguar.com\/eu\/de\/product\/trt-a5780-10\/\">\n            <img decoding=\"async\" src=\"https:\/\/teguar.com\/eu\/wp-content\/uploads\/sites\/2\/2021\/04\/10_rugged_android_tablet_TRT-A5780-10_front_angled_view__02770.1722866740.1280.1280.jpg\" width=\"150\" height=\"150\" alt=\"10&quot; Rugged Android Tablet front side view\" class=\"hero-image thumb lazy\" loading=\"lazy\" \/>        <\/a>\n    <\/div>\n    <div class=\"content\">\n        <h3>\n            <a href=\"https:\/\/teguar.com\/eu\/de\/product\/trt-a5780-10\/\" class=\"name\">\n                TRT-A5780-10\n                            <\/a>\n        <\/h3>\n\n                    <div class=\"subtitle\">\n                10&quot; Industrie Tablet PC            <\/div>\n\n        \n                    <div class=\"product-kh\">\n                <ul>\n<li>10&#8243; Pcap Touchscreen<\/li>\n<li>Mediatek G99 Ultimate Octa-Core CPU &#8211; Passmark Bewertung 4208<\/li>\n<li>Android 14 mit Google Mobile Services<\/li>\n<li>Integrierte USB Typ C-, HDMI- und LAN-Anschl\u00fcsse<\/li>\n<li>Herausnehmbare Hot-Swap-Batterie<\/li>\n<\/ul>\n            <\/div>\n        \n        <div class=\"c-footer\">\n            <a href=\"https:\/\/teguar.com\/eu\/de\/product\/trt-a5780-10\/#get-a-quick-quote\" class=\"button button-blue button-get-a-quick-quote\" >Angebot anfordern<\/a>        <\/div>\n    <\/div>\n<\/div>\n\n\n<div class=\"product-card\" class=\"product type-product post-2244884 status-publish last instock product_cat-rugged-windows-tablets product_tag-online-kaufen product_tag-schneller-versand-von-robusten-tablets product_tag-tablets-fur-den-ausendienst has-post-thumbnail taxable shipping-taxable purchasable product-type-composite\">\n    <div class=\"media\">\n                        <a href=\"https:\/\/teguar.com\/eu\/de\/product\/trt-7080-10\/\">\n            <img decoding=\"async\" src=\"https:\/\/teguar.com\/eu\/wp-content\/uploads\/sites\/2\/2023\/06\/10_Inch_Rugged_Tablet_Docking_Station-_TRT-7080-10_Front_Angle__58443.1686577260.1280.1280.jpg\" width=\"150\" height=\"91\" alt=\"10 inch Rugged Tablet Docking Station- TRT-7080-10 Front Angle\" class=\"hero-image thumb lazy\" loading=\"lazy\" \/>        <\/a>\n    <\/div>\n    <div class=\"content\">\n        <h3>\n            <a href=\"https:\/\/teguar.com\/eu\/de\/product\/trt-7080-10\/\" class=\"name\">\n                TRT-7080-10\n                            <\/a>\n        <\/h3>\n\n                    <div class=\"subtitle\">\n                10&quot; Robustes Tablet mit Dockingstation            <\/div>\n\n        \n                    <div class=\"product-kh\">\n                <ul>\n<li>10&#8243; Full HD-Touchscreen-Display<\/li>\n<li>Intel Core i5\/i7-Prozessor der 12. Generation<\/li>\n<li>M.2 SSD zug\u00e4nglicher Speicher <\/li>\n<li>Hot-Swap-f\u00e4higer Akku<\/li>\n<li>Windows 11-F\u00e4higkeit<\/li>\n<\/ul>\n            <\/div>\n        \n        <div class=\"c-footer\">\n            <a href=\"https:\/\/teguar.com\/eu\/de\/product\/trt-7080-10\/#get-a-quick-quote\" class=\"button button-blue button-get-a-quick-quote\" >Angebot anfordern<\/a>        <\/div>\n    <\/div>\n<\/div>\n\n\n<div class=\"product-card\" class=\"product type-product post-2244837 status-publish first instock product_cat-rugged-windows-tablets product_cat-wasserdichte-tablets product_tag-computer-und-tablets-fur-reinraume product_tag-online-kaufen product_tag-schneller-versand-von-robusten-tablets product_tag-tablets-fur-den-ausendienst has-post-thumbnail taxable shipping-taxable purchasable product-type-composite\">\n    <div class=\"media\">\n                        <a href=\"https:\/\/teguar.com\/eu\/de\/product\/trt-5380-12\/\">\n            <img decoding=\"async\" src=\"https:\/\/teguar.com\/eu\/wp-content\/uploads\/sites\/2\/2022\/07\/heavy_duty_tablet_12__81539.1658347661.1280.1280.jpg\" width=\"150\" height=\"150\" alt=\"12&quot; Heavy Duty Tablet | TRT-5380-12\" class=\"hero-image thumb lazy\" loading=\"lazy\" \/>        <\/a>\n    <\/div>\n    <div class=\"content\">\n        <h3>\n            <a href=\"https:\/\/teguar.com\/eu\/de\/product\/trt-5380-12\/\" class=\"name\">\n                TRT-5380-12\n                            <\/a>\n        <\/h3>\n\n                    <div class=\"subtitle\">\n                12\u201c Hochleistungs-Tablet            <\/div>\n\n        \n                    <div class=\"product-kh\">\n                <ul>\n<li>12,2&#8243; LCD Gorilla Glass Touchscreen<\/li>\n<li>Intel Jasper Lake Quad-Core CPU<\/li>\n<li>Wi-Fi, Bluetooth, GPS und optional NFC<\/li>\n<li>USB Typ C, USB Typ A, RS232 COM-Anschluss<\/li>\n<li>Pogo Pin Erweiterung f\u00fcr Dockingstationen<\/li>\n<li>Direkt VESA 100 montierbar<\/li>\n<\/ul>\n            <\/div>\n        \n        <div class=\"c-footer\">\n            <a href=\"https:\/\/teguar.com\/eu\/de\/product\/trt-5380-12\/#get-a-quick-quote\" class=\"button button-blue button-get-a-quick-quote\" >Angebot anfordern<\/a>        <\/div>\n    <\/div>\n<\/div>\n\n            <\/div>\n        <\/div>\n    <\/section>\n\n<p>Tablets, die im Au\u00dfendienst eingesetzt werden, m\u00fcssen widerstandsf\u00e4hig sein. Diese Tablets sind nach MIL-STD-810G f\u00fcr den Schutz vor St\u00fcrzen, St\u00f6\u00dfen und Vibrationen <a href=\"https:\/\/teguar.com\/eu\/de\/was-ist-mil-std-810\/\">zertifiziert<\/a>. Sie sind au\u00dferdem vollst\u00e4ndig gekapselt, l\u00fcfterlos und nach IP65 eingestuft, d.h. sie k\u00f6nnen Regen, Feuchtigkeit, Staub und Schmutz standhalten. Au\u00dfendienst-Tablets haben einen weiten Betriebstemperaturbereich, so dass sie sehr hei\u00dfe oder kalte Tage im Freien oder den Betrieb in der N\u00e4he von hei\u00dfen Motoren oder K\u00fchllagern verkraften k\u00f6nnen. Einige robuste Tablets sind auch mit besonders hellen Displays erh\u00e4ltlich, so dass sie auch bei direktem Sonnenlicht oder unter hellen Scheinwerfern lesbar sind.    <\/p>\n\n<p>Tablets f\u00fcr den Au\u00dfendienst m\u00fcssen nicht nur robust, sondern auch wendig sein. Ein Vorteil gegen\u00fcber robusten Laptops: Robuste Tablets sind leicht und k\u00f6nnen im Stehen, beim Gehen oder sogar in der Luft verwendet werden. F\u00fcr robuste Tablets gibt es verschiedenes Zubeh\u00f6r, um ihre Mobilit\u00e4t zu erh\u00f6hen, z. B. eine Handschlaufe, einen Tragegriff oder einen Schultergurt. F\u00fcr umfangreichere Dateneingaben, wenn die Bildschirmtastatur nicht ausreicht, k\u00f6nnen Sie eine kompatible aufsteckbare Tastatur verwenden.   <\/p>\n\n<p>Eine zeitsparende Funktion f\u00fcr Au\u00dfendienstmitarbeiter sind <a href=\"https:\/\/teguar.com\/eu\/de\/hot-swapping-was-es-ist-wie-es-funktioniert-und-andere-haeufig-gestellte-fragen\/\">im laufenden Betrieb austauschbare Batterien<\/a>. Tablets mit im laufenden Betrieb austauschbaren Akkus k\u00f6nnen 24\/7 laufen. Sie k\u00f6nnen die Akkus in Sekundenschnelle austauschen, ohne das Tablet auszuschalten oder es stundenlang aufzuladen.  <\/p>\n\n<p>Ein weiterer Vorteil der Au\u00dfendienst-Tablets sind ihre umfangreichen Ein- und Ausg\u00e4nge und Zusatzfunktionen. Viele Rugged Tablets bieten die M\u00f6glichkeit, ein RFID-Leseger\u00e4t oder einen Barcode-Scanner direkt in das Tablet zu integrieren. Andere Peripherieger\u00e4te k\u00f6nnen \u00fcber eine Vielzahl von E\/A-Ports angeschlossen werden.  <\/p>\n\n<section class=\"hubspot-form section-spacing\">\n    <script charset=\"utf-8\" type=\"text\/javascript\" src=\"\/\/js.hsforms.net\/forms\/embed\/v2.js\"><\/script>\r\n<script>\r\n  hbspt.forms.create({\r\n    portalId: \"21497995\",\r\n    formId: \"11a43242-0316-4b23-9e13-2f6bc9b8edde\",\r\n    region: \"na1\"\r\n  });\r\n<\/script><\/section>\n\n","protected":false},"excerpt":{"rendered":"<p>Robuste Tablets f\u00fcr den Au\u00dfendienst k\u00f6nnen helfen, Prozesse zu rationalisieren, die Produktivit\u00e4t zu steigern und die Kundenzufriedenheit zu verbessern. Ganz gleich, ob Sie in der Reparatur von \u00f6ffentlichen Versorgungseinrichtungen, in der Kfz-Wartung, in der Telekommunikation oder im Rettungsdienst t\u00e4tig sind, ein mobiler und robuster PC kann einen gro\u00dfen Mehrwert f\u00fcr Ihr Unternehmen darstellen. Au\u00dfendiensttechniker ben\u00f6tigen [&hellip;]<\/p>\n","protected":false},"author":3,"featured_media":0,"parent":0,"menu_order":0,"comment_status":"closed","ping_status":"closed","template":"templates\/template-product-application.php","meta":{"_acf_changed":false,"footnotes":""},"class_list":["post-2243485","page","type-page","status-publish","hentry"],"acf":[],"yoast_head":"<!-- This site is optimized with the Yoast SEO Premium plugin v26.8 (Yoast SEO v27.2) - https:\/\/yoast.com\/product\/yoast-seo-premium-wordpress\/ -->\n<title>Tablet f\u00fcr Au\u00dfendienstmitarbeiter | Robuste Tablets f\u00fcr Au\u00dfendienstmitarbeiter<\/title>\n<meta name=\"description\" content=\"Teguar bietet robuste Tablets f\u00fcr den Au\u00dfeneinsatz und den Au\u00dfendienst, wo PCs robust und mobil sein und \u00fcber umfassende Anschlussm\u00f6glichkeiten verf\u00fcgen m\u00fcssen.\" \/>\n<meta name=\"robots\" content=\"index, follow, max-snippet:-1, max-image-preview:large, max-video-preview:-1\" \/>\n<link rel=\"canonical\" href=\"https:\/\/teguar.com\/eu\/de\/tablets-fuer-den-aussendienst\/\" \/>\n<meta property=\"og:locale\" content=\"de_DE\" \/>\n<meta property=\"og:type\" content=\"article\" \/>\n<meta property=\"og:title\" content=\"Tablets f\u00fcr den Au\u00dfendienst\" \/>\n<meta property=\"og:description\" content=\"Teguar bietet robuste Tablets f\u00fcr den Au\u00dfeneinsatz und den Au\u00dfendienst, wo PCs robust und mobil sein und \u00fcber umfassende Anschlussm\u00f6glichkeiten verf\u00fcgen m\u00fcssen.\" \/>\n<meta property=\"og:url\" content=\"https:\/\/teguar.com\/eu\/de\/tablets-fuer-den-aussendienst\/\" \/>\n<meta property=\"og:site_name\" content=\"Teguar\" \/>\n<meta property=\"article:modified_time\" content=\"2025-10-16T12:44:42+00:00\" \/>\n<meta name=\"twitter:card\" content=\"summary_large_image\" \/>\n<meta name=\"twitter:label1\" content=\"Gesch\u00e4tzte Lesezeit\" \/>\n\t<meta name=\"twitter:data1\" content=\"2\u00a0Minuten\" \/>\n<script type=\"application\/ld+json\" class=\"yoast-schema-graph\">{\"@context\":\"https:\/\/schema.org\",\"@graph\":[{\"@type\":\"WebPage\",\"@id\":\"https:\/\/teguar.com\/eu\/de\/tablets-fuer-den-aussendienst\/\",\"url\":\"https:\/\/teguar.com\/eu\/de\/tablets-fuer-den-aussendienst\/\",\"name\":\"Tablet f\u00fcr Au\u00dfendienstmitarbeiter | Robuste Tablets f\u00fcr Au\u00dfendienstmitarbeiter\",\"isPartOf\":{\"@id\":\"https:\/\/teguar.com\/eu\/en\/#website\"},\"datePublished\":\"2025-06-23T17:41:55+00:00\",\"dateModified\":\"2025-10-16T12:44:42+00:00\",\"description\":\"Teguar bietet robuste Tablets f\u00fcr den Au\u00dfeneinsatz und den Au\u00dfendienst, wo PCs robust und mobil sein und \u00fcber umfassende Anschlussm\u00f6glichkeiten verf\u00fcgen m\u00fcssen.\",\"breadcrumb\":{\"@id\":\"https:\/\/teguar.com\/eu\/de\/tablets-fuer-den-aussendienst\/#breadcrumb\"},\"inLanguage\":\"de\",\"potentialAction\":[{\"@type\":\"ReadAction\",\"target\":[\"https:\/\/teguar.com\/eu\/de\/tablets-fuer-den-aussendienst\/\"]}]},{\"@type\":\"BreadcrumbList\",\"@id\":\"https:\/\/teguar.com\/eu\/de\/tablets-fuer-den-aussendienst\/#breadcrumb\",\"itemListElement\":[{\"@type\":\"ListItem\",\"position\":1,\"name\":\"Home\",\"item\":\"https:\/\/teguar.com\/eu\/de\/\"},{\"@type\":\"ListItem\",\"position\":2,\"name\":\"Tablets f\u00fcr den Au\u00dfendienst\"}]},{\"@type\":\"WebSite\",\"@id\":\"https:\/\/teguar.com\/eu\/en\/#website\",\"url\":\"https:\/\/teguar.com\/eu\/en\/\",\"name\":\"Teguar\",\"description\":\"Industrial PCs, Medical Computers, and Rugged Tablets\",\"potentialAction\":[{\"@type\":\"SearchAction\",\"target\":{\"@type\":\"EntryPoint\",\"urlTemplate\":\"https:\/\/teguar.com\/eu\/en\/?s={search_term_string}\"},\"query-input\":{\"@type\":\"PropertyValueSpecification\",\"valueRequired\":true,\"valueName\":\"search_term_string\"}}],\"inLanguage\":\"de\"}]}<\/script>\n<!-- \/ Yoast SEO Premium plugin. -->","yoast_head_json":{"title":"Tablet f\u00fcr Au\u00dfendienstmitarbeiter | Robuste Tablets f\u00fcr Au\u00dfendienstmitarbeiter","description":"Teguar bietet robuste Tablets f\u00fcr den Au\u00dfeneinsatz und den Au\u00dfendienst, wo PCs robust und mobil sein und \u00fcber umfassende Anschlussm\u00f6glichkeiten verf\u00fcgen m\u00fcssen.","robots":{"index":"index","follow":"follow","max-snippet":"max-snippet:-1","max-image-preview":"max-image-preview:large","max-video-preview":"max-video-preview:-1"},"canonical":"https:\/\/teguar.com\/eu\/de\/tablets-fuer-den-aussendienst\/","og_locale":"de_DE","og_type":"article","og_title":"Tablets f\u00fcr den Au\u00dfendienst","og_description":"Teguar bietet robuste Tablets f\u00fcr den Au\u00dfeneinsatz und den Au\u00dfendienst, wo PCs robust und mobil sein und \u00fcber umfassende Anschlussm\u00f6glichkeiten verf\u00fcgen m\u00fcssen.","og_url":"https:\/\/teguar.com\/eu\/de\/tablets-fuer-den-aussendienst\/","og_site_name":"Teguar","article_modified_time":"2025-10-16T12:44:42+00:00","twitter_card":"summary_large_image","twitter_misc":{"Gesch\u00e4tzte Lesezeit":"2\u00a0Minuten"},"schema":{"@context":"https:\/\/schema.org","@graph":[{"@type":"WebPage","@id":"https:\/\/teguar.com\/eu\/de\/tablets-fuer-den-aussendienst\/","url":"https:\/\/teguar.com\/eu\/de\/tablets-fuer-den-aussendienst\/","name":"Tablet f\u00fcr Au\u00dfendienstmitarbeiter | Robuste Tablets f\u00fcr Au\u00dfendienstmitarbeiter","isPartOf":{"@id":"https:\/\/teguar.com\/eu\/en\/#website"},"datePublished":"2025-06-23T17:41:55+00:00","dateModified":"2025-10-16T12:44:42+00:00","description":"Teguar bietet robuste Tablets f\u00fcr den Au\u00dfeneinsatz und den Au\u00dfendienst, wo PCs robust und mobil sein und \u00fcber umfassende Anschlussm\u00f6glichkeiten verf\u00fcgen m\u00fcssen.","breadcrumb":{"@id":"https:\/\/teguar.com\/eu\/de\/tablets-fuer-den-aussendienst\/#breadcrumb"},"inLanguage":"de","potentialAction":[{"@type":"ReadAction","target":["https:\/\/teguar.com\/eu\/de\/tablets-fuer-den-aussendienst\/"]}]},{"@type":"BreadcrumbList","@id":"https:\/\/teguar.com\/eu\/de\/tablets-fuer-den-aussendienst\/#breadcrumb","itemListElement":[{"@type":"ListItem","position":1,"name":"Home","item":"https:\/\/teguar.com\/eu\/de\/"},{"@type":"ListItem","position":2,"name":"Tablets f\u00fcr den Au\u00dfendienst"}]},{"@type":"WebSite","@id":"https:\/\/teguar.com\/eu\/en\/#website","url":"https:\/\/teguar.com\/eu\/en\/","name":"Teguar","description":"Industrial PCs, Medical Computers, and Rugged Tablets","potentialAction":[{"@type":"SearchAction","target":{"@type":"EntryPoint","urlTemplate":"https:\/\/teguar.com\/eu\/en\/?s={search_term_string}"},"query-input":{"@type":"PropertyValueSpecification","valueRequired":true,"valueName":"search_term_string"}}],"inLanguage":"de"}]}},"_links":{"self":[{"href":"https:\/\/teguar.com\/eu\/de\/wp-json\/wp\/v2\/pages\/2243485","targetHints":{"allow":["GET"]}}],"collection":[{"href":"https:\/\/teguar.com\/eu\/de\/wp-json\/wp\/v2\/pages"}],"about":[{"href":"https:\/\/teguar.com\/eu\/de\/wp-json\/wp\/v2\/types\/page"}],"author":[{"embeddable":true,"href":"https:\/\/teguar.com\/eu\/de\/wp-json\/wp\/v2\/users\/3"}],"replies":[{"embeddable":true,"href":"https:\/\/teguar.com\/eu\/de\/wp-json\/wp\/v2\/comments?post=2243485"}],"version-history":[{"count":1,"href":"https:\/\/teguar.com\/eu\/de\/wp-json\/wp\/v2\/pages\/2243485\/revisions"}],"predecessor-version":[{"id":2243486,"href":"https:\/\/teguar.com\/eu\/de\/wp-json\/wp\/v2\/pages\/2243485\/revisions\/2243486"}],"wp:attachment":[{"href":"https:\/\/teguar.com\/eu\/de\/wp-json\/wp\/v2\/media?parent=2243485"}],"curies":[{"name":"wp","href":"https:\/\/api.w.org\/{rel}","templated":true}]}}