{"id":2243481,"date":"2025-06-27T17:27:27","date_gmt":"2025-06-27T17:27:27","guid":{"rendered":"https:\/\/teguar.com\/eu\/pharmazeutische-computer\/"},"modified":"2025-11-24T17:54:59","modified_gmt":"2025-11-24T17:54:59","slug":"pharmazeutische-computer","status":"publish","type":"page","link":"https:\/\/teguar.com\/eu\/de\/pharmazeutische-computer\/","title":{"rendered":"Pharmazeutische Computer"},"content":{"rendered":"\n<p>Ein Pharmacomputer bietet industrielle Qualit\u00e4t und Leistung. Dieser Spezialcomputer f\u00fcr die pharmazeutische Industrie ist nicht nur ein Gewinn f\u00fcr die Rentabilit\u00e4t und den Erfolg, sondern kann auch eine Frage von Leben und Tod sein. Die Qualit\u00e4tskontrolle von Rezepten, Spezifikationen, Rohstoffen, Arbeitsabl\u00e4ufen und dem Endprodukt ist aufgrund anspruchsvoller Standards von gr\u00f6\u00dfter Bedeutung. Strenge Vorschriften und Compliance-Standards stellen hohe Anforderungen an die Arzneimittel- und Pharmaproduktion. Teguar bietet einen hocheffizienten pharmazeutischen Computer, der auf maximale Produktivit\u00e4t und extreme Konsistenz und Zuverl\u00e4ssigkeit ausgelegt ist.    <\/p>\n\n<h2 class=\"wp-block-heading\" id=\"h-features-of-pharmaceutical-computers\"><strong>Merkmale von Pharmazeutischen Computern:<\/strong><\/h2>\n\n<ul class=\"wp-block-list\">\n<li>Erh\u00e4ltlich in 10&#8243;, 15&#8243;, 17&#8243;, 19&#8243;, 22&#8243;<\/li>\n\n\n\n<li>Intel Core i3\/i5\/i7 CPU<\/li>\n\n\n\n<li>Schutzart IP65, IP66 IP67 und IP69K<\/li>\n\n\n\n<li>Vollst\u00e4ndig versiegeltes, l\u00fcfterloses Design<\/li>\n\n\n\n<li>Kann wiederholter Einwirkung von Reinigungschemikalien und hei\u00dfem Wasser standhalten<\/li>\n\n\n\n<li>Sauberer, heller Look<\/li>\n\n\n\n<li>Resistiver Touchscreen, kompatibel mit handels\u00fcblichen Handschuhen<\/li>\n\n\n\n<li>Langlebige LCD-Touchscreens in Industriequalit\u00e4t<\/li>\n<\/ul>\n    <section id=\"pharmaceutical-computers\" class=\"products-by-tag section-spacing\">\n        <div class=\"container\">\n            <div class=\"header\">\n                                    <h2 class=\"headline\">Shop Pharmazeutische Computer<\/h2>\n                            <\/div>\n\n            <div class=\"grid product-card-grid-4\">\n                \n<div class=\"product-card\" class=\"product type-product post-2247450 status-publish first instock product_cat-embedded-pcs product_cat-lufterlose-pcs product_cat-rugged-computer product_cat-wasserdichte-box-pcs product_cat-wasserdichte-computer product_tag-computer-fur-explosionsgefahrdete-bereiche product_tag-pharmazeutische-computer product_tag-trident-series has-post-thumbnail taxable shipping-taxable purchasable product-type-simple\">\n    <div class=\"media\">\n                        <a href=\"https:\/\/teguar.com\/eu\/de\/product\/twb-7010\/\">\n            <img decoding=\"async\" src=\"https:\/\/teguar.com\/eu\/wp-content\/uploads\/sites\/2\/2025\/05\/TWB-7010_M12_IO__21604.1746201526.1280.1280.jpg\" width=\"150\" height=\"150\" alt=\"TWB-7010 M12 Connectors\" class=\"hero-image thumb lazy\" loading=\"lazy\" \/>        <\/a>\n    <\/div>\n    <div class=\"content\">\n        <h3>\n            <a href=\"https:\/\/teguar.com\/eu\/de\/product\/twb-7010\/\" class=\"name\">\n                TWB-7010\n                            <\/a>\n        <\/h3>\n\n                    <div class=\"subtitle\">\n                IP69K Edelstahl Computer | Trident            <\/div>\n\n        \n                    <div class=\"product-kh\">\n                <ul>\n<li>12. Generation Alder Lake Core i5 CPU<\/li>\n<li>Windows 11 bereit<\/li>\n<li>Doppelte Speicherkapazit\u00e4t mit 2,5&#8243; und M.2<\/li>\n<li>Montagesatz in das Ger\u00e4t integriert, keine Befestigung erforderlich<\/li>\n<li>Vollst\u00e4ndig wasserdichtes IP69K-Edelstahlgeh\u00e4use<\/li>\n<li>Optionen Kabelverschraubung oder M12-Stecker<\/li>\n<\/ul>\n            <\/div>\n        \n        <div class=\"c-footer\">\n            <a href=\"https:\/\/teguar.com\/eu\/de\/product\/twb-7010\/#get-a-quick-quote\" class=\"button button-blue button-get-a-quick-quote\" >Angebot anfordern<\/a>        <\/div>\n    <\/div>\n<\/div>\n\n\n<div class=\"product-card\" class=\"product type-product post-2247448 status-publish instock product_cat-embedded-pcs product_cat-lufterlose-pcs product_cat-rugged-computer product_cat-wasserdichte-box-pcs product_cat-wasserdichte-computer product_tag-computer-fuer-die-lebensmittelverarbeitung product_tag-online-kaufen product_tag-pharmazeutische-computer product_tag-twb-4810-series has-post-thumbnail taxable shipping-taxable purchasable product-type-composite\">\n    <div class=\"media\">\n                        <a href=\"https:\/\/teguar.com\/eu\/de\/product\/twb-4810\/\">\n            <img decoding=\"async\" src=\"https:\/\/teguar.com\/eu\/wp-content\/uploads\/sites\/2\/2023\/08\/Stainless_Steel_IP69K_Box_PC_M12-_Front__77405.1694805379.1280.1280.jpg\" width=\"150\" height=\"113\" alt=\"Stainless Steel IP69K TWB-4810 M12 Front\" class=\"hero-image thumb lazy\" loading=\"lazy\" \/>        <\/a>\n    <\/div>\n    <div class=\"content\">\n        <h3>\n            <a href=\"https:\/\/teguar.com\/eu\/de\/product\/twb-4810\/\" class=\"name\">\n                TWB-4810\n                            <\/a>\n        <\/h3>\n\n                    <div class=\"subtitle\">\n                Edelstahl IP69K Box PC            <\/div>\n\n        \n                    <div class=\"product-kh\">\n                <ul>\n<li>Intel Celeron J6412 Prozessor Passmark Bewertung 3850<\/li>\n<li>IP66\/IP69K-Edelstahlgeh\u00e4use<\/li>\n<li>Optionales WiFi 6<\/li>\n<li>M12-Eingangssteckverbinder mit optionalen Kabelverschraubungen<\/li>\n<li>Niedriger Stromverbrauch &#8211; 35W<\/li>\n<\/ul>\n            <\/div>\n        \n        <div class=\"c-footer\">\n            <a href=\"https:\/\/teguar.com\/eu\/de\/product\/twb-4810\/#get-a-quick-quote\" class=\"button button-blue button-get-a-quick-quote\" >Angebot anfordern<\/a>        <\/div>\n    <\/div>\n<\/div>\n\n            <\/div>\n        <\/div>\n    <\/section>\n\n<p>Verschiedene Abteilungen k\u00f6nnen innerhalb desselben Betriebs mit unterschiedlichen Spezifikationen, Variationen und Ans\u00e4tzen arbeiten. Der Teguar Pharma-PC verf\u00fcgt \u00fcber eine leistungsstarke CPU, die in der Lage ist, Software zu verarbeiten, die auf die individuellen Bed\u00fcrfnisse jeder Abteilung zugeschnitten ist, ohne Verz\u00f6gerungen, Fehler oder Behinderungen. Eine einfache Produktion wird durch eine straffe computergest\u00fctzte Verwaltung von Bestand, Buchhaltung, Produktion, Lager und Versand gew\u00e4hrleistet. Die Software bietet einen klaren \u00dcberblick \u00fcber das gesamte Unternehmen und ist eine vollst\u00e4ndig integrierte Produktionsl\u00f6sung. Die Pharmacomputer von Teguar werden von gro\u00dfen Gesundheitsunternehmen eingesetzt, die Vitamin- und Nahrungserg\u00e4nzungsmittel in Tabletten- und Kapselform sowie verschreibungspflichtige und nicht verschreibungspflichtige Medikamente herstellen.   <\/p>\n\n<p>Der Pharmacomputer ist 100% hygienisch. Das \u00e4u\u00dfere Geh\u00e4use ist aus rostfreiem Stahl und frei von Rillen und Scharnieren. Dies erm\u00f6glicht eine einfache Reinigung mit den h\u00e4rtesten Industriereinigern sowie mit kochendem Wasser. Das Touchscreen-Panel ist auch mit schweren Schutzhandschuhen leicht zu erreichen. Das schlanke Design erm\u00f6glicht eine einfache Integration in ein bereits vorhandenes IT-System. Diese leistungsstarken pharmazeutischen Computer sind so konzipiert, dass sie sich an Ihre spezifischen Anforderungen anpassen.     <\/p>\n\n<section class=\"hubspot-form section-spacing\">\n    <script charset=\"utf-8\" type=\"text\/javascript\" src=\"\/\/js.hsforms.net\/forms\/embed\/v2.js\"><\/script>\r\n<script>\r\n  hbspt.forms.create({\r\n    portalId: \"21497995\",\r\n    formId: \"11a43242-0316-4b23-9e13-2f6bc9b8edde\",\r\n    region: \"na1\"\r\n  });\r\n<\/script><\/section>\n\n","protected":false},"excerpt":{"rendered":"<p>Ein Pharmacomputer bietet industrielle Qualit\u00e4t und Leistung. Dieser Spezialcomputer f\u00fcr die pharmazeutische Industrie ist nicht nur ein Gewinn f\u00fcr die Rentabilit\u00e4t und den Erfolg, sondern kann auch eine Frage von Leben und Tod sein. Die Qualit\u00e4tskontrolle von Rezepten, Spezifikationen, Rohstoffen, Arbeitsabl\u00e4ufen und dem Endprodukt ist aufgrund anspruchsvoller Standards von gr\u00f6\u00dfter Bedeutung. Strenge Vorschriften und Compliance-Standards [&hellip;]<\/p>\n","protected":false},"author":3,"featured_media":0,"parent":0,"menu_order":0,"comment_status":"closed","ping_status":"closed","template":"templates\/template-product-application.php","meta":{"_acf_changed":false,"footnotes":""},"class_list":["post-2243481","page","type-page","status-publish","hentry"],"acf":[],"yoast_head":"<!-- This site is optimized with the Yoast SEO Premium plugin v26.8 (Yoast SEO v27.2) - https:\/\/yoast.com\/product\/yoast-seo-premium-wordpress\/ -->\n<title>Pharmazeutische Computer<\/title>\n<meta name=\"description\" content=\"Die pharmazeutischen Computer von Teguar wurden speziell f\u00fcr den Einsatz in Umgebungen entwickelt, die strengen Normen und Vorschriften unterliegen.\" \/>\n<meta name=\"robots\" content=\"index, follow, max-snippet:-1, max-image-preview:large, max-video-preview:-1\" \/>\n<link rel=\"canonical\" href=\"https:\/\/teguar.com\/eu\/de\/pharmazeutische-computer\/\" \/>\n<meta property=\"og:locale\" content=\"de_DE\" \/>\n<meta property=\"og:type\" content=\"article\" \/>\n<meta property=\"og:title\" content=\"Pharmazeutische Computer\" \/>\n<meta property=\"og:description\" content=\"Die pharmazeutischen Computer von Teguar wurden speziell f\u00fcr den Einsatz in Umgebungen entwickelt, die strengen Normen und Vorschriften unterliegen.\" \/>\n<meta property=\"og:url\" content=\"https:\/\/teguar.com\/eu\/de\/pharmazeutische-computer\/\" \/>\n<meta property=\"og:site_name\" content=\"Teguar\" \/>\n<meta property=\"article:modified_time\" content=\"2025-11-24T17:54:59+00:00\" \/>\n<meta name=\"twitter:card\" content=\"summary_large_image\" \/>\n<meta name=\"twitter:label1\" content=\"Gesch\u00e4tzte Lesezeit\" \/>\n\t<meta name=\"twitter:data1\" content=\"2\u00a0Minuten\" \/>\n<script type=\"application\/ld+json\" class=\"yoast-schema-graph\">{\"@context\":\"https:\/\/schema.org\",\"@graph\":[{\"@type\":\"WebPage\",\"@id\":\"https:\/\/teguar.com\/eu\/de\/pharmazeutische-computer\/\",\"url\":\"https:\/\/teguar.com\/eu\/de\/pharmazeutische-computer\/\",\"name\":\"Pharmazeutische Computer\",\"isPartOf\":{\"@id\":\"https:\/\/teguar.com\/eu\/en\/#website\"},\"datePublished\":\"2025-06-27T17:27:27+00:00\",\"dateModified\":\"2025-11-24T17:54:59+00:00\",\"description\":\"Die pharmazeutischen Computer von Teguar wurden speziell f\u00fcr den Einsatz in Umgebungen entwickelt, die strengen Normen und Vorschriften unterliegen.\",\"breadcrumb\":{\"@id\":\"https:\/\/teguar.com\/eu\/de\/pharmazeutische-computer\/#breadcrumb\"},\"inLanguage\":\"de\",\"potentialAction\":[{\"@type\":\"ReadAction\",\"target\":[\"https:\/\/teguar.com\/eu\/de\/pharmazeutische-computer\/\"]}]},{\"@type\":\"BreadcrumbList\",\"@id\":\"https:\/\/teguar.com\/eu\/de\/pharmazeutische-computer\/#breadcrumb\",\"itemListElement\":[{\"@type\":\"ListItem\",\"position\":1,\"name\":\"Home\",\"item\":\"https:\/\/teguar.com\/eu\/de\/\"},{\"@type\":\"ListItem\",\"position\":2,\"name\":\"Pharmazeutische Computer\"}]},{\"@type\":\"WebSite\",\"@id\":\"https:\/\/teguar.com\/eu\/en\/#website\",\"url\":\"https:\/\/teguar.com\/eu\/en\/\",\"name\":\"Teguar\",\"description\":\"Industrial PCs, Medical Computers, and Rugged Tablets\",\"potentialAction\":[{\"@type\":\"SearchAction\",\"target\":{\"@type\":\"EntryPoint\",\"urlTemplate\":\"https:\/\/teguar.com\/eu\/en\/?s={search_term_string}\"},\"query-input\":{\"@type\":\"PropertyValueSpecification\",\"valueRequired\":true,\"valueName\":\"search_term_string\"}}],\"inLanguage\":\"de\"}]}<\/script>\n<!-- \/ Yoast SEO Premium plugin. -->","yoast_head_json":{"title":"Pharmazeutische Computer","description":"Die pharmazeutischen Computer von Teguar wurden speziell f\u00fcr den Einsatz in Umgebungen entwickelt, die strengen Normen und Vorschriften unterliegen.","robots":{"index":"index","follow":"follow","max-snippet":"max-snippet:-1","max-image-preview":"max-image-preview:large","max-video-preview":"max-video-preview:-1"},"canonical":"https:\/\/teguar.com\/eu\/de\/pharmazeutische-computer\/","og_locale":"de_DE","og_type":"article","og_title":"Pharmazeutische Computer","og_description":"Die pharmazeutischen Computer von Teguar wurden speziell f\u00fcr den Einsatz in Umgebungen entwickelt, die strengen Normen und Vorschriften unterliegen.","og_url":"https:\/\/teguar.com\/eu\/de\/pharmazeutische-computer\/","og_site_name":"Teguar","article_modified_time":"2025-11-24T17:54:59+00:00","twitter_card":"summary_large_image","twitter_misc":{"Gesch\u00e4tzte Lesezeit":"2\u00a0Minuten"},"schema":{"@context":"https:\/\/schema.org","@graph":[{"@type":"WebPage","@id":"https:\/\/teguar.com\/eu\/de\/pharmazeutische-computer\/","url":"https:\/\/teguar.com\/eu\/de\/pharmazeutische-computer\/","name":"Pharmazeutische Computer","isPartOf":{"@id":"https:\/\/teguar.com\/eu\/en\/#website"},"datePublished":"2025-06-27T17:27:27+00:00","dateModified":"2025-11-24T17:54:59+00:00","description":"Die pharmazeutischen Computer von Teguar wurden speziell f\u00fcr den Einsatz in Umgebungen entwickelt, die strengen Normen und Vorschriften unterliegen.","breadcrumb":{"@id":"https:\/\/teguar.com\/eu\/de\/pharmazeutische-computer\/#breadcrumb"},"inLanguage":"de","potentialAction":[{"@type":"ReadAction","target":["https:\/\/teguar.com\/eu\/de\/pharmazeutische-computer\/"]}]},{"@type":"BreadcrumbList","@id":"https:\/\/teguar.com\/eu\/de\/pharmazeutische-computer\/#breadcrumb","itemListElement":[{"@type":"ListItem","position":1,"name":"Home","item":"https:\/\/teguar.com\/eu\/de\/"},{"@type":"ListItem","position":2,"name":"Pharmazeutische Computer"}]},{"@type":"WebSite","@id":"https:\/\/teguar.com\/eu\/en\/#website","url":"https:\/\/teguar.com\/eu\/en\/","name":"Teguar","description":"Industrial PCs, Medical Computers, and Rugged Tablets","potentialAction":[{"@type":"SearchAction","target":{"@type":"EntryPoint","urlTemplate":"https:\/\/teguar.com\/eu\/en\/?s={search_term_string}"},"query-input":{"@type":"PropertyValueSpecification","valueRequired":true,"valueName":"search_term_string"}}],"inLanguage":"de"}]}},"_links":{"self":[{"href":"https:\/\/teguar.com\/eu\/de\/wp-json\/wp\/v2\/pages\/2243481","targetHints":{"allow":["GET"]}}],"collection":[{"href":"https:\/\/teguar.com\/eu\/de\/wp-json\/wp\/v2\/pages"}],"about":[{"href":"https:\/\/teguar.com\/eu\/de\/wp-json\/wp\/v2\/types\/page"}],"author":[{"embeddable":true,"href":"https:\/\/teguar.com\/eu\/de\/wp-json\/wp\/v2\/users\/3"}],"replies":[{"embeddable":true,"href":"https:\/\/teguar.com\/eu\/de\/wp-json\/wp\/v2\/comments?post=2243481"}],"version-history":[{"count":3,"href":"https:\/\/teguar.com\/eu\/de\/wp-json\/wp\/v2\/pages\/2243481\/revisions"}],"predecessor-version":[{"id":2247807,"href":"https:\/\/teguar.com\/eu\/de\/wp-json\/wp\/v2\/pages\/2243481\/revisions\/2247807"}],"wp:attachment":[{"href":"https:\/\/teguar.com\/eu\/de\/wp-json\/wp\/v2\/media?parent=2243481"}],"curies":[{"name":"wp","href":"https:\/\/api.w.org\/{rel}","templated":true}]}}