{"id":2243480,"date":"2025-06-23T17:24:39","date_gmt":"2025-06-23T17:24:39","guid":{"rendered":"https:\/\/teguar.com\/eu\/elektronische-krankenakten-computer\/"},"modified":"2025-11-24T17:05:55","modified_gmt":"2025-11-24T17:05:55","slug":"elektronische-krankenakten-computer","status":"publish","type":"page","link":"https:\/\/teguar.com\/eu\/de\/elektronische-krankenakten-computer\/","title":{"rendered":"Elektronische Krankenakten Computer"},"content":{"rendered":"\n<p>Die Zeiten, in denen Aufzeichnungen auf Papier gef\u00fchrt wurden, neigen sich dem Ende zu. Im Rahmen des <a href=\"https:\/\/www.congress.gov\/bill\/111th-congress\/house-bill\/1\/text\" target=\"_blank\" rel=\"noreferrer noopener\">American Recovery and Reinvestment Act<\/a> werden Krankenh\u00e4user und Kliniken stark dazu angehalten, ihre Papierakten zu digitalisieren. Teguar bietet eine ganze Reihe von medizinischen Computern an, die f\u00fcr die elektronische Patientenakte (EMR) und die elektronische Gesundheitsakte (EHR) ausgelegt sind. Ein <a href=\"https:\/\/teguar.com\/eu\/de\/medizinische-computer\/\">EMR-Medizincomputer<\/a> von Teguar bietet eine stabile Plattform f\u00fcr die Software, die zur Erstellung und Pflege der im Gesundheitswesen ben\u00f6tigten medizinischen Unterlagen ben\u00f6tigt wird.   <\/p>\n\n\n\n<h2 class=\"wp-block-heading\" id=\"h-merkmale-von-emr-computern\">Merkmale von EMR-Computern<\/h2>\n\n\n\n<ul class=\"wp-block-list\">\n<li>Erh\u00e4ltlich mit 24&#8243;-Displays, ideal f\u00fcr EMR-Software, mit zus\u00e4tzlichen Optionen von 10&#8243; bis 22&#8243;.<\/li>\n\n\n\n<li>Intel\u00ae Core i oder Celeron CPUs<\/li>\n\n\n\n<li>IEC60601 zertifiziert<\/li>\n\n\n\n<li>4KV Isolierte E\/A-Anschl\u00fcsse<\/li>\n\n\n\n<li>TPM v2.0 und vPro\u2122 Technologie f\u00fcr Informationssicherheit<\/li>\n\n\n\n<li>Anti-mikrobielles Geh\u00e4use<\/li>\n\n\n\n<li>PCAP-Touchscreens f\u00fcr Multi-Touch und Ber\u00fchrung mit medizinischen Handschuhen<\/li>\n\n\n\n<li>Frontblende mit Schutzart IP65<\/li>\n\n\n\n<li>Vollst\u00e4ndig geschlossenes, l\u00fcfterloses Design<\/li>\n\n\n\n<li>Langlebige, im laufenden Betrieb austauschbare Batterien f\u00fcr einfache Mobilit\u00e4t<\/li>\n<\/ul>\n\n\n    <section id=\"electronic-medical-records-computers\" class=\"products-by-tag section-spacing\">\n        <div class=\"container\">\n            <div class=\"header\">\n                                    <h2 class=\"headline\">Shop Medizinische Computersysteme<\/h2>\n                            <\/div>\n\n            <div class=\"grid product-card-grid-4\">\n                \n<div class=\"product-card\" class=\"product type-product post-2244877 status-publish first instock product_cat-computer-fur-medizinische-zwecke product_tag-computer-im-gesundheitswesen product_tag-computer-und-tablets-fur-reinraume product_tag-elektronische-krankenakten-computer product_tag-online-kaufen product_tag-quick-ship-medizinische-computer has-post-thumbnail taxable shipping-taxable purchasable product-type-composite\">\n    <div class=\"media\">\n                        <a href=\"https:\/\/teguar.com\/eu\/de\/product\/tm-5957-22\/\">\n            <img decoding=\"async\" src=\"https:\/\/teguar.com\/eu\/wp-content\/uploads\/sites\/2\/2022\/08\/22_medical_panel_computer_TM-5557-22_front_w_logo__41484.1663779213.1280.1280.jpg\" width=\"150\" height=\"150\" alt=\"22&quot; medical computer front | TM-5957-22\" class=\"hero-image thumb lazy\" loading=\"lazy\" \/>        <\/a>\n    <\/div>\n    <div class=\"content\">\n        <h3>\n            <a href=\"https:\/\/teguar.com\/eu\/de\/product\/tm-5957-22\/\" class=\"name\">\n                TM-5957-22\n                            <\/a>\n        <\/h3>\n\n                    <div class=\"subtitle\">\n                22&quot; Medizinischer Computer            <\/div>\n\n        \n                    <div class=\"product-kh\">\n                <ul>\n<li>Intel 11th Gen Tiger Lake Core i5\/i7 CPU<\/li>\n<li>Betriebssystem Windows 11<\/li>\n<li>Neueste 4. Ausgabe 60601 Medizinische Zertifizierungen<\/li>\n<li>Ausgestattet mit einem Hailo-8 M.2 AI-Modul mit bis zu 26 TOPS (auf Anfrage erh\u00e4ltlich) <\/li>\n<li>Leichtes, ultrad\u00fcnnes Design mit antimikrobiellem Geh\u00e4use<\/li>\n<li>Hochgeschwindigkeits-NVMe-SSD-Speicher<\/li>\n<li><a href=\"https:\/\/teguar.com\/eu\/en\/oem-odm-computer-design-services\/\">Ben\u00f6tigen Sie eine individuelle Anpassung? Klicken Sie hier f\u00fcr OEM-Services. <\/a><\/li>\n<\/ul>\n            <\/div>\n        \n        <div class=\"c-footer\">\n            <a href=\"https:\/\/teguar.com\/eu\/de\/product\/tm-5957-22\/#get-a-quick-quote\" class=\"button button-blue button-get-a-quick-quote\" >Angebot anfordern<\/a>        <\/div>\n    <\/div>\n<\/div>\n\n\n<div class=\"product-card\" class=\"product type-product post-2247431 status-publish instock product_cat-computer-fur-medizinische-zwecke product_tag-elektronische-krankenakten-computer product_tag-horizon-series product_tag-online-kaufen product_tag-quick-ship-medizinische-computer has-post-thumbnail taxable shipping-taxable purchasable product-type-simple\">\n    <div class=\"media\">\n                        <a href=\"https:\/\/teguar.com\/eu\/de\/product\/tm-7240-18\/\">\n            <img decoding=\"async\" src=\"https:\/\/teguar.com\/eu\/wp-content\/uploads\/sites\/2\/2025\/04\/TM-7240-18_Front_Horizon__82616.1745354965.1280.1280.jpg\" width=\"150\" height=\"150\" alt=\"TM-7240-18 18.5&quot; Medical Touch Screen Computer Front\" class=\"hero-image thumb lazy\" loading=\"lazy\" \/>        <\/a>\n    <\/div>\n    <div class=\"content\">\n        <h3>\n            <a href=\"https:\/\/teguar.com\/eu\/de\/product\/tm-7240-18\/\" class=\"name\">\n                TM-7240-18\n                            <\/a>\n        <\/h3>\n\n                    <div class=\"subtitle\">\n                18&quot; Medizinischer Touchscreen-Computer | Horizon            <\/div>\n\n        \n                    <div class=\"product-kh\">\n                <ul>\n<li>Meteor Lake der 14. Generation mit integrierter NPU<\/li>\n<li>Fenster 11<\/li>\n<li>Ultra-schnelles DDR5<\/li>\n<li>Verf\u00fcgbare Konfigurationen f\u00fcr Dual-LAN und PoE<\/li>\n<li>Robustes Aluminiumgeh\u00e4use ohne L\u00fcfter<\/li>\n<li>Erweiterungen: 5MP-Kamera und 2D-Scanner<\/li>\n<li><a href=\"https:\/\/teguar.com\/eu\/en\/horizon-wi-fi-solution\/\">Langlebiges flaches Wi-Fi Antennen-Kit<\/a><\/li>\n<\/ul>\n            <\/div>\n        \n        <div class=\"c-footer\">\n            <a href=\"https:\/\/teguar.com\/eu\/de\/product\/tm-7240-18\/#get-a-quick-quote\" class=\"button button-blue button-get-a-quick-quote\" >Angebot anfordern<\/a>        <\/div>\n    <\/div>\n<\/div>\n\n\n<div class=\"product-card\" class=\"product type-product post-2245302 status-publish last onbackorder product_cat-medizinische-box-pcs product_tag-computer-zur-patientenueberwachung product_tag-elektronische-krankenakten-computer product_tag-krankenhaus-monitore-computer product_tag-online-kaufen has-post-thumbnail taxable shipping-taxable purchasable product-type-composite\">\n    <div class=\"media\">\n                        <a href=\"https:\/\/teguar.com\/eu\/de\/product\/tmb-5710\/\">\n            <img decoding=\"async\" src=\"https:\/\/teguar.com\/eu\/wp-content\/uploads\/sites\/2\/2022\/03\/TMB-5710_IOs_wth_drop_shadow__67990.1648830967.1280.1280.jpg\" width=\"150\" height=\"150\" alt=\"Medical Edge AI Box PC IOs\" class=\"hero-image thumb lazy\" loading=\"lazy\" \/>        <\/a>\n    <\/div>\n    <div class=\"content\">\n        <h3>\n            <a href=\"https:\/\/teguar.com\/eu\/de\/product\/tmb-5710\/\" class=\"name\">\n                TMB-5710\n                            <\/a>\n        <\/h3>\n\n                    <div class=\"subtitle\">\n                Medical Edge AI Box PC            <\/div>\n\n        \n                    <div class=\"product-kh\">\n                <ul>\n<li>Bereit f\u00fcr KI \/ Medizinisches Edge Computing<\/li>\n<li>Intel 9th Gen. Coffee Lake-S CPU<\/li>\n<li>PCIe 16x Erweiterung mit zus\u00e4tzlichen LAN- und COM-Ports<\/li>\n<li>Leicht austauschbare HDD<\/li>\n<li>Medizinisch zertifizierte antimikrobielle Oberfl\u00e4che<\/li>\n<li>Flache Oberfl\u00e4chen machen die Reinigung einfach<\/li>\n<\/ul>\n            <\/div>\n        \n        <div class=\"c-footer\">\n            <a href=\"https:\/\/teguar.com\/eu\/de\/product\/tmb-5710\/#get-a-quick-quote\" class=\"button button-blue button-get-a-quick-quote\" >Angebot anfordern<\/a>        <\/div>\n    <\/div>\n<\/div>\n\n            <\/div>\n        <\/div>\n    <\/section>\n\n\n\n<p>Elektronische Krankenakten (EMR) m\u00fcssen am Ort der Behandlung leicht zug\u00e4nglich sein, z. B. am Patientenbett, in der Notaufnahme oder im Operationssaal. Ein medizinischer PC von Teguar kann aber auch in einem Labor oder einer radiologischen Untersuchungseinrichtung aufgestellt werden. Die medizinischen Computer von Teguar k\u00f6nnen auf verschiedene Weise montiert werden, um sich optimal in Ihre medizinische Umgebung einzuf\u00fcgen. F\u00fcr die Mobilit\u00e4t k\u00f6nnen unsere batteriebetriebenen All-in-One-PCs auf Ihren medizinischen Wagen montiert werden. Die medizinischen PCs von Teguar k\u00f6nnen auch an einer Wand, einem ergonomischen Arm oder einem Tischst\u00e4nder befestigt werden. <br><br>Alle <a href=\"https:\/\/teguar.com\/eu\/de\/medizinische-computer\/\">medizinischen Computer<\/a> von Teguar sind mit einer antibakteriellen Beschichtung versehen und die meisten haben eine wasserdichte IP65-Frontblende, die das Reinigen und Abwischen erleichtert und sicherstellt, dass interne Teile nicht durch Fl\u00fcssigkeitsspritzer auf der Vorderseite des Ger\u00e4ts besch\u00e4digt werden. Alle EMR-Computer von Teguar sind au\u00dferdem nach IEC60601 <a href=\"https:\/\/teguar.com\/eu\/de\/medizinische-computerzertifizierungen-erklaert\/\">medizinisch zertifiziert<\/a>, so dass Sie die Sicherheit Ihrer medizinischen Ger\u00e4te, Patienten und Mitarbeiter gew\u00e4hrleisten k\u00f6nnen.<\/p>\n\n\n\n<h2 class=\"wp-block-heading\" id=\"h-fordern-sie-noch-heute-einen-teguar-medical-computer-an\">Fordern Sie noch heute einen Teguar Medical Computer an<\/h2>\n\n\n\n<p>Egal, ob Sie noch ein paar Fragen haben oder bereit sind, ein kostenloses Demoger\u00e4t zum Testen zu erhalten, die Experten von Teguar sind bei jedem Schritt f\u00fcr Sie da. Nehmen Sie unten Kontakt mit uns auf. <\/p>\n\n\n\n<section class=\"hubspot-form section-spacing\">\n    <script charset=\"utf-8\" type=\"text\/javascript\" src=\"\/\/js.hsforms.net\/forms\/embed\/v2.js\"><\/script>\r\n<script>\r\n  hbspt.forms.create({\r\n    portalId: \"21497995\",\r\n    formId: \"11a43242-0316-4b23-9e13-2f6bc9b8edde\",\r\n    region: \"na1\"\r\n  });\r\n<\/script><\/section>\n\n","protected":false},"excerpt":{"rendered":"<p>Die Zeiten, in denen Aufzeichnungen auf Papier gef\u00fchrt wurden, neigen sich dem Ende zu. Im Rahmen des American Recovery and Reinvestment Act werden Krankenh\u00e4user und Kliniken stark dazu angehalten, ihre Papierakten zu digitalisieren. Teguar bietet eine ganze Reihe von medizinischen Computern an, die f\u00fcr die elektronische Patientenakte (EMR) und die elektronische Gesundheitsakte (EHR) ausgelegt sind. [&hellip;]<\/p>\n","protected":false},"author":3,"featured_media":0,"parent":0,"menu_order":0,"comment_status":"closed","ping_status":"closed","template":"templates\/template-product-application.php","meta":{"_acf_changed":false,"footnotes":""},"class_list":["post-2243480","page","type-page","status-publish","hentry"],"acf":[],"yoast_head":"<!-- This site is optimized with the Yoast SEO Premium plugin v26.8 (Yoast SEO v27.2) - https:\/\/yoast.com\/product\/yoast-seo-premium-wordpress\/ -->\n<title>Elektronische medizinische Aufzeichnungen Computer | EMR PCs<\/title>\n<meta name=\"description\" content=\"Teguar bietet ein umfassendes Sortiment an medizinischen Computern, die f\u00fcr die Bearbeitung elektronischer Krankenakten (EMR) ausgelegt sind. Informieren Sie sich hier \u00fcber unsere medizinischen Computer.\" \/>\n<meta name=\"robots\" content=\"index, follow, max-snippet:-1, max-image-preview:large, max-video-preview:-1\" \/>\n<link rel=\"canonical\" href=\"https:\/\/teguar.com\/eu\/de\/elektronische-krankenakten-computer\/\" \/>\n<meta property=\"og:locale\" content=\"de_DE\" \/>\n<meta property=\"og:type\" content=\"article\" \/>\n<meta property=\"og:title\" content=\"Elektronische Krankenakten Computer\" \/>\n<meta property=\"og:description\" content=\"Teguar bietet ein umfassendes Sortiment an medizinischen Computern, die f\u00fcr die Bearbeitung elektronischer Krankenakten (EMR) ausgelegt sind. Informieren Sie sich hier \u00fcber unsere medizinischen Computer.\" \/>\n<meta property=\"og:url\" content=\"https:\/\/teguar.com\/eu\/de\/elektronische-krankenakten-computer\/\" \/>\n<meta property=\"og:site_name\" content=\"Teguar\" \/>\n<meta property=\"article:modified_time\" content=\"2025-11-24T17:05:55+00:00\" \/>\n<meta name=\"twitter:card\" content=\"summary_large_image\" \/>\n<meta name=\"twitter:label1\" content=\"Gesch\u00e4tzte Lesezeit\" \/>\n\t<meta name=\"twitter:data1\" content=\"2\u00a0Minuten\" \/>\n<script type=\"application\/ld+json\" class=\"yoast-schema-graph\">{\"@context\":\"https:\/\/schema.org\",\"@graph\":[{\"@type\":\"WebPage\",\"@id\":\"https:\/\/teguar.com\/eu\/de\/elektronische-krankenakten-computer\/\",\"url\":\"https:\/\/teguar.com\/eu\/de\/elektronische-krankenakten-computer\/\",\"name\":\"Elektronische medizinische Aufzeichnungen Computer | EMR PCs\",\"isPartOf\":{\"@id\":\"https:\/\/teguar.com\/eu\/en\/#website\"},\"datePublished\":\"2025-06-23T17:24:39+00:00\",\"dateModified\":\"2025-11-24T17:05:55+00:00\",\"description\":\"Teguar bietet ein umfassendes Sortiment an medizinischen Computern, die f\u00fcr die Bearbeitung elektronischer Krankenakten (EMR) ausgelegt sind. Informieren Sie sich hier \u00fcber unsere medizinischen Computer.\",\"breadcrumb\":{\"@id\":\"https:\/\/teguar.com\/eu\/de\/elektronische-krankenakten-computer\/#breadcrumb\"},\"inLanguage\":\"de\",\"potentialAction\":[{\"@type\":\"ReadAction\",\"target\":[\"https:\/\/teguar.com\/eu\/de\/elektronische-krankenakten-computer\/\"]}]},{\"@type\":\"BreadcrumbList\",\"@id\":\"https:\/\/teguar.com\/eu\/de\/elektronische-krankenakten-computer\/#breadcrumb\",\"itemListElement\":[{\"@type\":\"ListItem\",\"position\":1,\"name\":\"Home\",\"item\":\"https:\/\/teguar.com\/eu\/de\/\"},{\"@type\":\"ListItem\",\"position\":2,\"name\":\"Elektronische Krankenakten Computer\"}]},{\"@type\":\"WebSite\",\"@id\":\"https:\/\/teguar.com\/eu\/en\/#website\",\"url\":\"https:\/\/teguar.com\/eu\/en\/\",\"name\":\"Teguar\",\"description\":\"Industrial PCs, Medical Computers, and Rugged Tablets\",\"potentialAction\":[{\"@type\":\"SearchAction\",\"target\":{\"@type\":\"EntryPoint\",\"urlTemplate\":\"https:\/\/teguar.com\/eu\/en\/?s={search_term_string}\"},\"query-input\":{\"@type\":\"PropertyValueSpecification\",\"valueRequired\":true,\"valueName\":\"search_term_string\"}}],\"inLanguage\":\"de\"}]}<\/script>\n<!-- \/ Yoast SEO Premium plugin. -->","yoast_head_json":{"title":"Elektronische medizinische Aufzeichnungen Computer | EMR PCs","description":"Teguar bietet ein umfassendes Sortiment an medizinischen Computern, die f\u00fcr die Bearbeitung elektronischer Krankenakten (EMR) ausgelegt sind. Informieren Sie sich hier \u00fcber unsere medizinischen Computer.","robots":{"index":"index","follow":"follow","max-snippet":"max-snippet:-1","max-image-preview":"max-image-preview:large","max-video-preview":"max-video-preview:-1"},"canonical":"https:\/\/teguar.com\/eu\/de\/elektronische-krankenakten-computer\/","og_locale":"de_DE","og_type":"article","og_title":"Elektronische Krankenakten Computer","og_description":"Teguar bietet ein umfassendes Sortiment an medizinischen Computern, die f\u00fcr die Bearbeitung elektronischer Krankenakten (EMR) ausgelegt sind. Informieren Sie sich hier \u00fcber unsere medizinischen Computer.","og_url":"https:\/\/teguar.com\/eu\/de\/elektronische-krankenakten-computer\/","og_site_name":"Teguar","article_modified_time":"2025-11-24T17:05:55+00:00","twitter_card":"summary_large_image","twitter_misc":{"Gesch\u00e4tzte Lesezeit":"2\u00a0Minuten"},"schema":{"@context":"https:\/\/schema.org","@graph":[{"@type":"WebPage","@id":"https:\/\/teguar.com\/eu\/de\/elektronische-krankenakten-computer\/","url":"https:\/\/teguar.com\/eu\/de\/elektronische-krankenakten-computer\/","name":"Elektronische medizinische Aufzeichnungen Computer | EMR PCs","isPartOf":{"@id":"https:\/\/teguar.com\/eu\/en\/#website"},"datePublished":"2025-06-23T17:24:39+00:00","dateModified":"2025-11-24T17:05:55+00:00","description":"Teguar bietet ein umfassendes Sortiment an medizinischen Computern, die f\u00fcr die Bearbeitung elektronischer Krankenakten (EMR) ausgelegt sind. Informieren Sie sich hier \u00fcber unsere medizinischen Computer.","breadcrumb":{"@id":"https:\/\/teguar.com\/eu\/de\/elektronische-krankenakten-computer\/#breadcrumb"},"inLanguage":"de","potentialAction":[{"@type":"ReadAction","target":["https:\/\/teguar.com\/eu\/de\/elektronische-krankenakten-computer\/"]}]},{"@type":"BreadcrumbList","@id":"https:\/\/teguar.com\/eu\/de\/elektronische-krankenakten-computer\/#breadcrumb","itemListElement":[{"@type":"ListItem","position":1,"name":"Home","item":"https:\/\/teguar.com\/eu\/de\/"},{"@type":"ListItem","position":2,"name":"Elektronische Krankenakten Computer"}]},{"@type":"WebSite","@id":"https:\/\/teguar.com\/eu\/en\/#website","url":"https:\/\/teguar.com\/eu\/en\/","name":"Teguar","description":"Industrial PCs, Medical Computers, and Rugged Tablets","potentialAction":[{"@type":"SearchAction","target":{"@type":"EntryPoint","urlTemplate":"https:\/\/teguar.com\/eu\/en\/?s={search_term_string}"},"query-input":{"@type":"PropertyValueSpecification","valueRequired":true,"valueName":"search_term_string"}}],"inLanguage":"de"}]}},"_links":{"self":[{"href":"https:\/\/teguar.com\/eu\/de\/wp-json\/wp\/v2\/pages\/2243480","targetHints":{"allow":["GET"]}}],"collection":[{"href":"https:\/\/teguar.com\/eu\/de\/wp-json\/wp\/v2\/pages"}],"about":[{"href":"https:\/\/teguar.com\/eu\/de\/wp-json\/wp\/v2\/types\/page"}],"author":[{"embeddable":true,"href":"https:\/\/teguar.com\/eu\/de\/wp-json\/wp\/v2\/users\/3"}],"replies":[{"embeddable":true,"href":"https:\/\/teguar.com\/eu\/de\/wp-json\/wp\/v2\/comments?post=2243480"}],"version-history":[{"count":4,"href":"https:\/\/teguar.com\/eu\/de\/wp-json\/wp\/v2\/pages\/2243480\/revisions"}],"predecessor-version":[{"id":2247789,"href":"https:\/\/teguar.com\/eu\/de\/wp-json\/wp\/v2\/pages\/2243480\/revisions\/2247789"}],"wp:attachment":[{"href":"https:\/\/teguar.com\/eu\/de\/wp-json\/wp\/v2\/media?parent=2243480"}],"curies":[{"name":"wp","href":"https:\/\/api.w.org\/{rel}","templated":true}]}}