{"id":2243476,"date":"2025-06-23T16:34:29","date_gmt":"2025-06-23T16:34:29","guid":{"rendered":"https:\/\/teguar.com\/eu\/fertigungs-computer\/"},"modified":"2025-11-24T17:16:02","modified_gmt":"2025-11-24T17:16:02","slug":"fertigungs-computer","status":"publish","type":"page","link":"https:\/\/teguar.com\/eu\/de\/fertigungs-computer\/","title":{"rendered":"Fertigungs-Computer"},"content":{"rendered":"\n<p>Ein industrieller Fertigungscomputer ist ein Flie\u00dfband-PC, der eine einfache Bedienung, eine einfache Installation und Schutz vor Fl\u00fcssigkeiten, Staub, Feuchtigkeit, Vibrationen sowie starker Hitze und K\u00e4lte bietet. Die beiden g\u00e4ngigsten Optionen sind <a href=\"https:\/\/teguar.com\/eu\/de\/panel-pcs\/\">Panel-Touchscreen-Computer<\/a> und <a href=\"\/eu\/?product_cat=eingebettete-computer\">Box-PCs<\/a>. <\/p>\n\n<h2 class=\"wp-block-heading\" id=\"h-features-of-manufacturing-computers\">Merkmale von Fertigungscomputern<\/h2>\n\n<ul class=\"wp-block-list\">\n<li>Erh\u00e4ltlich in den Bildschirmgr\u00f6\u00dfen 7&#8243;, 8&#8243;, 10&#8243;, 12&#8243;, 15&#8243;, 16&#8243;, 17&#8243;, 18&#8243;, 19&#8243;, 22&#8243; und 24&#8243;.<\/li>\n\n\n\n<li>Intel\u00ae Core Ultra-, Core i- und Celeron-CPU-Optionen<\/li>\n\n\n\n<li>PCAP oder resistive Touchscreens<\/li>\n\n\n\n<li>Breiter Betriebstemperaturbereich<\/li>\n\n\n\n<li>Robuste Blende zum Schutz vor Vibrationen, St\u00f6\u00dfen und St\u00fcrzen<\/li>\n\n\n\n<li>Vielf\u00e4ltige Montageoptionen, einschlie\u00dflich VESA-Montage, Panelmontage und Desktop-Montage<\/li>\n\n\n\n<li>\u00c4u\u00dferst zuverl\u00e4ssig &#8211; gebaut f\u00fcr den Betrieb 24\/7\/365<\/li>\n\n\n\n<li>Anpassbare E\/As, Betriebssystem, Konnektivit\u00e4t und mehr f\u00fcr Ihre Anwendungsanforderungen<\/li>\n<\/ul>\n    <section id=\"manufacturing-computers\" class=\"products-by-tag section-spacing\">\n        <div class=\"container\">\n            <div class=\"header\">\n                                    <h2 class=\"headline\">Shop Herstellung von Computerprodukten<\/h2>\n                            <\/div>\n\n            <div class=\"grid product-card-grid-4\">\n                \n<div class=\"product-card\" class=\"product type-product post-2245386 status-publish first instock product_cat-hmi-panel product_cat-panel-pcs product_tag-cornerstone-series product_tag-fertigungs-computer product_tag-industriecomputer-im-schnellversand product_tag-online-kaufen product_tag-schnellversand-panel-pcs product_tag-tp-4845-series has-post-thumbnail taxable shipping-taxable purchasable product-type-composite\">\n    <div class=\"media\">\n                        <a href=\"https:\/\/teguar.com\/eu\/de\/product\/tp-4845-15\/\">\n            <img decoding=\"async\" src=\"https:\/\/teguar.com\/eu\/wp-content\/uploads\/sites\/2\/2023\/08\/15_Panel_PC_TP-4845-15_Front_Angle__78080.1703191992.1280.1280.jpg\" width=\"150\" height=\"113\" alt=\"15&quot; Panel PC TP-4845-15 Front Angle\" class=\"hero-image thumb lazy\" loading=\"lazy\" \/>        <\/a>\n    <\/div>\n    <div class=\"content\">\n        <h3>\n            <a href=\"https:\/\/teguar.com\/eu\/de\/product\/tp-4845-15\/\" class=\"name\">\n                TP-4845-15\n                            <\/a>\n        <\/h3>\n\n                    <div class=\"subtitle\">\n                15&quot; Panel PC            <\/div>\n\n        \n                    <div class=\"product-kh\">\n                <ul>\n<li>15&#8243; Resistiver oder PCAP Touchscreen<\/li>\n<li>Intel Celeron J6412 Vierkern-Prozessor<\/li>\n<li>Entwickelt f\u00fcr flexible IO-Erweiterung<\/li>\n<li>Windows 11-Funktionen<\/li>\n<li>Geh\u00e4use aus Aluminiumdruckguss und Frontblende nach IP66<\/li>\n<\/ul>\n            <\/div>\n        \n        <div class=\"c-footer\">\n            <a href=\"https:\/\/teguar.com\/eu\/de\/product\/tp-4845-15\/#get-a-quick-quote\" class=\"button button-blue button-get-a-quick-quote\" >Angebot anfordern<\/a>        <\/div>\n    <\/div>\n<\/div>\n\n\n<div class=\"product-card\" class=\"product type-product post-2243155 status-publish instock product_cat-edge-computer product_cat-embedded-pcs product_cat-ki-computer product_cat-lufterlose-pcs product_cat-rugged-computer product_cat-rugged-mini-pcs product_tag-computer-fur-die-industrielle-automatisierung product_tag-fertigungs-computer product_tag-industriecomputer-im-schnellversand product_tag-online-kaufen product_tag-schnellversand-box-pcs has-post-thumbnail taxable shipping-taxable purchasable product-type-composite\">\n    <div class=\"media\">\n                        <a href=\"https:\/\/teguar.com\/eu\/de\/product\/tb-6145\/\">\n            <img decoding=\"async\" src=\"https:\/\/teguar.com\/eu\/wp-content\/uploads\/sites\/2\/2026\/03\/TB-6145-Hero-Angle.png\" width=\"150\" height=\"150\" alt=\"TB-6145-Hero-Angle\" class=\"hero-image thumb lazy\" loading=\"lazy\" \/>        <\/a>\n    <\/div>\n    <div class=\"content\">\n        <h3>\n            <a href=\"https:\/\/teguar.com\/eu\/de\/product\/tb-6145\/\" class=\"name\">\n                TB-6145\n                            <\/a>\n        <\/h3>\n\n                    <div class=\"subtitle\">\n                KI Endpunkt &#8211; L\u00fcfterloser PC der Industrieklasse            <\/div>\n\n        \n                    <div class=\"product-kh\">\n                <ul>\n<li>Intel\u00ae Atom X7425E Prozessor oder Upgrade auf Core i3<\/li>\n<li>2,5 Gb Ethernet mit zwei LAN-Ports<\/li>\n<li>Mini PCIe f\u00fcr Wi-Fi und M.2 Key B f\u00fcr Mobilfunk<\/li>\n<li>DDR5-Speicher<\/li>\n<li>DIN-Schiene oder Wandmontage<\/li>\n<li>Erweiterte Desktop-Funktionalit\u00e4t mit zwei Display-Ports<\/li>\n<\/ul>\n            <\/div>\n        \n        <div class=\"c-footer\">\n            <a href=\"https:\/\/teguar.com\/eu\/de\/product\/tb-6145\/#get-a-quick-quote\" class=\"button button-blue button-get-a-quick-quote\" >Angebot anfordern<\/a>        <\/div>\n    <\/div>\n<\/div>\n\n\n<div class=\"product-card\" class=\"product type-product post-2247400 status-publish last instock product_cat-hmi-panel product_cat-panel-pcs product_tag-fertigungs-computer product_tag-interaktive-displays product_tag-online-kaufen product_tag-pinnacle-series product_tag-schnellversand-panel-pcs has-post-thumbnail taxable shipping-taxable purchasable product-type-composite\">\n    <div class=\"media\">\n                        <a href=\"https:\/\/teguar.com\/eu\/de\/product\/pinnacle-tp-4800-16\/\">\n            <img decoding=\"async\" src=\"https:\/\/teguar.com\/eu\/wp-content\/uploads\/sites\/2\/2025\/01\/Pinnacle_Panel_PC_TP-4800-16_Angle_Red__61555.1742304500.1280.1280.jpg\" width=\"150\" height=\"150\" alt=\"16 inch Pinnacle Panel PC TP-4800-16 Front Angle\" class=\"hero-image thumb lazy\" loading=\"lazy\" \/>        <\/a>\n    <\/div>\n    <div class=\"content\">\n        <h3>\n            <a href=\"https:\/\/teguar.com\/eu\/de\/product\/pinnacle-tp-4800-16\/\" class=\"name\">\n                Pinnacle TP-4800-16\n                            <\/a>\n        <\/h3>\n\n                    <div class=\"subtitle\">\n                15,6&quot; Panel PC            <\/div>\n\n        \n                    <div class=\"product-kh\">\n                <ul>\n<li>Neuester l\u00fcfterloser Intel\u00ae Elkhart Lake-Prozessor<\/li>\n<li>15,6&#8243; Display mit hoher Helligkeit und Direct Bonded Touch<\/li>\n<li>PoE, USB-C, Digital I\/O, HDMI-Anschl\u00fcsse<\/li>\n<li>Atemberaubend schlanker Formfaktor<\/li>\n<li>Solides Aluminium-Gussgeh\u00e4use<\/li>\n<li>Windows 11 Pro und IOT<\/li>\n<\/ul>\n            <\/div>\n        \n        <div class=\"c-footer\">\n            <a href=\"https:\/\/teguar.com\/eu\/de\/product\/pinnacle-tp-4800-16\/#get-a-quick-quote\" class=\"button button-blue button-get-a-quick-quote\" >Angebot anfordern<\/a>        <\/div>\n    <\/div>\n<\/div>\n\n            <\/div>\n        <\/div>\n    <\/section>\n\n<p>Der Teguar <a href=\"https:\/\/teguar.com\/eu\/de\/das-unverwuestliche-arbeitstier-was-sind-robuste-computer\/\">Flie\u00dfband-PC ist f\u00fcr den robusten Einsatz in Produktionsumgebungen konzipiert<\/a>. Das Au\u00dfengeh\u00e4use enth\u00e4lt einen bruch- und sto\u00dffesten Touchscreen. Dieses hocheffektive Ger\u00e4t ist f\u00fcr optimale Leistung, optimierte Produktivit\u00e4t und Kosteneffizienz ausgelegt. Alle empfindlichen Komponenten &#8211; einschlie\u00dflich Flachbandkabel, kantige Anschl\u00fcsse und externe Bel\u00fcftung &#8211; wurden bei der Konstruktion dieser Computer ausgeschlossen, um ein absolut zuverl\u00e4ssiges Produkt zu liefern. Ein Fertigungscomputer bietet 24\/7 Produktivit\u00e4t ohne Hindernisse, Verz\u00f6gerungen, Ausf\u00e4lle oder Datenverluste.    <\/p>\n\n<p>Industriecomputer f\u00fcr die Fertigung bieten viele Vorteile, wie z.B.: erschwingliche Nutzung, Zuverl\u00e4ssigkeit, einfache Wartung, Speicherplatz, einfache Upgrades, anpassungsf\u00e4hige Software, Schnittstellen zu anderen Ger\u00e4ten, anpassbare Men\u00fcs und einfache und leichte menschliche Interaktion. <a href=\"https:\/\/teguar.com\/eu\/de\/industrie-computer\/\">Die Industriecomputer von Teguar<\/a> bieten vielf\u00e4ltige M\u00f6glichkeiten zur Maschinenautomatisierung, die auf die jeweiligen Bed\u00fcrfnisse zugeschnitten sind. Das ultraflache thermische Design beseitigt Probleme mit der W\u00e4rmeableitung und spart Platz. Diese Computer enthalten eine integrierte Platine und Komponenten in Industriequalit\u00e4t. Sie sind au\u00dferdem <a href=\"https:\/\/teguar.com\/eu\/de\/was-ist-mil-std-810\/\">sto\u00dffest<\/a>, staubdicht und <a href=\"https:\/\/teguar.com\/eu\/de\/wasserdichte-computer\/\">wasserdicht<\/a>. Diese Computer werden strengen Tests in verschiedenen Umgebungen unterzogen, um einen ununterbrochenen Betrieb in intensiven industriellen Fertigungsumgebungen zu gew\u00e4hrleisten.    <\/p>\n\n<h2 class=\"wp-block-heading\" id=\"h-what-type-of-touch-screen-do-i-need-on-my-assembly-line\">Welche Art von Touchscreen ben\u00f6tige ich f\u00fcr mein Flie\u00dfband?<\/h2>\n\n<p>Teguar bietet <a href=\"https:\/\/youtu.be\/0-GQZzz_VTg?si=8WC_R-C9hv9DrOvZ\" target=\"_blank\" rel=\"noreferrer noopener\">zwei Arten von Touchscreens<\/a> f\u00fcr Industriecomputer an. Resistive Touchscreens sind ideal, wenn Sie in Ihrem Betrieb Handschuhe tragen. Sie sind auch eine kosteng\u00fcnstigere Option. Wenn Sie eine helle, hochaufl\u00f6sende Option suchen, sollten Sie sich f\u00fcr einen projiziert-kapazitiven Touchscreen entscheiden, der mehrere Ber\u00fchrungen auf einmal registrieren kann.   <\/p>\n\n<p>Setzen Sie sich mit unseren Experten in Verbindung, um ein Angebot oder eine kostenlose Demoversion eines der Fertigungscomputer von Teguar anzufordern.<\/p>\n\n<section class=\"hubspot-form section-spacing\">\n    <script charset=\"utf-8\" type=\"text\/javascript\" src=\"\/\/js.hsforms.net\/forms\/embed\/v2.js\"><\/script>\r\n<script>\r\n  hbspt.forms.create({\r\n    portalId: \"21497995\",\r\n    formId: \"11a43242-0316-4b23-9e13-2f6bc9b8edde\",\r\n    region: \"na1\"\r\n  });\r\n<\/script><\/section>\n\n","protected":false},"excerpt":{"rendered":"<p>Ein industrieller Fertigungscomputer ist ein Flie\u00dfband-PC, der eine einfache Bedienung, eine einfache Installation und Schutz vor Fl\u00fcssigkeiten, Staub, Feuchtigkeit, Vibrationen sowie starker Hitze und K\u00e4lte bietet. Die beiden g\u00e4ngigsten Optionen sind Panel-Touchscreen-Computer und Box-PCs. Merkmale von Fertigungscomputern Der Teguar Flie\u00dfband-PC ist f\u00fcr den robusten Einsatz in Produktionsumgebungen konzipiert. Das Au\u00dfengeh\u00e4use enth\u00e4lt einen bruch- und sto\u00dffesten [&hellip;]<\/p>\n","protected":false},"author":3,"featured_media":0,"parent":0,"menu_order":0,"comment_status":"closed","ping_status":"closed","template":"templates\/template-product-application.php","meta":{"_acf_changed":false,"footnotes":""},"class_list":["post-2243476","page","type-page","status-publish","hentry"],"acf":[],"yoast_head":"<!-- This site is optimized with the Yoast SEO Premium plugin v26.8 (Yoast SEO v27.2) - https:\/\/yoast.com\/product\/yoast-seo-premium-wordpress\/ -->\n<title>Fertigungscomputer | Eingebettete &amp; Panel-PCs<\/title>\n<meta name=\"description\" content=\"Computer f\u00fcr die industrielle Fertigung sind f\u00fcr den Einsatz in rauen Umgebungen vorgesehen. Sie sind sto\u00dffest, wasserdicht und staubgesch\u00fctzt.\" \/>\n<meta name=\"robots\" content=\"index, follow, max-snippet:-1, max-image-preview:large, max-video-preview:-1\" \/>\n<link rel=\"canonical\" href=\"https:\/\/teguar.com\/eu\/de\/fertigungs-computer\/\" \/>\n<meta property=\"og:locale\" content=\"de_DE\" \/>\n<meta property=\"og:type\" content=\"article\" \/>\n<meta property=\"og:title\" content=\"Fertigungs-Computer\" \/>\n<meta property=\"og:description\" content=\"Computer f\u00fcr die industrielle Fertigung sind f\u00fcr den Einsatz in rauen Umgebungen vorgesehen. Sie sind sto\u00dffest, wasserdicht und staubgesch\u00fctzt.\" \/>\n<meta property=\"og:url\" content=\"https:\/\/teguar.com\/eu\/de\/fertigungs-computer\/\" \/>\n<meta property=\"og:site_name\" content=\"Teguar\" \/>\n<meta property=\"article:modified_time\" content=\"2025-11-24T17:16:02+00:00\" \/>\n<meta name=\"twitter:card\" content=\"summary_large_image\" \/>\n<meta name=\"twitter:label1\" content=\"Gesch\u00e4tzte Lesezeit\" \/>\n\t<meta name=\"twitter:data1\" content=\"2\u00a0Minuten\" \/>\n<script type=\"application\/ld+json\" class=\"yoast-schema-graph\">{\"@context\":\"https:\/\/schema.org\",\"@graph\":[{\"@type\":\"WebPage\",\"@id\":\"https:\/\/teguar.com\/eu\/de\/fertigungs-computer\/\",\"url\":\"https:\/\/teguar.com\/eu\/de\/fertigungs-computer\/\",\"name\":\"Fertigungscomputer | Eingebettete & Panel-PCs\",\"isPartOf\":{\"@id\":\"https:\/\/teguar.com\/eu\/en\/#website\"},\"datePublished\":\"2025-06-23T16:34:29+00:00\",\"dateModified\":\"2025-11-24T17:16:02+00:00\",\"description\":\"Computer f\u00fcr die industrielle Fertigung sind f\u00fcr den Einsatz in rauen Umgebungen vorgesehen. Sie sind sto\u00dffest, wasserdicht und staubgesch\u00fctzt.\",\"breadcrumb\":{\"@id\":\"https:\/\/teguar.com\/eu\/de\/fertigungs-computer\/#breadcrumb\"},\"inLanguage\":\"de\",\"potentialAction\":[{\"@type\":\"ReadAction\",\"target\":[\"https:\/\/teguar.com\/eu\/de\/fertigungs-computer\/\"]}]},{\"@type\":\"BreadcrumbList\",\"@id\":\"https:\/\/teguar.com\/eu\/de\/fertigungs-computer\/#breadcrumb\",\"itemListElement\":[{\"@type\":\"ListItem\",\"position\":1,\"name\":\"Home\",\"item\":\"https:\/\/teguar.com\/eu\/de\/\"},{\"@type\":\"ListItem\",\"position\":2,\"name\":\"Fertigungs-Computer\"}]},{\"@type\":\"WebSite\",\"@id\":\"https:\/\/teguar.com\/eu\/en\/#website\",\"url\":\"https:\/\/teguar.com\/eu\/en\/\",\"name\":\"Teguar\",\"description\":\"Industrial PCs, Medical Computers, and Rugged Tablets\",\"potentialAction\":[{\"@type\":\"SearchAction\",\"target\":{\"@type\":\"EntryPoint\",\"urlTemplate\":\"https:\/\/teguar.com\/eu\/en\/?s={search_term_string}\"},\"query-input\":{\"@type\":\"PropertyValueSpecification\",\"valueRequired\":true,\"valueName\":\"search_term_string\"}}],\"inLanguage\":\"de\"}]}<\/script>\n<!-- \/ Yoast SEO Premium plugin. -->","yoast_head_json":{"title":"Fertigungscomputer | Eingebettete & Panel-PCs","description":"Computer f\u00fcr die industrielle Fertigung sind f\u00fcr den Einsatz in rauen Umgebungen vorgesehen. Sie sind sto\u00dffest, wasserdicht und staubgesch\u00fctzt.","robots":{"index":"index","follow":"follow","max-snippet":"max-snippet:-1","max-image-preview":"max-image-preview:large","max-video-preview":"max-video-preview:-1"},"canonical":"https:\/\/teguar.com\/eu\/de\/fertigungs-computer\/","og_locale":"de_DE","og_type":"article","og_title":"Fertigungs-Computer","og_description":"Computer f\u00fcr die industrielle Fertigung sind f\u00fcr den Einsatz in rauen Umgebungen vorgesehen. Sie sind sto\u00dffest, wasserdicht und staubgesch\u00fctzt.","og_url":"https:\/\/teguar.com\/eu\/de\/fertigungs-computer\/","og_site_name":"Teguar","article_modified_time":"2025-11-24T17:16:02+00:00","twitter_card":"summary_large_image","twitter_misc":{"Gesch\u00e4tzte Lesezeit":"2\u00a0Minuten"},"schema":{"@context":"https:\/\/schema.org","@graph":[{"@type":"WebPage","@id":"https:\/\/teguar.com\/eu\/de\/fertigungs-computer\/","url":"https:\/\/teguar.com\/eu\/de\/fertigungs-computer\/","name":"Fertigungscomputer | Eingebettete & Panel-PCs","isPartOf":{"@id":"https:\/\/teguar.com\/eu\/en\/#website"},"datePublished":"2025-06-23T16:34:29+00:00","dateModified":"2025-11-24T17:16:02+00:00","description":"Computer f\u00fcr die industrielle Fertigung sind f\u00fcr den Einsatz in rauen Umgebungen vorgesehen. Sie sind sto\u00dffest, wasserdicht und staubgesch\u00fctzt.","breadcrumb":{"@id":"https:\/\/teguar.com\/eu\/de\/fertigungs-computer\/#breadcrumb"},"inLanguage":"de","potentialAction":[{"@type":"ReadAction","target":["https:\/\/teguar.com\/eu\/de\/fertigungs-computer\/"]}]},{"@type":"BreadcrumbList","@id":"https:\/\/teguar.com\/eu\/de\/fertigungs-computer\/#breadcrumb","itemListElement":[{"@type":"ListItem","position":1,"name":"Home","item":"https:\/\/teguar.com\/eu\/de\/"},{"@type":"ListItem","position":2,"name":"Fertigungs-Computer"}]},{"@type":"WebSite","@id":"https:\/\/teguar.com\/eu\/en\/#website","url":"https:\/\/teguar.com\/eu\/en\/","name":"Teguar","description":"Industrial PCs, Medical Computers, and Rugged Tablets","potentialAction":[{"@type":"SearchAction","target":{"@type":"EntryPoint","urlTemplate":"https:\/\/teguar.com\/eu\/en\/?s={search_term_string}"},"query-input":{"@type":"PropertyValueSpecification","valueRequired":true,"valueName":"search_term_string"}}],"inLanguage":"de"}]}},"_links":{"self":[{"href":"https:\/\/teguar.com\/eu\/de\/wp-json\/wp\/v2\/pages\/2243476","targetHints":{"allow":["GET"]}}],"collection":[{"href":"https:\/\/teguar.com\/eu\/de\/wp-json\/wp\/v2\/pages"}],"about":[{"href":"https:\/\/teguar.com\/eu\/de\/wp-json\/wp\/v2\/types\/page"}],"author":[{"embeddable":true,"href":"https:\/\/teguar.com\/eu\/de\/wp-json\/wp\/v2\/users\/3"}],"replies":[{"embeddable":true,"href":"https:\/\/teguar.com\/eu\/de\/wp-json\/wp\/v2\/comments?post=2243476"}],"version-history":[{"count":3,"href":"https:\/\/teguar.com\/eu\/de\/wp-json\/wp\/v2\/pages\/2243476\/revisions"}],"predecessor-version":[{"id":2247796,"href":"https:\/\/teguar.com\/eu\/de\/wp-json\/wp\/v2\/pages\/2243476\/revisions\/2247796"}],"wp:attachment":[{"href":"https:\/\/teguar.com\/eu\/de\/wp-json\/wp\/v2\/media?parent=2243476"}],"curies":[{"name":"wp","href":"https:\/\/api.w.org\/{rel}","templated":true}]}}