{"id":2243473,"date":"2025-06-23T16:20:57","date_gmt":"2025-06-23T16:20:57","guid":{"rendered":"https:\/\/teguar.com\/eu\/digitale-beschilderung-fuer-den-aussenbereich\/"},"modified":"2025-11-24T17:02:11","modified_gmt":"2025-11-24T17:02:11","slug":"digitale-beschilderung-fuer-den-aussenbereich","status":"publish","type":"page","link":"https:\/\/teguar.com\/eu\/de\/digitale-beschilderung-fuer-den-aussenbereich\/","title":{"rendered":"Digitale Beschilderung f\u00fcr den Au\u00dfenbereich"},"content":{"rendered":"\n<p>Teguar bietet Computer und Monitore, die speziell f\u00fcr den Einsatz im Freien entwickelt wurden. Diese Computer sind f\u00fcr gr\u00f6\u00dfere Temperaturbereiche geeignet als Computer f\u00fcr Endverbraucher und verf\u00fcgen \u00fcber helle, kontrastreiche und entspiegelte LCD-Bildschirme, die auch bei hellem Sonnenlicht gut lesbar sind. Die <a href=\"https:\/\/teguar.com\/eu\/de\/industrie-computer\/\">Outdoor-Industriecomputer<\/a> und -Displays von Teguar haben eine Schutzart von IP65 oder h\u00f6her, so dass sie Regen, Feuchtigkeit, Schmutz und Ablagerungen standhalten. <a href=\"https:\/\/teguar.com\/eu\/de\/panel-pcs\/\">Outdoor-Panel-PCs<\/a> k\u00f6nnen auch starke Temperaturschwankungen aushalten, ohne dass sich Kondenswasser ansammelt.  <\/p>\n\n<h2 class=\"wp-block-heading\" id=\"h-features-of-outdoor-digital-signage-computers\"><strong>Merkmale von Outdoor Digital Signage Computern:<\/strong><\/h2>\n\n<ul class=\"wp-block-list\">\n<li>Erh\u00e4ltlich in Bildschirmgr\u00f6\u00dfen von 07&#8243; &#8211; 24&#8243;.<\/li>\n\n\n\n<li>Intel Core i3\/i5\/i7 oder Intel Atom\/Celeron CPU<\/li>\n\n\n\n<li>1000 Nit hohe Helligkeit Touchscreens<\/li>\n\n\n\n<li>Schutzart von IP65 oder h\u00f6her<\/li>\n\n\n\n<li>Breite Betriebstemperaturen<\/li>\n<\/ul>\n    <section id=\"outdoor-digital-signage\" class=\"products-by-tag section-spacing\">\n        <div class=\"container\">\n            <div class=\"header\">\n                                    <h2 class=\"headline\">Digital Signage Produkte f\u00fcr den Au\u00dfenbereich kaufen<\/h2>\n                            <\/div>\n\n            <div class=\"grid product-card-grid-4\">\n                \n<div class=\"product-card\" class=\"product type-product post-2247442 status-publish first instock product_cat-industrielle-displays product_tag-digitale-beschilderung-fuer-den-aussenbereich product_tag-online-kaufen has-post-thumbnail taxable shipping-taxable purchasable product-type-composite\">\n    <div class=\"media\">\n                        <a href=\"https:\/\/teguar.com\/eu\/de\/product\/td-45-07\/\">\n            <img decoding=\"async\" src=\"https:\/\/teguar.com\/eu\/wp-content\/uploads\/sites\/2\/2020\/07\/7-inch-panel-pc_7__28812.1595934834.1280.1280.jpg\" width=\"150\" height=\"150\" alt=\"7&quot; Industrial Touchscreen Monitor | TD-45-07\" class=\"hero-image thumb lazy\" loading=\"lazy\" \/>        <\/a>\n    <\/div>\n    <div class=\"content\">\n        <h3>\n            <a href=\"https:\/\/teguar.com\/eu\/de\/product\/td-45-07\/\" class=\"name\">\n                TD-45-07\n                            <\/a>\n        <\/h3>\n\n                    <div class=\"subtitle\">\n                7&quot; Industrie-Monitor            <\/div>\n\n        \n                    <div class=\"product-kh\">\n                <ul>\n<li>7&#8243; LCD mit 800 x 480 Aufl\u00f6sung<\/li>\n<li>Solides Aluminium-Druckguss-Geh\u00e4use<\/li>\n<li>Optionales LCD mit hoher Helligkeit 1000 Nit<\/li>\n<li>Weitbereich DC 9~36V Stromeingang<\/li>\n<li>IP66-konforme Frontblende<\/li>\n<li>Resistiver oder projiziert-kapazitiver Touchscreen<\/li>\n<\/ul>\n            <\/div>\n        \n        <div class=\"c-footer\">\n            <a href=\"https:\/\/teguar.com\/eu\/de\/product\/td-45-07\/#get-a-quick-quote\" class=\"button button-blue button-get-a-quick-quote\" >Angebot anfordern<\/a>        <\/div>\n    <\/div>\n<\/div>\n\n\n<div class=\"product-card\" class=\"product type-product post-2247461 status-publish instock product_cat-industrielle-displays product_tag-digitale-beschilderung-fuer-den-aussenbereich product_tag-industriecomputer-im-schnellversand product_tag-online-kaufen product_tag-schnellversand-displays has-post-thumbnail taxable shipping-taxable purchasable product-type-composite\">\n    <div class=\"media\">\n                        <a href=\"https:\/\/teguar.com\/eu\/de\/product\/td-45-15\/\">\n            <img decoding=\"async\" src=\"https:\/\/teguar.com\/eu\/wp-content\/uploads\/sites\/2\/2020\/07\/td-45-15_frontslant___91393.1595934841.1280.1280.jpg\" width=\"150\" height=\"150\" alt=\"15&quot; Industrial Touchscreen Monitor | TD-45-15\" class=\"hero-image thumb lazy\" loading=\"lazy\" \/>        <\/a>\n    <\/div>\n    <div class=\"content\">\n        <h3>\n            <a href=\"https:\/\/teguar.com\/eu\/de\/product\/td-45-15\/\" class=\"name\">\n                TD-45-15\n                            <\/a>\n        <\/h3>\n\n                    <div class=\"subtitle\">\n                15&quot; Industrie-Display            <\/div>\n\n        \n                    <div class=\"product-kh\">\n                <ul>\n<li>15&#8243; Touchscreen mit optionalem sonnenlichtlesbarem LCD<\/li>\n<li>Aluminium-Geh\u00e4use f\u00fcr industrielle St\u00e4rke<\/li>\n<li>IP66-konforme Frontblende<\/li>\n<li>Resistiver oder projiziert-kapazitiver Touchscreen<\/li>\n<li>Weitbereich DC 9~36V Stromeingang<\/li>\n<li>Vollst\u00e4ndig flache Frontplatte<\/li>\n<\/ul>\n            <\/div>\n        \n        <div class=\"c-footer\">\n            <a href=\"https:\/\/teguar.com\/eu\/de\/product\/td-45-15\/#get-a-quick-quote\" class=\"button button-blue button-get-a-quick-quote\" >Angebot anfordern<\/a>        <\/div>\n    <\/div>\n<\/div>\n\n\n<div class=\"product-card\" class=\"product type-product post-2245049 status-publish last instock product_cat-hmi-panel product_cat-panel-pcs product_tag-computer-fuer-das-baugewerbe product_tag-digitale-beschilderung-fuer-den-aussenbereich has-post-thumbnail taxable shipping-taxable purchasable product-type-simple\">\n    <div class=\"media\">\n                        <a href=\"https:\/\/teguar.com\/eu\/de\/product\/tp-3445-07\/\">\n            <img decoding=\"async\" src=\"https:\/\/teguar.com\/eu\/wp-content\/uploads\/sites\/2\/2021\/02\/7-inch-panel-pc_5__04533.1604342386.1280.1280__17077.1613419486.1280.1280.jpg\" width=\"150\" height=\"150\" alt=\"7&quot; Industrial Touchscreen PC\" class=\"hero-image thumb lazy\" loading=\"lazy\" \/>        <\/a>\n    <\/div>\n    <div class=\"content\">\n        <h3>\n            <a href=\"https:\/\/teguar.com\/eu\/de\/product\/tp-3445-07\/\" class=\"name\">\n                TP-3445-07\n                            <\/a>\n        <\/h3>\n\n                    <div class=\"subtitle\">\n                7&quot; Industrie-Panel-PC            <\/div>\n\n        \n                    <div class=\"product-kh\">\n                <ul>\n<li>7&#8243; TFT-LCD Touchscreen<\/li>\n<li>Intel Apollo Lake N4200 Vierkern-CPU<\/li>\n<li>Geh\u00e4use aus Aluminium-Druckguss<\/li>\n<li>Zug\u00e4ngliches Lagerfach<\/li>\n<li>Geringes Gewicht bei nur 2.4lbs<\/li>\n<\/ul>\n            <\/div>\n        \n        <div class=\"c-footer\">\n            <a href=\"https:\/\/teguar.com\/eu\/de\/product\/tp-3445-07\/#get-a-quick-quote\" class=\"button button-blue button-get-a-quick-quote\" >Angebot anfordern<\/a>        <\/div>\n    <\/div>\n<\/div>\n\n\n<div class=\"product-card\" class=\"product type-product post-2245585 status-publish first outofstock product_cat-hmi-panel product_cat-panel-pcs product_tag-digitale-beschilderung-fuer-den-aussenbereich has-post-thumbnail taxable shipping-taxable purchasable product-type-simple\">\n    <div class=\"media\">\n                        <a href=\"https:\/\/teguar.com\/eu\/de\/product\/tp-3445-08\/\">\n            <img decoding=\"async\" src=\"https:\/\/teguar.com\/eu\/wp-content\/uploads\/sites\/2\/2021\/02\/8-inch-industrial-pc_1__13875.1604342422.1280.1280__25930.1613419627.1280.1280.jpg\" width=\"150\" height=\"150\" alt=\"8&quot; AIO Panel PC\" class=\"hero-image thumb lazy\" loading=\"lazy\" \/>        <\/a>\n    <\/div>\n    <div class=\"content\">\n        <h3>\n            <a href=\"https:\/\/teguar.com\/eu\/de\/product\/tp-3445-08\/\" class=\"name\">\n                TP-3445-08\n                            <\/a>\n        <\/h3>\n\n                    <div class=\"subtitle\">\n                8&quot; Panel Mount Computer            <\/div>\n\n        \n                    <div class=\"product-kh\">\n                <ul>\n<li>8&#8243; Pcap oder Resistiver Touchscreen<\/li>\n<li>Intel Apollo Lake N4200 Vierkern-CPU<\/li>\n<li>L\u00fcfterloses Design und Aluminiumgeh\u00e4use<\/li>\n<li>Vollst\u00e4ndig flache Frontblende nach IP66<\/li>\n<li>Weitbereich DC 9~36V Stromeingang<\/li>\n<\/ul>\n            <\/div>\n        \n        <div class=\"c-footer\">\n            <a href=\"https:\/\/teguar.com\/eu\/de\/product\/tp-3445-08\/#get-a-quick-quote\" class=\"button button-blue button-get-a-quick-quote\" >Angebot anfordern<\/a>        <\/div>\n    <\/div>\n<\/div>\n\n            <\/div>\n        <\/div>\n    <\/section>\n\n<p>Die digitale Beschilderung im Au\u00dfenbereich kann f\u00fcr die Anzeige von Men\u00fcpunkten, tagesaktuellen Informationen, bevorstehenden Veranstaltungen und vielem mehr verwendet werden. Mit digitaler Beschilderung k\u00f6nnen Sie Ihre Anzeige den ganzen Tag \u00fcber \u00e4ndern, ein gro\u00dfer Vorteil gegen\u00fcber statischen Men\u00fctafeln oder gedruckter Werbung. Sie k\u00f6nnen die digitale Beschilderung im Au\u00dfenbereich auch nutzen, um mit Ihren Kunden zu interagieren, und zwar in Form eines Ticket-Kiosks, einer Wegbeschreibung oder eines Informationsterminals. Interaktive digitale Beschilderung erfordert robuste Touchscreens. Die Computer und Monitore von Teguar sind mit industrietauglichen Touchscreens ausgestattet, so dass sie in stark frequentierten Bereichen eingesetzt werden k\u00f6nnen, in denen andere Touchscreens abgenutzt werden oder Risse bekommen. Teguar bietet Computer und Monitore f\u00fcr den Au\u00dfenbereich mit Bildschirmgr\u00f6\u00dfen von 7&#8243; bis 24&#8243; an, so dass Sie die richtige Bildschirmgr\u00f6\u00dfe f\u00fcr Ihre Au\u00dfenanwendung w\u00e4hlen k\u00f6nnen.     <\/p>\n\n<section class=\"hubspot-form section-spacing\">\n    <script charset=\"utf-8\" type=\"text\/javascript\" src=\"\/\/js.hsforms.net\/forms\/embed\/v2.js\"><\/script>\r\n<script>\r\n  hbspt.forms.create({\r\n    portalId: \"21497995\",\r\n    formId: \"11a43242-0316-4b23-9e13-2f6bc9b8edde\",\r\n    region: \"na1\"\r\n  });\r\n<\/script><\/section>\n\n","protected":false},"excerpt":{"rendered":"<p>Teguar bietet Computer und Monitore, die speziell f\u00fcr den Einsatz im Freien entwickelt wurden. Diese Computer sind f\u00fcr gr\u00f6\u00dfere Temperaturbereiche geeignet als Computer f\u00fcr Endverbraucher und verf\u00fcgen \u00fcber helle, kontrastreiche und entspiegelte LCD-Bildschirme, die auch bei hellem Sonnenlicht gut lesbar sind. Die Outdoor-Industriecomputer und -Displays von Teguar haben eine Schutzart von IP65 oder h\u00f6her, so [&hellip;]<\/p>\n","protected":false},"author":3,"featured_media":0,"parent":0,"menu_order":0,"comment_status":"closed","ping_status":"closed","template":"templates\/template-product-application.php","meta":{"_acf_changed":false,"footnotes":""},"class_list":["post-2243473","page","type-page","status-publish","hentry"],"acf":[],"yoast_head":"<!-- This site is optimized with the Yoast SEO Premium plugin v26.8 (Yoast SEO v27.2) - https:\/\/yoast.com\/product\/yoast-seo-premium-wordpress\/ -->\n<title>Digitale Beschilderung f\u00fcr den Au\u00dfenbereich<\/title>\n<meta name=\"description\" content=\"Digitalanzeigen f\u00fcr den Au\u00dfenbereich k\u00f6nnen in einem breiten Temperaturbereich betrieben werden und verf\u00fcgen \u00fcber helle, entspiegelte Bildschirme, die auch bei Sonnenlicht gut lesbar sind. Erfahren Sie mehr.\" \/>\n<meta name=\"robots\" content=\"index, follow, max-snippet:-1, max-image-preview:large, max-video-preview:-1\" \/>\n<link rel=\"canonical\" href=\"https:\/\/teguar.com\/eu\/de\/digitale-beschilderung-fuer-den-aussenbereich\/\" \/>\n<meta property=\"og:locale\" content=\"de_DE\" \/>\n<meta property=\"og:type\" content=\"article\" \/>\n<meta property=\"og:title\" content=\"Digitale Beschilderung f\u00fcr den Au\u00dfenbereich\" \/>\n<meta property=\"og:description\" content=\"Digitalanzeigen f\u00fcr den Au\u00dfenbereich k\u00f6nnen in einem breiten Temperaturbereich betrieben werden und verf\u00fcgen \u00fcber helle, entspiegelte Bildschirme, die auch bei Sonnenlicht gut lesbar sind. Erfahren Sie mehr.\" \/>\n<meta property=\"og:url\" content=\"https:\/\/teguar.com\/eu\/de\/digitale-beschilderung-fuer-den-aussenbereich\/\" \/>\n<meta property=\"og:site_name\" content=\"Teguar\" \/>\n<meta property=\"article:modified_time\" content=\"2025-11-24T17:02:11+00:00\" \/>\n<meta name=\"twitter:card\" content=\"summary_large_image\" \/>\n<meta name=\"twitter:label1\" content=\"Gesch\u00e4tzte Lesezeit\" \/>\n\t<meta name=\"twitter:data1\" content=\"2\u00a0Minuten\" \/>\n<script type=\"application\/ld+json\" class=\"yoast-schema-graph\">{\"@context\":\"https:\/\/schema.org\",\"@graph\":[{\"@type\":\"WebPage\",\"@id\":\"https:\/\/teguar.com\/eu\/de\/digitale-beschilderung-fuer-den-aussenbereich\/\",\"url\":\"https:\/\/teguar.com\/eu\/de\/digitale-beschilderung-fuer-den-aussenbereich\/\",\"name\":\"Digitale Beschilderung f\u00fcr den Au\u00dfenbereich\",\"isPartOf\":{\"@id\":\"https:\/\/teguar.com\/eu\/en\/#website\"},\"datePublished\":\"2025-06-23T16:20:57+00:00\",\"dateModified\":\"2025-11-24T17:02:11+00:00\",\"description\":\"Digitalanzeigen f\u00fcr den Au\u00dfenbereich k\u00f6nnen in einem breiten Temperaturbereich betrieben werden und verf\u00fcgen \u00fcber helle, entspiegelte Bildschirme, die auch bei Sonnenlicht gut lesbar sind. Erfahren Sie mehr.\",\"breadcrumb\":{\"@id\":\"https:\/\/teguar.com\/eu\/de\/digitale-beschilderung-fuer-den-aussenbereich\/#breadcrumb\"},\"inLanguage\":\"de\",\"potentialAction\":[{\"@type\":\"ReadAction\",\"target\":[\"https:\/\/teguar.com\/eu\/de\/digitale-beschilderung-fuer-den-aussenbereich\/\"]}]},{\"@type\":\"BreadcrumbList\",\"@id\":\"https:\/\/teguar.com\/eu\/de\/digitale-beschilderung-fuer-den-aussenbereich\/#breadcrumb\",\"itemListElement\":[{\"@type\":\"ListItem\",\"position\":1,\"name\":\"Home\",\"item\":\"https:\/\/teguar.com\/eu\/de\/\"},{\"@type\":\"ListItem\",\"position\":2,\"name\":\"Digitale Beschilderung f\u00fcr den Au\u00dfenbereich\"}]},{\"@type\":\"WebSite\",\"@id\":\"https:\/\/teguar.com\/eu\/en\/#website\",\"url\":\"https:\/\/teguar.com\/eu\/en\/\",\"name\":\"Teguar\",\"description\":\"Industrial PCs, Medical Computers, and Rugged Tablets\",\"potentialAction\":[{\"@type\":\"SearchAction\",\"target\":{\"@type\":\"EntryPoint\",\"urlTemplate\":\"https:\/\/teguar.com\/eu\/en\/?s={search_term_string}\"},\"query-input\":{\"@type\":\"PropertyValueSpecification\",\"valueRequired\":true,\"valueName\":\"search_term_string\"}}],\"inLanguage\":\"de\"}]}<\/script>\n<!-- \/ Yoast SEO Premium plugin. -->","yoast_head_json":{"title":"Digitale Beschilderung f\u00fcr den Au\u00dfenbereich","description":"Digitalanzeigen f\u00fcr den Au\u00dfenbereich k\u00f6nnen in einem breiten Temperaturbereich betrieben werden und verf\u00fcgen \u00fcber helle, entspiegelte Bildschirme, die auch bei Sonnenlicht gut lesbar sind. Erfahren Sie mehr.","robots":{"index":"index","follow":"follow","max-snippet":"max-snippet:-1","max-image-preview":"max-image-preview:large","max-video-preview":"max-video-preview:-1"},"canonical":"https:\/\/teguar.com\/eu\/de\/digitale-beschilderung-fuer-den-aussenbereich\/","og_locale":"de_DE","og_type":"article","og_title":"Digitale Beschilderung f\u00fcr den Au\u00dfenbereich","og_description":"Digitalanzeigen f\u00fcr den Au\u00dfenbereich k\u00f6nnen in einem breiten Temperaturbereich betrieben werden und verf\u00fcgen \u00fcber helle, entspiegelte Bildschirme, die auch bei Sonnenlicht gut lesbar sind. Erfahren Sie mehr.","og_url":"https:\/\/teguar.com\/eu\/de\/digitale-beschilderung-fuer-den-aussenbereich\/","og_site_name":"Teguar","article_modified_time":"2025-11-24T17:02:11+00:00","twitter_card":"summary_large_image","twitter_misc":{"Gesch\u00e4tzte Lesezeit":"2\u00a0Minuten"},"schema":{"@context":"https:\/\/schema.org","@graph":[{"@type":"WebPage","@id":"https:\/\/teguar.com\/eu\/de\/digitale-beschilderung-fuer-den-aussenbereich\/","url":"https:\/\/teguar.com\/eu\/de\/digitale-beschilderung-fuer-den-aussenbereich\/","name":"Digitale Beschilderung f\u00fcr den Au\u00dfenbereich","isPartOf":{"@id":"https:\/\/teguar.com\/eu\/en\/#website"},"datePublished":"2025-06-23T16:20:57+00:00","dateModified":"2025-11-24T17:02:11+00:00","description":"Digitalanzeigen f\u00fcr den Au\u00dfenbereich k\u00f6nnen in einem breiten Temperaturbereich betrieben werden und verf\u00fcgen \u00fcber helle, entspiegelte Bildschirme, die auch bei Sonnenlicht gut lesbar sind. Erfahren Sie mehr.","breadcrumb":{"@id":"https:\/\/teguar.com\/eu\/de\/digitale-beschilderung-fuer-den-aussenbereich\/#breadcrumb"},"inLanguage":"de","potentialAction":[{"@type":"ReadAction","target":["https:\/\/teguar.com\/eu\/de\/digitale-beschilderung-fuer-den-aussenbereich\/"]}]},{"@type":"BreadcrumbList","@id":"https:\/\/teguar.com\/eu\/de\/digitale-beschilderung-fuer-den-aussenbereich\/#breadcrumb","itemListElement":[{"@type":"ListItem","position":1,"name":"Home","item":"https:\/\/teguar.com\/eu\/de\/"},{"@type":"ListItem","position":2,"name":"Digitale Beschilderung f\u00fcr den Au\u00dfenbereich"}]},{"@type":"WebSite","@id":"https:\/\/teguar.com\/eu\/en\/#website","url":"https:\/\/teguar.com\/eu\/en\/","name":"Teguar","description":"Industrial PCs, Medical Computers, and Rugged Tablets","potentialAction":[{"@type":"SearchAction","target":{"@type":"EntryPoint","urlTemplate":"https:\/\/teguar.com\/eu\/en\/?s={search_term_string}"},"query-input":{"@type":"PropertyValueSpecification","valueRequired":true,"valueName":"search_term_string"}}],"inLanguage":"de"}]}},"_links":{"self":[{"href":"https:\/\/teguar.com\/eu\/de\/wp-json\/wp\/v2\/pages\/2243473","targetHints":{"allow":["GET"]}}],"collection":[{"href":"https:\/\/teguar.com\/eu\/de\/wp-json\/wp\/v2\/pages"}],"about":[{"href":"https:\/\/teguar.com\/eu\/de\/wp-json\/wp\/v2\/types\/page"}],"author":[{"embeddable":true,"href":"https:\/\/teguar.com\/eu\/de\/wp-json\/wp\/v2\/users\/3"}],"replies":[{"embeddable":true,"href":"https:\/\/teguar.com\/eu\/de\/wp-json\/wp\/v2\/comments?post=2243473"}],"version-history":[{"count":2,"href":"https:\/\/teguar.com\/eu\/de\/wp-json\/wp\/v2\/pages\/2243473\/revisions"}],"predecessor-version":[{"id":2247787,"href":"https:\/\/teguar.com\/eu\/de\/wp-json\/wp\/v2\/pages\/2243473\/revisions\/2247787"}],"wp:attachment":[{"href":"https:\/\/teguar.com\/eu\/de\/wp-json\/wp\/v2\/media?parent=2243473"}],"curies":[{"name":"wp","href":"https:\/\/api.w.org\/{rel}","templated":true}]}}