{"id":2243472,"date":"2025-06-23T16:56:56","date_gmt":"2025-06-23T16:56:56","guid":{"rendered":"https:\/\/teguar.com\/eu\/ip67-computer\/"},"modified":"2025-10-16T12:44:31","modified_gmt":"2025-10-16T12:44:31","slug":"ip67-computer","status":"publish","type":"page","link":"https:\/\/teguar.com\/eu\/de\/ip67-computer\/","title":{"rendered":"IP67 Computer"},"content":{"rendered":"\n<p>IP67-Computer sind <a href=\"https:\/\/teguar.com\/eu\/de\/industrie-computer\/\">robuste Industriecomputer<\/a> mit vollst\u00e4ndig versiegelten Geh\u00e4usen, die vollst\u00e4ndigen Schutz vor Staub bieten und 30 Minuten lang in bis zu 1 Meter tiefes Wasser getaucht werden k\u00f6nnen. Damit sind sie ideal f\u00fcr den zuverl\u00e4ssigen Betrieb in rauen Industrieumgebungen, im Freien und unter schwierigen Umgebungsbedingungen, in denen Standardcomputer versagen w\u00fcrden.<\/p>\n    <section id=\"twb-5920-series\" class=\"products-by-tag section-spacing\">\n        <div class=\"container\">\n            <div class=\"header\">\n                                    <h2 class=\"headline\">Wasserdichte Box PC | TWB-5920 Serie<\/h2>\n                            <\/div>\n\n            <div class=\"grid product-card-grid-4\">\n                \n<div class=\"product-card\" class=\"product type-product post-2247449 status-publish first onbackorder product_cat-embedded-pcs product_cat-lufterlose-pcs product_cat-rugged-computer product_cat-wasserdichte-box-pcs product_cat-wasserdichte-computer product_tag-computer-fuer-den-aussenbereich product_tag-computer-fuer-die-lebensmittelverarbeitung product_tag-online-kaufen product_tag-twb-5920-series has-post-thumbnail taxable shipping-taxable purchasable product-type-composite\">\n    <div class=\"media\">\n                        <a href=\"https:\/\/teguar.com\/eu\/de\/product\/twb-5920\/\">\n            <img decoding=\"async\" src=\"https:\/\/teguar.com\/eu\/wp-content\/uploads\/sites\/2\/2020\/07\/Waterproof_Box_PC_TWB-5920_Front__37238.1708376901.1280.1280.jpg\" width=\"150\" height=\"113\" alt=\"Waterproof Box PC | TB-5920\" class=\"hero-image thumb lazy\" loading=\"lazy\" \/>        <\/a>\n    <\/div>\n    <div class=\"content\">\n        <h3>\n            <a href=\"https:\/\/teguar.com\/eu\/de\/product\/twb-5920\/\" class=\"name\">\n                TWB-5920\n                            <\/a>\n        <\/h3>\n\n                    <div class=\"subtitle\">\n                Wasserdichte Box PC            <\/div>\n\n        \n                    <div class=\"product-kh\">\n                <ul>\n<li>Core i5-Prozessor der 11. Generation<\/li>\n<li>Windows 11-Funktionen<\/li>\n<li>L\u00fcfterloses Design<\/li>\n<li>Breite Betriebstemperatur (0C-50C)<\/li>\n<li>9~36V DC mit Isolierung<\/li>\n<\/ul>\n            <\/div>\n        \n        <div class=\"c-footer\">\n            <a href=\"https:\/\/teguar.com\/eu\/de\/product\/twb-5920\/#get-a-quick-quote\" class=\"button button-blue button-get-a-quick-quote\" >Angebot anfordern<\/a>        <\/div>\n    <\/div>\n<\/div>\n\n            <\/div>\n        <\/div>\n    <\/section>\n    <section class=\"content-with-side-media section-spacing\">\n        <div class=\"container\">\n            <div class=\"text wysiwyg\">\n                                    <p>IP67-Computer sind die perfekte l\u00fcfterlose, wasserdichte PC-L\u00f6sung f\u00fcr nasse und anspruchsvolle Standorte. Diese wasserdichten Computer sind f\u00fcr alle Wetterbedingungen ausgelegt und bestehen aus einem extrem robusten Edelstahlgeh\u00e4use oder einem hochbelastbaren Aluminiumgeh\u00e4use mit Korrosionsschutzbehandlung. Das versiegelte IP67-Design sch\u00fctzt die internen Komponenten vor Staub und Wasser. Jeder Computer ist mit einem l\u00fcfterlosen K\u00fchlsystem und industrietauglichen Komponenten ausgestattet, die St\u00f6\u00dfen und Vibrationen standhalten.   <\/p>\n<p>Teguar bietet eine gro\u00dfe Auswahl an IP68-gesch\u00fctzten Kabeln zum Anschluss an die IP67-Computer. Diese Ger\u00e4te sind in der Lage, Vibrationen, St\u00f6\u00dfen, Wasser, Feuchtigkeit, \u00d6l und Staub standzuhalten, wo Verbraucherprodukte nicht mithalten k\u00f6nnen. Ob f\u00fcr die unterbrechungsfreie Darstellung von Videoinhalten, die \u00dcberpr\u00fcfung von Formeln, das Wiegen oder die Steuerung von Maschinen &#8211; die IP67-Computer von Teguar verwenden industrietaugliche Komponenten und eine solide Bauweise, um einen zuverl\u00e4ssigen Betrieb rund um die Uhr selbst in den rauesten Umgebungen zu gew\u00e4hrleisten.  <\/p>\n                            <\/div>\n\n            <div class=\"media\">\n                            <\/div>\n        <\/div>\n    <\/section>\n\n<section class=\"round-cards section-spacing\">\n    <div class=\"container\">\n        <div class=\"top\">\n                            <h2>TEGUAR 360\u00ba<\/h2>\n            \n                            <p class=\"lead\">Von der Projektkonzeption bis zum langfristigen Support f\u00fcr Ihre Teguar-Computer. Teguar begleitet Sie von Anfang bis Ende.<\/p>\n                    <\/div>\n\n                    <div class=\"bottom\">\n                \n<a href=\"\/eu\/de\/kontaktieren-sie-uns\/\" class=\"card\">\n    <div class=\"media\">\n        <img decoding=\"async\" src=\"https:\/\/teguar.com\/eu\/wp-content\/uploads\/sites\/2\/2025\/06\/round-card-1.svg\" width=\"100\" height=\"100\" alt=\"\" class=\"full lazy\" loading=\"lazy\" \/><img decoding=\"async\" src=\"https:\/\/teguar.com\/eu\/wp-content\/uploads\/sites\/2\/2025\/06\/round-card-1-hover.svg\" width=\"100\" height=\"100\" alt=\"\" class=\"full lazy\" loading=\"lazy\" \/>    <\/div>\n\n            <p class=\"title\">Anfrage<\/p>\n    \n            <span class=\"button\">Schnellangebot anfordern<\/span>\n    <\/a>\n\n\n<a href=\"\/eu\/de\/oem-odm-kundenspezifische-design-dienstleistungen-fuer-industriecomputer\/\" class=\"card\">\n    <div class=\"media\">\n        <img decoding=\"async\" src=\"https:\/\/teguar.com\/eu\/wp-content\/uploads\/sites\/2\/2025\/06\/round-card-2.svg\" width=\"100\" height=\"100\" alt=\"\" class=\"full lazy\" loading=\"lazy\" \/><img decoding=\"async\" src=\"https:\/\/teguar.com\/eu\/wp-content\/uploads\/sites\/2\/2025\/06\/round-card-2-hover.svg\" width=\"100\" height=\"100\" alt=\"\" class=\"full lazy\" loading=\"lazy\" \/>    <\/div>\n\n            <p class=\"title\">Erhalten Sie eine ma\u00dfgeschneiderte Computersysteml\u00f6sung<\/p>\n    \n            <span class=\"button\">Design-Dienstleistungen<\/span>\n    <\/a>\n\n\n<a href=\"\/eu\/de\/unterstuetzen\/\" class=\"card\">\n    <div class=\"media\">\n        <img decoding=\"async\" src=\"https:\/\/teguar.com\/eu\/wp-content\/uploads\/sites\/2\/2025\/06\/round-card-3.svg\" width=\"100\" height=\"100\" alt=\"\" class=\"full lazy\" loading=\"lazy\" \/><img decoding=\"async\" src=\"https:\/\/teguar.com\/eu\/wp-content\/uploads\/sites\/2\/2025\/06\/round-card-3-hover.svg\" width=\"100\" height=\"100\" alt=\"\" class=\"full lazy\" loading=\"lazy\" \/>    <\/div>\n\n            <p class=\"title\">Holen Sie sich Hilfe von erfahrenen Servicetechnikern<\/p>\n    \n            <span class=\"button\">Support erhalten<\/span>\n    <\/a>\n\n            <\/div>\n            <\/div>\n<\/section>\n\n","protected":false},"excerpt":{"rendered":"<p>IP67-Computer sind robuste Industriecomputer mit vollst\u00e4ndig versiegelten Geh\u00e4usen, die vollst\u00e4ndigen Schutz vor Staub bieten und 30 Minuten lang in bis zu 1 Meter tiefes Wasser getaucht werden k\u00f6nnen. Damit sind sie ideal f\u00fcr den zuverl\u00e4ssigen Betrieb in rauen Industrieumgebungen, im Freien und unter schwierigen Umgebungsbedingungen, in denen Standardcomputer versagen w\u00fcrden.<\/p>\n","protected":false},"author":3,"featured_media":0,"parent":0,"menu_order":0,"comment_status":"closed","ping_status":"closed","template":"templates\/template-content-page.php","meta":{"_acf_changed":false,"footnotes":""},"class_list":["post-2243472","page","type-page","status-publish","hentry"],"acf":[],"yoast_head":"<!-- This site is optimized with the Yoast SEO Premium plugin v26.8 (Yoast SEO v27.2) - https:\/\/yoast.com\/product\/yoast-seo-premium-wordpress\/ -->\n<title>IP67 Computer | IP66\/IP67 Edelstahl Computer<\/title>\n<meta name=\"description\" content=\"L\u00fcfterlose, wasserdichte PC-L\u00f6sungen f\u00fcr feuchte und anspruchsvolle Standorte. F\u00fcr alle Wetterbedingungen zugelassen und mit Edelstahl- oder robusten Aluminiumgeh\u00e4usen ausgestattet.\" \/>\n<meta name=\"robots\" content=\"index, follow, max-snippet:-1, max-image-preview:large, max-video-preview:-1\" \/>\n<link rel=\"canonical\" href=\"https:\/\/teguar.com\/eu\/de\/ip67-computer\/\" \/>\n<meta property=\"og:locale\" content=\"de_DE\" \/>\n<meta property=\"og:type\" content=\"article\" \/>\n<meta property=\"og:title\" content=\"IP67 Computer\" \/>\n<meta property=\"og:description\" content=\"L\u00fcfterlose, wasserdichte PC-L\u00f6sungen f\u00fcr feuchte und anspruchsvolle Standorte. F\u00fcr alle Wetterbedingungen zugelassen und mit Edelstahl- oder robusten Aluminiumgeh\u00e4usen ausgestattet.\" \/>\n<meta property=\"og:url\" content=\"https:\/\/teguar.com\/eu\/de\/ip67-computer\/\" \/>\n<meta property=\"og:site_name\" content=\"Teguar\" \/>\n<meta property=\"article:modified_time\" content=\"2025-10-16T12:44:31+00:00\" \/>\n<meta name=\"twitter:card\" content=\"summary_large_image\" \/>\n<script type=\"application\/ld+json\" class=\"yoast-schema-graph\">{\"@context\":\"https:\/\/schema.org\",\"@graph\":[{\"@type\":\"WebPage\",\"@id\":\"https:\/\/teguar.com\/eu\/de\/ip67-computer\/\",\"url\":\"https:\/\/teguar.com\/eu\/de\/ip67-computer\/\",\"name\":\"IP67 Computer | IP66\/IP67 Edelstahl Computer\",\"isPartOf\":{\"@id\":\"https:\/\/teguar.com\/eu\/en\/#website\"},\"datePublished\":\"2025-06-23T16:56:56+00:00\",\"dateModified\":\"2025-10-16T12:44:31+00:00\",\"description\":\"L\u00fcfterlose, wasserdichte PC-L\u00f6sungen f\u00fcr feuchte und anspruchsvolle Standorte. F\u00fcr alle Wetterbedingungen zugelassen und mit Edelstahl- oder robusten Aluminiumgeh\u00e4usen ausgestattet.\",\"breadcrumb\":{\"@id\":\"https:\/\/teguar.com\/eu\/de\/ip67-computer\/#breadcrumb\"},\"inLanguage\":\"de\",\"potentialAction\":[{\"@type\":\"ReadAction\",\"target\":[\"https:\/\/teguar.com\/eu\/de\/ip67-computer\/\"]}]},{\"@type\":\"BreadcrumbList\",\"@id\":\"https:\/\/teguar.com\/eu\/de\/ip67-computer\/#breadcrumb\",\"itemListElement\":[{\"@type\":\"ListItem\",\"position\":1,\"name\":\"Home\",\"item\":\"https:\/\/teguar.com\/eu\/de\/\"},{\"@type\":\"ListItem\",\"position\":2,\"name\":\"IP67 Computer\"}]},{\"@type\":\"WebSite\",\"@id\":\"https:\/\/teguar.com\/eu\/en\/#website\",\"url\":\"https:\/\/teguar.com\/eu\/en\/\",\"name\":\"Teguar\",\"description\":\"Industrial PCs, Medical Computers, and Rugged Tablets\",\"potentialAction\":[{\"@type\":\"SearchAction\",\"target\":{\"@type\":\"EntryPoint\",\"urlTemplate\":\"https:\/\/teguar.com\/eu\/en\/?s={search_term_string}\"},\"query-input\":{\"@type\":\"PropertyValueSpecification\",\"valueRequired\":true,\"valueName\":\"search_term_string\"}}],\"inLanguage\":\"de\"}]}<\/script>\n<!-- \/ Yoast SEO Premium plugin. -->","yoast_head_json":{"title":"IP67 Computer | IP66\/IP67 Edelstahl Computer","description":"L\u00fcfterlose, wasserdichte PC-L\u00f6sungen f\u00fcr feuchte und anspruchsvolle Standorte. F\u00fcr alle Wetterbedingungen zugelassen und mit Edelstahl- oder robusten Aluminiumgeh\u00e4usen ausgestattet.","robots":{"index":"index","follow":"follow","max-snippet":"max-snippet:-1","max-image-preview":"max-image-preview:large","max-video-preview":"max-video-preview:-1"},"canonical":"https:\/\/teguar.com\/eu\/de\/ip67-computer\/","og_locale":"de_DE","og_type":"article","og_title":"IP67 Computer","og_description":"L\u00fcfterlose, wasserdichte PC-L\u00f6sungen f\u00fcr feuchte und anspruchsvolle Standorte. F\u00fcr alle Wetterbedingungen zugelassen und mit Edelstahl- oder robusten Aluminiumgeh\u00e4usen ausgestattet.","og_url":"https:\/\/teguar.com\/eu\/de\/ip67-computer\/","og_site_name":"Teguar","article_modified_time":"2025-10-16T12:44:31+00:00","twitter_card":"summary_large_image","schema":{"@context":"https:\/\/schema.org","@graph":[{"@type":"WebPage","@id":"https:\/\/teguar.com\/eu\/de\/ip67-computer\/","url":"https:\/\/teguar.com\/eu\/de\/ip67-computer\/","name":"IP67 Computer | IP66\/IP67 Edelstahl Computer","isPartOf":{"@id":"https:\/\/teguar.com\/eu\/en\/#website"},"datePublished":"2025-06-23T16:56:56+00:00","dateModified":"2025-10-16T12:44:31+00:00","description":"L\u00fcfterlose, wasserdichte PC-L\u00f6sungen f\u00fcr feuchte und anspruchsvolle Standorte. F\u00fcr alle Wetterbedingungen zugelassen und mit Edelstahl- oder robusten Aluminiumgeh\u00e4usen ausgestattet.","breadcrumb":{"@id":"https:\/\/teguar.com\/eu\/de\/ip67-computer\/#breadcrumb"},"inLanguage":"de","potentialAction":[{"@type":"ReadAction","target":["https:\/\/teguar.com\/eu\/de\/ip67-computer\/"]}]},{"@type":"BreadcrumbList","@id":"https:\/\/teguar.com\/eu\/de\/ip67-computer\/#breadcrumb","itemListElement":[{"@type":"ListItem","position":1,"name":"Home","item":"https:\/\/teguar.com\/eu\/de\/"},{"@type":"ListItem","position":2,"name":"IP67 Computer"}]},{"@type":"WebSite","@id":"https:\/\/teguar.com\/eu\/en\/#website","url":"https:\/\/teguar.com\/eu\/en\/","name":"Teguar","description":"Industrial PCs, Medical Computers, and Rugged Tablets","potentialAction":[{"@type":"SearchAction","target":{"@type":"EntryPoint","urlTemplate":"https:\/\/teguar.com\/eu\/en\/?s={search_term_string}"},"query-input":{"@type":"PropertyValueSpecification","valueRequired":true,"valueName":"search_term_string"}}],"inLanguage":"de"}]}},"_links":{"self":[{"href":"https:\/\/teguar.com\/eu\/de\/wp-json\/wp\/v2\/pages\/2243472","targetHints":{"allow":["GET"]}}],"collection":[{"href":"https:\/\/teguar.com\/eu\/de\/wp-json\/wp\/v2\/pages"}],"about":[{"href":"https:\/\/teguar.com\/eu\/de\/wp-json\/wp\/v2\/types\/page"}],"author":[{"embeddable":true,"href":"https:\/\/teguar.com\/eu\/de\/wp-json\/wp\/v2\/users\/3"}],"replies":[{"embeddable":true,"href":"https:\/\/teguar.com\/eu\/de\/wp-json\/wp\/v2\/comments?post=2243472"}],"version-history":[{"count":1,"href":"https:\/\/teguar.com\/eu\/de\/wp-json\/wp\/v2\/pages\/2243472\/revisions"}],"predecessor-version":[{"id":2243475,"href":"https:\/\/teguar.com\/eu\/de\/wp-json\/wp\/v2\/pages\/2243472\/revisions\/2243475"}],"wp:attachment":[{"href":"https:\/\/teguar.com\/eu\/de\/wp-json\/wp\/v2\/media?parent=2243472"}],"curies":[{"name":"wp","href":"https:\/\/api.w.org\/{rel}","templated":true}]}}