{"id":2243469,"date":"2025-06-23T15:51:18","date_gmt":"2025-06-23T15:51:18","guid":{"rendered":"https:\/\/teguar.com\/eu\/computer-und-tablets-fuer-reinraeume\/"},"modified":"2025-11-24T15:53:20","modified_gmt":"2025-11-24T15:53:20","slug":"computer-und-tablets-fuer-reinraeume","status":"publish","type":"page","link":"https:\/\/teguar.com\/eu\/de\/computer-und-tablets-fuer-reinraeume\/","title":{"rendered":"Computer und Tablets f\u00fcr Reinr\u00e4ume"},"content":{"rendered":"    <section class=\"content-with-side-media\">\n        <div class=\"container\">\n            <div class=\"text wysiwyg\">\n                            <\/div>\n\n            <div class=\"media\">\n                            <\/div>\n        <\/div>\n    <\/section>\n\n<p>Die Reinraum-Computer und Reinraum-Tablets von Teguar bieten Schutz vor Verunreinigungen. <a href=\"https:\/\/teguar.com\/eu\/de\/industrie-computer\/\">Unsere PCs<\/a> und <a href=\"https:\/\/teguar.com\/eu\/de\/panel-pcs\/\">Tablets<\/a> in Industriequalit\u00e4t haben ein Geh\u00e4use aus rostfreiem Stahl und sind f\u00fcr maximale Sauberkeit konzipiert, da sie ohne Rillen und Scharniere auskommen. Das wasserdichte Design erm\u00f6glicht eine einfache Reinigung dieser Ger\u00e4te. Selbst scharfe Industriereiniger und <a href=\"https:\/\/youtube.com\/shorts\/aVZvSxdHrew?si=sjnijTjOaw89M-yd\" target=\"_blank\" rel=\"noreferrer noopener\">kochendes Wasser<\/a> k\u00f6nnen diesen Computern nichts anhaben.  <br\/><br\/>Jede Einheit ist versiegelt, um sie vor Staub und Wasser zu sch\u00fctzen, und sie sind au\u00dferdem laugen- und s\u00e4urefest. Sie sind auf hohe Leistung ausgelegt, ohne Behinderung, Verz\u00f6gerung oder Datenverlust. Das einzigartige Innendesign und die Komponenten sorgen f\u00fcr Flexibilit\u00e4t. Jedes Ger\u00e4t wird im Werk getestet und erneut getestet, um eine konstante und zuverl\u00e4ssige Leistung zu gew\u00e4hrleisten. Die Reinraumcomputer von Teguar werden st\u00e4ndig aktualisiert, um \u00fcber den Industriestandards zu bleiben.    <\/p>\n<div class=\"wp-block-image\">\n<figure class=\"alignright\"><img decoding=\"async\" src=\"https:\/\/teguar.com\/eu\/wp-content\/uploads\/sites\/2\/2022\/05\/IP69K-Computer.gif\" alt=\"Ein Hochdruckreiniger bespr&#xFC;ht die Oberfl&#xE4;che eines Computers.\"\/><\/figure>\n<\/div>\n<h2 class=\"wp-block-heading\" id=\"h-features-of-clean-room-computers\"><strong>Merkmale von Reinraum-Computern:<\/strong><\/h2>\n\n<ul class=\"wp-block-list\">\n<li>Erh\u00e4ltlich in den Bildschirmgr\u00f6\u00dfen 10&#8243; &#8211; 22&#8243;.<\/li>\n\n\n\n<li>Intel\u00ae Core i CPU und Celeron Prozessor Optionen<\/li>\n\n\n\n<li>Vollst\u00e4ndig IP65, IP66 oder IP69K<\/li>\n\n\n\n<li>Edelstahl, wasserdichtes Geh\u00e4use<\/li>\n\n\n\n<li>Verf\u00fcgbar mit resistivem oder kapazitivem Touchscreen<\/li>\n\n\n\n<li>Optionaler PoE-LAN-Anschluss f\u00fcr die Stromversorgung des Systems<\/li>\n<\/ul>\n    <section id=\"clean-room-computers-and-tablets\" class=\"products-by-tag section-spacing\">\n        <div class=\"container\">\n            <div class=\"header\">\n                                    <h2 class=\"headline\">Shop Reinraum-Computer und -Tablets<\/h2>\n                            <\/div>\n\n            <div class=\"grid product-card-grid-4\">\n                \n<div class=\"product-card\" class=\"product type-product post-2244877 status-publish first instock product_cat-computer-fur-medizinische-zwecke product_tag-computer-im-gesundheitswesen product_tag-computer-und-tablets-fur-reinraume product_tag-elektronische-krankenakten-computer product_tag-online-kaufen product_tag-quick-ship-medizinische-computer has-post-thumbnail taxable shipping-taxable purchasable product-type-composite\">\n    <div class=\"media\">\n                        <a href=\"https:\/\/teguar.com\/eu\/de\/product\/tm-5957-22\/\">\n            <img decoding=\"async\" src=\"https:\/\/teguar.com\/eu\/wp-content\/uploads\/sites\/2\/2022\/08\/22_medical_panel_computer_TM-5557-22_front_w_logo__41484.1663779213.1280.1280.jpg\" width=\"150\" height=\"150\" alt=\"22&quot; medical computer front | TM-5957-22\" class=\"hero-image thumb lazy\" loading=\"lazy\" \/>        <\/a>\n    <\/div>\n    <div class=\"content\">\n        <h3>\n            <a href=\"https:\/\/teguar.com\/eu\/de\/product\/tm-5957-22\/\" class=\"name\">\n                TM-5957-22\n                            <\/a>\n        <\/h3>\n\n                    <div class=\"subtitle\">\n                22&quot; Medizinischer Computer            <\/div>\n\n        \n                    <div class=\"product-kh\">\n                <ul>\n<li>Intel 11th Gen Tiger Lake Core i5\/i7 CPU<\/li>\n<li>Betriebssystem Windows 11<\/li>\n<li>Neueste 4. Ausgabe 60601 Medizinische Zertifizierungen<\/li>\n<li>Ausgestattet mit einem Hailo-8 M.2 AI-Modul mit bis zu 26 TOPS (auf Anfrage erh\u00e4ltlich) <\/li>\n<li>Leichtes, ultrad\u00fcnnes Design mit antimikrobiellem Geh\u00e4use<\/li>\n<li>Hochgeschwindigkeits-NVMe-SSD-Speicher<\/li>\n<li><a href=\"https:\/\/teguar.com\/eu\/en\/oem-odm-computer-design-services\/\">Ben\u00f6tigen Sie eine individuelle Anpassung? Klicken Sie hier f\u00fcr OEM-Services. <\/a><\/li>\n<\/ul>\n            <\/div>\n        \n        <div class=\"c-footer\">\n            <a href=\"https:\/\/teguar.com\/eu\/de\/product\/tm-5957-22\/#get-a-quick-quote\" class=\"button button-blue button-get-a-quick-quote\" >Angebot anfordern<\/a>        <\/div>\n    <\/div>\n<\/div>\n\n\n<div class=\"product-card\" class=\"product type-product post-2244837 status-publish instock product_cat-rugged-windows-tablets product_cat-wasserdichte-tablets product_tag-computer-und-tablets-fur-reinraume product_tag-online-kaufen product_tag-schneller-versand-von-robusten-tablets product_tag-tablets-fur-den-ausendienst has-post-thumbnail taxable shipping-taxable purchasable product-type-composite\">\n    <div class=\"media\">\n                        <a href=\"https:\/\/teguar.com\/eu\/de\/product\/trt-5380-12\/\">\n            <img decoding=\"async\" src=\"https:\/\/teguar.com\/eu\/wp-content\/uploads\/sites\/2\/2022\/07\/heavy_duty_tablet_12__81539.1658347661.1280.1280.jpg\" width=\"150\" height=\"150\" alt=\"12&quot; Heavy Duty Tablet | TRT-5380-12\" class=\"hero-image thumb lazy\" loading=\"lazy\" \/>        <\/a>\n    <\/div>\n    <div class=\"content\">\n        <h3>\n            <a href=\"https:\/\/teguar.com\/eu\/de\/product\/trt-5380-12\/\" class=\"name\">\n                TRT-5380-12\n                            <\/a>\n        <\/h3>\n\n                    <div class=\"subtitle\">\n                12\u201c Hochleistungs-Tablet            <\/div>\n\n        \n                    <div class=\"product-kh\">\n                <ul>\n<li>12,2&#8243; LCD Gorilla Glass Touchscreen<\/li>\n<li>Intel Jasper Lake Quad-Core CPU<\/li>\n<li>Wi-Fi, Bluetooth, GPS und optional NFC<\/li>\n<li>USB Typ C, USB Typ A, RS232 COM-Anschluss<\/li>\n<li>Pogo Pin Erweiterung f\u00fcr Dockingstationen<\/li>\n<li>Direkt VESA 100 montierbar<\/li>\n<\/ul>\n            <\/div>\n        \n        <div class=\"c-footer\">\n            <a href=\"https:\/\/teguar.com\/eu\/de\/product\/trt-5380-12\/#get-a-quick-quote\" class=\"button button-blue button-get-a-quick-quote\" >Angebot anfordern<\/a>        <\/div>\n    <\/div>\n<\/div>\n\n\n<div class=\"product-card\" class=\"product type-product post-2247451 status-publish last instock product_cat-wasserdichte-computer product_tag-computer-und-tablets-fur-reinraume product_tag-trident-series has-post-thumbnail taxable shipping-taxable purchasable product-type-simple\">\n    <div class=\"media\">\n                        <a href=\"https:\/\/teguar.com\/eu\/de\/product\/ts-7010-22\/\">\n            <img decoding=\"async\" src=\"https:\/\/teguar.com\/eu\/wp-content\/uploads\/sites\/2\/2023\/11\/TS-7010-22_Trident__37018.1746621599.1280.1280.jpg\" width=\"150\" height=\"150\" alt=\"22&quot; Stainless Steel Computer Trident TS-7010-22 Front Angle\" class=\"hero-image thumb lazy\" loading=\"lazy\" \/>        <\/a>\n    <\/div>\n    <div class=\"content\">\n        <h3>\n            <a href=\"https:\/\/teguar.com\/eu\/de\/product\/ts-7010-22\/\" class=\"name\">\n                TS-7010-22\n                            <\/a>\n        <\/h3>\n\n                    <div class=\"subtitle\">\n                22&quot; Edelstahl Computer | Trident            <\/div>\n\n        \n                    <div class=\"product-kh\">\n                <ul>\n<li>22&#8243; LCD-Touchscreen-Display<\/li>\n<li>Intel 12. Generation i5-Prozessor 9300 Passmark-Ergebnis<\/li>\n<li>Windows 11<\/li>\n<li>i7 CPU Upgrade Option<\/li>\n<li>IP69K Wasserdichte M12 Steckverbinder<\/li>\n<\/ul>\n            <\/div>\n        \n        <div class=\"c-footer\">\n            <a href=\"https:\/\/teguar.com\/eu\/de\/product\/ts-7010-22\/#get-a-quick-quote\" class=\"button button-blue button-get-a-quick-quote\" >Angebot anfordern<\/a>        <\/div>\n    <\/div>\n<\/div>\n\n\n<div class=\"product-card\" class=\"product type-product post-2245374 status-publish first instock product_cat-wasserdichte-computer product_tag-computer-und-tablets-fur-reinraume product_tag-ts-4845-series has-post-thumbnail taxable shipping-taxable purchasable product-type-simple\">\n    <div class=\"media\">\n                        <a href=\"https:\/\/teguar.com\/eu\/de\/product\/ts-4845-17\/\">\n            <img decoding=\"async\" src=\"https:\/\/teguar.com\/eu\/wp-content\/uploads\/sites\/2\/2023\/12\/17_Waterproof_Touch_Screen_Computer_TS-4845-17_Front__46647.1701794046.1280.1280.jpg\" width=\"150\" height=\"113\" alt=\"17&quot; Waterproof Touch Screen Computer TS-4845-17 Front\" class=\"hero-image thumb lazy\" loading=\"lazy\" \/>        <\/a>\n    <\/div>\n    <div class=\"content\">\n        <h3>\n            <a href=\"https:\/\/teguar.com\/eu\/de\/product\/ts-4845-17\/\" class=\"name\">\n                TS-4845-17\n                            <\/a>\n        <\/h3>\n\n                    <div class=\"subtitle\">\n                17&quot; Wasserdichter Touchscreen Computer            <\/div>\n\n        \n                    <div class=\"product-kh\">\n                <ul>\n<li>17&#8243; Touchscreen in den Optionen Resistiv und PCap<\/li>\n<li>Celeron J6412 Prozessor Passmark Bewertung 3839<\/li>\n<li>Windows 11 Kompatibilit\u00e4t<\/li>\n<li>IP66 Geh\u00e4use aus Edelstahl<\/li>\n<li>Wasserdichte M12 E\/A-Steckverbinder<\/li>\n<\/ul>\n            <\/div>\n        \n        <div class=\"c-footer\">\n            <a href=\"https:\/\/teguar.com\/eu\/de\/product\/ts-4845-17\/#get-a-quick-quote\" class=\"button button-blue button-get-a-quick-quote\" >Angebot anfordern<\/a>        <\/div>\n    <\/div>\n<\/div>\n\n\n<div class=\"product-card\" class=\"product type-product post-2245651 status-publish instock product_cat-panel-pcs product_cat-wasserdichte-computer product_tag-computer-fuer-die-lebensmittelverarbeitung product_tag-computer-und-tablets-fur-reinraume product_tag-industriecomputer-im-schnellversand product_tag-online-kaufen product_tag-schnell-lieferbare-wasserdichte-computer product_tag-ts-4810-series has-post-thumbnail taxable shipping-taxable purchasable product-type-composite\">\n    <div class=\"media\">\n                        <a href=\"https:\/\/teguar.com\/eu\/de\/product\/ts-4810-15\/\">\n            <img decoding=\"async\" src=\"https:\/\/teguar.com\/eu\/wp-content\/uploads\/sites\/2\/2023\/03\/TS-4810-15_Front_Angle__51837.1679056537.1280.1280.jpg\" width=\"150\" height=\"107\" alt=\"Stainless Steel Panel PC | TS-4810-15 Front Angle\" class=\"hero-image thumb lazy\" loading=\"lazy\" \/>        <\/a>\n    <\/div>\n    <div class=\"content\">\n        <h3>\n            <a href=\"https:\/\/teguar.com\/eu\/de\/product\/ts-4810-15\/\" class=\"name\">\n                TS-4810-15\n                            <\/a>\n        <\/h3>\n\n                    <div class=\"subtitle\">\n                15&quot; Edelstahl-Panel PC            <\/div>\n\n        \n                    <div class=\"product-kh\">\n                <ul>\n<li>15&#8243; Wasserdichter Touchscreen<\/li>\n<li>Intel Celeron J6412 CPU mit Windows 11-F\u00e4higkeiten<\/li>\n<li>Schutzart IP66 \/ IP69K<\/li>\n<li>Wasserdichte Steckverbinder und Stromversorgung<\/li>\n<li>L\u00fcfterloser Betrieb<\/li>\n<\/ul>\n            <\/div>\n        \n        <div class=\"c-footer\">\n            <a href=\"https:\/\/teguar.com\/eu\/de\/product\/ts-4810-15\/#get-a-quick-quote\" class=\"button button-blue button-get-a-quick-quote\" >Angebot anfordern<\/a>        <\/div>\n    <\/div>\n<\/div>\n\n            <\/div>\n        <\/div>\n    <\/section>\n\n<p>Der Reinraum-PC oder das <a href=\"https:\/\/teguar.com\/eu\/de\/robuste-tablet-pcs\/\">robuste Tablet<\/a> bietet einen bestimmten Grad an Schutz vor Verunreinigungen, der den spezifischen Anforderungen der Industrie entspricht. Der Reinraum-Industriecomputer erf\u00fcllt alle Industriestandards und ist resistent gegen Umweltschadstoffe wie Staub, Mikroben in der Luft, chemische D\u00e4mpfe und Aerosolpartikel. Jedes Ger\u00e4t passt perfekt in die verschiedensten Umgebungen und gew\u00e4hrleistet Zuverl\u00e4ssigkeit und Verl\u00e4sslichkeit. Qualit\u00e4t und Exzellenz werden in jedem Aspekt geboten, einschlie\u00dflich der Leistung und der Software-Anpassungsf\u00e4higkeit. Das l\u00fcfterlose, schlanke Design erm\u00f6glicht eine einfache Integration in bereits bestehende IT-Systeme. Das vollst\u00e4ndig versiegelte Edelstahlgeh\u00e4use der Reinraumcomputer entspricht den Anforderungen von V2A (304) und verf\u00fcgt \u00fcber ein Touchscreen-Panel, das eine einfache Dateneingabe und einen bequemen Zugriff erm\u00f6glicht. Sie haben au\u00dferdem <a href=\"https:\/\/teguar.com\/eu\/de\/ip69k-hoechste-schutzklasse-fuer-wasserdichte-touchcomputer\/\">die Schutzklasse IP69K<\/a>. Teguar verf\u00fcgt \u00fcber umfangreiche Erfahrung in der Bereitstellung von Reinraumcomputern und Tablets.       <\/p>\n\n<h2 class=\"wp-block-heading\" id=\"h-how-can-clean-room-computers-be-mounted\">Wie k\u00f6nnen Reinraum-Computer montiert werden?<\/h2>\n\n<p>Die Reinraumcomputer und Tablets von Teguar k\u00f6nnen nach VESA-Standard montiert werden, oder unsere Edelstahlcomputer lassen sich nahtlos in einen b\u00fcndigen Wandausschnitt einbauen. Unsere PCs k\u00f6nnen auch an <g id=\"gid_0\">medizinischen Wagen<\/g> f\u00fcr den Einsatz in Ihren Reinraumbereichen montiert werden. Und schlie\u00dflich k\u00f6nnen Sie den Reinraum mit unseren <a href=\"https:\/\/teguar.com\/eu\/battery-powered-medical-computers-tme-5940-series\/\">batteriebetriebenen medizinischen Computern<\/a> \u00fcberallhin mitnehmen.  <\/p>\n\n<section class=\"hubspot-form section-spacing\">\n    <script charset=\"utf-8\" type=\"text\/javascript\" src=\"\/\/js.hsforms.net\/forms\/embed\/v2.js\"><\/script>\r\n<script>\r\n  hbspt.forms.create({\r\n    portalId: \"21497995\",\r\n    formId: \"11a43242-0316-4b23-9e13-2f6bc9b8edde\",\r\n    region: \"na1\"\r\n  });\r\n<\/script><\/section>\n\n","protected":false},"excerpt":{"rendered":"<p>Die Reinraum-Computer und Reinraum-Tablets von Teguar bieten Schutz vor Verunreinigungen. Unsere PCs und Tablets in Industriequalit\u00e4t haben ein Geh\u00e4use aus rostfreiem Stahl und sind f\u00fcr maximale Sauberkeit konzipiert, da sie ohne Rillen und Scharniere auskommen. Das wasserdichte Design erm\u00f6glicht eine einfache Reinigung dieser Ger\u00e4te. Selbst scharfe Industriereiniger und kochendes Wasser k\u00f6nnen diesen Computern nichts anhaben. [&hellip;]<\/p>\n","protected":false},"author":3,"featured_media":0,"parent":0,"menu_order":0,"comment_status":"closed","ping_status":"closed","template":"templates\/template-product-application.php","meta":{"_acf_changed":false,"footnotes":""},"class_list":["post-2243469","page","type-page","status-publish","hentry"],"acf":[],"yoast_head":"<!-- This site is optimized with the Yoast SEO Premium plugin v26.8 (Yoast SEO v27.2) - https:\/\/yoast.com\/product\/yoast-seo-premium-wordpress\/ -->\n<title>Computer und Tablets f\u00fcr Reinr\u00e4ume<\/title>\n<meta name=\"description\" content=\"Reinraum-Computer von Teguar sind absolut hygienisch und wasserdicht, so dass sie leicht zu reinigen sind und auch aggressiven Reinigungschemikalien standhalten.\" \/>\n<meta name=\"robots\" content=\"index, follow, max-snippet:-1, max-image-preview:large, max-video-preview:-1\" \/>\n<link rel=\"canonical\" href=\"https:\/\/teguar.com\/eu\/de\/computer-und-tablets-fuer-reinraeume\/\" \/>\n<meta property=\"og:locale\" content=\"de_DE\" \/>\n<meta property=\"og:type\" content=\"article\" \/>\n<meta property=\"og:title\" content=\"Computer und Tablets f\u00fcr Reinr\u00e4ume\" \/>\n<meta property=\"og:description\" content=\"Reinraum-Computer von Teguar sind absolut hygienisch und wasserdicht, so dass sie leicht zu reinigen sind und auch aggressiven Reinigungschemikalien standhalten.\" \/>\n<meta property=\"og:url\" content=\"https:\/\/teguar.com\/eu\/de\/computer-und-tablets-fuer-reinraeume\/\" \/>\n<meta property=\"og:site_name\" content=\"Teguar\" \/>\n<meta property=\"article:modified_time\" content=\"2025-11-24T15:53:20+00:00\" \/>\n<meta property=\"og:image\" content=\"https:\/\/teguar.com\/eu\/wp-content\/uploads\/sites\/2\/2022\/05\/IP69K-Computer.gif\" \/>\n<meta name=\"twitter:card\" content=\"summary_large_image\" \/>\n<meta name=\"twitter:label1\" content=\"Gesch\u00e4tzte Lesezeit\" \/>\n\t<meta name=\"twitter:data1\" content=\"2\u00a0Minuten\" \/>\n<script type=\"application\/ld+json\" class=\"yoast-schema-graph\">{\"@context\":\"https:\/\/schema.org\",\"@graph\":[{\"@type\":\"WebPage\",\"@id\":\"https:\/\/teguar.com\/eu\/de\/computer-und-tablets-fuer-reinraeume\/\",\"url\":\"https:\/\/teguar.com\/eu\/de\/computer-und-tablets-fuer-reinraeume\/\",\"name\":\"Computer und Tablets f\u00fcr Reinr\u00e4ume\",\"isPartOf\":{\"@id\":\"https:\/\/teguar.com\/eu\/en\/#website\"},\"primaryImageOfPage\":{\"@id\":\"https:\/\/teguar.com\/eu\/de\/computer-und-tablets-fuer-reinraeume\/#primaryimage\"},\"image\":{\"@id\":\"https:\/\/teguar.com\/eu\/de\/computer-und-tablets-fuer-reinraeume\/#primaryimage\"},\"thumbnailUrl\":\"https:\/\/teguar.com\/eu\/wp-content\/uploads\/sites\/2\/2022\/05\/IP69K-Computer.gif\",\"datePublished\":\"2025-06-23T15:51:18+00:00\",\"dateModified\":\"2025-11-24T15:53:20+00:00\",\"description\":\"Reinraum-Computer von Teguar sind absolut hygienisch und wasserdicht, so dass sie leicht zu reinigen sind und auch aggressiven Reinigungschemikalien standhalten.\",\"breadcrumb\":{\"@id\":\"https:\/\/teguar.com\/eu\/de\/computer-und-tablets-fuer-reinraeume\/#breadcrumb\"},\"inLanguage\":\"de\",\"potentialAction\":[{\"@type\":\"ReadAction\",\"target\":[\"https:\/\/teguar.com\/eu\/de\/computer-und-tablets-fuer-reinraeume\/\"]}]},{\"@type\":\"ImageObject\",\"inLanguage\":\"de\",\"@id\":\"https:\/\/teguar.com\/eu\/de\/computer-und-tablets-fuer-reinraeume\/#primaryimage\",\"url\":\"https:\/\/teguar.com\/eu\/wp-content\/uploads\/sites\/2\/2022\/05\/IP69K-Computer.gif\",\"contentUrl\":\"https:\/\/teguar.com\/eu\/wp-content\/uploads\/sites\/2\/2022\/05\/IP69K-Computer.gif\"},{\"@type\":\"BreadcrumbList\",\"@id\":\"https:\/\/teguar.com\/eu\/de\/computer-und-tablets-fuer-reinraeume\/#breadcrumb\",\"itemListElement\":[{\"@type\":\"ListItem\",\"position\":1,\"name\":\"Home\",\"item\":\"https:\/\/teguar.com\/eu\/de\/\"},{\"@type\":\"ListItem\",\"position\":2,\"name\":\"Computer und Tablets f\u00fcr Reinr\u00e4ume\"}]},{\"@type\":\"WebSite\",\"@id\":\"https:\/\/teguar.com\/eu\/en\/#website\",\"url\":\"https:\/\/teguar.com\/eu\/en\/\",\"name\":\"Teguar\",\"description\":\"Industrial PCs, Medical Computers, and Rugged Tablets\",\"potentialAction\":[{\"@type\":\"SearchAction\",\"target\":{\"@type\":\"EntryPoint\",\"urlTemplate\":\"https:\/\/teguar.com\/eu\/en\/?s={search_term_string}\"},\"query-input\":{\"@type\":\"PropertyValueSpecification\",\"valueRequired\":true,\"valueName\":\"search_term_string\"}}],\"inLanguage\":\"de\"}]}<\/script>\n<!-- \/ Yoast SEO Premium plugin. -->","yoast_head_json":{"title":"Computer und Tablets f\u00fcr Reinr\u00e4ume","description":"Reinraum-Computer von Teguar sind absolut hygienisch und wasserdicht, so dass sie leicht zu reinigen sind und auch aggressiven Reinigungschemikalien standhalten.","robots":{"index":"index","follow":"follow","max-snippet":"max-snippet:-1","max-image-preview":"max-image-preview:large","max-video-preview":"max-video-preview:-1"},"canonical":"https:\/\/teguar.com\/eu\/de\/computer-und-tablets-fuer-reinraeume\/","og_locale":"de_DE","og_type":"article","og_title":"Computer und Tablets f\u00fcr Reinr\u00e4ume","og_description":"Reinraum-Computer von Teguar sind absolut hygienisch und wasserdicht, so dass sie leicht zu reinigen sind und auch aggressiven Reinigungschemikalien standhalten.","og_url":"https:\/\/teguar.com\/eu\/de\/computer-und-tablets-fuer-reinraeume\/","og_site_name":"Teguar","article_modified_time":"2025-11-24T15:53:20+00:00","og_image":[{"url":"https:\/\/teguar.com\/eu\/wp-content\/uploads\/sites\/2\/2022\/05\/IP69K-Computer.gif","type":"","width":"","height":""}],"twitter_card":"summary_large_image","twitter_misc":{"Gesch\u00e4tzte Lesezeit":"2\u00a0Minuten"},"schema":{"@context":"https:\/\/schema.org","@graph":[{"@type":"WebPage","@id":"https:\/\/teguar.com\/eu\/de\/computer-und-tablets-fuer-reinraeume\/","url":"https:\/\/teguar.com\/eu\/de\/computer-und-tablets-fuer-reinraeume\/","name":"Computer und Tablets f\u00fcr Reinr\u00e4ume","isPartOf":{"@id":"https:\/\/teguar.com\/eu\/en\/#website"},"primaryImageOfPage":{"@id":"https:\/\/teguar.com\/eu\/de\/computer-und-tablets-fuer-reinraeume\/#primaryimage"},"image":{"@id":"https:\/\/teguar.com\/eu\/de\/computer-und-tablets-fuer-reinraeume\/#primaryimage"},"thumbnailUrl":"https:\/\/teguar.com\/eu\/wp-content\/uploads\/sites\/2\/2022\/05\/IP69K-Computer.gif","datePublished":"2025-06-23T15:51:18+00:00","dateModified":"2025-11-24T15:53:20+00:00","description":"Reinraum-Computer von Teguar sind absolut hygienisch und wasserdicht, so dass sie leicht zu reinigen sind und auch aggressiven Reinigungschemikalien standhalten.","breadcrumb":{"@id":"https:\/\/teguar.com\/eu\/de\/computer-und-tablets-fuer-reinraeume\/#breadcrumb"},"inLanguage":"de","potentialAction":[{"@type":"ReadAction","target":["https:\/\/teguar.com\/eu\/de\/computer-und-tablets-fuer-reinraeume\/"]}]},{"@type":"ImageObject","inLanguage":"de","@id":"https:\/\/teguar.com\/eu\/de\/computer-und-tablets-fuer-reinraeume\/#primaryimage","url":"https:\/\/teguar.com\/eu\/wp-content\/uploads\/sites\/2\/2022\/05\/IP69K-Computer.gif","contentUrl":"https:\/\/teguar.com\/eu\/wp-content\/uploads\/sites\/2\/2022\/05\/IP69K-Computer.gif"},{"@type":"BreadcrumbList","@id":"https:\/\/teguar.com\/eu\/de\/computer-und-tablets-fuer-reinraeume\/#breadcrumb","itemListElement":[{"@type":"ListItem","position":1,"name":"Home","item":"https:\/\/teguar.com\/eu\/de\/"},{"@type":"ListItem","position":2,"name":"Computer und Tablets f\u00fcr Reinr\u00e4ume"}]},{"@type":"WebSite","@id":"https:\/\/teguar.com\/eu\/en\/#website","url":"https:\/\/teguar.com\/eu\/en\/","name":"Teguar","description":"Industrial PCs, Medical Computers, and Rugged Tablets","potentialAction":[{"@type":"SearchAction","target":{"@type":"EntryPoint","urlTemplate":"https:\/\/teguar.com\/eu\/en\/?s={search_term_string}"},"query-input":{"@type":"PropertyValueSpecification","valueRequired":true,"valueName":"search_term_string"}}],"inLanguage":"de"}]}},"_links":{"self":[{"href":"https:\/\/teguar.com\/eu\/de\/wp-json\/wp\/v2\/pages\/2243469","targetHints":{"allow":["GET"]}}],"collection":[{"href":"https:\/\/teguar.com\/eu\/de\/wp-json\/wp\/v2\/pages"}],"about":[{"href":"https:\/\/teguar.com\/eu\/de\/wp-json\/wp\/v2\/types\/page"}],"author":[{"embeddable":true,"href":"https:\/\/teguar.com\/eu\/de\/wp-json\/wp\/v2\/users\/3"}],"replies":[{"embeddable":true,"href":"https:\/\/teguar.com\/eu\/de\/wp-json\/wp\/v2\/comments?post=2243469"}],"version-history":[{"count":2,"href":"https:\/\/teguar.com\/eu\/de\/wp-json\/wp\/v2\/pages\/2243469\/revisions"}],"predecessor-version":[{"id":2247783,"href":"https:\/\/teguar.com\/eu\/de\/wp-json\/wp\/v2\/pages\/2243469\/revisions\/2247783"}],"wp:attachment":[{"href":"https:\/\/teguar.com\/eu\/de\/wp-json\/wp\/v2\/media?parent=2243469"}],"curies":[{"name":"wp","href":"https:\/\/api.w.org\/{rel}","templated":true}]}}