{"id":2243468,"date":"2025-06-23T16:52:29","date_gmt":"2025-06-23T16:52:29","guid":{"rendered":"https:\/\/teguar.com\/eu\/computer-im-gesundheitswesen\/"},"modified":"2025-11-24T15:45:35","modified_gmt":"2025-11-24T15:45:35","slug":"computer-im-gesundheitswesen","status":"publish","type":"page","link":"https:\/\/teguar.com\/eu\/de\/computer-im-gesundheitswesen\/","title":{"rendered":"Computer im Gesundheitswesen"},"content":{"rendered":"\n<p>Ein Computer f\u00fcr das Gesundheitswesen unterscheidet sich von einem Consumer- oder Industrie-PC, da er \u00fcber spezielle Funktionen verf\u00fcgt, die f\u00fcr Umgebungen im Gesundheitswesen entwickelt wurden. Im Idealfall haben medizinische Computer auch einen \u00e4sthetischen Wert, der sich angenehm in eine lichtdurchflutete, heilende Umgebung einf\u00fcgt. Merkmale wie <a href=\"https:\/\/pmc.ncbi.nlm.nih.gov\/articles\/PMC5407537\/\" target=\"_blank\" rel=\"noreferrer noopener\">antibakterielle Beschichtungen<\/a>, Hardwaresicherheit, elektronische Zertifizierungen, l\u00fcfterlose K\u00fchlung, verschiedene Montagearten f\u00fcr eine einfache Platzierung und Geh\u00e4usedesigns f\u00fcr eine einfache Reinigung bieten medizinischen Einrichtungen eine ma\u00dfgeschneiderte Computerhardware-L\u00f6sung.<\/p>\n\n\n\n<figure class=\"wp-block-embed is-type-video is-provider-youtube wp-block-embed-youtube wp-embed-aspect-16-9 wp-has-aspect-ratio\"><div class=\"wp-block-embed__wrapper\">\n<iframe loading=\"lazy\" title=\"Medical Grade Vs Consumer Grade Computer | Teguar Tech Talk\" width=\"640\" height=\"360\" src=\"https:\/\/www.youtube.com\/embed\/L3i7PrjN2ws?feature=oembed&#038;enablejsapi=1&#038;origin=https:\/\/teguar.com\" frameborder=\"0\" allow=\"accelerometer; autoplay; clipboard-write; encrypted-media; gyroscope; picture-in-picture; web-share\" referrerpolicy=\"strict-origin-when-cross-origin\" allowfullscreen><\/iframe>\n<\/div><\/figure>\n\n\n\n<h2 class=\"wp-block-heading\" id=\"h-eigenschaften-von-teguar-healthcare-computers\">Eigenschaften von Teguar Healthcare Computers<\/h2>\n\n\n\n<ul class=\"wp-block-list\">\n<li>Erh\u00e4ltlich als Embedded-PCs und Touchscreen-All-in-Ones in Gr\u00f6\u00dfen von 10&#8243; bis 24&#8243;.<\/li>\n\n\n\n<li>Intel Core i3\/i5\/i7 Prozessoren oder Intel Atom\/Celeron CPUs<\/li>\n\n\n\n<li>IEC60601 medizinisch zertifiziert<\/li>\n\n\n\n<li>TPM v2.0 Module und vPro\u2122 Technologie werden f\u00fcr die Sicherheit des Informationszugriffs unterst\u00fctzt<\/li>\n\n\n\n<li>Antimikrobielles Geh\u00e4use zur Unterdr\u00fcckung von Bakterienwachstum<\/li>\n\n\n\n<li>IP65-zertifizierte Frontblenden bei medizinischen All-in-One-Ger\u00e4ten und vollst\u00e4ndig IP65-zertifizierte Tablets f\u00fcr eine sichere, wiederholte Desinfektion<\/li>\n\n\n\n<li>Langlebige, im laufenden Betrieb austauschbare Batterien f\u00fcr einfache Mobilit\u00e4t<\/li>\n<\/ul>\n\n\n    <section id=\"healthcare-computers\" class=\"products-by-tag section-spacing\">\n        <div class=\"container\">\n            <div class=\"header\">\n                                    <h2 class=\"headline\">Shop Gesundheitswesen Medizinische Computerprodukte<\/h2>\n                            <\/div>\n\n            <div class=\"grid product-card-grid-4\">\n                \n<div class=\"product-card\" class=\"product type-product post-2244774 status-publish first instock product_cat-computer-fur-medizinische-zwecke product_tag-computer-im-gesundheitswesen product_tag-epic-konforme-medizinische-computer product_tag-online-kaufen product_tag-quick-ship-medizinische-computer has-post-thumbnail taxable shipping-taxable purchasable product-type-composite\">\n    <div class=\"media\">\n                        <a href=\"https:\/\/teguar.com\/eu\/de\/product\/tm-5900-24\/\">\n            <img decoding=\"async\" src=\"https:\/\/teguar.com\/eu\/wp-content\/uploads\/sites\/2\/2021\/09\/Medical_All_in_One_PC_TM-5900-24_Front_Angled__32953.1736460724.1280.1280.jpg\" width=\"150\" height=\"150\" alt=\"Medical all in one PC TM-5900-24 front angle\" class=\"hero-image thumb lazy\" loading=\"lazy\" \/>        <\/a>\n    <\/div>\n    <div class=\"content\">\n        <h3>\n            <a href=\"https:\/\/teguar.com\/eu\/de\/product\/tm-5900-24\/\" class=\"name\">\n                TM-5900-24\n                            <\/a>\n        <\/h3>\n\n                    <div class=\"subtitle\">\n                24&quot; Medizinischer All-in-One PC            <\/div>\n\n        \n                    <div class=\"product-kh\">\n                <ul>\n<li>Intel Tiger Lake-Prozessor der 11. Generation<\/li>\n<li>Full HD Display mit PCAP-Touchscreen<\/li>\n<li>L\u00fcfterloses, schlankes und leichtes Design<\/li>\n<li>Optionales Backup-Akkupack<\/li>\n<li>Telemedizinisch nutzbar mit Mikrofonen, Lautsprechern und Kamera<\/li>\n<li>Garantierter Life Cycle Support bis 2030<\/li>\n<\/ul>\n            <\/div>\n        \n        <div class=\"c-footer\">\n            <a href=\"https:\/\/teguar.com\/eu\/de\/product\/tm-5900-24\/#get-a-quick-quote\" class=\"button button-blue button-get-a-quick-quote\" >Angebot anfordern<\/a>        <\/div>\n    <\/div>\n<\/div>\n\n\n<div class=\"product-card\" class=\"product type-product post-2244877 status-publish instock product_cat-computer-fur-medizinische-zwecke product_tag-computer-im-gesundheitswesen product_tag-computer-und-tablets-fur-reinraume product_tag-elektronische-krankenakten-computer product_tag-online-kaufen product_tag-quick-ship-medizinische-computer has-post-thumbnail taxable shipping-taxable purchasable product-type-composite\">\n    <div class=\"media\">\n                        <a href=\"https:\/\/teguar.com\/eu\/de\/product\/tm-5957-22\/\">\n            <img decoding=\"async\" src=\"https:\/\/teguar.com\/eu\/wp-content\/uploads\/sites\/2\/2022\/08\/22_medical_panel_computer_TM-5557-22_front_w_logo__41484.1663779213.1280.1280.jpg\" width=\"150\" height=\"150\" alt=\"22&quot; medical computer front | TM-5957-22\" class=\"hero-image thumb lazy\" loading=\"lazy\" \/>        <\/a>\n    <\/div>\n    <div class=\"content\">\n        <h3>\n            <a href=\"https:\/\/teguar.com\/eu\/de\/product\/tm-5957-22\/\" class=\"name\">\n                TM-5957-22\n                            <\/a>\n        <\/h3>\n\n                    <div class=\"subtitle\">\n                22&quot; Medizinischer Computer            <\/div>\n\n        \n                    <div class=\"product-kh\">\n                <ul>\n<li>Intel 11th Gen Tiger Lake Core i5\/i7 CPU<\/li>\n<li>Betriebssystem Windows 11<\/li>\n<li>Neueste 4. Ausgabe 60601 Medizinische Zertifizierungen<\/li>\n<li>Ausgestattet mit einem Hailo-8 M.2 AI-Modul mit bis zu 26 TOPS (auf Anfrage erh\u00e4ltlich) <\/li>\n<li>Leichtes, ultrad\u00fcnnes Design mit antimikrobiellem Geh\u00e4use<\/li>\n<li>Hochgeschwindigkeits-NVMe-SSD-Speicher<\/li>\n<li><a href=\"https:\/\/teguar.com\/eu\/en\/oem-odm-computer-design-services\/\">Ben\u00f6tigen Sie eine individuelle Anpassung? Klicken Sie hier f\u00fcr OEM-Services. <\/a><\/li>\n<\/ul>\n            <\/div>\n        \n        <div class=\"c-footer\">\n            <a href=\"https:\/\/teguar.com\/eu\/de\/product\/tm-5957-22\/#get-a-quick-quote\" class=\"button button-blue button-get-a-quick-quote\" >Angebot anfordern<\/a>        <\/div>\n    <\/div>\n<\/div>\n\n\n<div class=\"product-card\" class=\"product type-product post-2247432 status-publish last instock product_cat-computer-fur-medizinische-zwecke product_tag-computer-im-gesundheitswesen product_tag-epic-konforme-medizinische-computer product_tag-horizon-series product_tag-online-kaufen product_tag-quick-ship-medizinische-computer has-post-thumbnail taxable shipping-taxable purchasable product-type-simple\">\n    <div class=\"media\">\n                        <a href=\"https:\/\/teguar.com\/eu\/de\/product\/tm-7240-22\/\">\n            <img decoding=\"async\" src=\"https:\/\/teguar.com\/eu\/wp-content\/uploads\/sites\/2\/2025\/04\/TM-7240-22_Front_Horizon__97433.1745355035.1280.1280.jpg\" width=\"150\" height=\"150\" alt=\"TM-7240-22 21.5&quot; Medical Touch Screen Computer Front\" class=\"hero-image thumb lazy\" loading=\"lazy\" \/>        <\/a>\n    <\/div>\n    <div class=\"content\">\n        <h3>\n            <a href=\"https:\/\/teguar.com\/eu\/de\/product\/tm-7240-22\/\" class=\"name\">\n                TM-7240-22\n                            <\/a>\n        <\/h3>\n\n                    <div class=\"subtitle\">\n                22&quot; Medizinischer Touchscreen-Computer | Horizon            <\/div>\n\n        \n                    <div class=\"product-kh\">\n                <ul>\n<li>Meteor Lake der 14. Generation mit integrierter NPU<\/li>\n<li>Fenster 11<\/li>\n<li>Ultra-schnelles DDR5<\/li>\n<li>Verf\u00fcgbare Konfigurationen f\u00fcr Dual-LAN und PoE<\/li>\n<li>Robustes Aluminiumgeh\u00e4use ohne L\u00fcfter<\/li>\n<li>Erweiterungen: 5MP-Kamera und 2D-Scanner<\/li>\n<li><a href=\"https:\/\/teguar.com\/eu\/en\/horizon-wi-fi-solution\/\">Langlebiges flaches Wi-Fi Antennen-Kit<\/a><\/li>\n<\/ul>\n            <\/div>\n        \n        <div class=\"c-footer\">\n            <a href=\"https:\/\/teguar.com\/eu\/de\/product\/tm-7240-22\/#get-a-quick-quote\" class=\"button button-blue button-get-a-quick-quote\" >Angebot anfordern<\/a>        <\/div>\n    <\/div>\n<\/div>\n\n\n<div class=\"product-card\" class=\"product type-product post-2245565 status-publish first instock product_cat-medizinische-wagencomputer product_tag-computer-im-gesundheitswesen product_tag-telemedizin-computer has-post-thumbnail taxable shipping-taxable purchasable product-type-simple\">\n    <div class=\"media\">\n                        <a href=\"https:\/\/teguar.com\/eu\/de\/product\/tme-5940-22\/\">\n            <img decoding=\"async\" src=\"https:\/\/teguar.com\/eu\/wp-content\/uploads\/sites\/2\/2024\/01\/22_Battery_Powered_Medical_Computer_TME-5940-22_Front__74915.1707152045.1280.1280.jpg\" width=\"150\" height=\"113\" alt=\"22&quot; Battery Powered Medical Computer TME-5940-22 Front\" class=\"hero-image thumb lazy\" loading=\"lazy\" \/>        <\/a>\n    <\/div>\n    <div class=\"content\">\n        <h3>\n            <a href=\"https:\/\/teguar.com\/eu\/de\/product\/tme-5940-22\/\" class=\"name\">\n                TME-5940-22\n                            <\/a>\n        <\/h3>\n\n                    <div class=\"subtitle\">\n                22&quot; Batteriebetriebener medizinischer Computer            <\/div>\n\n        \n                    <div class=\"product-kh\">\n                <ul>\n<li>21,5&#8243; Flush Front HD Display mit PCAP Touch<\/li>\n<li>Intel Tiger Lake CPU der 11. Generation<\/li>\n<li>Kompatibel mit Windows 11<\/li>\n<li>3-Bay Hot Swappable Batterien<\/li>\n<li>Ausgangsleistung f\u00fcr PTZ-Kameras<\/li>\n<li>Zug\u00e4ngliche SSD-Schachtt\u00fcr<\/li>\n<li><a href=\"https:\/\/teguar.com\/eu\/en\/oem-odm-computer-design-services\/\">Ben\u00f6tigen Sie eine individuelle Anpassung? Klicken Sie hier f\u00fcr OEM-Services. <\/a><\/li>\n<\/ul>\n            <\/div>\n        \n        <div class=\"c-footer\">\n            <a href=\"https:\/\/teguar.com\/eu\/de\/product\/tme-5940-22\/#get-a-quick-quote\" class=\"button button-blue button-get-a-quick-quote\" >Angebot anfordern<\/a>        <\/div>\n    <\/div>\n<\/div>\n\n            <\/div>\n        <\/div>\n    <\/section>\n\n\n\n\n\n<p>Jeder Computer f\u00fcr das Gesundheitswesen verf\u00fcgt \u00fcber Konnektivit\u00e4tsoptionen, die f\u00fcr typische Anwendungen in einer medizinischen Umgebung entwickelt wurden. Barcode-Scanner und RFID-Systeme k\u00f6nnen an unsere Touchscreen-All-in-Ones angeschlossen oder in diese integriert werden, um Patienten zu identifizieren, Medikamente zu verwalten, Laborproben zu kennzeichnen und chirurgische Instrumente zu verfolgen. Wenn dedizierte Schwesternrufleitungen mit Webcams und Lautsprechern integriert werden, k\u00f6nnen Patienten \u00fcber einen Touchscreen einfach per Video mit einer Krankenschwester Kontakt aufnehmen. Auf diese Weise kann das Pflegepersonal weiterhin anwesend sein, ohne am Bett stehen zu m\u00fcssen, was Zeit und Energie spart. Manchmal sind isolierte 4kV-Anschl\u00fcsse erforderlich, um ein hohes Ma\u00df an elektrischem Schutz f\u00fcr Patienten und Bediener zu gew\u00e4hrleisten, wenn nichtmedizinische Ger\u00e4te an elektronische medizinische Ger\u00e4te angeschlossen sind. Wenn dies eine Anforderung ist, hat Teguar die L\u00f6sung f\u00fcr Sie.<\/p>\n\n\n\n<p>Das digitale Zeitalter hat die Entwicklung der Medizintechnik stark beeinflusst. So wie das IoT<a href=\"https:\/\/teguar.com\/eu\/de\/edge-computing-vs-iot-was-ist-der-unterschied\/\">(Internet der Dinge<\/a>) weiter an Bedeutung gewinnt, werden auch immer mehr Bereiche des Gesundheitswesens digitalisiert. Das bedeutet, dass die Anforderungen an die Leistungsf\u00e4higkeit der Technologie am Ort der Behandlung und f\u00fcr die Verwaltung von Behandlungspl\u00e4nen st\u00e4ndig zunimmt. Computer im Gesundheitswesen erf\u00fcllen die technologischen Anforderungen, die sowohl an die IT-Hardware als auch an die physische Umgebung gestellt werden.<\/p>\n\n\n\n<h3 class=\"wp-block-heading\" id=\"h-welche-befestigungsmoglichkeiten-gibt-es-fur-teguar-computer-im-gesundheitswesen\">Welche Befestigungsm\u00f6glichkeiten gibt es f\u00fcr Teguar Computer im Gesundheitswesen?<\/h3>\n\n\n\n<p>Die medizinischen Computer von Teguar sind vielseitig einsetzbar. Dank der VESA-Befestigungsl\u00f6cher auf der R\u00fcckseite der medizinischen All-in-One-Computer von Teguar k\u00f6nnen Sie sie auf einem medizinischen Wagen, einem ergonomischen Arm oder an der Wand befestigen. <\/p>\n\n\n\n<h3 class=\"wp-block-heading\" id=\"h-suchen-sie-einen-computer-fur-das-gesundheitswesen\">Suchen Sie einen Computer f\u00fcr das Gesundheitswesen?<\/h3>\n\n\n\n<p>Ganz gleich, ob Sie Hardware f\u00fcr Ihre medizinische Einrichtung kaufen oder einen medizinisch zertifizierten Computer f\u00fcr Ihr <a href=\"https:\/\/teguar.com\/eu\/de\/oem-odm-kundenspezifische-design-dienstleistungen-fuer-industriecomputer\/\">OEM-Projekt<\/a> suchen, Teguar unterst\u00fctzt Sie mit eleganten Designs, die f\u00fcr den Einsatz in jeder medizinischen Umgebung geeignet sind. Beginnen Sie das Gespr\u00e4ch unten. <\/p>\n\n\n\n<section class=\"hubspot-form section-spacing\">\n    <script charset=\"utf-8\" type=\"text\/javascript\" src=\"\/\/js.hsforms.net\/forms\/embed\/v2.js\"><\/script>\r\n<script>\r\n  hbspt.forms.create({\r\n    portalId: \"21497995\",\r\n    formId: \"11a43242-0316-4b23-9e13-2f6bc9b8edde\",\r\n    region: \"na1\"\r\n  });\r\n<\/script><\/section>\n\n","protected":false},"excerpt":{"rendered":"<p>Ein Computer f\u00fcr das Gesundheitswesen unterscheidet sich von einem Consumer- oder Industrie-PC, da er \u00fcber spezielle Funktionen verf\u00fcgt, die f\u00fcr Umgebungen im Gesundheitswesen entwickelt wurden. Im Idealfall haben medizinische Computer auch einen \u00e4sthetischen Wert, der sich angenehm in eine lichtdurchflutete, heilende Umgebung einf\u00fcgt. Merkmale wie antibakterielle Beschichtungen, Hardwaresicherheit, elektronische Zertifizierungen, l\u00fcfterlose K\u00fchlung, verschiedene Montagearten f\u00fcr [&hellip;]<\/p>\n","protected":false},"author":3,"featured_media":0,"parent":0,"menu_order":0,"comment_status":"closed","ping_status":"closed","template":"templates\/template-product-application.php","meta":{"_acf_changed":false,"footnotes":""},"class_list":["post-2243468","page","type-page","status-publish","hentry"],"acf":[],"yoast_head":"<!-- This site is optimized with the Yoast SEO Premium plugin v26.8 (Yoast SEO v27.2) - https:\/\/yoast.com\/product\/yoast-seo-premium-wordpress\/ -->\n<title>Computer f\u00fcr das Gesundheitswesen | Medizinisch zertifizierte PCs und All-in-Ones<\/title>\n<meta name=\"description\" content=\"Nahezu alle Bereiche des Gesundheitswesens werden auf die eine oder andere Weise digitalisiert. Erfahren Sie hier mehr \u00fcber die hochmodernen Computer von Teguar f\u00fcr das Gesundheitswesen.\" \/>\n<meta name=\"robots\" content=\"index, follow, max-snippet:-1, max-image-preview:large, max-video-preview:-1\" \/>\n<link rel=\"canonical\" href=\"https:\/\/teguar.com\/eu\/de\/computer-im-gesundheitswesen\/\" \/>\n<meta property=\"og:locale\" content=\"de_DE\" \/>\n<meta property=\"og:type\" content=\"article\" \/>\n<meta property=\"og:title\" content=\"Computer im Gesundheitswesen\" \/>\n<meta property=\"og:description\" content=\"Nahezu alle Bereiche des Gesundheitswesens werden auf die eine oder andere Weise digitalisiert. Erfahren Sie hier mehr \u00fcber die hochmodernen Computer von Teguar f\u00fcr das Gesundheitswesen.\" \/>\n<meta property=\"og:url\" content=\"https:\/\/teguar.com\/eu\/de\/computer-im-gesundheitswesen\/\" \/>\n<meta property=\"og:site_name\" content=\"Teguar\" \/>\n<meta property=\"article:modified_time\" content=\"2025-11-24T15:45:35+00:00\" \/>\n<meta name=\"twitter:card\" content=\"summary_large_image\" \/>\n<meta name=\"twitter:label1\" content=\"Gesch\u00e4tzte Lesezeit\" \/>\n\t<meta name=\"twitter:data1\" content=\"3\u00a0Minuten\" \/>\n<script type=\"application\/ld+json\" class=\"yoast-schema-graph\">{\"@context\":\"https:\/\/schema.org\",\"@graph\":[{\"@type\":\"WebPage\",\"@id\":\"https:\/\/teguar.com\/eu\/de\/computer-im-gesundheitswesen\/\",\"url\":\"https:\/\/teguar.com\/eu\/de\/computer-im-gesundheitswesen\/\",\"name\":\"Computer f\u00fcr das Gesundheitswesen | Medizinisch zertifizierte PCs und All-in-Ones\",\"isPartOf\":{\"@id\":\"https:\/\/teguar.com\/eu\/en\/#website\"},\"datePublished\":\"2025-06-23T16:52:29+00:00\",\"dateModified\":\"2025-11-24T15:45:35+00:00\",\"description\":\"Nahezu alle Bereiche des Gesundheitswesens werden auf die eine oder andere Weise digitalisiert. Erfahren Sie hier mehr \u00fcber die hochmodernen Computer von Teguar f\u00fcr das Gesundheitswesen.\",\"breadcrumb\":{\"@id\":\"https:\/\/teguar.com\/eu\/de\/computer-im-gesundheitswesen\/#breadcrumb\"},\"inLanguage\":\"de\",\"potentialAction\":[{\"@type\":\"ReadAction\",\"target\":[\"https:\/\/teguar.com\/eu\/de\/computer-im-gesundheitswesen\/\"]}]},{\"@type\":\"BreadcrumbList\",\"@id\":\"https:\/\/teguar.com\/eu\/de\/computer-im-gesundheitswesen\/#breadcrumb\",\"itemListElement\":[{\"@type\":\"ListItem\",\"position\":1,\"name\":\"Home\",\"item\":\"https:\/\/teguar.com\/eu\/de\/\"},{\"@type\":\"ListItem\",\"position\":2,\"name\":\"Computer im Gesundheitswesen\"}]},{\"@type\":\"WebSite\",\"@id\":\"https:\/\/teguar.com\/eu\/en\/#website\",\"url\":\"https:\/\/teguar.com\/eu\/en\/\",\"name\":\"Teguar\",\"description\":\"Industrial PCs, Medical Computers, and Rugged Tablets\",\"potentialAction\":[{\"@type\":\"SearchAction\",\"target\":{\"@type\":\"EntryPoint\",\"urlTemplate\":\"https:\/\/teguar.com\/eu\/en\/?s={search_term_string}\"},\"query-input\":{\"@type\":\"PropertyValueSpecification\",\"valueRequired\":true,\"valueName\":\"search_term_string\"}}],\"inLanguage\":\"de\"}]}<\/script>\n<!-- \/ Yoast SEO Premium plugin. -->","yoast_head_json":{"title":"Computer f\u00fcr das Gesundheitswesen | Medizinisch zertifizierte PCs und All-in-Ones","description":"Nahezu alle Bereiche des Gesundheitswesens werden auf die eine oder andere Weise digitalisiert. Erfahren Sie hier mehr \u00fcber die hochmodernen Computer von Teguar f\u00fcr das Gesundheitswesen.","robots":{"index":"index","follow":"follow","max-snippet":"max-snippet:-1","max-image-preview":"max-image-preview:large","max-video-preview":"max-video-preview:-1"},"canonical":"https:\/\/teguar.com\/eu\/de\/computer-im-gesundheitswesen\/","og_locale":"de_DE","og_type":"article","og_title":"Computer im Gesundheitswesen","og_description":"Nahezu alle Bereiche des Gesundheitswesens werden auf die eine oder andere Weise digitalisiert. Erfahren Sie hier mehr \u00fcber die hochmodernen Computer von Teguar f\u00fcr das Gesundheitswesen.","og_url":"https:\/\/teguar.com\/eu\/de\/computer-im-gesundheitswesen\/","og_site_name":"Teguar","article_modified_time":"2025-11-24T15:45:35+00:00","twitter_card":"summary_large_image","twitter_misc":{"Gesch\u00e4tzte Lesezeit":"3\u00a0Minuten"},"schema":{"@context":"https:\/\/schema.org","@graph":[{"@type":"WebPage","@id":"https:\/\/teguar.com\/eu\/de\/computer-im-gesundheitswesen\/","url":"https:\/\/teguar.com\/eu\/de\/computer-im-gesundheitswesen\/","name":"Computer f\u00fcr das Gesundheitswesen | Medizinisch zertifizierte PCs und All-in-Ones","isPartOf":{"@id":"https:\/\/teguar.com\/eu\/en\/#website"},"datePublished":"2025-06-23T16:52:29+00:00","dateModified":"2025-11-24T15:45:35+00:00","description":"Nahezu alle Bereiche des Gesundheitswesens werden auf die eine oder andere Weise digitalisiert. Erfahren Sie hier mehr \u00fcber die hochmodernen Computer von Teguar f\u00fcr das Gesundheitswesen.","breadcrumb":{"@id":"https:\/\/teguar.com\/eu\/de\/computer-im-gesundheitswesen\/#breadcrumb"},"inLanguage":"de","potentialAction":[{"@type":"ReadAction","target":["https:\/\/teguar.com\/eu\/de\/computer-im-gesundheitswesen\/"]}]},{"@type":"BreadcrumbList","@id":"https:\/\/teguar.com\/eu\/de\/computer-im-gesundheitswesen\/#breadcrumb","itemListElement":[{"@type":"ListItem","position":1,"name":"Home","item":"https:\/\/teguar.com\/eu\/de\/"},{"@type":"ListItem","position":2,"name":"Computer im Gesundheitswesen"}]},{"@type":"WebSite","@id":"https:\/\/teguar.com\/eu\/en\/#website","url":"https:\/\/teguar.com\/eu\/en\/","name":"Teguar","description":"Industrial PCs, Medical Computers, and Rugged Tablets","potentialAction":[{"@type":"SearchAction","target":{"@type":"EntryPoint","urlTemplate":"https:\/\/teguar.com\/eu\/en\/?s={search_term_string}"},"query-input":{"@type":"PropertyValueSpecification","valueRequired":true,"valueName":"search_term_string"}}],"inLanguage":"de"}]}},"_links":{"self":[{"href":"https:\/\/teguar.com\/eu\/de\/wp-json\/wp\/v2\/pages\/2243468","targetHints":{"allow":["GET"]}}],"collection":[{"href":"https:\/\/teguar.com\/eu\/de\/wp-json\/wp\/v2\/pages"}],"about":[{"href":"https:\/\/teguar.com\/eu\/de\/wp-json\/wp\/v2\/types\/page"}],"author":[{"embeddable":true,"href":"https:\/\/teguar.com\/eu\/de\/wp-json\/wp\/v2\/users\/3"}],"replies":[{"embeddable":true,"href":"https:\/\/teguar.com\/eu\/de\/wp-json\/wp\/v2\/comments?post=2243468"}],"version-history":[{"count":10,"href":"https:\/\/teguar.com\/eu\/de\/wp-json\/wp\/v2\/pages\/2243468\/revisions"}],"predecessor-version":[{"id":2247779,"href":"https:\/\/teguar.com\/eu\/de\/wp-json\/wp\/v2\/pages\/2243468\/revisions\/2247779"}],"wp:attachment":[{"href":"https:\/\/teguar.com\/eu\/de\/wp-json\/wp\/v2\/media?parent=2243468"}],"curies":[{"name":"wp","href":"https:\/\/api.w.org\/{rel}","templated":true}]}}