{"id":2243465,"date":"2025-06-23T15:29:42","date_gmt":"2025-06-23T15:29:42","guid":{"rendered":"https:\/\/teguar.com\/eu\/computer-fuer-explosionsgefaehrdete-bereiche\/"},"modified":"2025-11-24T15:28:09","modified_gmt":"2025-11-24T15:28:09","slug":"computer-fuer-explosionsgefaehrdete-bereiche","status":"publish","type":"page","link":"https:\/\/teguar.com\/eu\/de\/computer-fuer-explosionsgefaehrdete-bereiche\/","title":{"rendered":"Computer f\u00fcr explosionsgef\u00e4hrdete Bereiche"},"content":{"rendered":"\n<p><strong>Die Computer der Klasse 1 Division 2 (C1D2) von Teguar sind f\u00fcr den sicheren und zuverl\u00e4ssigen Betrieb in rauen und gef\u00e4hrlichen Umgebungen<\/strong> wie Bergbau, Fracking, chemische Produktion oder \u00d6lbohrungen <strong>konzipiert<\/strong>. Diese Computer sind explosionssicher, d.h. sie erzeugen keine Funken, die unter bestimmten Bedingungen eine Explosion verursachen k\u00f6nnten. Sie k\u00f6nnen daher sicher in gef\u00e4hrlichen Umgebungen eingesetzt werden, in denen brennbarer Staub und entflammbare Gase oder D\u00e4mpfe vorhanden sind. Die Ger\u00e4te bestehen aus langlebigen Komponenten in Industriequalit\u00e4t und k\u00f6nnen in einem weiten Temperaturbereich betrieben werden &#8211; von unter dem Gefrierpunkt bis hin zum hei\u00dfesten Tag, der jemals in Las Vegas aufgezeichnet wurde. Wenn Sie Industriecomputer f\u00fcr gef\u00e4hrliche Bereiche ben\u00f6tigen, k\u00f6nnen Sie sich auf die Computer von Teguar f\u00fcr gef\u00e4hrliche Bereiche verlassen.    <\/p>\n    <section id=\"hazardous-location-computers\" class=\"products-by-tag section-spacing\">\n        <div class=\"container\">\n            <div class=\"header\">\n                                    <h2 class=\"headline\">Shop Computer f\u00fcr explosionsgef\u00e4hrdete Bereiche<\/h2>\n                            <\/div>\n\n            <div class=\"grid product-card-grid-4\">\n                \n<div class=\"product-card\" class=\"product type-product post-2247426 status-publish first instock product_cat-wasserdichte-computer product_tag-computer-fur-explosionsgefahrdete-bereiche product_tag-trident-series has-post-thumbnail taxable shipping-taxable purchasable product-type-simple\">\n    <div class=\"media\">\n                        <a href=\"https:\/\/teguar.com\/eu\/de\/product\/ts-7010-15\/\">\n            <img decoding=\"async\" src=\"https:\/\/teguar.com\/eu\/wp-content\/uploads\/sites\/2\/2023\/11\/TS-7010-15_Trident__85712.1746621649.1280.1280.jpg\" width=\"150\" height=\"150\" alt=\"15&quot; Stainless Steel Computer Trident TS-7010-15 Front Angle\" class=\"hero-image thumb lazy\" loading=\"lazy\" \/>        <\/a>\n    <\/div>\n    <div class=\"content\">\n        <h3>\n            <a href=\"https:\/\/teguar.com\/eu\/de\/product\/ts-7010-15\/\" class=\"name\">\n                TS-7010-15\n                            <\/a>\n        <\/h3>\n\n                    <div class=\"subtitle\">\n                15&quot; Edelstahl Computer | Trident            <\/div>\n\n        \n                    <div class=\"product-kh\">\n                <ul>\n<li>15&#8243; LCD-Touchscreen-Display<\/li>\n<li>Intel 12. Generation i5-Prozessor 9300 Passmark-Ergebnis<\/li>\n<li>Windows 11<\/li>\n<li>i7 CPU Upgrade Option<\/li>\n<li>IP69K Wasserdichte M12 Steckverbinder<\/li>\n<\/ul>\n            <\/div>\n        \n        <div class=\"c-footer\">\n            <a href=\"https:\/\/teguar.com\/eu\/de\/product\/ts-7010-15\/#get-a-quick-quote\" class=\"button button-blue button-get-a-quick-quote\" >Angebot anfordern<\/a>        <\/div>\n    <\/div>\n<\/div>\n\n\n<div class=\"product-card\" class=\"product type-product post-2247450 status-publish instock product_cat-embedded-pcs product_cat-lufterlose-pcs product_cat-rugged-computer product_cat-wasserdichte-box-pcs product_cat-wasserdichte-computer product_tag-computer-fur-explosionsgefahrdete-bereiche product_tag-pharmazeutische-computer product_tag-trident-series has-post-thumbnail taxable shipping-taxable purchasable product-type-simple\">\n    <div class=\"media\">\n                        <a href=\"https:\/\/teguar.com\/eu\/de\/product\/twb-7010\/\">\n            <img decoding=\"async\" src=\"https:\/\/teguar.com\/eu\/wp-content\/uploads\/sites\/2\/2025\/05\/TWB-7010_M12_IO__21604.1746201526.1280.1280.jpg\" width=\"150\" height=\"150\" alt=\"TWB-7010 M12 Connectors\" class=\"hero-image thumb lazy\" loading=\"lazy\" \/>        <\/a>\n    <\/div>\n    <div class=\"content\">\n        <h3>\n            <a href=\"https:\/\/teguar.com\/eu\/de\/product\/twb-7010\/\" class=\"name\">\n                TWB-7010\n                            <\/a>\n        <\/h3>\n\n                    <div class=\"subtitle\">\n                IP69K Edelstahl Computer | Trident            <\/div>\n\n        \n                    <div class=\"product-kh\">\n                <ul>\n<li>12. Generation Alder Lake Core i5 CPU<\/li>\n<li>Windows 11 bereit<\/li>\n<li>Doppelte Speicherkapazit\u00e4t mit 2,5&#8243; und M.2<\/li>\n<li>Montagesatz in das Ger\u00e4t integriert, keine Befestigung erforderlich<\/li>\n<li>Vollst\u00e4ndig wasserdichtes IP69K-Edelstahlgeh\u00e4use<\/li>\n<li>Optionen Kabelverschraubung oder M12-Stecker<\/li>\n<\/ul>\n            <\/div>\n        \n        <div class=\"c-footer\">\n            <a href=\"https:\/\/teguar.com\/eu\/de\/product\/twb-7010\/#get-a-quick-quote\" class=\"button button-blue button-get-a-quick-quote\" >Angebot anfordern<\/a>        <\/div>\n    <\/div>\n<\/div>\n\n            <\/div>\n        <\/div>\n    <\/section>\n\n<p><a href=\"https:\/\/teguar.com\/eu\/de\/industrie-computer\/\">Industriecomputer<\/a> werden aufgrund der mit solchen Standorten verbundenen Risiken sorgf\u00e4ltig f\u00fcr gef\u00e4hrliche Umgebungen entwickelt. Im Gegensatz zu PCs f\u00fcr Endverbraucher, die durch extreme Temperaturen, Feuchtigkeit, Staub, Vibrationen und St\u00f6\u00dfe besch\u00e4digt werden k\u00f6nnen, sind Industriecomputer mit robusten Komponenten und Geh\u00e4usen ausgestattet, die diesen rauen Bedingungen standhalten. Noch wichtiger ist, dass sie in gef\u00e4hrlichen Umgebungen Funktionen wie Eigensicherheit (Begrenzung der Energie, um eine Entz\u00fcndung zu verhindern), Explosionsschutz (Eind\u00e4mmung interner Explosionen) und Sp\u00fcl-\/Drucksysteme (Aufrechterhaltung des \u00dcberdrucks, um gef\u00e4hrliche Substanzen aus dem Geh\u00e4use fernzuhalten) enthalten. Diese Konstruktionsentscheidungen dienen nicht nur der Haltbarkeit, sondern sind grundlegende Sicherheitsma\u00dfnahmen, die sicherstellen, dass die elektrischen Komponenten des Computers keine Funken, \u00fcberm\u00e4\u00dfige Hitze oder andere Z\u00fcndquellen erzeugen, die ein katastrophales Ereignis ausl\u00f6sen k\u00f6nnten, und somit sowohl das Personal als auch wertvolle Verm\u00f6genswerte sch\u00fctzen.   <\/p>\n\n<section class=\"hubspot-form section-spacing\">\n    <script charset=\"utf-8\" type=\"text\/javascript\" src=\"\/\/js.hsforms.net\/forms\/embed\/v2.js\"><\/script>\r\n<script>\r\n  hbspt.forms.create({\r\n    portalId: \"21497995\",\r\n    formId: \"11a43242-0316-4b23-9e13-2f6bc9b8edde\",\r\n    region: \"na1\"\r\n  });\r\n<\/script><\/section>\n\n","protected":false},"excerpt":{"rendered":"<p>Die Computer der Klasse 1 Division 2 (C1D2) von Teguar sind f\u00fcr den sicheren und zuverl\u00e4ssigen Betrieb in rauen und gef\u00e4hrlichen Umgebungen wie Bergbau, Fracking, chemische Produktion oder \u00d6lbohrungen konzipiert. Diese Computer sind explosionssicher, d.h. sie erzeugen keine Funken, die unter bestimmten Bedingungen eine Explosion verursachen k\u00f6nnten. Sie k\u00f6nnen daher sicher in gef\u00e4hrlichen Umgebungen eingesetzt [&hellip;]<\/p>\n","protected":false},"author":3,"featured_media":0,"parent":0,"menu_order":0,"comment_status":"closed","ping_status":"closed","template":"templates\/template-product-application.php","meta":{"_acf_changed":false,"footnotes":""},"class_list":["post-2243465","page","type-page","status-publish","hentry"],"acf":[],"yoast_head":"<!-- This site is optimized with the Yoast SEO Premium plugin v26.8 (Yoast SEO v27.2) - https:\/\/yoast.com\/product\/yoast-seo-premium-wordpress\/ -->\n<title>Computer f\u00fcr explosionsgef\u00e4hrdete Bereiche | C1D2 &amp; Wasserdicht<\/title>\n<meta name=\"description\" content=\"Computer, die f\u00fcr den sicheren und zuverl\u00e4ssigen Betrieb in rauen und gef\u00e4hrlichen Umgebungen wie Bergbau, Fracking, chemische Produktion oder \u00d6lbohrungen entwickelt wurden.\" \/>\n<meta name=\"robots\" content=\"index, follow, max-snippet:-1, max-image-preview:large, max-video-preview:-1\" \/>\n<link rel=\"canonical\" href=\"https:\/\/teguar.com\/eu\/de\/computer-fuer-explosionsgefaehrdete-bereiche\/\" \/>\n<meta property=\"og:locale\" content=\"de_DE\" \/>\n<meta property=\"og:type\" content=\"article\" \/>\n<meta property=\"og:title\" content=\"Computer f\u00fcr explosionsgef\u00e4hrdete Bereiche\" \/>\n<meta property=\"og:description\" content=\"Computer, die f\u00fcr den sicheren und zuverl\u00e4ssigen Betrieb in rauen und gef\u00e4hrlichen Umgebungen wie Bergbau, Fracking, chemische Produktion oder \u00d6lbohrungen entwickelt wurden.\" \/>\n<meta property=\"og:url\" content=\"https:\/\/teguar.com\/eu\/de\/computer-fuer-explosionsgefaehrdete-bereiche\/\" \/>\n<meta property=\"og:site_name\" content=\"Teguar\" \/>\n<meta property=\"article:modified_time\" content=\"2025-11-24T15:28:09+00:00\" \/>\n<meta name=\"twitter:card\" content=\"summary_large_image\" \/>\n<meta name=\"twitter:label1\" content=\"Gesch\u00e4tzte Lesezeit\" \/>\n\t<meta name=\"twitter:data1\" content=\"2\u00a0Minuten\" \/>\n<script type=\"application\/ld+json\" class=\"yoast-schema-graph\">{\"@context\":\"https:\/\/schema.org\",\"@graph\":[{\"@type\":\"WebPage\",\"@id\":\"https:\/\/teguar.com\/eu\/de\/computer-fuer-explosionsgefaehrdete-bereiche\/\",\"url\":\"https:\/\/teguar.com\/eu\/de\/computer-fuer-explosionsgefaehrdete-bereiche\/\",\"name\":\"Computer f\u00fcr explosionsgef\u00e4hrdete Bereiche | C1D2 & Wasserdicht\",\"isPartOf\":{\"@id\":\"https:\/\/teguar.com\/eu\/en\/#website\"},\"datePublished\":\"2025-06-23T15:29:42+00:00\",\"dateModified\":\"2025-11-24T15:28:09+00:00\",\"description\":\"Computer, die f\u00fcr den sicheren und zuverl\u00e4ssigen Betrieb in rauen und gef\u00e4hrlichen Umgebungen wie Bergbau, Fracking, chemische Produktion oder \u00d6lbohrungen entwickelt wurden.\",\"breadcrumb\":{\"@id\":\"https:\/\/teguar.com\/eu\/de\/computer-fuer-explosionsgefaehrdete-bereiche\/#breadcrumb\"},\"inLanguage\":\"de\",\"potentialAction\":[{\"@type\":\"ReadAction\",\"target\":[\"https:\/\/teguar.com\/eu\/de\/computer-fuer-explosionsgefaehrdete-bereiche\/\"]}]},{\"@type\":\"BreadcrumbList\",\"@id\":\"https:\/\/teguar.com\/eu\/de\/computer-fuer-explosionsgefaehrdete-bereiche\/#breadcrumb\",\"itemListElement\":[{\"@type\":\"ListItem\",\"position\":1,\"name\":\"Home\",\"item\":\"https:\/\/teguar.com\/eu\/de\/\"},{\"@type\":\"ListItem\",\"position\":2,\"name\":\"Computer f\u00fcr explosionsgef\u00e4hrdete Bereiche\"}]},{\"@type\":\"WebSite\",\"@id\":\"https:\/\/teguar.com\/eu\/en\/#website\",\"url\":\"https:\/\/teguar.com\/eu\/en\/\",\"name\":\"Teguar\",\"description\":\"Industrial PCs, Medical Computers, and Rugged Tablets\",\"potentialAction\":[{\"@type\":\"SearchAction\",\"target\":{\"@type\":\"EntryPoint\",\"urlTemplate\":\"https:\/\/teguar.com\/eu\/en\/?s={search_term_string}\"},\"query-input\":{\"@type\":\"PropertyValueSpecification\",\"valueRequired\":true,\"valueName\":\"search_term_string\"}}],\"inLanguage\":\"de\"}]}<\/script>\n<!-- \/ Yoast SEO Premium plugin. -->","yoast_head_json":{"title":"Computer f\u00fcr explosionsgef\u00e4hrdete Bereiche | C1D2 & Wasserdicht","description":"Computer, die f\u00fcr den sicheren und zuverl\u00e4ssigen Betrieb in rauen und gef\u00e4hrlichen Umgebungen wie Bergbau, Fracking, chemische Produktion oder \u00d6lbohrungen entwickelt wurden.","robots":{"index":"index","follow":"follow","max-snippet":"max-snippet:-1","max-image-preview":"max-image-preview:large","max-video-preview":"max-video-preview:-1"},"canonical":"https:\/\/teguar.com\/eu\/de\/computer-fuer-explosionsgefaehrdete-bereiche\/","og_locale":"de_DE","og_type":"article","og_title":"Computer f\u00fcr explosionsgef\u00e4hrdete Bereiche","og_description":"Computer, die f\u00fcr den sicheren und zuverl\u00e4ssigen Betrieb in rauen und gef\u00e4hrlichen Umgebungen wie Bergbau, Fracking, chemische Produktion oder \u00d6lbohrungen entwickelt wurden.","og_url":"https:\/\/teguar.com\/eu\/de\/computer-fuer-explosionsgefaehrdete-bereiche\/","og_site_name":"Teguar","article_modified_time":"2025-11-24T15:28:09+00:00","twitter_card":"summary_large_image","twitter_misc":{"Gesch\u00e4tzte Lesezeit":"2\u00a0Minuten"},"schema":{"@context":"https:\/\/schema.org","@graph":[{"@type":"WebPage","@id":"https:\/\/teguar.com\/eu\/de\/computer-fuer-explosionsgefaehrdete-bereiche\/","url":"https:\/\/teguar.com\/eu\/de\/computer-fuer-explosionsgefaehrdete-bereiche\/","name":"Computer f\u00fcr explosionsgef\u00e4hrdete Bereiche | C1D2 & Wasserdicht","isPartOf":{"@id":"https:\/\/teguar.com\/eu\/en\/#website"},"datePublished":"2025-06-23T15:29:42+00:00","dateModified":"2025-11-24T15:28:09+00:00","description":"Computer, die f\u00fcr den sicheren und zuverl\u00e4ssigen Betrieb in rauen und gef\u00e4hrlichen Umgebungen wie Bergbau, Fracking, chemische Produktion oder \u00d6lbohrungen entwickelt wurden.","breadcrumb":{"@id":"https:\/\/teguar.com\/eu\/de\/computer-fuer-explosionsgefaehrdete-bereiche\/#breadcrumb"},"inLanguage":"de","potentialAction":[{"@type":"ReadAction","target":["https:\/\/teguar.com\/eu\/de\/computer-fuer-explosionsgefaehrdete-bereiche\/"]}]},{"@type":"BreadcrumbList","@id":"https:\/\/teguar.com\/eu\/de\/computer-fuer-explosionsgefaehrdete-bereiche\/#breadcrumb","itemListElement":[{"@type":"ListItem","position":1,"name":"Home","item":"https:\/\/teguar.com\/eu\/de\/"},{"@type":"ListItem","position":2,"name":"Computer f\u00fcr explosionsgef\u00e4hrdete Bereiche"}]},{"@type":"WebSite","@id":"https:\/\/teguar.com\/eu\/en\/#website","url":"https:\/\/teguar.com\/eu\/en\/","name":"Teguar","description":"Industrial PCs, Medical Computers, and Rugged Tablets","potentialAction":[{"@type":"SearchAction","target":{"@type":"EntryPoint","urlTemplate":"https:\/\/teguar.com\/eu\/en\/?s={search_term_string}"},"query-input":{"@type":"PropertyValueSpecification","valueRequired":true,"valueName":"search_term_string"}}],"inLanguage":"de"}]}},"_links":{"self":[{"href":"https:\/\/teguar.com\/eu\/de\/wp-json\/wp\/v2\/pages\/2243465","targetHints":{"allow":["GET"]}}],"collection":[{"href":"https:\/\/teguar.com\/eu\/de\/wp-json\/wp\/v2\/pages"}],"about":[{"href":"https:\/\/teguar.com\/eu\/de\/wp-json\/wp\/v2\/types\/page"}],"author":[{"embeddable":true,"href":"https:\/\/teguar.com\/eu\/de\/wp-json\/wp\/v2\/users\/3"}],"replies":[{"embeddable":true,"href":"https:\/\/teguar.com\/eu\/de\/wp-json\/wp\/v2\/comments?post=2243465"}],"version-history":[{"count":2,"href":"https:\/\/teguar.com\/eu\/de\/wp-json\/wp\/v2\/pages\/2243465\/revisions"}],"predecessor-version":[{"id":2247772,"href":"https:\/\/teguar.com\/eu\/de\/wp-json\/wp\/v2\/pages\/2243465\/revisions\/2247772"}],"wp:attachment":[{"href":"https:\/\/teguar.com\/eu\/de\/wp-json\/wp\/v2\/media?parent=2243465"}],"curies":[{"name":"wp","href":"https:\/\/api.w.org\/{rel}","templated":true}]}}