{"id":2243464,"date":"2025-06-23T16:46:08","date_gmt":"2025-06-23T16:46:08","guid":{"rendered":"https:\/\/teguar.com\/eu\/scada-hmi-panel-pcs\/"},"modified":"2025-11-24T18:13:31","modified_gmt":"2025-11-24T18:13:31","slug":"scada-hmi-panel-pcs","status":"publish","type":"page","link":"https:\/\/teguar.com\/eu\/de\/scada-hmi-panel-pcs\/","title":{"rendered":"SCADA-HMI-Panel-PCs"},"content":{"rendered":"\n<h2 class=\"wp-block-heading\" id=\"h-scada-system\">SCADA-System<\/h2>\n\n<p>SCADA (Supervisory Control And Data Acquisition) ist ein System, das mit kodierten Signalen \u00fcber Kommunikationskan\u00e4le arbeitet, um die Steuerung entfernter Ger\u00e4te zu erm\u00f6glichen, wobei normalerweise ein Kommunikationskanal pro entfernter Station verwendet wird. Das Kontrollsystem kann mit einem Datenerfassungssystem kombiniert werden, indem die Verwendung von kodierten Signalen \u00fcber Kommunikationskan\u00e4le hinzugef\u00fcgt wird, um Informationen \u00fcber den Status der entfernten Ger\u00e4te zur Anzeige oder f\u00fcr Aufzeichnungsfunktionen zu erfassen. Industrielle Kontrollsysteme (ICS) sind computergest\u00fctzte Systeme, die industrielle Prozesse, die in der physischen Welt existieren, \u00fcberwachen und steuern. <a href=\"https:\/\/teguar.com\/eu\/de\/die-zukunft-der-industriellen-steuerung-scada-systeme-ebnen-den-weg-zu-intelligenten-fabriken\/\">SCADA-Systeme<\/a> unterscheiden sich historisch von anderen ICS, da es sich um gro\u00df angelegte Prozesse handelt, die mehrere Standorte umfassen und gro\u00dfe Entfernungen \u00fcberbr\u00fccken k\u00f6nnen. Diese Prozesse umfassen industrielle, infrastrukturelle und anlagenbasierte Prozesse. Die SCADA-Panel-PCs von Teguar bieten die perfekten L\u00f6sungen f\u00fcr solche Plattformen.    <\/p>\n\n<p>Lesen Sie unten weiter, um mehr \u00fcber HMI-Panels zu erfahren und dar\u00fcber, wie sie ein SCADA-System unterst\u00fctzen k\u00f6nnen.<\/p>\n\n<h2 class=\"wp-block-heading\" id=\"h-features-of-scada-hmi-panel-pcs\"><strong>Merkmale von SCADA HMI Panel PCs:<\/strong><\/h2>\n\n<ul class=\"wp-block-list\">\n<li>Gro\u00dfe Auswahl an Touchscreen-Gr\u00f6\u00dfen verf\u00fcgbar: <a href=\"\/eu\/?product_cat=hmi-bedienfelder&#038;filter_screen-size=7&#038;query_type_screen-size=or\">7&#8243;,<\/a> 8&#8243;, <a href=\"\/eu\/?product_cat=hmi-bedienfelder&#038;filter_screen-size=10-1%2C10-4&#038;query_type_screen-size=or\">10&#8243;,<\/a> 12&#8243;, 15&#8243;, 17&#8243;, 18,5&#8243;, 19&#8243;, und 22&#8243;<\/li>\n\n\n\n<li>Intel Core i3\/i5\/i7 oder Intel Atom\/Celeron CPU Optionen<\/li>\n\n\n\n<li>Vielf\u00e4ltige Montageoptionen wie VESA, b\u00fcndige Panelmontage und Tischst\u00e4nder<\/li>\n\n\n\n<li>Wi-Fi-, Bluetooth- und 3G\/4G-Funktionen<\/li>\n\n\n\n<li>\u00c4sthetisch ansprechende, abschlie\u00dfbare l\u00fcfterlose Designs<\/li>\n\n\n\n<li>Entwickelt f\u00fcr den 24\/7-Betrieb<\/li>\n\n\n\n<li>Lange Lebenszyklen und hohe Zuverl\u00e4ssigkeit<\/li>\n<\/ul>\n    <section id=\"scada-hmi-panel-pcs\" class=\"products-by-tag section-spacing\">\n        <div class=\"container\">\n            <div class=\"header\">\n                                    <h2 class=\"headline\">Gesch\u00e4ft SCADA HMI Panel PCs<\/h2>\n                            <\/div>\n\n            <div class=\"grid product-card-grid-4\">\n                \n<div class=\"product-card\" class=\"product type-product post-2247399 status-publish first instock product_cat-hmi-panel product_cat-panel-pcs product_tag-computer-fur-militar-und-luft-und-raumfahrt product_tag-online-kaufen product_tag-pinnacle-series product_tag-scada-hmi-panel-pcs-2 product_tag-systemintegratoren-fur-die-automatisierung has-post-thumbnail taxable shipping-taxable purchasable product-type-composite\">\n    <div class=\"media\">\n                        <a href=\"https:\/\/teguar.com\/eu\/de\/product\/pinnacle-tp-4800-12\/\">\n            <img decoding=\"async\" src=\"https:\/\/teguar.com\/eu\/wp-content\/uploads\/sites\/2\/2025\/01\/Pinnacle_Panel_PC_TP-4800-12_Front_Red__21644.1742304466.1280.1280.jpg\" width=\"150\" height=\"150\" alt=\"12 inch Pinnacle Panel PC TP-4800-12 Front\" class=\"hero-image thumb lazy\" loading=\"lazy\" \/>        <\/a>\n    <\/div>\n    <div class=\"content\">\n        <h3>\n            <a href=\"https:\/\/teguar.com\/eu\/de\/product\/pinnacle-tp-4800-12\/\" class=\"name\">\n                Pinnacle TP-4800-12\n                            <\/a>\n        <\/h3>\n\n                    <div class=\"subtitle\">\n                12,1&quot; Panel PC            <\/div>\n\n        \n                    <div class=\"product-kh\">\n                <ul>\n<li>Neuester l\u00fcfterloser Intel\u00ae Elkhart Lake-Prozessor<\/li>\n<li>12,1&#8243; Display mit hoher Helligkeit und Direct Bonded Touch<\/li>\n<li>PoE, USB-C, Digital IO, HDMI-Anschl\u00fcsse<\/li>\n<li>Atemberaubend schlanker Formfaktor<\/li>\n<li>Solides Aluminium-Gussgeh\u00e4use<\/li>\n<li>Windows 11 Pro und IOT<\/li>\n<\/ul>\n            <\/div>\n        \n        <div class=\"c-footer\">\n            <a href=\"https:\/\/teguar.com\/eu\/de\/product\/pinnacle-tp-4800-12\/#get-a-quick-quote\" class=\"button button-blue button-get-a-quick-quote\" >Angebot anfordern<\/a>        <\/div>\n    <\/div>\n<\/div>\n\n\n<div class=\"product-card\" class=\"product type-product post-2247417 status-publish outofstock product_cat-hmi-panel product_cat-panel-pcs product_tag-scada-hmi-panel-pcs-2 has-post-thumbnail taxable shipping-taxable purchasable product-type-simple\">\n    <div class=\"media\">\n                        <a href=\"https:\/\/teguar.com\/eu\/de\/product\/tp-7010-15\/\">\n            <img decoding=\"async\" src=\"https:\/\/teguar.com\/eu\/wp-content\/uploads\/sites\/2\/2024\/03\/15_Panel_Computer_TP-7010-15_Front__69813.1711111863.1280.1280.jpg\" width=\"150\" height=\"113\" alt=\"15&quot; Panel Computer TP-7010-15 Front\" class=\"hero-image thumb lazy\" loading=\"lazy\" \/>        <\/a>\n    <\/div>\n    <div class=\"content\">\n        <h3>\n            <a href=\"https:\/\/teguar.com\/eu\/de\/product\/tp-7010-15\/\" class=\"name\">\n                TP-7010-15\n                            <\/a>\n        <\/h3>\n\n                    <div class=\"subtitle\">\n                15&quot; Panel Computer            <\/div>\n\n        \n                    <div class=\"product-kh\">\n                <ul>\n<li>15&#8243; Resistiver oder PCAP Touchscreen als Option<\/li>\n<li>12. Generation Intel Core i5 10-Kern CPU<\/li>\n<li>Frontblende mit Schutzart IP66<\/li>\n<li>L\u00fcfterlose K\u00fchlung<\/li>\n<li>Zwei Speicheroptionen &#8211; 2,5&#8243; SATA und M.2 NVME 2280 <\/li>\n<\/ul>\n            <\/div>\n        \n        <div class=\"c-footer\">\n            <a href=\"https:\/\/teguar.com\/eu\/de\/product\/tp-7010-15\/#get-a-quick-quote\" class=\"button button-blue button-get-a-quick-quote\" >Angebot anfordern<\/a>        <\/div>\n    <\/div>\n<\/div>\n\n\n<div class=\"product-card\" class=\"product type-product post-2247411 status-publish last instock product_cat-hmi-panel product_cat-panel-pcs product_tag-scada-hmi-panel-pcs-2 has-post-thumbnail taxable shipping-taxable purchasable product-type-simple\">\n    <div class=\"media\">\n                        <a href=\"https:\/\/teguar.com\/eu\/de\/product\/tp-7010-22\/\">\n            <img decoding=\"async\" src=\"https:\/\/teguar.com\/eu\/wp-content\/uploads\/sites\/2\/2024\/03\/22_Panel_Computer_TP-7010-22_Front__73541.1711112150.1280.1280.jpg\" width=\"150\" height=\"113\" alt=\"22&quot; Panel Computer TP-7010-22 Front\" class=\"hero-image thumb lazy\" loading=\"lazy\" \/>        <\/a>\n    <\/div>\n    <div class=\"content\">\n        <h3>\n            <a href=\"https:\/\/teguar.com\/eu\/de\/product\/tp-7010-22\/\" class=\"name\">\n                TP-7010-22\n                            <\/a>\n        <\/h3>\n\n                    <div class=\"subtitle\">\n                22&quot; Bildschirm Computer            <\/div>\n\n        \n                    <div class=\"product-kh\">\n                <ul>\n<li>21,5&#8243; Resistiver oder PCAP Touchscreen Optionen<\/li>\n<li>12. Generation Intel Core i5 10-Kern CPU<\/li>\n<li>Frontblende mit Schutzart IP66<\/li>\n<li>L\u00fcfterlose K\u00fchlung<\/li>\n<li>Zwei Speicheroptionen &#8211; 2,5&#8243; SATA und M.2 NVME 2280 <\/li>\n<\/ul>\n            <\/div>\n        \n        <div class=\"c-footer\">\n            <a href=\"https:\/\/teguar.com\/eu\/de\/product\/tp-7010-22\/#get-a-quick-quote\" class=\"button button-blue button-get-a-quick-quote\" >Angebot anfordern<\/a>        <\/div>\n    <\/div>\n<\/div>\n\n            <\/div>\n        <\/div>\n    <\/section>\n\n<h2 class=\"wp-block-heading\" id=\"h-hmi-panel\">HMI-Panel<\/h2>\n\n<p>Eine Mensch-Maschine-Schnittstelle (HMI) ist das Eingabe-\/Ausgabeger\u00e4t, \u00fcber das der Bediener den Prozess steuert und das ihm Prozessdaten pr\u00e4sentiert.<\/p>\n\n<p>Die HMI ist in der Regel mit den Datenbanken des SCADA-Systems (und Softwareprogrammen wie <a href=\"https:\/\/www.aveva.com\/\" target=\"_blank\" rel=\"noreferrer noopener\">AVEVA, fr\u00fcher Wonderware<\/a>) verbunden, um Trends, Diagnosedaten und Managementinformationen wie geplante Wartungsverfahren, detaillierte Schaltpl\u00e4ne f\u00fcr einen bestimmten Sensor oder eine bestimmte Maschine, logistische Informationen und Anleitungen zur Fehlerbehebung durch Experten bereitzustellen.<\/p>\n\n<p>Das <a href=\"\/eu\/?product_cat=hmi-bedienfelder\">HMI-Panel-PC-System<\/a> stellt die Informationen f\u00fcr das Bedienpersonal in der Regel grafisch dar, in Form eines mimischen Diagramms oder von Tabellen. Das bedeutet, dass der Bediener eine schematische Darstellung des gesamten kontrollierten Bereichs live sehen kann. Mimic-Diagramme k\u00f6nnen aus Liniengrafiken und schematischen Symbolen bestehen, um Prozesselemente darzustellen, oder aus digitalen Fotos der Prozessausr\u00fcstung, die mit animierten Symbolen und Icons \u00fcberlagert sind.  <\/p>\n\n<h2 class=\"wp-block-heading\" id=\"h-how-can-teguar-s-scada-hmi-panel-pcs-improve-my-scada-system\">Wie k\u00f6nnen die SCADA HMI Panel PCs von Teguar mein SCADA System verbessern?<\/h2>\n\n<p>Wenn Ihre derzeitigen Computer nicht mehr optimal funktionieren oder h\u00e4ufig ersetzt werden m\u00fcssen, kann Teguar Ihnen helfen. F\u00fcr SCADA-HMIs ben\u00f6tigen Sie einen Industrie-Panel-PC, der eine lange Lebensdauer und ein robustes Geh\u00e4use bietet. Teguar bietet hochgradig anpassbare <g id=\"gid_0\">Industriecomputerl\u00f6sungen<\/g> und einen ausgezeichneten Kundenservice, um Ihr SCADA-System zu verbessern und Ihren ROI zu steigern. Wenn Sie nach einer Gesamtl\u00f6sung suchen, kann Teguar Ihnen auch Softwareanbieter und Systemintegratoren vorschlagen, die Ihre Vision vervollst\u00e4ndigen.   <\/p>\n\n<h2 class=\"wp-block-heading\" id=\"h-these-computers-are-vital-to-my-operations-if-the-pc-goes-down-how-will-teguar-ensure-my-business-is-not-affected\">Diese Computer sind f\u00fcr meinen Betrieb unerl\u00e4sslich. Wie kann Teguar sicherstellen, dass mein Gesch\u00e4ft nicht beeintr\u00e4chtigt wird, wenn der PC ausf\u00e4llt? <\/h2>\n\n<p>Teguar ist stolz auf eine unter dem Branchendurchschnitt liegende 1-Jahres-Ausfallrate von 1,68 % (Stand: August 2018). Sollten dennoch Probleme auftreten, bietet Teguar lebenslangen kostenlosen E-Mail- und Telefon-Support f\u00fcr alle Produkte. Wenn Sie eine Reparatur ben\u00f6tigen, ist Teguar in der Lage, sowohl Ger\u00e4te innerhalb als auch au\u00dferhalb der Garantiezeit zu reparieren, und zwar innerhalb von durchschnittlich 8,5 Werktagen.  <\/p>\n\n<h2 class=\"wp-block-heading\" id=\"h-ready-to-upgrade-your-scada-system\">Sind Sie bereit f\u00fcr ein Upgrade Ihres SCADA-Systems?<\/h2>\n\n<p>Sprechen Sie noch heute mit einem echten Menschen bei Teguar, um mehr \u00fcber unsere SCADA-Panel-PCs und HMIs zu erfahren und dar\u00fcber, was sie f\u00fcr Ihren Betrieb leisten k\u00f6nnen.<\/p>\n\n<section class=\"hubspot-form section-spacing\">\n    <script charset=\"utf-8\" type=\"text\/javascript\" src=\"\/\/js.hsforms.net\/forms\/embed\/v2.js\"><\/script>\r\n<script>\r\n  hbspt.forms.create({\r\n    portalId: \"21497995\",\r\n    formId: \"11a43242-0316-4b23-9e13-2f6bc9b8edde\",\r\n    region: \"na1\"\r\n  });\r\n<\/script><\/section>\n\n","protected":false},"excerpt":{"rendered":"<p>SCADA-System SCADA (Supervisory Control And Data Acquisition) ist ein System, das mit kodierten Signalen \u00fcber Kommunikationskan\u00e4le arbeitet, um die Steuerung entfernter Ger\u00e4te zu erm\u00f6glichen, wobei normalerweise ein Kommunikationskanal pro entfernter Station verwendet wird. Das Kontrollsystem kann mit einem Datenerfassungssystem kombiniert werden, indem die Verwendung von kodierten Signalen \u00fcber Kommunikationskan\u00e4le hinzugef\u00fcgt wird, um Informationen \u00fcber den [&hellip;]<\/p>\n","protected":false},"author":3,"featured_media":0,"parent":0,"menu_order":0,"comment_status":"closed","ping_status":"closed","template":"templates\/template-product-application.php","meta":{"_acf_changed":false,"footnotes":""},"class_list":["post-2243464","page","type-page","status-publish","hentry"],"acf":[],"yoast_head":"<!-- This site is optimized with the Yoast SEO Premium plugin v26.8 (Yoast SEO v27.2) - https:\/\/yoast.com\/product\/yoast-seo-premium-wordpress\/ -->\n<title>SCADA-HMI-Panel-PCs<\/title>\n<meta name=\"description\" content=\"Erfahren Sie, wie Sie Ihr SCADA-System (Supervisory Control and Data Acquisition) mit den SCADA-Panel-PCs und HMIs von Teguar erweitern k\u00f6nnen.\" \/>\n<meta name=\"robots\" content=\"index, follow, max-snippet:-1, max-image-preview:large, max-video-preview:-1\" \/>\n<link rel=\"canonical\" href=\"https:\/\/teguar.com\/eu\/de\/scada-hmi-panel-pcs\/\" \/>\n<meta property=\"og:locale\" content=\"de_DE\" \/>\n<meta property=\"og:type\" content=\"article\" \/>\n<meta property=\"og:title\" content=\"SCADA-HMI-Panel-PCs\" \/>\n<meta property=\"og:description\" content=\"Erfahren Sie, wie Sie Ihr SCADA-System (Supervisory Control and Data Acquisition) mit den SCADA-Panel-PCs und HMIs von Teguar erweitern k\u00f6nnen.\" \/>\n<meta property=\"og:url\" content=\"https:\/\/teguar.com\/eu\/de\/scada-hmi-panel-pcs\/\" \/>\n<meta property=\"og:site_name\" content=\"Teguar\" \/>\n<meta property=\"article:modified_time\" content=\"2025-11-24T18:13:31+00:00\" \/>\n<meta name=\"twitter:card\" content=\"summary_large_image\" \/>\n<meta name=\"twitter:label1\" content=\"Gesch\u00e4tzte Lesezeit\" \/>\n\t<meta name=\"twitter:data1\" content=\"3\u00a0Minuten\" \/>\n<script type=\"application\/ld+json\" class=\"yoast-schema-graph\">{\"@context\":\"https:\/\/schema.org\",\"@graph\":[{\"@type\":\"WebPage\",\"@id\":\"https:\/\/teguar.com\/eu\/de\/scada-hmi-panel-pcs\/\",\"url\":\"https:\/\/teguar.com\/eu\/de\/scada-hmi-panel-pcs\/\",\"name\":\"SCADA-HMI-Panel-PCs\",\"isPartOf\":{\"@id\":\"https:\/\/teguar.com\/eu\/en\/#website\"},\"datePublished\":\"2025-06-23T16:46:08+00:00\",\"dateModified\":\"2025-11-24T18:13:31+00:00\",\"description\":\"Erfahren Sie, wie Sie Ihr SCADA-System (Supervisory Control and Data Acquisition) mit den SCADA-Panel-PCs und HMIs von Teguar erweitern k\u00f6nnen.\",\"breadcrumb\":{\"@id\":\"https:\/\/teguar.com\/eu\/de\/scada-hmi-panel-pcs\/#breadcrumb\"},\"inLanguage\":\"de\",\"potentialAction\":[{\"@type\":\"ReadAction\",\"target\":[\"https:\/\/teguar.com\/eu\/de\/scada-hmi-panel-pcs\/\"]}]},{\"@type\":\"BreadcrumbList\",\"@id\":\"https:\/\/teguar.com\/eu\/de\/scada-hmi-panel-pcs\/#breadcrumb\",\"itemListElement\":[{\"@type\":\"ListItem\",\"position\":1,\"name\":\"Home\",\"item\":\"https:\/\/teguar.com\/eu\/de\/\"},{\"@type\":\"ListItem\",\"position\":2,\"name\":\"SCADA-HMI-Panel-PCs\"}]},{\"@type\":\"WebSite\",\"@id\":\"https:\/\/teguar.com\/eu\/en\/#website\",\"url\":\"https:\/\/teguar.com\/eu\/en\/\",\"name\":\"Teguar\",\"description\":\"Industrial PCs, Medical Computers, and Rugged Tablets\",\"potentialAction\":[{\"@type\":\"SearchAction\",\"target\":{\"@type\":\"EntryPoint\",\"urlTemplate\":\"https:\/\/teguar.com\/eu\/en\/?s={search_term_string}\"},\"query-input\":{\"@type\":\"PropertyValueSpecification\",\"valueRequired\":true,\"valueName\":\"search_term_string\"}}],\"inLanguage\":\"de\"}]}<\/script>\n<!-- \/ Yoast SEO Premium plugin. -->","yoast_head_json":{"title":"SCADA-HMI-Panel-PCs","description":"Erfahren Sie, wie Sie Ihr SCADA-System (Supervisory Control and Data Acquisition) mit den SCADA-Panel-PCs und HMIs von Teguar erweitern k\u00f6nnen.","robots":{"index":"index","follow":"follow","max-snippet":"max-snippet:-1","max-image-preview":"max-image-preview:large","max-video-preview":"max-video-preview:-1"},"canonical":"https:\/\/teguar.com\/eu\/de\/scada-hmi-panel-pcs\/","og_locale":"de_DE","og_type":"article","og_title":"SCADA-HMI-Panel-PCs","og_description":"Erfahren Sie, wie Sie Ihr SCADA-System (Supervisory Control and Data Acquisition) mit den SCADA-Panel-PCs und HMIs von Teguar erweitern k\u00f6nnen.","og_url":"https:\/\/teguar.com\/eu\/de\/scada-hmi-panel-pcs\/","og_site_name":"Teguar","article_modified_time":"2025-11-24T18:13:31+00:00","twitter_card":"summary_large_image","twitter_misc":{"Gesch\u00e4tzte Lesezeit":"3\u00a0Minuten"},"schema":{"@context":"https:\/\/schema.org","@graph":[{"@type":"WebPage","@id":"https:\/\/teguar.com\/eu\/de\/scada-hmi-panel-pcs\/","url":"https:\/\/teguar.com\/eu\/de\/scada-hmi-panel-pcs\/","name":"SCADA-HMI-Panel-PCs","isPartOf":{"@id":"https:\/\/teguar.com\/eu\/en\/#website"},"datePublished":"2025-06-23T16:46:08+00:00","dateModified":"2025-11-24T18:13:31+00:00","description":"Erfahren Sie, wie Sie Ihr SCADA-System (Supervisory Control and Data Acquisition) mit den SCADA-Panel-PCs und HMIs von Teguar erweitern k\u00f6nnen.","breadcrumb":{"@id":"https:\/\/teguar.com\/eu\/de\/scada-hmi-panel-pcs\/#breadcrumb"},"inLanguage":"de","potentialAction":[{"@type":"ReadAction","target":["https:\/\/teguar.com\/eu\/de\/scada-hmi-panel-pcs\/"]}]},{"@type":"BreadcrumbList","@id":"https:\/\/teguar.com\/eu\/de\/scada-hmi-panel-pcs\/#breadcrumb","itemListElement":[{"@type":"ListItem","position":1,"name":"Home","item":"https:\/\/teguar.com\/eu\/de\/"},{"@type":"ListItem","position":2,"name":"SCADA-HMI-Panel-PCs"}]},{"@type":"WebSite","@id":"https:\/\/teguar.com\/eu\/en\/#website","url":"https:\/\/teguar.com\/eu\/en\/","name":"Teguar","description":"Industrial PCs, Medical Computers, and Rugged Tablets","potentialAction":[{"@type":"SearchAction","target":{"@type":"EntryPoint","urlTemplate":"https:\/\/teguar.com\/eu\/en\/?s={search_term_string}"},"query-input":{"@type":"PropertyValueSpecification","valueRequired":true,"valueName":"search_term_string"}}],"inLanguage":"de"}]}},"_links":{"self":[{"href":"https:\/\/teguar.com\/eu\/de\/wp-json\/wp\/v2\/pages\/2243464","targetHints":{"allow":["GET"]}}],"collection":[{"href":"https:\/\/teguar.com\/eu\/de\/wp-json\/wp\/v2\/pages"}],"about":[{"href":"https:\/\/teguar.com\/eu\/de\/wp-json\/wp\/v2\/types\/page"}],"author":[{"embeddable":true,"href":"https:\/\/teguar.com\/eu\/de\/wp-json\/wp\/v2\/users\/3"}],"replies":[{"embeddable":true,"href":"https:\/\/teguar.com\/eu\/de\/wp-json\/wp\/v2\/comments?post=2243464"}],"version-history":[{"count":3,"href":"https:\/\/teguar.com\/eu\/de\/wp-json\/wp\/v2\/pages\/2243464\/revisions"}],"predecessor-version":[{"id":2247815,"href":"https:\/\/teguar.com\/eu\/de\/wp-json\/wp\/v2\/pages\/2243464\/revisions\/2247815"}],"wp:attachment":[{"href":"https:\/\/teguar.com\/eu\/de\/wp-json\/wp\/v2\/media?parent=2243464"}],"curies":[{"name":"wp","href":"https:\/\/api.w.org\/{rel}","templated":true}]}}