{"id":2243461,"date":"2025-06-23T16:39:35","date_gmt":"2025-06-23T16:39:35","guid":{"rendered":"https:\/\/teguar.com\/eu\/epic-konforme-medizinische-computer\/"},"modified":"2025-11-24T17:08:58","modified_gmt":"2025-11-24T17:08:58","slug":"epic-konforme-medizinische-computer","status":"publish","type":"page","link":"https:\/\/teguar.com\/eu\/de\/epic-konforme-medizinische-computer\/","title":{"rendered":"Epic-konforme medizinische Computer"},"content":{"rendered":"\n<h2 class=\"wp-block-heading\" id=\"h-merkmale-von-epic-kompatiblen-medizinischen-computern\"><strong>Merkmale von <a href=\"https:\/\/teguar.com\/eu\/de\/medizinische-computer\/\">Epic-kompatiblen medizinischen Computern<\/a>:<\/strong><\/h2>\n\n\n\n<ul class=\"wp-block-list\">\n<li>24&#8243; Touchscreen-Displays f\u00fcr detailgetreue Bilddarstellung<\/li>\n\n\n\n<li>Intel Core i3\/i5\/i7 oder Intel Atom\/Celeron CPU<\/li>\n\n\n\n<li>IEC60601 Zertifizierung f\u00fcr elektrische Sicherheit<\/li>\n\n\n\n<li>PCAP und resistive Touchscreens<\/li>\n\n\n\n<li>Antimikrobielle Geh\u00e4use zur Unterdr\u00fcckung von Bakterienwachstum<\/li>\n\n\n\n<li>IP65-zertifizierte Frontblenden zum Schutz vor Fl\u00fcssigkeiten und f\u00fcr langlebige abwischbare Bildschirme<\/li>\n\n\n\n<li>Vollst\u00e4ndig geschlossene, l\u00fcfterlose Computer, so dass sich kein Staub und keine organischen Stoffe im Inneren des Computers ansammeln k\u00f6nnen<\/li>\n\n\n\n<li>4kV isolierte E\/A-Ports zum Schutz von Patienten und Bedienern<\/li>\n\n\n\n<li>TPM v2.0 Module und vPro\u2122 Technologie f\u00fcr die Sicherheit des Informationszugriffs <\/li>\n\n\n\n<li>Herausnehmbare Speichermodule zum sicheren Aufbewahren von Daten, w\u00e4hrend der Computer gewartet wird<\/li>\n\n\n\n<li>Langlebige, im laufenden Betrieb austauschbare Batterien f\u00fcr einfache Mobilit\u00e4t<\/li>\n\n\n\n<li>Hochaufl\u00f6sende DICOM-konforme Bildschirme*<\/li>\n<\/ul>\n\n\n\n<p>*Teguar Computers bietet die eigentliche DICOM-Zertifizierung nicht an. Dies ist ein Prozess, der vor Ort von unabh\u00e4ngigen Organisationen durchgef\u00fchrt wird. <\/p>\n\n\n\n<p>Epic und Optime sind eingetragene Marken der Epic Systems Corporation.<\/p>\n\n\n    <section id=\"epic-compliant-medical-computers\" class=\"products-by-tag section-spacing\">\n        <div class=\"container\">\n            <div class=\"header\">\n                                    <h2 class=\"headline\">Shop Epic-kompatible medizinische Computer<\/h2>\n                            <\/div>\n\n            <div class=\"grid product-card-grid-4\">\n                \n<div class=\"product-card\" class=\"product type-product post-2244774 status-publish first instock product_cat-computer-fur-medizinische-zwecke product_tag-computer-im-gesundheitswesen product_tag-epic-konforme-medizinische-computer product_tag-online-kaufen product_tag-quick-ship-medizinische-computer has-post-thumbnail taxable shipping-taxable purchasable product-type-composite\">\n    <div class=\"media\">\n                        <a href=\"https:\/\/teguar.com\/eu\/de\/product\/tm-5900-24\/\">\n            <img decoding=\"async\" src=\"https:\/\/teguar.com\/eu\/wp-content\/uploads\/sites\/2\/2021\/09\/Medical_All_in_One_PC_TM-5900-24_Front_Angled__32953.1736460724.1280.1280.jpg\" width=\"150\" height=\"150\" alt=\"Medical all in one PC TM-5900-24 front angle\" class=\"hero-image thumb lazy\" loading=\"lazy\" \/>        <\/a>\n    <\/div>\n    <div class=\"content\">\n        <h3>\n            <a href=\"https:\/\/teguar.com\/eu\/de\/product\/tm-5900-24\/\" class=\"name\">\n                TM-5900-24\n                            <\/a>\n        <\/h3>\n\n                    <div class=\"subtitle\">\n                24&quot; Medizinischer All-in-One PC            <\/div>\n\n        \n                    <div class=\"product-kh\">\n                <ul>\n<li>Intel Tiger Lake-Prozessor der 11. Generation<\/li>\n<li>Full HD Display mit PCAP-Touchscreen<\/li>\n<li>L\u00fcfterloses, schlankes und leichtes Design<\/li>\n<li>Optionales Backup-Akkupack<\/li>\n<li>Telemedizinisch nutzbar mit Mikrofonen, Lautsprechern und Kamera<\/li>\n<li>Garantierter Life Cycle Support bis 2030<\/li>\n<\/ul>\n            <\/div>\n        \n        <div class=\"c-footer\">\n            <a href=\"https:\/\/teguar.com\/eu\/de\/product\/tm-5900-24\/#get-a-quick-quote\" class=\"button button-blue button-get-a-quick-quote\" >Angebot anfordern<\/a>        <\/div>\n    <\/div>\n<\/div>\n\n\n<div class=\"product-card\" class=\"product type-product post-2247432 status-publish instock product_cat-computer-fur-medizinische-zwecke product_tag-computer-im-gesundheitswesen product_tag-epic-konforme-medizinische-computer product_tag-horizon-series product_tag-online-kaufen product_tag-quick-ship-medizinische-computer has-post-thumbnail taxable shipping-taxable purchasable product-type-simple\">\n    <div class=\"media\">\n                        <a href=\"https:\/\/teguar.com\/eu\/de\/product\/tm-7240-22\/\">\n            <img decoding=\"async\" src=\"https:\/\/teguar.com\/eu\/wp-content\/uploads\/sites\/2\/2025\/04\/TM-7240-22_Front_Horizon__97433.1745355035.1280.1280.jpg\" width=\"150\" height=\"150\" alt=\"TM-7240-22 21.5&quot; Medical Touch Screen Computer Front\" class=\"hero-image thumb lazy\" loading=\"lazy\" \/>        <\/a>\n    <\/div>\n    <div class=\"content\">\n        <h3>\n            <a href=\"https:\/\/teguar.com\/eu\/de\/product\/tm-7240-22\/\" class=\"name\">\n                TM-7240-22\n                            <\/a>\n        <\/h3>\n\n                    <div class=\"subtitle\">\n                22&quot; Medizinischer Touchscreen-Computer | Horizon            <\/div>\n\n        \n                    <div class=\"product-kh\">\n                <ul>\n<li>Meteor Lake der 14. Generation mit integrierter NPU<\/li>\n<li>Fenster 11<\/li>\n<li>Ultra-schnelles DDR5<\/li>\n<li>Verf\u00fcgbare Konfigurationen f\u00fcr Dual-LAN und PoE<\/li>\n<li>Robustes Aluminiumgeh\u00e4use ohne L\u00fcfter<\/li>\n<li>Erweiterungen: 5MP-Kamera und 2D-Scanner<\/li>\n<li><a href=\"https:\/\/teguar.com\/eu\/en\/horizon-wi-fi-solution\/\">Langlebiges flaches Wi-Fi Antennen-Kit<\/a><\/li>\n<\/ul>\n            <\/div>\n        \n        <div class=\"c-footer\">\n            <a href=\"https:\/\/teguar.com\/eu\/de\/product\/tm-7240-22\/#get-a-quick-quote\" class=\"button button-blue button-get-a-quick-quote\" >Angebot anfordern<\/a>        <\/div>\n    <\/div>\n<\/div>\n\n\n<div class=\"product-card\" class=\"product type-product post-2245381 status-publish last instock product_cat-ki-computer product_cat-computer-fur-medizinische-zwecke product_tag-epic-konforme-medizinische-computer has-post-thumbnail taxable shipping-taxable purchasable product-type-simple\">\n    <div class=\"media\">\n                        <a href=\"https:\/\/teguar.com\/eu\/de\/product\/tm-7165-24\/\">\n            <img decoding=\"async\" src=\"https:\/\/teguar.com\/eu\/wp-content\/uploads\/sites\/2\/2023\/09\/24_Medical_All_in_One_TM-7165_Front__87335.1694791786.1280.1280.jpg\" width=\"150\" height=\"113\" alt=\"24&quot; Medical All in One TM-7165 Front\" class=\"hero-image thumb lazy\" loading=\"lazy\" \/>        <\/a>\n    <\/div>\n    <div class=\"content\">\n        <h3>\n            <a href=\"https:\/\/teguar.com\/eu\/de\/product\/tm-7165-24\/\" class=\"name\">\n                TM-7165-24\n                            <\/a>\n        <\/h3>\n\n                    <div class=\"subtitle\">\n                24&quot; Medizinisches All-in-One            <\/div>\n\n        \n                    <div class=\"product-kh\">\n                <ul>\n<li>23,8&#8243; hochaufl\u00f6sender Touchscreen mit 4K Displayaufl\u00f6sung Option<\/li>\n<li>Intel Core i5\/i7 Prozessor Passmark Bewertung 24630<\/li>\n<li>Windows 11-Funktionen<\/li>\n<li>Optionale NVIDIA-Grafikkarte<\/li>\n<li>Antimikrobielles Geh\u00e4use mit Frontblende nach IP65 und R\u00fcckseite nach IPX2<\/li>\n<\/ul>\n            <\/div>\n        \n        <div class=\"c-footer\">\n            <a href=\"https:\/\/teguar.com\/eu\/de\/product\/tm-7165-24\/#get-a-quick-quote\" class=\"button button-blue button-get-a-quick-quote\" >Angebot anfordern<\/a>        <\/div>\n    <\/div>\n<\/div>\n\n            <\/div>\n        <\/div>\n    <\/section>\n\n\n\n<p>Teguar bietet medizinische Computer, die die Anforderungen f\u00fcr die Ausf\u00fchrung verschiedener Epic-Software-Suiten wie OpTime und Anesthesia erf\u00fcllen oder \u00fcbertreffen. Der Operationssaal stellt vielleicht die strengsten Anforderungen an die Computerhardware. Die Computer von Teguar verf\u00fcgen \u00fcber alle erforderlichen Funktionen und mehr, um einen reibungslosen Betrieb im Operationssaal zu gew\u00e4hrleisten. <\/p>\n\n\n\n<p>Robuste und gut konzipierte medizinische Computer-Hardware ist ebenso wichtig wie die Auswahl robuster und gut konzipierter medizinischer Software. Langfristige Unterst\u00fctzung ist ebenfalls eine \u00dcberlegung bei der Auswahl eines massiven Systems zur Implementierung oder Aufr\u00fcstung. Die Teguar Corporation ist ein nach ISO9001:2015 zertifiziertes Unternehmen, das Hardware mit Intel\u00ae Industrial Embedded Roadmaps anbietet, die einen viel l\u00e4ngeren Support garantieren als Consumer-PCs. Wenn Sie die Hardwareanforderungen f\u00fcr die von Ihnen gew\u00e4hlte Software erhalten, wird ein Teguar-Kundenbetreuer eng mit Ihnen zusammenarbeiten, um sicherzustellen, dass die von Ihnen erworbenen medizinischen Computer den aufgef\u00fchrten Spezifikationen entsprechen.   <\/p>\n\n\n\n<section class=\"hubspot-form section-spacing\">\n    <script charset=\"utf-8\" type=\"text\/javascript\" src=\"\/\/js.hsforms.net\/forms\/embed\/v2.js\"><\/script>\r\n<script>\r\n  hbspt.forms.create({\r\n    portalId: \"21497995\",\r\n    formId: \"11a43242-0316-4b23-9e13-2f6bc9b8edde\",\r\n    region: \"na1\"\r\n  });\r\n<\/script><\/section>\n\n","protected":false},"excerpt":{"rendered":"<p>Merkmale von Epic-kompatiblen medizinischen Computern: *Teguar Computers bietet die eigentliche DICOM-Zertifizierung nicht an. Dies ist ein Prozess, der vor Ort von unabh\u00e4ngigen Organisationen durchgef\u00fchrt wird. Epic und Optime sind eingetragene Marken der Epic Systems Corporation. Teguar bietet medizinische Computer, die die Anforderungen f\u00fcr die Ausf\u00fchrung verschiedener Epic-Software-Suiten wie OpTime und Anesthesia erf\u00fcllen oder \u00fcbertreffen. Der [&hellip;]<\/p>\n","protected":false},"author":3,"featured_media":0,"parent":0,"menu_order":0,"comment_status":"closed","ping_status":"closed","template":"templates\/template-product-application.php","meta":{"_acf_changed":false,"footnotes":""},"class_list":["post-2243461","page","type-page","status-publish","hentry"],"acf":[],"yoast_head":"<!-- This site is optimized with the Yoast SEO Premium plugin v26.8 (Yoast SEO v27.2) - https:\/\/yoast.com\/product\/yoast-seo-premium-wordpress\/ -->\n<title>Epic-konforme medizinische Computer<\/title>\n<meta name=\"description\" content=\"Teguar Computers bietet industrielle und medizinische Computer f\u00fcr den Schaltschrankeinbau, All-in-One-Computer, Touchscreen-Computer, Box-Computer und wasserdichte Computer.\" \/>\n<meta name=\"robots\" content=\"index, follow, max-snippet:-1, max-image-preview:large, max-video-preview:-1\" \/>\n<link rel=\"canonical\" href=\"https:\/\/teguar.com\/eu\/de\/epic-konforme-medizinische-computer\/\" \/>\n<meta property=\"og:locale\" content=\"de_DE\" \/>\n<meta property=\"og:type\" content=\"article\" \/>\n<meta property=\"og:title\" content=\"Epic-konforme medizinische Computer\" \/>\n<meta property=\"og:description\" content=\"Teguar Computers bietet industrielle und medizinische Computer f\u00fcr den Schaltschrankeinbau, All-in-One-Computer, Touchscreen-Computer, Box-Computer und wasserdichte Computer.\" \/>\n<meta property=\"og:url\" content=\"https:\/\/teguar.com\/eu\/de\/epic-konforme-medizinische-computer\/\" \/>\n<meta property=\"og:site_name\" content=\"Teguar\" \/>\n<meta property=\"article:modified_time\" content=\"2025-11-24T17:08:58+00:00\" \/>\n<meta name=\"twitter:card\" content=\"summary_large_image\" \/>\n<meta name=\"twitter:label1\" content=\"Gesch\u00e4tzte Lesezeit\" \/>\n\t<meta name=\"twitter:data1\" content=\"2\u00a0Minuten\" \/>\n<script type=\"application\/ld+json\" class=\"yoast-schema-graph\">{\"@context\":\"https:\/\/schema.org\",\"@graph\":[{\"@type\":\"WebPage\",\"@id\":\"https:\/\/teguar.com\/eu\/de\/epic-konforme-medizinische-computer\/\",\"url\":\"https:\/\/teguar.com\/eu\/de\/epic-konforme-medizinische-computer\/\",\"name\":\"Epic-konforme medizinische Computer\",\"isPartOf\":{\"@id\":\"https:\/\/teguar.com\/eu\/en\/#website\"},\"datePublished\":\"2025-06-23T16:39:35+00:00\",\"dateModified\":\"2025-11-24T17:08:58+00:00\",\"description\":\"Teguar Computers bietet industrielle und medizinische Computer f\u00fcr den Schaltschrankeinbau, All-in-One-Computer, Touchscreen-Computer, Box-Computer und wasserdichte Computer.\",\"breadcrumb\":{\"@id\":\"https:\/\/teguar.com\/eu\/de\/epic-konforme-medizinische-computer\/#breadcrumb\"},\"inLanguage\":\"de\",\"potentialAction\":[{\"@type\":\"ReadAction\",\"target\":[\"https:\/\/teguar.com\/eu\/de\/epic-konforme-medizinische-computer\/\"]}]},{\"@type\":\"BreadcrumbList\",\"@id\":\"https:\/\/teguar.com\/eu\/de\/epic-konforme-medizinische-computer\/#breadcrumb\",\"itemListElement\":[{\"@type\":\"ListItem\",\"position\":1,\"name\":\"Home\",\"item\":\"https:\/\/teguar.com\/eu\/de\/\"},{\"@type\":\"ListItem\",\"position\":2,\"name\":\"Epic-konforme medizinische Computer\"}]},{\"@type\":\"WebSite\",\"@id\":\"https:\/\/teguar.com\/eu\/en\/#website\",\"url\":\"https:\/\/teguar.com\/eu\/en\/\",\"name\":\"Teguar\",\"description\":\"Industrial PCs, Medical Computers, and Rugged Tablets\",\"potentialAction\":[{\"@type\":\"SearchAction\",\"target\":{\"@type\":\"EntryPoint\",\"urlTemplate\":\"https:\/\/teguar.com\/eu\/en\/?s={search_term_string}\"},\"query-input\":{\"@type\":\"PropertyValueSpecification\",\"valueRequired\":true,\"valueName\":\"search_term_string\"}}],\"inLanguage\":\"de\"}]}<\/script>\n<!-- \/ Yoast SEO Premium plugin. -->","yoast_head_json":{"title":"Epic-konforme medizinische Computer","description":"Teguar Computers bietet industrielle und medizinische Computer f\u00fcr den Schaltschrankeinbau, All-in-One-Computer, Touchscreen-Computer, Box-Computer und wasserdichte Computer.","robots":{"index":"index","follow":"follow","max-snippet":"max-snippet:-1","max-image-preview":"max-image-preview:large","max-video-preview":"max-video-preview:-1"},"canonical":"https:\/\/teguar.com\/eu\/de\/epic-konforme-medizinische-computer\/","og_locale":"de_DE","og_type":"article","og_title":"Epic-konforme medizinische Computer","og_description":"Teguar Computers bietet industrielle und medizinische Computer f\u00fcr den Schaltschrankeinbau, All-in-One-Computer, Touchscreen-Computer, Box-Computer und wasserdichte Computer.","og_url":"https:\/\/teguar.com\/eu\/de\/epic-konforme-medizinische-computer\/","og_site_name":"Teguar","article_modified_time":"2025-11-24T17:08:58+00:00","twitter_card":"summary_large_image","twitter_misc":{"Gesch\u00e4tzte Lesezeit":"2\u00a0Minuten"},"schema":{"@context":"https:\/\/schema.org","@graph":[{"@type":"WebPage","@id":"https:\/\/teguar.com\/eu\/de\/epic-konforme-medizinische-computer\/","url":"https:\/\/teguar.com\/eu\/de\/epic-konforme-medizinische-computer\/","name":"Epic-konforme medizinische Computer","isPartOf":{"@id":"https:\/\/teguar.com\/eu\/en\/#website"},"datePublished":"2025-06-23T16:39:35+00:00","dateModified":"2025-11-24T17:08:58+00:00","description":"Teguar Computers bietet industrielle und medizinische Computer f\u00fcr den Schaltschrankeinbau, All-in-One-Computer, Touchscreen-Computer, Box-Computer und wasserdichte Computer.","breadcrumb":{"@id":"https:\/\/teguar.com\/eu\/de\/epic-konforme-medizinische-computer\/#breadcrumb"},"inLanguage":"de","potentialAction":[{"@type":"ReadAction","target":["https:\/\/teguar.com\/eu\/de\/epic-konforme-medizinische-computer\/"]}]},{"@type":"BreadcrumbList","@id":"https:\/\/teguar.com\/eu\/de\/epic-konforme-medizinische-computer\/#breadcrumb","itemListElement":[{"@type":"ListItem","position":1,"name":"Home","item":"https:\/\/teguar.com\/eu\/de\/"},{"@type":"ListItem","position":2,"name":"Epic-konforme medizinische Computer"}]},{"@type":"WebSite","@id":"https:\/\/teguar.com\/eu\/en\/#website","url":"https:\/\/teguar.com\/eu\/en\/","name":"Teguar","description":"Industrial PCs, Medical Computers, and Rugged Tablets","potentialAction":[{"@type":"SearchAction","target":{"@type":"EntryPoint","urlTemplate":"https:\/\/teguar.com\/eu\/en\/?s={search_term_string}"},"query-input":{"@type":"PropertyValueSpecification","valueRequired":true,"valueName":"search_term_string"}}],"inLanguage":"de"}]}},"_links":{"self":[{"href":"https:\/\/teguar.com\/eu\/de\/wp-json\/wp\/v2\/pages\/2243461","targetHints":{"allow":["GET"]}}],"collection":[{"href":"https:\/\/teguar.com\/eu\/de\/wp-json\/wp\/v2\/pages"}],"about":[{"href":"https:\/\/teguar.com\/eu\/de\/wp-json\/wp\/v2\/types\/page"}],"author":[{"embeddable":true,"href":"https:\/\/teguar.com\/eu\/de\/wp-json\/wp\/v2\/users\/3"}],"replies":[{"embeddable":true,"href":"https:\/\/teguar.com\/eu\/de\/wp-json\/wp\/v2\/comments?post=2243461"}],"version-history":[{"count":3,"href":"https:\/\/teguar.com\/eu\/de\/wp-json\/wp\/v2\/pages\/2243461\/revisions"}],"predecessor-version":[{"id":2247791,"href":"https:\/\/teguar.com\/eu\/de\/wp-json\/wp\/v2\/pages\/2243461\/revisions\/2247791"}],"wp:attachment":[{"href":"https:\/\/teguar.com\/eu\/de\/wp-json\/wp\/v2\/media?parent=2243461"}],"curies":[{"name":"wp","href":"https:\/\/api.w.org\/{rel}","templated":true}]}}