{"id":2243459,"date":"2025-06-17T13:15:36","date_gmt":"2025-06-17T13:15:36","guid":{"rendered":"https:\/\/teguar.com\/eu\/computer-fuer-den-aussenbereich\/"},"modified":"2025-11-24T15:02:43","modified_gmt":"2025-11-24T15:02:43","slug":"computer-fuer-den-aussenbereich","status":"publish","type":"page","link":"https:\/\/teguar.com\/eu\/de\/computer-fuer-den-aussenbereich\/","title":{"rendered":"Computer f\u00fcr den Au\u00dfenbereich"},"content":{"rendered":"\n<p><strong>Die Outdoor-Computer sind robust<\/strong> und auch bei voller Sonneneinstrahlung gut lesbar. Die Displays sind extrem hell, um die Bedienung der Ger\u00e4te auch unter rauen Wetterbedingungen einfach zu machen. Das Kontrastverh\u00e4ltnis wird bei hoher Helligkeit stark verbessert, wobei die St\u00e4rke der direkten Sonneneinstrahlung die H\u00f6he des Kontrastverh\u00e4ltnisses bestimmt.<br\/>Die robusten Outdoor-Computer von Teguar wurden entwickelt, um die Zuverl\u00e4ssigkeit und Lesbarkeit unter dem Einfluss aller Elemente wie Schnee, Wasser, Staub, Hitze, K\u00e4lte und Sonne zu erh\u00f6hen. Diese <a href=\"https:\/\/teguar.com\/eu\/de\/industrie-computer\/\">Industrie-PCs<\/a> sind mit Komponenten ausgestattet, die es ihnen erm\u00f6glichen, in einem viel gr\u00f6\u00dferen Temperaturbereich zu arbeiten als herk\u00f6mmliche Ger\u00e4te und k\u00f6nnen von kalten bis hei\u00dfen Umgebungen eingesetzt werden, ohne dass sich Kondenswasser bildet. Sie sind absolut wasserdicht und vibrationsbest\u00e4ndig und verf\u00fcgen \u00fcber eine Schutzart von IP65 oder h\u00f6her. Die Outdoor-Computer von Teguar sind in der Lage, auch unter schwierigsten Bedingungen sicher zu arbeiten.     <\/p>\n\n<h2 class=\"wp-block-heading\" id=\"h-key-features-of-teguar-s-outdoor-computers\"><strong>Die wichtigsten Merkmale der Outdoor-Computer von Teguar:<\/strong><\/h2>\n\n<ul class=\"wp-block-list\">\n<li>Robuste Konstruktion: Gebaut, um den rauen Bedingungen im Freien standzuhalten und eine zuverl\u00e4ssige Leistung zu gew\u00e4hrleisten.  <\/li>\n\n\n\n<li>Breiter Temperaturbereich: Geeignet f\u00fcr den Einsatz bei extremen Temperaturen, von eisiger K\u00e4lte bis zu sengender Hitze.  <\/li>\n\n\n\n<li>Wasser- und staubdicht: Erf\u00fcllt hohe IP-Schutzklassen, um dem Eindringen von Wasser und Staub zu widerstehen.  <\/li>\n\n\n\n<li>Widerstandsf\u00e4hig gegen St\u00f6\u00dfe und Vibrationen: Erh\u00f6hte Haltbarkeit in Situationen mit starken St\u00f6\u00dfen und Vibrationen.  <\/li>\n\n\n\n<li>Bei Sonnenlicht ablesbare Displays: Gew\u00e4hrleistet die Sichtbarkeit bei hellem Wetter.  <\/li>\n\n\n\n<li>Individuelle Anpassung: Ma\u00dfgeschneiderte L\u00f6sungen f\u00fcr die spezifischen Anforderungen von Au\u00dfenanwendungen.  <\/li>\n<\/ul>\n    <section id=\"outdoor-computers\" class=\"products-by-tag section-spacing\">\n        <div class=\"container\">\n            <div class=\"header\">\n                                    <h2 class=\"headline\">Outdoor Computer Produkte kaufen<\/h2>\n                            <\/div>\n\n            <div class=\"grid product-card-grid-4\">\n                \n<div class=\"product-card\" class=\"product type-product post-2247449 status-publish first onbackorder product_cat-embedded-pcs product_cat-lufterlose-pcs product_cat-rugged-computer product_cat-wasserdichte-box-pcs product_cat-wasserdichte-computer product_tag-computer-fuer-den-aussenbereich product_tag-computer-fuer-die-lebensmittelverarbeitung product_tag-online-kaufen product_tag-twb-5920-series has-post-thumbnail taxable shipping-taxable purchasable product-type-composite\">\n    <div class=\"media\">\n                        <a href=\"https:\/\/teguar.com\/eu\/de\/product\/twb-5920\/\">\n            <img decoding=\"async\" src=\"https:\/\/teguar.com\/eu\/wp-content\/uploads\/sites\/2\/2020\/07\/Waterproof_Box_PC_TWB-5920_Front__37238.1708376901.1280.1280.jpg\" width=\"150\" height=\"113\" alt=\"Waterproof Box PC | TB-5920\" class=\"hero-image thumb lazy\" loading=\"lazy\" \/>        <\/a>\n    <\/div>\n    <div class=\"content\">\n        <h3>\n            <a href=\"https:\/\/teguar.com\/eu\/de\/product\/twb-5920\/\" class=\"name\">\n                TWB-5920\n                            <\/a>\n        <\/h3>\n\n                    <div class=\"subtitle\">\n                Wasserdichte Box PC            <\/div>\n\n        \n                    <div class=\"product-kh\">\n                <ul>\n<li>Core i5-Prozessor der 11. Generation<\/li>\n<li>Windows 11-Funktionen<\/li>\n<li>L\u00fcfterloses Design<\/li>\n<li>Breite Betriebstemperatur (0C-50C)<\/li>\n<li>9~36V DC mit Isolierung<\/li>\n<\/ul>\n            <\/div>\n        \n        <div class=\"c-footer\">\n            <a href=\"https:\/\/teguar.com\/eu\/de\/product\/twb-5920\/#get-a-quick-quote\" class=\"button button-blue button-get-a-quick-quote\" >Angebot anfordern<\/a>        <\/div>\n    <\/div>\n<\/div>\n\n\n<div class=\"product-card\" class=\"product type-product post-2245281 status-publish instock product_cat-hmi-panel product_cat-panel-pcs product_tag-computer-fuer-den-aussenbereich product_tag-computer-fuer-die-oeffentliche-sicherheit product_tag-cornerstone-series has-post-thumbnail taxable shipping-taxable purchasable product-type-simple\">\n    <div class=\"media\">\n                        <a href=\"https:\/\/teguar.com\/eu\/de\/product\/tp-5645-12\/\">\n            <img decoding=\"async\" src=\"https:\/\/teguar.com\/eu\/wp-content\/uploads\/sites\/2\/2022\/09\/panel_mount_computer-tp-5645-12__80315.1664479419.1280.1280.jpg\" width=\"150\" height=\"107\" alt=\"panel mount computer tp-5645-12 front angled\" class=\"hero-image thumb lazy\" loading=\"lazy\" \/>        <\/a>\n    <\/div>\n    <div class=\"content\">\n        <h3>\n            <a href=\"https:\/\/teguar.com\/eu\/de\/product\/tp-5645-12\/\" class=\"name\">\n                TP-5645-12\n                            <\/a>\n        <\/h3>\n\n                    <div class=\"subtitle\">\n                12&quot; Panel Mount Computer            <\/div>\n\n        \n                    <div class=\"product-kh\">\n                <ul>\n<li>12,1&#8243; P-Cap oder Resistiver Touchscreen<\/li>\n<li>L\u00fcfterloses K\u00fchlsystem<\/li>\n<li>Leicht zug\u00e4nglicher M.2-Speicher, bis zu 1 TB<\/li>\n<li>Intel 8. Gen. Core i3\/i5 CPU<\/li>\n<li>Weitbereich 9~36VDC Stromeingang<\/li>\n<li>IP66-gesch\u00fctzte Front mit Aluminiumgeh\u00e4use<\/li>\n<\/ul>\n            <\/div>\n        \n        <div class=\"c-footer\">\n            <a href=\"https:\/\/teguar.com\/eu\/de\/product\/tp-5645-12\/#get-a-quick-quote\" class=\"button button-blue button-get-a-quick-quote\" >Angebot anfordern<\/a>        <\/div>\n    <\/div>\n<\/div>\n\n\n<div class=\"product-card\" class=\"product type-product post-2245276 status-publish last outofstock product_cat-hmi-panel product_cat-panel-pcs product_tag-computer-fuer-den-aussenbereich product_tag-cornerstone-series has-post-thumbnail taxable shipping-taxable purchasable product-type-simple\">\n    <div class=\"media\">\n                        <a href=\"https:\/\/teguar.com\/eu\/de\/product\/tp-5645-18\/\">\n            <img decoding=\"async\" src=\"https:\/\/teguar.com\/eu\/wp-content\/uploads\/sites\/2\/2022\/09\/panel_mount_computer_tp-5645-18_front_angle__18123.1664377612.1280.1280.jpg\" width=\"150\" height=\"150\" alt=\"panel mount computer tp-5645-18 front angled\" class=\"hero-image thumb lazy\" loading=\"lazy\" \/>        <\/a>\n    <\/div>\n    <div class=\"content\">\n        <h3>\n            <a href=\"https:\/\/teguar.com\/eu\/de\/product\/tp-5645-18\/\" class=\"name\">\n                TP-5645-18\n                            <\/a>\n        <\/h3>\n\n                    <div class=\"subtitle\">\n                18&quot; Panel Mount Computer            <\/div>\n\n        \n                    <div class=\"product-kh\">\n                <ul>\n<li>18,5&#8243; P-Cap oder Resistiver Touchscreen<\/li>\n<li>Intel 8. Gen. Core i3\/i5 CPU<\/li>\n<li>L\u00fcfterloses K\u00fchlsystem<\/li>\n<li>Leicht zug\u00e4nglicher M.2-Speicher, bis zu 1 TB<\/li>\n<li>IP66-gesch\u00fctzte Front mit Aluminiumgeh\u00e4use<\/li>\n<li>Weitbereich 9~36VDC Stromeingang<\/li>\n<\/ul>\n            <\/div>\n        \n        <div class=\"c-footer\">\n            <a href=\"https:\/\/teguar.com\/eu\/de\/product\/tp-5645-18\/#get-a-quick-quote\" class=\"button button-blue button-get-a-quick-quote\" >Angebot anfordern<\/a>        <\/div>\n    <\/div>\n<\/div>\n\n\n<div class=\"product-card\" class=\"product type-product post-2245114 status-publish first instock product_cat-industrielle-displays product_cat-wasserdichte-monitore product_tag-computer-fuer-den-aussenbereich product_tag-online-kaufen has-post-thumbnail taxable shipping-taxable purchasable product-type-composite\">\n    <div class=\"media\">\n                        <a href=\"https:\/\/teguar.com\/eu\/de\/product\/tsd-45-24\/\">\n            <img decoding=\"async\" src=\"https:\/\/teguar.com\/eu\/wp-content\/uploads\/sites\/2\/2020\/07\/touchscreen-waterproof-monitor.tsd-45-24__95804.1595935056.1280.1280.jpg\" width=\"150\" height=\"150\" alt=\"24&quot; Waterproof Display | TSD-45-24\" class=\"hero-image thumb lazy\" loading=\"lazy\" \/>        <\/a>\n    <\/div>\n    <div class=\"content\">\n        <h3>\n            <a href=\"https:\/\/teguar.com\/eu\/de\/product\/tsd-45-24\/\" class=\"name\">\n                TSD-45-24\n                            <\/a>\n        <\/h3>\n\n                    <div class=\"subtitle\">\n                24&quot; Wasserdichtes Touchscreen-Display            <\/div>\n\n        \n                    <div class=\"product-kh\">\n                <ul>\n<li>23,4&#8243; projizierter kapazitiver Touchscreen<\/li>\n<li>Vollb\u00fcndiges LCD-Display<\/li>\n<li>IP66\/IP69K Vollst\u00e4ndig gekapseltes l\u00fcfterloses Design<\/li>\n<li>Optional 1000 nit hohe Helligkeit und Optical Bonding<\/li>\n<li>Geh\u00e4use aus Edelstahl 304<\/li>\n<li>M12 Metall E\/A Steckverbinder<\/li>\n<\/ul>\n            <\/div>\n        \n        <div class=\"c-footer\">\n            <a href=\"https:\/\/teguar.com\/eu\/de\/product\/tsd-45-24\/#get-a-quick-quote\" class=\"button button-blue button-get-a-quick-quote\" >Angebot anfordern<\/a>        <\/div>\n    <\/div>\n<\/div>\n\n            <\/div>\n        <\/div>\n    <\/section>\n\n<p id=\"outdoor\">Outdoor-Computer sind so konzipiert, dass sie den Herausforderungen der Natur standhalten und auch in Umgebungen zuverl\u00e4ssig arbeiten, in denen herk\u00f6mmliche Computer versagen w\u00fcrden. Ob in der Land- und Forstwirtschaft, auf Baustellen oder in der Schifffahrt &#8211; Outdoor-Computer finden in den verschiedensten Bereichen Anwendung. Diese robusten Ger\u00e4te sind so konstruiert, dass sie extremen Temperaturen, Feuchtigkeit, Staub und Vibrationen standhalten und auch unter den h\u00e4rtesten Bedingungen ununterbrochen funktionieren.    <\/p>\n\n<p>Die Anwendungen f\u00fcr Outdoor-Computer erstrecken sich \u00fcber verschiedene Branchen, was ihre Anpassungsf\u00e4higkeit und Widerstandsf\u00e4higkeit unter Beweis stellt. Die besonderen Anforderungen an Computer f\u00fcr den Au\u00dfenbereich werden durch die unvorhersehbare Natur der Au\u00dfenumgebung bestimmt. Bei diesen Computern kann es sich entweder um <a href=\"https:\/\/teguar.com\/eu\/de\/panel-pcs\/\">Panel-PCs<\/a> oder um <a href=\"https:\/\/teguar.com\/eu\/de\/wasserdichte-box-pcs\/\">wasserdichte Box-PCs<\/a> handeln, die gegen das Eindringen von Wasser und Staub gesch\u00fctzt sein m\u00fcssen und in der Regel die Schutzart IP65 oder h\u00f6her erf\u00fcllen. Sie m\u00fcssen einem breiten Temperaturbereich standhalten, von eisiger K\u00e4lte bis zu sengender Hitze. Verbesserte Sto\u00df- und Vibrationsfestigkeit sorgen f\u00fcr Langlebigkeit in Situationen, in denen Standardcomputer versagen w\u00fcrden. Die Ablesbarkeit bei Sonnenlicht ist f\u00fcr Outdoor-Displays von entscheidender Bedeutung, da sie die Blendwirkung minimieren und die Sichtbarkeit bei hellen Lichtverh\u00e4ltnissen gew\u00e4hrleisten. Dank dieser Eigenschaften k\u00f6nnen Outdoor-Computer nahtlos in Umgebungen eingesetzt werden, in denen herk\u00f6mmliche Computer nur schwer bestehen k\u00f6nnten.        <\/p>\n\n<h2 class=\"wp-block-heading\">Warum sollten Sie Teguar als Ihren Outdoor-Computerlieferanten w\u00e4hlen?  <\/h2>\n\n<p>Die Wahl von Outdoor-Computern von Teguar ist eine Entscheidung, die auf Zuverl\u00e4ssigkeit und Kompetenz beruht. Das Engagement von Teguar, robuste L\u00f6sungen zu liefern, passt perfekt zu den Anforderungen von Branchen, die auf Outdoor-Computer angewiesen sind. Unsere Ger\u00e4te sind nicht nur technologisch fortschrittlich, sondern k\u00f6nnen auch an die besonderen Herausforderungen Ihrer Branche bei Outdoor-Anwendungen angepasst werden. Die Outdoor-Computer von Teguar geben Anwendern die Gewissheit, dass ihre Technologie auch unter den schwierigsten Bedingungen im Freien bestehen kann. Sie bieten die Langlebigkeit und Leistung, die f\u00fcr den Erfolg in einer Vielzahl von Branchen unerl\u00e4sslich sind.     <\/p>\n\n<section class=\"hubspot-form section-spacing\">\n    <script charset=\"utf-8\" type=\"text\/javascript\" src=\"\/\/js.hsforms.net\/forms\/embed\/v2.js\"><\/script>\r\n<script>\r\n  hbspt.forms.create({\r\n    portalId: \"21497995\",\r\n    formId: \"11a43242-0316-4b23-9e13-2f6bc9b8edde\",\r\n    region: \"na1\"\r\n  });\r\n<\/script><\/section>\n\n","protected":false},"excerpt":{"rendered":"<p>Die Outdoor-Computer sind robust und auch bei voller Sonneneinstrahlung gut lesbar. Die Displays sind extrem hell, um die Bedienung der Ger\u00e4te auch unter rauen Wetterbedingungen einfach zu machen. Das Kontrastverh\u00e4ltnis wird bei hoher Helligkeit stark verbessert, wobei die St\u00e4rke der direkten Sonneneinstrahlung die H\u00f6he des Kontrastverh\u00e4ltnisses bestimmt.Die robusten Outdoor-Computer von Teguar wurden entwickelt, um die [&hellip;]<\/p>\n","protected":false},"author":3,"featured_media":0,"parent":0,"menu_order":0,"comment_status":"closed","ping_status":"closed","template":"templates\/template-product-application.php","meta":{"_acf_changed":false,"footnotes":""},"class_list":["post-2243459","page","type-page","status-publish","hentry"],"acf":[],"yoast_head":"<!-- This site is optimized with the Yoast SEO Premium plugin v26.8 (Yoast SEO v27.2) - https:\/\/yoast.com\/product\/yoast-seo-premium-wordpress\/ -->\n<title>Computer f\u00fcr den Au\u00dfenbereich - Teguar<\/title>\n<meta name=\"robots\" content=\"index, follow, max-snippet:-1, max-image-preview:large, max-video-preview:-1\" \/>\n<link rel=\"canonical\" href=\"https:\/\/teguar.com\/eu\/de\/computer-fuer-den-aussenbereich\/\" \/>\n<meta property=\"og:locale\" content=\"de_DE\" \/>\n<meta property=\"og:type\" content=\"article\" \/>\n<meta property=\"og:title\" content=\"Computer f\u00fcr den Au\u00dfenbereich\" \/>\n<meta property=\"og:description\" content=\"Die Outdoor-Computer sind robust und auch bei voller Sonneneinstrahlung gut lesbar. Die Displays sind extrem hell, um die Bedienung der Ger\u00e4te auch unter rauen Wetterbedingungen einfach zu machen. Das Kontrastverh\u00e4ltnis wird bei hoher Helligkeit stark verbessert, wobei die St\u00e4rke der direkten Sonneneinstrahlung die H\u00f6he des Kontrastverh\u00e4ltnisses bestimmt.Die robusten Outdoor-Computer von Teguar wurden entwickelt, um die [&hellip;]\" \/>\n<meta property=\"og:url\" content=\"https:\/\/teguar.com\/eu\/de\/computer-fuer-den-aussenbereich\/\" \/>\n<meta property=\"og:site_name\" content=\"Teguar\" \/>\n<meta property=\"article:modified_time\" content=\"2025-11-24T15:02:43+00:00\" \/>\n<meta name=\"twitter:card\" content=\"summary_large_image\" \/>\n<meta name=\"twitter:label1\" content=\"Gesch\u00e4tzte Lesezeit\" \/>\n\t<meta name=\"twitter:data1\" content=\"3\u00a0Minuten\" \/>\n<script type=\"application\/ld+json\" class=\"yoast-schema-graph\">{\"@context\":\"https:\/\/schema.org\",\"@graph\":[{\"@type\":\"WebPage\",\"@id\":\"https:\/\/teguar.com\/eu\/de\/computer-fuer-den-aussenbereich\/\",\"url\":\"https:\/\/teguar.com\/eu\/de\/computer-fuer-den-aussenbereich\/\",\"name\":\"Computer f\u00fcr den Au\u00dfenbereich - Teguar\",\"isPartOf\":{\"@id\":\"https:\/\/teguar.com\/eu\/en\/#website\"},\"datePublished\":\"2025-06-17T13:15:36+00:00\",\"dateModified\":\"2025-11-24T15:02:43+00:00\",\"breadcrumb\":{\"@id\":\"https:\/\/teguar.com\/eu\/de\/computer-fuer-den-aussenbereich\/#breadcrumb\"},\"inLanguage\":\"de\",\"potentialAction\":[{\"@type\":\"ReadAction\",\"target\":[\"https:\/\/teguar.com\/eu\/de\/computer-fuer-den-aussenbereich\/\"]}]},{\"@type\":\"BreadcrumbList\",\"@id\":\"https:\/\/teguar.com\/eu\/de\/computer-fuer-den-aussenbereich\/#breadcrumb\",\"itemListElement\":[{\"@type\":\"ListItem\",\"position\":1,\"name\":\"Home\",\"item\":\"https:\/\/teguar.com\/eu\/de\/\"},{\"@type\":\"ListItem\",\"position\":2,\"name\":\"Computer f\u00fcr den Au\u00dfenbereich\"}]},{\"@type\":\"WebSite\",\"@id\":\"https:\/\/teguar.com\/eu\/en\/#website\",\"url\":\"https:\/\/teguar.com\/eu\/en\/\",\"name\":\"Teguar\",\"description\":\"Industrial PCs, Medical Computers, and Rugged Tablets\",\"potentialAction\":[{\"@type\":\"SearchAction\",\"target\":{\"@type\":\"EntryPoint\",\"urlTemplate\":\"https:\/\/teguar.com\/eu\/en\/?s={search_term_string}\"},\"query-input\":{\"@type\":\"PropertyValueSpecification\",\"valueRequired\":true,\"valueName\":\"search_term_string\"}}],\"inLanguage\":\"de\"}]}<\/script>\n<!-- \/ Yoast SEO Premium plugin. -->","yoast_head_json":{"title":"Computer f\u00fcr den Au\u00dfenbereich - Teguar","robots":{"index":"index","follow":"follow","max-snippet":"max-snippet:-1","max-image-preview":"max-image-preview:large","max-video-preview":"max-video-preview:-1"},"canonical":"https:\/\/teguar.com\/eu\/de\/computer-fuer-den-aussenbereich\/","og_locale":"de_DE","og_type":"article","og_title":"Computer f\u00fcr den Au\u00dfenbereich","og_description":"Die Outdoor-Computer sind robust und auch bei voller Sonneneinstrahlung gut lesbar. Die Displays sind extrem hell, um die Bedienung der Ger\u00e4te auch unter rauen Wetterbedingungen einfach zu machen. Das Kontrastverh\u00e4ltnis wird bei hoher Helligkeit stark verbessert, wobei die St\u00e4rke der direkten Sonneneinstrahlung die H\u00f6he des Kontrastverh\u00e4ltnisses bestimmt.Die robusten Outdoor-Computer von Teguar wurden entwickelt, um die [&hellip;]","og_url":"https:\/\/teguar.com\/eu\/de\/computer-fuer-den-aussenbereich\/","og_site_name":"Teguar","article_modified_time":"2025-11-24T15:02:43+00:00","twitter_card":"summary_large_image","twitter_misc":{"Gesch\u00e4tzte Lesezeit":"3\u00a0Minuten"},"schema":{"@context":"https:\/\/schema.org","@graph":[{"@type":"WebPage","@id":"https:\/\/teguar.com\/eu\/de\/computer-fuer-den-aussenbereich\/","url":"https:\/\/teguar.com\/eu\/de\/computer-fuer-den-aussenbereich\/","name":"Computer f\u00fcr den Au\u00dfenbereich - Teguar","isPartOf":{"@id":"https:\/\/teguar.com\/eu\/en\/#website"},"datePublished":"2025-06-17T13:15:36+00:00","dateModified":"2025-11-24T15:02:43+00:00","breadcrumb":{"@id":"https:\/\/teguar.com\/eu\/de\/computer-fuer-den-aussenbereich\/#breadcrumb"},"inLanguage":"de","potentialAction":[{"@type":"ReadAction","target":["https:\/\/teguar.com\/eu\/de\/computer-fuer-den-aussenbereich\/"]}]},{"@type":"BreadcrumbList","@id":"https:\/\/teguar.com\/eu\/de\/computer-fuer-den-aussenbereich\/#breadcrumb","itemListElement":[{"@type":"ListItem","position":1,"name":"Home","item":"https:\/\/teguar.com\/eu\/de\/"},{"@type":"ListItem","position":2,"name":"Computer f\u00fcr den Au\u00dfenbereich"}]},{"@type":"WebSite","@id":"https:\/\/teguar.com\/eu\/en\/#website","url":"https:\/\/teguar.com\/eu\/en\/","name":"Teguar","description":"Industrial PCs, Medical Computers, and Rugged Tablets","potentialAction":[{"@type":"SearchAction","target":{"@type":"EntryPoint","urlTemplate":"https:\/\/teguar.com\/eu\/en\/?s={search_term_string}"},"query-input":{"@type":"PropertyValueSpecification","valueRequired":true,"valueName":"search_term_string"}}],"inLanguage":"de"}]}},"_links":{"self":[{"href":"https:\/\/teguar.com\/eu\/de\/wp-json\/wp\/v2\/pages\/2243459","targetHints":{"allow":["GET"]}}],"collection":[{"href":"https:\/\/teguar.com\/eu\/de\/wp-json\/wp\/v2\/pages"}],"about":[{"href":"https:\/\/teguar.com\/eu\/de\/wp-json\/wp\/v2\/types\/page"}],"author":[{"embeddable":true,"href":"https:\/\/teguar.com\/eu\/de\/wp-json\/wp\/v2\/users\/3"}],"replies":[{"embeddable":true,"href":"https:\/\/teguar.com\/eu\/de\/wp-json\/wp\/v2\/comments?post=2243459"}],"version-history":[{"count":2,"href":"https:\/\/teguar.com\/eu\/de\/wp-json\/wp\/v2\/pages\/2243459\/revisions"}],"predecessor-version":[{"id":2247760,"href":"https:\/\/teguar.com\/eu\/de\/wp-json\/wp\/v2\/pages\/2243459\/revisions\/2247760"}],"wp:attachment":[{"href":"https:\/\/teguar.com\/eu\/de\/wp-json\/wp\/v2\/media?parent=2243459"}],"curies":[{"name":"wp","href":"https:\/\/api.w.org\/{rel}","templated":true}]}}