{"id":2243454,"date":"2025-06-18T19:48:29","date_gmt":"2025-06-18T19:48:29","guid":{"rendered":"https:\/\/teguar.com\/eu\/robuste-tablet-produkte-im-schnellversand\/"},"modified":"2025-10-16T12:44:17","modified_gmt":"2025-10-16T12:44:17","slug":"robuste-tablet-produkte-im-schnellversand","status":"publish","type":"page","link":"https:\/\/teguar.com\/eu\/de\/robuste-tablet-produkte-im-schnellversand\/","title":{"rendered":"Robuste Tablet-Produkte im Schnellversand"},"content":{"rendered":"    <section class=\"content-with-side-media\">\n        <div class=\"container\">\n            <div class=\"text wysiwyg\">\n                                    <p>Teguar bietet eine Auswahl an vorkonfigurierten und getesteten Rugged-Tablets, die schnell geliefert werden k\u00f6nnen. Diese <a href=\"https:\/\/teguar.com\/eu\/de\/robuste-tablet-pcs\/\">robusten Tablets<\/a> sind ideal f\u00fcr Unternehmen und Fachleute im Gesundheitswesen, die eine schnelle, zuverl\u00e4ssige und sofort einsatzbereite L\u00f6sung ben\u00f6tigen. <\/p>\n<p><strong>Zuverl\u00e4ssige und effiziente robuste L\u00f6sungen<\/strong><br \/>\nUnsere robusten Tablets bieten zuverl\u00e4ssige und effiziente L\u00f6sungen f\u00fcr eine Vielzahl von anspruchsvollen Anwendungen. Ganz gleich, ob Sie im Au\u00dfendienst, in der Fabrikhalle oder im Gesundheitswesen t\u00e4tig sind, diese Ger\u00e4te sind f\u00fcr den Einsatz gebaut. <\/p>\n<p><strong>Schnelle Lieferzeiten f\u00fcr einen unterbrechungsfreien Betrieb<\/strong><br \/>\nEin wichtiger Aspekt beim Kauf von robusten Tablets ist die Lieferzeit. Gl\u00fccklicherweise bietet Teguar f\u00fcr bestimmte Ger\u00e4te eine Schnellversandoption an, die sicherstellt, dass Sie Ihre Ger\u00e4te umgehend erhalten. Diese kurzen Lieferzeiten helfen Unternehmen, Ausfallzeiten zu minimieren und die Produktivit\u00e4t aufrechtzuerhalten, w\u00e4hrend Gesundheitseinrichtungen eine unterbrechungsfreie Versorgung gew\u00e4hrleisten k\u00f6nnen.  <\/p>\n<p><strong>Sofort einsatzbereite robuste Tablets<\/strong><br \/>\nUnsere schnell lieferbaren robusten Tablets sind in der Regel vorkonfiguriert und gr\u00fcndlich getestet, so dass sie sofort einsatzbereit sind. Sie sind mit den neuesten Technologien und Funktionen ausgestattet, darunter Hochleistungsprozessoren, Touchscreens und robuste Designs, die f\u00fcr raue Umgebungen und h\u00e4ufigen Gebrauch ausgelegt sind. <\/p>\n<p><strong>Wichtigste Vorteile<\/strong><\/p>\n<ul>\n<li>Produktverf\u00fcgbarkeit: Wir bieten eine Reihe von robusten Tablets an, die innerhalb von 1-2 Wochen versandt werden k\u00f6nnen.<\/li>\n<li>Vorkonfiguriert und getestet: Unsere robusten Tablets sind sofort nach dem Auspacken einsatzbereit. Das spart Unternehmen Zeit bei der Konfiguration und macht sie schnell einsatzbereit. <\/li>\n<li>Anpassbare Optionen: Neben unseren vorkonfigurierten robusten Tablets bietet Teguar auch anpassbare Optionen f\u00fcr Unternehmen mit speziellen Konfigurationen oder Anwendungen. Die Lieferung dieser Optionen kann zwar l\u00e4nger dauern, aber sie bieten mehr Flexibilit\u00e4t f\u00fcr spezielle Anforderungen. <\/li>\n<\/ul>\n                            <\/div>\n\n            <div class=\"media\">\n                            <\/div>\n        <\/div>\n    <\/section>\n    <section id=\"quick-ship-rugged-tablets\" class=\"products-by-tag section-spacing\">\n        <div class=\"container\">\n            <div class=\"header\">\n                                    <h2 class=\"headline\">Shop Quick Ship Robuste Tablets<\/h2>\n                            <\/div>\n\n            <div class=\"grid product-card-grid-4\">\n                \n<div class=\"product-card\" class=\"product type-product post-2247869 status-publish first instock product_cat-rugged-windows-tablets product_cat-wasserdichte-tablets product_tag-online-kaufen product_tag-schneller-versand-von-robusten-tablets has-post-thumbnail taxable shipping-taxable purchasable product-type-composite\">\n    <div class=\"media\">\n                        <a href=\"https:\/\/teguar.com\/eu\/de\/product\/trt-6280-10s\/\">\n            <img decoding=\"async\" src=\"https:\/\/teguar.com\/eu\/wp-content\/uploads\/sites\/2\/2025\/12\/Deltos-TRT-6280-10S.jpg\" width=\"150\" height=\"150\" alt=\"Deltos TRT-6280-10S\" class=\"hero-image thumb lazy\" loading=\"lazy\" \/>        <\/a>\n    <\/div>\n    <div class=\"content\">\n        <h3>\n            <a href=\"https:\/\/teguar.com\/eu\/de\/product\/trt-6280-10s\/\" class=\"name\">\n                TRT-6280-10S\n                            <\/a>\n        <\/h3>\n\n                    <div class=\"subtitle\">\n                Schlankes, robustes Tablet mit Schnellladefunktion            <\/div>\n\n        \n                    <div class=\"product-kh\">\n                <ul>\n<li>Intel N150 Alder Lake Prozessor der 12. Generation<\/li>\n<li>Windows 11 Home, Pro oder IoT<\/li>\n<li>10,1-Zoll-Full-HD-Bildschirm mit 700 Nits Helligkeit<\/li>\n<li>Staub- und wasserdicht gem\u00e4\u00df IP67<\/li>\n<li>Zwei USB-C-Anschl\u00fcsse f\u00fcr Stromversorgung und A\/V-Ausgang<\/li>\n<li>Dualband-WLAN, Bluetooth, 4G\/5G LTE<\/li>\n<\/ul>\n            <\/div>\n        \n        <div class=\"c-footer\">\n            <a href=\"https:\/\/teguar.com\/eu\/de\/product\/trt-6280-10s\/#get-a-quick-quote\" class=\"button button-blue button-get-a-quick-quote\" >Angebot anfordern<\/a>        <\/div>\n    <\/div>\n<\/div>\n\n\n<div class=\"product-card\" class=\"product type-product post-2244859 status-publish onbackorder product_cat-rugged-android-tablets product_tag-computer-fur-militar-und-luft-und-raumfahrt product_tag-online-kaufen product_tag-schneller-versand-von-robusten-tablets product_tag-tablets-fur-den-ausendienst has-post-thumbnail taxable shipping-taxable purchasable product-type-composite\">\n    <div class=\"media\">\n                        <a href=\"https:\/\/teguar.com\/eu\/de\/product\/trt-a5780-10\/\">\n            <img decoding=\"async\" src=\"https:\/\/teguar.com\/eu\/wp-content\/uploads\/sites\/2\/2021\/04\/10_rugged_android_tablet_TRT-A5780-10_front_angled_view__02770.1722866740.1280.1280.jpg\" width=\"150\" height=\"150\" alt=\"10&quot; Rugged Android Tablet front side view\" class=\"hero-image thumb lazy\" loading=\"lazy\" \/>        <\/a>\n    <\/div>\n    <div class=\"content\">\n        <h3>\n            <a href=\"https:\/\/teguar.com\/eu\/de\/product\/trt-a5780-10\/\" class=\"name\">\n                TRT-A5780-10\n                            <\/a>\n        <\/h3>\n\n                    <div class=\"subtitle\">\n                10&quot; Industrie Tablet PC            <\/div>\n\n        \n                    <div class=\"product-kh\">\n                <ul>\n<li>10&#8243; Pcap Touchscreen<\/li>\n<li>Mediatek G99 Ultimate Octa-Core CPU &#8211; Passmark Bewertung 4208<\/li>\n<li>Android 14 mit Google Mobile Services<\/li>\n<li>Integrierte USB Typ C-, HDMI- und LAN-Anschl\u00fcsse<\/li>\n<li>Herausnehmbare Hot-Swap-Batterie<\/li>\n<\/ul>\n            <\/div>\n        \n        <div class=\"c-footer\">\n            <a href=\"https:\/\/teguar.com\/eu\/de\/product\/trt-a5780-10\/#get-a-quick-quote\" class=\"button button-blue button-get-a-quick-quote\" >Angebot anfordern<\/a>        <\/div>\n    <\/div>\n<\/div>\n\n\n<div class=\"product-card\" class=\"product type-product post-2244884 status-publish last instock product_cat-rugged-windows-tablets product_tag-online-kaufen product_tag-schneller-versand-von-robusten-tablets product_tag-tablets-fur-den-ausendienst has-post-thumbnail taxable shipping-taxable purchasable product-type-composite\">\n    <div class=\"media\">\n                        <a href=\"https:\/\/teguar.com\/eu\/de\/product\/trt-7080-10\/\">\n            <img decoding=\"async\" src=\"https:\/\/teguar.com\/eu\/wp-content\/uploads\/sites\/2\/2023\/06\/10_Inch_Rugged_Tablet_Docking_Station-_TRT-7080-10_Front_Angle__58443.1686577260.1280.1280.jpg\" width=\"150\" height=\"91\" alt=\"10 inch Rugged Tablet Docking Station- TRT-7080-10 Front Angle\" class=\"hero-image thumb lazy\" loading=\"lazy\" \/>        <\/a>\n    <\/div>\n    <div class=\"content\">\n        <h3>\n            <a href=\"https:\/\/teguar.com\/eu\/de\/product\/trt-7080-10\/\" class=\"name\">\n                TRT-7080-10\n                            <\/a>\n        <\/h3>\n\n                    <div class=\"subtitle\">\n                10&quot; Robustes Tablet mit Dockingstation            <\/div>\n\n        \n                    <div class=\"product-kh\">\n                <ul>\n<li>10&#8243; Full HD-Touchscreen-Display<\/li>\n<li>Intel Core i5\/i7-Prozessor der 12. Generation<\/li>\n<li>M.2 SSD zug\u00e4nglicher Speicher <\/li>\n<li>Hot-Swap-f\u00e4higer Akku<\/li>\n<li>Windows 11-F\u00e4higkeit<\/li>\n<\/ul>\n            <\/div>\n        \n        <div class=\"c-footer\">\n            <a href=\"https:\/\/teguar.com\/eu\/de\/product\/trt-7080-10\/#get-a-quick-quote\" class=\"button button-blue button-get-a-quick-quote\" >Angebot anfordern<\/a>        <\/div>\n    <\/div>\n<\/div>\n\n\n<div class=\"product-card\" class=\"product type-product post-2244871 status-publish first instock product_cat-rugged-windows-tablets product_tag-fahrzeug-und-gabelstapler-tablets product_tag-online-kaufen product_tag-schneller-versand-von-robusten-tablets has-post-thumbnail taxable shipping-taxable purchasable product-type-composite\">\n    <div class=\"media\">\n                        <a href=\"https:\/\/teguar.com\/eu\/de\/product\/trt-7080-12\/\">\n            <img decoding=\"async\" src=\"https:\/\/teguar.com\/eu\/wp-content\/uploads\/sites\/2\/2023\/06\/12_Inch_Rugged_Tablet_Docking_Station-TRT-7080-12_Front_with_Dock__07697.1686580506.1280.1280.jpg\" width=\"150\" height=\"91\" alt=\"12 Inch Rugged Tablet Docking Station-TRT-7080-12  Front With Dock\" class=\"hero-image thumb lazy\" loading=\"lazy\" \/>        <\/a>\n    <\/div>\n    <div class=\"content\">\n        <h3>\n            <a href=\"https:\/\/teguar.com\/eu\/de\/product\/trt-7080-12\/\" class=\"name\">\n                TRT-7080-12\n                            <\/a>\n        <\/h3>\n\n                    <div class=\"subtitle\">\n                12&quot; Robustes Tablet mit Dockingstation            <\/div>\n\n        \n                    <div class=\"product-kh\">\n                <ul>\n<li>12,2&#8243; Full HD Touchscreen Display<\/li>\n<li>Intel Core i5\/i7-Prozessor der 12. Generation<\/li>\n<li>Windows 11-F\u00e4higkeit<\/li>\n<li>Hot-Swap-f\u00e4higer Akku<\/li>\n<li>M.2 SSD zug\u00e4nglicher Speicher <\/li>\n<\/ul>\n            <\/div>\n        \n        <div class=\"c-footer\">\n            <a href=\"https:\/\/teguar.com\/eu\/de\/product\/trt-7080-12\/#get-a-quick-quote\" class=\"button button-blue button-get-a-quick-quote\" >Angebot anfordern<\/a>        <\/div>\n    <\/div>\n<\/div>\n\n\n<div class=\"product-card\" class=\"product type-product post-2244858 status-publish instock product_cat-rugged-windows-tablets product_cat-wasserdichte-tablets product_tag-online-kaufen product_tag-schneller-versand-von-robusten-tablets has-post-thumbnail taxable shipping-taxable purchasable product-type-composite\">\n    <div class=\"media\">\n                        <a href=\"https:\/\/teguar.com\/eu\/de\/product\/trt-5380-10\/\">\n            <img decoding=\"async\" src=\"https:\/\/teguar.com\/eu\/wp-content\/uploads\/sites\/2\/2022\/07\/heavy_duty_tablet_10__60039.1658346583.1280.1280.jpg\" width=\"150\" height=\"150\" alt=\"10&quot; Heavy Duty Tablet | TRT-5380-10\" class=\"hero-image thumb lazy\" loading=\"lazy\" \/>        <\/a>\n    <\/div>\n    <div class=\"content\">\n        <h3>\n            <a href=\"https:\/\/teguar.com\/eu\/de\/product\/trt-5380-10\/\" class=\"name\">\n                TRT-5380-10\n                            <\/a>\n        <\/h3>\n\n                    <div class=\"subtitle\">\n                10\u201c Hochleistungs-Tablet            <\/div>\n\n        \n                    <div class=\"product-kh\">\n                <ul>\n<li>10,1&#8243; Gorilla Glas Touchscreen<\/li>\n<li>Intel Jasper Lake Quad-Core CPU<\/li>\n<li>Wi-Fi , Bluetooth, GPS und optional NFC<\/li>\n<li>MIL-STD-810G sto\u00df- und fallfest<\/li>\n<li>USB Typ C, USB Typ A, RS232 COM-Anschluss<\/li>\n<li>Pogo Pin Erweiterung f\u00fcr Dockingstationen<\/li>\n<\/ul>\n            <\/div>\n        \n        <div class=\"c-footer\">\n            <a href=\"https:\/\/teguar.com\/eu\/de\/product\/trt-5380-10\/#get-a-quick-quote\" class=\"button button-blue button-get-a-quick-quote\" >Angebot anfordern<\/a>        <\/div>\n    <\/div>\n<\/div>\n\n\n<div class=\"product-card\" class=\"product type-product post-2244837 status-publish last instock product_cat-rugged-windows-tablets product_cat-wasserdichte-tablets product_tag-computer-und-tablets-fur-reinraume product_tag-online-kaufen product_tag-schneller-versand-von-robusten-tablets product_tag-tablets-fur-den-ausendienst has-post-thumbnail taxable shipping-taxable purchasable product-type-composite\">\n    <div class=\"media\">\n                        <a href=\"https:\/\/teguar.com\/eu\/de\/product\/trt-5380-12\/\">\n            <img decoding=\"async\" src=\"https:\/\/teguar.com\/eu\/wp-content\/uploads\/sites\/2\/2022\/07\/heavy_duty_tablet_12__81539.1658347661.1280.1280.jpg\" width=\"150\" height=\"150\" alt=\"12&quot; Heavy Duty Tablet | TRT-5380-12\" class=\"hero-image thumb lazy\" loading=\"lazy\" \/>        <\/a>\n    <\/div>\n    <div class=\"content\">\n        <h3>\n            <a href=\"https:\/\/teguar.com\/eu\/de\/product\/trt-5380-12\/\" class=\"name\">\n                TRT-5380-12\n                            <\/a>\n        <\/h3>\n\n                    <div class=\"subtitle\">\n                12\u201c Hochleistungs-Tablet            <\/div>\n\n        \n                    <div class=\"product-kh\">\n                <ul>\n<li>12,2&#8243; LCD Gorilla Glass Touchscreen<\/li>\n<li>Intel Jasper Lake Quad-Core CPU<\/li>\n<li>Wi-Fi, Bluetooth, GPS und optional NFC<\/li>\n<li>USB Typ C, USB Typ A, RS232 COM-Anschluss<\/li>\n<li>Pogo Pin Erweiterung f\u00fcr Dockingstationen<\/li>\n<li>Direkt VESA 100 montierbar<\/li>\n<\/ul>\n            <\/div>\n        \n        <div class=\"c-footer\">\n            <a href=\"https:\/\/teguar.com\/eu\/de\/product\/trt-5380-12\/#get-a-quick-quote\" class=\"button button-blue button-get-a-quick-quote\" >Angebot anfordern<\/a>        <\/div>\n    <\/div>\n<\/div>\n\n            <\/div>\n        <\/div>\n    <\/section>\n","protected":false},"excerpt":{"rendered":"","protected":false},"author":3,"featured_media":0,"parent":0,"menu_order":0,"comment_status":"closed","ping_status":"closed","template":"templates\/template-content-page.php","meta":{"_acf_changed":false,"footnotes":""},"class_list":["post-2243454","page","type-page","status-publish","hentry"],"acf":[],"yoast_head":"<!-- This site is optimized with the Yoast SEO Premium plugin v26.8 (Yoast SEO v27.2) - https:\/\/yoast.com\/product\/yoast-seo-premium-wordpress\/ -->\n<title>Teguar Quick Ship Robuste Tablets<\/title>\n<meta name=\"description\" content=\"Robuste Tablets, die innerhalb von 1-2 Wochen an jeden Ort auf dem amerikanischen Festland geliefert werden k\u00f6nnen. Fragen Sie noch heute an!\" \/>\n<meta name=\"robots\" content=\"index, follow, max-snippet:-1, max-image-preview:large, max-video-preview:-1\" \/>\n<link rel=\"canonical\" href=\"https:\/\/teguar.com\/eu\/de\/robuste-tablet-produkte-im-schnellversand\/\" \/>\n<meta property=\"og:locale\" content=\"de_DE\" \/>\n<meta property=\"og:type\" content=\"article\" \/>\n<meta property=\"og:title\" content=\"Robuste Tablet-Produkte im Schnellversand\" \/>\n<meta property=\"og:description\" content=\"Robuste Tablets, die innerhalb von 1-2 Wochen an jeden Ort auf dem amerikanischen Festland geliefert werden k\u00f6nnen. Fragen Sie noch heute an!\" \/>\n<meta property=\"og:url\" content=\"https:\/\/teguar.com\/eu\/de\/robuste-tablet-produkte-im-schnellversand\/\" \/>\n<meta property=\"og:site_name\" content=\"Teguar\" \/>\n<meta property=\"article:modified_time\" content=\"2025-10-16T12:44:17+00:00\" \/>\n<meta name=\"twitter:card\" content=\"summary_large_image\" \/>\n<script type=\"application\/ld+json\" class=\"yoast-schema-graph\">{\"@context\":\"https:\/\/schema.org\",\"@graph\":[{\"@type\":\"WebPage\",\"@id\":\"https:\/\/teguar.com\/eu\/de\/robuste-tablet-produkte-im-schnellversand\/\",\"url\":\"https:\/\/teguar.com\/eu\/de\/robuste-tablet-produkte-im-schnellversand\/\",\"name\":\"Teguar Quick Ship Robuste Tablets\",\"isPartOf\":{\"@id\":\"https:\/\/teguar.com\/eu\/en\/#website\"},\"datePublished\":\"2025-06-18T19:48:29+00:00\",\"dateModified\":\"2025-10-16T12:44:17+00:00\",\"description\":\"Robuste Tablets, die innerhalb von 1-2 Wochen an jeden Ort auf dem amerikanischen Festland geliefert werden k\u00f6nnen. Fragen Sie noch heute an!\",\"breadcrumb\":{\"@id\":\"https:\/\/teguar.com\/eu\/de\/robuste-tablet-produkte-im-schnellversand\/#breadcrumb\"},\"inLanguage\":\"de\",\"potentialAction\":[{\"@type\":\"ReadAction\",\"target\":[\"https:\/\/teguar.com\/eu\/de\/robuste-tablet-produkte-im-schnellversand\/\"]}]},{\"@type\":\"BreadcrumbList\",\"@id\":\"https:\/\/teguar.com\/eu\/de\/robuste-tablet-produkte-im-schnellversand\/#breadcrumb\",\"itemListElement\":[{\"@type\":\"ListItem\",\"position\":1,\"name\":\"Home\",\"item\":\"https:\/\/teguar.com\/eu\/de\/\"},{\"@type\":\"ListItem\",\"position\":2,\"name\":\"Robuste Tablet-Produkte im Schnellversand\"}]},{\"@type\":\"WebSite\",\"@id\":\"https:\/\/teguar.com\/eu\/en\/#website\",\"url\":\"https:\/\/teguar.com\/eu\/en\/\",\"name\":\"Teguar\",\"description\":\"Industrial PCs, Medical Computers, and Rugged Tablets\",\"potentialAction\":[{\"@type\":\"SearchAction\",\"target\":{\"@type\":\"EntryPoint\",\"urlTemplate\":\"https:\/\/teguar.com\/eu\/en\/?s={search_term_string}\"},\"query-input\":{\"@type\":\"PropertyValueSpecification\",\"valueRequired\":true,\"valueName\":\"search_term_string\"}}],\"inLanguage\":\"de\"}]}<\/script>\n<!-- \/ Yoast SEO Premium plugin. -->","yoast_head_json":{"title":"Teguar Quick Ship Robuste Tablets","description":"Robuste Tablets, die innerhalb von 1-2 Wochen an jeden Ort auf dem amerikanischen Festland geliefert werden k\u00f6nnen. Fragen Sie noch heute an!","robots":{"index":"index","follow":"follow","max-snippet":"max-snippet:-1","max-image-preview":"max-image-preview:large","max-video-preview":"max-video-preview:-1"},"canonical":"https:\/\/teguar.com\/eu\/de\/robuste-tablet-produkte-im-schnellversand\/","og_locale":"de_DE","og_type":"article","og_title":"Robuste Tablet-Produkte im Schnellversand","og_description":"Robuste Tablets, die innerhalb von 1-2 Wochen an jeden Ort auf dem amerikanischen Festland geliefert werden k\u00f6nnen. Fragen Sie noch heute an!","og_url":"https:\/\/teguar.com\/eu\/de\/robuste-tablet-produkte-im-schnellversand\/","og_site_name":"Teguar","article_modified_time":"2025-10-16T12:44:17+00:00","twitter_card":"summary_large_image","schema":{"@context":"https:\/\/schema.org","@graph":[{"@type":"WebPage","@id":"https:\/\/teguar.com\/eu\/de\/robuste-tablet-produkte-im-schnellversand\/","url":"https:\/\/teguar.com\/eu\/de\/robuste-tablet-produkte-im-schnellversand\/","name":"Teguar Quick Ship Robuste Tablets","isPartOf":{"@id":"https:\/\/teguar.com\/eu\/en\/#website"},"datePublished":"2025-06-18T19:48:29+00:00","dateModified":"2025-10-16T12:44:17+00:00","description":"Robuste Tablets, die innerhalb von 1-2 Wochen an jeden Ort auf dem amerikanischen Festland geliefert werden k\u00f6nnen. Fragen Sie noch heute an!","breadcrumb":{"@id":"https:\/\/teguar.com\/eu\/de\/robuste-tablet-produkte-im-schnellversand\/#breadcrumb"},"inLanguage":"de","potentialAction":[{"@type":"ReadAction","target":["https:\/\/teguar.com\/eu\/de\/robuste-tablet-produkte-im-schnellversand\/"]}]},{"@type":"BreadcrumbList","@id":"https:\/\/teguar.com\/eu\/de\/robuste-tablet-produkte-im-schnellversand\/#breadcrumb","itemListElement":[{"@type":"ListItem","position":1,"name":"Home","item":"https:\/\/teguar.com\/eu\/de\/"},{"@type":"ListItem","position":2,"name":"Robuste Tablet-Produkte im Schnellversand"}]},{"@type":"WebSite","@id":"https:\/\/teguar.com\/eu\/en\/#website","url":"https:\/\/teguar.com\/eu\/en\/","name":"Teguar","description":"Industrial PCs, Medical Computers, and Rugged Tablets","potentialAction":[{"@type":"SearchAction","target":{"@type":"EntryPoint","urlTemplate":"https:\/\/teguar.com\/eu\/en\/?s={search_term_string}"},"query-input":{"@type":"PropertyValueSpecification","valueRequired":true,"valueName":"search_term_string"}}],"inLanguage":"de"}]}},"_links":{"self":[{"href":"https:\/\/teguar.com\/eu\/de\/wp-json\/wp\/v2\/pages\/2243454","targetHints":{"allow":["GET"]}}],"collection":[{"href":"https:\/\/teguar.com\/eu\/de\/wp-json\/wp\/v2\/pages"}],"about":[{"href":"https:\/\/teguar.com\/eu\/de\/wp-json\/wp\/v2\/types\/page"}],"author":[{"embeddable":true,"href":"https:\/\/teguar.com\/eu\/de\/wp-json\/wp\/v2\/users\/3"}],"replies":[{"embeddable":true,"href":"https:\/\/teguar.com\/eu\/de\/wp-json\/wp\/v2\/comments?post=2243454"}],"version-history":[{"count":1,"href":"https:\/\/teguar.com\/eu\/de\/wp-json\/wp\/v2\/pages\/2243454\/revisions"}],"predecessor-version":[{"id":2243456,"href":"https:\/\/teguar.com\/eu\/de\/wp-json\/wp\/v2\/pages\/2243454\/revisions\/2243456"}],"wp:attachment":[{"href":"https:\/\/teguar.com\/eu\/de\/wp-json\/wp\/v2\/media?parent=2243454"}],"curies":[{"name":"wp","href":"https:\/\/api.w.org\/{rel}","templated":true}]}}