{"id":2243301,"date":"2025-06-18T20:18:38","date_gmt":"2025-06-18T20:18:38","guid":{"rendered":"https:\/\/teguar.com\/eu\/kommerzielle-anwendungen\/"},"modified":"2025-11-24T18:48:49","modified_gmt":"2025-11-24T18:48:49","slug":"kommerzielle-anwendungen","status":"publish","type":"page","link":"https:\/\/teguar.com\/eu\/de\/kommerzielle-anwendungen\/","title":{"rendered":"Kommerzielle Anwendungen"},"content":{"rendered":"    <section class=\"content-with-side-media section-spacing\">\n        <div class=\"container\">\n            <div class=\"text wysiwyg\">\n                                    <p>Kommerzielle Computer sind so konzipiert, dass sie den Leistungsanforderungen der breiten \u00d6ffentlichkeit standhalten und 24\/7-Funktionalit\u00e4t in Anwendungen mit hohem Datenverkehr bieten. Diese Computer sind so hergestellt, dass sie einer Vielzahl von Software- und Umwelteinfl\u00fcssen standhalten, wie z. B. schlechte oder intensive Beleuchtung, h\u00e4ufige Reinigungen, gro\u00dfe Temperaturschwankungen und hohe Ber\u00fchrungsfrequenzen. Teguar wei\u00df, dass Touchscreen-Computer oft das Vehikel sind, das wichtige Punkte des Kundenerlebnisses f\u00fcr Ihr Unternehmen liefert. Unser Team wird mit Ihnen zusammenarbeiten, um sicherzustellen, dass Sie \u00fcber die richtige Computerhardware verf\u00fcgen, um das Markenerlebnis zu schaffen, das Sie sich vorstellen.<\/p>\n<ul class=\"no-icon\">\n<li><a class=\"\" href=\"https:\/\/teguar.com\/eu\/de\/ueberwachung-sicherheit-computer\/\">Sicherheits-Computer<\/a><\/li>\n<li><a class=\"\" href=\"https:\/\/teguar.com\/eu\/de\/interaktive-displays\/\">Interaktive Displays<\/a><\/li>\n<li><a class=\"\" href=\"https:\/\/teguar.com\/eu\/de\/digitale-beschilderung-fuer-den-aussenbereich\/\">Digitale Beschilderung f\u00fcr den Au\u00dfenbereich<\/a><\/li>\n<li><a class=\"\" href=\"https:\/\/teguar.com\/eu\/de\/computer-fuer-verkaufsstellen-pos\/\">POS-Computer<\/a><\/li>\n<\/ul>\n                            <\/div>\n\n            <div class=\"media\">\n                <img loading=\"lazy\" decoding=\"async\" src=\"https:\/\/teguar.com\/eu\/wp-content\/uploads\/sites\/2\/2025\/06\/Commercial-Computer-Use.jpg\" width=\"640\" height=\"524\" alt=\"Commercial Computer Use\" class=\"large lazy\" srcset=\"https:\/\/teguar.com\/eu\/wp-content\/uploads\/sites\/2\/2025\/06\/Commercial-Computer-Use.jpg 689w, https:\/\/teguar.com\/eu\/wp-content\/uploads\/sites\/2\/2025\/06\/Commercial-Computer-Use-300x246.jpg 300w, https:\/\/teguar.com\/eu\/wp-content\/uploads\/sites\/2\/2025\/06\/Commercial-Computer-Use-183x150.jpg 183w, https:\/\/teguar.com\/eu\/wp-content\/uploads\/sites\/2\/2025\/06\/Commercial-Computer-Use-164x134.jpg 164w, https:\/\/teguar.com\/eu\/wp-content\/uploads\/sites\/2\/2025\/06\/Commercial-Computer-Use-600x491.jpg 600w\"loading=\"lazy\" \/>            <\/div>\n        <\/div>\n    <\/section>\n\n\n\n<section class=\"round-cards section-spacing\">\n    <div class=\"container\">\n        <div class=\"top\">\n                            <h2>TEGUAR 360\u00ba<\/h2>\n            \n                            <p class=\"lead\">Von der Projektkonzeption bis zum langfristigen Support f\u00fcr Ihre Teguar-Computer. Teguar begleitet Sie von Anfang bis Ende.<\/p>\n                    <\/div>\n\n                    <div class=\"bottom\">\n                \n<a href=\"\/eu\/de\/kontaktieren-sie-uns\/\" class=\"card\">\n    <div class=\"media\">\n        <img decoding=\"async\" src=\"https:\/\/teguar.com\/eu\/wp-content\/uploads\/sites\/2\/2025\/06\/round-card-1.svg\" width=\"100\" height=\"100\" alt=\"\" class=\"full lazy\" loading=\"lazy\" \/><img decoding=\"async\" src=\"https:\/\/teguar.com\/eu\/wp-content\/uploads\/sites\/2\/2025\/06\/round-card-1-hover.svg\" width=\"100\" height=\"100\" alt=\"\" class=\"full lazy\" loading=\"lazy\" \/>    <\/div>\n\n            <p class=\"title\">Anfrage<\/p>\n    \n            <span class=\"button\">Schnellangebot anfordern<\/span>\n    <\/a>\n\n\n<a href=\"\/eu\/de\/oem-odm-kundenspezifische-design-dienstleistungen-fuer-industriecomputer\/\" class=\"card\">\n    <div class=\"media\">\n        <img decoding=\"async\" src=\"https:\/\/teguar.com\/eu\/wp-content\/uploads\/sites\/2\/2025\/06\/round-card-2.svg\" width=\"100\" height=\"100\" alt=\"\" class=\"full lazy\" loading=\"lazy\" \/><img decoding=\"async\" src=\"https:\/\/teguar.com\/eu\/wp-content\/uploads\/sites\/2\/2025\/06\/round-card-2-hover.svg\" width=\"100\" height=\"100\" alt=\"\" class=\"full lazy\" loading=\"lazy\" \/>    <\/div>\n\n            <p class=\"title\">Erhalten Sie eine ma\u00dfgeschneiderte Computersysteml\u00f6sung<\/p>\n    \n            <span class=\"button\">Design-Dienstleistungen<\/span>\n    <\/a>\n\n\n<a href=\"\/eu\/de\/unterstuetzen\/\" class=\"card\">\n    <div class=\"media\">\n        <img decoding=\"async\" src=\"https:\/\/teguar.com\/eu\/wp-content\/uploads\/sites\/2\/2025\/06\/round-card-3.svg\" width=\"100\" height=\"100\" alt=\"\" class=\"full lazy\" loading=\"lazy\" \/><img decoding=\"async\" src=\"https:\/\/teguar.com\/eu\/wp-content\/uploads\/sites\/2\/2025\/06\/round-card-3-hover.svg\" width=\"100\" height=\"100\" alt=\"\" class=\"full lazy\" loading=\"lazy\" \/>    <\/div>\n\n            <p class=\"title\">Holen Sie sich Hilfe von erfahrenen Servicetechnikern<\/p>\n    \n            <span class=\"button\">Support erhalten<\/span>\n    <\/a>\n\n            <\/div>\n            <\/div>\n<\/section>\n\n","protected":false},"excerpt":{"rendered":"","protected":false},"author":3,"featured_media":0,"parent":0,"menu_order":0,"comment_status":"closed","ping_status":"closed","template":"templates\/template-content-page.php","meta":{"_acf_changed":false,"footnotes":""},"class_list":["post-2243301","page","type-page","status-publish","hentry"],"acf":[],"yoast_head":"<!-- This site is optimized with the Yoast SEO Premium plugin v26.8 (Yoast SEO v27.2) - https:\/\/yoast.com\/product\/yoast-seo-premium-wordpress\/ -->\n<title>Kommerzielle Anwendungen, bei denen Teguar Computer eingesetzt werden<\/title>\n<meta name=\"description\" content=\"Eine Liste kommerzieller Anwendungen, in denen Teguar Computer verwendet werden k\u00f6nnen.\" \/>\n<meta name=\"robots\" content=\"index, follow, max-snippet:-1, max-image-preview:large, max-video-preview:-1\" \/>\n<link rel=\"canonical\" href=\"https:\/\/teguar.com\/eu\/de\/kommerzielle-anwendungen\/\" \/>\n<meta property=\"og:locale\" content=\"de_DE\" \/>\n<meta property=\"og:type\" content=\"article\" \/>\n<meta property=\"og:title\" content=\"Kommerzielle Anwendungen\" \/>\n<meta property=\"og:description\" content=\"Eine Liste kommerzieller Anwendungen, in denen Teguar Computer verwendet werden k\u00f6nnen.\" \/>\n<meta property=\"og:url\" content=\"https:\/\/teguar.com\/eu\/de\/kommerzielle-anwendungen\/\" \/>\n<meta property=\"og:site_name\" content=\"Teguar\" \/>\n<meta property=\"article:modified_time\" content=\"2025-11-24T18:48:49+00:00\" \/>\n<meta name=\"twitter:card\" content=\"summary_large_image\" \/>\n<script type=\"application\/ld+json\" class=\"yoast-schema-graph\">{\"@context\":\"https:\/\/schema.org\",\"@graph\":[{\"@type\":\"WebPage\",\"@id\":\"https:\/\/teguar.com\/eu\/de\/kommerzielle-anwendungen\/\",\"url\":\"https:\/\/teguar.com\/eu\/de\/kommerzielle-anwendungen\/\",\"name\":\"Kommerzielle Anwendungen, bei denen Teguar Computer eingesetzt werden\",\"isPartOf\":{\"@id\":\"https:\/\/teguar.com\/eu\/en\/#website\"},\"datePublished\":\"2025-06-18T20:18:38+00:00\",\"dateModified\":\"2025-11-24T18:48:49+00:00\",\"description\":\"Eine Liste kommerzieller Anwendungen, in denen Teguar Computer verwendet werden k\u00f6nnen.\",\"breadcrumb\":{\"@id\":\"https:\/\/teguar.com\/eu\/de\/kommerzielle-anwendungen\/#breadcrumb\"},\"inLanguage\":\"de\",\"potentialAction\":[{\"@type\":\"ReadAction\",\"target\":[\"https:\/\/teguar.com\/eu\/de\/kommerzielle-anwendungen\/\"]}]},{\"@type\":\"BreadcrumbList\",\"@id\":\"https:\/\/teguar.com\/eu\/de\/kommerzielle-anwendungen\/#breadcrumb\",\"itemListElement\":[{\"@type\":\"ListItem\",\"position\":1,\"name\":\"Home\",\"item\":\"https:\/\/teguar.com\/eu\/de\/\"},{\"@type\":\"ListItem\",\"position\":2,\"name\":\"Kommerzielle Anwendungen\"}]},{\"@type\":\"WebSite\",\"@id\":\"https:\/\/teguar.com\/eu\/en\/#website\",\"url\":\"https:\/\/teguar.com\/eu\/en\/\",\"name\":\"Teguar\",\"description\":\"Industrial PCs, Medical Computers, and Rugged Tablets\",\"potentialAction\":[{\"@type\":\"SearchAction\",\"target\":{\"@type\":\"EntryPoint\",\"urlTemplate\":\"https:\/\/teguar.com\/eu\/en\/?s={search_term_string}\"},\"query-input\":{\"@type\":\"PropertyValueSpecification\",\"valueRequired\":true,\"valueName\":\"search_term_string\"}}],\"inLanguage\":\"de\"}]}<\/script>\n<!-- \/ Yoast SEO Premium plugin. -->","yoast_head_json":{"title":"Kommerzielle Anwendungen, bei denen Teguar Computer eingesetzt werden","description":"Eine Liste kommerzieller Anwendungen, in denen Teguar Computer verwendet werden k\u00f6nnen.","robots":{"index":"index","follow":"follow","max-snippet":"max-snippet:-1","max-image-preview":"max-image-preview:large","max-video-preview":"max-video-preview:-1"},"canonical":"https:\/\/teguar.com\/eu\/de\/kommerzielle-anwendungen\/","og_locale":"de_DE","og_type":"article","og_title":"Kommerzielle Anwendungen","og_description":"Eine Liste kommerzieller Anwendungen, in denen Teguar Computer verwendet werden k\u00f6nnen.","og_url":"https:\/\/teguar.com\/eu\/de\/kommerzielle-anwendungen\/","og_site_name":"Teguar","article_modified_time":"2025-11-24T18:48:49+00:00","twitter_card":"summary_large_image","schema":{"@context":"https:\/\/schema.org","@graph":[{"@type":"WebPage","@id":"https:\/\/teguar.com\/eu\/de\/kommerzielle-anwendungen\/","url":"https:\/\/teguar.com\/eu\/de\/kommerzielle-anwendungen\/","name":"Kommerzielle Anwendungen, bei denen Teguar Computer eingesetzt werden","isPartOf":{"@id":"https:\/\/teguar.com\/eu\/en\/#website"},"datePublished":"2025-06-18T20:18:38+00:00","dateModified":"2025-11-24T18:48:49+00:00","description":"Eine Liste kommerzieller Anwendungen, in denen Teguar Computer verwendet werden k\u00f6nnen.","breadcrumb":{"@id":"https:\/\/teguar.com\/eu\/de\/kommerzielle-anwendungen\/#breadcrumb"},"inLanguage":"de","potentialAction":[{"@type":"ReadAction","target":["https:\/\/teguar.com\/eu\/de\/kommerzielle-anwendungen\/"]}]},{"@type":"BreadcrumbList","@id":"https:\/\/teguar.com\/eu\/de\/kommerzielle-anwendungen\/#breadcrumb","itemListElement":[{"@type":"ListItem","position":1,"name":"Home","item":"https:\/\/teguar.com\/eu\/de\/"},{"@type":"ListItem","position":2,"name":"Kommerzielle Anwendungen"}]},{"@type":"WebSite","@id":"https:\/\/teguar.com\/eu\/en\/#website","url":"https:\/\/teguar.com\/eu\/en\/","name":"Teguar","description":"Industrial PCs, Medical Computers, and Rugged Tablets","potentialAction":[{"@type":"SearchAction","target":{"@type":"EntryPoint","urlTemplate":"https:\/\/teguar.com\/eu\/en\/?s={search_term_string}"},"query-input":{"@type":"PropertyValueSpecification","valueRequired":true,"valueName":"search_term_string"}}],"inLanguage":"de"}]}},"_links":{"self":[{"href":"https:\/\/teguar.com\/eu\/de\/wp-json\/wp\/v2\/pages\/2243301","targetHints":{"allow":["GET"]}}],"collection":[{"href":"https:\/\/teguar.com\/eu\/de\/wp-json\/wp\/v2\/pages"}],"about":[{"href":"https:\/\/teguar.com\/eu\/de\/wp-json\/wp\/v2\/types\/page"}],"author":[{"embeddable":true,"href":"https:\/\/teguar.com\/eu\/de\/wp-json\/wp\/v2\/users\/3"}],"replies":[{"embeddable":true,"href":"https:\/\/teguar.com\/eu\/de\/wp-json\/wp\/v2\/comments?post=2243301"}],"version-history":[{"count":2,"href":"https:\/\/teguar.com\/eu\/de\/wp-json\/wp\/v2\/pages\/2243301\/revisions"}],"predecessor-version":[{"id":2247825,"href":"https:\/\/teguar.com\/eu\/de\/wp-json\/wp\/v2\/pages\/2243301\/revisions\/2247825"}],"wp:attachment":[{"href":"https:\/\/teguar.com\/eu\/de\/wp-json\/wp\/v2\/media?parent=2243301"}],"curies":[{"name":"wp","href":"https:\/\/api.w.org\/{rel}","templated":true}]}}