{"id":2243298,"date":"2025-06-18T19:45:24","date_gmt":"2025-06-18T19:45:24","guid":{"rendered":"https:\/\/teguar.com\/eu\/industrielle-anwendungen\/"},"modified":"2025-12-03T16:18:26","modified_gmt":"2025-12-03T16:18:26","slug":"industrielle-anwendungen","status":"publish","type":"page","link":"https:\/\/teguar.com\/eu\/de\/industrielle-anwendungen\/","title":{"rendered":"Industrielle Anwendungen"},"content":{"rendered":"    <section class=\"content-with-side-media section-spacing\">\n        <div class=\"container\">\n            <div class=\"text wysiwyg\">\n                                    <p><a href=\"https:\/\/teguar.com\/eu\/de\/industrie-computer\/\">Unsere PCs in Industriequalit\u00e4t<\/a> wurden mit einem H\u00f6chstma\u00df an Langlebigkeit und Leistung entwickelt und sind in zahlreichen Formfaktoren, Bildschirmgr\u00f6\u00dfen und Konfigurationen erh\u00e4ltlich. Teguar kann Computer in Industriequalit\u00e4t f\u00fcr nahezu jede Anwendung und jeden Einsatzort anpassen. Wir bieten die neuesten CPUs und interne Hardware, um sicherzustellen, dass unsere Kunden erstklassige Leistung und Service erhalten.  <\/p>\n<ul class=\"no-icon\">\n<li><a class=\"\" href=\"https:\/\/teguar.com\/eu\/de\/marine-computer\/\">Marine-Computer<\/a><\/li>\n<li><a class=\"\" href=\"https:\/\/teguar.com\/eu\/de\/fahrzeug-und-gabelstapler-tablets\/\">Fahrzeug- und Gabelstapler-Tablets<\/a><\/li>\n<li><a class=\"\" href=\"https:\/\/teguar.com\/eu\/de\/computer-fuer-die-oeffentliche-sicherheit\/\">\u00d6ffentliche Sicherheitscomputer<\/a><\/li>\n<li><a class=\"\" href=\"https:\/\/teguar.com\/eu\/de\/computer-fuer-das-baugewerbe\/\">Computer f\u00fcr das Baugewerbe<\/a><\/li>\n<li><a class=\"\" href=\"https:\/\/teguar.com\/eu\/de\/computer-fuer-den-aussenbereich\/\">Computer f\u00fcr den Au\u00dfenbereich<\/a><\/li>\n<li><a class=\"\" href=\"https:\/\/teguar.com\/eu\/de\/steuerungssysteme-computer\/\">Steuerungssysteme Computer<\/a><\/li>\n<li><a class=\"\" href=\"https:\/\/teguar.com\/eu\/de\/computer-fuer-die-industrielle-automatisierung\/\">Computer f\u00fcr die industrielle Automatisierung<\/a><\/li>\n<li><a class=\"\" href=\"https:\/\/teguar.com\/eu\/de\/computer-fuer-die-lagerverwaltung\/\">Computer f\u00fcr die Lagerverwaltung<\/a><\/li>\n<li><a class=\"\" href=\"https:\/\/teguar.com\/eu\/de\/computer-fuer-die-landwirtschaft\/\">Computer f\u00fcr die Landwirtschaft<\/a><\/li>\n<li><a class=\"\" href=\"https:\/\/teguar.com\/eu\/de\/systemintegratoren-fuer-die-automatisierung\/\">Systemintegratoren f\u00fcr die Automatisierung<\/a><\/li>\n<li><a class=\"\" href=\"https:\/\/teguar.com\/eu\/de\/computer-und-tablets-fuer-reinraeume\/\">Computer und Tablets f\u00fcr Reinr\u00e4ume<\/a><\/li>\n<li><a class=\"\" href=\"https:\/\/teguar.com\/eu\/de\/tablets-fuer-den-aussendienst\/\">Tablets f\u00fcr den Au\u00dfendienst<\/a><\/li>\n<li><a class=\"\" href=\"https:\/\/teguar.com\/eu\/de\/computer-fuer-die-lebensmittelverarbeitung\/\">Computer f\u00fcr die Lebensmittelverarbeitung<\/a><\/li>\n<li><a class=\"\" href=\"https:\/\/teguar.com\/eu\/de\/iiot-computer-industrielles-internet-der-dinge\/\">IIoT-Computer (Industrielles Internet der Dinge)<\/a><\/li>\n<li><a class=\"\" href=\"https:\/\/teguar.com\/eu\/de\/fertigungs-computer\/\">Fertigungs-Computer<\/a><\/li>\n<li><a class=\"\" href=\"https:\/\/teguar.com\/eu\/de\/computer-fuer-militaer-und-luft-und-raumfahrt\/\">Computer f\u00fcr Milit\u00e4r und Luft- und Raumfahrt<\/a><\/li>\n<li><a class=\"\" href=\"https:\/\/teguar.com\/eu\/de\/pharmazeutische-computer\/\">Pharmazeutische Computer<\/a><\/li>\n<li><a class=\"\" href=\"https:\/\/teguar.com\/eu\/de\/scada-hmi-panel-pcs\/\">SCADA-HMI-Panel-PCs<\/a><\/li>\n<li><a class=\"\" href=\"https:\/\/teguar.com\/eu\/de\/computer-fuer-explosionsgefaehrdete-bereiche\/\">Computer f\u00fcr explosionsgef\u00e4hrdete Bereiche<\/a><\/li>\n<\/ul>\n                            <\/div>\n\n            <div class=\"media\">\n                <img loading=\"lazy\" decoding=\"async\" src=\"https:\/\/teguar.com\/eu\/wp-content\/uploads\/sites\/2\/2025\/06\/iStock-1478909440-1024x683.jpg\" width=\"640\" height=\"427\" alt=\"Industrial Factory\" class=\"large lazy\" srcset=\"https:\/\/teguar.com\/eu\/wp-content\/uploads\/sites\/2\/2025\/06\/iStock-1478909440-1024x683.jpg 1024w, https:\/\/teguar.com\/eu\/wp-content\/uploads\/sites\/2\/2025\/06\/iStock-1478909440-300x200.jpg 300w, https:\/\/teguar.com\/eu\/wp-content\/uploads\/sites\/2\/2025\/06\/iStock-1478909440-768x513.jpg 768w, https:\/\/teguar.com\/eu\/wp-content\/uploads\/sites\/2\/2025\/06\/iStock-1478909440-1536x1025.jpg 1536w, https:\/\/teguar.com\/eu\/wp-content\/uploads\/sites\/2\/2025\/06\/iStock-1478909440-2048x1367.jpg 2048w, https:\/\/teguar.com\/eu\/wp-content\/uploads\/sites\/2\/2025\/06\/iStock-1478909440-225x150.jpg 225w, https:\/\/teguar.com\/eu\/wp-content\/uploads\/sites\/2\/2025\/06\/iStock-1478909440-164x109.jpg 164w, https:\/\/teguar.com\/eu\/wp-content\/uploads\/sites\/2\/2025\/06\/iStock-1478909440-600x400.jpg 600w\"loading=\"lazy\" \/>            <\/div>\n        <\/div>\n    <\/section>\n\n\n\n<section class=\"round-cards section-spacing\">\n    <div class=\"container\">\n        <div class=\"top\">\n                            <h2>TEGUAR 360\u00ba<\/h2>\n            \n                            <p class=\"lead\">Von der Projektkonzeption bis zum langfristigen Support f\u00fcr Ihre Teguar-Computer. Teguar begleitet Sie von Anfang bis Ende.<\/p>\n                    <\/div>\n\n                    <div class=\"bottom\">\n                \n<a href=\"\/eu\/de\/kontaktieren-sie-uns\/\" class=\"card\">\n    <div class=\"media\">\n        <img decoding=\"async\" src=\"https:\/\/teguar.com\/eu\/wp-content\/uploads\/sites\/2\/2025\/06\/round-card-1.svg\" width=\"100\" height=\"100\" alt=\"\" class=\"full lazy\" loading=\"lazy\" \/><img decoding=\"async\" src=\"https:\/\/teguar.com\/eu\/wp-content\/uploads\/sites\/2\/2025\/06\/round-card-1-hover.svg\" width=\"100\" height=\"100\" alt=\"\" class=\"full lazy\" loading=\"lazy\" \/>    <\/div>\n\n            <p class=\"title\">Anfrage<\/p>\n    \n            <span class=\"button\">Schnellangebot anfordern<\/span>\n    <\/a>\n\n\n<a href=\"\/eu\/de\/oem-odm-kundenspezifische-design-dienstleistungen-fuer-industriecomputer\/\" class=\"card\">\n    <div class=\"media\">\n        <img decoding=\"async\" src=\"https:\/\/teguar.com\/eu\/wp-content\/uploads\/sites\/2\/2025\/06\/round-card-2.svg\" width=\"100\" height=\"100\" alt=\"\" class=\"full lazy\" loading=\"lazy\" \/><img decoding=\"async\" src=\"https:\/\/teguar.com\/eu\/wp-content\/uploads\/sites\/2\/2025\/06\/round-card-2-hover.svg\" width=\"100\" height=\"100\" alt=\"\" class=\"full lazy\" loading=\"lazy\" \/>    <\/div>\n\n            <p class=\"title\">Erhalten Sie eine ma\u00dfgeschneiderte Computersysteml\u00f6sung<\/p>\n    \n            <span class=\"button\">Design-Dienstleistungen<\/span>\n    <\/a>\n\n\n<a href=\"\/eu\/de\/unterstuetzen\/\" class=\"card\">\n    <div class=\"media\">\n        <img decoding=\"async\" src=\"https:\/\/teguar.com\/eu\/wp-content\/uploads\/sites\/2\/2025\/06\/round-card-3.svg\" width=\"100\" height=\"100\" alt=\"\" class=\"full lazy\" loading=\"lazy\" \/><img decoding=\"async\" src=\"https:\/\/teguar.com\/eu\/wp-content\/uploads\/sites\/2\/2025\/06\/round-card-3-hover.svg\" width=\"100\" height=\"100\" alt=\"\" class=\"full lazy\" loading=\"lazy\" \/>    <\/div>\n\n            <p class=\"title\">Holen Sie sich Hilfe von erfahrenen Servicetechnikern<\/p>\n    \n            <span class=\"button\">Support erhalten<\/span>\n    <\/a>\n\n            <\/div>\n            <\/div>\n<\/section>\n\n","protected":false},"excerpt":{"rendered":"","protected":false},"author":3,"featured_media":0,"parent":0,"menu_order":0,"comment_status":"closed","ping_status":"closed","template":"templates\/template-content-page.php","meta":{"_acf_changed":false,"footnotes":""},"class_list":["post-2243298","page","type-page","status-publish","hentry"],"acf":[],"yoast_head":"<!-- This site is optimized with the Yoast SEO Premium plugin v26.8 (Yoast SEO v27.2) - https:\/\/yoast.com\/product\/yoast-seo-premium-wordpress\/ -->\n<title>Industrielle Anwendungen, bei denen Industriecomputer zum Einsatz kommen<\/title>\n<meta name=\"description\" content=\"Eine Liste von industriellen Anwendungen, in denen Teguar Computer eingesetzt werden k\u00f6nnen.\" \/>\n<meta name=\"robots\" content=\"index, follow, max-snippet:-1, max-image-preview:large, max-video-preview:-1\" \/>\n<link rel=\"canonical\" href=\"https:\/\/teguar.com\/eu\/de\/industrielle-anwendungen\/\" \/>\n<meta property=\"og:locale\" content=\"de_DE\" \/>\n<meta property=\"og:type\" content=\"article\" \/>\n<meta property=\"og:title\" content=\"Industrielle Anwendungen\" \/>\n<meta property=\"og:description\" content=\"Eine Liste von industriellen Anwendungen, in denen Teguar Computer eingesetzt werden k\u00f6nnen.\" \/>\n<meta property=\"og:url\" content=\"https:\/\/teguar.com\/eu\/de\/industrielle-anwendungen\/\" \/>\n<meta property=\"og:site_name\" content=\"Teguar\" \/>\n<meta property=\"article:modified_time\" content=\"2025-12-03T16:18:26+00:00\" \/>\n<meta name=\"twitter:card\" content=\"summary_large_image\" \/>\n<script type=\"application\/ld+json\" class=\"yoast-schema-graph\">{\"@context\":\"https:\/\/schema.org\",\"@graph\":[{\"@type\":\"WebPage\",\"@id\":\"https:\/\/teguar.com\/eu\/de\/industrielle-anwendungen\/\",\"url\":\"https:\/\/teguar.com\/eu\/de\/industrielle-anwendungen\/\",\"name\":\"Industrielle Anwendungen, bei denen Industriecomputer zum Einsatz kommen\",\"isPartOf\":{\"@id\":\"https:\/\/teguar.com\/eu\/en\/#website\"},\"datePublished\":\"2025-06-18T19:45:24+00:00\",\"dateModified\":\"2025-12-03T16:18:26+00:00\",\"description\":\"Eine Liste von industriellen Anwendungen, in denen Teguar Computer eingesetzt werden k\u00f6nnen.\",\"breadcrumb\":{\"@id\":\"https:\/\/teguar.com\/eu\/de\/industrielle-anwendungen\/#breadcrumb\"},\"inLanguage\":\"de\",\"potentialAction\":[{\"@type\":\"ReadAction\",\"target\":[\"https:\/\/teguar.com\/eu\/de\/industrielle-anwendungen\/\"]}]},{\"@type\":\"BreadcrumbList\",\"@id\":\"https:\/\/teguar.com\/eu\/de\/industrielle-anwendungen\/#breadcrumb\",\"itemListElement\":[{\"@type\":\"ListItem\",\"position\":1,\"name\":\"Home\",\"item\":\"https:\/\/teguar.com\/eu\/de\/\"},{\"@type\":\"ListItem\",\"position\":2,\"name\":\"Industrielle Anwendungen\"}]},{\"@type\":\"WebSite\",\"@id\":\"https:\/\/teguar.com\/eu\/en\/#website\",\"url\":\"https:\/\/teguar.com\/eu\/en\/\",\"name\":\"Teguar\",\"description\":\"Industrial PCs, Medical Computers, and Rugged Tablets\",\"potentialAction\":[{\"@type\":\"SearchAction\",\"target\":{\"@type\":\"EntryPoint\",\"urlTemplate\":\"https:\/\/teguar.com\/eu\/en\/?s={search_term_string}\"},\"query-input\":{\"@type\":\"PropertyValueSpecification\",\"valueRequired\":true,\"valueName\":\"search_term_string\"}}],\"inLanguage\":\"de\"}]}<\/script>\n<!-- \/ Yoast SEO Premium plugin. -->","yoast_head_json":{"title":"Industrielle Anwendungen, bei denen Industriecomputer zum Einsatz kommen","description":"Eine Liste von industriellen Anwendungen, in denen Teguar Computer eingesetzt werden k\u00f6nnen.","robots":{"index":"index","follow":"follow","max-snippet":"max-snippet:-1","max-image-preview":"max-image-preview:large","max-video-preview":"max-video-preview:-1"},"canonical":"https:\/\/teguar.com\/eu\/de\/industrielle-anwendungen\/","og_locale":"de_DE","og_type":"article","og_title":"Industrielle Anwendungen","og_description":"Eine Liste von industriellen Anwendungen, in denen Teguar Computer eingesetzt werden k\u00f6nnen.","og_url":"https:\/\/teguar.com\/eu\/de\/industrielle-anwendungen\/","og_site_name":"Teguar","article_modified_time":"2025-12-03T16:18:26+00:00","twitter_card":"summary_large_image","schema":{"@context":"https:\/\/schema.org","@graph":[{"@type":"WebPage","@id":"https:\/\/teguar.com\/eu\/de\/industrielle-anwendungen\/","url":"https:\/\/teguar.com\/eu\/de\/industrielle-anwendungen\/","name":"Industrielle Anwendungen, bei denen Industriecomputer zum Einsatz kommen","isPartOf":{"@id":"https:\/\/teguar.com\/eu\/en\/#website"},"datePublished":"2025-06-18T19:45:24+00:00","dateModified":"2025-12-03T16:18:26+00:00","description":"Eine Liste von industriellen Anwendungen, in denen Teguar Computer eingesetzt werden k\u00f6nnen.","breadcrumb":{"@id":"https:\/\/teguar.com\/eu\/de\/industrielle-anwendungen\/#breadcrumb"},"inLanguage":"de","potentialAction":[{"@type":"ReadAction","target":["https:\/\/teguar.com\/eu\/de\/industrielle-anwendungen\/"]}]},{"@type":"BreadcrumbList","@id":"https:\/\/teguar.com\/eu\/de\/industrielle-anwendungen\/#breadcrumb","itemListElement":[{"@type":"ListItem","position":1,"name":"Home","item":"https:\/\/teguar.com\/eu\/de\/"},{"@type":"ListItem","position":2,"name":"Industrielle Anwendungen"}]},{"@type":"WebSite","@id":"https:\/\/teguar.com\/eu\/en\/#website","url":"https:\/\/teguar.com\/eu\/en\/","name":"Teguar","description":"Industrial PCs, Medical Computers, and Rugged Tablets","potentialAction":[{"@type":"SearchAction","target":{"@type":"EntryPoint","urlTemplate":"https:\/\/teguar.com\/eu\/en\/?s={search_term_string}"},"query-input":{"@type":"PropertyValueSpecification","valueRequired":true,"valueName":"search_term_string"}}],"inLanguage":"de"}]}},"_links":{"self":[{"href":"https:\/\/teguar.com\/eu\/de\/wp-json\/wp\/v2\/pages\/2243298","targetHints":{"allow":["GET"]}}],"collection":[{"href":"https:\/\/teguar.com\/eu\/de\/wp-json\/wp\/v2\/pages"}],"about":[{"href":"https:\/\/teguar.com\/eu\/de\/wp-json\/wp\/v2\/types\/page"}],"author":[{"embeddable":true,"href":"https:\/\/teguar.com\/eu\/de\/wp-json\/wp\/v2\/users\/3"}],"replies":[{"embeddable":true,"href":"https:\/\/teguar.com\/eu\/de\/wp-json\/wp\/v2\/comments?post=2243298"}],"version-history":[{"count":5,"href":"https:\/\/teguar.com\/eu\/de\/wp-json\/wp\/v2\/pages\/2243298\/revisions"}],"predecessor-version":[{"id":2247851,"href":"https:\/\/teguar.com\/eu\/de\/wp-json\/wp\/v2\/pages\/2243298\/revisions\/2247851"}],"wp:attachment":[{"href":"https:\/\/teguar.com\/eu\/de\/wp-json\/wp\/v2\/media?parent=2243298"}],"curies":[{"name":"wp","href":"https:\/\/api.w.org\/{rel}","templated":true}]}}