{"id":2243278,"date":"2025-06-17T19:09:22","date_gmt":"2025-06-17T19:09:22","guid":{"rendered":"https:\/\/teguar.com\/eu\/produktanwendungen\/"},"modified":"2025-12-16T21:24:16","modified_gmt":"2025-12-16T21:24:16","slug":"produktanwendungen","status":"publish","type":"page","link":"https:\/\/teguar.com\/eu\/de\/produktanwendungen\/","title":{"rendered":"Produktanwendungen"},"content":{"rendered":"    <section class=\"content-with-side-media is-reversed\">\n        <div class=\"container\">\n            <div class=\"text wysiwyg\">\n                            <\/div>\n\n            <div class=\"media\">\n                            <\/div>\n        <\/div>\n    <\/section>\n\n\n\n<h2 class=\"wp-block-heading\" id=\"h-computer-fur-spezialisierte-endanwendungen\">Computer f\u00fcr spezialisierte Endanwendungen<\/h2>\n\n\n\n<p>Computer f\u00fcr den Massenmarkt sind f\u00fcr den pers\u00f6nlichen Gebrauch zu Hause oder im B\u00fcro bestimmt. Sie sind f\u00fcr den leichten bis mittleren Einsatz in einer sauberen und ruhigen Umgebung konzipiert. Teguar Computer sind anders. Sie sind ma\u00dfgeschneidert f\u00fcr so ziemlich jede Umgebung, die Sie sich au\u00dferhalb des B\u00fcros vorstellen k\u00f6nnen. \u00dcberall dort, wo Sie einen robusten Computer ben\u00f6tigen, hat Teguar einen, der funktioniert. Auf Wunsch <a href=\"https:\/\/teguar.com\/eu\/de\/oem-odm-kundenspezifische-design-dienstleistungen-fuer-industriecomputer\/\">fertigen wir Computer nach Ihren<\/a> Bed\u00fcrfnissen. Viele unserer Industriecomputer sind Teil einer, die unser Kunde anbietet, oder werden als Mensch-Maschine-Schnittstelle (HMI) eingesetzt. Teguar f\u00fchrt robuste Computer, die extremen Temperaturen, regelm\u00e4\u00dfigen Reinigungen und explosiven Umgebungen standhalten, antibakteriell sind und vor allem 24\/7 laufen. Jede Anwendungsseite enth\u00e4lt h\u00e4ufig gestellte Fragen, verwandte Produkte und Funktionen, die Ihnen helfen, das Produkt zu finden, das am besten zu Ihren Anforderungen passt.        <\/p>\n\n\n\n<h4 class=\"wp-block-heading\"><strong>RUFEN SIE UNS AN ODER <a href=\"https:\/\/teguar.com\/eu\/de\/kontaktieren-sie-uns\/\">KONTAKTIEREN SIE UNS<\/a> F\u00dcR EINE OPTIMALE KONFIGURATION UND EINEN OPTIMALEN PREIS<\/strong><\/h4>\n\n\n\n<h2 class=\"wp-block-heading\" id=\"h-41-41-561-5311\">+41 41 561 5311<\/h2>\n\n\n\n<h4 class=\"wp-block-heading\" id=\"h-sparen-sie-stundenlange-recherchen-und-vergleichsoptionen-verschwenden-sie-nicht-ihre-zeit-rufen-sie-uns-an\"><strong>Sparen Sie stundenlange Recherchen und Vergleichsoptionen<\/strong>.  <strong>Verschwenden Sie nicht Ihre Zeit. Rufen Sie uns an! <\/strong><\/h4>\n\n\n\n<p>Unsere technischen Spezialisten haben an Hunderten von Industrieprojekten gearbeitet. Ihr Fachwissen kann Ihnen unz\u00e4hlige Stunden ersparen und helfen, Probleme zu vermeiden. <\/p>\n\n\n    <section class=\"content-with-side-media section-spacing\">\n        <div class=\"container\">\n            <div class=\"text wysiwyg\">\n                                    <h5>Industriell<\/h5>\n<p>Unsere <a href=\"https:\/\/teguar.com\/eu\/de\/industrie-computer\/\">Computer in Industriequalit\u00e4t<\/a> wurden mit einem H\u00f6chstma\u00df an Langlebigkeit und Leistung entwickelt und sind in zahlreichen Formfaktoren, Bildschirmgr\u00f6\u00dfen und Konfigurationen erh\u00e4ltlich. Teguar kann Computer in Industriequalit\u00e4t f\u00fcr nahezu jede Anwendung und jeden Einsatzort anpassen. Wir bieten die neuesten CPUs und interne Hardware, um sicherzustellen, dass unsere Kunden erstklassige Leistung und Service erhalten.  <\/p>\n<ul class=\"no-icon\">\n<li><a class=\"\" href=\"https:\/\/teguar.com\/eu\/de\/marine-computer\/\">Marine-Computer<\/a><\/li>\n<li><a class=\"\" href=\"https:\/\/teguar.com\/eu\/de\/fahrzeug-und-gabelstapler-tablets\/\">Fahrzeug- und Gabelstapler-Tablets<\/a><\/li>\n<li><a class=\"\" href=\"https:\/\/teguar.com\/eu\/de\/computer-fuer-die-oeffentliche-sicherheit\/\">\u00d6ffentliche Sicherheitscomputer<\/a><\/li>\n<li><a class=\"\" href=\"https:\/\/teguar.com\/eu\/de\/computer-fuer-das-baugewerbe\/\">Computer f\u00fcr das Baugewerbe<\/a><\/li>\n<li><a class=\"\" href=\"https:\/\/teguar.com\/eu\/de\/computer-fuer-den-aussenbereich\/\">Computer f\u00fcr den Au\u00dfenbereich<\/a><\/li>\n<li><a class=\"\" href=\"https:\/\/teguar.com\/eu\/de\/steuerungssysteme-computer\/\">Steuerungssysteme Computer<\/a><\/li>\n<li><a class=\"\" href=\"https:\/\/teguar.com\/eu\/de\/computer-fuer-die-industrielle-automatisierung\/\">Computer f\u00fcr die industrielle Automatisierung<\/a><\/li>\n<li><a class=\"\" href=\"https:\/\/teguar.com\/eu\/de\/computer-fuer-die-lagerverwaltung\/\">Computer f\u00fcr die Lagerverwaltung<\/a><\/li>\n<li><a class=\"\" href=\"https:\/\/teguar.com\/eu\/de\/computer-fuer-die-landwirtschaft\/\">Computer f\u00fcr die Landwirtschaft<\/a><\/li>\n<li><a class=\"\" href=\"https:\/\/teguar.com\/eu\/de\/systemintegratoren-fuer-die-automatisierung\/\">Systemintegratoren f\u00fcr die Automatisierung<\/a><\/li>\n<li><a class=\"\" href=\"https:\/\/teguar.com\/eu\/de\/computer-und-tablets-fuer-reinraeume\/\">Computer und Tablets f\u00fcr Reinr\u00e4ume<\/a><\/li>\n<li><a class=\"\" href=\"https:\/\/teguar.com\/eu\/de\/tablets-fuer-den-aussendienst\/\">Tablets f\u00fcr den Au\u00dfendienst<\/a><\/li>\n<li><a class=\"\" href=\"https:\/\/teguar.com\/eu\/de\/computer-fuer-die-lebensmittelverarbeitung\/\">Computer f\u00fcr die Lebensmittelverarbeitung<\/a><\/li>\n<li><a class=\"\" href=\"https:\/\/teguar.com\/eu\/de\/iiot-computer-industrielles-internet-der-dinge\/\">IIoT-Computer (Industrielles Internet der Dinge)<\/a><\/li>\n<li><a class=\"\" href=\"https:\/\/teguar.com\/eu\/de\/fertigungs-computer\/\">Fertigungs-Computer<\/a><\/li>\n<li><a class=\"\" href=\"https:\/\/teguar.com\/eu\/de\/computer-fuer-militaer-und-luft-und-raumfahrt\/\">Computer f\u00fcr Milit\u00e4r und Luft- und Raumfahrt<\/a><\/li>\n<li><a class=\"\" href=\"https:\/\/teguar.com\/eu\/de\/pharmazeutische-computer\/\">Pharmazeutische Computer<\/a><\/li>\n<li><a class=\"\" href=\"https:\/\/teguar.com\/eu\/de\/scada-hmi-panel-pcs\/\">SCADA-HMI-Panel-PCs<\/a><\/li>\n<li><a class=\"\" href=\"https:\/\/teguar.com\/eu\/de\/computer-fuer-explosionsgefaehrdete-bereiche\/\">Computer f\u00fcr explosionsgef\u00e4hrdete Bereiche<\/a><\/li>\n<\/ul>\n                            <\/div>\n\n            <div class=\"media\">\n                <img loading=\"lazy\" decoding=\"async\" src=\"https:\/\/teguar.com\/eu\/wp-content\/uploads\/sites\/2\/2025\/06\/Manufacturing-Industrial-Computer-Use.jpg\" width=\"640\" height=\"524\" alt=\"Manufacturing Industrial Computer Use\" class=\"large lazy\" srcset=\"https:\/\/teguar.com\/eu\/wp-content\/uploads\/sites\/2\/2025\/06\/Manufacturing-Industrial-Computer-Use.jpg 689w, https:\/\/teguar.com\/eu\/wp-content\/uploads\/sites\/2\/2025\/06\/Manufacturing-Industrial-Computer-Use-300x246.jpg 300w, https:\/\/teguar.com\/eu\/wp-content\/uploads\/sites\/2\/2025\/06\/Manufacturing-Industrial-Computer-Use-183x150.jpg 183w, https:\/\/teguar.com\/eu\/wp-content\/uploads\/sites\/2\/2025\/06\/Manufacturing-Industrial-Computer-Use-164x134.jpg 164w, https:\/\/teguar.com\/eu\/wp-content\/uploads\/sites\/2\/2025\/06\/Manufacturing-Industrial-Computer-Use-600x491.jpg 600w\"loading=\"lazy\" \/>            <\/div>\n        <\/div>\n    <\/section>\n\n\n    <section class=\"content-with-side-media is-reversed section-spacing\">\n        <div class=\"container\">\n            <div class=\"text wysiwyg\">\n                                    <h5>Medizinisch<\/h5>\n<p>Teguar bietet eine Reihe von <a href=\"https:\/\/teguar.com\/eu\/de\/medizinische-computer\/\">zertifizierten medizinischen Computern<\/a> , um den Versorgungsstandard in allen medizinischen Einrichtungen zu verbessern. Unsere All-in-One-Touchscreen-PCs und medizinischen Tablet-PCs sind sowohl elektrisch als auch hygienisch sicher f\u00fcr Patienten und medizinisches Fachpersonal. Mit vollst\u00e4ndig b\u00fcndigen IP65-Touchscreens an der Vorderseite, MSRA-resistenten antibakteriellen Beschichtungen und UL-60601-Zertifizierung erm\u00f6glichen unsere medizinischen Computer Ihnen, sich mehr auf Ihre Patienten und weniger auf die Technologie zu konzentrieren.  <\/p>\n<ul class=\"no-icon\">\n<li><a class=\"\" href=\"https:\/\/teguar.com\/eu\/de\/tabletten-fuer-das-gesundheitswesen\/\">Tabletten f\u00fcr das Gesundheitswesen<\/a><\/li>\n<li><a class=\"\" href=\"https:\/\/teguar.com\/eu\/de\/computer-zur-patientenueberwachung\/\">Computer zur Patienten\u00fcberwachung<\/a><\/li>\n<li><a class=\"\" href=\"https:\/\/teguar.com\/eu\/de\/elektronische-krankenakten-computer\/\">Computer f\u00fcr elektronische Patientenakten<\/a><\/li>\n<li><a class=\"\" href=\"https:\/\/teguar.com\/eu\/de\/epic-konforme-medizinische-computer\/\">Epic-konforme medizinische Computer<\/a><\/li>\n<li><a class=\"\" href=\"https:\/\/teguar.com\/eu\/de\/computer-im-gesundheitswesen\/\">Computer im Gesundheitswesen<\/a><\/li>\n<li><a class=\"\" href=\"https:\/\/teguar.com\/eu\/de\/computer-und-monitore-fuer-den-operationssaal\/\">Computer f\u00fcr Operationss\u00e4le in Krankenh\u00e4usern<\/a><\/li>\n<li><a class=\"\" href=\"https:\/\/teguar.com\/eu\/de\/roentgenraum-roentgencomputer\/\">R\u00f6ntgenraum (R\u00f6ntgen) Computer<\/a><\/li>\n<li><a class=\"\" href=\"https:\/\/teguar.com\/eu\/de\/telemedizin-computer\/\">Telemedizin-Computer<\/a><\/li>\n<\/ul>\n                            <\/div>\n\n            <div class=\"media\">\n                <img loading=\"lazy\" decoding=\"async\" src=\"https:\/\/teguar.com\/eu\/wp-content\/uploads\/sites\/2\/2025\/06\/Medical-Touchscreen-PC-use.jpg\" width=\"640\" height=\"524\" alt=\"Medical Touchscreen PC use\" class=\"large lazy\" srcset=\"https:\/\/teguar.com\/eu\/wp-content\/uploads\/sites\/2\/2025\/06\/Medical-Touchscreen-PC-use.jpg 689w, https:\/\/teguar.com\/eu\/wp-content\/uploads\/sites\/2\/2025\/06\/Medical-Touchscreen-PC-use-300x246.jpg 300w, https:\/\/teguar.com\/eu\/wp-content\/uploads\/sites\/2\/2025\/06\/Medical-Touchscreen-PC-use-183x150.jpg 183w, https:\/\/teguar.com\/eu\/wp-content\/uploads\/sites\/2\/2025\/06\/Medical-Touchscreen-PC-use-164x134.jpg 164w, https:\/\/teguar.com\/eu\/wp-content\/uploads\/sites\/2\/2025\/06\/Medical-Touchscreen-PC-use-600x491.jpg 600w\"loading=\"lazy\" \/>            <\/div>\n        <\/div>\n    <\/section>\n\n\n    <section class=\"content-with-side-media section-spacing\">\n        <div class=\"container\">\n            <div class=\"text wysiwyg\">\n                                    <h5>Kommerziell<\/h5>\n<p>Kommerzielle Computer sind so konzipiert, dass sie den Leistungsanforderungen der breiten \u00d6ffentlichkeit standhalten und 24\/7-Funktionalit\u00e4t in Anwendungen mit hohem Datenverkehr bieten. Diese Computer sind so hergestellt, dass sie einer Vielzahl von Software- und Umwelteinfl\u00fcssen standhalten, wie z. B. schlechte oder intensive Beleuchtung, h\u00e4ufige Reinigungen, gro\u00dfe Temperaturschwankungen und hohe Ber\u00fchrungsfrequenzen. Teguar wei\u00df, dass Touchscreen-Computer oft das Vehikel sind, das wichtige Punkte des Kundenerlebnisses f\u00fcr Ihr Unternehmen liefert. Unser Team wird mit Ihnen zusammenarbeiten, um sicherzustellen, dass Sie \u00fcber die richtige Computerhardware verf\u00fcgen, um das Markenerlebnis zu schaffen, das Sie sich vorstellen.   <\/p>\n<ul class=\"no-icon\">\n<li><a class=\"\" href=\"https:\/\/teguar.com\/eu\/de\/ueberwachung-sicherheit-computer\/\">Sicherheits-Computer<\/a><\/li>\n<li><a class=\"\" href=\"https:\/\/teguar.com\/eu\/de\/interaktive-displays\/\">Interaktive Displays<\/a><\/li>\n<li><a class=\"\" href=\"https:\/\/teguar.com\/eu\/de\/digitale-beschilderung-fuer-den-aussenbereich\/\">Digitale Beschilderung f\u00fcr den Au\u00dfenbereich<\/a><\/li>\n<li><a class=\"\" href=\"https:\/\/teguar.com\/eu\/de\/computer-fuer-verkaufsstellen-pos\/\">POS-Computer<\/a><\/li>\n<\/ul>\n                            <\/div>\n\n            <div class=\"media\">\n                <img loading=\"lazy\" decoding=\"async\" src=\"https:\/\/teguar.com\/eu\/wp-content\/uploads\/sites\/2\/2025\/06\/Commercial-Computer-Use.jpg\" width=\"640\" height=\"524\" alt=\"Commercial Computer Use\" class=\"large lazy\" srcset=\"https:\/\/teguar.com\/eu\/wp-content\/uploads\/sites\/2\/2025\/06\/Commercial-Computer-Use.jpg 689w, https:\/\/teguar.com\/eu\/wp-content\/uploads\/sites\/2\/2025\/06\/Commercial-Computer-Use-300x246.jpg 300w, https:\/\/teguar.com\/eu\/wp-content\/uploads\/sites\/2\/2025\/06\/Commercial-Computer-Use-183x150.jpg 183w, https:\/\/teguar.com\/eu\/wp-content\/uploads\/sites\/2\/2025\/06\/Commercial-Computer-Use-164x134.jpg 164w, https:\/\/teguar.com\/eu\/wp-content\/uploads\/sites\/2\/2025\/06\/Commercial-Computer-Use-600x491.jpg 600w\"loading=\"lazy\" \/>            <\/div>\n        <\/div>\n    <\/section>\n\n\n\n<section class=\"round-cards section-spacing\">\n    <div class=\"container\">\n        <div class=\"top\">\n                            <h2>TEGUAR 360\u00ba<\/h2>\n            \n                            <p class=\"lead\">Von der Projektkonzeption bis zum langfristigen Support f\u00fcr Ihre Teguar-Computer. Teguar begleitet Sie von Anfang bis Ende.<\/p>\n                    <\/div>\n\n                    <div class=\"bottom\">\n                \n<a href=\"\/eu\/de\/kontaktieren-sie-uns\/\" class=\"card\">\n    <div class=\"media\">\n        <img decoding=\"async\" src=\"https:\/\/teguar.com\/eu\/wp-content\/uploads\/sites\/2\/2025\/06\/round-card-1.svg\" width=\"100\" height=\"100\" alt=\"\" class=\"full lazy\" loading=\"lazy\" \/><img decoding=\"async\" src=\"https:\/\/teguar.com\/eu\/wp-content\/uploads\/sites\/2\/2025\/06\/round-card-1-hover.svg\" width=\"100\" height=\"100\" alt=\"\" class=\"full lazy\" loading=\"lazy\" \/>    <\/div>\n\n            <p class=\"title\">Anfrage<\/p>\n    \n            <span class=\"button\">Schnellangebot anfordern<\/span>\n    <\/a>\n\n\n<a href=\"\/eu\/de\/oem-odm-kundenspezifische-design-dienstleistungen-fuer-industriecomputer\/\" class=\"card\">\n    <div class=\"media\">\n        <img decoding=\"async\" src=\"https:\/\/teguar.com\/eu\/wp-content\/uploads\/sites\/2\/2025\/06\/round-card-2.svg\" width=\"100\" height=\"100\" alt=\"\" class=\"full lazy\" loading=\"lazy\" \/><img decoding=\"async\" src=\"https:\/\/teguar.com\/eu\/wp-content\/uploads\/sites\/2\/2025\/06\/round-card-2-hover.svg\" width=\"100\" height=\"100\" alt=\"\" class=\"full lazy\" loading=\"lazy\" \/>    <\/div>\n\n            <p class=\"title\">Erhalten Sie eine ma\u00dfgeschneiderte Computersysteml\u00f6sung<\/p>\n    \n            <span class=\"button\">Design-Dienstleistungen<\/span>\n    <\/a>\n\n\n<a href=\"\/eu\/de\/unterstuetzen\/\" class=\"card\">\n    <div class=\"media\">\n        <img decoding=\"async\" src=\"https:\/\/teguar.com\/eu\/wp-content\/uploads\/sites\/2\/2025\/06\/round-card-3.svg\" width=\"100\" height=\"100\" alt=\"\" class=\"full lazy\" loading=\"lazy\" \/><img decoding=\"async\" src=\"https:\/\/teguar.com\/eu\/wp-content\/uploads\/sites\/2\/2025\/06\/round-card-3-hover.svg\" width=\"100\" height=\"100\" alt=\"\" class=\"full lazy\" loading=\"lazy\" \/>    <\/div>\n\n            <p class=\"title\">Holen Sie sich Hilfe von erfahrenen Servicetechnikern<\/p>\n    \n            <span class=\"button\">Support erhalten<\/span>\n    <\/a>\n\n            <\/div>\n            <\/div>\n<\/section>\n\n","protected":false},"excerpt":{"rendered":"<p>Computer f\u00fcr spezialisierte Endanwendungen Computer f\u00fcr den Massenmarkt sind f\u00fcr den pers\u00f6nlichen Gebrauch zu Hause oder im B\u00fcro bestimmt. Sie sind f\u00fcr den leichten bis mittleren Einsatz in einer sauberen und ruhigen Umgebung konzipiert. Teguar Computer sind anders. Sie sind ma\u00dfgeschneidert f\u00fcr so ziemlich jede Umgebung, die Sie sich au\u00dferhalb des B\u00fcros vorstellen k\u00f6nnen. \u00dcberall [&hellip;]<\/p>\n","protected":false},"author":3,"featured_media":0,"parent":0,"menu_order":0,"comment_status":"closed","ping_status":"closed","template":"templates\/template-content-page.php","meta":{"_acf_changed":false,"footnotes":""},"class_list":["post-2243278","page","type-page","status-publish","hentry"],"acf":[],"yoast_head":"<!-- This site is optimized with the Yoast SEO Premium plugin v26.8 (Yoast SEO v27.2) - https:\/\/yoast.com\/product\/yoast-seo-premium-wordpress\/ -->\n<title>Teguar Computeranwendungen: Industrie und Medizin<\/title>\n<meta name=\"description\" content=\"\u00dcberall dort, wo Sie einen robusten Computer ben\u00f6tigen, hat Teguar einen, der funktioniert. Lesen Sie hier mehr \u00fcber die vielf\u00e4ltigen Einsatzm\u00f6glichkeiten der Teguar Produkte.\" \/>\n<meta name=\"robots\" content=\"index, follow, max-snippet:-1, max-image-preview:large, max-video-preview:-1\" \/>\n<link rel=\"canonical\" href=\"https:\/\/teguar.com\/eu\/de\/produktanwendungen\/\" \/>\n<meta property=\"og:locale\" content=\"de_DE\" \/>\n<meta property=\"og:type\" content=\"article\" \/>\n<meta property=\"og:title\" content=\"Produktanwendungen\" \/>\n<meta property=\"og:description\" content=\"\u00dcberall dort, wo Sie einen robusten Computer ben\u00f6tigen, hat Teguar einen, der funktioniert. Lesen Sie hier mehr \u00fcber die vielf\u00e4ltigen Einsatzm\u00f6glichkeiten der Teguar Produkte.\" \/>\n<meta property=\"og:url\" content=\"https:\/\/teguar.com\/eu\/de\/produktanwendungen\/\" \/>\n<meta property=\"og:site_name\" content=\"Teguar\" \/>\n<meta property=\"article:modified_time\" content=\"2025-12-16T21:24:16+00:00\" \/>\n<meta name=\"twitter:card\" content=\"summary_large_image\" \/>\n<meta name=\"twitter:label1\" content=\"Gesch\u00e4tzte Lesezeit\" \/>\n\t<meta name=\"twitter:data1\" content=\"1\u00a0Minute\" \/>\n<script type=\"application\/ld+json\" class=\"yoast-schema-graph\">{\"@context\":\"https:\/\/schema.org\",\"@graph\":[{\"@type\":\"WebPage\",\"@id\":\"https:\/\/teguar.com\/eu\/de\/produktanwendungen\/\",\"url\":\"https:\/\/teguar.com\/eu\/de\/produktanwendungen\/\",\"name\":\"Teguar Computeranwendungen: Industrie und Medizin\",\"isPartOf\":{\"@id\":\"https:\/\/teguar.com\/eu\/en\/#website\"},\"datePublished\":\"2025-06-17T19:09:22+00:00\",\"dateModified\":\"2025-12-16T21:24:16+00:00\",\"description\":\"\u00dcberall dort, wo Sie einen robusten Computer ben\u00f6tigen, hat Teguar einen, der funktioniert. Lesen Sie hier mehr \u00fcber die vielf\u00e4ltigen Einsatzm\u00f6glichkeiten der Teguar Produkte.\",\"breadcrumb\":{\"@id\":\"https:\/\/teguar.com\/eu\/de\/produktanwendungen\/#breadcrumb\"},\"inLanguage\":\"de\",\"potentialAction\":[{\"@type\":\"ReadAction\",\"target\":[\"https:\/\/teguar.com\/eu\/de\/produktanwendungen\/\"]}]},{\"@type\":\"BreadcrumbList\",\"@id\":\"https:\/\/teguar.com\/eu\/de\/produktanwendungen\/#breadcrumb\",\"itemListElement\":[{\"@type\":\"ListItem\",\"position\":1,\"name\":\"Home\",\"item\":\"https:\/\/teguar.com\/eu\/de\/\"},{\"@type\":\"ListItem\",\"position\":2,\"name\":\"Produktanwendungen\"}]},{\"@type\":\"WebSite\",\"@id\":\"https:\/\/teguar.com\/eu\/en\/#website\",\"url\":\"https:\/\/teguar.com\/eu\/en\/\",\"name\":\"Teguar\",\"description\":\"Industrial PCs, Medical Computers, and Rugged Tablets\",\"potentialAction\":[{\"@type\":\"SearchAction\",\"target\":{\"@type\":\"EntryPoint\",\"urlTemplate\":\"https:\/\/teguar.com\/eu\/en\/?s={search_term_string}\"},\"query-input\":{\"@type\":\"PropertyValueSpecification\",\"valueRequired\":true,\"valueName\":\"search_term_string\"}}],\"inLanguage\":\"de\"}]}<\/script>\n<!-- \/ Yoast SEO Premium plugin. -->","yoast_head_json":{"title":"Teguar Computeranwendungen: Industrie und Medizin","description":"\u00dcberall dort, wo Sie einen robusten Computer ben\u00f6tigen, hat Teguar einen, der funktioniert. Lesen Sie hier mehr \u00fcber die vielf\u00e4ltigen Einsatzm\u00f6glichkeiten der Teguar Produkte.","robots":{"index":"index","follow":"follow","max-snippet":"max-snippet:-1","max-image-preview":"max-image-preview:large","max-video-preview":"max-video-preview:-1"},"canonical":"https:\/\/teguar.com\/eu\/de\/produktanwendungen\/","og_locale":"de_DE","og_type":"article","og_title":"Produktanwendungen","og_description":"\u00dcberall dort, wo Sie einen robusten Computer ben\u00f6tigen, hat Teguar einen, der funktioniert. Lesen Sie hier mehr \u00fcber die vielf\u00e4ltigen Einsatzm\u00f6glichkeiten der Teguar Produkte.","og_url":"https:\/\/teguar.com\/eu\/de\/produktanwendungen\/","og_site_name":"Teguar","article_modified_time":"2025-12-16T21:24:16+00:00","twitter_card":"summary_large_image","twitter_misc":{"Gesch\u00e4tzte Lesezeit":"1\u00a0Minute"},"schema":{"@context":"https:\/\/schema.org","@graph":[{"@type":"WebPage","@id":"https:\/\/teguar.com\/eu\/de\/produktanwendungen\/","url":"https:\/\/teguar.com\/eu\/de\/produktanwendungen\/","name":"Teguar Computeranwendungen: Industrie und Medizin","isPartOf":{"@id":"https:\/\/teguar.com\/eu\/en\/#website"},"datePublished":"2025-06-17T19:09:22+00:00","dateModified":"2025-12-16T21:24:16+00:00","description":"\u00dcberall dort, wo Sie einen robusten Computer ben\u00f6tigen, hat Teguar einen, der funktioniert. Lesen Sie hier mehr \u00fcber die vielf\u00e4ltigen Einsatzm\u00f6glichkeiten der Teguar Produkte.","breadcrumb":{"@id":"https:\/\/teguar.com\/eu\/de\/produktanwendungen\/#breadcrumb"},"inLanguage":"de","potentialAction":[{"@type":"ReadAction","target":["https:\/\/teguar.com\/eu\/de\/produktanwendungen\/"]}]},{"@type":"BreadcrumbList","@id":"https:\/\/teguar.com\/eu\/de\/produktanwendungen\/#breadcrumb","itemListElement":[{"@type":"ListItem","position":1,"name":"Home","item":"https:\/\/teguar.com\/eu\/de\/"},{"@type":"ListItem","position":2,"name":"Produktanwendungen"}]},{"@type":"WebSite","@id":"https:\/\/teguar.com\/eu\/en\/#website","url":"https:\/\/teguar.com\/eu\/en\/","name":"Teguar","description":"Industrial PCs, Medical Computers, and Rugged Tablets","potentialAction":[{"@type":"SearchAction","target":{"@type":"EntryPoint","urlTemplate":"https:\/\/teguar.com\/eu\/en\/?s={search_term_string}"},"query-input":{"@type":"PropertyValueSpecification","valueRequired":true,"valueName":"search_term_string"}}],"inLanguage":"de"}]}},"_links":{"self":[{"href":"https:\/\/teguar.com\/eu\/de\/wp-json\/wp\/v2\/pages\/2243278","targetHints":{"allow":["GET"]}}],"collection":[{"href":"https:\/\/teguar.com\/eu\/de\/wp-json\/wp\/v2\/pages"}],"about":[{"href":"https:\/\/teguar.com\/eu\/de\/wp-json\/wp\/v2\/types\/page"}],"author":[{"embeddable":true,"href":"https:\/\/teguar.com\/eu\/de\/wp-json\/wp\/v2\/users\/3"}],"replies":[{"embeddable":true,"href":"https:\/\/teguar.com\/eu\/de\/wp-json\/wp\/v2\/comments?post=2243278"}],"version-history":[{"count":4,"href":"https:\/\/teguar.com\/eu\/de\/wp-json\/wp\/v2\/pages\/2243278\/revisions"}],"predecessor-version":[{"id":2248270,"href":"https:\/\/teguar.com\/eu\/de\/wp-json\/wp\/v2\/pages\/2243278\/revisions\/2248270"}],"wp:attachment":[{"href":"https:\/\/teguar.com\/eu\/de\/wp-json\/wp\/v2\/media?parent=2243278"}],"curies":[{"name":"wp","href":"https:\/\/api.w.org\/{rel}","templated":true}]}}