{"id":2243262,"date":"2025-06-19T14:01:18","date_gmt":"2025-06-19T14:01:18","guid":{"rendered":"https:\/\/teguar.com\/eu\/garantie\/"},"modified":"2025-09-29T14:56:52","modified_gmt":"2025-09-29T14:56:52","slug":"garantie","status":"publish","type":"page","link":"https:\/\/teguar.com\/eu\/de\/garantie\/","title":{"rendered":"Garantie"},"content":{"rendered":"\n<h2 class=\"wp-block-heading\" id=\"h-teguar-computers-come-standard-with-a-24-month-warranty-nbsp\"><strong>Teguar Computer werden standardm\u00e4\u00dfig mit einer 24-monatigen Garantie geliefert.  <\/strong><\/h2>\n\n<p>Wir bieten auch eine Verl\u00e4ngerung unserer Produktgarantie zum Zeitpunkt des Verkaufs um bis zu 5 Jahre an.<\/p>\n\n<p>Die Garantie beginnt ab dem Zeitpunkt, an dem das Produkt von Teguar an Sie versandt wird. Sie m\u00fcssen die Quittung nicht registrieren oder aufbewahren, solange das Ger\u00e4t noch die Seriennummer hat, k\u00f6nnen wir die Garantiezeit und das Startdatum nachschlagen. <\/p>\n\n<p>Teguar m\u00f6chte Ihr bevorzugter Gesch\u00e4ftspartner sein. Wir helfen Ihnen gerne bei allen Arten von computerbezogenen Problemen, auf die Sie sto\u00dfen, \u00fcber unseren kostenlosen technischen Support. Wenn eine RMA erforderlich ist, wissen wir, wie wichtig es ist, Ihnen eine genaue und dauerhafte L\u00f6sung zu bieten und schnell wieder einsatzbereit zu sein.  <\/p>\n\n<p>Teguar f\u00fchrt praktische Reparaturen von Produkten in Charlotte, North Carolina, USA, durch. Wir halten eine gro\u00dfe Auswahl an Teilen f\u00fcr Reparaturen bereit, aber manchmal m\u00fcssen Teile bestellt werden, was zu Verz\u00f6gerungen bei Reparaturen f\u00fchren kann. <\/p>\n\n<h3 class=\"wp-block-heading\" id=\"h-teguar-warranty-includes\"><strong>Die Teguar Garantie umfasst:<\/strong><\/h3>\n\n<ul class=\"wp-block-list\">\n<li>Reparatur des Systems, einschlie\u00dflich Arbeit<\/li>\n\n\n\n<li>Komponenten, die ausgetauscht werden m\u00fcssen<\/li>\n\n\n\n<li>Falls erforderlich, Neuinstallation des urspr\u00fcnglichen Betriebssystems<\/li>\n\n\n\n<li>R\u00fccksendung an den Kunden<\/li>\n<\/ul>\n\n<h3 class=\"wp-block-heading\" id=\"h-events-not-covered-by-standard-warranty-include\"><strong>Zu den Ereignissen, die NICHT durch die Standardgarantie abgedeckt sind, geh\u00f6ren<\/strong>:<\/h3>\n\n<ul class=\"wp-block-list\">\n<li>Physischer Schaden<\/li>\n\n\n\n<li>Sch\u00e4den, die durch nicht autorisierte Reparaturen verursacht wurden<\/li>\n\n\n\n<li>Verwendung des Produkts au\u00dferhalb seiner zugelassenen Umgebung<\/li>\n\n\n\n<li>Exposition gegen\u00fcber direkter Sonneneinstrahlung, sofern nicht ausdr\u00fccklich genehmigt<\/li>\n\n\n\n<li>Eingehender Versand<\/li>\n\n\n\n<li>Software<\/li>\n<\/ul>\n\n<p>Um einen Garantieanspruch geltend zu machen, senden Sie bitte eine <strong><a href=\"https:\/\/teguar.com\/eu\/de\/unterstuetzen\/\">RMA-Anfrage auf der Support-Seite<\/a><a href=\"https:\/\/teguarcx.freshdesk.com\/support\/home\" target=\"_blank\" rel=\"noreferrer noopener\">.<\/a><\/strong><\/p>\n\n<p>Eine vollst\u00e4ndige Erl\u00e4uterung der Garantievorteile und -einschr\u00e4nkungen finden Sie in unseren<strong> <a href=\"https:\/\/teguar.com\/eu\/de\/bedingungen-und-konditionen\/\">Allgemeinen Gesch\u00e4ftsbedingungen<\/a><\/strong><\/p>\n","protected":false},"excerpt":{"rendered":"<p>Teguar Computer werden standardm\u00e4\u00dfig mit einer 24-monatigen Garantie geliefert. Wir bieten auch eine Verl\u00e4ngerung unserer Produktgarantie zum Zeitpunkt des Verkaufs um bis zu 5 Jahre an. Die Garantie beginnt ab dem Zeitpunkt, an dem das Produkt von Teguar an Sie versandt wird. Sie m\u00fcssen die Quittung nicht registrieren oder aufbewahren, solange das Ger\u00e4t noch die [&hellip;]<\/p>\n","protected":false},"author":3,"featured_media":0,"parent":0,"menu_order":0,"comment_status":"closed","ping_status":"closed","template":"templates\/template-content-page.php","meta":{"_acf_changed":false,"footnotes":""},"class_list":["post-2243262","page","type-page","status-publish","hentry"],"acf":[],"yoast_head":"<!-- This site is optimized with the Yoast SEO Premium plugin v26.8 (Yoast SEO v27.2) - https:\/\/yoast.com\/product\/yoast-seo-premium-wordpress\/ -->\n<title>Garantie - Teguar<\/title>\n<meta name=\"robots\" content=\"index, follow, max-snippet:-1, max-image-preview:large, max-video-preview:-1\" \/>\n<link rel=\"canonical\" href=\"https:\/\/teguar.com\/eu\/de\/garantie\/\" \/>\n<meta property=\"og:locale\" content=\"de_DE\" \/>\n<meta property=\"og:type\" content=\"article\" \/>\n<meta property=\"og:title\" content=\"Garantie\" \/>\n<meta property=\"og:description\" content=\"Teguar Computer werden standardm\u00e4\u00dfig mit einer 24-monatigen Garantie geliefert. Wir bieten auch eine Verl\u00e4ngerung unserer Produktgarantie zum Zeitpunkt des Verkaufs um bis zu 5 Jahre an. Die Garantie beginnt ab dem Zeitpunkt, an dem das Produkt von Teguar an Sie versandt wird. Sie m\u00fcssen die Quittung nicht registrieren oder aufbewahren, solange das Ger\u00e4t noch die [&hellip;]\" \/>\n<meta property=\"og:url\" content=\"https:\/\/teguar.com\/eu\/de\/garantie\/\" \/>\n<meta property=\"og:site_name\" content=\"Teguar\" \/>\n<meta property=\"article:modified_time\" content=\"2025-09-29T14:56:52+00:00\" \/>\n<meta name=\"twitter:card\" content=\"summary_large_image\" \/>\n<meta name=\"twitter:label1\" content=\"Gesch\u00e4tzte Lesezeit\" \/>\n\t<meta name=\"twitter:data1\" content=\"1\u00a0Minute\" \/>\n<script type=\"application\/ld+json\" class=\"yoast-schema-graph\">{\"@context\":\"https:\/\/schema.org\",\"@graph\":[{\"@type\":\"WebPage\",\"@id\":\"https:\/\/teguar.com\/eu\/de\/garantie\/\",\"url\":\"https:\/\/teguar.com\/eu\/de\/garantie\/\",\"name\":\"Garantie - Teguar\",\"isPartOf\":{\"@id\":\"https:\/\/teguar.com\/eu\/en\/#website\"},\"datePublished\":\"2025-06-19T14:01:18+00:00\",\"dateModified\":\"2025-09-29T14:56:52+00:00\",\"breadcrumb\":{\"@id\":\"https:\/\/teguar.com\/eu\/de\/garantie\/#breadcrumb\"},\"inLanguage\":\"de\",\"potentialAction\":[{\"@type\":\"ReadAction\",\"target\":[\"https:\/\/teguar.com\/eu\/de\/garantie\/\"]}]},{\"@type\":\"BreadcrumbList\",\"@id\":\"https:\/\/teguar.com\/eu\/de\/garantie\/#breadcrumb\",\"itemListElement\":[{\"@type\":\"ListItem\",\"position\":1,\"name\":\"Home\",\"item\":\"https:\/\/teguar.com\/eu\/de\/\"},{\"@type\":\"ListItem\",\"position\":2,\"name\":\"Garantie\"}]},{\"@type\":\"WebSite\",\"@id\":\"https:\/\/teguar.com\/eu\/en\/#website\",\"url\":\"https:\/\/teguar.com\/eu\/en\/\",\"name\":\"Teguar\",\"description\":\"Industrial PCs, Medical Computers, and Rugged Tablets\",\"potentialAction\":[{\"@type\":\"SearchAction\",\"target\":{\"@type\":\"EntryPoint\",\"urlTemplate\":\"https:\/\/teguar.com\/eu\/en\/?s={search_term_string}\"},\"query-input\":{\"@type\":\"PropertyValueSpecification\",\"valueRequired\":true,\"valueName\":\"search_term_string\"}}],\"inLanguage\":\"de\"}]}<\/script>\n<!-- \/ Yoast SEO Premium plugin. -->","yoast_head_json":{"title":"Garantie - Teguar","robots":{"index":"index","follow":"follow","max-snippet":"max-snippet:-1","max-image-preview":"max-image-preview:large","max-video-preview":"max-video-preview:-1"},"canonical":"https:\/\/teguar.com\/eu\/de\/garantie\/","og_locale":"de_DE","og_type":"article","og_title":"Garantie","og_description":"Teguar Computer werden standardm\u00e4\u00dfig mit einer 24-monatigen Garantie geliefert. Wir bieten auch eine Verl\u00e4ngerung unserer Produktgarantie zum Zeitpunkt des Verkaufs um bis zu 5 Jahre an. Die Garantie beginnt ab dem Zeitpunkt, an dem das Produkt von Teguar an Sie versandt wird. Sie m\u00fcssen die Quittung nicht registrieren oder aufbewahren, solange das Ger\u00e4t noch die [&hellip;]","og_url":"https:\/\/teguar.com\/eu\/de\/garantie\/","og_site_name":"Teguar","article_modified_time":"2025-09-29T14:56:52+00:00","twitter_card":"summary_large_image","twitter_misc":{"Gesch\u00e4tzte Lesezeit":"1\u00a0Minute"},"schema":{"@context":"https:\/\/schema.org","@graph":[{"@type":"WebPage","@id":"https:\/\/teguar.com\/eu\/de\/garantie\/","url":"https:\/\/teguar.com\/eu\/de\/garantie\/","name":"Garantie - Teguar","isPartOf":{"@id":"https:\/\/teguar.com\/eu\/en\/#website"},"datePublished":"2025-06-19T14:01:18+00:00","dateModified":"2025-09-29T14:56:52+00:00","breadcrumb":{"@id":"https:\/\/teguar.com\/eu\/de\/garantie\/#breadcrumb"},"inLanguage":"de","potentialAction":[{"@type":"ReadAction","target":["https:\/\/teguar.com\/eu\/de\/garantie\/"]}]},{"@type":"BreadcrumbList","@id":"https:\/\/teguar.com\/eu\/de\/garantie\/#breadcrumb","itemListElement":[{"@type":"ListItem","position":1,"name":"Home","item":"https:\/\/teguar.com\/eu\/de\/"},{"@type":"ListItem","position":2,"name":"Garantie"}]},{"@type":"WebSite","@id":"https:\/\/teguar.com\/eu\/en\/#website","url":"https:\/\/teguar.com\/eu\/en\/","name":"Teguar","description":"Industrial PCs, Medical Computers, and Rugged Tablets","potentialAction":[{"@type":"SearchAction","target":{"@type":"EntryPoint","urlTemplate":"https:\/\/teguar.com\/eu\/en\/?s={search_term_string}"},"query-input":{"@type":"PropertyValueSpecification","valueRequired":true,"valueName":"search_term_string"}}],"inLanguage":"de"}]}},"_links":{"self":[{"href":"https:\/\/teguar.com\/eu\/de\/wp-json\/wp\/v2\/pages\/2243262","targetHints":{"allow":["GET"]}}],"collection":[{"href":"https:\/\/teguar.com\/eu\/de\/wp-json\/wp\/v2\/pages"}],"about":[{"href":"https:\/\/teguar.com\/eu\/de\/wp-json\/wp\/v2\/types\/page"}],"author":[{"embeddable":true,"href":"https:\/\/teguar.com\/eu\/de\/wp-json\/wp\/v2\/users\/3"}],"replies":[{"embeddable":true,"href":"https:\/\/teguar.com\/eu\/de\/wp-json\/wp\/v2\/comments?post=2243262"}],"version-history":[{"count":1,"href":"https:\/\/teguar.com\/eu\/de\/wp-json\/wp\/v2\/pages\/2243262\/revisions"}],"predecessor-version":[{"id":2243263,"href":"https:\/\/teguar.com\/eu\/de\/wp-json\/wp\/v2\/pages\/2243262\/revisions\/2243263"}],"wp:attachment":[{"href":"https:\/\/teguar.com\/eu\/de\/wp-json\/wp\/v2\/media?parent=2243262"}],"curies":[{"name":"wp","href":"https:\/\/api.w.org\/{rel}","templated":true}]}}